{"id":15215,"date":"2021-08-04T14:58:29","date_gmt":"2021-08-04T11:58:29","guid":{"rendered":"https:\/\/sachviet.eu\/shop\/combo-phat-trien-tri-nao-som-cho-tre-0-2-tuoi-5-quyen\/"},"modified":"2022-11-12T20:23:32","modified_gmt":"2022-11-12T18:23:32","slug":"combo-phat-trien-tri-nao-som-cho-tre-0-2-tuoi-5-quyen","status":"publish","type":"product","link":"https:\/\/sachviet.eu\/en\/shop\/combo-phat-trien-tri-nao-som-cho-tre-0-2-tuoi-5-quyen\/","title":{"rendered":"Combo Ph\u00e1t Tri\u1ec3n Tr\u00ed N\u00e3o S\u1edbm Cho Tr\u1ebb 0 &#8211; 2 Tu\u1ed5i &#8211; 5 Quy\u1ec3n"},"content":{"rendered":"<p>Combo Ph\u00e1t Tri\u1ec3n Tr\u00ed N\u00e3o S\u1edbm Cho Tr\u1ebb 0 &#8211; 2 Tu\u1ed5i (5 Cu\u1ed1n)<\/p>\n<p>B\u1ed9 s\u00e1ch tranh t\u1eeb th\u01b0\u01a1ng hi\u1ec7u s\u00e1ch cho b\u00e9 h\u00e0ng \u0111\u1ea7u H\u00e0n Qu\u1ed1c, gi\u00fap b\u1ed1 m\u1eb9 kh\u01a1i d\u1ea1y ti\u1ec1m n\u0103ng t\u01b0 duy s\u00e1ng t\u1ea1o cho b\u00e9. B\u1ed9 s\u00e1ch d\u00e0nh cho tr\u1ebb l\u1ee9a tu\u1ed5i t\u1eeb 0-2 tu\u1ed5i. V\u1edbi ch\u1ea5t li\u1ec7u gi\u1ea5y b\u1ed3i Cartone &#8211; c\u1ee9ng ph\u00f9 h\u1ee3p v\u1edbi l\u1ee9a tu\u1ed5i t\u1eeb 2+ v\u1edbi \u0111\u1ed9 b\u1ec1n cao d\u01b0\u1edbi t\u00e1c \u0111\u1ed9ng m\u1ea1nh c\u1ee7a b\u00e9, c\u1ee1 ch\u1eef \u0111\u01b0\u1ee3c thi\u1ebft k\u1ebf to v\u00e0 \u0111\u1eadm n\u1ed5i b\u1eadt, b\u1eaft m\u1eaft ph\u00f9 h\u1ee3p v\u1edbi l\u1ee9a tu\u1ed5i m\u1eabu gi\u00e1o. Ngo\u00e0i ra h\u00ecnh \u1ea3nh s\u00e1ch sinh \u0111\u1ed9ng, n\u1ed9i dung c\u00f4 \u0111\u1ecdng ph\u00f9 h\u1ee3p v\u1edbi nh\u1eadn th\u1ee9c c\u1ee7a tr\u1ebb t\u1eeb 2+.<\/p>\n","protected":false},"excerpt":{"rendered":"<p>Combo Ph\u00e1t Tri\u1ec3n Tr\u00ed N\u00e3o S\u1edbm Cho Tr\u1ebb 0 &#8211; 2 Tu\u1ed5i (5 Cu\u1ed1n)<\/p>\n<p>B\u1ed9 s\u00e1ch tranh t\u1eeb th\u01b0\u01a1ng hi\u1ec7u s\u00e1ch cho b\u00e9 h\u00e0ng \u0111\u1ea7u H\u00e0n Qu\u1ed1c, gi\u00fap b\u1ed1 m\u1eb9 kh\u01a1i d\u1ea1y ti\u1ec1m n\u0103ng t\u01b0 duy s\u00e1ng t\u1ea1o cho b\u00e9. B\u1ed9 s\u00e1ch d\u00e0nh cho tr\u1ebb l\u1ee9a tu\u1ed5i t\u1eeb 0-2 tu\u1ed5i. V\u1edbi ch\u1ea5t li\u1ec7u gi\u1ea5y b\u1ed3i Cartone &#8211; c\u1ee9ng ph\u00f9 h\u1ee3p v\u1edbi l\u1ee9a tu\u1ed5i t\u1eeb 2+ v\u1edbi \u0111\u1ed9 b\u1ec1n cao d\u01b0\u1edbi t\u00e1c \u0111\u1ed9ng m\u1ea1nh c\u1ee7a b\u00e9, c\u1ee1 ch\u1eef \u0111\u01b0\u1ee3c thi\u1ebft k\u1ebf to v\u00e0 \u0111\u1eadm n\u1ed5i b\u1eadt, b\u1eaft m\u1eaft ph\u00f9 h\u1ee3p v\u1edbi l\u1ee9a tu\u1ed5i m\u1eabu gi\u00e1o. Ngo\u00e0i ra h\u00ecnh \u1ea3nh s\u00e1ch sinh \u0111\u1ed9ng, n\u1ed9i dung c\u00f4 \u0111\u1ecdng ph\u00f9 h\u1ee3p v\u1edbi nh\u1eadn th\u1ee9c c\u1ee7a tr\u1ebb t\u1eeb 2+.<\/p>\n","protected":false},"featured_media":15209,"template":"","meta":{"_acf_changed":false},"product_brand":[],"product_cat":[24,25,17],"product_tag":[],"class_list":{"0":"post-15215","1":"product","2":"type-product","3":"status-publish","4":"has-post-thumbnail","6":"product_cat-nha-tre-mau-giao-0-tuoi-6-tuoi","7":"product_cat-nhi-dong-6-tuoi-12-tuoi","8":"product_cat-sach-danh-cho-cac-be","10":"first","11":"outofstock","12":"taxable","13":"shipping-taxable","14":"purchasable","15":"product-type-simple"},"supplier_id":null,"supplier_sku":"","barcode":null,"atum_controlled":true,"out_stock_date":"2022-11-12 18:23:32","out_stock_threshold":null,"inheritable":false,"inbound_stock":0,"stock_on_hold":0,"sold_today":0,"sales_last_days":0,"reserved_stock":0,"customer_returns":0,"warehouse_damage":0,"lost_in_post":0,"other_logs":0,"out_stock_days":1173,"lost_sales":0,"has_location":false,"update_date":"2026-01-28T23:10:56","atum_locations":[],"atum_stock_status":"outofstock","restock_status":false,"low_stock_amount":"","sales_update_date":"2026-01-28T23:10:56","calc_backorders":null,"acf":{"publisher":{"ID":11574,"post_author":"1","post_date":"2021-06-03 02:13:43","post_date_gmt":"2021-06-02 23:13:43","post_content":"","post_title":"M\u0129 Thu\u1eadt v\u00e0 Truy\u1ec1n Th\u00f4ng","post_excerpt":"","post_status":"publish","comment_status":"closed","ping_status":"closed","post_password":"","post_name":"mi-thuat-va-truyen-thong","to_ping":"","pinged":"","post_modified":"2021-06-03 02:13:43","post_modified_gmt":"2021-06-02 23:13:43","post_content_filtered":"","post_parent":0,"guid":"https:\/\/sachviet.eu\/nha-phat-hanh\/mi-thuat-va-truyen-thong\/","menu_order":0,"post_type":"publisher","post_mime_type":"","comment_count":"0","filter":"raw"}},"_links":{"self":[{"href":"https:\/\/sachviet.eu\/en\/wp-json\/wp\/v2\/product\/15215","targetHints":{"allow":["GET"]}}],"collection":[{"href":"https:\/\/sachviet.eu\/en\/wp-json\/wp\/v2\/product"}],"about":[{"href":"https:\/\/sachviet.eu\/en\/wp-json\/wp\/v2\/types\/product"}],"wp:featuredmedia":[{"embeddable":true,"href":"https:\/\/sachviet.eu\/en\/wp-json\/wp\/v2\/media\/15209"}],"wp:attachment":[{"href":"https:\/\/sachviet.eu\/en\/wp-json\/wp\/v2\/media?parent=15215"}],"wp:term":[{"taxonomy":"product_brand","embeddable":true,"href":"https:\/\/sachviet.eu\/en\/wp-json\/wp\/v2\/product_brand?post=15215"},{"taxonomy":"product_cat","embeddable":true,"href":"https:\/\/sachviet.eu\/en\/wp-json\/wp\/v2\/product_cat?post=15215"},{"taxonomy":"product_tag","embeddable":true,"href":"https:\/\/sachviet.eu\/en\/wp-json\/wp\/v2\/product_tag?post=15215"}],"curies":[{"name":"wp","href":"https:\/\/api.w.org\/{rel}","templated":true}]}}