{"id":15208,"date":"2021-08-04T14:58:09","date_gmt":"2021-08-04T11:58:09","guid":{"rendered":"https:\/\/sachviet.eu\/shop\/combo-nhung-loi-yeu-thuong-7-quyen\/"},"modified":"2024-02-21T13:39:41","modified_gmt":"2024-02-21T11:39:41","slug":"combo-nhung-loi-yeu-thuong-7-quyen","status":"publish","type":"product","link":"https:\/\/sachviet.eu\/en\/shop\/combo-nhung-loi-yeu-thuong-7-quyen\/","title":{"rendered":"Combo Nh\u1eefng L\u1eddi Y\u00eau Th\u01b0\u01a1ng &#8211; 7 Quy\u1ec3n"},"content":{"rendered":"<p>Th\u00f3i quen c\u1ee7a m\u1ed7i lo\u00e0i \u0111\u1ed9ng v\u1eadt th\u01b0\u1eddng kh\u00f4ng gi\u1ed1ng nhau. M\u1eb9 h\u00e3y c\u00f9ng b\u00e9 \u0111\u1ecdc cu\u1ed1n s\u00e1ch n\u00e0y \u0111\u1ec3 gi\u00fap b\u00e9 hi\u1ec3u th\u00eam v\u1ec1 \u0111\u1eb7c \u0111i\u1ec3m c\u1ee7a c\u00e1c lo\u00e0i c\u00f4n tr\u00f9ng c\u0169ng nh\u01b0 nh\u1eefng c\u1ea3m x\u00fac c\u1ee7a m\u1ecdi ng\u01b0\u1eddi nh\u00e9!<\/p>\n<p>C\u00e2u chuy\u1ec7n k\u1ec3 v\u1ec1 b\u00e9 N\u1ea5m k\u1ebft b\u1ea1n v\u00e0 d\u1ea7n tr\u1edf n\u00ean th\u00e2n thi\u1ebft v\u1edbi nh\u1eefng con v\u1eadt d\u1ec5 th\u01b0\u01a1ng. Ba m\u1eb9 h\u00e3y d\u1ea1y b\u00e9 lu\u00f4n chan h\u00f2a, vui v\u1ebb v\u1edbi b\u1ea1n b\u00e8 nh\u00e9!<\/p>\n<p>M\u1ed7i lo\u00e0i v\u1eadt c\u00f3 h\u00ecnh h\u00e0i, th\u1ee9c \u0103n v\u00e0 d\u1ea5u ch\u00e2n kh\u00e1c nhau!<\/p>\n<p>M\u1eb9 h\u00e3y c\u00f9ng b\u00e9 quan s\u00e1t, ph\u00e2n bi\u1ec7t d\u1ea5u ch\u00e2n c\u1ee7a t\u1eebng lo\u00e0i v\u1eadt, t\u1eeb \u0111\u00f3 h\u00ecnh th\u00e0nh v\u00e0 nu\u00f4i d\u01b0\u1ee1ng th\u00f3i quen t\u00ecm hi\u1ec3u, kh\u00e1m ph\u00e1 t\u1ef1 nhi\u00ean c\u1ee7a b\u00e9 nh\u00e9!<\/p>\n<p>Qua cu\u1ed9c thi \u0111\u00e1nh tr\u1ed1ng c\u1ee7a c\u00e1c lo\u00e0i v\u1eadt trong khu r\u1eebng nh\u1ecf, m\u1eb9 h\u00e3y d\u1ea1y b\u00e9 t\u1eadp \u0111\u00e1nh v\u1ea7n t\u00ean c\u00e1c lo\u00e0i v\u1eadt quen thu\u1ed9c v\u00e0 l\u00e0m quen v\u1edbi nh\u1ecbp \u0111i\u1ec7u, ti\u1ebft t\u1ea5u \u00e2m nh\u1ea1c theo c\u00e1c c\u00e1ch g\u00f5 tr\u1ed1ng kh\u00e1c nhau nh\u00e9!<\/p>\n<p>Qua h\u00ecnh \u1ea3nh b\u1ea1n chim c\u00e1nh c\u1ee5t nh\u1ecf xinh v\u00e0 b\u1ea1n g\u00e0 nh\u00e9p \u0111\u00f9a vui b\u00ean m\u1eb9, cu\u1ed1n s\u00e1ch s\u1ebd gi\u00fap m\u1eb9 v\u00e0 b\u00e9 th\u00eam g\u1eafn k\u1ebft, gi\u00fap b\u1ea1n \u0111\u1ecdc c\u1ea3m nh\u1eadn t\u00ecnh m\u1eabu t\u1eed thi\u00eang li\u00eang. M\u1eb9 h\u00e3y v\u1eeba \u00f4m b\u00e9 v\u00e0o l\u00f2ng v\u1eeba k\u1ec3 nh\u1eefng c\u00e2u chuy\u1ec7n ng\u1ecdt ng\u00e0o ch\u1ee9a chan t\u00ecnh y\u00eau th\u01b0\u01a1ng cho b\u00e9 nh\u00e9!<\/p>\n<p>V\u1edbi nh\u1eefng tr\u1ebb \u1edf giai \u0111o\u1ea1n t\u1eadp n\u00f3i, vi\u1ec7c t\u1eadp l\u00e0m quen nh\u1eefng t\u1eeb ch\u1ec9 c\u1ea3m x\u00fac nh\u01b0 th\u00edch th\u00fa, vui m\u1eebng, bu\u1ed3n b\u00e3\u2026 l\u00e0 v\u00f4 c\u00f9ng quan tr\u1ecdng. V\u00ec v\u1eady, b\u1ed1 m\u1eb9 h\u00e3y t\u1eadp cho b\u00e9 n\u00f3i nh\u1eefng t\u1eeb \u0111\u01a1n gi\u1ea3n nh\u01b0 vui, bu\u1ed3n, y\u00eau, gh\u00e9t\u2026 v\u00e0 khuy\u1ebfn kh\u00edch b\u00e9 b\u00e0y t\u1ecf c\u1ea3m x\u00fac c\u1ee7a m\u00ecnh nh\u00e9!<\/p>\n<p>B\u1ed1 \u0111i l\u00e0m v\u1ec1 m\u1ec7t \u01a1i l\u00e0 m\u1ec7t nh\u01b0ng v\u1eabn tr\u00ecu m\u1ebfn b\u1ebf \u1eb5m con y\u00eau v\u00e0 nh\u1eefng ng\u01b0\u1eddi b\u1ea1n d\u1ec5 th\u01b0\u01a1ng c\u1ee7a b\u00e9. \u1ed0i, n\u1eb7ng qu\u00e1, b\u1ed1 ng\u00e3 l\u0103n \u201ck\u1ec1nh\u201d r\u1ed3i. Ti\u1ebfng c\u01b0\u1eddi r\u1ed9n r\u00e0ng vang kh\u1eafp c\u0103n nh\u00e0 \u1ea5m c\u00fang. Ch\u00fang m\u00ecnh c\u00f9ng \u0111\u1ecdc v\u00e0 c\u1ea3m nh\u1eadn t\u00ecnh y\u00eau c\u1ee7a b\u1ed1 n\u00e0o!<\/p>\n","protected":false},"excerpt":{"rendered":"<p>Th\u00f3i quen c\u1ee7a m\u1ed7i lo\u00e0i \u0111\u1ed9ng v\u1eadt th\u01b0\u1eddng kh\u00f4ng gi\u1ed1ng nhau. M\u1eb9 h\u00e3y c\u00f9ng b\u00e9 \u0111\u1ecdc cu\u1ed1n s\u00e1ch n\u00e0y \u0111\u1ec3 gi\u00fap b\u00e9 hi\u1ec3u th\u00eam v\u1ec1 \u0111\u1eb7c \u0111i\u1ec3m c\u1ee7a c\u00e1c lo\u00e0i c\u00f4n tr\u00f9ng c\u0169ng nh\u01b0 nh\u1eefng c\u1ea3m x\u00fac c\u1ee7a m\u1ecdi ng\u01b0\u1eddi nh\u00e9!<\/p>\n<p>C\u00e2u chuy\u1ec7n k\u1ec3 v\u1ec1 b\u00e9 N\u1ea5m k\u1ebft b\u1ea1n v\u00e0 d\u1ea7n tr\u1edf n\u00ean th\u00e2n thi\u1ebft v\u1edbi nh\u1eefng con v\u1eadt d\u1ec5 th\u01b0\u01a1ng. Ba m\u1eb9 h\u00e3y d\u1ea1y b\u00e9 lu\u00f4n chan h\u00f2a, vui v\u1ebb v\u1edbi b\u1ea1n b\u00e8 nh\u00e9!<\/p>\n<p>M\u1ed7i lo\u00e0i v\u1eadt c\u00f3 h\u00ecnh h\u00e0i, th\u1ee9c \u0103n v\u00e0 d\u1ea5u ch\u00e2n kh\u00e1c nhau!<\/p>\n<p>M\u1eb9 h\u00e3y c\u00f9ng b\u00e9 quan s\u00e1t, ph\u00e2n bi\u1ec7t d\u1ea5u ch\u00e2n c\u1ee7a t\u1eebng lo\u00e0i v\u1eadt, t\u1eeb \u0111\u00f3 h\u00ecnh th\u00e0nh v\u00e0 nu\u00f4i d\u01b0\u1ee1ng th\u00f3i quen t\u00ecm hi\u1ec3u, kh\u00e1m ph\u00e1 t\u1ef1 nhi\u00ean c\u1ee7a b\u00e9 nh\u00e9!<\/p>\n<p>Qua cu\u1ed9c thi \u0111\u00e1nh tr\u1ed1ng c\u1ee7a c\u00e1c lo\u00e0i v\u1eadt trong khu r\u1eebng nh\u1ecf, m\u1eb9 h\u00e3y d\u1ea1y b\u00e9 t\u1eadp \u0111\u00e1nh v\u1ea7n t\u00ean c\u00e1c lo\u00e0i v\u1eadt quen thu\u1ed9c v\u00e0 l\u00e0m quen v\u1edbi nh\u1ecbp \u0111i\u1ec7u, ti\u1ebft t\u1ea5u \u00e2m nh\u1ea1c theo c\u00e1c c\u00e1ch g\u00f5 tr\u1ed1ng kh\u00e1c nhau nh\u00e9!<\/p>\n<p>Qua h\u00ecnh \u1ea3nh b\u1ea1n chim c\u00e1nh c\u1ee5t nh\u1ecf xinh v\u00e0 b\u1ea1n g\u00e0 nh\u00e9p \u0111\u00f9a vui b\u00ean m\u1eb9, cu\u1ed1n s\u00e1ch s\u1ebd gi\u00fap m\u1eb9 v\u00e0 b\u00e9 th\u00eam g\u1eafn k\u1ebft, gi\u00fap b\u1ea1n \u0111\u1ecdc c\u1ea3m nh\u1eadn t\u00ecnh m\u1eabu t\u1eed thi\u00eang li\u00eang. M\u1eb9 h\u00e3y v\u1eeba \u00f4m b\u00e9 v\u00e0o l\u00f2ng v\u1eeba k\u1ec3 nh\u1eefng c\u00e2u chuy\u1ec7n ng\u1ecdt ng\u00e0o ch\u1ee9a chan t\u00ecnh y\u00eau th\u01b0\u01a1ng cho b\u00e9 nh\u00e9!<\/p>\n<p>V\u1edbi nh\u1eefng tr\u1ebb \u1edf giai \u0111o\u1ea1n t\u1eadp n\u00f3i, vi\u1ec7c t\u1eadp l\u00e0m quen nh\u1eefng t\u1eeb ch\u1ec9 c\u1ea3m x\u00fac nh\u01b0 th\u00edch th\u00fa, vui m\u1eebng, bu\u1ed3n b\u00e3\u2026 l\u00e0 v\u00f4 c\u00f9ng quan tr\u1ecdng. V\u00ec v\u1eady, b\u1ed1 m\u1eb9 h\u00e3y t\u1eadp cho b\u00e9 n\u00f3i nh\u1eefng t\u1eeb \u0111\u01a1n gi\u1ea3n nh\u01b0 vui, bu\u1ed3n, y\u00eau, gh\u00e9t\u2026 v\u00e0 khuy\u1ebfn kh\u00edch b\u00e9 b\u00e0y t\u1ecf c\u1ea3m x\u00fac c\u1ee7a m\u00ecnh nh\u00e9!<\/p>\n<p>B\u1ed1 \u0111i l\u00e0m v\u1ec1 m\u1ec7t \u01a1i l\u00e0 m\u1ec7t nh\u01b0ng v\u1eabn tr\u00ecu m\u1ebfn b\u1ebf \u1eb5m con y\u00eau v\u00e0 nh\u1eefng ng\u01b0\u1eddi b\u1ea1n d\u1ec5 th\u01b0\u01a1ng c\u1ee7a b\u00e9. \u1ed0i, n\u1eb7ng qu\u00e1, b\u1ed1 ng\u00e3 l\u0103n \u201ck\u1ec1nh\u201d r\u1ed3i. Ti\u1ebfng c\u01b0\u1eddi r\u1ed9n r\u00e0ng vang kh\u1eafp c\u0103n nh\u00e0 \u1ea5m c\u00fang. Ch\u00fang m\u00ecnh c\u00f9ng \u0111\u1ecdc v\u00e0 c\u1ea3m nh\u1eadn t\u00ecnh y\u00eau c\u1ee7a b\u1ed1 n\u00e0o!<\/p>\n","protected":false},"featured_media":15200,"template":"","meta":{"_acf_changed":false},"product_brand":[],"product_cat":[24,25,17],"product_tag":[],"class_list":{"0":"post-15208","1":"product","2":"type-product","3":"status-publish","4":"has-post-thumbnail","6":"product_cat-nha-tre-mau-giao-0-tuoi-6-tuoi","7":"product_cat-nhi-dong-6-tuoi-12-tuoi","8":"product_cat-sach-danh-cho-cac-be","10":"first","11":"outofstock","12":"taxable","13":"shipping-taxable","14":"purchasable","15":"product-type-simple"},"supplier_id":null,"supplier_sku":"","barcode":null,"atum_controlled":true,"out_stock_date":"2024-02-21 11:39:41","out_stock_threshold":null,"inheritable":false,"inbound_stock":0,"stock_on_hold":0,"sold_today":0,"sales_last_days":0,"reserved_stock":0,"customer_returns":0,"warehouse_damage":0,"lost_in_post":0,"other_logs":0,"out_stock_days":707,"lost_sales":0,"has_location":false,"update_date":"2026-01-28T23:10:56","atum_locations":[],"atum_stock_status":"outofstock","restock_status":false,"low_stock_amount":"","sales_update_date":"2026-01-28T23:10:56","calc_backorders":null,"acf":{"publisher":{"ID":11574,"post_author":"1","post_date":"2021-06-03 02:13:43","post_date_gmt":"2021-06-02 23:13:43","post_content":"","post_title":"M\u0129 Thu\u1eadt v\u00e0 Truy\u1ec1n Th\u00f4ng","post_excerpt":"","post_status":"publish","comment_status":"closed","ping_status":"closed","post_password":"","post_name":"mi-thuat-va-truyen-thong","to_ping":"","pinged":"","post_modified":"2021-06-03 02:13:43","post_modified_gmt":"2021-06-02 23:13:43","post_content_filtered":"","post_parent":0,"guid":"https:\/\/sachviet.eu\/nha-phat-hanh\/mi-thuat-va-truyen-thong\/","menu_order":0,"post_type":"publisher","post_mime_type":"","comment_count":"0","filter":"raw"}},"_links":{"self":[{"href":"https:\/\/sachviet.eu\/en\/wp-json\/wp\/v2\/product\/15208","targetHints":{"allow":["GET"]}}],"collection":[{"href":"https:\/\/sachviet.eu\/en\/wp-json\/wp\/v2\/product"}],"about":[{"href":"https:\/\/sachviet.eu\/en\/wp-json\/wp\/v2\/types\/product"}],"wp:featuredmedia":[{"embeddable":true,"href":"https:\/\/sachviet.eu\/en\/wp-json\/wp\/v2\/media\/15200"}],"wp:attachment":[{"href":"https:\/\/sachviet.eu\/en\/wp-json\/wp\/v2\/media?parent=15208"}],"wp:term":[{"taxonomy":"product_brand","embeddable":true,"href":"https:\/\/sachviet.eu\/en\/wp-json\/wp\/v2\/product_brand?post=15208"},{"taxonomy":"product_cat","embeddable":true,"href":"https:\/\/sachviet.eu\/en\/wp-json\/wp\/v2\/product_cat?post=15208"},{"taxonomy":"product_tag","embeddable":true,"href":"https:\/\/sachviet.eu\/en\/wp-json\/wp\/v2\/product_tag?post=15208"}],"curies":[{"name":"wp","href":"https:\/\/api.w.org\/{rel}","templated":true}]}}