{"id":15199,"date":"2021-08-04T14:57:41","date_gmt":"2021-08-04T11:57:41","guid":{"rendered":"https:\/\/sachviet.eu\/shop\/quai-dam-chuyen-yeu-quai-va-di-trung-nhat-ban\/"},"modified":"2022-03-30T17:42:10","modified_gmt":"2022-03-30T14:42:10","slug":"quai-dam-chuyen-yeu-quai-va-di-trung-nhat-ban","status":"publish","type":"product","link":"https:\/\/sachviet.eu\/en\/shop\/quai-dam-chuyen-yeu-quai-va-di-trung-nhat-ban\/","title":{"rendered":"QU\u00c1I \u0110\u00c0M &#8211; Chuy\u1ec7n Y\u00eau Qu\u00e1i V\u00e0 D\u1ecb Tr\u00f9ng Nh\u1eadt B\u1ea3n"},"content":{"rendered":"<p>\u1ede Nh\u1eadt, kem \u0111\u00e1, c\u00e1 v\u00e0ng, chu\u00f4ng gi\u00f3, ph\u00e1o hoa v\u00e0 l\u1ec5 h\u1ed9i c\u00e1c x\u1ee9 l\u00e0 nh\u1eefng th\u1ee9 c\u00f3 t\u00ednh \u0111\u1eb7c tr\u01b0ng c\u1ee7a m\u00f9a h\u00e8, \u0111em m\u00e1t l\u00e0nh v\u00e0 th\u01a1 m\u1ed9ng \u0111\u1ebfn l\u00e0m d\u1ecbu kh\u00f4ng kh\u00ed oi n\u1ed3ng. Nh\u01b0ng ngo\u00e0i nh\u1eefng th\u1ee9 nghe r\u1ea5t tao nh\u00e3 \u1ea5y ra, Nh\u1eadt B\u1ea3n c\u00f2n m\u1ed9t c\u00e1ch l\u00e0m m\u00e1t truy\u1ec1n th\u1ed1ng, \u0111\u00f3 l\u00e0 truy\u1ec7n ma qu\u00e1i.<\/p>\n<p>Truy\u1ec7n ma qu\u00e1i \u0111\u01b0\u1ee3c l\u1ed3ng v\u00e0o r\u1ea5t nhi\u1ec1u h\u00ecnh th\u1ee9c sinh ho\u1ea1t h\u00e8, nh\u01b0 k\u1ecbch kabuki, t\u1ea5u n\u00f3i rakugo, tr\u00f2 ch\u01a1i g\u1ecdi ma b\u00e1ch v\u1eadt ng\u1eef. V\u00e0 \u0111\u01a1n gi\u1ea3n nh\u1ea5t, l\u00e0 ng\u1ed3i qu\u00e2y qu\u1ea7n v\u1edbi nhau, m\u1ed7i ng\u01b0\u1eddi k\u1ec3 m\u1ed9t c\u00e2u chuy\u1ec7n th\u1eadt r\u00f9ng r\u1ee3n, sao cho s\u1ed1ng l\u01b0ng l\u1ea1nh to\u00e1t, m\u1ed3 h\u00f4i d\u1ea7m d\u1ec1, c\u1ee9 t\u1ef1 l\u00e0m m\u00e1t nh\u01b0 th\u1ebf \u0111\u1ebfn khuya, ti\u1ebft tr\u1eddi d\u1ecbu \u0111i l\u00e0 c\u00f3 th\u1ec3 ng\u1ee7 \u0111\u01b0\u1ee3c.<\/p>\n<p>Ma qu\u00e1i \u1edf Nh\u1eadt kh\u00f4ng ch\u1ec9 c\u00f3 linh h\u1ed3n ng\u01b0\u1eddi ch\u1ebft, m\u00e0 c\u00f2n \u0111\u1ed3 v\u1eadt-th\u1ef1c v\u1eadt-hi\u1ec7n t\u01b0\u1ee3ng t\u1ef1 nhi\u00ean th\u00e0nh tinh, l\u1ea3ng v\u1ea3ng \u1edf nh\u00e2n gian v\u1edbi t\u00e2m t\u01b0 m\u1ee5c \u0111\u00edch v\u00f4 c\u00f9ng \u0111a d\u1ea1ng, b\u00e0y ra nh\u1eefng tr\u00f2 r\u1ea5t \u0111\u1ed7i ly k\u00ec. T\u1ea5t c\u1ea3 nh\u1eefng truy\u1ec7n nh\u01b0 th\u1ebf \u0111\u01b0\u1ee3c x\u1ebfp v\u00e0o m\u1ed9t th\u1ec3 lo\u1ea1i, g\u1ecdi l\u00e0 QU\u00c1I \u0110\u00c0M (chuy\u1ec7n v\u1ec1 ma qu\u00e1i ho\u1eb7c s\u1ef1 l\u1ea1).<\/p>\n<p>Nh\u1edd nh\u1eefng ho\u1ea1t \u0111\u1ed9ng m\u00f9a h\u00e8 \u1ea5y, v\u00e0 nh\u1edd c\u1ea3 nh\u1eefng b\u1ea3n ch\u00e9p tay qu\u00fd b\u00e1u c\u1ee7a c\u00e1c t\u00e1c gi\u1ea3 d\u00e2n gian, kho t\u00e0ng qu\u00e1i \u0111\u00e0m Nh\u1eadt B\u1ea3n \u0111\u01b0\u1ee3c l\u1eb7ng l\u1ebd l\u01b0u truy\u1ec1n qua nhi\u1ec1u th\u1ebf h\u1ec7. Nh\u01b0ng c\u0169ng trong r\u1ea5t nhi\u1ec1u th\u1ebf h\u1ec7, ch\u00fang ch\u1ec9 \u0111i loanh quanh \u1edf c\u00e1c th\u00e0nh tr\u1ea5n th\u00f4n l\u00e0ng tr\u00ean \u0111\u1ea3o qu\u1ed1c n\u00e0y.<\/p>\n<p>Ph\u1ea3i b\u01b0\u1edbc sang th\u1ebf k\u1ec9 20, kho t\u00e0ng \u1ea5y m\u1edbi l\u1ea7n \u0111\u1ea7u ph\u00e1t s\u00e1ng ra ngo\u00e0i bi\u00ean gi\u1edbi, r\u1ecdi sang ch\u00e2u \u00c2u ch\u00e2u M\u1ef9, nh\u1edd c\u00f4ng s\u1ee9c c\u1ee7a m\u1ed9t t\u00e1c gi\u1ea3 ph\u01b0\u01a1ng T\u00e2y l\u00e0 Lafcadio Hearn.<\/p>\n<p>\u00d4ng \u0111\u00e3 l\u1eafng nghe bao truy\u1ec7n x\u01b0a t\u00edch c\u0169 tr\u00ean kh\u1eafp \u0111\u1ea5t Nh\u1eadt, ch\u1eaft l\u1ecdc nh\u1eefng \u0111i\u1ec3n l\u1ea1 l\u00f9ng n\u1ed5i ti\u1ebfng nh\u1ea5t v\u00e0 ti\u1ebfn h\u00e0nh nhu\u1eadn s\u1eafc, t\u00e1i hi\u1ec7n tr\u00ean gi\u1ea5y b\u1eb1ng nh\u1eefng ki\u1ebfn gi\u1ea3i v\u00e0 c\u1ea3m x\u00fac c\u1ee7a m\u00ecnh, \u0111\u1ec3 t\u1ea1o ra m\u1ed9t t\u00e1c ph\u1ea9m r\u1ed3i \u0111\u00e2y s\u1ebd tr\u1edf th\u00e0nh ngu\u1ed3n m\u1ea1ch cho th\u1ec3 lo\u1ea1i qu\u00e1i \u0111\u00e0m c\u1eadn \u0111\u1ea1i Nh\u1eadt B\u1ea3n.<\/p>\n<p>T\u00e1c ph\u1ea9m \u0111\u00f3 l\u00e0 QU\u00c1I \u0110\u00c0M ~ Chuy\u1ec7n y\u00eau qu\u00e1i v\u00e0 d\u1ecb tr\u00f9ng Nh\u1eadt B\u1ea3n, tri\u1ec7u h\u1ed3i nh\u1eefng y\u00eau qu\u00e1i n\u1ed5i ti\u1ebfng nh\u01b0 qu\u1ef7 \u0103n th\u1ecbt ng\u01b0\u1eddi, y\u00eau qu\u00e1i c\u1ed5 d\u00e0i, v\u00f4 di\u1ec7n, n\u00e0ng tuy\u1ebft\u2026 t\u1eadp h\u1ee3p nh\u1eefng \u0111i\u1ec3n t\u00edch l\u1ea1 nh\u01b0 uy\u00ean \u01b0\u01a1ng, Hoichi c\u1ee5t tai, gi\u1ea5c m\u01a1 h\u00f3a ki\u1ebfn, k\u00e8m m\u1ed9t b\u1ea3n ballad d\u1ecbu d\u00e0ng ho\u00e0i ni\u1ec7m v\u1ec1 c\u1ed5 t\u00edch ph\u01b0\u01a1ng T\u00e2y, cu\u1ed1i c\u00f9ng l\u00e0 ba t\u00f9y b\u00fat v\u1ec1 th\u1ebf gi\u1edbi c\u00f4n tr\u00f9ng, trong \u0111\u00f3 kh\u00e9o l\u00e9o \u0111an c\u00e0i nhi\u1ec1u c\u1ea3m nh\u1eadn v\u1ec1 h\u1ed9i h\u1ecda, \u00e2m nh\u1ea1c, t\u00f4n gi\u00e1o, ti\u1ebfn h\u00f3a sinh v\u1eadt v\u00e0 tri\u1ebft h\u1ecdc.<\/p>\n<p>T\u1eeb sau QU\u00c1I \u0110\u00c0M c\u1ee7a Hearn, ma m\u00e3nh ch\u00fang n\u00f3 kh\u00f4ng ch\u1ecbu \u1edf y\u00ean \u0111\u1ed3ng s\u00e2u n\u01b0\u1edbc \u0111\u1ecdng, m\u00e0 chuy\u1ec3n v\u1ec1 l\u00e0m ma \u0111\u00f4 th\u1ecb, ma tr\u01b0\u1eddng h\u1ecdc\u2026 kh\u00f4ng ch\u1ec9 tr\u01b0\u1eddn b\u00f2 tr\u00ean c\u00e2u ch\u1eef, m\u00e0 v\u01b0\u01a1n l\u00ean phim \u1ea3nh, k\u1ecbch ngh\u1ec7, di\u1ec5n x\u01b0\u1edbng, b\u00f2 ra c\u1ea3 m\u00e0n h\u00ecnh, cu\u1ed1i c\u00f9ng bi\u1ebfn th\u00e0nh m\u1ed9t th\u1ee9 v\u0103n h\u00f3a kinh d\u1ecb ri\u00eang.<\/p>\n<p>T\u00e1c ph\u1ea9m n\u00e0y c\u0169ng \u0111\u00e3 \u0111\u01b0\u1ee3c chuy\u1ec3n th\u1ec3 th\u00e0nh phim, th\u00e0nh ngu\u1ed3n tham chi\u1ebfu kh\u00f4ng th\u1ec3 thi\u1ebfu khi c\u1ea7n t\u00ecm hi\u1ec3u v\u1ec1 y\u00eau ma x\u1ee9 Ph\u00f9 Tang.<\/p>\n<p>QU\u00c1I \u0110\u00c0M ~ Chuy\u1ec7n y\u00eau qu\u00e1i v\u00e0 d\u1ecb tr\u00f9ng Nh\u1eadt B\u1ea3n c\u1ee7a Lafcadio Hearn<\/p>\n<p>n\u1eb1m trong t\u1ee7 s\u00e1ch kinh \u0111i\u1ec3n c\u1ee7a IPM, s\u1ebd c\u00f3 d\u1ea1ng b\u00eca c\u1ee9ng \u1edf l\u1ea7n \u0111\u1ea7u ph\u00e1t h\u00e0nh v\u00e0 b\u00eca m\u1ec1m t\u1eeb l\u1ea7n th\u1ee9 hai tr\u1edf \u0111i.<\/p>\n","protected":false},"excerpt":{"rendered":"<p>\u1ede Nh\u1eadt, kem \u0111\u00e1, c\u00e1 v\u00e0ng, chu\u00f4ng gi\u00f3, ph\u00e1o hoa v\u00e0 l\u1ec5 h\u1ed9i c\u00e1c x\u1ee9 l\u00e0 nh\u1eefng th\u1ee9 c\u00f3 t\u00ednh \u0111\u1eb7c tr\u01b0ng c\u1ee7a m\u00f9a h\u00e8, \u0111em m\u00e1t l\u00e0nh v\u00e0 th\u01a1 m\u1ed9ng \u0111\u1ebfn l\u00e0m d\u1ecbu kh\u00f4ng kh\u00ed oi n\u1ed3ng. Nh\u01b0ng ngo\u00e0i nh\u1eefng th\u1ee9 nghe r\u1ea5t tao nh\u00e3 \u1ea5y ra, Nh\u1eadt B\u1ea3n c\u00f2n m\u1ed9t c\u00e1ch l\u00e0m m\u00e1t truy\u1ec1n th\u1ed1ng, \u0111\u00f3 l\u00e0 truy\u1ec7n ma qu\u00e1i.<\/p>\n<p>Truy\u1ec7n ma qu\u00e1i \u0111\u01b0\u1ee3c l\u1ed3ng v\u00e0o r\u1ea5t nhi\u1ec1u h\u00ecnh th\u1ee9c sinh ho\u1ea1t h\u00e8, nh\u01b0 k\u1ecbch kabuki, t\u1ea5u n\u00f3i rakugo, tr\u00f2 ch\u01a1i g\u1ecdi ma b\u00e1ch v\u1eadt ng\u1eef. V\u00e0 \u0111\u01a1n gi\u1ea3n nh\u1ea5t, l\u00e0 ng\u1ed3i qu\u00e2y qu\u1ea7n v\u1edbi nhau, m\u1ed7i ng\u01b0\u1eddi k\u1ec3 m\u1ed9t c\u00e2u chuy\u1ec7n th\u1eadt r\u00f9ng r\u1ee3n, sao cho s\u1ed1ng l\u01b0ng l\u1ea1nh to\u00e1t, m\u1ed3 h\u00f4i d\u1ea7m d\u1ec1, c\u1ee9 t\u1ef1 l\u00e0m m\u00e1t nh\u01b0 th\u1ebf \u0111\u1ebfn khuya, ti\u1ebft tr\u1eddi d\u1ecbu \u0111i l\u00e0 c\u00f3 th\u1ec3 ng\u1ee7 \u0111\u01b0\u1ee3c.<\/p>\n<p>Ma qu\u00e1i \u1edf Nh\u1eadt kh\u00f4ng ch\u1ec9 c\u00f3 linh h\u1ed3n ng\u01b0\u1eddi ch\u1ebft, m\u00e0 c\u00f2n \u0111\u1ed3 v\u1eadt-th\u1ef1c v\u1eadt-hi\u1ec7n t\u01b0\u1ee3ng t\u1ef1 nhi\u00ean th\u00e0nh tinh, l\u1ea3ng v\u1ea3ng \u1edf nh\u00e2n gian v\u1edbi t\u00e2m t\u01b0 m\u1ee5c \u0111\u00edch v\u00f4 c\u00f9ng \u0111a d\u1ea1ng, b\u00e0y ra nh\u1eefng tr\u00f2 r\u1ea5t \u0111\u1ed7i ly k\u00ec. T\u1ea5t c\u1ea3 nh\u1eefng truy\u1ec7n nh\u01b0 th\u1ebf \u0111\u01b0\u1ee3c x\u1ebfp v\u00e0o m\u1ed9t th\u1ec3 lo\u1ea1i, g\u1ecdi l\u00e0 QU\u00c1I \u0110\u00c0M (chuy\u1ec7n v\u1ec1 ma qu\u00e1i ho\u1eb7c s\u1ef1 l\u1ea1).<\/p>\n<p>Nh\u1edd nh\u1eefng ho\u1ea1t \u0111\u1ed9ng m\u00f9a h\u00e8 \u1ea5y, v\u00e0 nh\u1edd c\u1ea3 nh\u1eefng b\u1ea3n ch\u00e9p tay qu\u00fd b\u00e1u c\u1ee7a c\u00e1c t\u00e1c gi\u1ea3 d\u00e2n gian, kho t\u00e0ng qu\u00e1i \u0111\u00e0m Nh\u1eadt B\u1ea3n \u0111\u01b0\u1ee3c l\u1eb7ng l\u1ebd l\u01b0u truy\u1ec1n qua nhi\u1ec1u th\u1ebf h\u1ec7. Nh\u01b0ng c\u0169ng trong r\u1ea5t nhi\u1ec1u th\u1ebf h\u1ec7, ch\u00fang ch\u1ec9 \u0111i loanh quanh \u1edf c\u00e1c th\u00e0nh tr\u1ea5n th\u00f4n l\u00e0ng tr\u00ean \u0111\u1ea3o qu\u1ed1c n\u00e0y.<\/p>\n<p>Ph\u1ea3i b\u01b0\u1edbc sang th\u1ebf k\u1ec9 20, kho t\u00e0ng \u1ea5y m\u1edbi l\u1ea7n \u0111\u1ea7u ph\u00e1t s\u00e1ng ra ngo\u00e0i bi\u00ean gi\u1edbi, r\u1ecdi sang ch\u00e2u \u00c2u ch\u00e2u M\u1ef9, nh\u1edd c\u00f4ng s\u1ee9c c\u1ee7a m\u1ed9t t\u00e1c gi\u1ea3 ph\u01b0\u01a1ng T\u00e2y l\u00e0 Lafcadio Hearn.<\/p>\n<p>\u00d4ng \u0111\u00e3 l\u1eafng nghe bao truy\u1ec7n x\u01b0a t\u00edch c\u0169 tr\u00ean kh\u1eafp \u0111\u1ea5t Nh\u1eadt, ch\u1eaft l\u1ecdc nh\u1eefng \u0111i\u1ec3n l\u1ea1 l\u00f9ng n\u1ed5i ti\u1ebfng nh\u1ea5t v\u00e0 ti\u1ebfn h\u00e0nh nhu\u1eadn s\u1eafc, t\u00e1i hi\u1ec7n tr\u00ean gi\u1ea5y b\u1eb1ng nh\u1eefng ki\u1ebfn gi\u1ea3i v\u00e0 c\u1ea3m x\u00fac c\u1ee7a m\u00ecnh, \u0111\u1ec3 t\u1ea1o ra m\u1ed9t t\u00e1c ph\u1ea9m r\u1ed3i \u0111\u00e2y s\u1ebd tr\u1edf th\u00e0nh ngu\u1ed3n m\u1ea1ch cho th\u1ec3 lo\u1ea1i qu\u00e1i \u0111\u00e0m c\u1eadn \u0111\u1ea1i Nh\u1eadt B\u1ea3n.<\/p>\n<p>T\u00e1c ph\u1ea9m \u0111\u00f3 l\u00e0 QU\u00c1I \u0110\u00c0M ~ Chuy\u1ec7n y\u00eau qu\u00e1i v\u00e0 d\u1ecb tr\u00f9ng Nh\u1eadt B\u1ea3n, tri\u1ec7u h\u1ed3i nh\u1eefng y\u00eau qu\u00e1i n\u1ed5i ti\u1ebfng nh\u01b0 qu\u1ef7 \u0103n th\u1ecbt ng\u01b0\u1eddi, y\u00eau qu\u00e1i c\u1ed5 d\u00e0i, v\u00f4 di\u1ec7n, n\u00e0ng tuy\u1ebft\u2026 t\u1eadp h\u1ee3p nh\u1eefng \u0111i\u1ec3n t\u00edch l\u1ea1 nh\u01b0 uy\u00ean \u01b0\u01a1ng, Hoichi c\u1ee5t tai, gi\u1ea5c m\u01a1 h\u00f3a ki\u1ebfn, k\u00e8m m\u1ed9t b\u1ea3n ballad d\u1ecbu d\u00e0ng ho\u00e0i ni\u1ec7m v\u1ec1 c\u1ed5 t\u00edch ph\u01b0\u01a1ng T\u00e2y, cu\u1ed1i c\u00f9ng l\u00e0 ba t\u00f9y b\u00fat v\u1ec1 th\u1ebf gi\u1edbi c\u00f4n tr\u00f9ng, trong \u0111\u00f3 kh\u00e9o l\u00e9o \u0111an c\u00e0i nhi\u1ec1u c\u1ea3m nh\u1eadn v\u1ec1 h\u1ed9i h\u1ecda, \u00e2m nh\u1ea1c, t\u00f4n gi\u00e1o, ti\u1ebfn h\u00f3a sinh v\u1eadt v\u00e0 tri\u1ebft h\u1ecdc.<\/p>\n<p>T\u1eeb sau QU\u00c1I \u0110\u00c0M c\u1ee7a Hearn, ma m\u00e3nh ch\u00fang n\u00f3 kh\u00f4ng ch\u1ecbu \u1edf y\u00ean \u0111\u1ed3ng s\u00e2u n\u01b0\u1edbc \u0111\u1ecdng, m\u00e0 chuy\u1ec3n v\u1ec1 l\u00e0m ma \u0111\u00f4 th\u1ecb, ma tr\u01b0\u1eddng h\u1ecdc\u2026 kh\u00f4ng ch\u1ec9 tr\u01b0\u1eddn b\u00f2 tr\u00ean c\u00e2u ch\u1eef, m\u00e0 v\u01b0\u01a1n l\u00ean phim \u1ea3nh, k\u1ecbch ngh\u1ec7, di\u1ec5n x\u01b0\u1edbng, b\u00f2 ra c\u1ea3 m\u00e0n h\u00ecnh, cu\u1ed1i c\u00f9ng bi\u1ebfn th\u00e0nh m\u1ed9t th\u1ee9 v\u0103n h\u00f3a kinh d\u1ecb ri\u00eang.<\/p>\n<p>T\u00e1c ph\u1ea9m n\u00e0y c\u0169ng \u0111\u00e3 \u0111\u01b0\u1ee3c chuy\u1ec3n th\u1ec3 th\u00e0nh phim, th\u00e0nh ngu\u1ed3n tham chi\u1ebfu kh\u00f4ng th\u1ec3 thi\u1ebfu khi c\u1ea7n t\u00ecm hi\u1ec3u v\u1ec1 y\u00eau ma x\u1ee9 Ph\u00f9 Tang.<\/p>\n<p>QU\u00c1I \u0110\u00c0M ~ Chuy\u1ec7n y\u00eau qu\u00e1i v\u00e0 d\u1ecb tr\u00f9ng Nh\u1eadt B\u1ea3n c\u1ee7a Lafcadio Hearn<\/p>\n<p>n\u1eb1m trong t\u1ee7 s\u00e1ch kinh \u0111i\u1ec3n c\u1ee7a IPM, s\u1ebd c\u00f3 d\u1ea1ng b\u00eca c\u1ee9ng \u1edf l\u1ea7n \u0111\u1ea7u ph\u00e1t h\u00e0nh v\u00e0 b\u00eca m\u1ec1m t\u1eeb l\u1ea7n th\u1ee9 hai tr\u1edf \u0111i.<\/p>\n","protected":false},"featured_media":15196,"template":"","meta":{"_acf_changed":false},"product_brand":[],"product_cat":[15,72],"product_tag":[],"class_list":{"0":"post-15199","1":"product","2":"type-product","3":"status-publish","4":"has-post-thumbnail","6":"product_cat-sach-danh-cho-nguoi-lon","7":"product_cat-trinh-tham-kinh-di","9":"first","10":"outofstock","11":"taxable","12":"shipping-taxable","13":"purchasable","14":"product-type-simple"},"supplier_id":null,"supplier_sku":"","barcode":null,"atum_controlled":true,"out_stock_date":"2022-03-30 11:42:10","out_stock_threshold":null,"inheritable":false,"inbound_stock":0,"stock_on_hold":0,"sold_today":0,"sales_last_days":0,"reserved_stock":0,"customer_returns":0,"warehouse_damage":0,"lost_in_post":0,"other_logs":0,"out_stock_days":1400,"lost_sales":0,"has_location":false,"update_date":"2026-01-28T23:10:56","atum_locations":[],"atum_stock_status":"outofstock","restock_status":false,"low_stock_amount":"","sales_update_date":"2026-01-28T23:10:56","calc_backorders":null,"acf":{"publisher":{"ID":1470,"post_author":"2","post_date":"2021-02-17 01:12:47","post_date_gmt":"2021-02-16 23:12:47","post_content":"<!-- wp:flatsome\/uxbuilder -->\n<h1 style=\"text-align: center\"><strong>\u0110inh T\u1ecb<\/strong><\/h1>\n[row]\n\n[col span=\"4\" span__sm=\"12\"]\n\n[ux_image id=\"1831\" image_size=\"medium\"]\n\n\n[\/col]\n[col span=\"8\" span__sm=\"12\"]\n\n<p><strong>\u0110inh T\u1ecb Books - Ti\u00ean phong s\u00e1ng t\u1ea1o<\/strong><\/p>\n<p>Th\u00e0nh l\u1eadp n\u0103m 2006, t\u1edbi nay \u0110inh T\u1ecb Books \u0111\u01b0\u1ee3c \u0111\u00e1nh gi\u1ea3 l\u00e0 \u0111\u01a1n v\u1ecb xu\u1ea5t b\u1ea3n uy t\u00edn c\u00f3 t\u1ed1c \u0111\u1ed9 ph\u00e1t tri\u1ec3n nhanh nh\u1ea5t g\u1eafn v\u1edbi th\u00e0nh c\u00f4ng c\u1ee7a hai t\u1ee7 s\u00e1ch l\u1edbn: T\u1ee7 s\u00e1ch Thi\u1ebfu nhi - T\u1ee7 s\u00e1ch V\u0103n h\u1ecdc. Trong \u0111\u00f3 ph\u1ea3i k\u1ec3 t\u1edbi b\u01b0\u1edbc chuy\u1ec3n m\u00ecnh \u0111\u1ea7y \u1ea5n t\u01b0\u1ee3ng, tr\u1edf th\u00e0nh \u0111\u01a1n v\u1ecb ti\u00ean phong s\u00e1ng t\u1ea1o d\u00f2ng S\u00c1CH T\u01af\u01a0NG T\u00c1C thi\u1ebfu nhi. V\u1edbi h\u01a1n 300 t\u1ef1a s\u00e1ch t\u01b0\u01a1ng t\u00e1c \u0111ang l\u01b0u h\u00e0nh, \u0110inh T\u1ecb Books \u0111\u00e3 mang \u0111\u1ebfn nh\u1eefng gi\u00e1 tr\u1ecb tr\u1ea3i nghi\u1ec7m tuy\u1ec7t v\u1eddi, \u0111\u01b0a vi\u1ec7c h\u1ecdc v\u00e0 ch\u01a1i c\u00f9ng s\u00e1ch tr\u1edf n\u00ean hi\u1ec7u qu\u1ea3 h\u01a1n, gi\u00fap tr\u1ebb th\u00f4ng minh, t\u0103ng tr\u01b0\u1edfng c\u00e1c ch\u1ec9 s\u1ed1 IQ, EQ.<\/p>\n<p><strong>Th\u1ebf m\u1ea1nh c\u1ee7a \u0110inh T\u1ecb Books<\/strong><\/p>\n<p>V\u1edbi kinh nghi\u1ec7m nhi\u1ec1u n\u0103m trong ng\u00e0nh xu\u1ea5t b\u1ea3n, \u0110inh T\u1ecb Books tin r\u1eb1ng c\u00e1c b\u1eadc cha m\u1eb9 lu\u00f4n d\u00e0nh nh\u1eefng \u0111i\u1ec1u t\u1ed1t \u0111\u1eb9p nh\u1ea5t cho c\u00e1c con c\u1ee7a m\u00ecnh. \u0110\u1ecdc s\u00e1ch c\u00f9ng con lu\u00f4n l\u00e0 l\u1ef1a ch\u1ecdn h\u00e0ng \u0111\u1ea7u gi\u00fap g\u1eafn k\u1ebft t\u00ecnh y\u00eau th\u01b0\u01a1ng \u0111\u1ed3ng th\u1eddi gi\u00fap con nu\u00f4i d\u01b0\u1ee1ng ni\u1ec1m \u0111am m\u00ea v\u1edbi s\u00e1ch.<\/p>\n\n[\/col]\n\n[\/row]\n<p><strong>T\u00ecnh y\u00eau l\u1edbn d\u00e0nh cho nh\u1eefng cu\u1ed1n s\u00e1ch.<\/strong><\/p>\n<p>Xu\u1ea5t ph\u00e1t t\u1eeb t\u00ecnh y\u00eau v\u1edbi nh\u1eefng cu\u1ed1n s\u00e1ch, l\u00f2ng t\u1eadn t\u00e2m mu\u1ed1n g\u00ecn gi\u1eef nh\u1eefng gi\u00e1 tr\u1ecb v\u0103n h\u00f3a truy\u1ec1n th\u1ed1ng c\u1ee7a Vi\u1ec7t Nam, mong mu\u1ed1n \u0111\u01b0a nh\u1eefng gi\u00e1 tr\u1ecb \u0111\u1eadm ch\u1ea5t Vi\u1ec7t Nam \u0111\u1ebfn v\u1edbi tr\u1ebb em Vi\u1ec7t, c\u00e1c th\u00e0nh vi\u00ean s\u00e1ng t\u1ea1o c\u1ee7a \u0110inh T\u1ecb Books \u0111\u00e3 kh\u00f4ng ng\u1eebng n\u1ed7 l\u1ef1c, t\u00ecm t\u00f2i v\u00e0 h\u1ecdc h\u1ecfi, \u0111\u1ec3 \u0111\u01b0a nh\u1eefng cu\u1ed1n s\u00e1ch \u201c100% made in Vietnam\u201d \u0111\u1ebfn v\u1edbi tr\u1ebb em Vi\u1ec7t. C\u00e1c ki\u1ebfn th\u1ee9c b\u1ed5 \u00edch \u0111\u01b0\u1ee3c truy\u1ec1n t\u1ea3i th\u00f4ng qua nh\u1eefng t\u01b0\u01a1ng t\u00e1c th\u00fa v\u1ecb gi\u00fap tr\u1ebb nh\u1edb l\u00e2u h\u01a1n, h\u1ecdc t\u1ed1t h\u01a1n.<\/p>\n<p>Nh\u1eadn ra \u0111\u01b0\u1ee3c s\u1ee9 m\u1ec7nh v\u00e0 t\u1ea7m nh\u00ecn c\u1ee7a \u0110inh T\u1ecb, <strong>SACHVIET.EU<\/strong> \u0111\u00e3 li\u00ean l\u1ea1c v\u1edbi \u0110inh T\u1ecb \u0111\u1ec3 \u0111\u01b0\u1ee3c h\u1ed7 tr\u1ee3 \u0111\u01b0a nh\u1eefng cu\u1ed1n s\u00e1ch mang gi\u00e1 tr\u1ecb \u0111\u1eadm ch\u1ea5t Vi\u1ec7t Nam \u0111\u1ebfn v\u1edbi tr\u1ebb em Vi\u1ec7t v\u00e0 c\u1ed9ng \u0111\u1ed3ng Vi\u1ec7t s\u1ed1ng t\u1ea1i Ch\u00e2u \u00c2u. SACHVIET.EU \u0111\u1eb7t l\u00f2ng tin \u1edf \u0110inh T\u1ecb s\u1ebd lu\u00f4n \u0111em \u0111\u1ebfn nh\u1eefng gi\u00e1 tr\u1ecb cao qua t\u1eebng trang s\u00e1ch v\u00e0 hy v\u1ecdng \u0111\u1ed9c gi\u1ea3 s\u1ebd lu\u00f4n h\u00e0i l\u00f2ng v\u1edbi ch\u1ea5t l\u01b0\u1ee3ng m\u00e0 \u0110inh T\u1ecb theo \u0111u\u1ed5i bao n\u0103m qua.<\/p>\n\n<!-- \/wp:flatsome\/uxbuilder -->","post_title":"\u0110inh T\u1ecb","post_excerpt":"","post_status":"publish","comment_status":"closed","ping_status":"closed","post_password":"","post_name":"dinh-ti","to_ping":"","pinged":"","post_modified":"2022-12-19 23:15:43","post_modified_gmt":"2022-12-19 21:15:43","post_content_filtered":"","post_parent":0,"guid":"https:\/\/sachviet.eu\/nha-phat-hanh\/dinh-ti\/","menu_order":0,"post_type":"publisher","post_mime_type":"","comment_count":"0","filter":"raw"}},"_links":{"self":[{"href":"https:\/\/sachviet.eu\/en\/wp-json\/wp\/v2\/product\/15199","targetHints":{"allow":["GET"]}}],"collection":[{"href":"https:\/\/sachviet.eu\/en\/wp-json\/wp\/v2\/product"}],"about":[{"href":"https:\/\/sachviet.eu\/en\/wp-json\/wp\/v2\/types\/product"}],"wp:featuredmedia":[{"embeddable":true,"href":"https:\/\/sachviet.eu\/en\/wp-json\/wp\/v2\/media\/15196"}],"wp:attachment":[{"href":"https:\/\/sachviet.eu\/en\/wp-json\/wp\/v2\/media?parent=15199"}],"wp:term":[{"taxonomy":"product_brand","embeddable":true,"href":"https:\/\/sachviet.eu\/en\/wp-json\/wp\/v2\/product_brand?post=15199"},{"taxonomy":"product_cat","embeddable":true,"href":"https:\/\/sachviet.eu\/en\/wp-json\/wp\/v2\/product_cat?post=15199"},{"taxonomy":"product_tag","embeddable":true,"href":"https:\/\/sachviet.eu\/en\/wp-json\/wp\/v2\/product_tag?post=15199"}],"curies":[{"name":"wp","href":"https:\/\/api.w.org\/{rel}","templated":true}]}}