{"id":15192,"date":"2021-08-04T14:57:18","date_gmt":"2021-08-04T11:57:18","guid":{"rendered":"https:\/\/sachviet.eu\/shop\/mua-he-bat-tan-tang-kem-postcard\/"},"modified":"2021-08-28T11:51:40","modified_gmt":"2021-08-28T08:51:40","slug":"mua-he-bat-tan-tang-kem-postcard","status":"publish","type":"product","link":"https:\/\/sachviet.eu\/en\/shop\/mua-he-bat-tan-tang-kem-postcard\/","title":{"rendered":"M\u00f9a H\u00e8 B\u1ea5t T\u1eadn &#8211; T\u1eb7ng K\u00e8m Postcard"},"content":{"rendered":"<p>&#8220;M\u00f9a H\u00e8 B\u1ea5t T\u1eadn&#8221;- Tu\u1ed5i m\u1edbi l\u1edbn \u00f9a v\u1ec1 qua n\u00e9t v\u1ebd tinh t\u1ebf<\/p>\n<p>M\u00f9a H\u00e8 B\u1ea5t T\u1eadn c\u1ee7a t\u00e1c gi\u1ea3 L\u00e2m Ho\u00e0ng Tr\u00fac, do NXB Thanh Ni\u00ean, Du B\u00fat k\u1ebft h\u1ee3p c\u00f9ng June Comics ph\u00e1t h\u00e0nh l\u00e0 \u1ea5n b\u1ea3n truy\u1ec7n tranh hi\u1ebfm hoi khai th\u00e1c t\u00e2m h\u1ed3n tu\u1ed5i m\u1edbi l\u1edbn d\u01b0\u1edbi l\u0103ng k\u00ednh kh\u00f4ng ch\u1ec9 c\u00f3 m\u1ed9ng m\u01a1.<\/p>\n<p>Ba n\u0103m sau \u0110\u01b0\u1eddng Hoa (2018), t\u00e1c gi\u1ea3 L\u00e2m Ho\u00e0ng Tr\u00fac tr\u1edf l\u1ea1i v\u1edbi t\u00e1c ph\u1ea9m m\u1edbi \u0111\u00e1nh d\u1ea5u b\u01b0\u1edbc tr\u01b0\u1edfng th\u00e0nh v\u01b0\u1ee3t b\u1eadc trong c\u1ea3 n\u00e9t v\u1ebd l\u1eabn n\u1ed9i dung th\u1ec3 hi\u1ec7n. M\u00f9a H\u00e8 B\u1ea5t T\u1eadn l\u00e0 c\u00e2u chuy\u1ec7n c\u1ee7a hai \u0111\u1ee9a tr\u1ebb c\u00f9ng t\u00ean Ph\u01b0\u01a1ng \u0111ang b\u01b0\u1edbc v\u00e0o n\u0103m h\u1ecdc cu\u1ed1i c\u00f9ng c\u1ee7a c\u1ea5p hai. Nh\u1eefng t\u00e2m t\u01b0 c\u1ee7a ch\u00fang t\u01b0\u1edfng nh\u01b0 \u0111\u01a1n thu\u1ea7n, ch\u1ec9 xoay quanh th\u1ebf gi\u1edbi nh\u1ecf b\u00e9 c\u1ee7a tu\u1ed5i thi\u1ebfu ni\u00ean, nh\u01b0 chuy\u1ec7n h\u1ecdc h\u00e0nh thi c\u1eed, nh\u1eefng k\u1ef3 v\u1ecdng c\u1ee7a m\u1eb9 cha, hay nh\u1eefng rung \u0111\u1ed9ng \u0111\u1ea7u \u0111\u1eddi. Nh\u01b0ng k\u1ef3 th\u1ef1c, \u0111\u00f3 l\u1ea1i l\u00e0 m\u1ed9t qu\u00e1 tr\u00ecnh tr\u00fat b\u1ecf v\u1ecf k\u00e9n \u0111\u1ea7y \u0111au \u0111\u1edbn \u0111\u1ec3 c\u1ea3 hai t\u00ecm ki\u1ebfm b\u1ea3n ng\u00e3 c\u1ee7a ch\u00ednh m\u00ecnh \u1edf ng\u01b0\u1ee1ng c\u1eeda tr\u01b0\u1edfng th\u00e0nh.<\/p>\n<p>M\u00f9a H\u00e8 B\u1ea5t T\u1eadn l\u00e0 t\u1eadp truy\u1ec7n tranh \u0111\u1ea7u ti\u00ean t\u1ea1i Vi\u1ec7t Nam th\u1ec3 hi\u1ec7n r\u00f5 tinh th\u1ea7n c\u1ee7a th\u1ec3 lo\u1ea1i &#8220;coming of age&#8221;. \u0110\u00e2y l\u00e0 th\u1ec3 lo\u1ea1i xoay quanh qu\u00e1 tr\u00ecnh c\u00e1c nh\u00e2n v\u1eadt chuy\u1ec3n m\u00ecnh t\u1eeb m\u1ed9t \u0111\u1ee9a tr\u1ebb th\u00e0nh ng\u01b0\u1eddi l\u1edbn, cho ta th\u1ea5y c\u00e1ch h\u1ecd \u0111\u1ed1i m\u1eb7t v\u1edbi kh\u00f3 kh\u0103n, vui bu\u1ed3n, c\u00e1ch h\u1ecd ph\u1ea3n \u1ee9ng tr\u01b0\u1edbc nh\u1eefng bi\u1ebfn c\u1ed1 trong \u0111\u1eddi, v\u00e0 l\u1edbn l\u00ean t\u1eeb nh\u1eefng l\u1ea7n v\u1ea5p ng\u00e3 nh\u01b0 th\u1ebf n\u00e0o. M\u00f9a H\u00e8 B\u1ea5t T\u1eadn \u0111\u00e3 kh\u00f4ng ch\u1ec9 kh\u01a1i d\u1eady s\u1ef1 \u0111\u1ed3ng c\u1ea3m t\u1eeb b\u1ea1n \u0111\u1ecdc c\u00f9ng trang l\u1ee9a v\u1edbi nh\u00e2n v\u1eadt m\u00e0 c\u00f2n khi\u1ebfn c\u00e1c \u0111\u1ed9c gi\u1ea3 t\u1eebng tr\u1ea3i qua tu\u1ed5i thi\u1ebfu ni\u00ean b\u1ed3i h\u1ed3i li\u00ean t\u01b0\u1edfng t\u1edbi ch\u00ednh m\u00ecnh trong qu\u00e1 kh\u1ee9.<\/p>\n<p>N\u1ebfu trong \u0110\u01b0\u1eddng Hoa L\u00e2m Ho\u00e0ng Tr\u00fac men theo chi\u1ec1u d\u00e0i nh\u00e2n sinh b\u1eb1ng gi\u1ecdng k\u1ec3, \u0111\u01b0\u1eddng b\u00fat l\u1ea1c quan, t\u01b0\u01a1i s\u00e1ng, th\u00ec v\u1edbi M\u00f9a H\u00e8 B\u1ea5t T\u1eadn n\u1eef t\u00e1c gi\u1ea3 tr\u1ebb ch\u1ec9 ch\u1ecdn m\u1ed9t l\u00e1t c\u1eaft cu\u1ed9c s\u1ed1ng v\u00e0 kh\u1eafc s\u00e2u nh\u1eefng chi\u00eam nghi\u1ec7m c\u1ee7a n\u00f3 l\u00ean h\u01a1n hai tr\u0103m trang truy\u1ec7n. L\u00e2m Ho\u00e0ng Tr\u00fac l\u1ea5y c\u1ea3m h\u1ee9ng t\u1eeb ch\u00ednh tr\u1ea3i nghi\u1ec7m c\u1ee7a m\u00ecnh \u0111\u1ec3 ph\u00e1c n\u00ean ch\u00e2n dung hai c\u00f4 c\u1eadu b\u00e9 m\u1edbi \u1edf tu\u1ed5i \u0103n tu\u1ed5i h\u1ecdc nh\u01b0ng \u0111\u00e3 s\u1edbm ph\u1ea3i n\u1ebfm tr\u1ea3i nh\u1eefng \u00e1p l\u1ef1c l\u1edbn h\u01a1n l\u1ee9a tu\u1ed5i ng\u00e2y th\u01a1. Nh\u1eefng tr\u0103n tr\u1edf r\u1ea5t hi\u1ec7n sinh c\u1ee7a hai \u0111\u1ee9a tr\u1ebb v\u1ec1 cu\u1ed9c s\u1ed1ng v\u00e0 c\u00e1i ch\u1ebft, v\u1ec1 l\u1ebd t\u1ed3n t\u1ea1i \u0111\u01b0\u1ee3c th\u1ec3 hi\u1ec7n ch\u00e2n th\u00e0nh v\u00e0 s\u1ed1ng \u0111\u1ed9ng, d\u1ec5 d\u00e0ng l\u00e0m rung \u0111\u1ed9ng ng\u01b0\u1eddi \u0111\u1ecdc.<\/p>\n<p>B\u1eb1ng n\u00e9t v\u1ebd \u0111\u1ea1t \u0111\u1ed9 tinh t\u1ebf cao, L\u00e2m Ho\u00e0ng Tr\u00fac \u0111\u00e3 t\u00e1i hi\u1ec7n m\u1ed9t kh\u00f4ng gian tr\u01b0\u1eddng l\u1edbp v\u00e0 gia \u0111\u00ecnh h\u1ebft s\u1ee9c g\u1ea7n g\u0169i c\u1ee7a Vi\u1ec7t Nam. \u0110\u1ed9c gi\u1ea3 s\u1ebd b\u1eaft g\u1eb7p h\u00ecnh \u1ea3nh quen thu\u1ed9c c\u1ee7a c\u00e2y ph\u01b0\u1ee3ng \u0111\u1ed5 b\u00f3ng s\u00e2n tr\u01b0\u1eddng, hay con h\u1ebbm nh\u1ecf l\u1ed9n x\u1ed9n m\u00e0 y\u00ean t\u0129nh gi\u1eefa tr\u01b0a h\u00e8, \u0111\u01b0\u1ee3c L\u00e2m Ho\u00e0ng Tr\u00fac th\u1ec3 hi\u1ec7n ch\u00e2n th\u1ef1c v\u00e0 ch\u0103m ch\u00fat t\u1edbi t\u1eebng chi ti\u1ebft nh\u1ecf. T\u1ea5t c\u1ea3 trang v\u1ebd \u0111\u1ec1u \u0111\u01b0\u1ee3c ph\u00e1c th\u1ea3o b\u1eb1ng ch\u00ec r\u1ed3i \u0111i m\u1ef1c c\u00f4ng phu tr\u00ean kh\u1ed5 gi\u1ea5y A3, ch\u1ee7 y\u1ebfu s\u1eed d\u1ee5ng c\u00e1c m\u1ea3ng \u0111en tr\u1eafng t\u01b0\u01a1ng ph\u1ea3n cao, t\u1ea1o c\u1ea3m x\u00fac s\u00e2u l\u1eafng cho m\u1ed9t t\u00e1c ph\u1ea9m gi\u00e0u ch\u1ea5t li\u1ec7u chi\u00eam nghi\u1ec7m.<\/p>\n<p>T\u00e1ch kh\u1ecfi \u1ea3nh h\u01b0\u1edfng c\u1ee7a truy\u1ec7n tranh Nh\u1eadt B\u1ea3n, L\u00e2m Ho\u00e0ng Tr\u00fac theo \u0111u\u1ed5i phong c\u00e1ch ri\u00eang cho c\u00e2u chuy\u1ec7n m\u00ecnh mu\u1ed1n k\u1ec3. T\u00e1c gi\u1ea3 l\u01b0\u1ee3c b\u1ecf t\u1ed1i \u0111a nh\u1eefng khung truy\u1ec7n m\u00f4 t\u1ea3 \u0111\u1ed9c tho\u1ea1i n\u1ed9i t\u00e2m, gi\u1eef cho M\u00f9a H\u00e8 B\u1ea5t T\u1eadn m\u1ed9t g\u00f3c nh\u00ecn kh\u00e1ch quan v\u00e0 nh\u01b0\u1eddng l\u1ea1i m\u1ecdi c\u1ea3m nh\u1eadn cho \u0111\u1ed9c gi\u1ea3. C\u00f3 th\u1ec3 n\u00f3i \u0111\u00e2y l\u00e0 m\u1ed9t t\u00e1c ph\u1ea9m truy\u1ec7n tranh Vi\u1ec7t Nam hi\u1ebfm hoi mang \u0111\u1eadm ng\u00f4n ng\u1eef c\u1ee7a \u0111i\u1ec7n \u1ea3nh hi\u1ec7n \u0111\u1ea1i.<\/p>\n<p>M\u00f9a H\u00e8 B\u1ea5t T\u1eadn \u0111\u01b0\u1ee3c L\u00e2m Ho\u00e0ng Tr\u00fac mong mu\u1ed1n s\u1ebd chinh ph\u1ee5c \u0111\u1ed9c gi\u1ea3 \u1edf m\u1ecdi l\u1ee9a tu\u1ed5i. T\u1eadp truy\u1ec7n m\u1edf ra nh\u1eefng g\u00f3c s\u00e2u k\u00edn nh\u1ea5t c\u1ee7a tu\u1ed5i thi\u1ebfu ni\u00ean, n\u00f3i thay n\u1ed7i l\u00f2ng c\u1ee7a c\u00e1c b\u1ea1n tr\u1ebb v\u1edbi gia \u0111\u00ecnh, nh\u00e0 tr\u01b0\u1eddng. Nh\u1eefng n\u1ed7i ni\u1ec1m kh\u00f4ng d\u1ec5 n\u00f3i ra \u1ea5y l\u00e0 c\u1ee7a chung cho b\u1ea5t k\u1ef3 ai \u0111\u00e3 t\u1eebng b\u01b0\u1edbc qua m\u1ed9t th\u1eddi tu\u1ed5i xanh, v\u00e0 c\u0169ng l\u00e0 m\u1ed9t l\u1eddi nh\u1eafn g\u1eedi \u0111\u1ebfn ch\u00ednh nh\u1eefng b\u1eadc cha m\u1eb9 c\u1ee7a ng\u00e0y h\u00f4m nay.<\/p>\n","protected":false},"excerpt":{"rendered":"<p>&#8220;M\u00f9a H\u00e8 B\u1ea5t T\u1eadn&#8221;- Tu\u1ed5i m\u1edbi l\u1edbn \u00f9a v\u1ec1 qua n\u00e9t v\u1ebd tinh t\u1ebf<\/p>\n<p>M\u00f9a H\u00e8 B\u1ea5t T\u1eadn c\u1ee7a t\u00e1c gi\u1ea3 L\u00e2m Ho\u00e0ng Tr\u00fac, do NXB Thanh Ni\u00ean, Du B\u00fat k\u1ebft h\u1ee3p c\u00f9ng June Comics ph\u00e1t h\u00e0nh l\u00e0 \u1ea5n b\u1ea3n truy\u1ec7n tranh hi\u1ebfm hoi khai th\u00e1c t\u00e2m h\u1ed3n tu\u1ed5i m\u1edbi l\u1edbn d\u01b0\u1edbi l\u0103ng k\u00ednh kh\u00f4ng ch\u1ec9 c\u00f3 m\u1ed9ng m\u01a1.<\/p>\n<p>Ba n\u0103m sau \u0110\u01b0\u1eddng Hoa (2018), t\u00e1c gi\u1ea3 L\u00e2m Ho\u00e0ng Tr\u00fac tr\u1edf l\u1ea1i v\u1edbi t\u00e1c ph\u1ea9m m\u1edbi \u0111\u00e1nh d\u1ea5u b\u01b0\u1edbc tr\u01b0\u1edfng th\u00e0nh v\u01b0\u1ee3t b\u1eadc trong c\u1ea3 n\u00e9t v\u1ebd l\u1eabn n\u1ed9i dung th\u1ec3 hi\u1ec7n. M\u00f9a H\u00e8 B\u1ea5t T\u1eadn l\u00e0 c\u00e2u chuy\u1ec7n c\u1ee7a hai \u0111\u1ee9a tr\u1ebb c\u00f9ng t\u00ean Ph\u01b0\u01a1ng \u0111ang b\u01b0\u1edbc v\u00e0o n\u0103m h\u1ecdc cu\u1ed1i c\u00f9ng c\u1ee7a c\u1ea5p hai. Nh\u1eefng t\u00e2m t\u01b0 c\u1ee7a ch\u00fang t\u01b0\u1edfng nh\u01b0 \u0111\u01a1n thu\u1ea7n, ch\u1ec9 xoay quanh th\u1ebf gi\u1edbi nh\u1ecf b\u00e9 c\u1ee7a tu\u1ed5i thi\u1ebfu ni\u00ean, nh\u01b0 chuy\u1ec7n h\u1ecdc h\u00e0nh thi c\u1eed, nh\u1eefng k\u1ef3 v\u1ecdng c\u1ee7a m\u1eb9 cha, hay nh\u1eefng rung \u0111\u1ed9ng \u0111\u1ea7u \u0111\u1eddi. Nh\u01b0ng k\u1ef3 th\u1ef1c, \u0111\u00f3 l\u1ea1i l\u00e0 m\u1ed9t qu\u00e1 tr\u00ecnh tr\u00fat b\u1ecf v\u1ecf k\u00e9n \u0111\u1ea7y \u0111au \u0111\u1edbn \u0111\u1ec3 c\u1ea3 hai t\u00ecm ki\u1ebfm b\u1ea3n ng\u00e3 c\u1ee7a ch\u00ednh m\u00ecnh \u1edf ng\u01b0\u1ee1ng c\u1eeda tr\u01b0\u1edfng th\u00e0nh.<\/p>\n<p>M\u00f9a H\u00e8 B\u1ea5t T\u1eadn l\u00e0 t\u1eadp truy\u1ec7n tranh \u0111\u1ea7u ti\u00ean t\u1ea1i Vi\u1ec7t Nam th\u1ec3 hi\u1ec7n r\u00f5 tinh th\u1ea7n c\u1ee7a th\u1ec3 lo\u1ea1i &#8220;coming of age&#8221;. \u0110\u00e2y l\u00e0 th\u1ec3 lo\u1ea1i xoay quanh qu\u00e1 tr\u00ecnh c\u00e1c nh\u00e2n v\u1eadt chuy\u1ec3n m\u00ecnh t\u1eeb m\u1ed9t \u0111\u1ee9a tr\u1ebb th\u00e0nh ng\u01b0\u1eddi l\u1edbn, cho ta th\u1ea5y c\u00e1ch h\u1ecd \u0111\u1ed1i m\u1eb7t v\u1edbi kh\u00f3 kh\u0103n, vui bu\u1ed3n, c\u00e1ch h\u1ecd ph\u1ea3n \u1ee9ng tr\u01b0\u1edbc nh\u1eefng bi\u1ebfn c\u1ed1 trong \u0111\u1eddi, v\u00e0 l\u1edbn l\u00ean t\u1eeb nh\u1eefng l\u1ea7n v\u1ea5p ng\u00e3 nh\u01b0 th\u1ebf n\u00e0o. M\u00f9a H\u00e8 B\u1ea5t T\u1eadn \u0111\u00e3 kh\u00f4ng ch\u1ec9 kh\u01a1i d\u1eady s\u1ef1 \u0111\u1ed3ng c\u1ea3m t\u1eeb b\u1ea1n \u0111\u1ecdc c\u00f9ng trang l\u1ee9a v\u1edbi nh\u00e2n v\u1eadt m\u00e0 c\u00f2n khi\u1ebfn c\u00e1c \u0111\u1ed9c gi\u1ea3 t\u1eebng tr\u1ea3i qua tu\u1ed5i thi\u1ebfu ni\u00ean b\u1ed3i h\u1ed3i li\u00ean t\u01b0\u1edfng t\u1edbi ch\u00ednh m\u00ecnh trong qu\u00e1 kh\u1ee9.<\/p>\n<p>N\u1ebfu trong \u0110\u01b0\u1eddng Hoa L\u00e2m Ho\u00e0ng Tr\u00fac men theo chi\u1ec1u d\u00e0i nh\u00e2n sinh b\u1eb1ng gi\u1ecdng k\u1ec3, \u0111\u01b0\u1eddng b\u00fat l\u1ea1c quan, t\u01b0\u01a1i s\u00e1ng, th\u00ec v\u1edbi M\u00f9a H\u00e8 B\u1ea5t T\u1eadn n\u1eef t\u00e1c gi\u1ea3 tr\u1ebb ch\u1ec9 ch\u1ecdn m\u1ed9t l\u00e1t c\u1eaft cu\u1ed9c s\u1ed1ng v\u00e0 kh\u1eafc s\u00e2u nh\u1eefng chi\u00eam nghi\u1ec7m c\u1ee7a n\u00f3 l\u00ean h\u01a1n hai tr\u0103m trang truy\u1ec7n. L\u00e2m Ho\u00e0ng Tr\u00fac l\u1ea5y c\u1ea3m h\u1ee9ng t\u1eeb ch\u00ednh tr\u1ea3i nghi\u1ec7m c\u1ee7a m\u00ecnh \u0111\u1ec3 ph\u00e1c n\u00ean ch\u00e2n dung hai c\u00f4 c\u1eadu b\u00e9 m\u1edbi \u1edf tu\u1ed5i \u0103n tu\u1ed5i h\u1ecdc nh\u01b0ng \u0111\u00e3 s\u1edbm ph\u1ea3i n\u1ebfm tr\u1ea3i nh\u1eefng \u00e1p l\u1ef1c l\u1edbn h\u01a1n l\u1ee9a tu\u1ed5i ng\u00e2y th\u01a1. Nh\u1eefng tr\u0103n tr\u1edf r\u1ea5t hi\u1ec7n sinh c\u1ee7a hai \u0111\u1ee9a tr\u1ebb v\u1ec1 cu\u1ed9c s\u1ed1ng v\u00e0 c\u00e1i ch\u1ebft, v\u1ec1 l\u1ebd t\u1ed3n t\u1ea1i \u0111\u01b0\u1ee3c th\u1ec3 hi\u1ec7n ch\u00e2n th\u00e0nh v\u00e0 s\u1ed1ng \u0111\u1ed9ng, d\u1ec5 d\u00e0ng l\u00e0m rung \u0111\u1ed9ng ng\u01b0\u1eddi \u0111\u1ecdc.<\/p>\n<p>B\u1eb1ng n\u00e9t v\u1ebd \u0111\u1ea1t \u0111\u1ed9 tinh t\u1ebf cao, L\u00e2m Ho\u00e0ng Tr\u00fac \u0111\u00e3 t\u00e1i hi\u1ec7n m\u1ed9t kh\u00f4ng gian tr\u01b0\u1eddng l\u1edbp v\u00e0 gia \u0111\u00ecnh h\u1ebft s\u1ee9c g\u1ea7n g\u0169i c\u1ee7a Vi\u1ec7t Nam. \u0110\u1ed9c gi\u1ea3 s\u1ebd b\u1eaft g\u1eb7p h\u00ecnh \u1ea3nh quen thu\u1ed9c c\u1ee7a c\u00e2y ph\u01b0\u1ee3ng \u0111\u1ed5 b\u00f3ng s\u00e2n tr\u01b0\u1eddng, hay con h\u1ebbm nh\u1ecf l\u1ed9n x\u1ed9n m\u00e0 y\u00ean t\u0129nh gi\u1eefa tr\u01b0a h\u00e8, \u0111\u01b0\u1ee3c L\u00e2m Ho\u00e0ng Tr\u00fac th\u1ec3 hi\u1ec7n ch\u00e2n th\u1ef1c v\u00e0 ch\u0103m ch\u00fat t\u1edbi t\u1eebng chi ti\u1ebft nh\u1ecf. T\u1ea5t c\u1ea3 trang v\u1ebd \u0111\u1ec1u \u0111\u01b0\u1ee3c ph\u00e1c th\u1ea3o b\u1eb1ng ch\u00ec r\u1ed3i \u0111i m\u1ef1c c\u00f4ng phu tr\u00ean kh\u1ed5 gi\u1ea5y A3, ch\u1ee7 y\u1ebfu s\u1eed d\u1ee5ng c\u00e1c m\u1ea3ng \u0111en tr\u1eafng t\u01b0\u01a1ng ph\u1ea3n cao, t\u1ea1o c\u1ea3m x\u00fac s\u00e2u l\u1eafng cho m\u1ed9t t\u00e1c ph\u1ea9m gi\u00e0u ch\u1ea5t li\u1ec7u chi\u00eam nghi\u1ec7m.<\/p>\n<p>T\u00e1ch kh\u1ecfi \u1ea3nh h\u01b0\u1edfng c\u1ee7a truy\u1ec7n tranh Nh\u1eadt B\u1ea3n, L\u00e2m Ho\u00e0ng Tr\u00fac theo \u0111u\u1ed5i phong c\u00e1ch ri\u00eang cho c\u00e2u chuy\u1ec7n m\u00ecnh mu\u1ed1n k\u1ec3. T\u00e1c gi\u1ea3 l\u01b0\u1ee3c b\u1ecf t\u1ed1i \u0111a nh\u1eefng khung truy\u1ec7n m\u00f4 t\u1ea3 \u0111\u1ed9c tho\u1ea1i n\u1ed9i t\u00e2m, gi\u1eef cho M\u00f9a H\u00e8 B\u1ea5t T\u1eadn m\u1ed9t g\u00f3c nh\u00ecn kh\u00e1ch quan v\u00e0 nh\u01b0\u1eddng l\u1ea1i m\u1ecdi c\u1ea3m nh\u1eadn cho \u0111\u1ed9c gi\u1ea3. C\u00f3 th\u1ec3 n\u00f3i \u0111\u00e2y l\u00e0 m\u1ed9t t\u00e1c ph\u1ea9m truy\u1ec7n tranh Vi\u1ec7t Nam hi\u1ebfm hoi mang \u0111\u1eadm ng\u00f4n ng\u1eef c\u1ee7a \u0111i\u1ec7n \u1ea3nh hi\u1ec7n \u0111\u1ea1i.<\/p>\n<p>M\u00f9a H\u00e8 B\u1ea5t T\u1eadn \u0111\u01b0\u1ee3c L\u00e2m Ho\u00e0ng Tr\u00fac mong mu\u1ed1n s\u1ebd chinh ph\u1ee5c \u0111\u1ed9c gi\u1ea3 \u1edf m\u1ecdi l\u1ee9a tu\u1ed5i. T\u1eadp truy\u1ec7n m\u1edf ra nh\u1eefng g\u00f3c s\u00e2u k\u00edn nh\u1ea5t c\u1ee7a tu\u1ed5i thi\u1ebfu ni\u00ean, n\u00f3i thay n\u1ed7i l\u00f2ng c\u1ee7a c\u00e1c b\u1ea1n tr\u1ebb v\u1edbi gia \u0111\u00ecnh, nh\u00e0 tr\u01b0\u1eddng. Nh\u1eefng n\u1ed7i ni\u1ec1m kh\u00f4ng d\u1ec5 n\u00f3i ra \u1ea5y l\u00e0 c\u1ee7a chung cho b\u1ea5t k\u1ef3 ai \u0111\u00e3 t\u1eebng b\u01b0\u1edbc qua m\u1ed9t th\u1eddi tu\u1ed5i xanh, v\u00e0 c\u0169ng l\u00e0 m\u1ed9t l\u1eddi nh\u1eafn g\u1eedi \u0111\u1ebfn ch\u00ednh nh\u1eefng b\u1eadc cha m\u1eb9 c\u1ee7a ng\u00e0y h\u00f4m nay.<\/p>\n","protected":false},"featured_media":15187,"template":"","meta":{"_acf_changed":false},"product_brand":[],"product_cat":[29],"product_tag":[],"class_list":{"0":"post-15192","1":"product","2":"type-product","3":"status-publish","4":"has-post-thumbnail","6":"product_cat-manga-comics","8":"first","9":"outofstock","10":"taxable","11":"shipping-taxable","12":"purchasable","13":"product-type-simple"},"supplier_id":null,"supplier_sku":"","barcode":null,"atum_controlled":true,"out_stock_date":"2021-08-28 08:51:41","out_stock_threshold":null,"inheritable":false,"inbound_stock":0,"stock_on_hold":0,"sold_today":0,"sales_last_days":0,"reserved_stock":0,"customer_returns":0,"warehouse_damage":0,"lost_in_post":0,"other_logs":0,"out_stock_days":1614,"lost_sales":0,"has_location":false,"update_date":"2026-01-28T23:10:56","atum_locations":[],"atum_stock_status":"outofstock","restock_status":false,"low_stock_amount":"","sales_update_date":"2026-01-28T23:10:56","calc_backorders":null,"acf":{"publisher":{"ID":15186,"post_author":"1","post_date":"2021-08-04 14:56:51","post_date_gmt":"2021-08-04 11:56:51","post_content":"","post_title":"DU B\u00daT","post_excerpt":"","post_status":"publish","comment_status":"closed","ping_status":"closed","post_password":"","post_name":"du-but","to_ping":"","pinged":"","post_modified":"2021-08-04 14:56:51","post_modified_gmt":"2021-08-04 11:56:51","post_content_filtered":"","post_parent":0,"guid":"https:\/\/sachviet.eu\/nha-phat-hanh\/du-but\/","menu_order":0,"post_type":"publisher","post_mime_type":"","comment_count":"0","filter":"raw"}},"_links":{"self":[{"href":"https:\/\/sachviet.eu\/en\/wp-json\/wp\/v2\/product\/15192","targetHints":{"allow":["GET"]}}],"collection":[{"href":"https:\/\/sachviet.eu\/en\/wp-json\/wp\/v2\/product"}],"about":[{"href":"https:\/\/sachviet.eu\/en\/wp-json\/wp\/v2\/types\/product"}],"wp:featuredmedia":[{"embeddable":true,"href":"https:\/\/sachviet.eu\/en\/wp-json\/wp\/v2\/media\/15187"}],"wp:attachment":[{"href":"https:\/\/sachviet.eu\/en\/wp-json\/wp\/v2\/media?parent=15192"}],"wp:term":[{"taxonomy":"product_brand","embeddable":true,"href":"https:\/\/sachviet.eu\/en\/wp-json\/wp\/v2\/product_brand?post=15192"},{"taxonomy":"product_cat","embeddable":true,"href":"https:\/\/sachviet.eu\/en\/wp-json\/wp\/v2\/product_cat?post=15192"},{"taxonomy":"product_tag","embeddable":true,"href":"https:\/\/sachviet.eu\/en\/wp-json\/wp\/v2\/product_tag?post=15192"}],"curies":[{"name":"wp","href":"https:\/\/api.w.org\/{rel}","templated":true}]}}