{"id":15185,"date":"2021-08-04T14:56:48","date_gmt":"2021-08-04T11:56:48","guid":{"rendered":"https:\/\/sachviet.eu\/shop\/cuong-vong-phi-nhan-tinh-tai-ban-2020\/"},"modified":"2023-11-25T17:36:11","modified_gmt":"2023-11-25T15:36:11","slug":"cuong-vong-phi-nhan-tinh-tai-ban-2020","status":"publish","type":"product","link":"https:\/\/sachviet.eu\/en\/shop\/cuong-vong-phi-nhan-tinh-tai-ban-2020\/","title":{"rendered":"Cu\u1ed3ng V\u1ecdng Phi Nh\u00e2n T\u00ednh (T\u00e1i B\u1ea3n 2020)"},"content":{"rendered":"<p>M\u1edf \u0111\u1ea7u Cu\u1ed3ng v\u1ecdng v\u00f4 nh\u00e2n t\u00ednh l\u00e0 m\u1ed9t v\u1ee5 \u00e1n m\u1ea1ng hai ng\u01b0\u1eddi ch\u1ebft. Th\u1ee7 ph\u1ea1m b\u1ecb b\u1eaft ngay sau \u0111\u00f3. C\u1ea3nh s\u00e1t tr\u1ebb Ph\u01b0\u01a1ng M\u1ed9c ch\u1ec9 ph\u1ea3i tr\u1ed5 t\u00e0i c\u00f3 m\u1ed9t l\u1ea7n trong m\u1ed9t cu\u1ed9c th\u1ea9m v\u1ea5n ng\u1eafn \u0111\u1ec3 bu\u1ed9c th\u1ee7 ph\u1ea1m c\u00fai \u0111\u1ea7u nh\u1eadn t\u1ed9i v\u00e0 ch\u1ec9 ra \u0111\u1ecba \u0111i\u1ec3m gi\u1ea5u x\u00e1c hai n\u1ea1n nh\u00e2n. Phi\u00ean t\u00f2a k\u1ebft th\u00fac v\u1edbi m\u1ee9c \u00e1n cao nh\u1ea5t d\u00e0nh cho k\u1ebb gi\u1ebft ng\u01b0\u1eddi: T\u1eed h\u00ecnh ngay. C\u00e2u chuy\u1ec7n t\u01b0\u1edfng ch\u1eebng qu\u00e1 \u0111\u01a1n gi\u1ea3n. Nh\u01b0ng \u0111\u00f3 m\u1edbi ch\u1ec9 l\u00e0 s\u1ef1 kh\u1edfi \u0111\u1ea7u.<\/p>\n<p>V\u1ee5 v\u01b0\u1ee3t ng\u1ee5c c\u00f3 m\u1ed9t kh\u00f4ng hai trong l\u1ecbch s\u1eed th\u00e0nh ph\u1ed1 C khi\u1ebfn c\u01a1 quan c\u00f4ng an ph\u1ea3i huy \u0111\u1ed9ng h\u00e0ng tr\u0103m nh\u00e2n vi\u00ean, t\u1ea1o th\u00e0nh nhi\u1ec1u v\u00f2ng v\u00e2y, v\u00f2ng trong n\u1ed1i v\u00f2ng ngo\u00e0i. M\u1ecdi \u0111\u1ecba \u0111i\u1ec3m c\u00f4ng c\u1ed9ng nh\u00e0 ga, b\u1ebfn t\u00e0u, s\u00e2n bay\u2026 \u0111\u1ec1u b\u1ecb phong t\u1ecfa m\u00e0 v\u1eabn kh\u00f4ng t\u00ecm ra th\u1ee7 ph\u1ea1m. H\u00e0ng lo\u1ea1t nh\u1eefng v\u1ee5 \u00e1n m\u1ea1ng ti\u1ebfp ngay sau \u0111\u00f3 \u0111\u00e3 khi\u1ebfn cho S\u1edf C\u00f4ng an th\u00e0nh ph\u1ed1 C cho\u00e1ng v\u00e1ng. Kh\u00e1c h\u1eb3n nh\u1eefng v\u1ee5 \u00e1n kh\u00e1c. Th\u1ee7 ph\u1ea1m ch\u1eb3ng nh\u1eefng kh\u00f4ng t\u00ecm c\u00e1ch che gi\u1ea5u n\u1ea1n nh\u00e2n \u0111\u1ec3 g\u00e2y kh\u00f3 kh\u0103n cho c\u01a1 quan \u0111i\u1ec1u tra m\u00e0 c\u00f2n \u0111em n\u1ea1n nh\u00e2n ra ph\u01a1i b\u00e0y tr\u01b0\u1edbc thanh thi\u00ean b\u1ea1ch nh\u1eadt gi\u1eefa nh\u1eefng n\u01a1i t\u1ea5p n\u1eadp ng\u01b0\u1eddi qua l\u1ea1i. N\u1ea1n nh\u00e2n n\u00e0o c\u0169ng b\u1ecb \u0111\u00e1nh \u0111\u1eadp tra t\u1ea5n d\u00e3 man tr\u01b0\u1edbc khi ch\u1ebft. Kh\u00f4ng nh\u1eefng th\u1ebf, th\u1ee7 ph\u1ea1m c\u00f2n c\u1ed1 t\u00ecnh t\u1ea1o ra nh\u1eefng t\u00ecnh hu\u1ed1ng gi\u1ed1ng nh\u01b0 ti\u1ebfn h\u00e0nh m\u1ed9t nghi th\u1ee9c t\u00f4n gi\u00e1o: Nh\u00e9t ng\u01b0\u1eddi ch\u1ebft v\u00e0o trong con g\u1ea5u b\u00f4ng treo l\u00ean t\u01b0\u1eddng, cho n\u1ea1n nh\u00e2n ng\u1ed3i trong t\u00ecnh tr\u1ea1ng \u0111ang chu\u1ea9n b\u1ecb giao h\u1ee3p v\u1edbi Man\u01a1canh\u2026<\/p>\n<p>Trong Cu\u1ed3ng v\u1ecdng v\u00f4 nh\u00e2n t\u00ednh, \u0111\u1ed3ng th\u1eddi v\u1edbi vi\u1ec7c \u0111\u01b0a ra nh\u1eefng t\u00ecnh ti\u1ebft \u0111\u1ea7y h\u1ea5p d\u1eabn, ly k\u1ef3 l\u00f4i cu\u1ed1n ng\u01b0\u1eddi \u0111\u1ecdc t\u1eeb trang n\u00e0y \u0111\u1ebfn trang kh\u00e1c, L\u00f4i M\u1ec5 v\u1eabn kh\u00f4ng qu\u00ean ch\u1ee7 \u0111\u1ec1 ch\u00ednh c\u1ee7a cu\u1ed1n s\u00e1ch: L\u1ed9t t\u1ea3 tham v\u1ecdng \u0111\u1ebfn t\u1ed9t c\u00f9ng c\u1ee7a nh\u1eefng con qu\u1ef7 \u0111\u1ed9i l\u1ed1t ng\u01b0\u1eddi v\u00e0 c\u00e1i gi\u00e1 ph\u1ea3i tr\u1ea3. \u0110\u1eb1ng sau nh\u1eefng k\u1ebb \u0111\u1ed9c \u00e1c m\u1ea5t h\u1ebft t\u00ednh ng\u01b0\u1eddi \u0111\u00e3 tr\u1ef1c ti\u1ebfp g\u00e2y n\u00ean nh\u1eefng t\u1ed9i \u00e1c tr\u00ean l\u00e0 nh\u1eefng k\u1ebb ch\u1ee7 m\u01b0u \u0111\u1ea7y h\u1ecdc th\u1ee9c v\u00e0 tham v\u1ecdng. \u0110\u1ec3 \u0111\u1ea1t \u0111\u01b0\u1ee3c m\u1ee5c \u0111\u00edch, ch\u00fang \u0111\u00e3 kh\u00f4ng t\u1eeb m\u1ed9t th\u1ee7 \u0111o\u1ea1n n\u00e0o.<\/p>\n<p>V\u1edbi kinh nghi\u1ec7m d\u00e0y d\u1eb7n c\u1ee7a m\u1ed9t c\u1ea3nh s\u00e1t, v\u1edbi kh\u1ea3 n\u0103ng truy\u1ec1n th\u1ee5 v\u1ed1n c\u00f3 c\u1ee7a m\u1ed9t ng\u01b0\u1eddi th\u1ea7y, v\u1edbi tr\u00ed t\u01b0\u1edfng t\u01b0\u1ee3ng phong ph\u00fa c\u1ee7a m\u1ed9t nh\u00e0 v\u0103n v\u00e0 v\u1ed1n hi\u1ec3u bi\u1ebft s\u00e2u s\u1eafc v\u1ec1 t\u00e2m l\u00fd con ng\u01b0\u1eddi, L\u00f4i M\u1ec5 nh\u01b0 mu\u1ed1n truy\u1ec1n cho \u0111\u1ed9c gi\u1ea3 ni\u1ec1m \u0111am m\u00ea, s\u1ef1 h\u1ee9ng th\u00fa c\u0169ng nh\u01b0 nh\u1eefng gian nan v\u1ea5t v\u1ea3 m\u00e0 nh\u1eefng ng\u01b0\u1eddi chi\u1ebfn s\u0129 c\u1ea3nh s\u00e1t h\u00ecnh s\u1ef1 \u0111\u00e3 tr\u1ea3i qua. Anh t\u1eebng b\u01b0\u1edbc h\u00f3a th\u00e2n m\u1ed7i \u0111\u1ed9c gi\u1ea3 th\u00e0nh m\u1ed9t trinh s\u00e1t h\u00ecnh s\u1ef1, \u0111\u01b0\u1ee3c tham gia ph\u00e1 \u00e1n tr\u00ean t\u1eebng kh\u00e2u c\u1ee7a qu\u00e1 tr\u00ecnh \u0111i\u1ec1u tra. \u0110\u01b0\u1ee3c tham gia kh\u00e1m nghi\u1ec7m hi\u1ec7n tr\u01b0\u1eddng, \u0111\u01b0\u1ee3c h\u1ecfi cung, \u0111\u01b0\u1ee3c ph\u00e2n t\u00edch t\u00e2m l\u00fd t\u1ed9i ph\u1ea1m ngay c\u1ea3 khi ch\u01b0a \u0111\u01b0\u1ee3c nh\u00ecn th\u1ea5y m\u1eb7t ch\u00fang.<\/p>\n","protected":false},"excerpt":{"rendered":"<p>M\u1edf \u0111\u1ea7u Cu\u1ed3ng v\u1ecdng v\u00f4 nh\u00e2n t\u00ednh l\u00e0 m\u1ed9t v\u1ee5 \u00e1n m\u1ea1ng hai ng\u01b0\u1eddi ch\u1ebft. Th\u1ee7 ph\u1ea1m b\u1ecb b\u1eaft ngay sau \u0111\u00f3. C\u1ea3nh s\u00e1t tr\u1ebb Ph\u01b0\u01a1ng M\u1ed9c ch\u1ec9 ph\u1ea3i tr\u1ed5 t\u00e0i c\u00f3 m\u1ed9t l\u1ea7n trong m\u1ed9t cu\u1ed9c th\u1ea9m v\u1ea5n ng\u1eafn \u0111\u1ec3 bu\u1ed9c th\u1ee7 ph\u1ea1m c\u00fai \u0111\u1ea7u nh\u1eadn t\u1ed9i v\u00e0 ch\u1ec9 ra \u0111\u1ecba \u0111i\u1ec3m gi\u1ea5u x\u00e1c hai n\u1ea1n nh\u00e2n. Phi\u00ean t\u00f2a k\u1ebft th\u00fac v\u1edbi m\u1ee9c \u00e1n cao nh\u1ea5t d\u00e0nh cho k\u1ebb gi\u1ebft ng\u01b0\u1eddi: T\u1eed h\u00ecnh ngay. C\u00e2u chuy\u1ec7n t\u01b0\u1edfng ch\u1eebng qu\u00e1 \u0111\u01a1n gi\u1ea3n. Nh\u01b0ng \u0111\u00f3 m\u1edbi ch\u1ec9 l\u00e0 s\u1ef1 kh\u1edfi \u0111\u1ea7u.<\/p>\n<p>V\u1ee5 v\u01b0\u1ee3t ng\u1ee5c c\u00f3 m\u1ed9t kh\u00f4ng hai trong l\u1ecbch s\u1eed th\u00e0nh ph\u1ed1 C khi\u1ebfn c\u01a1 quan c\u00f4ng an ph\u1ea3i huy \u0111\u1ed9ng h\u00e0ng tr\u0103m nh\u00e2n vi\u00ean, t\u1ea1o th\u00e0nh nhi\u1ec1u v\u00f2ng v\u00e2y, v\u00f2ng trong n\u1ed1i v\u00f2ng ngo\u00e0i. M\u1ecdi \u0111\u1ecba \u0111i\u1ec3m c\u00f4ng c\u1ed9ng nh\u00e0 ga, b\u1ebfn t\u00e0u, s\u00e2n bay\u2026 \u0111\u1ec1u b\u1ecb phong t\u1ecfa m\u00e0 v\u1eabn kh\u00f4ng t\u00ecm ra th\u1ee7 ph\u1ea1m. H\u00e0ng lo\u1ea1t nh\u1eefng v\u1ee5 \u00e1n m\u1ea1ng ti\u1ebfp ngay sau \u0111\u00f3 \u0111\u00e3 khi\u1ebfn cho S\u1edf C\u00f4ng an th\u00e0nh ph\u1ed1 C cho\u00e1ng v\u00e1ng. Kh\u00e1c h\u1eb3n nh\u1eefng v\u1ee5 \u00e1n kh\u00e1c. Th\u1ee7 ph\u1ea1m ch\u1eb3ng nh\u1eefng kh\u00f4ng t\u00ecm c\u00e1ch che gi\u1ea5u n\u1ea1n nh\u00e2n \u0111\u1ec3 g\u00e2y kh\u00f3 kh\u0103n cho c\u01a1 quan \u0111i\u1ec1u tra m\u00e0 c\u00f2n \u0111em n\u1ea1n nh\u00e2n ra ph\u01a1i b\u00e0y tr\u01b0\u1edbc thanh thi\u00ean b\u1ea1ch nh\u1eadt gi\u1eefa nh\u1eefng n\u01a1i t\u1ea5p n\u1eadp ng\u01b0\u1eddi qua l\u1ea1i. N\u1ea1n nh\u00e2n n\u00e0o c\u0169ng b\u1ecb \u0111\u00e1nh \u0111\u1eadp tra t\u1ea5n d\u00e3 man tr\u01b0\u1edbc khi ch\u1ebft. Kh\u00f4ng nh\u1eefng th\u1ebf, th\u1ee7 ph\u1ea1m c\u00f2n c\u1ed1 t\u00ecnh t\u1ea1o ra nh\u1eefng t\u00ecnh hu\u1ed1ng gi\u1ed1ng nh\u01b0 ti\u1ebfn h\u00e0nh m\u1ed9t nghi th\u1ee9c t\u00f4n gi\u00e1o: Nh\u00e9t ng\u01b0\u1eddi ch\u1ebft v\u00e0o trong con g\u1ea5u b\u00f4ng treo l\u00ean t\u01b0\u1eddng, cho n\u1ea1n nh\u00e2n ng\u1ed3i trong t\u00ecnh tr\u1ea1ng \u0111ang chu\u1ea9n b\u1ecb giao h\u1ee3p v\u1edbi Man\u01a1canh\u2026<\/p>\n<p>Trong Cu\u1ed3ng v\u1ecdng v\u00f4 nh\u00e2n t\u00ednh, \u0111\u1ed3ng th\u1eddi v\u1edbi vi\u1ec7c \u0111\u01b0a ra nh\u1eefng t\u00ecnh ti\u1ebft \u0111\u1ea7y h\u1ea5p d\u1eabn, ly k\u1ef3 l\u00f4i cu\u1ed1n ng\u01b0\u1eddi \u0111\u1ecdc t\u1eeb trang n\u00e0y \u0111\u1ebfn trang kh\u00e1c, L\u00f4i M\u1ec5 v\u1eabn kh\u00f4ng qu\u00ean ch\u1ee7 \u0111\u1ec1 ch\u00ednh c\u1ee7a cu\u1ed1n s\u00e1ch: L\u1ed9t t\u1ea3 tham v\u1ecdng \u0111\u1ebfn t\u1ed9t c\u00f9ng c\u1ee7a nh\u1eefng con qu\u1ef7 \u0111\u1ed9i l\u1ed1t ng\u01b0\u1eddi v\u00e0 c\u00e1i gi\u00e1 ph\u1ea3i tr\u1ea3. \u0110\u1eb1ng sau nh\u1eefng k\u1ebb \u0111\u1ed9c \u00e1c m\u1ea5t h\u1ebft t\u00ednh ng\u01b0\u1eddi \u0111\u00e3 tr\u1ef1c ti\u1ebfp g\u00e2y n\u00ean nh\u1eefng t\u1ed9i \u00e1c tr\u00ean l\u00e0 nh\u1eefng k\u1ebb ch\u1ee7 m\u01b0u \u0111\u1ea7y h\u1ecdc th\u1ee9c v\u00e0 tham v\u1ecdng. \u0110\u1ec3 \u0111\u1ea1t \u0111\u01b0\u1ee3c m\u1ee5c \u0111\u00edch, ch\u00fang \u0111\u00e3 kh\u00f4ng t\u1eeb m\u1ed9t th\u1ee7 \u0111o\u1ea1n n\u00e0o.<\/p>\n<p>V\u1edbi kinh nghi\u1ec7m d\u00e0y d\u1eb7n c\u1ee7a m\u1ed9t c\u1ea3nh s\u00e1t, v\u1edbi kh\u1ea3 n\u0103ng truy\u1ec1n th\u1ee5 v\u1ed1n c\u00f3 c\u1ee7a m\u1ed9t ng\u01b0\u1eddi th\u1ea7y, v\u1edbi tr\u00ed t\u01b0\u1edfng t\u01b0\u1ee3ng phong ph\u00fa c\u1ee7a m\u1ed9t nh\u00e0 v\u0103n v\u00e0 v\u1ed1n hi\u1ec3u bi\u1ebft s\u00e2u s\u1eafc v\u1ec1 t\u00e2m l\u00fd con ng\u01b0\u1eddi, L\u00f4i M\u1ec5 nh\u01b0 mu\u1ed1n truy\u1ec1n cho \u0111\u1ed9c gi\u1ea3 ni\u1ec1m \u0111am m\u00ea, s\u1ef1 h\u1ee9ng th\u00fa c\u0169ng nh\u01b0 nh\u1eefng gian nan v\u1ea5t v\u1ea3 m\u00e0 nh\u1eefng ng\u01b0\u1eddi chi\u1ebfn s\u0129 c\u1ea3nh s\u00e1t h\u00ecnh s\u1ef1 \u0111\u00e3 tr\u1ea3i qua. Anh t\u1eebng b\u01b0\u1edbc h\u00f3a th\u00e2n m\u1ed7i \u0111\u1ed9c gi\u1ea3 th\u00e0nh m\u1ed9t trinh s\u00e1t h\u00ecnh s\u1ef1, \u0111\u01b0\u1ee3c tham gia ph\u00e1 \u00e1n tr\u00ean t\u1eebng kh\u00e2u c\u1ee7a qu\u00e1 tr\u00ecnh \u0111i\u1ec1u tra. \u0110\u01b0\u1ee3c tham gia kh\u00e1m nghi\u1ec7m hi\u1ec7n tr\u01b0\u1eddng, \u0111\u01b0\u1ee3c h\u1ecfi cung, \u0111\u01b0\u1ee3c ph\u00e2n t\u00edch t\u00e2m l\u00fd t\u1ed9i ph\u1ea1m ngay c\u1ea3 khi ch\u01b0a \u0111\u01b0\u1ee3c nh\u00ecn th\u1ea5y m\u1eb7t ch\u00fang.<\/p>\n","protected":false},"featured_media":15183,"template":"","meta":{"_acf_changed":false},"product_brand":[],"product_cat":[15,72],"product_tag":[81],"class_list":{"0":"post-15185","1":"product","2":"type-product","3":"status-publish","4":"has-post-thumbnail","6":"product_cat-sach-danh-cho-nguoi-lon","7":"product_cat-trinh-tham-kinh-di","8":"product_tag-sach-gia-uu-dai","10":"first","11":"outofstock","12":"sale","13":"taxable","14":"shipping-taxable","15":"purchasable","16":"product-type-simple"},"supplier_id":null,"supplier_sku":"","barcode":null,"atum_controlled":true,"out_stock_date":"2023-11-25 15:36:11","out_stock_threshold":null,"inheritable":false,"inbound_stock":0,"stock_on_hold":0,"sold_today":0,"sales_last_days":0,"reserved_stock":0,"customer_returns":0,"warehouse_damage":0,"lost_in_post":0,"other_logs":0,"out_stock_days":795,"lost_sales":0,"has_location":false,"update_date":"2026-01-28T23:10:56","atum_locations":[],"atum_stock_status":"outofstock","restock_status":false,"low_stock_amount":"","sales_update_date":"2026-01-28T23:10:56","calc_backorders":null,"acf":{"publisher":{"ID":15182,"post_author":"1","post_date":"2021-08-04 14:56:42","post_date_gmt":"2021-08-04 11:56:42","post_content":"","post_title":"S\u00e1ch C\u1ed5 Nguy\u1ec7t","post_excerpt":"","post_status":"publish","comment_status":"closed","ping_status":"closed","post_password":"","post_name":"sach-co-nguyet","to_ping":"","pinged":"","post_modified":"2021-08-04 14:56:42","post_modified_gmt":"2021-08-04 11:56:42","post_content_filtered":"","post_parent":0,"guid":"https:\/\/sachviet.eu\/nha-phat-hanh\/sach-co-nguyet\/","menu_order":0,"post_type":"publisher","post_mime_type":"","comment_count":"0","filter":"raw"}},"_links":{"self":[{"href":"https:\/\/sachviet.eu\/en\/wp-json\/wp\/v2\/product\/15185","targetHints":{"allow":["GET"]}}],"collection":[{"href":"https:\/\/sachviet.eu\/en\/wp-json\/wp\/v2\/product"}],"about":[{"href":"https:\/\/sachviet.eu\/en\/wp-json\/wp\/v2\/types\/product"}],"wp:featuredmedia":[{"embeddable":true,"href":"https:\/\/sachviet.eu\/en\/wp-json\/wp\/v2\/media\/15183"}],"wp:attachment":[{"href":"https:\/\/sachviet.eu\/en\/wp-json\/wp\/v2\/media?parent=15185"}],"wp:term":[{"taxonomy":"product_brand","embeddable":true,"href":"https:\/\/sachviet.eu\/en\/wp-json\/wp\/v2\/product_brand?post=15185"},{"taxonomy":"product_cat","embeddable":true,"href":"https:\/\/sachviet.eu\/en\/wp-json\/wp\/v2\/product_cat?post=15185"},{"taxonomy":"product_tag","embeddable":true,"href":"https:\/\/sachviet.eu\/en\/wp-json\/wp\/v2\/product_tag?post=15185"}],"curies":[{"name":"wp","href":"https:\/\/api.w.org\/{rel}","templated":true}]}}