{"id":15181,"date":"2021-08-04T14:56:39","date_gmt":"2021-08-04T11:56:39","guid":{"rendered":"https:\/\/sachviet.eu\/shop\/zoo\/"},"modified":"2024-04-18T14:29:39","modified_gmt":"2024-04-18T11:29:39","slug":"zoo","status":"publish","type":"product","link":"https:\/\/sachviet.eu\/en\/shop\/zoo\/","title":{"rendered":"Zoo"},"content":{"rendered":"<p>H\u01a1i l\u1ea1nh ph\u00e0 ra t\u1eeb kh\u1eafp cu\u1ed1n s\u00e1ch kinh d\u1ecb n\u00e0y\u2026<br \/>\nPh\u00e0 ra t\u1eeb h\u1ea7m ng\u1ea7m, n\u01a1i c\u00e1c n\u1ea1n nh\u00e2n b\u1ecb ch\u1eb7t th\u00e0nh t\u1eebng m\u1ea3nh nh\u1ecf \u0111\u1ec3 tr\u00f4i v\u1eeba qua l\u01b0\u1edbi ch\u1eafn c\u1ed1ng x\u1ed1i,<br \/>\nPh\u00e0 ra t\u1eeb b\u1ed9 \u1ea3nh ch\u1ee5p l\u1ea7n l\u01b0\u1ee3t t\u1eebng b\u01b0\u1edbc ph\u00e2n h\u1ee7y x\u00e1c m\u1ed9t c\u00f4 g\u00e1i: \u0111\u1ed5i m\u00e0u, \u1ee9a n\u01b0\u1edbc, r\u1eefa n\u00e1t \u0111\u1ebfn kh\u00f4 qu\u1eaft d\u00f2i b\u1ecd ch\u00e1n n\u1ea3n b\u1ecf \u0111i,<br \/>\nPh\u00e0 ra t\u1eeb ng\u01b0\u1eddi \u0111\u00e0n \u00f4ng t\u1ec9nh d\u1eady v\u1edbi m\u00e1u me \u0111\u1ea7m \u0111\u00eca v\u00e0 l\u00ea l\u1ebft ch\u1ea5m ph\u1ea9y ch\u1ea1y m\u00e3i m\u00e0 kh\u00f4ng h\u1ec1 hay bi\u1ebft ch\u00e2n m\u00ecnh \u0111\u00e3 g\u00e3y\u2026<br \/>\nC\u0169ng nh\u01b0 ph\u00e0 ra t\u1eeb kh\u00f4ng thi\u1ebfu m\u1ed9t c\u00e2u chuy\u1ec7n n\u00e0o b\u1edfi s\u1ef1 mi\u00eau t\u1ea3 t\u1ec9 m\u1ec9 v\u00e0 g\u1ea7n nh\u01b0 b\u00e0ng quan c\u1ee7a t\u00e1c gi\u1ea3 tr\u01b0\u1edbc nh\u1eefng c\u1ea3nh ch\u1ebft kh\u00e1c nhau c\u1ee7a con ng\u01b0\u1eddi.<br \/>\nD\u00f9 th\u1ebf, b\u1eb1ng c\u00e1ch d\u00f5i theo nh\u1eefng g\u00f3c khu\u1ea5t trong t\u00e2m l\u00fd th\u1ee7 ph\u1ea1m, b\u1eb1ng c\u00e1ch khai th\u00e1c nh\u1eefng t\u00ecnh hu\u1ed1ng g\u1eb7p n\u1ea1n g\u1ea7n g\u0169i v\u1edbi \u0111\u1eddi s\u1ed1ng, b\u1eb1ng c\u00e1ch gia gi\u1ea3m t\u01b0\u01a1ng \u0111\u01b0\u01a1ng gi\u1eefa ph\u1ea1m t\u1ed9i v\u00e0 lu\u1eadn t\u1ed9i, ZOO \u0111\u00e3 k\u00edn \u0111\u00e1o th\u1ea3 theo sau lu\u1ed3ng h\u01a1i l\u1ea1nh \u1ea5y m\u1ed9t ch\u00fat nh\u00e2n t\u00ednh, m\u1ed9t ch\u00fat nh\u00e2n qu\u1ea3, m\u1ed9t ch\u00fat nh\u00e2n v\u0103n.<br \/>\nB\u1edfi v\u1eady cu\u1ed1n s\u00e1ch n\u00e0y, tuy l\u1ea1nh gi\u00e1\u2026<br \/>\nNh\u01b0ng r\u1ea5t \u00edt l\u1ea1nh l\u00f9ng.<\/p>\n","protected":false},"excerpt":{"rendered":"<p>H\u01a1i l\u1ea1nh ph\u00e0 ra t\u1eeb kh\u1eafp cu\u1ed1n s\u00e1ch kinh d\u1ecb n\u00e0y\u2026<br \/>\nPh\u00e0 ra t\u1eeb h\u1ea7m ng\u1ea7m, n\u01a1i c\u00e1c n\u1ea1n nh\u00e2n b\u1ecb ch\u1eb7t th\u00e0nh t\u1eebng m\u1ea3nh nh\u1ecf \u0111\u1ec3 tr\u00f4i v\u1eeba qua l\u01b0\u1edbi ch\u1eafn c\u1ed1ng x\u1ed1i,<br \/>\nPh\u00e0 ra t\u1eeb b\u1ed9 \u1ea3nh ch\u1ee5p l\u1ea7n l\u01b0\u1ee3t t\u1eebng b\u01b0\u1edbc ph\u00e2n h\u1ee7y x\u00e1c m\u1ed9t c\u00f4 g\u00e1i: \u0111\u1ed5i m\u00e0u, \u1ee9a n\u01b0\u1edbc, r\u1eefa n\u00e1t \u0111\u1ebfn kh\u00f4 qu\u1eaft d\u00f2i b\u1ecd ch\u00e1n n\u1ea3n b\u1ecf \u0111i,<br \/>\nPh\u00e0 ra t\u1eeb ng\u01b0\u1eddi \u0111\u00e0n \u00f4ng t\u1ec9nh d\u1eady v\u1edbi m\u00e1u me \u0111\u1ea7m \u0111\u00eca v\u00e0 l\u00ea l\u1ebft ch\u1ea5m ph\u1ea9y ch\u1ea1y m\u00e3i m\u00e0 kh\u00f4ng h\u1ec1 hay bi\u1ebft ch\u00e2n m\u00ecnh \u0111\u00e3 g\u00e3y\u2026<br \/>\nC\u0169ng nh\u01b0 ph\u00e0 ra t\u1eeb kh\u00f4ng thi\u1ebfu m\u1ed9t c\u00e2u chuy\u1ec7n n\u00e0o b\u1edfi s\u1ef1 mi\u00eau t\u1ea3 t\u1ec9 m\u1ec9 v\u00e0 g\u1ea7n nh\u01b0 b\u00e0ng quan c\u1ee7a t\u00e1c gi\u1ea3 tr\u01b0\u1edbc nh\u1eefng c\u1ea3nh ch\u1ebft kh\u00e1c nhau c\u1ee7a con ng\u01b0\u1eddi.<br \/>\nD\u00f9 th\u1ebf, b\u1eb1ng c\u00e1ch d\u00f5i theo nh\u1eefng g\u00f3c khu\u1ea5t trong t\u00e2m l\u00fd th\u1ee7 ph\u1ea1m, b\u1eb1ng c\u00e1ch khai th\u00e1c nh\u1eefng t\u00ecnh hu\u1ed1ng g\u1eb7p n\u1ea1n g\u1ea7n g\u0169i v\u1edbi \u0111\u1eddi s\u1ed1ng, b\u1eb1ng c\u00e1ch gia gi\u1ea3m t\u01b0\u01a1ng \u0111\u01b0\u01a1ng gi\u1eefa ph\u1ea1m t\u1ed9i v\u00e0 lu\u1eadn t\u1ed9i, ZOO \u0111\u00e3 k\u00edn \u0111\u00e1o th\u1ea3 theo sau lu\u1ed3ng h\u01a1i l\u1ea1nh \u1ea5y m\u1ed9t ch\u00fat nh\u00e2n t\u00ednh, m\u1ed9t ch\u00fat nh\u00e2n qu\u1ea3, m\u1ed9t ch\u00fat nh\u00e2n v\u0103n.<br \/>\nB\u1edfi v\u1eady cu\u1ed1n s\u00e1ch n\u00e0y, tuy l\u1ea1nh gi\u00e1\u2026<br \/>\nNh\u01b0ng r\u1ea5t \u00edt l\u1ea1nh l\u00f9ng.<\/p>\n","protected":false},"featured_media":15179,"template":"","meta":{"_acf_changed":false},"product_brand":[],"product_cat":[15,72],"product_tag":[],"class_list":{"0":"post-15181","1":"product","2":"type-product","3":"status-publish","4":"has-post-thumbnail","6":"product_cat-sach-danh-cho-nguoi-lon","7":"product_cat-trinh-tham-kinh-di","9":"first","10":"outofstock","11":"taxable","12":"shipping-taxable","13":"purchasable","14":"product-type-simple"},"supplier_id":null,"supplier_sku":"","barcode":null,"atum_controlled":true,"out_stock_date":"2024-04-18 11:29:39","out_stock_threshold":null,"inheritable":false,"inbound_stock":0,"stock_on_hold":0,"sold_today":0,"sales_last_days":0,"reserved_stock":0,"customer_returns":0,"warehouse_damage":0,"lost_in_post":0,"other_logs":0,"out_stock_days":650,"lost_sales":0,"has_location":false,"update_date":"2026-01-28T23:10:56","atum_locations":[],"atum_stock_status":"outofstock","restock_status":false,"low_stock_amount":"","sales_update_date":"2026-01-28T23:10:56","calc_backorders":null,"acf":{"publisher":{"ID":8612,"post_author":"1","post_date":"2021-04-28 14:27:30","post_date_gmt":"2021-04-28 11:27:30","post_content":"","post_title":"IPM","post_excerpt":"","post_status":"publish","comment_status":"closed","ping_status":"closed","post_password":"","post_name":"ipm","to_ping":"","pinged":"","post_modified":"2021-04-28 14:27:30","post_modified_gmt":"2021-04-28 11:27:30","post_content_filtered":"","post_parent":0,"guid":"https:\/\/sachviet.eu\/nha-phat-hanh\/ipm\/","menu_order":0,"post_type":"publisher","post_mime_type":"","comment_count":"0","filter":"raw"}},"_links":{"self":[{"href":"https:\/\/sachviet.eu\/en\/wp-json\/wp\/v2\/product\/15181","targetHints":{"allow":["GET"]}}],"collection":[{"href":"https:\/\/sachviet.eu\/en\/wp-json\/wp\/v2\/product"}],"about":[{"href":"https:\/\/sachviet.eu\/en\/wp-json\/wp\/v2\/types\/product"}],"wp:featuredmedia":[{"embeddable":true,"href":"https:\/\/sachviet.eu\/en\/wp-json\/wp\/v2\/media\/15179"}],"wp:attachment":[{"href":"https:\/\/sachviet.eu\/en\/wp-json\/wp\/v2\/media?parent=15181"}],"wp:term":[{"taxonomy":"product_brand","embeddable":true,"href":"https:\/\/sachviet.eu\/en\/wp-json\/wp\/v2\/product_brand?post=15181"},{"taxonomy":"product_cat","embeddable":true,"href":"https:\/\/sachviet.eu\/en\/wp-json\/wp\/v2\/product_cat?post=15181"},{"taxonomy":"product_tag","embeddable":true,"href":"https:\/\/sachviet.eu\/en\/wp-json\/wp\/v2\/product_tag?post=15181"}],"curies":[{"name":"wp","href":"https:\/\/api.w.org\/{rel}","templated":true}]}}