{"id":15162,"date":"2021-08-04T14:55:43","date_gmt":"2021-08-04T11:55:43","guid":{"rendered":"https:\/\/sachviet.eu\/shop\/thu-vui-xe-dich\/"},"modified":"2022-12-19T18:34:27","modified_gmt":"2022-12-19T16:34:27","slug":"thu-vui-xe-dich","status":"publish","type":"product","link":"https:\/\/sachviet.eu\/en\/shop\/thu-vui-xe-dich\/","title":{"rendered":"Th\u00fa Vui X\u00ea D\u1ecbch"},"content":{"rendered":"<p>Mark Tungate l\u00e0 m\u1ed9t t\u00e1c gi\u1ea3 \u0111\u1eb7c bi\u1ec7t, v\u00ec \u00f4ng ch\u1ec9 vi\u1ebft nh\u1eefng lo\u1ea1i s\u00e1ch m\u00e0 \u00f4ng th\u00edch \u0111\u1ecdc. Do \u0111\u00f3, n\u1ebfu b\u1ea1n \u0111ang t\u00ecm ki\u1ebfm m\u1ed9t b\u1ed9 s\u00e1ch kinh doanh theo ki\u1ec3u truy\u1ec1n th\u1ed1ng \u2013 v\u1edbi c\u00e1c b\u1ea3ng bi\u1ec3u v\u00e0 ph\u1ee5 l\u1ee5c \u2013 h\u00e3y b\u1ecf qua cu\u1ed1n s\u00e1ch n\u00e0y. H\u1eb3n nhi\u00ean, m\u1ee5c \u0111\u00edch c\u1ee7a Th\u00fa vui \u201cx\u00ea d\u1ecbch\u201d l\u00e0 t\u00ecm hi\u1ec3u v\u1ec1 l\u1ecbch s\u1eed v\u00e0 chi\u1ebfn l\u01b0\u1ee3c kinh doanh c\u1ee7a c\u00e1c th\u01b0\u01a1ng hi\u1ec7u du l\u1ecbch\/kh\u00e1ch s\u1ea1n. Nh\u01b0ng tr\u00ean t\u1ea5t c\u1ea3, cu\u1ed1n s\u00e1ch c\u00f2n l\u00e0 b\u1ed9 s\u01b0u t\u1eadp nh\u1eefng c\u00e2u chuy\u1ec7n kinh doanh s\u1ed1ng \u0111\u1ed9ng v\u00e0 tr\u00e0n \u0111\u1ea7y c\u1ea3m h\u1ee9ng.<\/p>\n<p>Th\u1ebf gi\u1edbi du l\u1ecbch c\u1ee7a ng\u00e0y h\u00f4m qua \u2013 kh\u00e1ch s\u1ea1n cung \u0111i\u1ec7n, n\u00e9t quy\u1ebfn r\u0169 thanh l\u1ecbch c\u1ee7a ng\u00e0nh h\u00e0ng kh\u00f4ng v\u00e0 nh\u1eefng cu\u1ed9c d\u1ea1o ch\u01a1i tr\u00ean bi\u1ec3n. Th\u1ebf nh\u01b0ng ng\u00e0y nay, con ng\u01b0\u1eddi l\u1ea1i h\u01b0\u1edbng t\u1edbi nh\u1eefng ti\u1ec7n nghi v\u00e0 d\u1ecbch v\u1ee5 ho\u00e0n h\u1ea3o trong m\u1ed9t b\u1ea7u kh\u00f4ng kh\u00ed t\u1ef1 do, kh\u00f4ng r\u00e0ng bu\u1ed9c. T\u00e1c gi\u1ea3 Mark Tungate s\u1ebd \u0111\u01b0a ch\u00fang ta b\u01b0\u1edbc v\u00e0o h\u00e0nh tr\u00ecnh chuy\u1ec3n \u0111\u1ed5i ngo\u1ea1n m\u1ee5c n\u00e0y th\u00f4ng qua nh\u1eefng cu\u1ed9c tr\u00f2 chuy\u1ec7n v\u1edbi th\u1ebf h\u1ec7 k\u1ebf th\u1eeba t\u1ef1 h\u00e0o c\u1ee7a th\u1eddi v\u00e0ng son x\u01b0a c\u0169 \u1ea5y.<\/p>\n<p>\u0110\u1ec3 b\u1eaft \u0111\u1ea7u cho chuy\u1ebfn \u0111i c\u1ee7a ch\u00fang ta, h\u00e3y l\u1eadt sang trang ti\u1ebfp theo cho h\u00e0nh tr\u00ecnh t\u00ecm v\u1ec1 qu\u00e1 kh\u1ee9.<\/p>\n","protected":false},"excerpt":{"rendered":"<p>Mark Tungate l\u00e0 m\u1ed9t t\u00e1c gi\u1ea3 \u0111\u1eb7c bi\u1ec7t, v\u00ec \u00f4ng ch\u1ec9 vi\u1ebft nh\u1eefng lo\u1ea1i s\u00e1ch m\u00e0 \u00f4ng th\u00edch \u0111\u1ecdc. Do \u0111\u00f3, n\u1ebfu b\u1ea1n \u0111ang t\u00ecm ki\u1ebfm m\u1ed9t b\u1ed9 s\u00e1ch kinh doanh theo ki\u1ec3u truy\u1ec1n th\u1ed1ng \u2013 v\u1edbi c\u00e1c b\u1ea3ng bi\u1ec3u v\u00e0 ph\u1ee5 l\u1ee5c \u2013 h\u00e3y b\u1ecf qua cu\u1ed1n s\u00e1ch n\u00e0y. H\u1eb3n nhi\u00ean, m\u1ee5c \u0111\u00edch c\u1ee7a Th\u00fa vui \u201cx\u00ea d\u1ecbch\u201d l\u00e0 t\u00ecm hi\u1ec3u v\u1ec1 l\u1ecbch s\u1eed v\u00e0 chi\u1ebfn l\u01b0\u1ee3c kinh doanh c\u1ee7a c\u00e1c th\u01b0\u01a1ng hi\u1ec7u du l\u1ecbch\/kh\u00e1ch s\u1ea1n. Nh\u01b0ng tr\u00ean t\u1ea5t c\u1ea3, cu\u1ed1n s\u00e1ch c\u00f2n l\u00e0 b\u1ed9 s\u01b0u t\u1eadp nh\u1eefng c\u00e2u chuy\u1ec7n kinh doanh s\u1ed1ng \u0111\u1ed9ng v\u00e0 tr\u00e0n \u0111\u1ea7y c\u1ea3m h\u1ee9ng.<\/p>\n<p>Th\u1ebf gi\u1edbi du l\u1ecbch c\u1ee7a ng\u00e0y h\u00f4m qua \u2013 kh\u00e1ch s\u1ea1n cung \u0111i\u1ec7n, n\u00e9t quy\u1ebfn r\u0169 thanh l\u1ecbch c\u1ee7a ng\u00e0nh h\u00e0ng kh\u00f4ng v\u00e0 nh\u1eefng cu\u1ed9c d\u1ea1o ch\u01a1i tr\u00ean bi\u1ec3n. Th\u1ebf nh\u01b0ng ng\u00e0y nay, con ng\u01b0\u1eddi l\u1ea1i h\u01b0\u1edbng t\u1edbi nh\u1eefng ti\u1ec7n nghi v\u00e0 d\u1ecbch v\u1ee5 ho\u00e0n h\u1ea3o trong m\u1ed9t b\u1ea7u kh\u00f4ng kh\u00ed t\u1ef1 do, kh\u00f4ng r\u00e0ng bu\u1ed9c. T\u00e1c gi\u1ea3 Mark Tungate s\u1ebd \u0111\u01b0a ch\u00fang ta b\u01b0\u1edbc v\u00e0o h\u00e0nh tr\u00ecnh chuy\u1ec3n \u0111\u1ed5i ngo\u1ea1n m\u1ee5c n\u00e0y th\u00f4ng qua nh\u1eefng cu\u1ed9c tr\u00f2 chuy\u1ec7n v\u1edbi th\u1ebf h\u1ec7 k\u1ebf th\u1eeba t\u1ef1 h\u00e0o c\u1ee7a th\u1eddi v\u00e0ng son x\u01b0a c\u0169 \u1ea5y.<\/p>\n<p>\u0110\u1ec3 b\u1eaft \u0111\u1ea7u cho chuy\u1ebfn \u0111i c\u1ee7a ch\u00fang ta, h\u00e3y l\u1eadt sang trang ti\u1ebfp theo cho h\u00e0nh tr\u00ecnh t\u00ecm v\u1ec1 qu\u00e1 kh\u1ee9.<\/p>\n","protected":false},"featured_media":15152,"template":"","meta":{"_acf_changed":false},"product_brand":[],"product_cat":[15,47],"product_tag":[81],"class_list":{"0":"post-15162","1":"product","2":"type-product","3":"status-publish","4":"has-post-thumbnail","6":"product_cat-sach-danh-cho-nguoi-lon","7":"product_cat-truyen-ngan-tan-van","8":"product_tag-sach-gia-uu-dai","10":"first","11":"instock","12":"sale","13":"taxable","14":"shipping-taxable","15":"purchasable","16":"product-type-simple"},"supplier_id":null,"supplier_sku":"","barcode":null,"atum_controlled":true,"out_stock_date":null,"out_stock_threshold":null,"inheritable":false,"inbound_stock":0,"stock_on_hold":0,"sold_today":0,"sales_last_days":0,"reserved_stock":0,"customer_returns":0,"warehouse_damage":0,"lost_in_post":0,"other_logs":0,"out_stock_days":0,"lost_sales":0,"has_location":false,"update_date":"2026-01-28T23:10:56","atum_locations":[],"atum_stock_status":"instock","restock_status":false,"low_stock_amount":"","sales_update_date":"2026-01-28T23:10:56","calc_backorders":null,"acf":{"publisher":{"ID":9871,"post_author":"1","post_date":"2021-06-02 17:52:59","post_date_gmt":"2021-06-02 14:52:59","post_content":"","post_title":"Saigon Books","post_excerpt":"","post_status":"publish","comment_status":"closed","ping_status":"closed","post_password":"","post_name":"saigon-books","to_ping":"","pinged":"","post_modified":"2021-06-02 17:52:59","post_modified_gmt":"2021-06-02 14:52:59","post_content_filtered":"","post_parent":0,"guid":"https:\/\/sachviet.eu\/nha-phat-hanh\/saigon-books\/","menu_order":0,"post_type":"publisher","post_mime_type":"","comment_count":"0","filter":"raw"}},"_links":{"self":[{"href":"https:\/\/sachviet.eu\/en\/wp-json\/wp\/v2\/product\/15162","targetHints":{"allow":["GET"]}}],"collection":[{"href":"https:\/\/sachviet.eu\/en\/wp-json\/wp\/v2\/product"}],"about":[{"href":"https:\/\/sachviet.eu\/en\/wp-json\/wp\/v2\/types\/product"}],"wp:featuredmedia":[{"embeddable":true,"href":"https:\/\/sachviet.eu\/en\/wp-json\/wp\/v2\/media\/15152"}],"wp:attachment":[{"href":"https:\/\/sachviet.eu\/en\/wp-json\/wp\/v2\/media?parent=15162"}],"wp:term":[{"taxonomy":"product_brand","embeddable":true,"href":"https:\/\/sachviet.eu\/en\/wp-json\/wp\/v2\/product_brand?post=15162"},{"taxonomy":"product_cat","embeddable":true,"href":"https:\/\/sachviet.eu\/en\/wp-json\/wp\/v2\/product_cat?post=15162"},{"taxonomy":"product_tag","embeddable":true,"href":"https:\/\/sachviet.eu\/en\/wp-json\/wp\/v2\/product_tag?post=15162"}],"curies":[{"name":"wp","href":"https:\/\/api.w.org\/{rel}","templated":true}]}}