{"id":1516,"date":"2021-02-17T01:14:40","date_gmt":"2021-02-16T23:14:40","guid":{"rendered":"https:\/\/sachviet.eu\/shop\/combo-doraemon-truyen-ngan-45-tap\/"},"modified":"2025-08-15T00:17:09","modified_gmt":"2025-08-14T21:17:09","slug":"combo-doraemon-truyen-ngan-45-tap","status":"publish","type":"product","link":"https:\/\/sachviet.eu\/en\/shop\/combo-doraemon-truyen-ngan-45-tap\/","title":{"rendered":"Combo Doraemon Truy\u1ec7n Ng\u1eafn (45 T\u1eadp)"},"content":{"rendered":"<p>C\u00e1c b\u1ea1n nh\u1ecf Vi\u1ec7t Nam h\u1eb3n \u0111\u00e3 r\u1ea5t quen thu\u1ed9c v\u1edbi nh\u1eefng c\u00e2u chuy\u1ec7n v\u1ec1 ch\u00fa m\u00e8o m\u00e1y Doraemon th\u00f4ng minh, c\u00f9ng nh\u00f3m b\u1ea1n Nobita h\u1eadu \u0111\u1eadu, Shizuka d\u1ec5 th\u01b0\u01a1ng, Jaian hay b\u1eaft n\u1ea1t b\u1ea1n b\u00e8 v\u00e0 Suneo m\u1ecf nh\u1ecdn hay m\u00e1ch l\u1ebbo. V\u00e0 \u0111\u1eb7c bi\u1ec7t, chi\u1ebfc t\u00fai th\u1ea7n k\u00ec \u0111\u1ea7y b\u1ea3o b\u1ed1i c\u1ee7a Doraemon gi\u00fap ch\u00fang ta \u0111\u01b0\u1ee3c th\u1ecfa s\u1ee9c t\u01b0\u1edfng t\u01b0\u1ee3ng v\u00e0 m\u01a1 \u01b0\u1edbc. Tr\u1ecdn b\u1ed9: 45 t\u1eadp!  <div class=\"banner-grid-wrapper\">\n  <div id=\"banner-grid-1264358775\" class=\"banner-grid row row-grid row-small\" data-packery-options=\"\">\n                      <div class=\"col grid-col large-6 grid-col-1\" ><div class=\"col-inner\">\t<div class=\"img has-hover x md-x lg-x y md-y lg-y\" id=\"image_1456131185\">\n\t\t\t\t\t\t\t\t<div class=\"img-inner dark\" >\n\t\t\t<img loading=\"lazy\" decoding=\"async\" width=\"1020\" height=\"680\" src=\"https:\/\/sachviet.eu\/wp-content\/uploads\/2021\/02\/c1_1764659_191004103525-1024x683.jpg\" class=\"attachment-large size-large\" alt=\"\" srcset=\"https:\/\/sachviet.eu\/wp-content\/uploads\/2021\/02\/c1_1764659_191004103525-1024x683.jpg 1024w, https:\/\/sachviet.eu\/wp-content\/uploads\/2021\/02\/c1_1764659_191004103525-300x200.jpg 300w, https:\/\/sachviet.eu\/wp-content\/uploads\/2021\/02\/c1_1764659_191004103525-768x512.jpg 768w, https:\/\/sachviet.eu\/wp-content\/uploads\/2021\/02\/c1_1764659_191004103525-600x400.jpg 600w, https:\/\/sachviet.eu\/wp-content\/uploads\/2021\/02\/c1_1764659_191004103525.jpg 1500w\" sizes=\"auto, (max-width: 1020px) 100vw, 1020px\" \/>\t\t\t\t\t\t\n\t\t\t\t\t<\/div>\n\t\t\t\t\t\t\t\t\n<style>\n#image_1456131185 {\n  width: 100%;\n}\n<\/style>\n\t<\/div>\n\t<\/div><\/div><div class=\"col grid-col large-6 grid-col-1-2\" ><div class=\"col-inner\">\t<div class=\"img has-hover x md-x lg-x y md-y lg-y\" id=\"image_1289335135\">\n\t\t\t\t\t\t\t\t<div class=\"img-inner dark\" >\n\t\t\t<img loading=\"lazy\" decoding=\"async\" width=\"1020\" height=\"574\" src=\"https:\/\/sachviet.eu\/wp-content\/uploads\/2021\/02\/doraemon-2-1024x576.jpg\" class=\"attachment-large size-large\" alt=\"\" srcset=\"https:\/\/sachviet.eu\/wp-content\/uploads\/2021\/02\/doraemon-2-1024x576.jpg 1024w, https:\/\/sachviet.eu\/wp-content\/uploads\/2021\/02\/doraemon-2-300x169.jpg 300w, https:\/\/sachviet.eu\/wp-content\/uploads\/2021\/02\/doraemon-2-768x432.jpg 768w, https:\/\/sachviet.eu\/wp-content\/uploads\/2021\/02\/doraemon-2-1536x864.jpg 1536w, https:\/\/sachviet.eu\/wp-content\/uploads\/2021\/02\/doraemon-2-600x338.jpg 600w, https:\/\/sachviet.eu\/wp-content\/uploads\/2021\/02\/doraemon-2.jpg 1920w\" sizes=\"auto, (max-width: 1020px) 100vw, 1020px\" \/>\t\t\t\t\t\t\n\t\t\t\t\t<\/div>\n\t\t\t\t\t\t\t\t\n<style>\n#image_1289335135 {\n  width: 100%;\n}\n<\/style>\n\t<\/div>\n\t<\/div><\/div><div class=\"col grid-col large-6 grid-col-1-2\" ><div class=\"col-inner\">\t<div class=\"img has-hover x md-x lg-x y md-y lg-y\" id=\"image_1895565412\">\n\t\t\t\t\t\t\t\t<div class=\"img-inner dark\" >\n\t\t\t<img loading=\"lazy\" decoding=\"async\" width=\"1020\" height=\"574\" src=\"https:\/\/sachviet.eu\/wp-content\/uploads\/2021\/02\/maxresdefault-1024x576.jpg\" class=\"attachment-large size-large\" alt=\"\" srcset=\"https:\/\/sachviet.eu\/wp-content\/uploads\/2021\/02\/maxresdefault-1024x576.jpg 1024w, https:\/\/sachviet.eu\/wp-content\/uploads\/2021\/02\/maxresdefault-300x169.jpg 300w, https:\/\/sachviet.eu\/wp-content\/uploads\/2021\/02\/maxresdefault-768x432.jpg 768w, https:\/\/sachviet.eu\/wp-content\/uploads\/2021\/02\/maxresdefault-600x338.jpg 600w, https:\/\/sachviet.eu\/wp-content\/uploads\/2021\/02\/maxresdefault.jpg 1280w\" sizes=\"auto, (max-width: 1020px) 100vw, 1020px\" \/>\t\t\t\t\t\t\n\t\t\t\t\t<\/div>\n\t\t\t\t\t\t\t\t\n<style>\n#image_1895565412 {\n  width: 100%;\n}\n<\/style>\n\t<\/div>\n\t<\/div><\/div>            <\/div>\n    <style>\n    #banner-grid-1264358775 .grid-col-1{height: 600px}\n    #banner-grid-1264358775 .grid-col-1-2{height: 300px}\n    #banner-grid-1264358775 .grid-col-1-3{height:200px}\n    #banner-grid-1264358775 .grid-col-2-3{height: 400px}\n    #banner-grid-1264358775 .grid-col-1-4{height: 150px}\n    #banner-grid-1264358775 .grid-col-3-4{height: 450px}\n\n\n    \n    \n\n  <\/style>\n    <\/div>\n  \n","protected":false},"excerpt":{"rendered":"<p>C\u00e1c b\u1ea1n nh\u1ecf Vi\u1ec7t Nam h\u1eb3n \u0111\u00e3 r\u1ea5t quen thu\u1ed9c v\u1edbi nh\u1eefng c\u00e2u chuy\u1ec7n v\u1ec1 ch\u00fa m\u00e8o m\u00e1y Doraemon th\u00f4ng minh, c\u00f9ng nh\u00f3m b\u1ea1n Nobita h\u1eadu \u0111\u1eadu, Shizuka d\u1ec5 th\u01b0\u01a1ng, Jaian hay b\u1eaft n\u1ea1t b\u1ea1n b\u00e8 v\u00e0 Suneo m\u1ecf nh\u1ecdn hay m\u00e1ch l\u1ebbo. V\u00e0 \u0111\u1eb7c bi\u1ec7t, chi\u1ebfc t\u00fai th\u1ea7n k\u00ec \u0111\u1ea7y b\u1ea3o b\u1ed1i c\u1ee7a Doraemon gi\u00fap ch\u00fang ta \u0111\u01b0\u1ee3c th\u1ecfa s\u1ee9c t\u01b0\u1edfng t\u01b0\u1ee3ng v\u00e0 m\u01a1 \u01b0\u1edbc. Tr\u1ecdn b\u1ed9: 45 t\u1eadp!<\/p>\n","protected":false},"featured_media":1506,"template":"","meta":{"_acf_changed":false},"product_brand":[],"product_cat":[29],"product_tag":[81],"class_list":{"0":"post-1516","1":"product","2":"type-product","3":"status-publish","4":"has-post-thumbnail","6":"product_cat-manga-comics","7":"product_tag-sach-gia-uu-dai","9":"first","10":"instock","11":"sale","12":"taxable","13":"shipping-taxable","14":"purchasable","15":"product-type-simple"},"supplier_id":null,"supplier_sku":"","barcode":null,"atum_controlled":true,"out_stock_date":null,"out_stock_threshold":null,"inheritable":false,"inbound_stock":1,"stock_on_hold":0,"sold_today":0,"sales_last_days":0,"reserved_stock":0,"customer_returns":0,"warehouse_damage":0,"lost_in_post":0,"other_logs":0,"out_stock_days":0,"lost_sales":0,"has_location":false,"update_date":"2026-03-02T21:49:07","atum_locations":[],"atum_stock_status":"instock","restock_status":false,"low_stock_amount":"","sales_update_date":"2026-03-02T21:49:07","calc_backorders":null,"acf":{"publisher":{"ID":1454,"post_author":"1","post_date":"2021-02-17 01:11:34","post_date_gmt":"2021-02-16 23:11:34","post_content":"<!-- wp:flatsome\/uxbuilder -->\n<h1 style=\"text-align: center;\"><strong>Kim \u0110\u1ed3ng<\/strong><\/h1>\n[row]\n\n[col span=\"3\" span__sm=\"12\"]\n\n[ux_image id=\"1534\" image_size=\"medium\"]\n\n\n[\/col]\n[col span=\"9\" span__sm=\"12\"]\n\n<p>Nh\u00e0 xu\u1ea5t b\u1ea3n Kim \u0110\u1ed3ng tr\u1ef1c thu\u1ed9c Trung \u01b0\u01a1ng \u0110o\u00e0n TNCS H\u1ed3 Ch\u00ed Minh l\u00e0 Nh\u00e0 xu\u1ea5t b\u1ea3n t\u1ed5ng h\u1ee3p c\u00f3 ch\u1ee9c n\u0103ng xu\u1ea5t b\u1ea3n s\u00e1ch v\u00e0 v\u0103n h\u00f3a ph\u1ea9m ph\u1ee5c v\u1ee5 thi\u1ebfu nhi v\u00e0 c\u00e1c b\u1eadc ph\u1ee5 huynh trong c\u1ea3 n\u01b0\u1edbc, qu\u1ea3ng b\u00e1 v\u00e0 gi\u1edbi thi\u1ec7u v\u0103n h\u00f3a Vi\u1ec7t Nam ra th\u1ebf gi\u1edbi.<br \/>Nh\u00e0 xu\u1ea5t b\u1ea3n c\u00f3 nhi\u1ec7m v\u1ee5 t\u1ed5 ch\u1ee9c b\u1ea3n th\u1ea3o, bi\u00ean so\u1ea1n, bi\u00ean d\u1ecbch, xu\u1ea5t b\u1ea3n v\u00e0 ph\u00e1t h\u00e0nh c\u00e1c xu\u1ea5t b\u1ea3n ph\u1ea9m c\u00f3 n\u1ed9i dung: gi\u00e1o d\u1ee5c truy\u1ec1n th\u1ed1ng d\u00e2n t\u1ed9c, gi\u00e1o d\u1ee5c v\u1ec1 tri th\u1ee9c, ki\u1ebfn th\u1ee9c\u2026 tr\u00ean c\u00e1c l\u0129nh v\u1ef1c v\u0103n h\u1ecdc, ngh\u1ec7 thu\u1eadt, khoa h\u1ecdc k\u1ef9 thu\u1eadt nh\u1eb1m cung c\u1ea5p cho c\u00e1c em thi\u1ebfu nhi c\u0169ng nh\u01b0 c\u00e1c b\u1eadc ph\u1ee5 huynh c\u00e1c ki\u1ebfn th\u1ee9c c\u1ea7n thi\u1ebft trong cu\u1ed9c s\u1ed1ng, nh\u1eefng tinh hoa c\u1ee7a tri th\u1ee9c nh\u00e2n lo\u1ea1i nh\u1eb1m g\u00f3p ph\u1ea7n gi\u00e1o d\u1ee5c v\u00e0 h\u00ecnh th\u00e0nh nh\u00e2n c\u00e1ch th\u1ebf h\u1ec7 tr\u1ebb.<br \/>\u0110\u1ed1i t\u01b0\u1ee3ng ph\u1ee5c v\u1ee5 c\u1ee7a Nh\u00e0 xu\u1ea5t b\u1ea3n l\u00e0 c\u00e1c em t\u1eeb tu\u1ed5i nh\u00e0 tr\u1ebb m\u1eabu gi\u00e1o (1 \u0111\u1ebfn 5 tu\u1ed5i), nhi \u0111\u1ed3ng (6 \u0111\u1ebfn 9 tu\u1ed5i), thi\u1ebfu ni\u00ean (10 \u0111\u1ebfn 15 tu\u1ed5i) \u0111\u1ebfn c\u00e1c em tu\u1ed5i m\u1edbi l\u1edbn (16 \u0111\u1ebfn 18 tu\u1ed5i) v\u00e0 c\u00e1c b\u1eadc ph\u1ee5 huynh.<\/p>\n\n[\/col]\n\n[\/row]\n\n<!-- \/wp:flatsome\/uxbuilder -->","post_title":"Kim \u0110\u1ed3ng","post_excerpt":"","post_status":"publish","comment_status":"closed","ping_status":"closed","post_password":"","post_name":"kim-dong","to_ping":"","pinged":"","post_modified":"2021-02-17 01:31:56","post_modified_gmt":"2021-02-16 23:31:56","post_content_filtered":"","post_parent":0,"guid":"https:\/\/sachviet.eu\/nha-phat-hanh\/kim-dong\/","menu_order":0,"post_type":"publisher","post_mime_type":"","comment_count":"0","filter":"raw"}},"_links":{"self":[{"href":"https:\/\/sachviet.eu\/en\/wp-json\/wp\/v2\/product\/1516","targetHints":{"allow":["GET"]}}],"collection":[{"href":"https:\/\/sachviet.eu\/en\/wp-json\/wp\/v2\/product"}],"about":[{"href":"https:\/\/sachviet.eu\/en\/wp-json\/wp\/v2\/types\/product"}],"wp:featuredmedia":[{"embeddable":true,"href":"https:\/\/sachviet.eu\/en\/wp-json\/wp\/v2\/media\/1506"}],"wp:attachment":[{"href":"https:\/\/sachviet.eu\/en\/wp-json\/wp\/v2\/media?parent=1516"}],"wp:term":[{"taxonomy":"product_brand","embeddable":true,"href":"https:\/\/sachviet.eu\/en\/wp-json\/wp\/v2\/product_brand?post=1516"},{"taxonomy":"product_cat","embeddable":true,"href":"https:\/\/sachviet.eu\/en\/wp-json\/wp\/v2\/product_cat?post=1516"},{"taxonomy":"product_tag","embeddable":true,"href":"https:\/\/sachviet.eu\/en\/wp-json\/wp\/v2\/product_tag?post=1516"}],"curies":[{"name":"wp","href":"https:\/\/api.w.org\/{rel}","templated":true}]}}