{"id":15151,"date":"2021-08-04T14:55:10","date_gmt":"2021-08-04T11:55:10","guid":{"rendered":"https:\/\/sachviet.eu\/shop\/sach-nguoi-trong-muon-nghe-nganh-it-co-gi\/"},"modified":"2023-04-06T18:41:00","modified_gmt":"2023-04-06T15:41:00","slug":"sach-nguoi-trong-muon-nghe-nganh-it-co-gi","status":"publish","type":"product","link":"https:\/\/sachviet.eu\/en\/shop\/sach-nguoi-trong-muon-nghe-nganh-it-co-gi\/","title":{"rendered":"S\u00e1ch Ng\u01b0\u1eddi Trong Mu\u00f4n Ngh\u1ec1: Ng\u00e0nh IT c\u00f3 g\u00ec?"},"content":{"rendered":"<p>&#8220;H\u1ecdc c\u00f4ng ngh\u1ec7 th\u00f4ng tin r\u1ed3i \u0111i l\u1eafp m\u00e1y t\u00ednh v\u1edbi c\u00e0i win d\u1ea1o \u00e0?&#8221;<\/p>\n<p>&#8220;Sao l\u1ea1i lao \u0111\u1ea7u v\u00e0o c\u00e1i ngh\u1ec1 to\u00e0n s\u1ed1 m\u00e1 v\u1edbi m\u1ea5y d\u00f2ng l\u1ec7nh kh\u00f3 hi\u1ec3u th\u1ebf?&#8221;<\/p>\n<p>&#8220;D\u00e2n l\u00e0m m\u00e1y t\u00ednh v\u1eeba \u201c\u0111\u1ee5t\u201d v\u1eeba kh\u00f4 khan, ai y\u00eau n\u1ed5i, y\u00eau n\u1ed5i ai?&#8221;<\/p>\n<p>&#8220;L\u1eadp tr\u00ecnh kh\u00f3 l\u1eafm, ch\u1eafc ph\u1ea3i si\u00eau sao to\u00e1n m\u1edbi h\u1ecdc \u0111\u01b0\u1ee3c.&#8221;<\/p>\n<p>&#8220;L\u00e0m c\u00f4ng ngh\u1ec7 l\u01b0\u01a1ng ngh\u00ecn \u0111\u00f4 nh\u01b0 b\u1ee1n!&#8221;<\/p>\n<p>\u0110\u00f3 ch\u1eafc h\u1eb3n l\u00e0 nh\u1eefng c\u00e2u h\u1ed9i tho\u1ea1i, nh\u1eefng l\u1eddi \u0111\u00e1nh gi\u00e1 m\u00e0 c\u00e1c b\u1ea1n \u0111ang h\u1ecdc\/l\u00e0m C\u00f4ng ngh\u1ec7 th\u00f4ng tin (CNTT) g\u1eb7p ph\u1ea3i \u00edt nh\u1ea5t 1 l\u1ea7n trong \u0111\u1eddi, c\u00f2n nh\u1eefng ng\u01b0\u1eddi kh\u00f4ng theo h\u1ecdc\/l\u00e0m CNTT t\u1eebng ngh\u0129 \u0111\u1ebfn \u00edt nh\u1ea5t 1 l\u1ea7n trong \u0111\u1eddi (trung th\u1ef1c v\u1edbi b\u1ea3n th\u00e2n v\u00e0 th\u1eeba nh\u1eadn \u0111i!).<\/p>\n<p>Trong qu\u00e1 tr\u00ecnh th\u1ef1c hi\u1ec7n b\u1ed9 s\u00e1ch h\u01b0\u1edbng nghi\u1ec7p cho c\u00e1c b\u1ea1n tr\u1ebb, ch\u00fang t\u00f4i c\u0169ng kh\u00f4ng ng\u1eebng tr\u0103n tr\u1edf: Ng\u00e0nh CNTT c\u00f3 th\u1eadt s\u1ef1 nh\u01b0 v\u1eady kh\u00f4ng? L\u00e0m sao \u0111\u1ec3 gi\u00fap c\u00e1c b\u1ea1n tr\u1ebb c\u00f3 \u0111\u01b0\u1ee3c m\u1ed9t c\u00e1i nh\u00ecn to\u00e0n di\u1ec7n v\u00e0 kh\u00e1ch quan nh\u1ea5t v\u1ec1 l\u0129nh v\u1ef1c r\u1ed9ng l\u1edbn n\u00e0y? Nh\u1eefng cu\u1ed1n s\u00e1ch v\u1ec1 CNTT hi\u1ec7n c\u00f3 tr\u00ean th\u1ecb tr\u01b0\u1eddng th\u01b0\u1eddng l\u00e0 t\u00e0i li\u1ec7u n\u1eb7ng t\u00ednh k\u1ef9 thu\u1eadt d\u00e0nh cho d\u00e2n chuy\u00ean ng\u00e0nh, ho\u1eb7c nh\u1eefng b\u00e0i vi\u1ebft ng\u1eafn v\u1edbi th\u00f4ng tin kh\u00e1 chung chung, ho\u1eb7c ch\u1ec9 c\u00f3 g\u00f3c nh\u00ecn t\u1eeb m\u1ed9t c\u00e1 nh\u00e2n n\u00ean thi\u1ebfu t\u00ednh \u0111a chi\u1ec1u. V\u1eady l\u00e0 nh\u00f3m \u0111\u1ed9c gi\u1ea3 n\u1eb1m \u201cl\u01b0ng ch\u1eebng\u201d nh\u01b0 nh\u1eefng b\u1ea1n h\u1ecdc sinh c\u1ea5p 3, sinh vi\u00ean \u0110\u1ea1i h\u1ecdc v\u00e0 c\u00e1c b\u1eadc ph\u1ee5 huynh \u0111ang quan t\u00e2m, mu\u1ed1n t\u00ecm hi\u1ec3u v\u1ec1 ng\u00e0nh CNTT b\u1ecb b\u1ecf m\u1eb7c \u201cb\u01a1 v\u01a1\u201d, bi\u1ebft \u0111\u1ecdc g\u00ec \u0111\u00e2y?<\/p>\n<p>\u0110\u00f3 l\u00e0 l\u00fd do cu\u1ed1n s\u00e1ch b\u1ea1n \u0111ang c\u1ea7m tr\u00ean tay ra \u0111\u1eddi.<\/p>\n<p>N\u1eb1m trong series s\u00e1ch h\u01b0\u1edbng nghi\u1ec7p c\u1ee7a Spiderum v\u00e0 TopCV, \u201cNg\u01b0\u1eddi trong mu\u00f4n ngh\u1ec1: Ng\u00e0nh IT c\u00f3 g\u00ec?\u201d l\u00e0:<\/p>\n<p>Cu\u1ed1n s\u00e1ch \u0111\u1ea7u ti\u00ean tr\u00ean th\u1ecb tr\u01b0\u1eddng \u0111em \u0111\u1ebfn b\u1ee9c tranh to\u00e0n c\u1ea3nh v\u1ec1 ng\u00e0nh CNTT c\u0169ng nh\u01b0 l\u1ed9 tr\u00ecnh ph\u00e1t tri\u1ec3n c\u1ee7a c\u00e1c v\u1ecb tr\u00ed ngh\u1ec1 nghi\u1ec7p ph\u1ed5 bi\u1ebfn trong l\u0129nh v\u1ef1c n\u00e0y. <\/p>\n<p>Cu\u1ed1n s\u00e1ch \u0111\u1ea7u ti\u00ean gi\u00fap b\u1ea1n hi\u1ec3u ng\u00e0nh CNTT kh\u00f4ng ch\u1ec9 d\u1eebng \u1edf chi\u1ebfc m\u00e1y t\u00ednh hay nh\u1eefng d\u00f2ng code kh\u00f4 khan m\u00e0 c\u00f2n r\u1ea5t nhi\u1ec1u nh\u1eefng c\u00e2u chuy\u1ec7n th\u00fa v\u1ecb kh\u00e1c: thi\u1ebft k\u1ebf, l\u00e0m s\u1ea3n ph\u1ea9m, l\u00e0m game, l\u00e0m \u1ee9ng d\u1ee5ng di \u0111\u1ed9ng, l\u00e0m web, g\u1eb7p g\u1ee1 v\u00e0 giao ti\u1ebfp kh\u00e1ch h\u00e0ng,<\/p>\n<p>Cu\u1ed1n s\u00e1ch \u0111\u1ea7u ti\u00ean \u201cph\u00e1 v\u1ee1\u201d c\u00e1c \u0111\u1ecbnh ki\u1ebfn nh\u01b0: L\u00e0m CNTT ch\u1ec9 to\u00e0n nh\u1eefng k\u1ebb nh\u00fat nh\u00e1t, \u201c\u0111\u1ea7u to m\u1eaft c\u1eadn\u201d hay Ngh\u1ec1 n\u00e0y kh\u00f4ng d\u00e0nh cho con g\u00e1i. B\u1ea1n s\u1ebd th\u1ea5y, d\u00e2n IT c\u0169ng b\u1ea1o d\u1ea1n \u0111i T\u00e2y \u0111i T\u00e0u \u201cchinh chi\u1ebfn\u201d th\u1eadt o\u00e1ch, th\u1ea5y ng\u00e0nh n\u00e0y ch\u1eb3ng h\u1ec1 kh\u00f4 khan ch\u00fat n\u00e0o qua g\u00f3c nh\u00ecn c\u1ee7a m\u1ed9t ng\u01b0\u1eddi v\u1ee3 c\u00f3 ch\u1ed3ng l\u00e0 l\u1eadp tr\u00ecnh vi\u00ean, v\u00e0 th\u1ea5y c\u00e1c b\u1ea1n n\u1eef c\u0169ng kh\u00f4ng thua k\u00e9m c\u00e1nh \u0111\u00e0n \u00f4ng v\u1ec1 kho\u1ea3n c\u00f4ng ngh\u1ec7 n\u1ebfu th\u1eadt s\u1ef1 y\u00eau th\u00edch.<\/p>\n<p>Cu\u1ed1n s\u00e1ch l\u00e0 t\u1eadp h\u1ee3p 21 b\u00e0i vi\u1ebft ch\u1ee9a \u0111\u1ef1ng nh\u1eefng chia s\u1ebb \u201cm\u00f3c h\u1ebft gan ru\u1ed9t\u201d c\u1ee7a c\u00e1c t\u00e1c gi\u1ea3 &#8211; nh\u1eefng ng\u01b0\u1eddi tr\u1ef1c ti\u1ebfp ho\u1ea1t \u0111\u1ed9ng trong l\u0129nh v\u1ef1c c\u00f4ng ngh\u1ec7. H\u1ecd \u1edf \u0111\u1ee7 m\u1ecdi \u0111\u1ed9 tu\u1ed5i, v\u1ecb tr\u00ed c\u00f4ng vi\u1ec7c, \u0111\u1ecba l\u00fd, gi\u1edbi t\u00ednh: T\u1eeb b\u1ea1n tr\u1ebb \u0111ang l\u00e0 sinh vi\u00ean, nh\u1eefng ng\u01b0\u1eddi m\u1edbi v\u00e0o ngh\u1ec1 v\u00e0i n\u0103m t\u1edbi c\u00e1c \u0111\u00e0n anh c\u1ee1 20 n\u0103m trong ngh\u1ec1; T\u1eeb ng\u01b0\u1eddi h\u1ecdc t\u1eadp v\u00e0 sinh s\u1ed1ng t\u1ea1i n\u01b0\u1edbc ngo\u00e0i cho \u0111\u1ebfn b\u1ea1n xu\u1ea5t th\u00e2n b\u00ecnh d\u1ecb t\u1eeb l\u00e0ng qu\u00ea ngh\u00e8o; T\u1eeb b\u1eadc ti\u1ec1n b\u1ed1i \u0111\u1eb7t n\u1ec1n m\u00f3ng cho n\u1ec1n CNTT Vi\u1ec7t Nam trong l\u1ecbch s\u1eed t\u1edbi c\u00e1c doanh nh\u00e2n th\u1eddi hi\u1ec7n \u0111\u1ea1i g\u00e2y d\u1ef1ng nh\u1eefng c\u00f4ng ty c\u00f4ng ngh\u1ec7 tr\u1ecb gi\u00e1 h\u00e0ng tri\u1ec7u, h\u00e0ng t\u1ef7 USD<\/p>\n","protected":false},"excerpt":{"rendered":"<p>&#8220;H\u1ecdc c\u00f4ng ngh\u1ec7 th\u00f4ng tin r\u1ed3i \u0111i l\u1eafp m\u00e1y t\u00ednh v\u1edbi c\u00e0i win d\u1ea1o \u00e0?&#8221;<\/p>\n<p>&#8220;Sao l\u1ea1i lao \u0111\u1ea7u v\u00e0o c\u00e1i ngh\u1ec1 to\u00e0n s\u1ed1 m\u00e1 v\u1edbi m\u1ea5y d\u00f2ng l\u1ec7nh kh\u00f3 hi\u1ec3u th\u1ebf?&#8221;<\/p>\n<p>&#8220;D\u00e2n l\u00e0m m\u00e1y t\u00ednh v\u1eeba \u201c\u0111\u1ee5t\u201d v\u1eeba kh\u00f4 khan, ai y\u00eau n\u1ed5i, y\u00eau n\u1ed5i ai?&#8221;<\/p>\n<p>&#8220;L\u1eadp tr\u00ecnh kh\u00f3 l\u1eafm, ch\u1eafc ph\u1ea3i si\u00eau sao to\u00e1n m\u1edbi h\u1ecdc \u0111\u01b0\u1ee3c.&#8221;<\/p>\n<p>&#8220;L\u00e0m c\u00f4ng ngh\u1ec7 l\u01b0\u01a1ng ngh\u00ecn \u0111\u00f4 nh\u01b0 b\u1ee1n!&#8221;<\/p>\n<p>\u0110\u00f3 ch\u1eafc h\u1eb3n l\u00e0 nh\u1eefng c\u00e2u h\u1ed9i tho\u1ea1i, nh\u1eefng l\u1eddi \u0111\u00e1nh gi\u00e1 m\u00e0 c\u00e1c b\u1ea1n \u0111ang h\u1ecdc\/l\u00e0m C\u00f4ng ngh\u1ec7 th\u00f4ng tin (CNTT) g\u1eb7p ph\u1ea3i \u00edt nh\u1ea5t 1 l\u1ea7n trong \u0111\u1eddi, c\u00f2n nh\u1eefng ng\u01b0\u1eddi kh\u00f4ng theo h\u1ecdc\/l\u00e0m CNTT t\u1eebng ngh\u0129 \u0111\u1ebfn \u00edt nh\u1ea5t 1 l\u1ea7n trong \u0111\u1eddi (trung th\u1ef1c v\u1edbi b\u1ea3n th\u00e2n v\u00e0 th\u1eeba nh\u1eadn \u0111i!).<\/p>\n<p>Trong qu\u00e1 tr\u00ecnh th\u1ef1c hi\u1ec7n b\u1ed9 s\u00e1ch h\u01b0\u1edbng nghi\u1ec7p cho c\u00e1c b\u1ea1n tr\u1ebb, ch\u00fang t\u00f4i c\u0169ng kh\u00f4ng ng\u1eebng tr\u0103n tr\u1edf: Ng\u00e0nh CNTT c\u00f3 th\u1eadt s\u1ef1 nh\u01b0 v\u1eady kh\u00f4ng? L\u00e0m sao \u0111\u1ec3 gi\u00fap c\u00e1c b\u1ea1n tr\u1ebb c\u00f3 \u0111\u01b0\u1ee3c m\u1ed9t c\u00e1i nh\u00ecn to\u00e0n di\u1ec7n v\u00e0 kh\u00e1ch quan nh\u1ea5t v\u1ec1 l\u0129nh v\u1ef1c r\u1ed9ng l\u1edbn n\u00e0y? Nh\u1eefng cu\u1ed1n s\u00e1ch v\u1ec1 CNTT hi\u1ec7n c\u00f3 tr\u00ean th\u1ecb tr\u01b0\u1eddng th\u01b0\u1eddng l\u00e0 t\u00e0i li\u1ec7u n\u1eb7ng t\u00ednh k\u1ef9 thu\u1eadt d\u00e0nh cho d\u00e2n chuy\u00ean ng\u00e0nh, ho\u1eb7c nh\u1eefng b\u00e0i vi\u1ebft ng\u1eafn v\u1edbi th\u00f4ng tin kh\u00e1 chung chung, ho\u1eb7c ch\u1ec9 c\u00f3 g\u00f3c nh\u00ecn t\u1eeb m\u1ed9t c\u00e1 nh\u00e2n n\u00ean thi\u1ebfu t\u00ednh \u0111a chi\u1ec1u. V\u1eady l\u00e0 nh\u00f3m \u0111\u1ed9c gi\u1ea3 n\u1eb1m \u201cl\u01b0ng ch\u1eebng\u201d nh\u01b0 nh\u1eefng b\u1ea1n h\u1ecdc sinh c\u1ea5p 3, sinh vi\u00ean \u0110\u1ea1i h\u1ecdc v\u00e0 c\u00e1c b\u1eadc ph\u1ee5 huynh \u0111ang quan t\u00e2m, mu\u1ed1n t\u00ecm hi\u1ec3u v\u1ec1 ng\u00e0nh CNTT b\u1ecb b\u1ecf m\u1eb7c \u201cb\u01a1 v\u01a1\u201d, bi\u1ebft \u0111\u1ecdc g\u00ec \u0111\u00e2y?<\/p>\n<p>\u0110\u00f3 l\u00e0 l\u00fd do cu\u1ed1n s\u00e1ch b\u1ea1n \u0111ang c\u1ea7m tr\u00ean tay ra \u0111\u1eddi.<\/p>\n<p>N\u1eb1m trong series s\u00e1ch h\u01b0\u1edbng nghi\u1ec7p c\u1ee7a Spiderum v\u00e0 TopCV, \u201cNg\u01b0\u1eddi trong mu\u00f4n ngh\u1ec1: Ng\u00e0nh IT c\u00f3 g\u00ec?\u201d l\u00e0:<\/p>\n<p>Cu\u1ed1n s\u00e1ch \u0111\u1ea7u ti\u00ean tr\u00ean th\u1ecb tr\u01b0\u1eddng \u0111em \u0111\u1ebfn b\u1ee9c tranh to\u00e0n c\u1ea3nh v\u1ec1 ng\u00e0nh CNTT c\u0169ng nh\u01b0 l\u1ed9 tr\u00ecnh ph\u00e1t tri\u1ec3n c\u1ee7a c\u00e1c v\u1ecb tr\u00ed ngh\u1ec1 nghi\u1ec7p ph\u1ed5 bi\u1ebfn trong l\u0129nh v\u1ef1c n\u00e0y. <\/p>\n<p>Cu\u1ed1n s\u00e1ch \u0111\u1ea7u ti\u00ean gi\u00fap b\u1ea1n hi\u1ec3u ng\u00e0nh CNTT kh\u00f4ng ch\u1ec9 d\u1eebng \u1edf chi\u1ebfc m\u00e1y t\u00ednh hay nh\u1eefng d\u00f2ng code kh\u00f4 khan m\u00e0 c\u00f2n r\u1ea5t nhi\u1ec1u nh\u1eefng c\u00e2u chuy\u1ec7n th\u00fa v\u1ecb kh\u00e1c: thi\u1ebft k\u1ebf, l\u00e0m s\u1ea3n ph\u1ea9m, l\u00e0m game, l\u00e0m \u1ee9ng d\u1ee5ng di \u0111\u1ed9ng, l\u00e0m web, g\u1eb7p g\u1ee1 v\u00e0 giao ti\u1ebfp kh\u00e1ch h\u00e0ng,<\/p>\n<p>Cu\u1ed1n s\u00e1ch \u0111\u1ea7u ti\u00ean \u201cph\u00e1 v\u1ee1\u201d c\u00e1c \u0111\u1ecbnh ki\u1ebfn nh\u01b0: L\u00e0m CNTT ch\u1ec9 to\u00e0n nh\u1eefng k\u1ebb nh\u00fat nh\u00e1t, \u201c\u0111\u1ea7u to m\u1eaft c\u1eadn\u201d hay Ngh\u1ec1 n\u00e0y kh\u00f4ng d\u00e0nh cho con g\u00e1i. B\u1ea1n s\u1ebd th\u1ea5y, d\u00e2n IT c\u0169ng b\u1ea1o d\u1ea1n \u0111i T\u00e2y \u0111i T\u00e0u \u201cchinh chi\u1ebfn\u201d th\u1eadt o\u00e1ch, th\u1ea5y ng\u00e0nh n\u00e0y ch\u1eb3ng h\u1ec1 kh\u00f4 khan ch\u00fat n\u00e0o qua g\u00f3c nh\u00ecn c\u1ee7a m\u1ed9t ng\u01b0\u1eddi v\u1ee3 c\u00f3 ch\u1ed3ng l\u00e0 l\u1eadp tr\u00ecnh vi\u00ean, v\u00e0 th\u1ea5y c\u00e1c b\u1ea1n n\u1eef c\u0169ng kh\u00f4ng thua k\u00e9m c\u00e1nh \u0111\u00e0n \u00f4ng v\u1ec1 kho\u1ea3n c\u00f4ng ngh\u1ec7 n\u1ebfu th\u1eadt s\u1ef1 y\u00eau th\u00edch.<\/p>\n<p>Cu\u1ed1n s\u00e1ch l\u00e0 t\u1eadp h\u1ee3p 21 b\u00e0i vi\u1ebft ch\u1ee9a \u0111\u1ef1ng nh\u1eefng chia s\u1ebb \u201cm\u00f3c h\u1ebft gan ru\u1ed9t\u201d c\u1ee7a c\u00e1c t\u00e1c gi\u1ea3 &#8211; nh\u1eefng ng\u01b0\u1eddi tr\u1ef1c ti\u1ebfp ho\u1ea1t \u0111\u1ed9ng trong l\u0129nh v\u1ef1c c\u00f4ng ngh\u1ec7. H\u1ecd \u1edf \u0111\u1ee7 m\u1ecdi \u0111\u1ed9 tu\u1ed5i, v\u1ecb tr\u00ed c\u00f4ng vi\u1ec7c, \u0111\u1ecba l\u00fd, gi\u1edbi t\u00ednh: T\u1eeb b\u1ea1n tr\u1ebb \u0111ang l\u00e0 sinh vi\u00ean, nh\u1eefng ng\u01b0\u1eddi m\u1edbi v\u00e0o ngh\u1ec1 v\u00e0i n\u0103m t\u1edbi c\u00e1c \u0111\u00e0n anh c\u1ee1 20 n\u0103m trong ngh\u1ec1; T\u1eeb ng\u01b0\u1eddi h\u1ecdc t\u1eadp v\u00e0 sinh s\u1ed1ng t\u1ea1i n\u01b0\u1edbc ngo\u00e0i cho \u0111\u1ebfn b\u1ea1n xu\u1ea5t th\u00e2n b\u00ecnh d\u1ecb t\u1eeb l\u00e0ng qu\u00ea ngh\u00e8o; T\u1eeb b\u1eadc ti\u1ec1n b\u1ed1i \u0111\u1eb7t n\u1ec1n m\u00f3ng cho n\u1ec1n CNTT Vi\u1ec7t Nam trong l\u1ecbch s\u1eed t\u1edbi c\u00e1c doanh nh\u00e2n th\u1eddi hi\u1ec7n \u0111\u1ea1i g\u00e2y d\u1ef1ng nh\u1eefng c\u00f4ng ty c\u00f4ng ngh\u1ec7 tr\u1ecb gi\u00e1 h\u00e0ng tri\u1ec7u, h\u00e0ng t\u1ef7 USD<\/p>\n","protected":false},"featured_media":15149,"template":"","meta":{"_acf_changed":false},"product_brand":[],"product_cat":[15,47],"product_tag":[],"class_list":{"0":"post-15151","1":"product","2":"type-product","3":"status-publish","4":"has-post-thumbnail","6":"product_cat-sach-danh-cho-nguoi-lon","7":"product_cat-truyen-ngan-tan-van","9":"first","10":"outofstock","11":"taxable","12":"shipping-taxable","13":"purchasable","14":"product-type-simple"},"supplier_id":null,"supplier_sku":"","barcode":null,"atum_controlled":true,"out_stock_date":"2023-04-06 15:41:00","out_stock_threshold":null,"inheritable":false,"inbound_stock":0,"stock_on_hold":0,"sold_today":0,"sales_last_days":0,"reserved_stock":0,"customer_returns":0,"warehouse_damage":0,"lost_in_post":0,"other_logs":0,"out_stock_days":1028,"lost_sales":0,"has_location":false,"update_date":"2026-01-28T23:10:56","atum_locations":[],"atum_stock_status":"outofstock","restock_status":false,"low_stock_amount":"","sales_update_date":"2026-01-28T23:10:56","calc_backorders":null,"acf":{"publisher":{"ID":11544,"post_author":"1","post_date":"2021-06-03 02:06:14","post_date_gmt":"2021-06-02 23:06:14","post_content":"","post_title":"Ahora","post_excerpt":"","post_status":"publish","comment_status":"closed","ping_status":"closed","post_password":"","post_name":"ahora","to_ping":"","pinged":"","post_modified":"2021-06-03 02:06:14","post_modified_gmt":"2021-06-02 23:06:14","post_content_filtered":"","post_parent":0,"guid":"https:\/\/sachviet.eu\/nha-phat-hanh\/ahora\/","menu_order":0,"post_type":"publisher","post_mime_type":"","comment_count":"0","filter":"raw"}},"_links":{"self":[{"href":"https:\/\/sachviet.eu\/en\/wp-json\/wp\/v2\/product\/15151","targetHints":{"allow":["GET"]}}],"collection":[{"href":"https:\/\/sachviet.eu\/en\/wp-json\/wp\/v2\/product"}],"about":[{"href":"https:\/\/sachviet.eu\/en\/wp-json\/wp\/v2\/types\/product"}],"wp:featuredmedia":[{"embeddable":true,"href":"https:\/\/sachviet.eu\/en\/wp-json\/wp\/v2\/media\/15149"}],"wp:attachment":[{"href":"https:\/\/sachviet.eu\/en\/wp-json\/wp\/v2\/media?parent=15151"}],"wp:term":[{"taxonomy":"product_brand","embeddable":true,"href":"https:\/\/sachviet.eu\/en\/wp-json\/wp\/v2\/product_brand?post=15151"},{"taxonomy":"product_cat","embeddable":true,"href":"https:\/\/sachviet.eu\/en\/wp-json\/wp\/v2\/product_cat?post=15151"},{"taxonomy":"product_tag","embeddable":true,"href":"https:\/\/sachviet.eu\/en\/wp-json\/wp\/v2\/product_tag?post=15151"}],"curies":[{"name":"wp","href":"https:\/\/api.w.org\/{rel}","templated":true}]}}