{"id":15139,"date":"2021-08-04T14:54:17","date_gmt":"2021-08-04T11:54:17","guid":{"rendered":"https:\/\/sachviet.eu\/shop\/tam-quoc-dien-nghia-2-tap-bia-cung-tai-ban-2020\/"},"modified":"2022-12-19T18:34:38","modified_gmt":"2022-12-19T16:34:38","slug":"tam-quoc-dien-nghia-2-tap-bia-cung-tai-ban-2020","status":"publish","type":"product","link":"https:\/\/sachviet.eu\/en\/shop\/tam-quoc-dien-nghia-2-tap-bia-cung-tai-ban-2020\/","title":{"rendered":"Tam Qu\u1ed1c Di\u1ec5n Ngh\u0129a &#8211; 2 T\u1eadp (B\u00eca C\u1ee9ng &#8211; T\u00e1i B\u1ea3n 2020)"},"content":{"rendered":"<p>Tam qu\u1ed1c di\u1ec5n ngh\u0129a c\u1ee7a La Qu\u00e1n Trung l\u00e0 m\u1ed9t trong nh\u1eefng ki\u1ec7t t\u00e1c c\u1ee7a v\u0103n h\u1ecdc th\u1ebf gi\u1edbi. Ngay t\u1eeb khi \u0111\u01b0\u1ee3c d\u1ecbch sang ch\u1eef qu\u1ed1c ng\u1eef v\u00e0o \u0111\u1ea7u th\u1ebf k\u1ef7 XX, ti\u1ec3u thuy\u1ebft n\u00e0y \u0111\u00e3 \u0111\u01b0\u1ee3c b\u1ea1n \u0111\u1ecdc Vi\u1ec7t Nam \u0111\u00f3n nh\u1eadn n\u1ed3ng nhi\u1ec7t; t\u1eeb \u0111\u00f3 \u0111\u1ebfn nay c\u00f3 v\u00f4 v\u00e0n \u1ea5n b\u1ea3n Tam qu\u1ed1c ra \u0111\u1eddi, m\u1ed7i \u1ea5n b\u1ea3n l\u1ea1i mang m\u1ed9t m\u00e0u s\u1eafc kh\u00e1c nhau. \u0110\u1ec3 c\u00f3 th\u00eam s\u1ef1 l\u1ef1a ch\u1ecdn cho b\u1ea1n \u0111\u1ecdc, \u0110\u00f4ng A ra m\u1eaft b\u1ea3n Tam qu\u1ed1c di\u1ec5n ngh\u0129a 2 t\u1eadp b\u00eca c\u1ee9ng.<\/p>\n<p>Nh\u1eefng n\u1ed9i dung \u0111\u00e1ng ch\u00fa \u00fd c\u1ee7a b\u1ea3n in n\u00e0y:<\/p>\n<p>&#8211; L\u1eddi gi\u1edbi thi\u1ec7u b\u1ed9 Tam Qu\u1ed1c di\u1ec5n ngh\u0129a c\u1ee7a NXB Ph\u1ed5 th\u00f4ng &#8211; B\u1ed9 V\u0103n h\u00f3a, 1959 \u2013 1960.<\/p>\n<p>&#8211; L\u1eddi n\u00f3i \u0111\u1ea7u &#8211; B\u00e0i vi\u1ebft cho b\u1ea3n Tam Qu\u1ed1c di\u1ec5n ngh\u0129a xu\u1ea5t b\u1ea3n n\u0103m 1959 c\u1ee7a B\u1ed9 Bi\u00ean t\u1eadp, Nh\u00e2n d\u00e2n V\u0103n h\u1ecdc Xu\u1ea5t b\u1ea3n x\u00e3 B\u1eafc Kinh, Trung Qu\u1ed1c.<\/p>\n<p>&#8211; H\u00e0nh tr\u00ecnh truy\u1ec7n Tam Qu\u1ed1c di\u1ec5n ngh\u0129a \u1edf Vi\u1ec7t Nam (T\u00e1c gi\u1ea3: Y\u00ean Ba, in l\u1ea7n \u0111\u1ea7u trong b\u1ed9 Tam Qu\u1ed1c di\u1ec5n ngh\u0129a 6 t\u1eadp do \u0110\u00f4ng A xu\u1ea5t b\u1ea3n n\u0103m 2016).<\/p>\n<p>&#8211; H\u00ecnh m\u1ed9t s\u1ed1 nh\u00e2n v\u1eadt ch\u00ednh.<\/p>\n<p>&#8211; B\u1ea3ng tra c\u1ee9u c\u00e1c nh\u00e2n v\u1eadt trong Tam Qu\u1ed1c di\u1ec5n ngh\u0129a.<\/p>\n<p>&#8211; 120 h\u1ed3i n\u1ed9i dung ch\u00ednh, cu\u1ed1i m\u1ed7i h\u1ed3i c\u00f3 L\u1eddi b\u00e0n c\u1ee7a Mao T\u00f4n C\u01b0\u01a1ng.<\/p>\n<p>&#8211; B\u1ea3ng \u0111\u1ed1i chi\u1ebfu \u0111\u1ecba danh x\u01b0a v\u00e0 nay (theo b\u1ea3n in c\u1ee7a NXB \u0110\u1ea1i h\u1ecdc v\u00e0 Trung h\u1ecdc chuy\u00ean nghi\u1ec7p, n\u0103m 1987).<\/p>\n<p>&#8211; Ni\u00ean bi\u1ec3u c\u00e1c s\u1ef1 ki\u1ec7n ch\u00ednh trong Tam Qu\u1ed1c di\u1ec5n ngh\u0129a.<\/p>\n<p>&#8211; \u0110\u1eb7c bi\u1ec7t, c\u00f3 324 tranh minh h\u1ecda \u0111\u01b0\u1ee3c chuy\u1ec3n t\u1eeb b\u1ed9 Tam Qu\u1ed1c di\u1ec5n ngh\u0129a li\u00ean ho\u00e0n h\u1ecda m\u00e0 \u0110\u00f4ng A mua b\u1ea3n quy\u1ec1n t\u1eeb NXB M\u0129 thu\u1eadt Nh\u00e2n d\u00e2n Th\u01b0\u1ee3ng H\u1ea3i. M\u1ed7i h\u1ed3i s\u1ebd c\u00f3 2 \u0111\u1ebfn 3 tranh minh h\u1ecda.<\/p>\n<p>&#8211; B\u1ed9 s\u00e1ch \u0111\u00ednh k\u00e8m b\u1ea3n \u0111\u1ed3 in m\u00e0u th\u1eddi Tam Qu\u1ed1c.<\/p>\n<p>B\u1ed9 s\u00e1ch g\u1ed3m 2 t\u1eadp, b\u00eca c\u1ee9ng, c\u00f3 b\u00eca \u00e1o.<\/p>\n","protected":false},"excerpt":{"rendered":"<p>Tam qu\u1ed1c di\u1ec5n ngh\u0129a c\u1ee7a La Qu\u00e1n Trung l\u00e0 m\u1ed9t trong nh\u1eefng ki\u1ec7t t\u00e1c c\u1ee7a v\u0103n h\u1ecdc th\u1ebf gi\u1edbi. Ngay t\u1eeb khi \u0111\u01b0\u1ee3c d\u1ecbch sang ch\u1eef qu\u1ed1c ng\u1eef v\u00e0o \u0111\u1ea7u th\u1ebf k\u1ef7 XX, ti\u1ec3u thuy\u1ebft n\u00e0y \u0111\u00e3 \u0111\u01b0\u1ee3c b\u1ea1n \u0111\u1ecdc Vi\u1ec7t Nam \u0111\u00f3n nh\u1eadn n\u1ed3ng nhi\u1ec7t; t\u1eeb \u0111\u00f3 \u0111\u1ebfn nay c\u00f3 v\u00f4 v\u00e0n \u1ea5n b\u1ea3n Tam qu\u1ed1c ra \u0111\u1eddi, m\u1ed7i \u1ea5n b\u1ea3n l\u1ea1i mang m\u1ed9t m\u00e0u s\u1eafc kh\u00e1c nhau. \u0110\u1ec3 c\u00f3 th\u00eam s\u1ef1 l\u1ef1a ch\u1ecdn cho b\u1ea1n \u0111\u1ecdc, \u0110\u00f4ng A ra m\u1eaft b\u1ea3n Tam qu\u1ed1c di\u1ec5n ngh\u0129a 2 t\u1eadp b\u00eca c\u1ee9ng.<\/p>\n<p>Nh\u1eefng n\u1ed9i dung \u0111\u00e1ng ch\u00fa \u00fd c\u1ee7a b\u1ea3n in n\u00e0y:<\/p>\n<p>&#8211; L\u1eddi gi\u1edbi thi\u1ec7u b\u1ed9 Tam Qu\u1ed1c di\u1ec5n ngh\u0129a c\u1ee7a NXB Ph\u1ed5 th\u00f4ng &#8211; B\u1ed9 V\u0103n h\u00f3a, 1959 \u2013 1960.<\/p>\n<p>&#8211; L\u1eddi n\u00f3i \u0111\u1ea7u &#8211; B\u00e0i vi\u1ebft cho b\u1ea3n Tam Qu\u1ed1c di\u1ec5n ngh\u0129a xu\u1ea5t b\u1ea3n n\u0103m 1959 c\u1ee7a B\u1ed9 Bi\u00ean t\u1eadp, Nh\u00e2n d\u00e2n V\u0103n h\u1ecdc Xu\u1ea5t b\u1ea3n x\u00e3 B\u1eafc Kinh, Trung Qu\u1ed1c.<\/p>\n<p>&#8211; H\u00e0nh tr\u00ecnh truy\u1ec7n Tam Qu\u1ed1c di\u1ec5n ngh\u0129a \u1edf Vi\u1ec7t Nam (T\u00e1c gi\u1ea3: Y\u00ean Ba, in l\u1ea7n \u0111\u1ea7u trong b\u1ed9 Tam Qu\u1ed1c di\u1ec5n ngh\u0129a 6 t\u1eadp do \u0110\u00f4ng A xu\u1ea5t b\u1ea3n n\u0103m 2016).<\/p>\n<p>&#8211; H\u00ecnh m\u1ed9t s\u1ed1 nh\u00e2n v\u1eadt ch\u00ednh.<\/p>\n<p>&#8211; B\u1ea3ng tra c\u1ee9u c\u00e1c nh\u00e2n v\u1eadt trong Tam Qu\u1ed1c di\u1ec5n ngh\u0129a.<\/p>\n<p>&#8211; 120 h\u1ed3i n\u1ed9i dung ch\u00ednh, cu\u1ed1i m\u1ed7i h\u1ed3i c\u00f3 L\u1eddi b\u00e0n c\u1ee7a Mao T\u00f4n C\u01b0\u01a1ng.<\/p>\n<p>&#8211; B\u1ea3ng \u0111\u1ed1i chi\u1ebfu \u0111\u1ecba danh x\u01b0a v\u00e0 nay (theo b\u1ea3n in c\u1ee7a NXB \u0110\u1ea1i h\u1ecdc v\u00e0 Trung h\u1ecdc chuy\u00ean nghi\u1ec7p, n\u0103m 1987).<\/p>\n<p>&#8211; Ni\u00ean bi\u1ec3u c\u00e1c s\u1ef1 ki\u1ec7n ch\u00ednh trong Tam Qu\u1ed1c di\u1ec5n ngh\u0129a.<\/p>\n<p>&#8211; \u0110\u1eb7c bi\u1ec7t, c\u00f3 324 tranh minh h\u1ecda \u0111\u01b0\u1ee3c chuy\u1ec3n t\u1eeb b\u1ed9 Tam Qu\u1ed1c di\u1ec5n ngh\u0129a li\u00ean ho\u00e0n h\u1ecda m\u00e0 \u0110\u00f4ng A mua b\u1ea3n quy\u1ec1n t\u1eeb NXB M\u0129 thu\u1eadt Nh\u00e2n d\u00e2n Th\u01b0\u1ee3ng H\u1ea3i. M\u1ed7i h\u1ed3i s\u1ebd c\u00f3 2 \u0111\u1ebfn 3 tranh minh h\u1ecda.<\/p>\n<p>&#8211; B\u1ed9 s\u00e1ch \u0111\u00ednh k\u00e8m b\u1ea3n \u0111\u1ed3 in m\u00e0u th\u1eddi Tam Qu\u1ed1c.<\/p>\n<p>B\u1ed9 s\u00e1ch g\u1ed3m 2 t\u1eadp, b\u00eca c\u1ee9ng, c\u00f3 b\u00eca \u00e1o.<\/p>\n","protected":false},"featured_media":15138,"template":"","meta":{"_acf_changed":false},"product_brand":[],"product_cat":[15,45],"product_tag":[81],"class_list":{"0":"post-15139","1":"product","2":"type-product","3":"status-publish","4":"has-post-thumbnail","6":"product_cat-sach-danh-cho-nguoi-lon","7":"product_cat-tieu-thuyet","8":"product_tag-sach-gia-uu-dai","10":"first","11":"instock","12":"sale","13":"taxable","14":"shipping-taxable","15":"purchasable","16":"product-type-simple"},"supplier_id":null,"supplier_sku":"","barcode":null,"atum_controlled":true,"out_stock_date":null,"out_stock_threshold":null,"inheritable":false,"inbound_stock":0,"stock_on_hold":0,"sold_today":0,"sales_last_days":0,"reserved_stock":0,"customer_returns":0,"warehouse_damage":0,"lost_in_post":0,"other_logs":0,"out_stock_days":0,"lost_sales":0,"has_location":false,"update_date":"2026-01-28T23:10:56","atum_locations":[],"atum_stock_status":"instock","restock_status":false,"low_stock_amount":"","sales_update_date":"2026-01-28T23:10:56","calc_backorders":null,"acf":{"publisher":{"ID":1544,"post_author":"1","post_date":"2021-02-17 01:24:05","post_date_gmt":"2021-02-16 23:24:05","post_content":"","post_title":"\u0110\u00f4ng A","post_excerpt":"","post_status":"publish","comment_status":"closed","ping_status":"closed","post_password":"","post_name":"dong-a","to_ping":"","pinged":"","post_modified":"2021-02-17 01:24:05","post_modified_gmt":"2021-02-16 23:24:05","post_content_filtered":"","post_parent":0,"guid":"https:\/\/sachviet.eu\/nha-phat-hanh\/dong-a\/","menu_order":0,"post_type":"publisher","post_mime_type":"","comment_count":"0","filter":"raw"}},"_links":{"self":[{"href":"https:\/\/sachviet.eu\/en\/wp-json\/wp\/v2\/product\/15139","targetHints":{"allow":["GET"]}}],"collection":[{"href":"https:\/\/sachviet.eu\/en\/wp-json\/wp\/v2\/product"}],"about":[{"href":"https:\/\/sachviet.eu\/en\/wp-json\/wp\/v2\/types\/product"}],"wp:featuredmedia":[{"embeddable":true,"href":"https:\/\/sachviet.eu\/en\/wp-json\/wp\/v2\/media\/15138"}],"wp:attachment":[{"href":"https:\/\/sachviet.eu\/en\/wp-json\/wp\/v2\/media?parent=15139"}],"wp:term":[{"taxonomy":"product_brand","embeddable":true,"href":"https:\/\/sachviet.eu\/en\/wp-json\/wp\/v2\/product_brand?post=15139"},{"taxonomy":"product_cat","embeddable":true,"href":"https:\/\/sachviet.eu\/en\/wp-json\/wp\/v2\/product_cat?post=15139"},{"taxonomy":"product_tag","embeddable":true,"href":"https:\/\/sachviet.eu\/en\/wp-json\/wp\/v2\/product_tag?post=15139"}],"curies":[{"name":"wp","href":"https:\/\/api.w.org\/{rel}","templated":true}]}}