{"id":15137,"date":"2021-08-04T14:54:12","date_gmt":"2021-08-04T11:54:12","guid":{"rendered":"https:\/\/sachviet.eu\/shop\/phia-nam-bien-gioi-phia-tay-mat-troi-tai-ban-2018\/"},"modified":"2023-05-22T13:42:21","modified_gmt":"2023-05-22T10:42:21","slug":"phia-nam-bien-gioi-phia-tay-mat-troi-tai-ban-2018","status":"publish","type":"product","link":"https:\/\/sachviet.eu\/en\/shop\/phia-nam-bien-gioi-phia-tay-mat-troi-tai-ban-2018\/","title":{"rendered":"Ph\u00eda Nam Bi\u00ean Gi\u1edbi, Ph\u00eda T\u00e2y M\u1eb7t Tr\u1eddi (T\u00e1i B\u1ea3n 2018)"},"content":{"rendered":"<p>\u0110\u00f3 l\u00e0 c\u00e2u chuy\u1ec7n \u0111au \u0111\u1edbn, khu\u1ea5y \u0111\u1ed9ng m\u1ed9t c\u00e1ch \u00e1m \u1ea3nh. M\u1ed9t cu\u1ed1n s\u00e1ch \u0111\u1eb9p, g\u1ea7n nh\u01b0 l\u00e0 m\u1ecbn m\u00e0ng v\u1ec1 nh\u1eefng t\u1ea7ng s\u00e2u kh\u00f4ng th\u1ec3 d\u00f2 \u0111\u1ebfn c\u1ee7a ch\u00fang ta.<\/p>\n<p>Ngay t\u1eeb nh\u1ecf, c\u1eadu b\u00e9 Hajime \u0111\u00e3 nh\u1eadn th\u1ee9c s\u1ef1 b\u1ed1i r\u1ed1i v\u00e0 m\u1eb7c c\u1ea3m th\u00e2n ph\u1eadn &#8220;con m\u1ed9t&#8221;, ch\u1eb3ng gi\u1ed1ng nh\u1eefng \u0111\u1ee9a b\u1ea1n c\u00f9ng trang l\u1ee9a. V\u00e0 sau n\u00e0y, ng\u01b0\u1eddi b\u1ea1n g\u00e1i th\u00e2n nh\u1ea5t c\u1ee7a Hajime, Shimamoto-san c\u0169ng thu\u1ed9c di\u1ec7n &#8220;con m\u1ed9t&#8221; hi\u1ebfm hoi. \u0110\u1ebfn ng\u01b0\u1eddi con g\u00e1i m\u00e0 Hajime lao v\u00e0o v\u1edbi ni\u1ec1m \u0111am m\u00ea kho\u00e1i l\u1ea1c kh\u00f4ng th\u1ec3 ki\u1ec3m so\u00e1t \u0111\u01b0\u1ee3c, c\u0169ng l\u00e0 &#8220;con m\u1ed9t&#8221;&#8230; Khu\u1ea5y \u0111\u1ed9ng ngay t\u1eeb \u0111\u1ea7u c\u00e2u chuy\u1ec7n l\u00e0 m\u1ed9t ch\u00e0ng trai qu\u00e1 nh\u1ea1y c\u1ea3m v\u1edbi xung quanh nh\u01b0 th\u1ebf.<\/p>\n<p>N\u0103m 37 tu\u1ed5i, Hajime \u0111\u00e3 c\u00f3 m\u1ed9t c\u01a1 ng\u01a1i \u0111\u00e1ng \u0111\u1ec3 anh m\u1ec9m c\u01b0\u1eddi h\u00e0i l\u00f2ng, m\u1ed9t c\u00f4ng vi\u1ec7c v\u1eeba ki\u1ebfm ra ti\u1ec1n, v\u1eeba th\u1ecfa m\u00e3n s\u1edf th\u00edch c\u00e1 nh\u00e2n, m\u1ed9t ng\u01b0\u1eddi v\u1ee3 xinh \u0111\u1eb9p m\u00e0 anh h\u1ebft l\u00f2ng y\u00eau m\u1ebfn, hai \u0111\u1ee9a con th\u01a1 l\u00fac n\u00e0o c\u0169ng qu\u1ea5n qu\u00edt ch\u00e2n b\u1ed1. C\u0169ng nh\u01b0 nhi\u1ec1u \u0111\u00e0n \u00f4ng kh\u00e1c \u1edf l\u1ee9a tu\u1ed5i n\u00e0y, Hajime c\u0169ng c\u00f3 t\u00ecnh nh\u00e2n, nh\u01b0ng ch\u1ec9 l\u00e0 tho\u00e1ng qua m\u00e0 kh\u00f4ng \u0111\u1ecdng l\u1ea1i ch\u00fat d\u01b0 v\u1ecb n\u00e0o.<\/p>\n<p>V\u00e0 Hajime \u0111\u00e3 y\u00eau, y\u00eau m\u1ed9t ng\u01b0\u1eddi ch\u1ec9 duy nh\u1ea5t c\u00f3 c\u00e1i t\u00ean v\u00e0 t\u00ecnh b\u1ea1n th\u1eddi qu\u00e1 kh\u1ee9 h\u01a1n 20 n\u0103m. Kh\u00f3 m\u00e0 l\u00fd gi\u1ea3i \u0111i\u1ec1u g\u00ec \u0111\u00e3 khi\u1ebfn m\u1ed9t ng\u01b0\u1eddi \u0111\u00e0n \u00f4ng \u0111\u1ea7y chu\u1ea9n m\u1ef1c v\u1edbi gia \u0111\u00ecnh v\u00e0 c\u00f4ng vi\u1ec7c nh\u01b0 Hajime \u0111\u00e3 l\u1ea7n l\u01b0\u1ee3t c\u1edfi tr\u00f3i nh\u1eefng g\u00ec \u0111ang b\u00f3 bu\u1ed9c m\u00ecnh. Ph\u1ea3i ch\u0103ng \u0111\u00f3 l\u00e0 s\u1ef1 mong manh gi\u1eefa m\u1ed9t ng\u01b0\u1eddi ph\u1ee5 n\u1eef qu\u00e1 m\u01a1 h\u1ed3 \u0111\u1ebfn c\u00f9ng nh\u1eefng l\u1eddi h\u1eb9n &#8220;c\u00f3 l\u1ebd&#8221;, &#8220;c\u00f3 th\u1ec3&#8221;, &#8220;m\u1ed9t kho\u1ea3ng th\u1eddi gian n\u1eefa&#8221;? Ph\u1ea3i ch\u0103ng anh y\u00eau c\u00f4 nh\u01b0 mu\u1ed1n t\u00ecm l\u1ea1i qu\u00e1 kh\u1ee9 c\u1ee7a ch\u00ednh m\u00ecnh? Ph\u1ea3i ch\u0103ng anh \u0111ang mu\u1ed1n ki\u1ebfm t\u00ecm l\u1eddi l\u00fd gi\u1ea3i v\u1ec1 ranh gi\u1edbi gi\u1eefa th\u1ef1c v\u00e0 h\u01b0?<\/p>\n<p>R\u1ed1t cu\u1ed9c th\u00ec bao s\u1ed1t ru\u1ed9t ch\u1edd tr\u00f4ng mong m\u1ecfi c\u1ee7a Hajime c\u0169ng \u0111\u01b0\u1ee3c \u0111\u1ec1n b\u00f9 tho\u1ea3 \u0111\u00e1ng khi h\u1ecd c\u00f9ng tr\u1ed1n gia \u0111\u00ecnh \u0111\u1ec3 \u0111\u1ebfn v\u1edbi nhau, b\u1ea5t ch\u1ea5p chuy\u1ec7n g\u00ec x\u1ea3y ra. R\u1ed1t cu\u1ed9c th\u00ec c\u1ea3 hai l\u1ea7n \u0111\u1ea7u ti\u00ean \u0111\u01b0\u1ee3c y\u00eau nhau nh\u01b0 ng\u01b0\u1eddi \u0111\u00e0n \u00f4ng y\u00eau m\u1ed9t ng\u01b0\u1eddi \u0111\u00e0n b\u00e0. R\u1ed1t cu\u1ed9c th\u00ec c\u1ea3 hai \u0111\u00e3 t\u00ecm ra s\u1ef1 h\u00f2a h\u1ee3p ho\u00e0n h\u1ea3o c\u1ee7a c\u01a1 th\u1ec3&#8230; Nh\u01b0ng ngay c\u1ea3 \u1edf ch\u1ed1n t\u01b0\u1edfng nh\u01b0 \u0111\u00e3 l\u00e0 t\u1eadn c\u00f9ng \u0111\u00f3, h\u1ecd v\u1eabn kh\u00f4ng th\u1ec3 \u0111\u1ebfn \u0111\u01b0\u1ee3c v\u1edbi nhau.<\/p>\n<p>Kh\u00f4ng ph\u1ea3i Hajime m\u00e0 t\u1ea5t c\u1ea3 nh\u1eefng ng\u01b0\u1eddi ph\u1ee5 n\u1eef trong cu\u1ed1n s\u00e1ch n\u00e0y \u0111\u1ec1u b\u1ecdc m\u00ecnh trong l\u1edbp m\u00e0n b\u00ed \u1ea9n. \u0110\u1eb1ng sau t\u00ecnh y\u00eau trong veo c\u1ee7a c\u00f4 g\u00e1i Izumi l\u00e0 m\u1ed9t m\u1ed1i h\u1eadn khi\u1ebfn c\u00f4 tr\u1edf th\u00e0nh v\u00f4 c\u1ea3m. \u0110\u1eb1ng sau c\u00f4 v\u1ee3 Yukiko ng\u1ecdt ng\u00e0o v\u00e0 xinh \u0111\u1eb9p l\u00e0 m\u1ed9t l\u1ea7n t\u1ef1 t\u1eed h\u1ee5t c\u00f9ng nh\u1eefng n\u1ed7i \u0111au d\u1eb3ng dai b\u00ean m\u00ecnh. C\u00f2n \u0111\u1eb1ng sau Shimamoto-san l\u00e0 m\u1ed9t th\u1ee9 g\u00ec m\u00e0 kh\u00f4ng ai c\u00f3 th\u1ec3 ch\u1ea1m t\u1edbi \u0111\u01b0\u1ee3c&#8230;<\/p>\n<p>C\u00f3 nh\u1eefng g\u00ec?\u201d c\u00f3 l\u1ebd l\u00e0 c\u00e2u h\u1ecfi m\u00e0 cu\u1ed1n s\u00e1ch nh\u1ecf c\u1ee7a Haruki Murakami \u0111\u1eb7t ra. C\u00f3 nh\u1eefng g\u00ec \u1edf ph\u00eda Nam bi\u00ean gi\u1edbi, khi \u0111\u00f3 kh\u00f4ng ch\u1ec9 l\u00e0 n\u01b0\u1edbc M\u00eaxic\u00f4; c\u00f3 nh\u1eefng g\u00ec \u1edf ph\u00eda T\u00e2y m\u1eb7t tr\u1eddi, khi \u0111\u00f3 kh\u00f4ng ch\u1ec9 l\u00e0 m\u1ed9t ch\u1ee9ng b\u1ec7nh c\u1ee7a nh\u1eefng ng\u01b0\u1eddi n\u00f4ng d\u00e2n Xib\u00eari s\u1ed1ng trong c\u1ea3nh ng\u00e0y \u0111\u00eam kh\u00f4ng ph\u00e2n c\u00e1ch; v\u00e0 c\u00f3 nh\u1eefng g\u00ec trong nh\u1eefng di\u1ec5n ti\u1ebfn cu\u1ed9c \u0111\u1eddi m\u1ed7i con ng\u01b0\u1eddi? Kh\u00f4ng ch\u1ec9 cu\u1ed9c \u0111\u1eddi \u00edt chi ti\u1ebft c\u1ee7a Shimamoto-san m\u1edbi g\u00e2y b\u0103n kho\u0103n, m\u00e0 ngay c\u1ea3 ba giai \u0111o\u1ea1n \u0111\u01b0\u1ee3c mi\u00eau t\u1ea3 h\u1ebft s\u1ee9c r\u00f5 r\u00e0ng c\u1ee7a cu\u1ed9c \u0111\u1eddi Hajime c\u0169ng kh\u00f4ng ho\u00e0n to\u00e0n l\u00e0m th\u1ecfa m\u00e3n nh\u1eefng ng\u01b0\u1eddi quen v\u1edbi nh\u1eefng v\u0103n ch\u01b0\u01a1ng \u0111\u01b0\u1ee3c t\u00e1c gi\u1ea3 ch\u00fa t\u00e2m gi\u1ea3i th\u00edch k\u1ef9 c\u00e0ng. Ph\u00eda Nam bi\u00ean gi\u1edbi, ph\u00eda T\u00e2y m\u1eb7t tr\u1eddi kh\u00f4ng y\u00eau c\u1ea7u ng\u01b0\u1eddi \u0111\u1ecdc di\u1ec5n gi\u1ea3i. R\u1ea5t nhi\u1ec1u chi ti\u1ebft trong \u0111\u00f3 thu\u1ed9c v\u1ec1 \u201cti\u1ec3u s\u1eed ngo\u00e0i \u0111\u1eddi\u201d c\u1ee7a Murakami, nh\u01b0ng c\u00e2u chuy\u1ec7n \u0111\u01a1n gi\u1ea3n \u0111\u01b0\u1ee3c k\u1ec3 tr\u00ean n\u1ec1n nh\u1ea1c c\u1ee7a Nat King Cole v\u00e0 Duke Ellington, v\u1edbi h\u01b0\u01a1ng v\u1ecb l\u1ea1 l\u00f9ng c\u1ee7a nh\u1eefng ly cocktail Daiquiri v\u00e0 Robin\u2019s Nest c\u00f3 m\u1ed9t kh\u1ea3 n\u0103ng \u0111\u1eb7c bi\u1ec7t: n\u00f3 kh\u00f4ng cho ph\u00e9p m\u1ecdi c\u00e1ch gi\u1ea3i th\u00edch d\u1ec5 d\u00e3i. Nh\u1eefng c\u00e2u h\u1ecfi li\u00ean ti\u1ebfp hi\u1ec7n ra trong t\u00e2m tr\u00ed Hajime, v\u1ec1 \u00fd ngh\u0129a cu\u1ed9c \u0111\u1eddi c\u0169ng nh\u01b0 c\u1ee7a t\u1eebng tr\u1ea3i nghi\u1ec7m d\u00f9 nh\u1ecf \u0111\u1ebfn \u0111\u00e2u, s\u1ebd d\u1ea7n truy\u1ec1n sang ng\u01b0\u1eddi \u0111\u1ecdc, v\u00e0 \u0111\u1ebfn khi k\u1ebft th\u00fac, r\u1ea5t c\u00f3 th\u1ec3 s\u1ef1 hoang mang v\u1ec1 ranh gi\u1edbi gi\u1eefa th\u1ef1c v\u00e0 h\u01b0, ch\u00e2n th\u00e0nh v\u00e0 gi\u1ea3 t\u1ea1o, quy t\u1eafc v\u00e0 ngo\u1ea1i l\u1ec7 s\u1ebd l\u00e0 \u0111i\u1ec1u duy nh\u1ea5t m\u00e0 ng\u01b0\u1eddi \u0111\u1ecdc \u201cg\u1eb7t h\u00e1i\u201d \u0111\u01b0\u1ee3c. \u0110i\u1ec1u n\u00e0y c\u0169ng kh\u00f4ng th\u1eadt s\u1ef1 l\u1ea1, v\u00ec, \u0111\u00e3 tr\u1edf th\u00e0nh quy lu\u1eadt, nh\u1eefng c\u00e2u tr\u1ea3 l\u1eddi th\u00ec qua \u0111i, c\u00f2n c\u00e2u h\u1ecfi th\u00ec \u1edf l\u1ea1i.<\/p>\n<p>Ph\u00eda Nam bi\u00ean gi\u1edbi, ph\u00eda T\u00e2y m\u1eb7t tr\u1eddi l\u00e0 cu\u1ed1n ti\u1ec3u thuy\u1ebft ch\u1ee9a \u0111\u1ef1ng nhi\u1ec1u nh\u1ea5t con ng\u01b0\u1eddi th\u1eadt c\u1ee7a Haruki Murakami, v\u00e0 l\u00e0 c\u00e2u chuy\u1ec7n \u0111\u01a1n gi\u1ea3n nh\u1ea5t m\u00e0 Murakami t\u1eebng k\u1ec3. Tuy v\u1eady, \u0111\u01a1n gi\u1ea3n kh\u00f4ng c\u00f3 ngh\u0129a l\u00e0 d\u1ec5 hi\u1ec3u, v\u00e0 m\u1ed9t l\u1ed1i k\u1ec3 chuy\u1ec7n gi\u1ea3n d\u1ecb kh\u00f4ng lo\u1ea1i b\u1ecf nh\u1eefng n\u1ed7 l\u1ef1c k\u00edn \u0111\u00e1o trong vi\u1ec7c tho\u00e1t ra kh\u1ecfi nh\u1eefng l\u1ed1i \u0111i v\u0103n ch\u01b0\u01a1ng \u0111\u00e3 c\u0169 m\u00f2n. \u201cS\u1ef1 k\u1ebft n\u1ed1i\u201d d\u1ec5 th\u1ea5y gi\u1eefa Ph\u00eda Nam bi\u00ean gi\u1edbi, ph\u00eda T\u00e2y m\u1eb7t tr\u1eddi v\u00e0 nh\u1eefng t\u00e1c ph\u1ea9m kh\u00e1c c\u1ee7a Murakami c\u00f3 l\u1ebd l\u00e0 n\u0103ng l\u1ef1c \u0111\u1eb7c bi\u1ec7t c\u1ee7a nh\u00e0 v\u0103n Nh\u1eadt B\u1ea3n \u0111\u1ed1i v\u1edbi c\u00e1ch t\u1ea1o ra v\u00e0 x\u1eed l\u00fd c\u00e1i b\u00ed \u1ea9n. Kh\u00f4ng c\u00f3 m\u1eadt \u0111\u1ed9 d\u00e0y \u0111\u1eb7c nh\u01b0 trong Bi\u00ean ni\u00ean k\u00fd chim v\u1eb7n d\u00e2y c\u00f3t hay Kafka b\u00ean b\u1edd bi\u1ec3n, c\u00e1i b\u00ed \u1ea9n \u1edf \u0111\u00e2y gi\u1ed1ng nh\u01b0 nh\u1eefng \u0111o\u1ea1n nh\u1ea1c jazz bi\u1ebfn t\u1ea5u ng\u1eabu h\u1ee9ng tr\u00ean n\u1ec1n c\u1ee7a nh\u1eefng b\u1ea3n nh\u1ea1c c\u0169, v\u00e0 ch\u00ednh l\u00e0 c\u00e1i \u0111\u1ec3 l\u1ea1i d\u01b0 v\u1ecb l\u00e2u nh\u1ea5t cho ng\u01b0\u1eddi \u0111\u1ecdc<\/p>\n","protected":false},"excerpt":{"rendered":"<p>\u0110\u00f3 l\u00e0 c\u00e2u chuy\u1ec7n \u0111au \u0111\u1edbn, khu\u1ea5y \u0111\u1ed9ng m\u1ed9t c\u00e1ch \u00e1m \u1ea3nh. M\u1ed9t cu\u1ed1n s\u00e1ch \u0111\u1eb9p, g\u1ea7n nh\u01b0 l\u00e0 m\u1ecbn m\u00e0ng v\u1ec1 nh\u1eefng t\u1ea7ng s\u00e2u kh\u00f4ng th\u1ec3 d\u00f2 \u0111\u1ebfn c\u1ee7a ch\u00fang ta.<\/p>\n<p>Ngay t\u1eeb nh\u1ecf, c\u1eadu b\u00e9 Hajime \u0111\u00e3 nh\u1eadn th\u1ee9c s\u1ef1 b\u1ed1i r\u1ed1i v\u00e0 m\u1eb7c c\u1ea3m th\u00e2n ph\u1eadn &#8220;con m\u1ed9t&#8221;, ch\u1eb3ng gi\u1ed1ng nh\u1eefng \u0111\u1ee9a b\u1ea1n c\u00f9ng trang l\u1ee9a. V\u00e0 sau n\u00e0y, ng\u01b0\u1eddi b\u1ea1n g\u00e1i th\u00e2n nh\u1ea5t c\u1ee7a Hajime, Shimamoto-san c\u0169ng thu\u1ed9c di\u1ec7n &#8220;con m\u1ed9t&#8221; hi\u1ebfm hoi. \u0110\u1ebfn ng\u01b0\u1eddi con g\u00e1i m\u00e0 Hajime lao v\u00e0o v\u1edbi ni\u1ec1m \u0111am m\u00ea kho\u00e1i l\u1ea1c kh\u00f4ng th\u1ec3 ki\u1ec3m so\u00e1t \u0111\u01b0\u1ee3c, c\u0169ng l\u00e0 &#8220;con m\u1ed9t&#8221;&#8230; Khu\u1ea5y \u0111\u1ed9ng ngay t\u1eeb \u0111\u1ea7u c\u00e2u chuy\u1ec7n l\u00e0 m\u1ed9t ch\u00e0ng trai qu\u00e1 nh\u1ea1y c\u1ea3m v\u1edbi xung quanh nh\u01b0 th\u1ebf.<\/p>\n<p>N\u0103m 37 tu\u1ed5i, Hajime \u0111\u00e3 c\u00f3 m\u1ed9t c\u01a1 ng\u01a1i \u0111\u00e1ng \u0111\u1ec3 anh m\u1ec9m c\u01b0\u1eddi h\u00e0i l\u00f2ng, m\u1ed9t c\u00f4ng vi\u1ec7c v\u1eeba ki\u1ebfm ra ti\u1ec1n, v\u1eeba th\u1ecfa m\u00e3n s\u1edf th\u00edch c\u00e1 nh\u00e2n, m\u1ed9t ng\u01b0\u1eddi v\u1ee3 xinh \u0111\u1eb9p m\u00e0 anh h\u1ebft l\u00f2ng y\u00eau m\u1ebfn, hai \u0111\u1ee9a con th\u01a1 l\u00fac n\u00e0o c\u0169ng qu\u1ea5n qu\u00edt ch\u00e2n b\u1ed1. C\u0169ng nh\u01b0 nhi\u1ec1u \u0111\u00e0n \u00f4ng kh\u00e1c \u1edf l\u1ee9a tu\u1ed5i n\u00e0y, Hajime c\u0169ng c\u00f3 t\u00ecnh nh\u00e2n, nh\u01b0ng ch\u1ec9 l\u00e0 tho\u00e1ng qua m\u00e0 kh\u00f4ng \u0111\u1ecdng l\u1ea1i ch\u00fat d\u01b0 v\u1ecb n\u00e0o.<\/p>\n<p>V\u00e0 Hajime \u0111\u00e3 y\u00eau, y\u00eau m\u1ed9t ng\u01b0\u1eddi ch\u1ec9 duy nh\u1ea5t c\u00f3 c\u00e1i t\u00ean v\u00e0 t\u00ecnh b\u1ea1n th\u1eddi qu\u00e1 kh\u1ee9 h\u01a1n 20 n\u0103m. Kh\u00f3 m\u00e0 l\u00fd gi\u1ea3i \u0111i\u1ec1u g\u00ec \u0111\u00e3 khi\u1ebfn m\u1ed9t ng\u01b0\u1eddi \u0111\u00e0n \u00f4ng \u0111\u1ea7y chu\u1ea9n m\u1ef1c v\u1edbi gia \u0111\u00ecnh v\u00e0 c\u00f4ng vi\u1ec7c nh\u01b0 Hajime \u0111\u00e3 l\u1ea7n l\u01b0\u1ee3t c\u1edfi tr\u00f3i nh\u1eefng g\u00ec \u0111ang b\u00f3 bu\u1ed9c m\u00ecnh. Ph\u1ea3i ch\u0103ng \u0111\u00f3 l\u00e0 s\u1ef1 mong manh gi\u1eefa m\u1ed9t ng\u01b0\u1eddi ph\u1ee5 n\u1eef qu\u00e1 m\u01a1 h\u1ed3 \u0111\u1ebfn c\u00f9ng nh\u1eefng l\u1eddi h\u1eb9n &#8220;c\u00f3 l\u1ebd&#8221;, &#8220;c\u00f3 th\u1ec3&#8221;, &#8220;m\u1ed9t kho\u1ea3ng th\u1eddi gian n\u1eefa&#8221;? Ph\u1ea3i ch\u0103ng anh y\u00eau c\u00f4 nh\u01b0 mu\u1ed1n t\u00ecm l\u1ea1i qu\u00e1 kh\u1ee9 c\u1ee7a ch\u00ednh m\u00ecnh? Ph\u1ea3i ch\u0103ng anh \u0111ang mu\u1ed1n ki\u1ebfm t\u00ecm l\u1eddi l\u00fd gi\u1ea3i v\u1ec1 ranh gi\u1edbi gi\u1eefa th\u1ef1c v\u00e0 h\u01b0?<\/p>\n<p>R\u1ed1t cu\u1ed9c th\u00ec bao s\u1ed1t ru\u1ed9t ch\u1edd tr\u00f4ng mong m\u1ecfi c\u1ee7a Hajime c\u0169ng \u0111\u01b0\u1ee3c \u0111\u1ec1n b\u00f9 tho\u1ea3 \u0111\u00e1ng khi h\u1ecd c\u00f9ng tr\u1ed1n gia \u0111\u00ecnh \u0111\u1ec3 \u0111\u1ebfn v\u1edbi nhau, b\u1ea5t ch\u1ea5p chuy\u1ec7n g\u00ec x\u1ea3y ra. R\u1ed1t cu\u1ed9c th\u00ec c\u1ea3 hai l\u1ea7n \u0111\u1ea7u ti\u00ean \u0111\u01b0\u1ee3c y\u00eau nhau nh\u01b0 ng\u01b0\u1eddi \u0111\u00e0n \u00f4ng y\u00eau m\u1ed9t ng\u01b0\u1eddi \u0111\u00e0n b\u00e0. R\u1ed1t cu\u1ed9c th\u00ec c\u1ea3 hai \u0111\u00e3 t\u00ecm ra s\u1ef1 h\u00f2a h\u1ee3p ho\u00e0n h\u1ea3o c\u1ee7a c\u01a1 th\u1ec3&#8230; Nh\u01b0ng ngay c\u1ea3 \u1edf ch\u1ed1n t\u01b0\u1edfng nh\u01b0 \u0111\u00e3 l\u00e0 t\u1eadn c\u00f9ng \u0111\u00f3, h\u1ecd v\u1eabn kh\u00f4ng th\u1ec3 \u0111\u1ebfn \u0111\u01b0\u1ee3c v\u1edbi nhau.<\/p>\n<p>Kh\u00f4ng ph\u1ea3i Hajime m\u00e0 t\u1ea5t c\u1ea3 nh\u1eefng ng\u01b0\u1eddi ph\u1ee5 n\u1eef trong cu\u1ed1n s\u00e1ch n\u00e0y \u0111\u1ec1u b\u1ecdc m\u00ecnh trong l\u1edbp m\u00e0n b\u00ed \u1ea9n. \u0110\u1eb1ng sau t\u00ecnh y\u00eau trong veo c\u1ee7a c\u00f4 g\u00e1i Izumi l\u00e0 m\u1ed9t m\u1ed1i h\u1eadn khi\u1ebfn c\u00f4 tr\u1edf th\u00e0nh v\u00f4 c\u1ea3m. \u0110\u1eb1ng sau c\u00f4 v\u1ee3 Yukiko ng\u1ecdt ng\u00e0o v\u00e0 xinh \u0111\u1eb9p l\u00e0 m\u1ed9t l\u1ea7n t\u1ef1 t\u1eed h\u1ee5t c\u00f9ng nh\u1eefng n\u1ed7i \u0111au d\u1eb3ng dai b\u00ean m\u00ecnh. C\u00f2n \u0111\u1eb1ng sau Shimamoto-san l\u00e0 m\u1ed9t th\u1ee9 g\u00ec m\u00e0 kh\u00f4ng ai c\u00f3 th\u1ec3 ch\u1ea1m t\u1edbi \u0111\u01b0\u1ee3c&#8230;<\/p>\n<p>C\u00f3 nh\u1eefng g\u00ec?\u201d c\u00f3 l\u1ebd l\u00e0 c\u00e2u h\u1ecfi m\u00e0 cu\u1ed1n s\u00e1ch nh\u1ecf c\u1ee7a Haruki Murakami \u0111\u1eb7t ra. C\u00f3 nh\u1eefng g\u00ec \u1edf ph\u00eda Nam bi\u00ean gi\u1edbi, khi \u0111\u00f3 kh\u00f4ng ch\u1ec9 l\u00e0 n\u01b0\u1edbc M\u00eaxic\u00f4; c\u00f3 nh\u1eefng g\u00ec \u1edf ph\u00eda T\u00e2y m\u1eb7t tr\u1eddi, khi \u0111\u00f3 kh\u00f4ng ch\u1ec9 l\u00e0 m\u1ed9t ch\u1ee9ng b\u1ec7nh c\u1ee7a nh\u1eefng ng\u01b0\u1eddi n\u00f4ng d\u00e2n Xib\u00eari s\u1ed1ng trong c\u1ea3nh ng\u00e0y \u0111\u00eam kh\u00f4ng ph\u00e2n c\u00e1ch; v\u00e0 c\u00f3 nh\u1eefng g\u00ec trong nh\u1eefng di\u1ec5n ti\u1ebfn cu\u1ed9c \u0111\u1eddi m\u1ed7i con ng\u01b0\u1eddi? Kh\u00f4ng ch\u1ec9 cu\u1ed9c \u0111\u1eddi \u00edt chi ti\u1ebft c\u1ee7a Shimamoto-san m\u1edbi g\u00e2y b\u0103n kho\u0103n, m\u00e0 ngay c\u1ea3 ba giai \u0111o\u1ea1n \u0111\u01b0\u1ee3c mi\u00eau t\u1ea3 h\u1ebft s\u1ee9c r\u00f5 r\u00e0ng c\u1ee7a cu\u1ed9c \u0111\u1eddi Hajime c\u0169ng kh\u00f4ng ho\u00e0n to\u00e0n l\u00e0m th\u1ecfa m\u00e3n nh\u1eefng ng\u01b0\u1eddi quen v\u1edbi nh\u1eefng v\u0103n ch\u01b0\u01a1ng \u0111\u01b0\u1ee3c t\u00e1c gi\u1ea3 ch\u00fa t\u00e2m gi\u1ea3i th\u00edch k\u1ef9 c\u00e0ng. Ph\u00eda Nam bi\u00ean gi\u1edbi, ph\u00eda T\u00e2y m\u1eb7t tr\u1eddi kh\u00f4ng y\u00eau c\u1ea7u ng\u01b0\u1eddi \u0111\u1ecdc di\u1ec5n gi\u1ea3i. R\u1ea5t nhi\u1ec1u chi ti\u1ebft trong \u0111\u00f3 thu\u1ed9c v\u1ec1 \u201cti\u1ec3u s\u1eed ngo\u00e0i \u0111\u1eddi\u201d c\u1ee7a Murakami, nh\u01b0ng c\u00e2u chuy\u1ec7n \u0111\u01a1n gi\u1ea3n \u0111\u01b0\u1ee3c k\u1ec3 tr\u00ean n\u1ec1n nh\u1ea1c c\u1ee7a Nat King Cole v\u00e0 Duke Ellington, v\u1edbi h\u01b0\u01a1ng v\u1ecb l\u1ea1 l\u00f9ng c\u1ee7a nh\u1eefng ly cocktail Daiquiri v\u00e0 Robin\u2019s Nest c\u00f3 m\u1ed9t kh\u1ea3 n\u0103ng \u0111\u1eb7c bi\u1ec7t: n\u00f3 kh\u00f4ng cho ph\u00e9p m\u1ecdi c\u00e1ch gi\u1ea3i th\u00edch d\u1ec5 d\u00e3i. Nh\u1eefng c\u00e2u h\u1ecfi li\u00ean ti\u1ebfp hi\u1ec7n ra trong t\u00e2m tr\u00ed Hajime, v\u1ec1 \u00fd ngh\u0129a cu\u1ed9c \u0111\u1eddi c\u0169ng nh\u01b0 c\u1ee7a t\u1eebng tr\u1ea3i nghi\u1ec7m d\u00f9 nh\u1ecf \u0111\u1ebfn \u0111\u00e2u, s\u1ebd d\u1ea7n truy\u1ec1n sang ng\u01b0\u1eddi \u0111\u1ecdc, v\u00e0 \u0111\u1ebfn khi k\u1ebft th\u00fac, r\u1ea5t c\u00f3 th\u1ec3 s\u1ef1 hoang mang v\u1ec1 ranh gi\u1edbi gi\u1eefa th\u1ef1c v\u00e0 h\u01b0, ch\u00e2n th\u00e0nh v\u00e0 gi\u1ea3 t\u1ea1o, quy t\u1eafc v\u00e0 ngo\u1ea1i l\u1ec7 s\u1ebd l\u00e0 \u0111i\u1ec1u duy nh\u1ea5t m\u00e0 ng\u01b0\u1eddi \u0111\u1ecdc \u201cg\u1eb7t h\u00e1i\u201d \u0111\u01b0\u1ee3c. \u0110i\u1ec1u n\u00e0y c\u0169ng kh\u00f4ng th\u1eadt s\u1ef1 l\u1ea1, v\u00ec, \u0111\u00e3 tr\u1edf th\u00e0nh quy lu\u1eadt, nh\u1eefng c\u00e2u tr\u1ea3 l\u1eddi th\u00ec qua \u0111i, c\u00f2n c\u00e2u h\u1ecfi th\u00ec \u1edf l\u1ea1i.<\/p>\n<p>Ph\u00eda Nam bi\u00ean gi\u1edbi, ph\u00eda T\u00e2y m\u1eb7t tr\u1eddi l\u00e0 cu\u1ed1n ti\u1ec3u thuy\u1ebft ch\u1ee9a \u0111\u1ef1ng nhi\u1ec1u nh\u1ea5t con ng\u01b0\u1eddi th\u1eadt c\u1ee7a Haruki Murakami, v\u00e0 l\u00e0 c\u00e2u chuy\u1ec7n \u0111\u01a1n gi\u1ea3n nh\u1ea5t m\u00e0 Murakami t\u1eebng k\u1ec3. Tuy v\u1eady, \u0111\u01a1n gi\u1ea3n kh\u00f4ng c\u00f3 ngh\u0129a l\u00e0 d\u1ec5 hi\u1ec3u, v\u00e0 m\u1ed9t l\u1ed1i k\u1ec3 chuy\u1ec7n gi\u1ea3n d\u1ecb kh\u00f4ng lo\u1ea1i b\u1ecf nh\u1eefng n\u1ed7 l\u1ef1c k\u00edn \u0111\u00e1o trong vi\u1ec7c tho\u00e1t ra kh\u1ecfi nh\u1eefng l\u1ed1i \u0111i v\u0103n ch\u01b0\u01a1ng \u0111\u00e3 c\u0169 m\u00f2n. \u201cS\u1ef1 k\u1ebft n\u1ed1i\u201d d\u1ec5 th\u1ea5y gi\u1eefa Ph\u00eda Nam bi\u00ean gi\u1edbi, ph\u00eda T\u00e2y m\u1eb7t tr\u1eddi v\u00e0 nh\u1eefng t\u00e1c ph\u1ea9m kh\u00e1c c\u1ee7a Murakami c\u00f3 l\u1ebd l\u00e0 n\u0103ng l\u1ef1c \u0111\u1eb7c bi\u1ec7t c\u1ee7a nh\u00e0 v\u0103n Nh\u1eadt B\u1ea3n \u0111\u1ed1i v\u1edbi c\u00e1ch t\u1ea1o ra v\u00e0 x\u1eed l\u00fd c\u00e1i b\u00ed \u1ea9n. Kh\u00f4ng c\u00f3 m\u1eadt \u0111\u1ed9 d\u00e0y \u0111\u1eb7c nh\u01b0 trong Bi\u00ean ni\u00ean k\u00fd chim v\u1eb7n d\u00e2y c\u00f3t hay Kafka b\u00ean b\u1edd bi\u1ec3n, c\u00e1i b\u00ed \u1ea9n \u1edf \u0111\u00e2y gi\u1ed1ng nh\u01b0 nh\u1eefng \u0111o\u1ea1n nh\u1ea1c jazz bi\u1ebfn t\u1ea5u ng\u1eabu h\u1ee9ng tr\u00ean n\u1ec1n c\u1ee7a nh\u1eefng b\u1ea3n nh\u1ea1c c\u0169, v\u00e0 ch\u00ednh l\u00e0 c\u00e1i \u0111\u1ec3 l\u1ea1i d\u01b0 v\u1ecb l\u00e2u nh\u1ea5t cho ng\u01b0\u1eddi \u0111\u1ecdc<\/p>\n","protected":false},"featured_media":15128,"template":"","meta":{"_acf_changed":false},"product_brand":[],"product_cat":[15,45],"product_tag":[],"class_list":{"0":"post-15137","1":"product","2":"type-product","3":"status-publish","4":"has-post-thumbnail","6":"product_cat-sach-danh-cho-nguoi-lon","7":"product_cat-tieu-thuyet","9":"first","10":"outofstock","11":"taxable","12":"shipping-taxable","13":"purchasable","14":"product-type-simple"},"supplier_id":null,"supplier_sku":"","barcode":null,"atum_controlled":true,"out_stock_date":"2023-05-22 10:42:21","out_stock_threshold":null,"inheritable":false,"inbound_stock":0,"stock_on_hold":0,"sold_today":0,"sales_last_days":0,"reserved_stock":0,"customer_returns":0,"warehouse_damage":0,"lost_in_post":0,"other_logs":0,"out_stock_days":982,"lost_sales":0,"has_location":false,"update_date":"2026-01-28T23:10:56","atum_locations":[],"atum_stock_status":"outofstock","restock_status":false,"low_stock_amount":"","sales_update_date":"2026-01-28T23:10:56","calc_backorders":null,"acf":{"publisher":{"ID":1424,"post_author":"1","post_date":"2021-02-17 00:02:29","post_date_gmt":"2021-02-16 22:02:29","post_content":"<!-- wp:flatsome\/uxbuilder -->\n<h1 style=\"text-align: center\"><strong>Nh\u00e3 Nam<\/strong><\/h1>\n[row]\n\n[col span=\"6\" span__sm=\"12\"]\n\n[ux_image id=\"1438\" image_size=\"medium\"]\n\n\n[\/col]\n[col span=\"6\" span__sm=\"12\"]\n\n<p><strong>C\u00f4ng ty c\u1ed5 ph\u1ea7n V\u0103n h\u00f3a v\u00e0 Truy\u1ec1n th\u00f4ng Nh\u00e3 Nam<\/strong><\/p>\n<p>Th\u00e1ng 2 n\u0103m 2005, Nh\u00e3 Nam, t\u00ean \u0111\u1ea7y \u0111\u1ee7 l\u00e0 C\u00f4ng ty C\u1ed5 ph\u1ea7n V\u0103n h\u00f3a v\u00e0 Truy\u1ec1n th\u00f4ng Nh\u00e3 Nam \u0111\u00e3 gia nh\u1eadp th\u1ecb tr\u01b0\u1eddng s\u00e1ch. T\u00e1c ph\u1ea9m \"Balzac v\u00e0 c\u00f4 b\u00e9 th\u1ee3 may Trung hoa\" c\u1ee7a \u0110\u1edbi T\u01b0 Ki\u1ec7t l\u00e0 cu\u1ed1n s\u00e1ch \u0111\u1ea7u ti\u00ean \u0111\u01b0\u1ee3c nh\u1eefng ng\u01b0\u1eddi s\u00e1ng l\u1eadp Nh\u00e3 Nam xu\u1ea5t b\u1ea3n c\u1ea3 tr\u01b0\u1edbc khi c\u00f4ng ty ra \u0111\u1eddi. Ngay l\u1eadp t\u1ee9c t\u1eeb cu\u1ed1n s\u00e1ch \u0111\u1ea7u ti\u00ean, \u0111\u1ed9c gi\u1ea3 \u0111\u00e3 d\u00e0nh s\u1ef1 quan t\u00e2m v\u00e0 y\u00eau m\u1ebfn cho m\u1ed9t th\u01b0\u01a1ng hi\u1ec7u s\u00e1ch m\u1edbi m\u1ebb mang trong m\u00ecnh kh\u00e1t v\u1ecdng g\u00f3p ph\u1ea7n t\u1ea1o l\u1eadp di\u1ec7n m\u1ea1o m\u1edbi cho xu\u1ea5t b\u1ea3n v\u0103n h\u1ecdc t\u1ea1i Vi\u1ec7t Nam.<\/p>\n<p>L\u00f2ng say m\u00ea c\u1ee7a \u0111\u1ed9i ng\u0169 l\u00e0 vi\u00ean \u0111\u00e1 \u0111\u1ea7u ti\u00ean. Tr\u1ea3i qua m\u1ea5y n\u0103m ph\u00e1t tri\u1ec3n, Nh\u00e3 Nam \u0111\u00e3 \u0111\u01b0\u1ee3c x\u00e2y d\u1ef1ng d\u1ea7n l\u00ean trong di\u1ec7n m\u1ea1o m\u1ed9t nh\u00e0 xu\u1ea5t b\u1ea3n v\u1eefng ch\u00e3i v\u00e0 chuy\u00ean nghi\u1ec7p. S\u00e1u th\u00e1ng sau khi th\u00e0nh l\u1eadp c\u00f4ng ty, Nh\u1eadt k\u00fd \u0110\u1eb7ng Th\u00f9y Tr\u00e2m ra \u0111\u1eddi, t\u1ea1o n\u00ean m\u1ed9t c\u01a1n s\u1ed1t trong x\u00e3 h\u1ed9i, v\u1edbi g\u1ea7n 500,000 b\u1ea3n s\u00e1ch \u0111\u01b0\u1ee3c ph\u00e1t h\u00e0nh, ph\u00e1 m\u1ecdi k\u1ef7 l\u1ee5c v\u1ec1 xu\u1ea5t b\u1ea3n tr\u01b0\u1edbc \u0111\u00f3, k\u00e9o theo m\u1ed9t lo\u1ea1t nh\u1eefng hi\u1ec7u \u1ee9ng x\u00e3 h\u1ed9i v\u00e0 d\u01b0 lu\u1eadn c\u00f3 \u00fd ngh\u0129a. T\u1eeb \u0111\u00f3 tr\u1edf \u0111i, th\u00f4ng qua Nh\u00e3 Nam, c\u00e1c cu\u1ed1n s\u00e1ch v\u0103n h\u1ecdc n\u01b0\u1edbc ngo\u00e0i c\u00f3 gi\u00e1 tr\u1ecb \u0111\u01b0\u1ee3c li\u00ean t\u1ee5c mua b\u1ea3n quy\u1ec1n v\u00e0 xu\u1ea5t b\u1ea3n t\u1ea1i Vi\u1ec7t Nam, thu h\u00fat nhi\u1ec1u t\u1ea7ng l\u1edbp \u0111\u1ed9c gi\u1ea3. S\u00e1ch c\u1ee7a Nh\u00e3 Nam n\u1ed5i b\u1eadt b\u1edfi n\u1ed9i dung v\u0103n h\u1ecdc tinh t\u1ebf, b\u1edfi v\u1ebb \u0111\u1eb9p c\u1ee7a thi\u1ebft k\u1ebf hi\u1ec7n \u0111\u1ea1i \u1edf h\u00ecnh th\u1ee9c, b\u1edfi s\u1ef1 ch\u0103m ch\u00fat k\u1ef9 l\u01b0\u1ee1ng cho m\u1ed7i cu\u1ed1n s\u00e1ch nh\u01b0 m\u1ed9t con thuy\u1ec1n mang t\u1edbi ni\u1ec1m vui, tri th\u1ee9c, ng\u1ea1c nhi\u00ean, v\u00e0 \u0111\u1ed3ng c\u1ea3m.<\/p>\n\n[\/col]\n\n[\/row]\n<p style=\"text-align: left\">Hi\u1ec3u th\u1eddi \u0111\u1ea1i \u0111ang s\u1ed1ng th\u00f4ng qua s\u00e1ch, song h\u00e0nh v\u1edbi nh\u1eefng bi\u1ebfn chuy\u1ec3n s\u00e2u s\u1eafc trong l\u00f2ng x\u00e3 h\u1ed9i b\u1eb1ng nh\u1eefng ho\u1ea1t \u0111\u1ed9ng xu\u1ea5t b\u1ea3n mi\u1ec7t m\u00e0i v\u00e0 qu\u1ea3 c\u1ea3m, con \u0111\u01b0\u1eddng Nh\u00e3 Nam \u0111\u00e3 ch\u1ecdn \u0111\u1ec3 \u0111i s\u1ebd c\u00f2n d\u00e0i. Nhi\u1ec1u kh\u00f3 kh\u0103n, th\u1eed th\u00e1ch \u0111ang \u1edf ph\u00eda tr\u01b0\u1edbc. B\u01b0\u1edbc qua th\u1eddi k\u1ef3 s\u01a1 khai v\u1edbi nh\u1eefng b\u00e0i h\u1ecdc v\u00e0 nh\u1eefng kinh nghi\u1ec7m \u0111\u1ea7u ti\u00ean, Nh\u00e3 Nam gi\u1edd \u0111\u00e3 s\u1eb5n s\u00e0ng cho m\u1ed9t ch\u1eb7ng \u0111\u01b0\u1eddng ph\u00e1t tri\u1ec3n m\u1edbi. V\u00e0 ch\u00fang t\u00f4i mu\u1ed1n ho\u00e0n thi\u1ec7n m\u00ecnh trong s\u1ef1 c\u1ea7u th\u1ecb v\u00e0 c\u1ea9n tr\u1ecdng. T\u1ea5t c\u1ea3 v\u00ec m\u1ed9t gia s\u1ea3n s\u00e1ch to l\u1edbn, c\u00f3 s\u1ee9c s\u1ed1ng d\u00e0i l\u00e2u, c\u00f3 \u00fd ngh\u0129a v\u1edbi nhi\u1ec1u th\u1ebf h\u1ec7 b\u1ea1n \u0111\u1ecdc.<br \/>B\u1edfi v\u00ec s\u00e1ch l\u00e0 th\u1ebf gi\u1edbi.<\/p>\n<p><strong>\u0110\u00e2y l\u00e0 m\u1ed9t nh\u00e0 ph\u00e1t h\u00e0nh s\u00e1ch m\u00e0 SACHVIET.EU r\u1ea5t y\u00eau th\u00edch v\u00e0 tin t\u01b0\u1edfng. Nh\u00ecn \u0111\u01b0\u1ee3c t\u1ea7m \u1ea3nh h\u01b0\u1edfng c\u1ee7a Nh\u00e3 Nam qua t\u1eebng cu\u1ed1n s\u00e1ch, SACHVIET.EU li\u00ean h\u1ec7 h\u1ee3p t\u00e1c ngay v\u1edbi Nh\u00e3 Nam \u0111\u1ec3 \u0111em to\u00e0n b\u1ed9 nh\u1eefng t\u00e1c ph\u1ea9m m\u1edbi, hay nh\u1ea5t m\u00e0 Nh\u00e3 Nam c\u00f3 sang Ch\u00e2u \u00c2u, \u0111\u01b0a \u0111\u1ebfn cho \u0111\u1ed9c gi\u1ea3 c\u00f3 nhi\u1ec1u s\u1ef1 l\u1ef1a ch\u1ecdn phong ph\u00fa h\u01a1n c\u1ea3 s\u00e1ch cho tr\u1ebb em l\u1eabn ng\u01b0\u1eddi l\u1edbn.\u00a0<\/strong><\/p>\n\n<!-- \/wp:flatsome\/uxbuilder -->","post_title":"Nh\u00e3 Nam","post_excerpt":"","post_status":"publish","comment_status":"closed","ping_status":"closed","post_password":"","post_name":"nha-nam","to_ping":"","pinged":"","post_modified":"2022-12-19 23:15:33","post_modified_gmt":"2022-12-19 21:15:33","post_content_filtered":"","post_parent":0,"guid":"https:\/\/sachviet.eu\/?post_type=publisher&#038;p=1424","menu_order":0,"post_type":"publisher","post_mime_type":"","comment_count":"0","filter":"raw"}},"_links":{"self":[{"href":"https:\/\/sachviet.eu\/en\/wp-json\/wp\/v2\/product\/15137","targetHints":{"allow":["GET"]}}],"collection":[{"href":"https:\/\/sachviet.eu\/en\/wp-json\/wp\/v2\/product"}],"about":[{"href":"https:\/\/sachviet.eu\/en\/wp-json\/wp\/v2\/types\/product"}],"wp:featuredmedia":[{"embeddable":true,"href":"https:\/\/sachviet.eu\/en\/wp-json\/wp\/v2\/media\/15128"}],"wp:attachment":[{"href":"https:\/\/sachviet.eu\/en\/wp-json\/wp\/v2\/media?parent=15137"}],"wp:term":[{"taxonomy":"product_brand","embeddable":true,"href":"https:\/\/sachviet.eu\/en\/wp-json\/wp\/v2\/product_brand?post=15137"},{"taxonomy":"product_cat","embeddable":true,"href":"https:\/\/sachviet.eu\/en\/wp-json\/wp\/v2\/product_cat?post=15137"},{"taxonomy":"product_tag","embeddable":true,"href":"https:\/\/sachviet.eu\/en\/wp-json\/wp\/v2\/product_tag?post=15137"}],"curies":[{"name":"wp","href":"https:\/\/api.w.org\/{rel}","templated":true}]}}