{"id":15127,"date":"2021-08-04T14:53:44","date_gmt":"2021-08-04T11:53:44","guid":{"rendered":"https:\/\/sachviet.eu\/shop\/thuy-hu-tron-bo-2-tap\/"},"modified":"2022-12-27T17:54:55","modified_gmt":"2022-12-27T15:54:55","slug":"thuy-hu-tron-bo-2-tap","status":"publish","type":"product","link":"https:\/\/sachviet.eu\/en\/shop\/thuy-hu-tron-bo-2-tap\/","title":{"rendered":"Th\u1ee7y H\u1eed (Tr\u1ecdn B\u1ed9 2 T\u1eadp)"},"content":{"rendered":"<p>Th\u1ee7y H\u1eed (B\u1ed9 2 T\u1eadp)<\/p>\n<p>Th\u1ee7y H\u1eed l\u00e0 m\u1ed9t trong T\u1ee9 \u0111\u1ea1i danh t\u00e1c c\u1ee7a n\u1ec1n v\u0103n h\u1ecdc c\u1ed5 \u0111i\u1ec3n Trung Qu\u1ed1c. Qua gi\u1ecdng v\u0103n s\u1ed1ng \u0111\u1ed9ng c\u1ee7a t\u00e1c ph\u1ea9m, m\u1ed9t tr\u0103m linh t\u00e1m anh h\u00f9ng L\u01b0\u01a1ng S\u01a1n m\u1ed7i ng\u01b0\u1eddi m\u1ed9t v\u1ebb, m\u1ed9t xu\u1ea5t th\u00e2n, m\u1ed9t t\u00ednh c\u00e1ch, m\u1ed9t cu\u1ed9c \u0111\u1eddi hi\u1ec7n l\u00ean qua t\u1eebng trang s\u00e1ch. Trong qu\u00e1 tr\u00ecnh t\u1ee5 ngh\u0129a L\u01b0\u01a1ng S\u01a1n, h\u1ecd g\u1eb7p quan tham th\u00ec ch\u1ed1ng, g\u1eb7p \u00e1c b\u00e1 th\u00ec tr\u1eebng, \u0111\u1eb7t ch\u1eef \u201cngh\u0129a\u201d l\u00e0m ph\u01b0\u01a1ng ch\u00e2m h\u00e0nh \u0111\u1ed9ng. L\u1ed1i h\u00e0nh \u0111\u1ed9ng kh\u00f4ng c\u00e2u n\u1ec7 v\u00e0 t\u00ednh c\u00e1ch h\u00e0o s\u1ea3ng \u1ea5y n\u01a1i c\u00e1c nh\u00e2n v\u1eadt \u0111\u00e3 quy\u1ec7n xo\u1eafn nh\u1eefng m\u1ea9u chuy\u1ec7n r\u1eddi th\u00e0nh m\u1ed9t th\u1ebf gi\u1edbi v\u00f5 l\u00e2m thu nh\u1ecf, t\u1ea1o c\u1ea3m gi\u00e1c s\u1ea3ng kho\u00e1i trong t\u1eebng c\u00e2u ch\u1eef.<\/p>\n<p>\u201cV\u0103n ch\u01b0\u01a1ng Th\u1ee7y H\u1eed kh\u00f4ng \u201cd\u1ec7t g\u1ea5m th\u00eau hoa\u201d nh\u01b0 T\u00e2y S\u01b0\u01a1ng K\u00fd, kh\u00f4ng \u201cnh\u1ea3 ng\u1ecdc phun ch\u00e2u\u201d nh\u01b0 H\u1ed3ng L\u00e2u M\u1ed9ng m\u00e0 l\u00e0 \u201cnh\u1ea1c tr\u1ed7i chu\u00f4ng ng\u00e2n\u201d, h\u00f9ng h\u1ed3n, d\u1ed3n d\u1eadp. V\u0103n ch\u01b0\u01a1ng Th\u1ee7y H\u1eed th\u00ec v\u1eabn g\u1ea7n g\u0169i v\u1edbi truy\u1ec7n k\u1ec3 d\u00e2n gian. T\u00e1c ph\u1ea9m Th\u1ee7y H\u1eed gi\u1eef \u0111\u01b0\u1ee3c t\u00ednh s\u1ed1ng \u0111\u1ed9ng c\u1ee7a nh\u00e2n v\u1eadt trong ng\u00f4n ng\u1eef g\u1ea7n g\u0169i v\u1edbi \u0111\u1eddi s\u1ed1ng h\u1eb1ng ng\u00e0y, trong l\u1ed1i h\u00e0nh v\u0103n \u00edt trang s\u1ee9c t\u00f4 \u0111i\u1ec3m.\u201d &#8211; Gi\u00e1o s\u01b0 L\u01b0\u01a1ng Duy Th\u1ee9.<\/p>\n<p>B\u1ea3n in Th\u1ee7y H\u1eed n\u0103m 2018 chia 2 t\u1eadp, b\u00eca c\u1ee9ng, c\u00f3 b\u00eca \u00e1o, b\u1ed5 sung minh h\u1ecda c\u1ee7a \u0110\u1edbi \u0110\u00f4n Bang. Ngo\u00e0i ra, b\u1ea3n in l\u1ea7n n\u00e0y c\u00f2n \u0111\u01b0\u1ee3c bi\u00ean t\u1eadp, hi\u1ec7u ch\u1ec9nh l\u1ea1i m\u1ed9t s\u1ed1 chi ti\u1ebft nh\u01b0 t\u00ean h\u1ecd, t\u00ean hi\u1ec7u, ch\u1ee9c danh, v\u0169 kh\u00ed; \u0111\u1ed3ng th\u1eddi c\u00f3 b\u1ea3ng danh s\u00e1ch c\u00e1c nh\u00e2n v\u1eadt nh\u1eb1m ph\u1ea7n n\u00e0o h\u1ec7 th\u1ed1ng l\u1ea1i tuy\u1ebfn nh\u00e2n v\u1eadt v\u00f4 c\u00f9ng \u0111\u1ed3 s\u1ed9 c\u1ee7a t\u00e1c ph\u1ea9m.<\/p>\n<p>Th\u00f4ng tin t\u00e1c gi\u1ea3:Thi N\u1ea1i Am (1296 \u2013 1370)<\/p>\n<p>\u00d4ng l\u00e0 nh\u00e0 v\u0103n s\u1ed1ng v\u00e0o cu\u1ed1i \u0111\u1eddi Nguy\u00ean, \u0111\u1ea7u \u0111\u1eddi Minh, s\u1ed1ng t\u1ea1i H\u01b0ng H\u00f3a. N\u0103m 1330, \u00f4ng \u0111\u1ed7 ti\u1ebfn s\u0129 r\u1ed3i l\u00e0m quan hai n\u0103m cho nh\u00e0 Nguy\u00ean, song v\u00ec b\u1ea5t m\u00e3n tri\u1ec1u \u0111\u00ecnh \u00f4ng t\u1eeb quan tho\u00e1i \u1ea9n h\u01b0\u1edfng c\u1ea3nh \u0111i\u1ec1n vi\u00ean v\u00e0 d\u1ed1c h\u1ebft t\u00e2m l\u1ef1c cho vi\u1ec7c s\u00e1ng t\u00e1c, trong \u0111\u00f3 Th\u1ee7y H\u1eed l\u00e0 t\u00e1c ph\u1ea9m ti\u00eau bi\u1ec3u nh\u1ea5t. Trong cu\u1ed9c \u0111\u1eddi m\u00ecnh, \u00f4ng \u0111\u00e3 \u0111\u00f3ng g\u00f3p nhi\u1ec1u t\u00e1c ph\u1ea9m c\u00f3 gi\u00e1 tr\u1ecb kh\u00e1c nh\u01b0 T\u00f9y \u0110\u01b0\u1eddng ch\u00ed truy\u1ec7n, Tam to\u1ea1i b\u00ecnh y\u00eau truy\u1ec7n&#8230;, g\u00f3p ph\u1ea7n l\u00e0m n\u00ean \u0111\u1ec9nh cao ti\u1ec3u thuy\u1ebft ch\u01b0\u01a1ng h\u1ed3i Minh Thanh.<\/p>\n<p>Th\u00f4ng tin d\u1ecbch gi\u1ea3: Tr\u1ea7n Tu\u1ea5n Kh\u1ea3i (1895 \u2013 1983)<\/p>\n<p>\u00d4ng l\u00e0 nh\u00e0 th\u01a1, nh\u00e0 v\u0103n, d\u1ecbch gi\u1ea3 n\u1ed5i ti\u1ebfng v\u1edbi c\u00e1c b\u00fat danh \u00c1 Nam, L\u00e2m Tuy\u1ec1n Kh\u00e1ch&#8230; Xu\u1ea5t th\u00e2n trong gia \u0111\u00ecnh nh\u00e0 Nho, t\u1eeb nh\u1ecf \u00f4ng \u0111\u00e3 c\u00f3 duy\u00ean v\u1edbi nghi\u1ec7p v\u0103n ch\u01b0\u01a1ng. \u00d4ng tr\u1edf th\u00e0nh hi\u1ec7n t\u01b0\u1ee3ng c\u1ee7a l\u00e0ng th\u01a1 Vi\u1ec7t v\u1edbi c\u00e1c t\u1eadp th\u01a1 Duy\u00ean n\u1ee3 ph\u00f9 sinh (1921), B\u00fat quan ho\u00e0i (1927). Sau khi di c\u01b0 v\u00e0o Nam n\u0103m 1954, \u00f4ng ti\u1ebfp t\u1ee5c vi\u1ebft b\u00e1o, l\u00e0m nghi\u00ean c\u1ee9u v\u00e0 t\u1eeb n\u0103m 1975 gi\u1eef ch\u1ee9c c\u1ed1 v\u1ea5n H\u1ed9i V\u0103n ngh\u1ec7 Th\u00e0nh ph\u1ed1 H\u1ed3 Ch\u00ed Minh cho \u0111\u1ebfn khi qua \u0111\u1eddi. Ngo\u00e0i c\u00e1c t\u00e1c ph\u1ea9m th\u01a1 v\u0103n th\u00ec \u00f4ng c\u0169ng \u0111\u1ec3 l\u1ea1i nhi\u1ec1u b\u1ea3n d\u1ecbch ti\u1ec3u thuy\u1ebft Trung Qu\u1ed1c c\u00f3 gi\u00e1 tr\u1ecb nh\u01b0 Th\u1ee7y H\u1eed (1925), H\u1ed3ng l\u00e2u m\u1ed9ng (1934), \u0110\u00f4ng Chu li\u1ec7t qu\u1ed1c (1934)&#8230;<\/p>\n","protected":false},"excerpt":{"rendered":"<p>Th\u1ee7y H\u1eed (B\u1ed9 2 T\u1eadp)<\/p>\n<p>Th\u1ee7y H\u1eed l\u00e0 m\u1ed9t trong T\u1ee9 \u0111\u1ea1i danh t\u00e1c c\u1ee7a n\u1ec1n v\u0103n h\u1ecdc c\u1ed5 \u0111i\u1ec3n Trung Qu\u1ed1c. Qua gi\u1ecdng v\u0103n s\u1ed1ng \u0111\u1ed9ng c\u1ee7a t\u00e1c ph\u1ea9m, m\u1ed9t tr\u0103m linh t\u00e1m anh h\u00f9ng L\u01b0\u01a1ng S\u01a1n m\u1ed7i ng\u01b0\u1eddi m\u1ed9t v\u1ebb, m\u1ed9t xu\u1ea5t th\u00e2n, m\u1ed9t t\u00ednh c\u00e1ch, m\u1ed9t cu\u1ed9c \u0111\u1eddi hi\u1ec7n l\u00ean qua t\u1eebng trang s\u00e1ch. Trong qu\u00e1 tr\u00ecnh t\u1ee5 ngh\u0129a L\u01b0\u01a1ng S\u01a1n, h\u1ecd g\u1eb7p quan tham th\u00ec ch\u1ed1ng, g\u1eb7p \u00e1c b\u00e1 th\u00ec tr\u1eebng, \u0111\u1eb7t ch\u1eef \u201cngh\u0129a\u201d l\u00e0m ph\u01b0\u01a1ng ch\u00e2m h\u00e0nh \u0111\u1ed9ng. L\u1ed1i h\u00e0nh \u0111\u1ed9ng kh\u00f4ng c\u00e2u n\u1ec7 v\u00e0 t\u00ednh c\u00e1ch h\u00e0o s\u1ea3ng \u1ea5y n\u01a1i c\u00e1c nh\u00e2n v\u1eadt \u0111\u00e3 quy\u1ec7n xo\u1eafn nh\u1eefng m\u1ea9u chuy\u1ec7n r\u1eddi th\u00e0nh m\u1ed9t th\u1ebf gi\u1edbi v\u00f5 l\u00e2m thu nh\u1ecf, t\u1ea1o c\u1ea3m gi\u00e1c s\u1ea3ng kho\u00e1i trong t\u1eebng c\u00e2u ch\u1eef.<\/p>\n<p>\u201cV\u0103n ch\u01b0\u01a1ng Th\u1ee7y H\u1eed kh\u00f4ng \u201cd\u1ec7t g\u1ea5m th\u00eau hoa\u201d nh\u01b0 T\u00e2y S\u01b0\u01a1ng K\u00fd, kh\u00f4ng \u201cnh\u1ea3 ng\u1ecdc phun ch\u00e2u\u201d nh\u01b0 H\u1ed3ng L\u00e2u M\u1ed9ng m\u00e0 l\u00e0 \u201cnh\u1ea1c tr\u1ed7i chu\u00f4ng ng\u00e2n\u201d, h\u00f9ng h\u1ed3n, d\u1ed3n d\u1eadp. V\u0103n ch\u01b0\u01a1ng Th\u1ee7y H\u1eed th\u00ec v\u1eabn g\u1ea7n g\u0169i v\u1edbi truy\u1ec7n k\u1ec3 d\u00e2n gian. T\u00e1c ph\u1ea9m Th\u1ee7y H\u1eed gi\u1eef \u0111\u01b0\u1ee3c t\u00ednh s\u1ed1ng \u0111\u1ed9ng c\u1ee7a nh\u00e2n v\u1eadt trong ng\u00f4n ng\u1eef g\u1ea7n g\u0169i v\u1edbi \u0111\u1eddi s\u1ed1ng h\u1eb1ng ng\u00e0y, trong l\u1ed1i h\u00e0nh v\u0103n \u00edt trang s\u1ee9c t\u00f4 \u0111i\u1ec3m.\u201d &#8211; Gi\u00e1o s\u01b0 L\u01b0\u01a1ng Duy Th\u1ee9.<\/p>\n<p>B\u1ea3n in Th\u1ee7y H\u1eed n\u0103m 2018 chia 2 t\u1eadp, b\u00eca c\u1ee9ng, c\u00f3 b\u00eca \u00e1o, b\u1ed5 sung minh h\u1ecda c\u1ee7a \u0110\u1edbi \u0110\u00f4n Bang. Ngo\u00e0i ra, b\u1ea3n in l\u1ea7n n\u00e0y c\u00f2n \u0111\u01b0\u1ee3c bi\u00ean t\u1eadp, hi\u1ec7u ch\u1ec9nh l\u1ea1i m\u1ed9t s\u1ed1 chi ti\u1ebft nh\u01b0 t\u00ean h\u1ecd, t\u00ean hi\u1ec7u, ch\u1ee9c danh, v\u0169 kh\u00ed; \u0111\u1ed3ng th\u1eddi c\u00f3 b\u1ea3ng danh s\u00e1ch c\u00e1c nh\u00e2n v\u1eadt nh\u1eb1m ph\u1ea7n n\u00e0o h\u1ec7 th\u1ed1ng l\u1ea1i tuy\u1ebfn nh\u00e2n v\u1eadt v\u00f4 c\u00f9ng \u0111\u1ed3 s\u1ed9 c\u1ee7a t\u00e1c ph\u1ea9m.<\/p>\n","protected":false},"featured_media":15124,"template":"","meta":{"_acf_changed":false},"product_brand":[],"product_cat":[15,45],"product_tag":[81],"class_list":{"0":"post-15127","1":"product","2":"type-product","3":"status-publish","4":"has-post-thumbnail","6":"product_cat-sach-danh-cho-nguoi-lon","7":"product_cat-tieu-thuyet","8":"product_tag-sach-gia-uu-dai","10":"first","11":"instock","12":"sale","13":"taxable","14":"shipping-taxable","15":"purchasable","16":"product-type-simple"},"supplier_id":null,"supplier_sku":"","barcode":null,"atum_controlled":true,"out_stock_date":null,"out_stock_threshold":null,"inheritable":false,"inbound_stock":0,"stock_on_hold":0,"sold_today":0,"sales_last_days":0,"reserved_stock":0,"customer_returns":0,"warehouse_damage":0,"lost_in_post":0,"other_logs":0,"out_stock_days":0,"lost_sales":0,"has_location":false,"update_date":"2026-01-28T23:10:56","atum_locations":[],"atum_stock_status":"instock","restock_status":false,"low_stock_amount":"","sales_update_date":"2026-01-28T23:10:56","calc_backorders":null,"acf":{"publisher":{"ID":1544,"post_author":"1","post_date":"2021-02-17 01:24:05","post_date_gmt":"2021-02-16 23:24:05","post_content":"","post_title":"\u0110\u00f4ng A","post_excerpt":"","post_status":"publish","comment_status":"closed","ping_status":"closed","post_password":"","post_name":"dong-a","to_ping":"","pinged":"","post_modified":"2021-02-17 01:24:05","post_modified_gmt":"2021-02-16 23:24:05","post_content_filtered":"","post_parent":0,"guid":"https:\/\/sachviet.eu\/nha-phat-hanh\/dong-a\/","menu_order":0,"post_type":"publisher","post_mime_type":"","comment_count":"0","filter":"raw"}},"_links":{"self":[{"href":"https:\/\/sachviet.eu\/en\/wp-json\/wp\/v2\/product\/15127","targetHints":{"allow":["GET"]}}],"collection":[{"href":"https:\/\/sachviet.eu\/en\/wp-json\/wp\/v2\/product"}],"about":[{"href":"https:\/\/sachviet.eu\/en\/wp-json\/wp\/v2\/types\/product"}],"wp:featuredmedia":[{"embeddable":true,"href":"https:\/\/sachviet.eu\/en\/wp-json\/wp\/v2\/media\/15124"}],"wp:attachment":[{"href":"https:\/\/sachviet.eu\/en\/wp-json\/wp\/v2\/media?parent=15127"}],"wp:term":[{"taxonomy":"product_brand","embeddable":true,"href":"https:\/\/sachviet.eu\/en\/wp-json\/wp\/v2\/product_brand?post=15127"},{"taxonomy":"product_cat","embeddable":true,"href":"https:\/\/sachviet.eu\/en\/wp-json\/wp\/v2\/product_cat?post=15127"},{"taxonomy":"product_tag","embeddable":true,"href":"https:\/\/sachviet.eu\/en\/wp-json\/wp\/v2\/product_tag?post=15127"}],"curies":[{"name":"wp","href":"https:\/\/api.w.org\/{rel}","templated":true}]}}