{"id":15123,"date":"2021-08-04T14:53:33","date_gmt":"2021-08-04T11:53:33","guid":{"rendered":"https:\/\/sachviet.eu\/shop\/muoi-van-cau-hoi-vi-sao-bach-khoa-tri-thuc-danh-cho-tre-em-bia-mem-tai-ban-2020\/"},"modified":"2023-08-19T15:51:13","modified_gmt":"2023-08-19T12:51:13","slug":"muoi-van-cau-hoi-vi-sao-bach-khoa-tri-thuc-danh-cho-tre-em-bia-mem-tai-ban-2020","status":"publish","type":"product","link":"https:\/\/sachviet.eu\/en\/shop\/muoi-van-cau-hoi-vi-sao-bach-khoa-tri-thuc-danh-cho-tre-em-bia-mem-tai-ban-2020\/","title":{"rendered":"M\u01b0\u1eddi V\u1ea1n C\u00e2u H\u1ecfi V\u00ec Sao? B\u00e1ch Khoa Tri Th\u1ee9c D\u00e0nh Cho Tr\u1ebb Em &#8211; B\u00eca M\u1ec1m (T\u00e1i B\u1ea3n 2020)"},"content":{"rendered":"<p>Tu\u1ed5i th\u01a1 l\u00e0 kho\u1ea3ng th\u1eddi gian \u0111\u1eb9p nh\u1ea5t trong cu\u1ed9c \u0111\u1eddi m\u1ed7i con ng\u01b0\u1eddi. \u1ede l\u1ee9a tu\u1ed5i n\u00e0y, tr\u1ebb lu\u00f4n tr\u00e0n tr\u1ec1 hy v\u1ecdng, c\u00f9ng nh\u1eefng ng\u00e2y th\u01a1 trong s\u00e1ng bu\u1ed5i ban \u0111\u1ea7u. \u0110\u1ee9ng tr\u01b0\u1edbc th\u1ebf gi\u1edbi v\u1edbi bao \u0111i\u1ec1u k\u1ef3 di\u1ec7u mang trong m\u00ecnh s\u1ef1 t\u00f2 m\u00f2, kh\u00e1t v\u1ecdng t\u00ecm hi\u1ec3u, c\u00e2u n\u00f3i th\u01b0\u1eddng th\u1ea5y nh\u1ea5t \u1edf tr\u1ebb l\u00e0 &#8220;V\u00ec sao?&#8221; \u0110\u1ec3 c\u00f3 th\u1ec3 tr\u1ea3 l\u1eddi ch\u00ednh x\u00e1c c\u00e2u h\u1ecfi c\u1ee7a tr\u1ebb, kh\u00f4ng ph\u1ea3i l\u00e0 vi\u1ec7c \u0111\u01a1n gi\u1ea3n. C\u00e1c nghi\u00ean c\u1ee9u cho th\u1ea5y, s\u1ef1 ph\u00e1t tri\u1ec3n \u1edf b\u1ed9 n\u00e3o tr\u1ebb di\u1ec5n ra nhanh nh\u1ea5t v\u00e0o tu\u1ed5i 13 tr\u1edf v\u1ec1 tr\u01b0\u1edbc, l\u00e0 m\u1ed9t ph\u1ee5 huynh khi kh\u00f4ng mang l\u1ea1i cho tr\u1ebb c\u01a1 h\u1ed9i suy ngh\u0129, t\u00ecm hi\u1ec3u, c\u00f3 th\u1ec3 b\u1ea1n s\u1ebd ph\u1ea3i \u00e2n h\u1eadn! Th\u1ebf gi\u1edbi ng\u00e0y nay ph\u00e1t tri\u1ec3n nhanh ch\u00f3ng, kho t\u00e0ng ki\u1ebfn th\u1ee9c l\u00e0 v\u00f4 h\u1ea1n, lu\u00f4n \u0111\u01b0\u1ee3c \u0111\u1ed5i m\u1edbi v\u1edbi t\u1ed1c \u0111\u1ed9 ch\u00f3ng m\u1eb7t. C\u0169ng xu\u1ea5t ph\u00e1t t\u1eeb nh\u1eefng suy ngh\u0129 tr\u00ean, ch\u00fang t\u00f4i tr\u00ean c\u01a1 s\u1edf thu th\u1eadp r\u1ed9ng r\u00e3i g\u1ea7n m\u1ed9t ngh\u00ecn c\u00e2u h\u1ecfi m\u00e0 c\u00e1c em nh\u1ecf c\u1ea3m th\u1ea5y h\u1ee9ng th\u00fa, \u0111\u1ec3 \u0111\u01b0a ra b\u1ed9 s\u00e1ch M\u01b0\u1eddi v\u1ea1n c\u00e2u h\u1ecfi v\u00ec sao?, mang l\u1ea1i cho c\u00e1c em nh\u1eefng c\u00e2u tr\u1ea3 l\u1eddi theo t\u1eebng ch\u1ee7 \u0111\u1ec1. Cu\u1ed1n s\u00e1ch v\u1edbi s\u1ef1 \u0111\u00f3ng g\u00f3p c\u1ee7a c\u00e1c chuy\u00ean gia khoa h\u1ecdc th\u01b0\u1eddng th\u1ee9c gi\u00e0u kinh nghi\u1ec7m, s\u1eed d\u1ee5ng ng\u00f4n ng\u1eef d\u1ec5 hi\u1ec3u, k\u1ebft h\u1ee3p nh\u1eefng h\u00ecnh \u1ea3nh minh h\u1ecda sinh \u0111\u1ed9ng s\u1ebd mang \u0111\u1ebfn cho c\u00e1c em nh\u1eefng ki\u1ebfn th\u1ee9c c\u01a1 b\u1ea3n, ch\u1ee9a \u0111\u1ef1ng n\u1ed9i dung phong ph\u00fa.<\/p>\n<p>Cu\u1ed1n s\u00e1ch kh\u00e1i qu\u00e1t r\u1ed9ng r\u00e3i ki\u1ebfn th\u1ee9c x\u01b0a nay, k\u1ebft h\u1ee3p v\u1edbi nh\u1eefng h\u00ecnh \u1ea3nh minh h\u1ecda sinh \u0111\u1ed9ng, \u0111\u1ea7y m\u00e0u s\u1eafc. Bao g\u1ed3m c\u00e1c v\u1ea5n \u0111\u1ec1 m\u00e0 tr\u1ebb em t\u00ecm hi\u1ec3u v\u1ec1: v\u0169 tr\u1ee5, tr\u00e1i \u0111\u1ea5t, con ng\u01b0\u1eddi, th\u1ebf gi\u1edbi t\u1ef1 nhi\u00ean, x\u00e3 h\u1ed9i, khoa h\u1ecdc, l\u1ecbch s\u1eed, ngh\u1ec7 thu\u1eadt&#8230;<\/p>\n","protected":false},"excerpt":{"rendered":"<p>Tu\u1ed5i th\u01a1 l\u00e0 kho\u1ea3ng th\u1eddi gian \u0111\u1eb9p nh\u1ea5t trong cu\u1ed9c \u0111\u1eddi m\u1ed7i con ng\u01b0\u1eddi. \u1ede l\u1ee9a tu\u1ed5i n\u00e0y, tr\u1ebb lu\u00f4n tr\u00e0n tr\u1ec1 hy v\u1ecdng, c\u00f9ng nh\u1eefng ng\u00e2y th\u01a1 trong s\u00e1ng bu\u1ed5i ban \u0111\u1ea7u. \u0110\u1ee9ng tr\u01b0\u1edbc th\u1ebf gi\u1edbi v\u1edbi bao \u0111i\u1ec1u k\u1ef3 di\u1ec7u mang trong m\u00ecnh s\u1ef1 t\u00f2 m\u00f2, kh\u00e1t v\u1ecdng t\u00ecm hi\u1ec3u, c\u00e2u n\u00f3i th\u01b0\u1eddng th\u1ea5y nh\u1ea5t \u1edf tr\u1ebb l\u00e0 &#8220;V\u00ec sao?&#8221; \u0110\u1ec3 c\u00f3 th\u1ec3 tr\u1ea3 l\u1eddi ch\u00ednh x\u00e1c c\u00e2u h\u1ecfi c\u1ee7a tr\u1ebb, kh\u00f4ng ph\u1ea3i l\u00e0 vi\u1ec7c \u0111\u01a1n gi\u1ea3n. C\u00e1c nghi\u00ean c\u1ee9u cho th\u1ea5y, s\u1ef1 ph\u00e1t tri\u1ec3n \u1edf b\u1ed9 n\u00e3o tr\u1ebb di\u1ec5n ra nhanh nh\u1ea5t v\u00e0o tu\u1ed5i 13 tr\u1edf v\u1ec1 tr\u01b0\u1edbc, l\u00e0 m\u1ed9t ph\u1ee5 huynh khi kh\u00f4ng mang l\u1ea1i cho tr\u1ebb c\u01a1 h\u1ed9i suy ngh\u0129, t\u00ecm hi\u1ec3u, c\u00f3 th\u1ec3 b\u1ea1n s\u1ebd ph\u1ea3i \u00e2n h\u1eadn! Th\u1ebf gi\u1edbi ng\u00e0y nay ph\u00e1t tri\u1ec3n nhanh ch\u00f3ng, kho t\u00e0ng ki\u1ebfn th\u1ee9c l\u00e0 v\u00f4 h\u1ea1n, lu\u00f4n \u0111\u01b0\u1ee3c \u0111\u1ed5i m\u1edbi v\u1edbi t\u1ed1c \u0111\u1ed9 ch\u00f3ng m\u1eb7t. C\u0169ng xu\u1ea5t ph\u00e1t t\u1eeb nh\u1eefng suy ngh\u0129 tr\u00ean, ch\u00fang t\u00f4i tr\u00ean c\u01a1 s\u1edf thu th\u1eadp r\u1ed9ng r\u00e3i g\u1ea7n m\u1ed9t ngh\u00ecn c\u00e2u h\u1ecfi m\u00e0 c\u00e1c em nh\u1ecf c\u1ea3m th\u1ea5y h\u1ee9ng th\u00fa, \u0111\u1ec3 \u0111\u01b0a ra b\u1ed9 s\u00e1ch M\u01b0\u1eddi v\u1ea1n c\u00e2u h\u1ecfi v\u00ec sao?, mang l\u1ea1i cho c\u00e1c em nh\u1eefng c\u00e2u tr\u1ea3 l\u1eddi theo t\u1eebng ch\u1ee7 \u0111\u1ec1. Cu\u1ed1n s\u00e1ch v\u1edbi s\u1ef1 \u0111\u00f3ng g\u00f3p c\u1ee7a c\u00e1c chuy\u00ean gia khoa h\u1ecdc th\u01b0\u1eddng th\u1ee9c gi\u00e0u kinh nghi\u1ec7m, s\u1eed d\u1ee5ng ng\u00f4n ng\u1eef d\u1ec5 hi\u1ec3u, k\u1ebft h\u1ee3p nh\u1eefng h\u00ecnh \u1ea3nh minh h\u1ecda sinh \u0111\u1ed9ng s\u1ebd mang \u0111\u1ebfn cho c\u00e1c em nh\u1eefng ki\u1ebfn th\u1ee9c c\u01a1 b\u1ea3n, ch\u1ee9a \u0111\u1ef1ng n\u1ed9i dung phong ph\u00fa.<\/p>\n<p>Cu\u1ed1n s\u00e1ch kh\u00e1i qu\u00e1t r\u1ed9ng r\u00e3i ki\u1ebfn th\u1ee9c x\u01b0a nay, k\u1ebft h\u1ee3p v\u1edbi nh\u1eefng h\u00ecnh \u1ea3nh minh h\u1ecda sinh \u0111\u1ed9ng, \u0111\u1ea7y m\u00e0u s\u1eafc. Bao g\u1ed3m c\u00e1c v\u1ea5n \u0111\u1ec1 m\u00e0 tr\u1ebb em t\u00ecm hi\u1ec3u v\u1ec1: v\u0169 tr\u1ee5, tr\u00e1i \u0111\u1ea5t, con ng\u01b0\u1eddi, th\u1ebf gi\u1edbi t\u1ef1 nhi\u00ean, x\u00e3 h\u1ed9i, khoa h\u1ecdc, l\u1ecbch s\u1eed, ngh\u1ec7 thu\u1eadt&#8230;<\/p>\n","protected":false},"featured_media":15118,"template":"","meta":{"_acf_changed":false},"product_brand":[],"product_cat":[25,17,26],"product_tag":[],"class_list":{"0":"post-15123","1":"product","2":"type-product","3":"status-publish","4":"has-post-thumbnail","6":"product_cat-nhi-dong-6-tuoi-12-tuoi","7":"product_cat-sach-danh-cho-cac-be","8":"product_cat-thieu-nien-11-tuoi-18-tuoi","10":"first","11":"outofstock","12":"taxable","13":"shipping-taxable","14":"purchasable","15":"product-type-simple"},"supplier_id":null,"supplier_sku":"","barcode":null,"atum_controlled":true,"out_stock_date":"2023-08-19 12:51:13","out_stock_threshold":null,"inheritable":false,"inbound_stock":0,"stock_on_hold":0,"sold_today":0,"sales_last_days":0,"reserved_stock":0,"customer_returns":0,"warehouse_damage":0,"lost_in_post":0,"other_logs":0,"out_stock_days":893,"lost_sales":0,"has_location":false,"update_date":"2026-01-28T23:10:56","atum_locations":[],"atum_stock_status":"outofstock","restock_status":false,"low_stock_amount":"","sales_update_date":"2026-01-28T23:10:56","calc_backorders":null,"acf":{"publisher":{"ID":1544,"post_author":"1","post_date":"2021-02-17 01:24:05","post_date_gmt":"2021-02-16 23:24:05","post_content":"","post_title":"\u0110\u00f4ng A","post_excerpt":"","post_status":"publish","comment_status":"closed","ping_status":"closed","post_password":"","post_name":"dong-a","to_ping":"","pinged":"","post_modified":"2021-02-17 01:24:05","post_modified_gmt":"2021-02-16 23:24:05","post_content_filtered":"","post_parent":0,"guid":"https:\/\/sachviet.eu\/nha-phat-hanh\/dong-a\/","menu_order":0,"post_type":"publisher","post_mime_type":"","comment_count":"0","filter":"raw"}},"_links":{"self":[{"href":"https:\/\/sachviet.eu\/en\/wp-json\/wp\/v2\/product\/15123","targetHints":{"allow":["GET"]}}],"collection":[{"href":"https:\/\/sachviet.eu\/en\/wp-json\/wp\/v2\/product"}],"about":[{"href":"https:\/\/sachviet.eu\/en\/wp-json\/wp\/v2\/types\/product"}],"wp:featuredmedia":[{"embeddable":true,"href":"https:\/\/sachviet.eu\/en\/wp-json\/wp\/v2\/media\/15118"}],"wp:attachment":[{"href":"https:\/\/sachviet.eu\/en\/wp-json\/wp\/v2\/media?parent=15123"}],"wp:term":[{"taxonomy":"product_brand","embeddable":true,"href":"https:\/\/sachviet.eu\/en\/wp-json\/wp\/v2\/product_brand?post=15123"},{"taxonomy":"product_cat","embeddable":true,"href":"https:\/\/sachviet.eu\/en\/wp-json\/wp\/v2\/product_cat?post=15123"},{"taxonomy":"product_tag","embeddable":true,"href":"https:\/\/sachviet.eu\/en\/wp-json\/wp\/v2\/product_tag?post=15123"}],"curies":[{"name":"wp","href":"https:\/\/api.w.org\/{rel}","templated":true}]}}