{"id":15108,"date":"2021-08-04T14:52:24","date_gmt":"2021-08-04T11:52:24","guid":{"rendered":"https:\/\/sachviet.eu\/shop\/tran-hon-tap-3-bia-mem\/"},"modified":"2021-08-04T17:29:09","modified_gmt":"2021-08-04T14:29:09","slug":"tran-hon-tap-3-bia-mem","status":"publish","type":"product","link":"https:\/\/sachviet.eu\/en\/shop\/tran-hon-tap-3-bia-mem\/","title":{"rendered":"Tr\u1ea5n H\u1ed3n &#8211; T\u1eadp 3 (B\u00eca M\u1ec1m)"},"content":{"rendered":"<p>\u201cNh\u1eefng c\u00e1i kh\u00e1c th\u00ec t\u00f4i c\u0169ng c\u00f3, nh\u01b0ng ph\u1ea7n nhi\u1ec1u ch\u1eafc anh c\u0169ng ch\u1eb3ng bu\u1ed3n \u0111\u1ec3 m\u1eaft t\u1edbi \u0111\u00e2u, ch\u1ec9 c\u00f3 m\u1ed9t ch\u00fat ch\u00e2n t\u00e2m \u1ea5y&#8230; N\u1ebfu anh kh\u00f4ng ch\u1ecbu nh\u1eadn, th\u00ec \u0111\u00e0nh th\u00f4i v\u1eady.\u201d<\/p>\n<p>\u201cT\u00f4i nh\u1eadn. T\u00f4i nh\u1eadn l\u1ea5y r\u1ed3i, c\u1ea3 \u0111\u1eddi n\u00e0y c\u1ee7a c\u1eadu, sinh sinh t\u1eed t\u1eed, t\u1eed t\u1eed sinh sinh, t\u00f4i c\u0169ng s\u1ebd kh\u00f4ng bu\u00f4ng tay l\u1ea7n n\u1eefa. K\u1ec3 c\u1ea3 l\u00e0 m\u1ed9t ng\u00e0y n\u00e0o \u0111\u00f3, c\u1eadu th\u1ea5y nh\u00e0m r\u1ed3i, ch\u00e1n gh\u00e9t r\u1ed3i, mu\u1ed1n b\u1ecf \u0111i r\u1ed3i, t\u00f4i c\u0169ng tuy\u1ec7t \u0111\u1ed1i kh\u00f4ng bu\u00f4ng c\u1eadu ra \u0111\u00e2u, d\u1eabu c\u00f3 ph\u1ea3i si\u1ebft, c\u0169ng nh\u1ea5t quy\u1ebft si\u1ebft c\u1eadu ch\u1ebft trong v\u00f2ng tay t\u00f4i.\u201d<\/p>\n","protected":false},"excerpt":{"rendered":"<p>\u201cNh\u1eefng c\u00e1i kh\u00e1c th\u00ec t\u00f4i c\u0169ng c\u00f3, nh\u01b0ng ph\u1ea7n nhi\u1ec1u ch\u1eafc anh c\u0169ng ch\u1eb3ng bu\u1ed3n \u0111\u1ec3 m\u1eaft t\u1edbi \u0111\u00e2u, ch\u1ec9 c\u00f3 m\u1ed9t ch\u00fat ch\u00e2n t\u00e2m \u1ea5y&#8230; N\u1ebfu anh kh\u00f4ng ch\u1ecbu nh\u1eadn, th\u00ec \u0111\u00e0nh th\u00f4i v\u1eady.\u201d<\/p>\n<p>\u201cT\u00f4i nh\u1eadn. T\u00f4i nh\u1eadn l\u1ea5y r\u1ed3i, c\u1ea3 \u0111\u1eddi n\u00e0y c\u1ee7a c\u1eadu, sinh sinh t\u1eed t\u1eed, t\u1eed t\u1eed sinh sinh, t\u00f4i c\u0169ng s\u1ebd kh\u00f4ng bu\u00f4ng tay l\u1ea7n n\u1eefa. K\u1ec3 c\u1ea3 l\u00e0 m\u1ed9t ng\u00e0y n\u00e0o \u0111\u00f3, c\u1eadu th\u1ea5y nh\u00e0m r\u1ed3i, ch\u00e1n gh\u00e9t r\u1ed3i, mu\u1ed1n b\u1ecf \u0111i r\u1ed3i, t\u00f4i c\u0169ng tuy\u1ec7t \u0111\u1ed1i kh\u00f4ng bu\u00f4ng c\u1eadu ra \u0111\u00e2u, d\u1eabu c\u00f3 ph\u1ea3i si\u1ebft, c\u0169ng nh\u1ea5t quy\u1ebft si\u1ebft c\u1eadu ch\u1ebft trong v\u00f2ng tay t\u00f4i.\u201d<\/p>\n","protected":false},"featured_media":15106,"template":"","meta":{"_acf_changed":false},"product_brand":[],"product_cat":[73,15],"product_tag":[],"class_list":{"0":"post-15108","1":"product","2":"type-product","3":"status-publish","4":"has-post-thumbnail","6":"product_cat-dam-my-ngon-tinh","7":"product_cat-sach-danh-cho-nguoi-lon","9":"first","10":"outofstock","11":"taxable","12":"shipping-taxable","13":"purchasable","14":"product-type-simple"},"supplier_id":null,"supplier_sku":"","barcode":null,"atum_controlled":true,"out_stock_date":"2021-08-04 14:29:09","out_stock_threshold":null,"inheritable":false,"inbound_stock":0,"stock_on_hold":0,"sold_today":0,"sales_last_days":0,"reserved_stock":0,"customer_returns":0,"warehouse_damage":0,"lost_in_post":0,"other_logs":0,"out_stock_days":1638,"lost_sales":0,"has_location":false,"update_date":"2026-01-28T23:10:56","atum_locations":[],"atum_stock_status":"outofstock","restock_status":false,"low_stock_amount":"","sales_update_date":"2026-01-28T23:10:56","calc_backorders":null,"acf":{"publisher":{"ID":15105,"post_author":"1","post_date":"2021-08-04 14:52:19","post_date_gmt":"2021-08-04 11:52:19","post_content":"","post_title":"C\u1ea9m Phong Books","post_excerpt":"","post_status":"publish","comment_status":"closed","ping_status":"closed","post_password":"","post_name":"cam-phong-books","to_ping":"","pinged":"","post_modified":"2021-08-04 14:52:19","post_modified_gmt":"2021-08-04 11:52:19","post_content_filtered":"","post_parent":0,"guid":"https:\/\/sachviet.eu\/nha-phat-hanh\/cam-phong-books\/","menu_order":0,"post_type":"publisher","post_mime_type":"","comment_count":"0","filter":"raw"}},"_links":{"self":[{"href":"https:\/\/sachviet.eu\/en\/wp-json\/wp\/v2\/product\/15108","targetHints":{"allow":["GET"]}}],"collection":[{"href":"https:\/\/sachviet.eu\/en\/wp-json\/wp\/v2\/product"}],"about":[{"href":"https:\/\/sachviet.eu\/en\/wp-json\/wp\/v2\/types\/product"}],"wp:featuredmedia":[{"embeddable":true,"href":"https:\/\/sachviet.eu\/en\/wp-json\/wp\/v2\/media\/15106"}],"wp:attachment":[{"href":"https:\/\/sachviet.eu\/en\/wp-json\/wp\/v2\/media?parent=15108"}],"wp:term":[{"taxonomy":"product_brand","embeddable":true,"href":"https:\/\/sachviet.eu\/en\/wp-json\/wp\/v2\/product_brand?post=15108"},{"taxonomy":"product_cat","embeddable":true,"href":"https:\/\/sachviet.eu\/en\/wp-json\/wp\/v2\/product_cat?post=15108"},{"taxonomy":"product_tag","embeddable":true,"href":"https:\/\/sachviet.eu\/en\/wp-json\/wp\/v2\/product_tag?post=15108"}],"curies":[{"name":"wp","href":"https:\/\/api.w.org\/{rel}","templated":true}]}}