{"id":151,"date":"2021-02-11T20:14:25","date_gmt":"2021-02-11T18:14:25","guid":{"rendered":"https:\/\/sachviet.eu\/?post_type=product&#038;p=151"},"modified":"2024-03-20T00:32:07","modified_gmt":"2024-03-19T22:32:07","slug":"muon-kiep-nhan-sinh-many-times-many-lives","status":"publish","type":"product","link":"https:\/\/sachviet.eu\/en\/shop\/muon-kiep-nhan-sinh-many-times-many-lives\/","title":{"rendered":"Mu\u00f4n Ki\u1ebfp Nh\u00e2n Sinh 3"},"content":{"rendered":"<p><strong>Mu\u00f4n Ki\u1ebfp Nh\u00e2n Sinh &#8211; Many Times, Many Lives<\/strong><\/p>\n<p>Gi\u00e1o s\u01b0 John V\u0169 \u2013 Nguy\u00ean Phong v\u00e0 nh\u1eefng c\u00e2u chuy\u1ec7n ch\u01b0a t\u1eebng c\u00f3 v\u1ec1 ti\u1ec1n ki\u1ebfp, kh\u00e1m ph\u00e1 lu\u1eadt Nh\u00e2n qu\u1ea3, Lu\u00e2n h\u1ed3i.<\/p>\n<p>\u201cMu\u00f4n ki\u1ebfp nh\u00e2n sinh\u201d l\u00e0 t\u00e1c ph\u1ea9m do Gi\u00e1o s\u01b0 John V\u0169 &#8211; Nguy\u00ean Phong vi\u1ebft t\u1eeb n\u0103m 2017 v\u00e0 ho\u00e0n t\u1ea5t \u0111\u1ea7u n\u0103m 2020 ghi l\u1ea1i nh\u1eefng c\u00e2u chuy\u1ec7n, tr\u1ea3i nghi\u1ec7m ti\u1ec1n ki\u1ebfp k\u1ef3 l\u1ea1 t\u1eeb nhi\u1ec1u ki\u1ebfp s\u1ed1ng c\u1ee7a ng\u01b0\u1eddi b\u1ea1n t\u00e2m giao l\u00e2u n\u0103m, \u00f4ng Thomas \u2013 m\u1ed9t nh\u00e0 kinh doanh t\u00e0i ch\u00ednh n\u1ed5i ti\u1ebfng \u1edf New York. Nh\u1eefng c\u00e2u chuy\u1ec7n ch\u01b0a t\u1eebng ti\u1ebft l\u1ed9 n\u00e0y s\u1ebd gi\u00fap m\u1ecdi ng\u01b0\u1eddi tr\u00ean th\u1ebf gi\u1edbi chi\u00eam nghi\u1ec7m, kh\u00e1m ph\u00e1 c\u00e1c quy lu\u1eadt v\u1ec1 lu\u1eadt Nh\u00e2n qu\u1ea3 v\u00e0 Lu\u00e2n h\u1ed3i c\u1ee7a v\u0169 tr\u1ee5 gi\u1eefa l\u00fac tr\u00e1i \u0111\u1ea5t \u0111ang g\u1eb7p nhi\u1ec1u tai \u01b0\u01a1ng, bi\u1ebfn \u0111\u1ed9ng, kh\u1ee7ng ho\u1ea3ng t\u1eebng ng\u00e0y.<\/p>\n<p>\u201cMu\u00f4n ki\u1ebfp nh\u00e2n sinh\u201d l\u00e0 m\u1ed9t b\u1ee9c tranh l\u1edbn v\u1edbi v\u00f4 v\u00e0n m\u1ea3nh gh\u00e9p cu\u1ed9c \u0111\u1eddi, l\u00e0 m\u1ed9t cu\u1ed1n phim \u0111\u1ed3 s\u1ed9, s\u1ed1ng \u0111\u1ed9ng v\u1ec1 nh\u1eefng ki\u1ebfp s\u1ed1ng huy\u1ec1n b\u00ed, tr\u1ea3i d\u00e0i t\u1eeb n\u1ec1n v\u0103n minh Atlantis h\u00f9ng m\u1ea1nh \u0111\u1ebfn v\u01b0\u01a1ng qu\u1ed1c Ai C\u1eadp c\u1ed5 \u0111\u1ea1i c\u1ee7a c\u00e1c Pharaoh quy\u1ec1n uy, \u0111\u1ebfn H\u1ee3p Ch\u1ee7ng Qu\u1ed1c Hoa K\u1ef3 ng\u00e0y nay.<\/p>\n<p>Lu\u1eadt Lu\u00e2n h\u1ed3i v\u00e0 Nh\u00e2n qu\u1ea3 \u0111\u00e3 t\u1ea1o nh\u00e2n duy\u00ean \u0111\u1ec3 ng\u01b0\u1eddi n\u00e0y g\u1eb7p ng\u01b0\u1eddi kia. G\u1eb7p nhau c\u00f3 khi l\u00e0 duy\u00ean, c\u00f3 khi l\u00e0 n\u1ee3; g\u1eb7p nhau c\u00f3 l\u00fac \u0111\u1ec3 tr\u1ea3 n\u1ee3, c\u00f3 l\u00fac \u0111\u1ec3 n\u1ed1i l\u1ea1i duy\u00ean x\u01b0a. C\u00f3 bi\u1ebft bao vi\u1ec7c di\u1ec5n ra trong \u0111\u1eddi, t\u01b0\u1edfng ch\u1eebng nh\u01b0 l\u00e0 ng\u1eabu nhi\u00ean nh\u01b0ng th\u1eadt ra \u0111\u00e3 \u0111\u01b0\u1ee3c s\u1eafp \u0111\u1eb7t t\u1eeb tr\u01b0\u1edbc. Lu\u00e2n h\u1ed3i l\u00e0 m\u1ed9t ng\u00f4i tr\u01b0\u1eddng r\u1ed9ng l\u1edbn, n\u01a1i t\u1ea5t c\u1ea3 con ng\u01b0\u1eddi, t\u1ea5t c\u1ea3 sinh v\u1eadt \u0111\u1ec1u ph\u1ea3i h\u1ecdc b\u00e0i h\u1ecdc c\u1ee7a ri\u00eang m\u00ecnh cho \u0111\u1ebfn khi th\u1eadt ho\u00e0n thi\u1ec7n m\u1edbi th\u00f4i. N\u1ebfu kh\u00f4ng ch\u1ecbu h\u1ecdc hay ch\u01b0a h\u1ecdc \u0111\u01b0\u1ee3c tr\u1ecdn v\u1eb9n th\u00ec bu\u1ed9c ph\u1ea3i h\u1ecdc l\u1ea1i, ch\u00ednh x\u00e1c theo quy lu\u1eadt c\u1ee7a Nh\u00e2n qu\u1ea3.<\/p>\n<p>Thomas \u0111\u00e3 chia s\u1ebb v\u00ec sao \u0111\u00e3 k\u1ec3 nh\u1eefng c\u00e2u chuy\u1ec7n ri\u00eang t\u01b0 huy\u1ec1n b\u00ed n\u00e0y v\u1edbi Gi\u00e1o s\u01b0 John V\u0169 \u0111\u1ec3 th\u1ef1c hi\u1ec7n t\u00e1c ph\u1ea9m \u201cMu\u00f4n ki\u1ebfp nh\u00e2n sinh\u201d:<\/p>\n<p>\u201cHi\u1ec7n nay th\u1ebf gi\u1edbi \u0111ang tr\u1ea3i qua giai \u0111o\u1ea1n h\u1ed7n lo\u1ea1n, x\u00e1o tr\u1ed9n, m\u00e0 th\u1eadt ra th\u00ec m\u1ecdi qu\u1ed1c gia \u0111\u1ec1u \u0111ang g\u00e1nh ch\u1ecbu nh\u1eefng nghi\u1ec7p qu\u1ea3 m\u00e0 h\u1ecd \u0111\u00e3 g\u00e2y ra trong qu\u00e1 kh\u1ee9. M\u1ed7i qu\u1ed1c gia, c\u0169ng nh\u01b0 m\u1ecdi c\u00e1 nh\u00e2n, \u0111\u1ec1u c\u00f3 nh\u1eefng nghi\u1ec7p qu\u1ea3 ri\u00eang do nh\u1eefng nh\u00e2n m\u00e0 h\u1ecd \u0111\u00e3 g\u00e2y ra. C\u00e1 nh\u00e2n th\u00ec c\u00f3 \u2018bi\u1ec7t nghi\u1ec7p\u2018 ri\u00eang c\u1ee7a t\u1eebng ng\u01b0\u1eddi, nh\u01b0ng qu\u1ed1c gia th\u00ec c\u00f3 \u2018c\u1ed9ng nghi\u1ec7p\u2018 m\u00e0 t\u1ea5t c\u1ea3 nh\u1eefng ng\u01b0\u1eddi s\u1ed1ng trong \u0111\u00f3 \u0111\u1ec1u ph\u1ea3i tr\u1ea3.<\/p>\n<p>Th\u01b0\u1eddng th\u00ec con ng\u01b0\u1eddi, khi h\u00e0nh \u0111\u1ed9ng, \u00edt ai ngh\u0129 \u0111\u1ebfn h\u1eadu qu\u1ea3, nh\u01b0ng m\u1ed9t khi h\u1eadu qu\u1ea3 x\u1ea3y \u0111\u1ebfn th\u00ec h\u1ecd ngh\u0129 g\u00ec, l\u00e0m g\u00ec? H\u1ecd o\u00e1n h\u1eadn, tr\u00e1ch tr\u1eddi, tr\u00e1ch \u0111\u1ea5t, tr\u00e1ch nh\u1eefng ng\u01b0\u1eddi chung quanh \u0111\u00e3 g\u00e2y ra nh\u1eefng h\u1eadu qu\u1ea3 \u0111\u00f3? C\u00f3 m\u1ea5y ai bi\u1ebft chi\u00eam nghi\u1ec7m, t\u1ef1 tr\u00e1ch m\u00ecnh v\u00e0 thay \u0111\u1ed5i kh\u00f4ng?<\/p>\n<p>T\u00f4i mong ch\u00fang ta &#8211; nh\u1eefng c\u00e1nh b\u01b0\u1edbm b\u00e9 nh\u1ecf rung \u0111\u1ed9ng mong manh c\u0169ng c\u00f3 th\u1ec3 t\u1ea1o n\u00ean nh\u1eefng tr\u1eadn cu\u1ed3ng phong m\u00e3nh li\u1ec7t \u0111\u1ec3 th\u1ee9c t\u1ec9nh m\u1ecdi ng\u01b0\u1eddi.<\/p>\n<p>T\u01b0\u01a1ng lai c\u1ee7a m\u1ed7i con ng\u01b0\u1eddi, m\u1ed7i t\u1ed5 ch\u1ee9c, m\u1ed7i qu\u1ed1c gia v\u00e0 c\u1ea3 h\u00e0nh tinh n\u00e0y s\u1ebd ra sao trong giai \u0111o\u1ea1n s\u1eafp t\u1edbi l\u00e0 t\u00f9y thu\u1ed9c v\u00e0o th\u00e1i \u0111\u1ed9 \u1ee9ng x\u1eed, nh\u00ecn nh\u1eadn v\u00e0 th\u1ee9c t\u1ec9nh c\u1ee7a t\u1eebng c\u00e1 nh\u00e2n, t\u1eebng t\u1ed5 ch\u1ee9c, t\u1eebng qu\u1ed1c gia \u0111\u00f3 t\u1ea1o n\u00ean. N\u1ebfu mu\u1ed1n thay \u0111\u1ed5i, c\u1ea7n kh\u1edfi \u0111\u1ea7u b\u1eb1ng vi\u1ec7c nh\u1eadn th\u1ee9c, chuy\u1ec3n \u0111\u1ed5i t\u00e2m th\u1ee9c, lan t\u1ecfa y\u00eau th\u01b0\u01a1ng v\u00e0 chia s\u1ebb s\u1ef1 hi\u1ec3u bi\u1ebft t\u1eeb m\u1ed7i ng\u01b0\u1eddi ch\u00fang ta tr\u01b0\u1edbc.<\/p>\n<p>Nh\u00e2n qu\u1ea3 \u0111\u1eebng \u0111\u1ee3i th\u1ea5y m\u1edbi tin.<\/p>\n<p>Nh\u00e2n qu\u1ea3 l\u00e0 b\u1ea3ng ch\u1ec9 \u0111\u01b0\u1eddng, gi\u00fap con ng\u01b0\u1eddi t\u00ecm v\u1ec1 thi\u1ec7n l\u01b0\u01a1ng\u201c<\/p>\n<p>Cu\u1ed1n s\u00e1ch \u0111\u01b0\u1ee3c xu\u1ea5t b\u1ea3n b\u1eb1ng ti\u1ebfng Vi\u1ec7t tr\u01b0\u1edbc khi \u0111\u01b0\u1ee3c chuy\u1ec3n nh\u01b0\u1ee3ng b\u1ea3n quy\u1ec1n cho c\u00e1c qu\u1ed1c gia kh\u00e1c tr\u00ean th\u1ebf gi\u1edbi.<\/p>\n<p><strong>V\u1ec1 t\u00e1c gi\u1ea3<\/strong><\/p>\n<p>T\u00e1c gi\u1ea3 Nguy\u00ean Phong (V\u0169 V\u0103n Du) du h\u1ecdc \u1edf M\u1ef9 t\u1eeb n\u0103m 1968, t\u1ed1t nghi\u1ec7p cao h\u1ecdc Sinh v\u1eadt h\u1ecdc, \u0110i\u1ec7n to\u00e1n. \u00d4ng t\u1eebng l\u00e0 K\u1ef9 s\u01b0 tr\u01b0\u1edfng, CIO c\u1ee7a T\u1eadp \u0111o\u00e0n Boeing c\u1ee7a M\u1ef9, Vi\u1ec7n tr\u01b0\u1edfng Vi\u1ec7n C\u00f4ng ngh\u1ec7 Sinh h\u1ecdc \u0110\u1ea1i h\u1ecdc Carnegie Mellon. \u00d4ng \u0111\u01b0\u1ee3c m\u1ecdi ng\u01b0\u1eddi bi\u1ebft t\u1edbi l\u00e0 Gi\u00e1o s\u01b0 John Vu \u2013 Nh\u00e0 khoa h\u1ecdc uy t\u00edn v\u1ec1 c\u00f4ng ngh\u1ec7 th\u00f4ng tin. , CMMI v\u00e0 t\u1eebng gi\u1ea3ng d\u1ea1y \u1edf nhi\u1ec1u tr\u01b0\u1eddng \u0111\u1ea1i h\u1ecdc tr\u00ean th\u1ebf gi\u1edbi.<\/p>\n<p>Nguy\u00ean Phong l\u00e0 b\u00fat danh c\u1ee7a b\u1ed9 s\u00e1ch v\u0103n h\u00f3a t\u00e2m linh \u0111\u01b0\u1ee3c d\u1ecbch, vi\u1ebft ph\u00f3ng t\u00e1c t\u1eeb tr\u1ea3i nghi\u1ec7m, ti\u1ec1m th\u1ee9c v\u00e0 qu\u00e1 tr\u00ecnh nghi\u00ean c\u1ee9u, kh\u00e1m ph\u00e1 c\u00e1c gi\u00e1 tr\u1ecb tinh th\u1ea7n \u0110\u00f4ng ph\u01b0\u01a1ng. \u00d4ng \u0111\u00e3 vi\u1ebft ph\u00f3ng t\u00e1c t\u00e1c ph\u1ea9m b\u1ea5t h\u1ee7 H\u00e0nh tr\u00ecnh v\u1ec1 Ph\u01b0\u01a1ng \u0110\u00f4ng n\u0103m 24 tu\u1ed5i (1974). C\u00e1c t\u00e1c ph\u1ea9m kh\u00e1c c\u1ee7a Nguy\u00ean Phong \u0111\u01b0\u1ee3c b\u1ea1n \u0111\u1ecdc nhi\u1ec1u th\u1ebf h\u1ec7 y\u00eau th\u00edch: Ng\u1ecdc s\u00e1ng trong hoa sen, B\u00ean r\u1eb7ng tuy\u1ebft s\u01a1n, Hoa sen tr\u00ean tuy\u1ebft, Hoa tr\u00f4i tr\u00ean s\u00f3ng n\u01b0\u1edbc, Huy\u1ec1n thu\u1eadt v\u00e0 c\u00e1c \u0111\u1ea1o s\u0129 T\u00e2y T\u1ea1ng, Tr\u1edf v\u1ec1 t\u1eeb x\u1ee9 tuy\u1ebft, Tr\u1edf v\u1ec1 t\u1eeb c\u00f5i s\u00e1ng, Minh tri\u1ebft trong \u0111\u1eddi s\u1ed1ng, \u0110\u01b0\u1eddng m\u00e2y qua x\u1ee9 tuy\u1ebft, D\u1ea5u ch\u00e2n tr\u00ean c\u00e1t, \u0110\u01b0\u1eddng m\u00e2y trong c\u00f5i m\u1ed9ng, \u0110\u01b0\u1eddng m\u00e2y tr\u00ean \u0111\u1ea5t hoa\u2026 v\u00e0 b\u1ed9 s\u00e1ch d\u00e0nh cho sinh vi\u00ean, th\u1ea7y c\u00f4: Kh\u1edfi h\u00e0nh, K\u1ebft n\u1ed1i, B\u01b0\u1edbc ra th\u1ebf gi\u1edbi, Ki\u1ebfn t\u1ea1o th\u1ebf h\u1ec7 Vi\u1ec7t Nam \u01b0u vi\u1ec7t, GS John Vu v\u00e0 l\u1eddi khuy\u00ean d\u00e0nh cho th\u1ea7y c\u00f4, GS John Vu v\u00e0 l\u1eddi khuy\u00ean d\u00e0nh cho c\u00e1c b\u1eadc cha m\u1eb9.<\/p>\n  <div class=\"banner-grid-wrapper\">\n  <div id=\"banner-grid-644791001\" class=\"banner-grid row row-grid row-small\" data-packery-options=\"\">\n                      \n<div class=\"col grid-col large-8 grid-col-1\" ><div class=\"col-inner\">\n\t<div class=\"img has-hover x md-x lg-x y md-y lg-y\" id=\"image_58817234\">\n\t\t\t\t\t\t\t\t<div class=\"img-inner dark\" >\n\t\t\t<img loading=\"lazy\" decoding=\"async\" width=\"600\" height=\"375\" src=\"https:\/\/sachviet.eu\/wp-content\/uploads\/2021\/02\/photo1592531548545-15925315487021206033161.jpg\" class=\"attachment-large size-large\" alt=\"\" srcset=\"https:\/\/sachviet.eu\/wp-content\/uploads\/2021\/02\/photo1592531548545-15925315487021206033161.jpg 600w, https:\/\/sachviet.eu\/wp-content\/uploads\/2021\/02\/photo1592531548545-15925315487021206033161-300x188.jpg 300w\" sizes=\"auto, (max-width: 600px) 100vw, 600px\" \/>\t\t\t\t\t\t\n\t\t\t\t\t<\/div>\n\t\t\t\t\t\t\t\t\n<style>\n#image_58817234 {\n  width: 100%;\n}\n<\/style>\n\t<\/div>\n\t\n<\/div><\/div>\n<div class=\"col grid-col large-4 grid-col-1-2\" ><div class=\"col-inner\">\n\t<div class=\"img has-hover x md-x lg-x y md-y lg-y\" id=\"image_1877582924\">\n\t\t\t\t\t\t\t\t<div class=\"img-inner dark\" >\n\t\t\t<img loading=\"lazy\" decoding=\"async\" width=\"512\" height=\"324\" src=\"https:\/\/sachviet.eu\/wp-content\/uploads\/2021\/02\/unnamed.jpg\" class=\"attachment-large size-large\" alt=\"\" srcset=\"https:\/\/sachviet.eu\/wp-content\/uploads\/2021\/02\/unnamed.jpg 512w, https:\/\/sachviet.eu\/wp-content\/uploads\/2021\/02\/unnamed-300x190.jpg 300w\" sizes=\"auto, (max-width: 512px) 100vw, 512px\" \/>\t\t\t\t\t\t\n\t\t\t\t\t<\/div>\n\t\t\t\t\t\t\t\t\n<style>\n#image_1877582924 {\n  width: 100%;\n}\n<\/style>\n\t<\/div>\n\t\n<\/div><\/div>\n<div class=\"col grid-col large-4 grid-col-1-2\" ><div class=\"col-inner\">\n\t<div class=\"img has-hover x md-x lg-x y md-y lg-y\" id=\"image_1130842184\">\n\t\t\t\t\t\t\t\t<div class=\"img-inner dark\" >\n\t\t\t<img loading=\"lazy\" decoding=\"async\" width=\"1020\" height=\"681\" src=\"https:\/\/sachviet.eu\/wp-content\/uploads\/2021\/02\/img-4905-dt-1592405425445_qhpv-1024x684.jpg\" class=\"attachment-large size-large\" alt=\"\" srcset=\"https:\/\/sachviet.eu\/wp-content\/uploads\/2021\/02\/img-4905-dt-1592405425445_qhpv-1024x684.jpg 1024w, https:\/\/sachviet.eu\/wp-content\/uploads\/2021\/02\/img-4905-dt-1592405425445_qhpv-300x200.jpg 300w, https:\/\/sachviet.eu\/wp-content\/uploads\/2021\/02\/img-4905-dt-1592405425445_qhpv-768x513.jpg 768w, https:\/\/sachviet.eu\/wp-content\/uploads\/2021\/02\/img-4905-dt-1592405425445_qhpv-600x401.jpg 600w, https:\/\/sachviet.eu\/wp-content\/uploads\/2021\/02\/img-4905-dt-1592405425445_qhpv.jpg 1080w\" sizes=\"auto, (max-width: 1020px) 100vw, 1020px\" \/>\t\t\t\t\t\t\n\t\t\t\t\t<\/div>\n\t\t\t\t\t\t\t\t\n<style>\n#image_1130842184 {\n  width: 100%;\n}\n<\/style>\n\t<\/div>\n\t\n<\/div><\/div>\n            <\/div>\n    <style>\n    #banner-grid-644791001 .grid-col-1{height: 600px}\n    #banner-grid-644791001 .grid-col-1-2{height: 300px}\n    #banner-grid-644791001 .grid-col-1-3{height:200px}\n    #banner-grid-644791001 .grid-col-2-3{height: 400px}\n    #banner-grid-644791001 .grid-col-1-4{height: 150px}\n    #banner-grid-644791001 .grid-col-3-4{height: 450px}\n\n\n    \n    \n\n  <\/style>\n    <\/div>\n  \n","protected":false},"excerpt":{"rendered":"<p>\u201cMu\u00f4n ki\u1ebfp nh\u00e2n sinh\u201dcung c\u1ea5p cho b\u1ea1n \u0111\u1ecdc ki\u1ebfn th\u1ee9c m\u1edbi m\u1ebb, v\u00f4 t\u1eadn c\u1ee7a nh\u00e2n lo\u1ea1i l\u1ea7n \u0111\u1ea7u \u0111\u01b0\u1ee3c h\u00e9 m\u1edf, c\u00f9ng nh\u1eefng ph\u00e2n t\u00edch uy\u00ean b\u00e1c, ti\u00ean \u0111o\u00e1n b\u1ea5t ng\u1edd v\u1ec1 hi\u1ec7n t\u1ea1i v\u00e0 t\u01b0\u01a1ng lai th\u1ebf gi\u1edbi c\u1ee7a nh\u1eefng b\u1eadc hi\u1ec1n tri\u1ebft th\u00f4ng th\u00e1i. \u0110\u1eddi ng\u01b0\u1eddi t\u01b0\u1edfng ch\u1eebng r\u1ea5t d\u00e0i nh\u01b0ng l\u1ea1i tr\u00f4i qua r\u1ea5t nhanh, sinh v\u01b0\u1ee3ng suy t\u1eed, mong manh nh\u01b0 s\u00f3ng n\u01b0\u1edbc. Lu\u1eadt nh\u00e2n qu\u1ea3 c\u1ef1c k\u1ef3 ch\u00ednh x\u00e1c, chi ti\u1ebft, ph\u1ee9c t\u1ea1p \u0111\u01b0\u1ee3c thu th\u1eadp qua nhi\u1ec1u \u0111\u1eddi, nhi\u1ec1u ki\u1ebfp, li\u00ean h\u1ec7 t\u01b0\u01a1ng h\u1ed7 \u0111an xen ch\u1eb7t ch\u1eef l\u1eabn nhau, kh\u00f4ng ai c\u00f3 th\u1ec3 t\u00ednh \u0111\u01b0\u1ee3c t\u00edch \u0111\u1ee9c n\u00e0y c\u00f3 th\u1ec3 tr\u1eeb \u0111\u01b0\u1ee3c nghi\u1ec7p kia kh\u00f4ng, kh\u00f4ng ai c\u00f3 th\u1ec3 bi\u1ebft \u0111\u01b0\u1ee3c khi n\u00e0o nh\u00e2n s\u1ebd tr\u1ed5 qu\u1ea3. Nh\u01b0ng, m\u1ed9t khi \u0111\u00e3 g\u00e2y ra nh\u00e2n th\u00ec ch\u1eafc ch\u1eafn s\u1ebd g\u1eb7t qu\u1ea3 &#8211; lu\u1eadt Nh\u00e2n qu\u1ea3 c\u1ee7a v\u0169 tr\u1ee5 tr\u01b0\u1edbc gi\u1edd kh\u00f4ng bao gi\u1edd sai.<\/p>\n<p><strong> T\u00e1c gi\u1ea3: Nguy\u00ean Phong<\/strong><\/p>\n<p>C\u00f4ng ty ph\u00e1t h\u00e0nh: First News &#8211; Tr\u00ed Vi\u1ec7t<\/p>\n","protected":false},"featured_media":24902,"template":"","meta":{"_acf_changed":false},"product_brand":[],"product_cat":[15,76],"product_tag":[],"class_list":{"0":"post-151","1":"product","2":"type-product","3":"status-publish","4":"has-post-thumbnail","6":"product_cat-sach-danh-cho-nguoi-lon","7":"product_cat-ton-giao-tam-linh","9":"first","10":"outofstock","11":"taxable","12":"shipping-taxable","13":"purchasable","14":"product-type-simple"},"supplier_id":null,"supplier_sku":"","barcode":null,"atum_controlled":true,"out_stock_date":"2024-03-19 22:32:07","out_stock_threshold":null,"inheritable":false,"inbound_stock":0,"stock_on_hold":0,"sold_today":0,"sales_last_days":0,"reserved_stock":0,"customer_returns":0,"warehouse_damage":0,"lost_in_post":0,"other_logs":0,"out_stock_days":680,"lost_sales":0,"has_location":true,"update_date":"2026-01-28T23:10:29","atum_locations":[{"id":32,"name":"Helsinki","slug":"helsinki"}],"atum_stock_status":"outofstock","restock_status":false,"low_stock_amount":"","sales_update_date":"2026-01-28T23:10:29","calc_backorders":null,"acf":{"publisher":{"ID":1457,"post_author":"1","post_date":"2021-02-17 01:12:22","post_date_gmt":"2021-02-16 23:12:22","post_content":"<!-- wp:flatsome\/uxbuilder -->\n<h1 style=\"text-align: center;\"><strong>First News Tr\u00ed Vi\u1ec7t<\/strong><\/h1>\n[row]\n\n[col span=\"10\" span__sm=\"12\"]\n\n<p>\u0110\u01b0\u1ee3c th\u00e0nh l\u1eadp v\u00e0o ng\u00e0y 10\/12\/1994 v\u1edbi t\u00ean g\u1ecdi ban \u0111\u1ea7u l\u00e0 \u201cBan Bi\u00ean D\u1ecbch First News\u201d, tr\u1ea3i qua 25 n\u0103m lu\u00f4n n\u1ed7 l\u1ef1c v\u00e0 s\u00e1ng t\u1ea1o, \u0111\u1ebfn nay First News \u2013 Tr\u00ed Vi\u1ec7t \u0111\u00e3 kh\u1eb3ng \u0111\u1ecbnh \u0111\u01b0\u1ee3c v\u1ecb th\u1ebf c\u0169ng nh\u01b0 uy t\u00edn c\u1ee7a m\u00ecnh trong l\u00f2ng b\u1ea1n \u0111\u1ecdc, kh\u00f4ng nh\u1eefng b\u1edfi s\u1ef1 phong ph\u00fa c\u1ee7a nh\u1eefng d\u00f2ng s\u00e1ch gi\u00e1 tr\u1ecb tr\u00ean th\u1ebf gi\u1edbi m\u00e0 First News \u0111\u00e3 nh\u1ea1y b\u00e9n chuy\u1ec3n ng\u1eef ph\u1ee5c v\u1ee5 ng\u01b0\u1eddi Vi\u1ec7t Nam, m\u00e0 c\u00f2n v\u00ec ch\u1ea5t l\u01b0\u1ee3ng c\u0169ng nh\u01b0 s\u1ef1 ch\u1ec9n chu trong t\u1eebng quy\u1ec3n s\u00e1ch m\u00e0 First News mong mu\u1ed1n mang \u0111\u1ebfn cho b\u1ea1n \u0111\u1ecdc.<\/p>\n\n[\/col]\n[col span=\"2\" span__sm=\"12\"]\n\n[ux_image id=\"1696\" image_size=\"medium\"]\n\n\n[\/col]\n\n[\/row]\n\n<!-- \/wp:flatsome\/uxbuilder -->","post_title":"First News - Tr\u00ed Vi\u1ec7t","post_excerpt":"","post_status":"publish","comment_status":"closed","ping_status":"closed","post_password":"","post_name":"first-news-tri-viet","to_ping":"","pinged":"","post_modified":"2021-02-17 01:46:54","post_modified_gmt":"2021-02-16 23:46:54","post_content_filtered":"","post_parent":0,"guid":"https:\/\/sachviet.eu\/nha-phat-hanh\/first-news-tri-viet\/","menu_order":0,"post_type":"publisher","post_mime_type":"","comment_count":"0","filter":"raw"}},"_links":{"self":[{"href":"https:\/\/sachviet.eu\/en\/wp-json\/wp\/v2\/product\/151","targetHints":{"allow":["GET"]}}],"collection":[{"href":"https:\/\/sachviet.eu\/en\/wp-json\/wp\/v2\/product"}],"about":[{"href":"https:\/\/sachviet.eu\/en\/wp-json\/wp\/v2\/types\/product"}],"wp:featuredmedia":[{"embeddable":true,"href":"https:\/\/sachviet.eu\/en\/wp-json\/wp\/v2\/media\/24902"}],"wp:attachment":[{"href":"https:\/\/sachviet.eu\/en\/wp-json\/wp\/v2\/media?parent=151"}],"wp:term":[{"taxonomy":"product_brand","embeddable":true,"href":"https:\/\/sachviet.eu\/en\/wp-json\/wp\/v2\/product_brand?post=151"},{"taxonomy":"product_cat","embeddable":true,"href":"https:\/\/sachviet.eu\/en\/wp-json\/wp\/v2\/product_cat?post=151"},{"taxonomy":"product_tag","embeddable":true,"href":"https:\/\/sachviet.eu\/en\/wp-json\/wp\/v2\/product_tag?post=151"}],"curies":[{"name":"wp","href":"https:\/\/api.w.org\/{rel}","templated":true}]}}