{"id":15099,"date":"2021-08-04T14:52:01","date_gmt":"2021-08-04T11:52:01","guid":{"rendered":"https:\/\/sachviet.eu\/shop\/dinh-duong-danh-cho-ngoi-sao-bong-da\/"},"modified":"2021-08-10T15:41:08","modified_gmt":"2021-08-10T12:41:08","slug":"dinh-duong-danh-cho-ngoi-sao-bong-da","status":"publish","type":"product","link":"https:\/\/sachviet.eu\/en\/shop\/dinh-duong-danh-cho-ngoi-sao-bong-da\/","title":{"rendered":"Dinh D\u01b0\u1ee1ng D\u00e0nh Cho Ng\u00f4i Sao B\u00f3ng \u0110\u00e1"},"content":{"rendered":"<p>C\u00e2u chuy\u1ec7n c\u1ee7a dinh d\u01b0\u1ee1ng trong th\u1ec3 thao m\u00e0 \u0111\u1eb7c bi\u1ec7t l\u00e0 b\u00f3ng \u0111\u00e1 kh\u00f4ng \u0111\u01a1n thu\u1ea7n l\u00e0 \u0103n g\u00ec, u\u1ed1ng g\u00ec m\u00e0 l\u00e0 hi\u1ec3u th\u1ebf n\u00e0o v\u1ec1 dinh d\u01b0\u1ee1ng trong th\u1ec3 thao \u0111\u1ec3 \u0111\u00e1p \u1ee9ng \u0111\u1ee7 l\u01b0\u1ee3ng v\u00e0 ch\u1ea5t cho c\u1ea7u th\u1ee7 \u1ee9ng v\u1edbi t\u1eebng m\u00f4i tr\u01b0\u1eddng, t\u1eebng th\u1eddi \u0111i\u1ec3m. Dinh d\u01b0\u1ee1ng \u0111\u00fang quy\u1ebft \u0111\u1ecbnh s\u1ee9c kh\u1ecfe, \u0111\u1ed9 b\u1ec1n v\u00e0 s\u1ef1 s\u1eafc b\u00e9n khi thi \u0111\u1ea5 V\u00e0 \u0111\u00f3 c\u0169ng ch\u00ednh l\u00e0 n\u1ec1n t\u1ea3ng quan tr\u1ecdng \u0111\u1ec3 gi\u00e0nh chi\u1ebfn th\u1eafng trong th\u1ec3 thao \u0111\u1ec9nh cao.<\/p>\n<p>N\u0103m 2014, l\u1ea7n \u0111\u1ea7u ti\u00ean \u0111\u1ed9i tuy\u1ec3n U.19 Vi\u1ec7t Nam \u0111i thi \u0111\u1ea5u v\u00f2ng b\u1ea3ng gi\u1ea3i v\u00f4 \u0111\u1ecbch U.19 ch\u00e2u \u00c1 c\u00f3 chuy\u00ean gia dinh d\u01b0\u1ee1ng v\u00e0 c\u00e1c \u0111\u1ea7u b\u1ebfp do NutiFood c\u1eed \u0111i, \u0111i\u1ec1u k\u1ef3 di\u1ec7u \u0111\u00e3 x\u1ea3y ra v\u1edbi c\u00e1c c\u1ea7u th\u1ee7 nh\u1ecf con nh\u1ea5t gi\u1ea3i. \u0110i\u1ec1u m\u00e0 ch\u00ednh c\u00e1c c\u1ea7u th\u1ee7 \u00dac to cao (trong \u0111\u00f3 c\u00f3 ng\u01b0\u1eddi \u0111i \u0111\u00e1 \u1edf ch\u00e2u \u00c2u v\u1ec1) ph\u1ea3i ng\u1ea1c nhi\u00ean v\u00ec h\u1ecd b\u1ecb h\u1ee5t h\u01a1i trong cu\u1ed9c \u0111\u1ecd s\u1ee9c gi\u1eefa &#8220;David&#8221; v\u00e0 &#8220;Goliath&#8221;. \u0110\u00f3 l\u00e0 s\u1ef1 kh\u1edfi \u0111\u1ea7u cho t\u00e2m huy\u1ebft ph\u00e1t tri\u1ec3n dinh d\u01b0\u1ee1ng chuy\u00ean bi\u1ec7t trong th\u1ec3 thao c\u1ee7a c\u00e1c b\u00e1c s\u0129 Vi\u1ec7n nghi\u00ean c\u1ee9u dinh d\u01b0\u1ee1ng NutiFood.<\/p>\n<p>B\u00ean c\u1ea1nh \u0111\u00f3, khi \u0111i t\u01b0 v\u1ea5n, ch\u0103m s\u00f3c dinh d\u01b0\u1ee1ng cho h\u1ecdc vi\u1ec7n b\u00f3ng \u0111\u00e1 HAGL-JMG, \u0111\u1ed9i b\u00f3ng U.19, \u0111\u1ed9i tuy\u1ec3n b\u00f3ng \u0111\u00e1 n\u1eef Vi\u1ec7t N nh\u1eefng chuy\u00ean gia c\u1ee7a Vi\u1ec7n nghi\u00ean c\u1ee9u dinh d\u01b0\u1ee1ng NutiFood hi\u1ec3u \u0111\u01b0\u1ee3c c\u00e1c c\u1ea7u th\u1ee7 c\u00f2n thi\u1ebfu ki\u1ebfn th\u1ee9c v\u1ec1 dinh d\u01b0\u1ee1ng, ch\u1ee7 y\u1ebfu l\u00e0 \u0103n ngon mi\u1ec7ng ch\u1ee9 ch\u01b0a bi\u1ebft c\u00e1ch \u0103n \u0111\u00fang, \u0103n \u0111\u1ee7 \u0111\u1ec3 n\u00e2ng cao th\u1ec3 l\u1ef1c khi thi \u0111\u1ea5u. T\u1eeb nh\u1eefng tr\u0103n tr\u1edf v\u00e0 t\u00e2m huy\u1ebft tr\u00ean, C\u00f4ng ty NutiFood v\u00e0 c\u00e1c b\u00e1c s\u0129 chuy\u00ean gia c\u1ee7a m\u00ecnh \u0111\u00e3 \u1ea5p \u1ee7 \u00fd t\u01b0\u1edfng ra \u0111\u1eddi m\u1ed9t cu\u1ed1n s\u00e1ch v\u1ec1 dinh d\u01b0\u1ee1ng d\u00e0nh cho c\u00e1c c\u1ea7u th\u1ee7 b\u00f3ng \u0111\u00e1 c\u0169ng nh\u01b0 nh\u1eefng ng\u01b0\u1eddi ch\u01a1i th\u1ec3 thao chuy\u00ean nghi\u1ec7p, gi\u00fap h\u1ecd c\u00f3 nh\u1eefng ki\u1ebfn th\u1ee9c c\u01a1 b\u1ea3n \u0111\u1ea7y \u0111\u1ee7 nh\u1ea5t v\u1ec1 dinh d\u01b0\u1ee1ng \u0111\u1ec3 c\u00f3 th\u1ec3 t\u1ef1 \u00e1p d\u1ee5ng cho m\u00ecnh trong m\u1ed7i b\u1eefa \u0103n h\u00e0ng ng\u00e0y. Tuy nhi\u00ean, kh\u00f3 kh\u0103n l\u00e0 cu\u1ed1n s\u00e1ch \u0111\u00f3 ph\u1ea3i l\u00e0m sao h\u1ea5p d\u1eabn \u0111\u01b0\u1ee3c ng\u01b0\u1eddi \u0111\u1ecdc m\u00e0 ki\u1ebfn th\u1ee9c dinh d\u01b0\u1ee1ng th\u00ec v\u1ed1n kh\u00f4 khan kh\u00f3 ti\u1ebfp thu. Nh\u1edd duy\u00ean h\u1ea1nh ng\u1ed9 v\u1edbi nh\u00e0 b\u00e1o Nguy\u1ec5n Nguy\u00ean, m\u1ed9t ng\u01b0\u1eddi k\u1ec3 chuy\u1ec7n th\u1ec3 thao th\u00fa v\u1ecb, k\u1ebft h\u1ee3p v\u1edbi kinh nghi\u1ec7m v\u00e0 ki\u1ebfn th\u1ee9c chuy\u00ean m\u00f4n c\u1ee7a c\u00e1c chuy\u00ean gia dinh d\u01b0\u1ee1ng NutiFood m\u00e0 cu\u1ed1n s\u00e1ch \u0111\u00e3 ra \u0111\u1eddi.<\/p>\n<p>Dinh D\u01b0\u1ee1ng D\u00e0nh Cho Ng\u00f4i Sao B\u00f3ng \u0110\u00e1 l\u00e0 nh\u1eefng ki\u1ebfn th\u1ee9c c\u01a1 b\u1ea3n v\u1ec1 dinh d\u01b0\u1ee1ng th\u1ec3 thao, c\u00f9ng nh\u1eefng c\u00e2u chuy\u1ec7n l\u00fd th\u00fa v\u1ec1 th\u1ef1c h\u00e0nh dinh d\u01b0\u1ee1ng c\u1ee7a c\u00e1c ng\u00f4i sao th\u1ebf gi\u1edbi. Cu\u1ed1n s\u00e1ch gi\u00fap c\u1ea7u th\u1ee7 b\u00f3ng \u0111\u00e1 d\u00f9 l\u00e0 nghi\u1ec7p d\u01b0 hay chuy\u00ean nghi\u1ec7p c\u00f3 ki\u1ebfn th\u1ee9c c\u1ea7n thi\u1ebft \u0111\u1ec3 th\u1ef1c h\u00e0nh ch\u1ebf \u0111\u1ed9 dinh d\u01b0\u1ee1ng \u0111\u00fang, n\u00e2ng cao s\u1ee9c kh\u1ecfe, th\u1ec3 l\u1ef1c ph\u1ee5c v\u1ee5 cho t\u1eadp luy\u1ec7n, thi \u0111\u1ea5u, tr\u1edf th\u00e0nh nh\u1eefng ng\u00f4i sao b\u00f3ng \u0111\u00e1.<\/p>\n","protected":false},"excerpt":{"rendered":"<p>C\u00e2u chuy\u1ec7n c\u1ee7a dinh d\u01b0\u1ee1ng trong th\u1ec3 thao m\u00e0 \u0111\u1eb7c bi\u1ec7t l\u00e0 b\u00f3ng \u0111\u00e1 kh\u00f4ng \u0111\u01a1n thu\u1ea7n l\u00e0 \u0103n g\u00ec, u\u1ed1ng g\u00ec m\u00e0 l\u00e0 hi\u1ec3u th\u1ebf n\u00e0o v\u1ec1 dinh d\u01b0\u1ee1ng trong th\u1ec3 thao \u0111\u1ec3 \u0111\u00e1p \u1ee9ng \u0111\u1ee7 l\u01b0\u1ee3ng v\u00e0 ch\u1ea5t cho c\u1ea7u th\u1ee7 \u1ee9ng v\u1edbi t\u1eebng m\u00f4i tr\u01b0\u1eddng, t\u1eebng th\u1eddi \u0111i\u1ec3m. Dinh d\u01b0\u1ee1ng \u0111\u00fang quy\u1ebft \u0111\u1ecbnh s\u1ee9c kh\u1ecfe, \u0111\u1ed9 b\u1ec1n v\u00e0 s\u1ef1 s\u1eafc b\u00e9n khi thi \u0111\u1ea5 V\u00e0 \u0111\u00f3 c\u0169ng ch\u00ednh l\u00e0 n\u1ec1n t\u1ea3ng quan tr\u1ecdng \u0111\u1ec3 gi\u00e0nh chi\u1ebfn th\u1eafng trong th\u1ec3 thao \u0111\u1ec9nh cao.<\/p>\n<p>N\u0103m 2014, l\u1ea7n \u0111\u1ea7u ti\u00ean \u0111\u1ed9i tuy\u1ec3n U.19 Vi\u1ec7t Nam \u0111i thi \u0111\u1ea5u v\u00f2ng b\u1ea3ng gi\u1ea3i v\u00f4 \u0111\u1ecbch U.19 ch\u00e2u \u00c1 c\u00f3 chuy\u00ean gia dinh d\u01b0\u1ee1ng v\u00e0 c\u00e1c \u0111\u1ea7u b\u1ebfp do NutiFood c\u1eed \u0111i, \u0111i\u1ec1u k\u1ef3 di\u1ec7u \u0111\u00e3 x\u1ea3y ra v\u1edbi c\u00e1c c\u1ea7u th\u1ee7 nh\u1ecf con nh\u1ea5t gi\u1ea3i. \u0110i\u1ec1u m\u00e0 ch\u00ednh c\u00e1c c\u1ea7u th\u1ee7 \u00dac to cao (trong \u0111\u00f3 c\u00f3 ng\u01b0\u1eddi \u0111i \u0111\u00e1 \u1edf ch\u00e2u \u00c2u v\u1ec1) ph\u1ea3i ng\u1ea1c nhi\u00ean v\u00ec h\u1ecd b\u1ecb h\u1ee5t h\u01a1i trong cu\u1ed9c \u0111\u1ecd s\u1ee9c gi\u1eefa &#8220;David&#8221; v\u00e0 &#8220;Goliath&#8221;. \u0110\u00f3 l\u00e0 s\u1ef1 kh\u1edfi \u0111\u1ea7u cho t\u00e2m huy\u1ebft ph\u00e1t tri\u1ec3n dinh d\u01b0\u1ee1ng chuy\u00ean bi\u1ec7t trong th\u1ec3 thao c\u1ee7a c\u00e1c b\u00e1c s\u0129 Vi\u1ec7n nghi\u00ean c\u1ee9u dinh d\u01b0\u1ee1ng NutiFood.<\/p>\n<p>B\u00ean c\u1ea1nh \u0111\u00f3, khi \u0111i t\u01b0 v\u1ea5n, ch\u0103m s\u00f3c dinh d\u01b0\u1ee1ng cho h\u1ecdc vi\u1ec7n b\u00f3ng \u0111\u00e1 HAGL-JMG, \u0111\u1ed9i b\u00f3ng U.19, \u0111\u1ed9i tuy\u1ec3n b\u00f3ng \u0111\u00e1 n\u1eef Vi\u1ec7t N nh\u1eefng chuy\u00ean gia c\u1ee7a Vi\u1ec7n nghi\u00ean c\u1ee9u dinh d\u01b0\u1ee1ng NutiFood hi\u1ec3u \u0111\u01b0\u1ee3c c\u00e1c c\u1ea7u th\u1ee7 c\u00f2n thi\u1ebfu ki\u1ebfn th\u1ee9c v\u1ec1 dinh d\u01b0\u1ee1ng, ch\u1ee7 y\u1ebfu l\u00e0 \u0103n ngon mi\u1ec7ng ch\u1ee9 ch\u01b0a bi\u1ebft c\u00e1ch \u0103n \u0111\u00fang, \u0103n \u0111\u1ee7 \u0111\u1ec3 n\u00e2ng cao th\u1ec3 l\u1ef1c khi thi \u0111\u1ea5u. T\u1eeb nh\u1eefng tr\u0103n tr\u1edf v\u00e0 t\u00e2m huy\u1ebft tr\u00ean, C\u00f4ng ty NutiFood v\u00e0 c\u00e1c b\u00e1c s\u0129 chuy\u00ean gia c\u1ee7a m\u00ecnh \u0111\u00e3 \u1ea5p \u1ee7 \u00fd t\u01b0\u1edfng ra \u0111\u1eddi m\u1ed9t cu\u1ed1n s\u00e1ch v\u1ec1 dinh d\u01b0\u1ee1ng d\u00e0nh cho c\u00e1c c\u1ea7u th\u1ee7 b\u00f3ng \u0111\u00e1 c\u0169ng nh\u01b0 nh\u1eefng ng\u01b0\u1eddi ch\u01a1i th\u1ec3 thao chuy\u00ean nghi\u1ec7p, gi\u00fap h\u1ecd c\u00f3 nh\u1eefng ki\u1ebfn th\u1ee9c c\u01a1 b\u1ea3n \u0111\u1ea7y \u0111\u1ee7 nh\u1ea5t v\u1ec1 dinh d\u01b0\u1ee1ng \u0111\u1ec3 c\u00f3 th\u1ec3 t\u1ef1 \u00e1p d\u1ee5ng cho m\u00ecnh trong m\u1ed7i b\u1eefa \u0103n h\u00e0ng ng\u00e0y. Tuy nhi\u00ean, kh\u00f3 kh\u0103n l\u00e0 cu\u1ed1n s\u00e1ch \u0111\u00f3 ph\u1ea3i l\u00e0m sao h\u1ea5p d\u1eabn \u0111\u01b0\u1ee3c ng\u01b0\u1eddi \u0111\u1ecdc m\u00e0 ki\u1ebfn th\u1ee9c dinh d\u01b0\u1ee1ng th\u00ec v\u1ed1n kh\u00f4 khan kh\u00f3 ti\u1ebfp thu. Nh\u1edd duy\u00ean h\u1ea1nh ng\u1ed9 v\u1edbi nh\u00e0 b\u00e1o Nguy\u1ec5n Nguy\u00ean, m\u1ed9t ng\u01b0\u1eddi k\u1ec3 chuy\u1ec7n th\u1ec3 thao th\u00fa v\u1ecb, k\u1ebft h\u1ee3p v\u1edbi kinh nghi\u1ec7m v\u00e0 ki\u1ebfn th\u1ee9c chuy\u00ean m\u00f4n c\u1ee7a c\u00e1c chuy\u00ean gia dinh d\u01b0\u1ee1ng NutiFood m\u00e0 cu\u1ed1n s\u00e1ch \u0111\u00e3 ra \u0111\u1eddi.<\/p>\n<p>Dinh D\u01b0\u1ee1ng D\u00e0nh Cho Ng\u00f4i Sao B\u00f3ng \u0110\u00e1 l\u00e0 nh\u1eefng ki\u1ebfn th\u1ee9c c\u01a1 b\u1ea3n v\u1ec1 dinh d\u01b0\u1ee1ng th\u1ec3 thao, c\u00f9ng nh\u1eefng c\u00e2u chuy\u1ec7n l\u00fd th\u00fa v\u1ec1 th\u1ef1c h\u00e0nh dinh d\u01b0\u1ee1ng c\u1ee7a c\u00e1c ng\u00f4i sao th\u1ebf gi\u1edbi. Cu\u1ed1n s\u00e1ch gi\u00fap c\u1ea7u th\u1ee7 b\u00f3ng \u0111\u00e1 d\u00f9 l\u00e0 nghi\u1ec7p d\u01b0 hay chuy\u00ean nghi\u1ec7p c\u00f3 ki\u1ebfn th\u1ee9c c\u1ea7n thi\u1ebft \u0111\u1ec3 th\u1ef1c h\u00e0nh ch\u1ebf \u0111\u1ed9 dinh d\u01b0\u1ee1ng \u0111\u00fang, n\u00e2ng cao s\u1ee9c kh\u1ecfe, th\u1ec3 l\u1ef1c ph\u1ee5c v\u1ee5 cho t\u1eadp luy\u1ec7n, thi \u0111\u1ea5u, tr\u1edf th\u00e0nh nh\u1eefng ng\u00f4i sao b\u00f3ng \u0111\u00e1.<\/p>\n","protected":false},"featured_media":15098,"template":"","meta":{"_acf_changed":false},"product_brand":[],"product_cat":[42],"product_tag":[],"class_list":{"0":"post-15099","1":"product","2":"type-product","3":"status-publish","4":"has-post-thumbnail","6":"product_cat-sach-nau-an-am-thuc","8":"first","9":"outofstock","10":"taxable","11":"shipping-taxable","12":"purchasable","13":"product-type-simple"},"supplier_id":null,"supplier_sku":"","barcode":null,"atum_controlled":true,"out_stock_date":"2021-08-10 12:41:08","out_stock_threshold":null,"inheritable":false,"inbound_stock":0,"stock_on_hold":0,"sold_today":0,"sales_last_days":0,"reserved_stock":0,"customer_returns":0,"warehouse_damage":0,"lost_in_post":0,"other_logs":0,"out_stock_days":1632,"lost_sales":0,"has_location":false,"update_date":"2026-01-28T23:10:56","atum_locations":[],"atum_stock_status":"outofstock","restock_status":false,"low_stock_amount":"","sales_update_date":"2026-01-28T23:10:56","calc_backorders":null,"acf":{"publisher":{"ID":10224,"post_author":"1","post_date":"2021-06-02 18:46:58","post_date_gmt":"2021-06-02 15:46:58","post_content":"","post_title":"Ph\u01b0\u01a1ng Nam","post_excerpt":"","post_status":"publish","comment_status":"closed","ping_status":"closed","post_password":"","post_name":"phuong-nam","to_ping":"","pinged":"","post_modified":"2021-06-02 18:46:58","post_modified_gmt":"2021-06-02 15:46:58","post_content_filtered":"","post_parent":0,"guid":"https:\/\/sachviet.eu\/nha-phat-hanh\/phuong-nam\/","menu_order":0,"post_type":"publisher","post_mime_type":"","comment_count":"0","filter":"raw"}},"_links":{"self":[{"href":"https:\/\/sachviet.eu\/en\/wp-json\/wp\/v2\/product\/15099","targetHints":{"allow":["GET"]}}],"collection":[{"href":"https:\/\/sachviet.eu\/en\/wp-json\/wp\/v2\/product"}],"about":[{"href":"https:\/\/sachviet.eu\/en\/wp-json\/wp\/v2\/types\/product"}],"wp:featuredmedia":[{"embeddable":true,"href":"https:\/\/sachviet.eu\/en\/wp-json\/wp\/v2\/media\/15098"}],"wp:attachment":[{"href":"https:\/\/sachviet.eu\/en\/wp-json\/wp\/v2\/media?parent=15099"}],"wp:term":[{"taxonomy":"product_brand","embeddable":true,"href":"https:\/\/sachviet.eu\/en\/wp-json\/wp\/v2\/product_brand?post=15099"},{"taxonomy":"product_cat","embeddable":true,"href":"https:\/\/sachviet.eu\/en\/wp-json\/wp\/v2\/product_cat?post=15099"},{"taxonomy":"product_tag","embeddable":true,"href":"https:\/\/sachviet.eu\/en\/wp-json\/wp\/v2\/product_tag?post=15099"}],"curies":[{"name":"wp","href":"https:\/\/api.w.org\/{rel}","templated":true}]}}