{"id":15097,"date":"2021-08-04T14:51:55","date_gmt":"2021-08-04T11:51:55","guid":{"rendered":"https:\/\/sachviet.eu\/shop\/kinh-duoc-su-luu-ly-quang\/"},"modified":"2021-08-10T08:16:00","modified_gmt":"2021-08-10T05:16:00","slug":"kinh-duoc-su-luu-ly-quang","status":"publish","type":"product","link":"https:\/\/sachviet.eu\/en\/shop\/kinh-duoc-su-luu-ly-quang\/","title":{"rendered":"Kinh D\u01b0\u1ee3c S\u01b0 L\u01b0u Ly Quang"},"content":{"rendered":"<p>Kinh D\u01b0\u1ee3c S\u01b0 \u0110\u00e2y l\u00e0 m\u1ed9t trong nh\u1eefng b\u1ea3n kinh t\u1ee5ng th\u00f4ng d\u1ee5ng c\u1ee7a ng\u01b0\u1eddi Ph\u1eadt t\u1eed. Kinh D\u01b0\u1ee3c S\u01b0 n\u00f3i v\u1ec1 \u0111\u1ea1i nguy\u1ec7n r\u1ed9ng l\u1edbn c\u1ee7a \u0111\u1ee9c D\u01b0\u1ee3c S\u01b0 L\u01b0u Ly Quang Nh\u01b0 Lai. Kinh thuy\u1ebft d\u1ea1y v\u1ec1 c\u00f4ng \u0111\u1ee9c c\u1ee7a ng\u01b0\u1eddi tr\u00ec t\u1ee5ng kinh, x\u01b0ng ni\u1ec7m danh hi\u1ec7u \u0111\u1ee9c Ph\u1eadt D\u01b0\u1ee3c S\u01b0 c\u0169ng nh\u01b0 noi theo h\u1ea1nh nguy\u1ec7n c\u1ee7a ng\u00e0i. Kinh \u0111\u01b0\u1ee3c in tr\u00ean kh\u1ed5 gi\u1ea5y l\u1edbn, ch\u1eef l\u1edbn v\u00e0 \u0111\u1eadm, th\u00edch h\u1ee3p s\u1eed d\u1ee5ng cho vi\u1ec7c t\u1ee5ng \u0111\u1ecdc h\u1eb1ng ng\u00e0y.<\/p>\n","protected":false},"excerpt":{"rendered":"<p>Kinh D\u01b0\u1ee3c S\u01b0 \u0110\u00e2y l\u00e0 m\u1ed9t trong nh\u1eefng b\u1ea3n kinh t\u1ee5ng th\u00f4ng d\u1ee5ng c\u1ee7a ng\u01b0\u1eddi Ph\u1eadt t\u1eed. Kinh D\u01b0\u1ee3c S\u01b0 n\u00f3i v\u1ec1 \u0111\u1ea1i nguy\u1ec7n r\u1ed9ng l\u1edbn c\u1ee7a \u0111\u1ee9c D\u01b0\u1ee3c S\u01b0 L\u01b0u Ly Quang Nh\u01b0 Lai. Kinh thuy\u1ebft d\u1ea1y v\u1ec1 c\u00f4ng \u0111\u1ee9c c\u1ee7a ng\u01b0\u1eddi tr\u00ec t\u1ee5ng kinh, x\u01b0ng ni\u1ec7m danh hi\u1ec7u \u0111\u1ee9c Ph\u1eadt D\u01b0\u1ee3c S\u01b0 c\u0169ng nh\u01b0 noi theo h\u1ea1nh nguy\u1ec7n c\u1ee7a ng\u00e0i. Kinh \u0111\u01b0\u1ee3c in tr\u00ean kh\u1ed5 gi\u1ea5y l\u1edbn, ch\u1eef l\u1edbn v\u00e0 \u0111\u1eadm, th\u00edch h\u1ee3p s\u1eed d\u1ee5ng cho vi\u1ec7c t\u1ee5ng \u0111\u1ecdc h\u1eb1ng ng\u00e0y.<\/p>\n","protected":false},"featured_media":15096,"template":"","meta":{"_acf_changed":false},"product_brand":[],"product_cat":[15,76],"product_tag":[],"class_list":{"0":"post-15097","1":"product","2":"type-product","3":"status-publish","4":"has-post-thumbnail","6":"product_cat-sach-danh-cho-nguoi-lon","7":"product_cat-ton-giao-tam-linh","9":"first","10":"outofstock","11":"taxable","12":"shipping-taxable","13":"purchasable","14":"product-type-simple"},"supplier_id":null,"supplier_sku":"","barcode":null,"atum_controlled":true,"out_stock_date":"2021-08-10 05:16:00","out_stock_threshold":null,"inheritable":false,"inbound_stock":0,"stock_on_hold":0,"sold_today":0,"sales_last_days":0,"reserved_stock":0,"customer_returns":0,"warehouse_damage":0,"lost_in_post":0,"other_logs":0,"out_stock_days":1632,"lost_sales":0,"has_location":false,"update_date":"2026-01-28T23:10:56","atum_locations":[],"atum_stock_status":"outofstock","restock_status":false,"low_stock_amount":"","sales_update_date":"2026-01-28T23:10:56","calc_backorders":null,"acf":{"publisher":{"ID":15056,"post_author":"1","post_date":"2021-08-04 14:49:48","post_date_gmt":"2021-08-04 11:49:48","post_content":"","post_title":"H\u01b0\u01a1ng Trang","post_excerpt":"","post_status":"publish","comment_status":"closed","ping_status":"closed","post_password":"","post_name":"huong-trang","to_ping":"","pinged":"","post_modified":"2021-08-04 14:49:48","post_modified_gmt":"2021-08-04 11:49:48","post_content_filtered":"","post_parent":0,"guid":"https:\/\/sachviet.eu\/nha-phat-hanh\/huong-trang\/","menu_order":0,"post_type":"publisher","post_mime_type":"","comment_count":"0","filter":"raw"}},"_links":{"self":[{"href":"https:\/\/sachviet.eu\/en\/wp-json\/wp\/v2\/product\/15097","targetHints":{"allow":["GET"]}}],"collection":[{"href":"https:\/\/sachviet.eu\/en\/wp-json\/wp\/v2\/product"}],"about":[{"href":"https:\/\/sachviet.eu\/en\/wp-json\/wp\/v2\/types\/product"}],"wp:featuredmedia":[{"embeddable":true,"href":"https:\/\/sachviet.eu\/en\/wp-json\/wp\/v2\/media\/15096"}],"wp:attachment":[{"href":"https:\/\/sachviet.eu\/en\/wp-json\/wp\/v2\/media?parent=15097"}],"wp:term":[{"taxonomy":"product_brand","embeddable":true,"href":"https:\/\/sachviet.eu\/en\/wp-json\/wp\/v2\/product_brand?post=15097"},{"taxonomy":"product_cat","embeddable":true,"href":"https:\/\/sachviet.eu\/en\/wp-json\/wp\/v2\/product_cat?post=15097"},{"taxonomy":"product_tag","embeddable":true,"href":"https:\/\/sachviet.eu\/en\/wp-json\/wp\/v2\/product_tag?post=15097"}],"curies":[{"name":"wp","href":"https:\/\/api.w.org\/{rel}","templated":true}]}}