{"id":15095,"date":"2021-08-04T14:51:51","date_gmt":"2021-08-04T11:51:51","guid":{"rendered":"https:\/\/sachviet.eu\/shop\/vu-am-sat-ong-roger-ackroyd-agatha-christie\/"},"modified":"2024-04-18T14:29:39","modified_gmt":"2024-04-18T11:29:39","slug":"vu-am-sat-ong-roger-ackroyd-agatha-christie","status":"publish","type":"product","link":"https:\/\/sachviet.eu\/en\/shop\/vu-am-sat-ong-roger-ackroyd-agatha-christie\/","title":{"rendered":"V\u1ee5 \u00c1m S\u00e1t \u00d4ng Roger Ackroyd (Agatha Christie)"},"content":{"rendered":"<p>\u1ede l\u00e0ng King\u2019s Abbot, v\u1ee5 t\u1ef1 s\u00e1t c\u1ee7a b\u00e0 g\u00f3a Ferrars l\u00e0m d\u1ea5y l\u00ean \u0111\u1ed3n \u0111o\u00e1n r\u1eb1ng b\u00e0 \u0111\u00e3 gi\u1ebft ch\u1ed3ng, b\u1ecb t\u1ed1ng ti\u1ec1n v\u00e0 c\u00f3 quan h\u1ec7 m\u1edd \u00e1m v\u1edbi \u00f4ng Roger Ackroyd, m\u1ed9t ng\u01b0\u1eddi gi\u00e0u c\u00f3 trong l\u00e0ng. T\u1ed1i h\u00f4m sau, \u00f4ng Ackroyd b\u1ecb gi\u1ebft trong ph\u00f2ng l\u00e0m vi\u1ec7c tr\u01b0\u1edbc khi ph\u00e1t hi\u1ec7n \u0111\u01b0\u1ee3c ai l\u00e0 k\u1ebb t\u1ed1ng ti\u1ec1n ng\u01b0\u1eddi \u0111\u00e0n b\u00e0 g\u00f3a. Th\u00e1m t\u1eed l\u1eebng danh Hercule Poirot ra tay ph\u00e1 \u00e1n, v\u1edbi s\u1ef1 tr\u1ee3 gi\u00fap c\u1ee7a b\u00e1c s\u0129 James Sheppard.<\/p>\n<p>Xu\u1ea5t b\u1ea3n l\u1ea7n \u0111\u1ea7u n\u0103m 1926, V\u1ee5 \u00e1m s\u00e1t \u00f4ng Roger Ackroyd nhanh ch\u00f3ng tr\u1edf th\u00e0nh hi\u1ec7n t\u01b0\u1ee3ng xu\u1ea5t b\u1ea3n v\u00e0 sau n\u00e0y \u0111\u01b0\u1ee3c coi l\u00e0 t\u00e1c ph\u1ea9m kinh \u0111i\u1ec3n c\u1ee7a d\u00f2ng v\u0103n h\u1ecdc trinh th\u00e1m ph\u1ed5 th\u00f4ng, m\u1edf ra m\u1ed9t k\u1ef7 nguy\u00ean m\u1edbi cho v\u0103n ch\u01b0\u01a1ng th\u1ec3 lo\u1ea1i n\u00e0y<\/p>\n","protected":false},"excerpt":{"rendered":"<p>\u1ede l\u00e0ng King\u2019s Abbot, v\u1ee5 t\u1ef1 s\u00e1t c\u1ee7a b\u00e0 g\u00f3a Ferrars l\u00e0m d\u1ea5y l\u00ean \u0111\u1ed3n \u0111o\u00e1n r\u1eb1ng b\u00e0 \u0111\u00e3 gi\u1ebft ch\u1ed3ng, b\u1ecb t\u1ed1ng ti\u1ec1n v\u00e0 c\u00f3 quan h\u1ec7 m\u1edd \u00e1m v\u1edbi \u00f4ng Roger Ackroyd, m\u1ed9t ng\u01b0\u1eddi gi\u00e0u c\u00f3 trong l\u00e0ng. T\u1ed1i h\u00f4m sau, \u00f4ng Ackroyd b\u1ecb gi\u1ebft trong ph\u00f2ng l\u00e0m vi\u1ec7c tr\u01b0\u1edbc khi ph\u00e1t hi\u1ec7n \u0111\u01b0\u1ee3c ai l\u00e0 k\u1ebb t\u1ed1ng ti\u1ec1n ng\u01b0\u1eddi \u0111\u00e0n b\u00e0 g\u00f3a. Th\u00e1m t\u1eed l\u1eebng danh Hercule Poirot ra tay ph\u00e1 \u00e1n, v\u1edbi s\u1ef1 tr\u1ee3 gi\u00fap c\u1ee7a b\u00e1c s\u0129 James Sheppard.<\/p>\n<p>Xu\u1ea5t b\u1ea3n l\u1ea7n \u0111\u1ea7u n\u0103m 1926, V\u1ee5 \u00e1m s\u00e1t \u00f4ng Roger Ackroyd nhanh ch\u00f3ng tr\u1edf th\u00e0nh hi\u1ec7n t\u01b0\u1ee3ng xu\u1ea5t b\u1ea3n v\u00e0 sau n\u00e0y \u0111\u01b0\u1ee3c coi l\u00e0 t\u00e1c ph\u1ea9m kinh \u0111i\u1ec3n c\u1ee7a d\u00f2ng v\u0103n h\u1ecdc trinh th\u00e1m ph\u1ed5 th\u00f4ng, m\u1edf ra m\u1ed9t k\u1ef7 nguy\u00ean m\u1edbi cho v\u0103n ch\u01b0\u01a1ng th\u1ec3 lo\u1ea1i n\u00e0y<\/p>\n","protected":false},"featured_media":15089,"template":"","meta":{"_acf_changed":false},"product_brand":[],"product_cat":[15,72],"product_tag":[],"class_list":{"0":"post-15095","1":"product","2":"type-product","3":"status-publish","4":"has-post-thumbnail","6":"product_cat-sach-danh-cho-nguoi-lon","7":"product_cat-trinh-tham-kinh-di","9":"first","10":"outofstock","11":"taxable","12":"shipping-taxable","13":"purchasable","14":"product-type-simple"},"supplier_id":null,"supplier_sku":"","barcode":null,"atum_controlled":true,"out_stock_date":"2024-04-18 11:29:39","out_stock_threshold":null,"inheritable":false,"inbound_stock":0,"stock_on_hold":0,"sold_today":0,"sales_last_days":0,"reserved_stock":0,"customer_returns":0,"warehouse_damage":0,"lost_in_post":0,"other_logs":0,"out_stock_days":650,"lost_sales":0,"has_location":false,"update_date":"2026-01-28T23:10:56","atum_locations":[],"atum_stock_status":"outofstock","restock_status":false,"low_stock_amount":"","sales_update_date":"2026-01-28T23:10:56","calc_backorders":null,"acf":{"publisher":{"ID":1517,"post_author":"1","post_date":"2021-02-17 01:14:41","post_date_gmt":"2021-02-16 23:14:41","post_content":"","post_title":"NXB Tr\u1ebb","post_excerpt":"","post_status":"publish","comment_status":"closed","ping_status":"closed","post_password":"","post_name":"nxb-tre","to_ping":"","pinged":"","post_modified":"2021-02-17 01:14:41","post_modified_gmt":"2021-02-16 23:14:41","post_content_filtered":"","post_parent":0,"guid":"https:\/\/sachviet.eu\/nha-phat-hanh\/nxb-tre\/","menu_order":0,"post_type":"publisher","post_mime_type":"","comment_count":"0","filter":"raw"}},"_links":{"self":[{"href":"https:\/\/sachviet.eu\/en\/wp-json\/wp\/v2\/product\/15095","targetHints":{"allow":["GET"]}}],"collection":[{"href":"https:\/\/sachviet.eu\/en\/wp-json\/wp\/v2\/product"}],"about":[{"href":"https:\/\/sachviet.eu\/en\/wp-json\/wp\/v2\/types\/product"}],"wp:featuredmedia":[{"embeddable":true,"href":"https:\/\/sachviet.eu\/en\/wp-json\/wp\/v2\/media\/15089"}],"wp:attachment":[{"href":"https:\/\/sachviet.eu\/en\/wp-json\/wp\/v2\/media?parent=15095"}],"wp:term":[{"taxonomy":"product_brand","embeddable":true,"href":"https:\/\/sachviet.eu\/en\/wp-json\/wp\/v2\/product_brand?post=15095"},{"taxonomy":"product_cat","embeddable":true,"href":"https:\/\/sachviet.eu\/en\/wp-json\/wp\/v2\/product_cat?post=15095"},{"taxonomy":"product_tag","embeddable":true,"href":"https:\/\/sachviet.eu\/en\/wp-json\/wp\/v2\/product_tag?post=15095"}],"curies":[{"name":"wp","href":"https:\/\/api.w.org\/{rel}","templated":true}]}}