{"id":15088,"date":"2021-08-04T14:51:24","date_gmt":"2021-08-04T11:51:24","guid":{"rendered":"https:\/\/sachviet.eu\/shop\/nhung-chang-trai-o-loc-phong-quan-tap-6\/"},"modified":"2024-08-25T22:41:45","modified_gmt":"2024-08-25T19:41:45","slug":"nhung-chang-trai-o-loc-phong-quan-tap-6","status":"publish","type":"product","link":"https:\/\/sachviet.eu\/en\/shop\/nhung-chang-trai-o-loc-phong-quan-tap-6\/","title":{"rendered":"Nh\u1eefng Ch\u00e0ng Trai \u1ede L\u1ed9c Phong Qu\u00e1n &#8211; T\u1eadp 6"},"content":{"rendered":"<p>Nh\u1eefng ch\u00e0ng trai \u1edf L\u1ed9c Phong Qu\u00e1n \u2013 N\u01a1i m\u0129 th\u1ef1c g\u1eafn k\u1ebft t\u00ecnh th\u00e2n<\/p>\n<p>Nh\u1eefng m\u00f3n \u0103n ngon kh\u00f4ng ch\u1ec9 gi\u00fap th\u1ef1c kh\u00e1ch \u1ea5m b\u1ee5ng v\u00e0 th\u01b0 gi\u00e3n m\u1ed7i khi m\u1ec7t m\u1ecfi m\u00e0 c\u00f2n ph\u1ea7n n\u00e0o g\u1eafn k\u1ebft t\u00ecnh c\u1ea3m gi\u1eefa ng\u01b0\u1eddi v\u1edbi ng\u01b0\u1eddi, \u0111\u1eb7c bi\u1ec7t l\u00e0 gi\u1eefa nh\u1eefng ng\u01b0\u1eddi th\u00e2n trong gia \u0111\u00ecnh. L\u1ed9c Phong Qu\u00e1n ch\u00ednh l\u00e0 m\u1ed9t ti\u1ec7m c\u00e0 ph\u00ea chuy\u00ean ph\u1ee5c v\u1ee5 nh\u1eefng m\u00f3n \u0103n nh\u01b0 v\u1eady.<\/p>\n<p>T\u1eadp truy\u1ec7n m\u1edf \u0111\u1ea7u b\u1eb1ng m\u1ed9t m\u00f3n qu\u00e0 nho nh\u1ecf m\u00e0 Sui d\u00e0nh t\u1eb7ng cho nh\u00f3c m\u00e8o Kinako nh\u00e2n d\u1ecbp sinh nh\u1eadt, \u0111\u1ed3ng th\u1eddi ti\u1ebft l\u1ed9 v\u1ec1 l\u1ea7n \u0111\u1ea7u g\u1eb7p m\u1eb7t gi\u1eefa Sui v\u00e0 th\u00e0nh vi\u00ean \u0111\u1eb7c bi\u1ec7t c\u1ee7a L\u1ed9c Phong Qu\u00e1n. V\u00e0 c\u0169ng trong t\u1eadp n\u00e0y, l\u1ea7n \u0111\u1ea7u ti\u00ean, m\u1ed9t c\u1eeda ti\u1ec7m \u0111\u1ed1i th\u1ee7 c\u1ee7a L\u1ed9c Phong Qu\u00e1n xu\u1ea5t hi\u1ec7n khi\u1ebfn b\u1ed1n ch\u00e0ng nh\u00e2n vi\u00ean kh\u00f4ng kh\u1ecfi ho\u1ea3ng h\u1ed1t. H\u1ecd quy\u1ebft \u0111\u1ecbnh d\u00e0nh m\u1ed9t ng\u00e0y ngh\u1ec9 c\u1ee7a m\u00ecnh \u0111\u1ec3 \u0111i do th\u00e1m \u0111\u1ed1i th\u1ee7. M\u1ed9t ph\u1ea7n qu\u00e1 kh\u1ee9 c\u1ee7a Tsubaki c\u0169ng \u0111\u01b0\u1ee3c nh\u1eafc t\u1edbi, v\u1ec1 k\u00ed \u1ee9c tu\u1ed5i th\u01a1 b\u00ean gia \u0111\u00ecnh v\u00e0 v\u1ec1 nh\u1eefng t\u1ea5m b\u01b0u thi\u1ebfp ch\u01b0a th\u1ec3 h\u1ed3i \u0111\u00e1p.<\/p>\n<p>\u201cNh\u1eefng ch\u00e0ng trai c\u1ee7a L\u1ed9c Phong Qu\u00e1n\u201d t\u1eadp 6 c\u00f2n mang \u0111\u1ebfn cho ng\u01b0\u1eddi \u0111\u1ecdc nh\u1eefng c\u00e2u chuy\u1ec7n ng\u1ecdt ng\u00e0o v\u1ec1 t\u00ecnh th\u00e2n. Th\u1ef1c kh\u00e1ch gh\u00e9 th\u0103m n\u01a1i \u0111\u00e2y, ai c\u0169ng mang trong m\u00ecnh nh\u1eefng t\u00e2m t\u01b0 kh\u00f4ng th\u1ec3 gi\u00e3i b\u00e0y. Th\u1ebf nh\u01b0ng, h\u1ecd d\u01b0\u1eddng nh\u01b0 \u0111\u00e3 t\u00ecm \u0111\u01b0\u1ee3c c\u00e2u tr\u1ea3 l\u1eddi cho ch\u00ednh m\u00ecnh, nh\u1edd v\u00e0o m\u0129 th\u1ef1c v\u00e0 c\u1ea3 s\u1ef1 t\u1eadn t\u00ecnh chu \u0111\u00e1o c\u1ee7a b\u1ed1n ch\u00e0ng nh\u00e2n vi\u00ean \u0111\u1eb7c bi\u1ec7t.<\/p>\n<p>T\u1eadp th\u1ee9 s\u00e1u c\u1ee7a b\u1ed9 truy\u1ec7n \u201cNh\u1eefng ch\u00e0ng trai \u1edf L\u1ed9c Phong Qu\u00e1n\u201d m\u1ed9t l\u1ea7n n\u1eefa cho ch\u00fang ta tr\u1ea3i nghi\u1ec7m nh\u1eefng t\u00e2m t\u01b0 r\u1ea5t \u0111\u1eddi th\u01b0\u1eddng c\u1ee7a c\u1ea3 b\u1ed1n ch\u00e0ng nh\u00e2n vi\u00ean v\u00e0 nh\u1eefng c\u00e1c v\u1ecb kh\u00e1ch gh\u00e9 th\u0103m. <\/p>\n","protected":false},"excerpt":{"rendered":"<p>Nh\u1eefng ch\u00e0ng trai \u1edf L\u1ed9c Phong Qu\u00e1n \u2013 N\u01a1i m\u0129 th\u1ef1c g\u1eafn k\u1ebft t\u00ecnh th\u00e2n<\/p>\n<p>Nh\u1eefng m\u00f3n \u0103n ngon kh\u00f4ng ch\u1ec9 gi\u00fap th\u1ef1c kh\u00e1ch \u1ea5m b\u1ee5ng v\u00e0 th\u01b0 gi\u00e3n m\u1ed7i khi m\u1ec7t m\u1ecfi m\u00e0 c\u00f2n ph\u1ea7n n\u00e0o g\u1eafn k\u1ebft t\u00ecnh c\u1ea3m gi\u1eefa ng\u01b0\u1eddi v\u1edbi ng\u01b0\u1eddi, \u0111\u1eb7c bi\u1ec7t l\u00e0 gi\u1eefa nh\u1eefng ng\u01b0\u1eddi th\u00e2n trong gia \u0111\u00ecnh. L\u1ed9c Phong Qu\u00e1n ch\u00ednh l\u00e0 m\u1ed9t ti\u1ec7m c\u00e0 ph\u00ea chuy\u00ean ph\u1ee5c v\u1ee5 nh\u1eefng m\u00f3n \u0103n nh\u01b0 v\u1eady.<\/p>\n<p>T\u1eadp truy\u1ec7n m\u1edf \u0111\u1ea7u b\u1eb1ng m\u1ed9t m\u00f3n qu\u00e0 nho nh\u1ecf m\u00e0 Sui d\u00e0nh t\u1eb7ng cho nh\u00f3c m\u00e8o Kinako nh\u00e2n d\u1ecbp sinh nh\u1eadt, \u0111\u1ed3ng th\u1eddi ti\u1ebft l\u1ed9 v\u1ec1 l\u1ea7n \u0111\u1ea7u g\u1eb7p m\u1eb7t gi\u1eefa Sui v\u00e0 th\u00e0nh vi\u00ean \u0111\u1eb7c bi\u1ec7t c\u1ee7a L\u1ed9c Phong Qu\u00e1n. V\u00e0 c\u0169ng trong t\u1eadp n\u00e0y, l\u1ea7n \u0111\u1ea7u ti\u00ean, m\u1ed9t c\u1eeda ti\u1ec7m \u0111\u1ed1i th\u1ee7 c\u1ee7a L\u1ed9c Phong Qu\u00e1n xu\u1ea5t hi\u1ec7n khi\u1ebfn b\u1ed1n ch\u00e0ng nh\u00e2n vi\u00ean kh\u00f4ng kh\u1ecfi ho\u1ea3ng h\u1ed1t. H\u1ecd quy\u1ebft \u0111\u1ecbnh d\u00e0nh m\u1ed9t ng\u00e0y ngh\u1ec9 c\u1ee7a m\u00ecnh \u0111\u1ec3 \u0111i do th\u00e1m \u0111\u1ed1i th\u1ee7. M\u1ed9t ph\u1ea7n qu\u00e1 kh\u1ee9 c\u1ee7a Tsubaki c\u0169ng \u0111\u01b0\u1ee3c nh\u1eafc t\u1edbi, v\u1ec1 k\u00ed \u1ee9c tu\u1ed5i th\u01a1 b\u00ean gia \u0111\u00ecnh v\u00e0 v\u1ec1 nh\u1eefng t\u1ea5m b\u01b0u thi\u1ebfp ch\u01b0a th\u1ec3 h\u1ed3i \u0111\u00e1p.<\/p>\n<p>\u201cNh\u1eefng ch\u00e0ng trai c\u1ee7a L\u1ed9c Phong Qu\u00e1n\u201d t\u1eadp 6 c\u00f2n mang \u0111\u1ebfn cho ng\u01b0\u1eddi \u0111\u1ecdc nh\u1eefng c\u00e2u chuy\u1ec7n ng\u1ecdt ng\u00e0o v\u1ec1 t\u00ecnh th\u00e2n. Th\u1ef1c kh\u00e1ch gh\u00e9 th\u0103m n\u01a1i \u0111\u00e2y, ai c\u0169ng mang trong m\u00ecnh nh\u1eefng t\u00e2m t\u01b0 kh\u00f4ng th\u1ec3 gi\u00e3i b\u00e0y. Th\u1ebf nh\u01b0ng, h\u1ecd d\u01b0\u1eddng nh\u01b0 \u0111\u00e3 t\u00ecm \u0111\u01b0\u1ee3c c\u00e2u tr\u1ea3 l\u1eddi cho ch\u00ednh m\u00ecnh, nh\u1edd v\u00e0o m\u0129 th\u1ef1c v\u00e0 c\u1ea3 s\u1ef1 t\u1eadn t\u00ecnh chu \u0111\u00e1o c\u1ee7a b\u1ed1n ch\u00e0ng nh\u00e2n vi\u00ean \u0111\u1eb7c bi\u1ec7t.<\/p>\n<p>T\u1eadp th\u1ee9 s\u00e1u c\u1ee7a b\u1ed9 truy\u1ec7n \u201cNh\u1eefng ch\u00e0ng trai \u1edf L\u1ed9c Phong Qu\u00e1n\u201d m\u1ed9t l\u1ea7n n\u1eefa cho ch\u00fang ta tr\u1ea3i nghi\u1ec7m nh\u1eefng t\u00e2m t\u01b0 r\u1ea5t \u0111\u1eddi th\u01b0\u1eddng c\u1ee7a c\u1ea3 b\u1ed1n ch\u00e0ng nh\u00e2n vi\u00ean v\u00e0 nh\u1eefng c\u00e1c v\u1ecb kh\u00e1ch gh\u00e9 th\u0103m.<\/p>\n","protected":false},"featured_media":15086,"template":"","meta":{"_acf_changed":false},"product_brand":[],"product_cat":[29],"product_tag":[],"class_list":{"0":"post-15088","1":"product","2":"type-product","3":"status-publish","4":"has-post-thumbnail","6":"product_cat-manga-comics","8":"first","9":"outofstock","10":"taxable","11":"shipping-taxable","12":"purchasable","13":"product-type-simple"},"supplier_id":null,"supplier_sku":"","barcode":null,"atum_controlled":true,"out_stock_date":"2024-08-25 19:41:45","out_stock_threshold":null,"inheritable":false,"inbound_stock":0,"stock_on_hold":0,"sold_today":0,"sales_last_days":0,"reserved_stock":0,"customer_returns":0,"warehouse_damage":0,"lost_in_post":0,"other_logs":0,"out_stock_days":521,"lost_sales":371,"has_location":false,"update_date":"2026-01-28T23:11:23","atum_locations":[],"atum_stock_status":"outofstock","restock_status":false,"low_stock_amount":"","sales_update_date":"2026-01-28T23:11:23","calc_backorders":null,"acf":{"publisher":{"ID":15071,"post_author":"1","post_date":"2021-08-04 14:50:26","post_date_gmt":"2021-08-04 11:50:26","post_content":"","post_title":"SkyComics","post_excerpt":"","post_status":"publish","comment_status":"closed","ping_status":"closed","post_password":"","post_name":"skycomics","to_ping":"","pinged":"","post_modified":"2021-08-04 14:50:26","post_modified_gmt":"2021-08-04 11:50:26","post_content_filtered":"","post_parent":0,"guid":"https:\/\/sachviet.eu\/nha-phat-hanh\/skycomics\/","menu_order":0,"post_type":"publisher","post_mime_type":"","comment_count":"0","filter":"raw"}},"_links":{"self":[{"href":"https:\/\/sachviet.eu\/en\/wp-json\/wp\/v2\/product\/15088","targetHints":{"allow":["GET"]}}],"collection":[{"href":"https:\/\/sachviet.eu\/en\/wp-json\/wp\/v2\/product"}],"about":[{"href":"https:\/\/sachviet.eu\/en\/wp-json\/wp\/v2\/types\/product"}],"wp:featuredmedia":[{"embeddable":true,"href":"https:\/\/sachviet.eu\/en\/wp-json\/wp\/v2\/media\/15086"}],"wp:attachment":[{"href":"https:\/\/sachviet.eu\/en\/wp-json\/wp\/v2\/media?parent=15088"}],"wp:term":[{"taxonomy":"product_brand","embeddable":true,"href":"https:\/\/sachviet.eu\/en\/wp-json\/wp\/v2\/product_brand?post=15088"},{"taxonomy":"product_cat","embeddable":true,"href":"https:\/\/sachviet.eu\/en\/wp-json\/wp\/v2\/product_cat?post=15088"},{"taxonomy":"product_tag","embeddable":true,"href":"https:\/\/sachviet.eu\/en\/wp-json\/wp\/v2\/product_tag?post=15088"}],"curies":[{"name":"wp","href":"https:\/\/api.w.org\/{rel}","templated":true}]}}