{"id":15085,"date":"2021-08-04T14:51:15","date_gmt":"2021-08-04T11:51:15","guid":{"rendered":"https:\/\/sachviet.eu\/shop\/nhung-chang-trai-o-loc-phong-quan-tap-5\/"},"modified":"2024-08-25T22:41:45","modified_gmt":"2024-08-25T19:41:45","slug":"nhung-chang-trai-o-loc-phong-quan-tap-5","status":"publish","type":"product","link":"https:\/\/sachviet.eu\/en\/shop\/nhung-chang-trai-o-loc-phong-quan-tap-5\/","title":{"rendered":"Nh\u1eefng Ch\u00e0ng Trai \u1ede L\u1ed9c Phong Qu\u00e1n &#8211; T\u1eadp 5"},"content":{"rendered":"<p>Nh\u1eefng ch\u00e0ng trai \u1edf L\u1ed9c Phong Qu\u00e1n 5 \u2013 K\u1ebft n\u1ed1i nh\u1eefng c\u1ea3m x\u00fac<\/p>\n<p>Cu\u1ed9c s\u1ed1ng v\u1edbi mu\u00f4n v\u00e0n nh\u1eefng b\u1ed9n b\u1ec1 v\u00e0 r\u1eafc r\u1ed1i li\u00ean quan \u0111\u1ebfn chuy\u1ec7n h\u1ecdc h\u00e0nh, chuy\u1ec7n c\u00f4ng vi\u1ec7c hay chuy\u1ec7n t\u00ecnh c\u1ea3m, c\u00f3 th\u1ec3 khi\u1ebfn ta v\u00f4 t\u00ecnh qu\u00ean \u0111i ho\u1eb7c d\u1ea7n d\u1ea7n b\u1ecb b\u00e0o m\u00f2n r\u1ed3i \u0111\u00e1nh m\u1ea5t nh\u1eefng c\u1ea3m x\u00fac t\u00edch c\u1ef1c v\u00e0 t\u01b0\u01a1i \u0111\u1eb9p trong \u0111\u1eddi.<\/p>\n<p>Nh\u1eefng v\u1ecb kh\u00e1ch \u0111\u1ebfn v\u1edbi L\u1ed9c Phong Qu\u00e1n, h\u1ecd mang theo nh\u1eefng c\u1ea3m x\u00fac v\u00e0 t\u00e2m t\u01b0 vui bu\u1ed3n kh\u00e1c nhau. C\u00f3 ng\u01b0\u1eddi v\u00ec ng\u1ea1i ng\u00f9ng, b\u1ed1i r\u1ed1i m\u00e0 kh\u00f4ng d\u00e1m n\u00f3i ra c\u1ea3m x\u00fac th\u1eadt c\u1ee7a m\u00ecnh. C\u00f3 ng\u01b0\u1eddi b\u1ecb nh\u1eefng c\u1ea3m x\u00fac ti\u00eau c\u1ef1c b\u1ee7a v\u00e2y m\u00e0 sinh ra ch\u00e1n ch\u01b0\u1eddng, \u1ee7 r\u0169. C\u00f3 ng\u01b0\u1eddi v\u00ec \u00e1p l\u1ef1c c\u00f4ng vi\u1ec7c m\u00e0 qu\u00ean \u0111i nh\u1eefng quy\u1ebft t\u00e2m, t\u1ef1 tin thu\u1edf ban \u0111\u1ea7u. C\u00f3 ng\u01b0\u1eddi ph\u1ea3i c\u1ed1 g\u1eafng b\u1ecf \u0111i th\u00fa vui c\u1ee7a b\u1ea3n th\u00e2n v\u00ec s\u1ee3 g\u00e2y phi\u1ec1n to\u00e1i cho ng\u01b0\u1eddi th\u00e2n c\u1ee7a m\u00ecnh. Nh\u1eefng c\u00e2u chuy\u1ec7n v\u1edbi v\u00f4 v\u00e0n cung b\u1eadc c\u1ea3m x\u00fac \u1ea5y, t\u1ea5t c\u1ea3 \u0111\u1ec1u s\u1ebd \u0111\u01b0\u1ee3c k\u1ebft n\u1ed1i l\u1ea1i trong t\u1eadp th\u1ee9 n\u0103m c\u1ee7a \u201cNh\u1eefng ch\u00e0ng trai \u1edf L\u1ed9c Phong Qu\u00e1n\u201d.<\/p>\n<p>M\u1edf \u0111\u1ea7u t\u1eadp n\u0103m, t\u00e1c gi\u1ea3 Shimuzu Yu \u0111em \u0111\u1ebfn c\u00e2u chuy\u1ec7n t\u00ecnh c\u1ea3m \u201ckh\u00f4ng bi\u1ebft c\u00f3 ph\u1ea3i l\u00e0 y\u00eau kh\u00f4ng\u201d c\u1ee7a \u201c\u00f4ng ch\u00fa\u201d ph\u00f3ng vi\u00ean Isago. Isago mu\u1ed1n m\u1eddi Hayashi, n\u1eef \u0111\u1ed3ng nghi\u1ec7p tr\u1ebb trung, xinh \u0111\u1eb9p v\u00e0 v\u00f4 c\u00f9ng \u01b0u t\u00fa, \u0111\u1ebfn L\u1ed9c Phong Qu\u00e1n m\u1ed9t l\u1ea7n. Nh\u01b0ng v\u00ec thi\u1ebfu t\u1ef1 tin, ch\u1eb3ng bi\u1ebft ph\u1ea3i m\u1edf l\u1eddi ra sao n\u00ean Isago \u0111\u00e3 nh\u1edd Tsubaki \u201cqu\u00e2n s\u01b0\u201d cho m\u00ecnh.<\/p>\n<p>Ti\u1ebfp theo \u0111\u00f3, s\u1ef1 xu\u1ea5t hi\u1ec7n c\u1ee7a c\u1eadu nh\u00f3c l\u00fac n\u00e0o tr\u00f4ng c\u0169ng ch\u00e1n ch\u01b0\u1eddng v\u00e0 u \u00e1m Watanabe \u0111\u00e3 h\u00e9 l\u1ed9 m\u1ed9t ch\u00fat v\u1ec1 th\u1eddi ni\u00ean thi\u1ebfu c\u1ee7a Gure. M\u1ed9t ng\u01b0\u1eddi v\u00f4 lo v\u00f4 ngh\u0129, lu\u00f4n tr\u00e0n tr\u1ec1 n\u0103ng l\u01b0\u1ee3ng nh\u01b0 Gure s\u1ebd c\u00f3 m\u1ed9t qu\u00e1 kh\u1ee9 nh\u01b0 th\u1ebf n\u00e0o nh\u1ec9?<\/p>\n<p>V\u00e0 c\u0169ng nh\u01b0 nh\u1eefng t\u1eadp tr\u01b0\u1edbc, l\u1ea7n n\u00e0y b\u1ed1n ch\u00e0ng trai l\u1ea1i ti\u1ebfp t\u1ee5c mang \u0111\u1ebfn cho ch\u00fang ta nh\u1eefng m\u00f3n \u0103n v\u00f4 c\u00f9ng h\u1ea5p d\u1eabn. \u0110\u00f3 l\u00e0 m\u00f3n Katsudon kh\u1ea9u ph\u1ea7n l\u1edbn \u0111\u1ea7y th\u1ecfa m\u00e3n, c\u1ed5 v\u0169 cho s\u1ef1 c\u1ed1 g\u1eafng c\u1ee7a m\u1ed7i v\u1ecb kh\u00e1ch. \u0110\u00f3 l\u00e0 m\u00f3n m\u00ec Napolitan h\u01b0\u01a1ng v\u1ecb th\u00e2n thu\u1ed9c c\u1ee7a L\u1ed9c Phong Qu\u00e1n, v\u1ef1c d\u1eady tinh th\u1ea7n cho Koto, ng\u01b0\u1eddi \u0111ang ch\u00ecm trong nh\u1eefng m\u1ec7t m\u1ecfi v\u00ec \u00e1p l\u1ef1c c\u00f4ng vi\u1ec7c. \u0110\u00f3 l\u00e0 m\u00f3n \u0103n v\u1eb7t \u201cb\u00ed m\u1eadt\u201d c\u1ee7a Tsubaki v\u00e0 Tokitaka trong m\u1ed9t bu\u1ed5i chi\u1ec1u c\u1ee7a ng\u00e0y n\u1eafng \u0111\u1eb9p.<\/p>\n<p>Trong t\u1eadp n\u00e0y, L\u1ed9c Phong Qu\u00e1n s\u1ebd ph\u1ea3i chia tay v\u1edbi m\u1ed9t v\u1ecb kh\u00e1ch quen l\u00e0 b\u00e0 Osada, ng\u01b0\u1eddi tham gia l\u1edbp l\u00e0m g\u1ed1m c\u1ee7a Tokitaka. Tr\u01b0\u1edbc khi chuy\u1ec3n \u0111i n\u01a1i kh\u00e1c, b\u00e0 Osada \u0111\u1ebfn nh\u1edd Tokitaka x\u1eed l\u00fd gi\u00fap nh\u1eefng m\u00f3n \u0111\u1ed3 g\u1ed1m m\u00ecnh \u0111\u00e3 l\u00e0m ra m\u00e0 kh\u00f4ng th\u1ec3 mang theo \u0111\u01b0\u1ee3c. V\u00e0 r\u1ed3i, nh\u1eefng ch\u00e0ng trai \u0111\u00e3 \u0111em \u0111\u1ebfn cho b\u00e0 m\u1ed9t b\u1ea5t ng\u1edd trong l\u1ea7n cu\u1ed1i c\u00f9ng \u0111\u1ebfn c\u1eeda ti\u1ec7m. Ngo\u00e0i ra, b\u00ed m\u1eadt v\u1ec1 gia \u0111\u00ecnh Sui c\u0169ng l\u1ea7n \u0111\u1ea7u \u0111\u01b0\u1ee3c b\u1eadt m\u00ed \u1edf t\u1eadp n\u0103m n\u00e0y\u2026<\/p>\n<p>T\u1eebng trang truy\u1ec7n ng\u1eadp tr\u00e0n nh\u1eefng cung b\u1eadc c\u1ea3m x\u00fac kh\u00e1c nhau, \u0111\u01b0a ta \u0111\u1ebfn v\u1edbi nh\u1eefng c\u00e2u chuy\u1ec7n, nh\u1eefng t\u00e2m t\u01b0 t\u00ecnh c\u1ea3m kh\u00f4ng ai gi\u1ed1ng ai c\u1ee7a m\u1ed7i v\u1ecb kh\u00e1ch. V\u00e0 r\u1ed3i, sau t\u1ea5t c\u1ea3, nh\u1edd v\u00e0o \u1ea9m th\u1ef1c v\u00e0 s\u1ef1 s\u1ebb chia, m\u1ecdi c\u1ea3m x\u00fac \u0111\u1ec1u \u0111\u01b0\u1ee3c k\u1ebft n\u1ed1i l\u1ea1i, m\u1ed7i ng\u01b0\u1eddi l\u1ea1i m\u1ec9m c\u01b0\u1eddi v\u00e0 ti\u1ebfp t\u1ee5c c\u1ed1 g\u1eafng tr\u00ean h\u00e0nh tr\u00ecnh c\u1ee7a cu\u1ed9c \u0111\u1eddi m\u00ecnh.<\/p>\n","protected":false},"excerpt":{"rendered":"<p>Nh\u1eefng ch\u00e0ng trai \u1edf L\u1ed9c Phong Qu\u00e1n 5 \u2013 K\u1ebft n\u1ed1i nh\u1eefng c\u1ea3m x\u00fac<\/p>\n<p>Cu\u1ed9c s\u1ed1ng v\u1edbi mu\u00f4n v\u00e0n nh\u1eefng b\u1ed9n b\u1ec1 v\u00e0 r\u1eafc r\u1ed1i li\u00ean quan \u0111\u1ebfn chuy\u1ec7n h\u1ecdc h\u00e0nh, chuy\u1ec7n c\u00f4ng vi\u1ec7c hay chuy\u1ec7n t\u00ecnh c\u1ea3m, c\u00f3 th\u1ec3 khi\u1ebfn ta v\u00f4 t\u00ecnh qu\u00ean \u0111i ho\u1eb7c d\u1ea7n d\u1ea7n b\u1ecb b\u00e0o m\u00f2n r\u1ed3i \u0111\u00e1nh m\u1ea5t nh\u1eefng c\u1ea3m x\u00fac t\u00edch c\u1ef1c v\u00e0 t\u01b0\u01a1i \u0111\u1eb9p trong \u0111\u1eddi.<\/p>\n<p>Nh\u1eefng v\u1ecb kh\u00e1ch \u0111\u1ebfn v\u1edbi L\u1ed9c Phong Qu\u00e1n, h\u1ecd mang theo nh\u1eefng c\u1ea3m x\u00fac v\u00e0 t\u00e2m t\u01b0 vui bu\u1ed3n kh\u00e1c nhau. C\u00f3 ng\u01b0\u1eddi v\u00ec ng\u1ea1i ng\u00f9ng, b\u1ed1i r\u1ed1i m\u00e0 kh\u00f4ng d\u00e1m n\u00f3i ra c\u1ea3m x\u00fac th\u1eadt c\u1ee7a m\u00ecnh. C\u00f3 ng\u01b0\u1eddi b\u1ecb nh\u1eefng c\u1ea3m x\u00fac ti\u00eau c\u1ef1c b\u1ee7a v\u00e2y m\u00e0 sinh ra ch\u00e1n ch\u01b0\u1eddng, \u1ee7 r\u0169. C\u00f3 ng\u01b0\u1eddi v\u00ec \u00e1p l\u1ef1c c\u00f4ng vi\u1ec7c m\u00e0 qu\u00ean \u0111i nh\u1eefng quy\u1ebft t\u00e2m, t\u1ef1 tin thu\u1edf ban \u0111\u1ea7u. C\u00f3 ng\u01b0\u1eddi ph\u1ea3i c\u1ed1 g\u1eafng b\u1ecf \u0111i th\u00fa vui c\u1ee7a b\u1ea3n th\u00e2n v\u00ec s\u1ee3 g\u00e2y phi\u1ec1n to\u00e1i cho ng\u01b0\u1eddi th\u00e2n c\u1ee7a m\u00ecnh. Nh\u1eefng c\u00e2u chuy\u1ec7n v\u1edbi v\u00f4 v\u00e0n cung b\u1eadc c\u1ea3m x\u00fac \u1ea5y, t\u1ea5t c\u1ea3 \u0111\u1ec1u s\u1ebd \u0111\u01b0\u1ee3c k\u1ebft n\u1ed1i l\u1ea1i trong t\u1eadp th\u1ee9 n\u0103m c\u1ee7a \u201cNh\u1eefng ch\u00e0ng trai \u1edf L\u1ed9c Phong Qu\u00e1n\u201d.<\/p>\n<p>M\u1edf \u0111\u1ea7u t\u1eadp n\u0103m, t\u00e1c gi\u1ea3 Shimuzu Yu \u0111em \u0111\u1ebfn c\u00e2u chuy\u1ec7n t\u00ecnh c\u1ea3m \u201ckh\u00f4ng bi\u1ebft c\u00f3 ph\u1ea3i l\u00e0 y\u00eau kh\u00f4ng\u201d c\u1ee7a \u201c\u00f4ng ch\u00fa\u201d ph\u00f3ng vi\u00ean Isago. Isago mu\u1ed1n m\u1eddi Hayashi, n\u1eef \u0111\u1ed3ng nghi\u1ec7p tr\u1ebb trung, xinh \u0111\u1eb9p v\u00e0 v\u00f4 c\u00f9ng \u01b0u t\u00fa, \u0111\u1ebfn L\u1ed9c Phong Qu\u00e1n m\u1ed9t l\u1ea7n. Nh\u01b0ng v\u00ec thi\u1ebfu t\u1ef1 tin, ch\u1eb3ng bi\u1ebft ph\u1ea3i m\u1edf l\u1eddi ra sao n\u00ean Isago \u0111\u00e3 nh\u1edd Tsubaki \u201cqu\u00e2n s\u01b0\u201d cho m\u00ecnh.<\/p>\n<p>Ti\u1ebfp theo \u0111\u00f3, s\u1ef1 xu\u1ea5t hi\u1ec7n c\u1ee7a c\u1eadu nh\u00f3c l\u00fac n\u00e0o tr\u00f4ng c\u0169ng ch\u00e1n ch\u01b0\u1eddng v\u00e0 u \u00e1m Watanabe \u0111\u00e3 h\u00e9 l\u1ed9 m\u1ed9t ch\u00fat v\u1ec1 th\u1eddi ni\u00ean thi\u1ebfu c\u1ee7a Gure. M\u1ed9t ng\u01b0\u1eddi v\u00f4 lo v\u00f4 ngh\u0129, lu\u00f4n tr\u00e0n tr\u1ec1 n\u0103ng l\u01b0\u1ee3ng nh\u01b0 Gure s\u1ebd c\u00f3 m\u1ed9t qu\u00e1 kh\u1ee9 nh\u01b0 th\u1ebf n\u00e0o nh\u1ec9?<\/p>\n<p>V\u00e0 c\u0169ng nh\u01b0 nh\u1eefng t\u1eadp tr\u01b0\u1edbc, l\u1ea7n n\u00e0y b\u1ed1n ch\u00e0ng trai l\u1ea1i ti\u1ebfp t\u1ee5c mang \u0111\u1ebfn cho ch\u00fang ta nh\u1eefng m\u00f3n \u0103n v\u00f4 c\u00f9ng h\u1ea5p d\u1eabn. \u0110\u00f3 l\u00e0 m\u00f3n Katsudon kh\u1ea9u ph\u1ea7n l\u1edbn \u0111\u1ea7y th\u1ecfa m\u00e3n, c\u1ed5 v\u0169 cho s\u1ef1 c\u1ed1 g\u1eafng c\u1ee7a m\u1ed7i v\u1ecb kh\u00e1ch. \u0110\u00f3 l\u00e0 m\u00f3n m\u00ec Napolitan h\u01b0\u01a1ng v\u1ecb th\u00e2n thu\u1ed9c c\u1ee7a L\u1ed9c Phong Qu\u00e1n, v\u1ef1c d\u1eady tinh th\u1ea7n cho Koto, ng\u01b0\u1eddi \u0111ang ch\u00ecm trong nh\u1eefng m\u1ec7t m\u1ecfi v\u00ec \u00e1p l\u1ef1c c\u00f4ng vi\u1ec7c. \u0110\u00f3 l\u00e0 m\u00f3n \u0103n v\u1eb7t \u201cb\u00ed m\u1eadt\u201d c\u1ee7a Tsubaki v\u00e0 Tokitaka trong m\u1ed9t bu\u1ed5i chi\u1ec1u c\u1ee7a ng\u00e0y n\u1eafng \u0111\u1eb9p.<\/p>\n<p>Trong t\u1eadp n\u00e0y, L\u1ed9c Phong Qu\u00e1n s\u1ebd ph\u1ea3i chia tay v\u1edbi m\u1ed9t v\u1ecb kh\u00e1ch quen l\u00e0 b\u00e0 Osada, ng\u01b0\u1eddi tham gia l\u1edbp l\u00e0m g\u1ed1m c\u1ee7a Tokitaka. Tr\u01b0\u1edbc khi chuy\u1ec3n \u0111i n\u01a1i kh\u00e1c, b\u00e0 Osada \u0111\u1ebfn nh\u1edd Tokitaka x\u1eed l\u00fd gi\u00fap nh\u1eefng m\u00f3n \u0111\u1ed3 g\u1ed1m m\u00ecnh \u0111\u00e3 l\u00e0m ra m\u00e0 kh\u00f4ng th\u1ec3 mang theo \u0111\u01b0\u1ee3c. V\u00e0 r\u1ed3i, nh\u1eefng ch\u00e0ng trai \u0111\u00e3 \u0111em \u0111\u1ebfn cho b\u00e0 m\u1ed9t b\u1ea5t ng\u1edd trong l\u1ea7n cu\u1ed1i c\u00f9ng \u0111\u1ebfn c\u1eeda ti\u1ec7m. Ngo\u00e0i ra, b\u00ed m\u1eadt v\u1ec1 gia \u0111\u00ecnh Sui c\u0169ng l\u1ea7n \u0111\u1ea7u \u0111\u01b0\u1ee3c b\u1eadt m\u00ed \u1edf t\u1eadp n\u0103m n\u00e0y\u2026<\/p>\n<p>T\u1eebng trang truy\u1ec7n ng\u1eadp tr\u00e0n nh\u1eefng cung b\u1eadc c\u1ea3m x\u00fac kh\u00e1c nhau, \u0111\u01b0a ta \u0111\u1ebfn v\u1edbi nh\u1eefng c\u00e2u chuy\u1ec7n, nh\u1eefng t\u00e2m t\u01b0 t\u00ecnh c\u1ea3m kh\u00f4ng ai gi\u1ed1ng ai c\u1ee7a m\u1ed7i v\u1ecb kh\u00e1ch. V\u00e0 r\u1ed3i, sau t\u1ea5t c\u1ea3, nh\u1edd v\u00e0o \u1ea9m th\u1ef1c v\u00e0 s\u1ef1 s\u1ebb chia, m\u1ecdi c\u1ea3m x\u00fac \u0111\u1ec1u \u0111\u01b0\u1ee3c k\u1ebft n\u1ed1i l\u1ea1i, m\u1ed7i ng\u01b0\u1eddi l\u1ea1i m\u1ec9m c\u01b0\u1eddi v\u00e0 ti\u1ebfp t\u1ee5c c\u1ed1 g\u1eafng tr\u00ean h\u00e0nh tr\u00ecnh c\u1ee7a cu\u1ed9c \u0111\u1eddi m\u00ecnh.<\/p>\n","protected":false},"featured_media":15083,"template":"","meta":{"_acf_changed":false},"product_brand":[],"product_cat":[29],"product_tag":[],"class_list":{"0":"post-15085","1":"product","2":"type-product","3":"status-publish","4":"has-post-thumbnail","6":"product_cat-manga-comics","8":"first","9":"outofstock","10":"taxable","11":"shipping-taxable","12":"purchasable","13":"product-type-simple"},"supplier_id":null,"supplier_sku":"","barcode":null,"atum_controlled":true,"out_stock_date":"2024-08-25 19:41:45","out_stock_threshold":null,"inheritable":false,"inbound_stock":0,"stock_on_hold":0,"sold_today":0,"sales_last_days":0,"reserved_stock":0,"customer_returns":0,"warehouse_damage":0,"lost_in_post":0,"other_logs":0,"out_stock_days":521,"lost_sales":371,"has_location":false,"update_date":"2026-01-28T23:11:23","atum_locations":[],"atum_stock_status":"outofstock","restock_status":false,"low_stock_amount":"","sales_update_date":"2026-01-28T23:11:23","calc_backorders":null,"acf":{"publisher":{"ID":15071,"post_author":"1","post_date":"2021-08-04 14:50:26","post_date_gmt":"2021-08-04 11:50:26","post_content":"","post_title":"SkyComics","post_excerpt":"","post_status":"publish","comment_status":"closed","ping_status":"closed","post_password":"","post_name":"skycomics","to_ping":"","pinged":"","post_modified":"2021-08-04 14:50:26","post_modified_gmt":"2021-08-04 11:50:26","post_content_filtered":"","post_parent":0,"guid":"https:\/\/sachviet.eu\/nha-phat-hanh\/skycomics\/","menu_order":0,"post_type":"publisher","post_mime_type":"","comment_count":"0","filter":"raw"}},"_links":{"self":[{"href":"https:\/\/sachviet.eu\/en\/wp-json\/wp\/v2\/product\/15085","targetHints":{"allow":["GET"]}}],"collection":[{"href":"https:\/\/sachviet.eu\/en\/wp-json\/wp\/v2\/product"}],"about":[{"href":"https:\/\/sachviet.eu\/en\/wp-json\/wp\/v2\/types\/product"}],"wp:featuredmedia":[{"embeddable":true,"href":"https:\/\/sachviet.eu\/en\/wp-json\/wp\/v2\/media\/15083"}],"wp:attachment":[{"href":"https:\/\/sachviet.eu\/en\/wp-json\/wp\/v2\/media?parent=15085"}],"wp:term":[{"taxonomy":"product_brand","embeddable":true,"href":"https:\/\/sachviet.eu\/en\/wp-json\/wp\/v2\/product_brand?post=15085"},{"taxonomy":"product_cat","embeddable":true,"href":"https:\/\/sachviet.eu\/en\/wp-json\/wp\/v2\/product_cat?post=15085"},{"taxonomy":"product_tag","embeddable":true,"href":"https:\/\/sachviet.eu\/en\/wp-json\/wp\/v2\/product_tag?post=15085"}],"curies":[{"name":"wp","href":"https:\/\/api.w.org\/{rel}","templated":true}]}}