{"id":15082,"date":"2021-08-04T14:51:07","date_gmt":"2021-08-04T11:51:07","guid":{"rendered":"https:\/\/sachviet.eu\/shop\/nhung-chang-trai-o-loc-phong-quan-tap-4\/"},"modified":"2024-08-25T22:41:45","modified_gmt":"2024-08-25T19:41:45","slug":"nhung-chang-trai-o-loc-phong-quan-tap-4","status":"publish","type":"product","link":"https:\/\/sachviet.eu\/en\/shop\/nhung-chang-trai-o-loc-phong-quan-tap-4\/","title":{"rendered":"Nh\u1eefng Ch\u00e0ng Trai \u1ede L\u1ed9c Phong Qu\u00e1n &#8211; T\u1eadp 4"},"content":{"rendered":"<p>Nh\u1eefng ch\u00e0ng trai \u1edf L\u1ed9c Phong Qu\u00e1n \u2013 V\u01b0\u1ee3t qua v\u00e0 b\u01b0\u1edbc ti\u1ebfp<\/p>\n<p>Trong cu\u1ed9c s\u1ed1ng \u0111\u1ea7y nh\u1eefng b\u1ed9n b\u1ec1 v\u00e0 h\u1ed1i h\u1ea3, s\u1ebd c\u00f3 nh\u1eefng th\u1eddi \u0111i\u1ec3m ta g\u1eb7p ph\u1ea3i nh\u1eefng th\u00e1ch th\u1ee9c v\u00e0 kh\u00f3 kh\u0103n, bu\u1ed9c ta ph\u1ea3i l\u1ef1a ch\u1ecdn gi\u1eefa l\u00f9i b\u01b0\u1edbc hay ti\u1ebfp t\u1ee5c \u0111\u01b0\u01a1ng \u0111\u1ea7u.<\/p>\n<p>S\u1ebd c\u00f3 l\u00fac ta ph\u1ea3i c\u1ed1 g\u1eafng tho\u00e1t ra kh\u1ecfi nh\u1eefng \u0111\u1ecbnh ki\u1ebfn \u0111\u00e3 \u0103n s\u00e2u v\u00e0o trong tr\u00ed \u00f3c.<\/p>\n<p>S\u1ebd c\u00f3 l\u00fac ta ph\u1ea3i \u0111\u1ed1i m\u1eb7t v\u1edbi qu\u00e1 kh\u1ee9 v\u00e0 n\u1ed7i s\u1ee3 h\u00e3i c\u1ee7a b\u1ea3n th\u00e2n.<\/p>\n<p>S\u1ebd c\u00f3 l\u00fac ta ph\u1ea3i ti\u1ebfp nh\u1eadn mu\u00f4n v\u00e0n nh\u1eefng th\u1eed th\u00e1ch m\u1edbi.<\/p>\n<p>S\u1ebd c\u00f3 l\u00fac ta ph\u1ea3i \u0111\u1ea5u tranh v\u1edbi n\u1ed7i \u0111au v\u00e0 n\u1ed7i c\u00f4 \u0111\u01a1n.<\/p>\n<p>S\u1ebd c\u00f3 l\u00fac ta ph\u1ea3i c\u1ed1 g\u1eafng v\u01b0\u1ee3t qua nh\u1eefng do d\u1ef1, lo l\u1eafng v\u00e0 h\u1ed3i h\u1ed9p.<\/p>\n<p>T\u1ea5t c\u1ea3 nh\u1eefng kh\u00f3 kh\u0103n v\u00e0 th\u1eed th\u00e1ch \u1ea5y, t\u1ea5t c\u1ea3 nh\u1eefng n\u1ed7i vui bu\u1ed3n kh\u00f4ng ai gi\u1ed1ng ai \u1ea5y, b\u1ea1n \u0111\u1ecdc s\u1ebd l\u1ea1i \u0111\u01b0\u1ee3c th\u1ea5y trong t\u1eadp th\u1ee9 t\u01b0 c\u1ee7a b\u1ed9 truy\u1ec7n \u201cNh\u1eefng ch\u00e0ng trai \u1edf L\u1ed9c Phong Qu\u00e1n\u201d.<\/p>\n<p>T\u1eadp b\u1ed1n m\u1edf \u0111\u1ea7u b\u1eb1ng nh\u1eefng l\u1eddi \u0111\u1ed3n v\u1ec1 L\u1ed9c Phong Qu\u00e1n c\u00f9ng v\u1edbi s\u1ef1 xu\u1ea5t hi\u1ec7n c\u1ee7a Neneko, m\u1ed9t c\u00f4 b\u00e9 kh\u00f4ng bao gi\u1edd tin v\u00e0o nh\u1eefng l\u1eddi \u0111\u1ed3n v\u00e0 cho r\u1eb1ng nh\u1eefng \u0111\u00e1nh gi\u00e1 \u1edf tr\u00ean m\u1ea1ng \u0111\u1ec1u kh\u00f4ng \u0111\u00e1ng tin. V\u1eady l\u00e0 Gure l\u1ea1i c\u00f3 d\u1ecbp \u0111\u01b0\u1ee3c ph\u00f4 b\u00e0y k\u1ef9 n\u0103ng v\u1ebd latte art \u0111i\u1ec7u ngh\u1ec7 c\u1ee7a m\u00ecnh.<\/p>\n<p>B\u1ea1n c\u0169ng s\u1ebd \u0111\u01b0\u1ee3c quay ng\u01b0\u1ee3c th\u1eddi gian, v\u1ec1 l\u1ea1i qu\u00e1 kh\u1ee9 \u0111\u1ea7y b\u00ed m\u1eadt c\u1ee7a Sui \u0111\u1ec3 th\u1ea5y \u0111\u01b0\u1ee3c h\u00e0nh tr\u00ecnh \u201ch\u1ed3i sinh\u201d L\u1ed9c Phong Qu\u00e1n c\u1ee7a anh. T\u1ea1i \u0111\u00e2y, ta s\u1ebd b\u1eaft g\u1eb7p m\u1ed9t h\u00ecnh \u1ea3nh kh\u00e1c c\u1ee7a anh ch\u00e0ng ch\u1ee7 ti\u1ec7m cu\u1ed3ng m\u00e8o \u1ea5y.<\/p>\n<p>Kh\u00f4ng ch\u1ec9 quay ng\u01b0\u1ee3c th\u1eddi gian m\u00e0 \u1edf t\u1eadp n\u00e0y, t\u00e1c gi\u1ea3 Shimizu Yuu c\u00f2n cho ch\u00fang ta v\u01b0\u1ee3t ra kh\u1ecfi kh\u00f4ng gian c\u1ee7a L\u1ed9c Phong Qu\u00e1n \u0111\u1ec3 d\u00f5i theo k\u1ef3 ngh\u1ec9 h\u00e8 b\u00ean b\u1edd bi\u1ec3n \u0111\u1ea7y \u201cb\u00e3o t\u00e1p\u201d v\u00e0 v\u00f4 c\u00f9ng \u201ck\u1ecbch t\u00ednh\u201d c\u1ee7a b\u1ed1n ch\u00e0ng trai. C\u1edfi b\u1ecf chi\u1ebfc kimono truy\u1ec1n th\u1ed1ng, nh\u1eefng anh ch\u00e0ng c\u1ee7a ch\u00fang ta s\u1ebd ph\u1ea3i \u0111\u1ed1i m\u1eb7t v\u1edbi th\u1eed th\u00e1ch n\u00e0o \u0111\u00e2y?<\/p>\n<p>Tr\u1edf v\u1ec1 L\u1ed9c Phong Qu\u00e1n, c\u1eeda ti\u1ec7m l\u1ea1i ti\u1ebfp \u0111\u00f3n m\u1ed9t v\u1ecb kh\u00e1ch m\u1edbi mang theo n\u1ed7i bu\u1ed3n v\u00e0 n\u1ed7i c\u00f4 \u0111\u01a1n sau khi v\u1ee3 qua \u0111\u1eddi. Sau nh\u1eefng th\u00e1ng ng\u00e0y m\u1ed9t m\u00ecnh quanh qu\u1ea9n trong c\u0103n nh\u00e0 tr\u1ed1ng v\u1eafng, v\u1ecb kh\u00e1ch \u1ea5y \u0111\u00e3 quy\u1ebft \u0111\u1ecbnh ra ngo\u00e0i thay \u0111\u1ed5i kh\u00f4ng kh\u00ed v\u00e0 \u0111\u1eb7t ch\u00e2n t\u1edbi c\u1eeda ti\u1ec7m, v\u00e0o \u0111\u00fang ng\u00e0y Tokitaka ph\u1ee5c v\u1ee5 m\u1ed9t m\u00f3n \u0103n b\u00ed m\u1eadt kh\u00f4ng-c\u00f3-trong-th\u1ef1c-\u0111\u01a1n!<\/p>\n<p>V\u00e0 m\u1ed9t ng\u00e0y n\u1ecd trong khi \u0111i d\u1ea1o ph\u1ed1, Sui v\u00e0 Tsubaki c\u00f3 gh\u00e9 v\u00e0o m\u1ed9t ti\u1ec7m c\u00e0 ph\u00ea n\u1ed5i ti\u1ebfng r\u1ed3i g\u1ecdi m\u00f3n b\u00e1nh \u0111\u1eb7c bi\u1ec7t gi\u1edbi h\u1ea1n theo m\u00f9a. N\u00e0o ng\u1edd \u0111\u00e2u, ng\u01b0\u1eddi l\u00e0m ra m\u00f3n b\u00e1nh \u1ea5y l\u1ea1i l\u00e0 Tsunozaki, \u0111\u1ec3 r\u1ed3i sau \u0111\u00f3 Tsubaki ph\u1ea3i \u0111\u1ed1i m\u1eb7t v\u1edbi m\u1ed9t th\u1eed th\u00e1ch khi\u1ebfn c\u1eadu v\u00f4 c\u00f9ng lo l\u1eafng v\u00e0 h\u1ed3i h\u1ed9p.<\/p>\n<p>C\u1ee9 th\u1ebf, nh\u1eefng kh\u00f3 kh\u0103n mu\u00f4n h\u00ecnh mu\u00f4n tr\u1ea1ng m\u00e0 ta c\u00f3 th\u1ec3 g\u1eb7p trong \u0111\u1eddi c\u1ee9 l\u1ea7n l\u01b0\u1ee3t hi\u1ec7n ra qua t\u1eebng trang truy\u1ec7n. V\u00e0 nh\u1eefng con ng\u01b0\u1eddi trong c\u00e1c c\u00e2u chuy\u1ec7n \u1ea5y, nh\u1edd \u1ea9m th\u1ef1c v\u00e0 s\u1ebb chia c\u1ee7a b\u1ed1n ch\u00e0ng trai \u1edf L\u1ed9c Phong Qu\u00e1n \u0111\u00e3 t\u00ecm l\u1ea1i \u0111\u01b0\u1ee3c ni\u1ec1m vui s\u1ed1ng \u0111\u1ec3 v\u01b0\u1ee3t qua v\u00e0 b\u01b0\u1edbc ti\u1ebfp tr\u00ean ch\u1eb7ng \u0111\u01b0\u1eddng ph\u00eda tr\u01b0\u1edbc.<\/p>\n","protected":false},"excerpt":{"rendered":"<p>Nh\u1eefng ch\u00e0ng trai \u1edf L\u1ed9c Phong Qu\u00e1n \u2013 V\u01b0\u1ee3t qua v\u00e0 b\u01b0\u1edbc ti\u1ebfp<\/p>\n<p>Trong cu\u1ed9c s\u1ed1ng \u0111\u1ea7y nh\u1eefng b\u1ed9n b\u1ec1 v\u00e0 h\u1ed1i h\u1ea3, s\u1ebd c\u00f3 nh\u1eefng th\u1eddi \u0111i\u1ec3m ta g\u1eb7p ph\u1ea3i nh\u1eefng th\u00e1ch th\u1ee9c v\u00e0 kh\u00f3 kh\u0103n, bu\u1ed9c ta ph\u1ea3i l\u1ef1a ch\u1ecdn gi\u1eefa l\u00f9i b\u01b0\u1edbc hay ti\u1ebfp t\u1ee5c \u0111\u01b0\u01a1ng \u0111\u1ea7u.<\/p>\n<p>S\u1ebd c\u00f3 l\u00fac ta ph\u1ea3i c\u1ed1 g\u1eafng tho\u00e1t ra kh\u1ecfi nh\u1eefng \u0111\u1ecbnh ki\u1ebfn \u0111\u00e3 \u0103n s\u00e2u v\u00e0o trong tr\u00ed \u00f3c.<\/p>\n<p>S\u1ebd c\u00f3 l\u00fac ta ph\u1ea3i \u0111\u1ed1i m\u1eb7t v\u1edbi qu\u00e1 kh\u1ee9 v\u00e0 n\u1ed7i s\u1ee3 h\u00e3i c\u1ee7a b\u1ea3n th\u00e2n.<\/p>\n<p>S\u1ebd c\u00f3 l\u00fac ta ph\u1ea3i ti\u1ebfp nh\u1eadn mu\u00f4n v\u00e0n nh\u1eefng th\u1eed th\u00e1ch m\u1edbi.<\/p>\n<p>S\u1ebd c\u00f3 l\u00fac ta ph\u1ea3i \u0111\u1ea5u tranh v\u1edbi n\u1ed7i \u0111au v\u00e0 n\u1ed7i c\u00f4 \u0111\u01a1n.<\/p>\n<p>S\u1ebd c\u00f3 l\u00fac ta ph\u1ea3i c\u1ed1 g\u1eafng v\u01b0\u1ee3t qua nh\u1eefng do d\u1ef1, lo l\u1eafng v\u00e0 h\u1ed3i h\u1ed9p.<\/p>\n<p>T\u1ea5t c\u1ea3 nh\u1eefng kh\u00f3 kh\u0103n v\u00e0 th\u1eed th\u00e1ch \u1ea5y, t\u1ea5t c\u1ea3 nh\u1eefng n\u1ed7i vui bu\u1ed3n kh\u00f4ng ai gi\u1ed1ng ai \u1ea5y, b\u1ea1n \u0111\u1ecdc s\u1ebd l\u1ea1i \u0111\u01b0\u1ee3c th\u1ea5y trong t\u1eadp th\u1ee9 t\u01b0 c\u1ee7a b\u1ed9 truy\u1ec7n \u201cNh\u1eefng ch\u00e0ng trai \u1edf L\u1ed9c Phong Qu\u00e1n\u201d.<\/p>\n<p>T\u1eadp b\u1ed1n m\u1edf \u0111\u1ea7u b\u1eb1ng nh\u1eefng l\u1eddi \u0111\u1ed3n v\u1ec1 L\u1ed9c Phong Qu\u00e1n c\u00f9ng v\u1edbi s\u1ef1 xu\u1ea5t hi\u1ec7n c\u1ee7a Neneko, m\u1ed9t c\u00f4 b\u00e9 kh\u00f4ng bao gi\u1edd tin v\u00e0o nh\u1eefng l\u1eddi \u0111\u1ed3n v\u00e0 cho r\u1eb1ng nh\u1eefng \u0111\u00e1nh gi\u00e1 \u1edf tr\u00ean m\u1ea1ng \u0111\u1ec1u kh\u00f4ng \u0111\u00e1ng tin. V\u1eady l\u00e0 Gure l\u1ea1i c\u00f3 d\u1ecbp \u0111\u01b0\u1ee3c ph\u00f4 b\u00e0y k\u1ef9 n\u0103ng v\u1ebd latte art \u0111i\u1ec7u ngh\u1ec7 c\u1ee7a m\u00ecnh.<\/p>\n<p>B\u1ea1n c\u0169ng s\u1ebd \u0111\u01b0\u1ee3c quay ng\u01b0\u1ee3c th\u1eddi gian, v\u1ec1 l\u1ea1i qu\u00e1 kh\u1ee9 \u0111\u1ea7y b\u00ed m\u1eadt c\u1ee7a Sui \u0111\u1ec3 th\u1ea5y \u0111\u01b0\u1ee3c h\u00e0nh tr\u00ecnh \u201ch\u1ed3i sinh\u201d L\u1ed9c Phong Qu\u00e1n c\u1ee7a anh. T\u1ea1i \u0111\u00e2y, ta s\u1ebd b\u1eaft g\u1eb7p m\u1ed9t h\u00ecnh \u1ea3nh kh\u00e1c c\u1ee7a anh ch\u00e0ng ch\u1ee7 ti\u1ec7m cu\u1ed3ng m\u00e8o \u1ea5y.<\/p>\n<p>Kh\u00f4ng ch\u1ec9 quay ng\u01b0\u1ee3c th\u1eddi gian m\u00e0 \u1edf t\u1eadp n\u00e0y, t\u00e1c gi\u1ea3 Shimizu Yuu c\u00f2n cho ch\u00fang ta v\u01b0\u1ee3t ra kh\u1ecfi kh\u00f4ng gian c\u1ee7a L\u1ed9c Phong Qu\u00e1n \u0111\u1ec3 d\u00f5i theo k\u1ef3 ngh\u1ec9 h\u00e8 b\u00ean b\u1edd bi\u1ec3n \u0111\u1ea7y \u201cb\u00e3o t\u00e1p\u201d v\u00e0 v\u00f4 c\u00f9ng \u201ck\u1ecbch t\u00ednh\u201d c\u1ee7a b\u1ed1n ch\u00e0ng trai. C\u1edfi b\u1ecf chi\u1ebfc kimono truy\u1ec1n th\u1ed1ng, nh\u1eefng anh ch\u00e0ng c\u1ee7a ch\u00fang ta s\u1ebd ph\u1ea3i \u0111\u1ed1i m\u1eb7t v\u1edbi th\u1eed th\u00e1ch n\u00e0o \u0111\u00e2y?<\/p>\n<p>Tr\u1edf v\u1ec1 L\u1ed9c Phong Qu\u00e1n, c\u1eeda ti\u1ec7m l\u1ea1i ti\u1ebfp \u0111\u00f3n m\u1ed9t v\u1ecb kh\u00e1ch m\u1edbi mang theo n\u1ed7i bu\u1ed3n v\u00e0 n\u1ed7i c\u00f4 \u0111\u01a1n sau khi v\u1ee3 qua \u0111\u1eddi. Sau nh\u1eefng th\u00e1ng ng\u00e0y m\u1ed9t m\u00ecnh quanh qu\u1ea9n trong c\u0103n nh\u00e0 tr\u1ed1ng v\u1eafng, v\u1ecb kh\u00e1ch \u1ea5y \u0111\u00e3 quy\u1ebft \u0111\u1ecbnh ra ngo\u00e0i thay \u0111\u1ed5i kh\u00f4ng kh\u00ed v\u00e0 \u0111\u1eb7t ch\u00e2n t\u1edbi c\u1eeda ti\u1ec7m, v\u00e0o \u0111\u00fang ng\u00e0y Tokitaka ph\u1ee5c v\u1ee5 m\u1ed9t m\u00f3n \u0103n b\u00ed m\u1eadt kh\u00f4ng-c\u00f3-trong-th\u1ef1c-\u0111\u01a1n!<\/p>\n<p>V\u00e0 m\u1ed9t ng\u00e0y n\u1ecd trong khi \u0111i d\u1ea1o ph\u1ed1, Sui v\u00e0 Tsubaki c\u00f3 gh\u00e9 v\u00e0o m\u1ed9t ti\u1ec7m c\u00e0 ph\u00ea n\u1ed5i ti\u1ebfng r\u1ed3i g\u1ecdi m\u00f3n b\u00e1nh \u0111\u1eb7c bi\u1ec7t gi\u1edbi h\u1ea1n theo m\u00f9a. N\u00e0o ng\u1edd \u0111\u00e2u, ng\u01b0\u1eddi l\u00e0m ra m\u00f3n b\u00e1nh \u1ea5y l\u1ea1i l\u00e0 Tsunozaki, \u0111\u1ec3 r\u1ed3i sau \u0111\u00f3 Tsubaki ph\u1ea3i \u0111\u1ed1i m\u1eb7t v\u1edbi m\u1ed9t th\u1eed th\u00e1ch khi\u1ebfn c\u1eadu v\u00f4 c\u00f9ng lo l\u1eafng v\u00e0 h\u1ed3i h\u1ed9p.<\/p>\n<p>C\u1ee9 th\u1ebf, nh\u1eefng kh\u00f3 kh\u0103n mu\u00f4n h\u00ecnh mu\u00f4n tr\u1ea1ng m\u00e0 ta c\u00f3 th\u1ec3 g\u1eb7p trong \u0111\u1eddi c\u1ee9 l\u1ea7n l\u01b0\u1ee3t hi\u1ec7n ra qua t\u1eebng trang truy\u1ec7n. V\u00e0 nh\u1eefng con ng\u01b0\u1eddi trong c\u00e1c c\u00e2u chuy\u1ec7n \u1ea5y, nh\u1edd \u1ea9m th\u1ef1c v\u00e0 s\u1ebb chia c\u1ee7a b\u1ed1n ch\u00e0ng trai \u1edf L\u1ed9c Phong Qu\u00e1n \u0111\u00e3 t\u00ecm l\u1ea1i \u0111\u01b0\u1ee3c ni\u1ec1m vui s\u1ed1ng \u0111\u1ec3 v\u01b0\u1ee3t qua v\u00e0 b\u01b0\u1edbc ti\u1ebfp tr\u00ean ch\u1eb7ng \u0111\u01b0\u1eddng ph\u00eda tr\u01b0\u1edbc.<\/p>\n","protected":false},"featured_media":15080,"template":"","meta":{"_acf_changed":false},"product_brand":[],"product_cat":[29],"product_tag":[],"class_list":{"0":"post-15082","1":"product","2":"type-product","3":"status-publish","4":"has-post-thumbnail","6":"product_cat-manga-comics","8":"first","9":"outofstock","10":"taxable","11":"shipping-taxable","12":"purchasable","13":"product-type-simple"},"supplier_id":null,"supplier_sku":"","barcode":null,"atum_controlled":true,"out_stock_date":"2024-08-25 19:41:45","out_stock_threshold":null,"inheritable":false,"inbound_stock":0,"stock_on_hold":0,"sold_today":0,"sales_last_days":0,"reserved_stock":0,"customer_returns":0,"warehouse_damage":0,"lost_in_post":0,"other_logs":0,"out_stock_days":521,"lost_sales":371,"has_location":false,"update_date":"2026-01-28T23:11:23","atum_locations":[],"atum_stock_status":"outofstock","restock_status":false,"low_stock_amount":"","sales_update_date":"2026-01-28T23:11:23","calc_backorders":null,"acf":{"publisher":{"ID":15071,"post_author":"1","post_date":"2021-08-04 14:50:26","post_date_gmt":"2021-08-04 11:50:26","post_content":"","post_title":"SkyComics","post_excerpt":"","post_status":"publish","comment_status":"closed","ping_status":"closed","post_password":"","post_name":"skycomics","to_ping":"","pinged":"","post_modified":"2021-08-04 14:50:26","post_modified_gmt":"2021-08-04 11:50:26","post_content_filtered":"","post_parent":0,"guid":"https:\/\/sachviet.eu\/nha-phat-hanh\/skycomics\/","menu_order":0,"post_type":"publisher","post_mime_type":"","comment_count":"0","filter":"raw"}},"_links":{"self":[{"href":"https:\/\/sachviet.eu\/en\/wp-json\/wp\/v2\/product\/15082","targetHints":{"allow":["GET"]}}],"collection":[{"href":"https:\/\/sachviet.eu\/en\/wp-json\/wp\/v2\/product"}],"about":[{"href":"https:\/\/sachviet.eu\/en\/wp-json\/wp\/v2\/types\/product"}],"wp:featuredmedia":[{"embeddable":true,"href":"https:\/\/sachviet.eu\/en\/wp-json\/wp\/v2\/media\/15080"}],"wp:attachment":[{"href":"https:\/\/sachviet.eu\/en\/wp-json\/wp\/v2\/media?parent=15082"}],"wp:term":[{"taxonomy":"product_brand","embeddable":true,"href":"https:\/\/sachviet.eu\/en\/wp-json\/wp\/v2\/product_brand?post=15082"},{"taxonomy":"product_cat","embeddable":true,"href":"https:\/\/sachviet.eu\/en\/wp-json\/wp\/v2\/product_cat?post=15082"},{"taxonomy":"product_tag","embeddable":true,"href":"https:\/\/sachviet.eu\/en\/wp-json\/wp\/v2\/product_tag?post=15082"}],"curies":[{"name":"wp","href":"https:\/\/api.w.org\/{rel}","templated":true}]}}