{"id":15079,"date":"2021-08-04T14:50:57","date_gmt":"2021-08-04T11:50:57","guid":{"rendered":"https:\/\/sachviet.eu\/shop\/nhung-chang-trai-o-loc-phong-quan-tap-3\/"},"modified":"2024-08-25T22:41:45","modified_gmt":"2024-08-25T19:41:45","slug":"nhung-chang-trai-o-loc-phong-quan-tap-3","status":"publish","type":"product","link":"https:\/\/sachviet.eu\/en\/shop\/nhung-chang-trai-o-loc-phong-quan-tap-3\/","title":{"rendered":"Nh\u1eefng Ch\u00e0ng Trai \u1ede L\u1ed9c Phong Qu\u00e1n &#8211; T\u1eadp 3"},"content":{"rendered":"<p>Gi\u1eefa cu\u1ed9c \u0111\u1eddi b\u1ed9n b\u1ec1 nh\u1eefng lo toan v\u00e0 tranh \u0111\u1ea5u, c\u00f3 kh\u00f4ng \u00edt th\u1eddi \u0111i\u1ec3m ch\u00fang ta s\u1eefng l\u1ea1i, v\u00e0 nh\u1eadn ra m\u00ecnh \u0111\u00e3 m\u1ea5t \u0111i m\u1ed9t \u0111i\u1ec1u g\u00ec \u0111\u00f3 v\u00f4 c\u00f9ng l\u1edbn lao.<\/p>\n<p>Ai \u0111\u00f3 \u0111\u00e1nh m\u1ea5t \u0111\u1ed9ng l\u1ef1c \u0111\u1ec3 l\u1ea1c quan vui s\u1ed1ng<\/p>\n<p>Ai \u0111\u00f3 \u0111\u00e1nh m\u1ea5t m\u1ed1i li\u00ean k\u1ebft t\u00ecnh c\u1ea3m v\u1edbi ng\u01b0\u1eddi t\u1eebng m\u1ed9t th\u1eddi l\u00e0 m\u00e1u m\u1ee7 ru\u1ed9t th\u1ecbt<\/p>\n<p>Ai \u0111\u00f3 \u0111\u00e1nh m\u1ea5t ni\u1ec1m tin c\u1ee7a ng\u01b0\u1eddi b\u1ea1n \u0111\u1eddi v\u00e0o m\u1ed9t m\u1ee5c ti\u00eau m\u00e0 c\u1ea3 hai c\u00f9ng theo \u0111u\u1ed5i<\/p>\n<p>Ai \u0111\u00f3 \u0111\u1ee9ng tr\u00ean b\u1edd v\u1ef1c m\u1ea5t \u0111i ng\u01b0\u1eddi b\u1ea1n m\u00e0 h\u1ecd v\u00f4 c\u00f9ng tr\u00e2n qu\u00fd<\/p>\n<p>&#8230;<\/p>\n<p>Nh\u1eefng lo l\u1eafng bu\u1ed3n vui n\u1eb7ng tr\u0129u t\u00e2m t\u01b0 \u1ea5y, b\u1ea1n \u0111\u1ecdc s\u1ebd m\u1ed9t l\u1ea7n n\u1eefa th\u1ea5y l\u1ea1i trong t\u1eadp th\u1ee9 ba c\u1ee7a b\u1ed9 truy\u1ec7n \u201cNh\u1eefng ch\u00e0ng trai \u1edf L\u1ed9c Phong Qu\u00e1n\u201d.<\/p>\n<p>T\u1eadp ba m\u1edf \u0111\u1ea7u v\u00e0o th\u1eddi \u0111i\u1ec3m \u201cC\u0103n b\u1ec7nh th\u00e1ng 5\u201d ho\u00e0nh h\u00e0nh khi\u1ebfn c\u00e1c ch\u00e0ng trai ph\u1ea3i h\u1ee3p l\u1ef1c ngh\u0129 ra ph\u01b0\u01a1ng \u00e1n gi\u00fap \u0111\u1ee1 nh\u1eefng th\u1ef1c kh\u00e1ch \u0111ang \u00e2u s\u1ea7u \u1ee7 d\u1ed9t. \u0110\u00e2y c\u0169ng l\u00e0 l\u1ea7n \u0111\u1ea7u ti\u00ean sau 10 ch\u01b0\u01a1ng truy\u1ec7n, s\u1ef1 l\u1ea1c quan b\u1ea5t ch\u1ea5p c\u1ee7a Gure gi\u00fap anh \u201ct\u1ecfa s\u00e1ng\u201d.<\/p>\n<p>M\u1ed9t ch\u00fa m\u00e8o v\u00f4 t\u00ecnh \u0111i l\u1ea1c v\u00e0o L\u1ed9c Phong Qu\u00e1n \u0111\u00e1nh th\u1ee9c tr\u00e1i tim cu\u1ed3ng m\u00e8o v\u1ed1n ch\u01b0a bao gi\u1edd y\u00ean ng\u1ee7 c\u1ee7a Sui, mang \u0111\u1ebfn m\u1ed9t ch\u01b0\u01a1ng truy\u1ec7n \u0111\u1ea7y \u1eafp ti\u1ebfng c\u01b0\u1eddi. Ng\u01b0\u1eddi ch\u1ee7 ti\u1ec7m L\u1ed9c Phong Qu\u00e1n \u1ea5y, ch\u00e0ng trai cu\u1ed3ng m\u00e8o \u0111\u1ebfn ng\u1edb ng\u1ea9n \u1ea5y, s\u1ebd l\u00e0m th\u1ebf n\u00e0o khi b\u1ea5t ng\u1edd g\u1eb7p l\u1ea1i ng\u01b0\u1eddi anh song sinh t\u1ea1i ch\u00ednh qu\u00e1n tr\u00e0 l\u01b0u d\u1ea5u bao k\u1ec9 ni\u1ec7m?<\/p>\n<p>M\u1ed9t c\u1eb7p v\u1ee3 ch\u1ed3ng kh\u00f4ng th\u1ec3 c\u00f9ng nhau gi\u1ea3m c\u00e2n l\u00e0 nh\u1eefng v\u1ecb kh\u00e1ch h\u00e0ng ti\u1ebfp theo c\u1ee7a L\u1ed9c Phong Qu\u00e1n. C\u1ea7n gi\u1ea3m c\u00e2n nh\u01b0ng l\u1ea1i \u0111\u1ebfn ti\u1ec7m c\u00e0 ph\u00ea d\u00f9ng b\u1eefa, m\u1edbi nghe th\u00ec r\u1ea5t v\u00f4 l\u00ed, nh\u01b0ng h\u00f3a ra, l\u1ea1i h\u1ee3p l\u00ed kh\u00f4ng ng\u1edd. H\u1ee3p l\u00ed nh\u01b0 th\u1ebf n\u00e0o, h\u00e3y \u0111\u1ec3 t\u00e1c gi\u1ea3 Shimizu Yu h\u00e9 l\u1ed9 cho c\u00e1c b\u1ea1n nh\u00e9.<\/p>\n<p>\u201cNh\u1eefng ch\u00e0ng trai \u1edf L\u1ed9c Phong Qu\u00e1n\u201d t\u1eadp 3 c\u0169ng mang \u0111\u1ebfn cho \u0111\u1ed9c gi\u1ea3 c\u00e2u chuy\u1ec7n th\u00fa v\u1ecb x\u1ea3y ra trong k\u00ec ngh\u1ec9 h\u00e8 c\u1ee7a c\u00f4 b\u00e9 Kotsuru &#8211; ch\u00e1u g\u00e1i \u00f4ng ch\u1ee7 ti\u1ec7m tr\u00e0. M\u1ed9t ch\u00fat m\u00f9a h\u00e8 ch\u00f3i chang n\u1eafng, r\u1ec9 r\u1ea3 ti\u1ebfng ve v\u00e0 tho\u1ea3ng \u0111\u1eafng v\u1ecb matcha, \u0111\u01b0\u1ee3c nh\u1ea5m nh\u00e1p v\u00e0o nh\u1eefng ng\u00e0y \u0111\u1ea7u thu ch\u1eafc ch\u1eafn s\u1ebd mang l\u1ea1i cho \u0111\u1ed9c gi\u1ea3 c\u1ee7a L\u1ed9c Phong Qu\u00e1n nh\u1eefng tr\u1ea3i nghi\u1ec7m th\u00fa v\u1ecb.<\/p>\n<p>V\u00e0 nh\u01b0 th\u1ebf, t\u1eebng ch\u00fat t\u1eebng ch\u00fat nh\u1eefng \u0111i\u1ec1u m\u00e0 th\u1ef1c kh\u00e1ch c\u1ee7a L\u1ed9c Phong Qu\u00e1n \u0111\u00e1nh m\u1ea5t gi\u1eefa cu\u1ed9c s\u1ed1ng h\u1ed1i h\u1ea3 ngo\u00e0i kia \u0111\u00e3 \u0111\u01b0\u1ee3c b\u1ed1n ch\u00e0ng trai t\u00ecm l\u1ea1i, th\u00f4ng qua \u1ea9m th\u1ef1c v\u00e0 nh\u1eefng s\u1ebb chia gi\u00fap xoa d\u1ecbu t\u00e2m h\u1ed3n.<\/p>\n","protected":false},"excerpt":{"rendered":"<p>Gi\u1eefa cu\u1ed9c \u0111\u1eddi b\u1ed9n b\u1ec1 nh\u1eefng lo toan v\u00e0 tranh \u0111\u1ea5u, c\u00f3 kh\u00f4ng \u00edt th\u1eddi \u0111i\u1ec3m ch\u00fang ta s\u1eefng l\u1ea1i, v\u00e0 nh\u1eadn ra m\u00ecnh \u0111\u00e3 m\u1ea5t \u0111i m\u1ed9t \u0111i\u1ec1u g\u00ec \u0111\u00f3 v\u00f4 c\u00f9ng l\u1edbn lao.<\/p>\n<p>Ai \u0111\u00f3 \u0111\u00e1nh m\u1ea5t \u0111\u1ed9ng l\u1ef1c \u0111\u1ec3 l\u1ea1c quan vui s\u1ed1ng<\/p>\n<p>Ai \u0111\u00f3 \u0111\u00e1nh m\u1ea5t m\u1ed1i li\u00ean k\u1ebft t\u00ecnh c\u1ea3m v\u1edbi ng\u01b0\u1eddi t\u1eebng m\u1ed9t th\u1eddi l\u00e0 m\u00e1u m\u1ee7 ru\u1ed9t th\u1ecbt<\/p>\n<p>Ai \u0111\u00f3 \u0111\u00e1nh m\u1ea5t ni\u1ec1m tin c\u1ee7a ng\u01b0\u1eddi b\u1ea1n \u0111\u1eddi v\u00e0o m\u1ed9t m\u1ee5c ti\u00eau m\u00e0 c\u1ea3 hai c\u00f9ng theo \u0111u\u1ed5i<\/p>\n<p>Ai \u0111\u00f3 \u0111\u1ee9ng tr\u00ean b\u1edd v\u1ef1c m\u1ea5t \u0111i ng\u01b0\u1eddi b\u1ea1n m\u00e0 h\u1ecd v\u00f4 c\u00f9ng tr\u00e2n qu\u00fd<\/p>\n<p>&#8230;<\/p>\n<p>Nh\u1eefng lo l\u1eafng bu\u1ed3n vui n\u1eb7ng tr\u0129u t\u00e2m t\u01b0 \u1ea5y, b\u1ea1n \u0111\u1ecdc s\u1ebd m\u1ed9t l\u1ea7n n\u1eefa th\u1ea5y l\u1ea1i trong t\u1eadp th\u1ee9 ba c\u1ee7a b\u1ed9 truy\u1ec7n \u201cNh\u1eefng ch\u00e0ng trai \u1edf L\u1ed9c Phong Qu\u00e1n\u201d.<\/p>\n<p>T\u1eadp ba m\u1edf \u0111\u1ea7u v\u00e0o th\u1eddi \u0111i\u1ec3m \u201cC\u0103n b\u1ec7nh th\u00e1ng 5\u201d ho\u00e0nh h\u00e0nh khi\u1ebfn c\u00e1c ch\u00e0ng trai ph\u1ea3i h\u1ee3p l\u1ef1c ngh\u0129 ra ph\u01b0\u01a1ng \u00e1n gi\u00fap \u0111\u1ee1 nh\u1eefng th\u1ef1c kh\u00e1ch \u0111ang \u00e2u s\u1ea7u \u1ee7 d\u1ed9t. \u0110\u00e2y c\u0169ng l\u00e0 l\u1ea7n \u0111\u1ea7u ti\u00ean sau 10 ch\u01b0\u01a1ng truy\u1ec7n, s\u1ef1 l\u1ea1c quan b\u1ea5t ch\u1ea5p c\u1ee7a Gure gi\u00fap anh \u201ct\u1ecfa s\u00e1ng\u201d.<\/p>\n<p>M\u1ed9t ch\u00fa m\u00e8o v\u00f4 t\u00ecnh \u0111i l\u1ea1c v\u00e0o L\u1ed9c Phong Qu\u00e1n \u0111\u00e1nh th\u1ee9c tr\u00e1i tim cu\u1ed3ng m\u00e8o v\u1ed1n ch\u01b0a bao gi\u1edd y\u00ean ng\u1ee7 c\u1ee7a Sui, mang \u0111\u1ebfn m\u1ed9t ch\u01b0\u01a1ng truy\u1ec7n \u0111\u1ea7y \u1eafp ti\u1ebfng c\u01b0\u1eddi. Ng\u01b0\u1eddi ch\u1ee7 ti\u1ec7m L\u1ed9c Phong Qu\u00e1n \u1ea5y, ch\u00e0ng trai cu\u1ed3ng m\u00e8o \u0111\u1ebfn ng\u1edb ng\u1ea9n \u1ea5y, s\u1ebd l\u00e0m th\u1ebf n\u00e0o khi b\u1ea5t ng\u1edd g\u1eb7p l\u1ea1i ng\u01b0\u1eddi anh song sinh t\u1ea1i ch\u00ednh qu\u00e1n tr\u00e0 l\u01b0u d\u1ea5u bao k\u1ec9 ni\u1ec7m?<\/p>\n<p>M\u1ed9t c\u1eb7p v\u1ee3 ch\u1ed3ng kh\u00f4ng th\u1ec3 c\u00f9ng nhau gi\u1ea3m c\u00e2n l\u00e0 nh\u1eefng v\u1ecb kh\u00e1ch h\u00e0ng ti\u1ebfp theo c\u1ee7a L\u1ed9c Phong Qu\u00e1n. C\u1ea7n gi\u1ea3m c\u00e2n nh\u01b0ng l\u1ea1i \u0111\u1ebfn ti\u1ec7m c\u00e0 ph\u00ea d\u00f9ng b\u1eefa, m\u1edbi nghe th\u00ec r\u1ea5t v\u00f4 l\u00ed, nh\u01b0ng h\u00f3a ra, l\u1ea1i h\u1ee3p l\u00ed kh\u00f4ng ng\u1edd. H\u1ee3p l\u00ed nh\u01b0 th\u1ebf n\u00e0o, h\u00e3y \u0111\u1ec3 t\u00e1c gi\u1ea3 Shimizu Yu h\u00e9 l\u1ed9 cho c\u00e1c b\u1ea1n nh\u00e9.<\/p>\n<p>\u201cNh\u1eefng ch\u00e0ng trai \u1edf L\u1ed9c Phong Qu\u00e1n\u201d t\u1eadp 3 c\u0169ng mang \u0111\u1ebfn cho \u0111\u1ed9c gi\u1ea3 c\u00e2u chuy\u1ec7n th\u00fa v\u1ecb x\u1ea3y ra trong k\u00ec ngh\u1ec9 h\u00e8 c\u1ee7a c\u00f4 b\u00e9 Kotsuru &#8211; ch\u00e1u g\u00e1i \u00f4ng ch\u1ee7 ti\u1ec7m tr\u00e0. M\u1ed9t ch\u00fat m\u00f9a h\u00e8 ch\u00f3i chang n\u1eafng, r\u1ec9 r\u1ea3 ti\u1ebfng ve v\u00e0 tho\u1ea3ng \u0111\u1eafng v\u1ecb matcha, \u0111\u01b0\u1ee3c nh\u1ea5m nh\u00e1p v\u00e0o nh\u1eefng ng\u00e0y \u0111\u1ea7u thu ch\u1eafc ch\u1eafn s\u1ebd mang l\u1ea1i cho \u0111\u1ed9c gi\u1ea3 c\u1ee7a L\u1ed9c Phong Qu\u00e1n nh\u1eefng tr\u1ea3i nghi\u1ec7m th\u00fa v\u1ecb.<\/p>\n<p>V\u00e0 nh\u01b0 th\u1ebf, t\u1eebng ch\u00fat t\u1eebng ch\u00fat nh\u1eefng \u0111i\u1ec1u m\u00e0 th\u1ef1c kh\u00e1ch c\u1ee7a L\u1ed9c Phong Qu\u00e1n \u0111\u00e1nh m\u1ea5t gi\u1eefa cu\u1ed9c s\u1ed1ng h\u1ed1i h\u1ea3 ngo\u00e0i kia \u0111\u00e3 \u0111\u01b0\u1ee3c b\u1ed1n ch\u00e0ng trai t\u00ecm l\u1ea1i, th\u00f4ng qua \u1ea9m th\u1ef1c v\u00e0 nh\u1eefng s\u1ebb chia gi\u00fap xoa d\u1ecbu t\u00e2m h\u1ed3n.<\/p>\n","protected":false},"featured_media":15078,"template":"","meta":{"_acf_changed":false},"product_brand":[],"product_cat":[29],"product_tag":[],"class_list":{"0":"post-15079","1":"product","2":"type-product","3":"status-publish","4":"has-post-thumbnail","6":"product_cat-manga-comics","8":"first","9":"outofstock","10":"taxable","11":"shipping-taxable","12":"purchasable","13":"product-type-simple"},"supplier_id":null,"supplier_sku":"","barcode":null,"atum_controlled":true,"out_stock_date":"2024-08-25 19:41:45","out_stock_threshold":null,"inheritable":false,"inbound_stock":0,"stock_on_hold":0,"sold_today":0,"sales_last_days":0,"reserved_stock":0,"customer_returns":0,"warehouse_damage":0,"lost_in_post":0,"other_logs":0,"out_stock_days":521,"lost_sales":371,"has_location":false,"update_date":"2026-01-28T23:11:23","atum_locations":[],"atum_stock_status":"outofstock","restock_status":false,"low_stock_amount":"","sales_update_date":"2026-01-28T23:11:23","calc_backorders":null,"acf":{"publisher":{"ID":15071,"post_author":"1","post_date":"2021-08-04 14:50:26","post_date_gmt":"2021-08-04 11:50:26","post_content":"","post_title":"SkyComics","post_excerpt":"","post_status":"publish","comment_status":"closed","ping_status":"closed","post_password":"","post_name":"skycomics","to_ping":"","pinged":"","post_modified":"2021-08-04 14:50:26","post_modified_gmt":"2021-08-04 11:50:26","post_content_filtered":"","post_parent":0,"guid":"https:\/\/sachviet.eu\/nha-phat-hanh\/skycomics\/","menu_order":0,"post_type":"publisher","post_mime_type":"","comment_count":"0","filter":"raw"}},"_links":{"self":[{"href":"https:\/\/sachviet.eu\/en\/wp-json\/wp\/v2\/product\/15079","targetHints":{"allow":["GET"]}}],"collection":[{"href":"https:\/\/sachviet.eu\/en\/wp-json\/wp\/v2\/product"}],"about":[{"href":"https:\/\/sachviet.eu\/en\/wp-json\/wp\/v2\/types\/product"}],"wp:featuredmedia":[{"embeddable":true,"href":"https:\/\/sachviet.eu\/en\/wp-json\/wp\/v2\/media\/15078"}],"wp:attachment":[{"href":"https:\/\/sachviet.eu\/en\/wp-json\/wp\/v2\/media?parent=15079"}],"wp:term":[{"taxonomy":"product_brand","embeddable":true,"href":"https:\/\/sachviet.eu\/en\/wp-json\/wp\/v2\/product_brand?post=15079"},{"taxonomy":"product_cat","embeddable":true,"href":"https:\/\/sachviet.eu\/en\/wp-json\/wp\/v2\/product_cat?post=15079"},{"taxonomy":"product_tag","embeddable":true,"href":"https:\/\/sachviet.eu\/en\/wp-json\/wp\/v2\/product_tag?post=15079"}],"curies":[{"name":"wp","href":"https:\/\/api.w.org\/{rel}","templated":true}]}}