{"id":15077,"date":"2021-08-04T14:50:48","date_gmt":"2021-08-04T11:50:48","guid":{"rendered":"https:\/\/sachviet.eu\/shop\/nhung-chang-trai-o-loc-phong-quan-tap-2\/"},"modified":"2024-08-25T22:41:45","modified_gmt":"2024-08-25T19:41:45","slug":"nhung-chang-trai-o-loc-phong-quan-tap-2","status":"publish","type":"product","link":"https:\/\/sachviet.eu\/en\/shop\/nhung-chang-trai-o-loc-phong-quan-tap-2\/","title":{"rendered":"Nh\u1eefng Ch\u00e0ng Trai \u1ede L\u1ed9c Phong Qu\u00e1n &#8211; T\u1eadp 2"},"content":{"rendered":"<p>Nh\u1eefng ch\u00e0ng trai \u1edf L\u1ed9c Phong Qu\u00e1n \u2013 g\u00f3c nh\u1ecf th\u01b0 th\u00e1i gi\u1eefa l\u00f2ng Tokyo b\u1eadn r\u1ed9n<\/p>\n<p>L\u1ed9c Phong Qu\u00e1n l\u00e0 ti\u1ec7m c\u00e0 ph\u00ea theo phong c\u00e1ch truy\u1ec1n th\u1ed1ng n\u00e9p m\u00ecnh tr\u00ean m\u1ed9t con ph\u1ed1 nh\u1ecf \u1edf ngo\u1ea1i th\u00e0nh Tokyo. Kh\u00e1ch t\u1edbi c\u1eeda ti\u1ec7m u\u1ed1ng tr\u00e0 s\u1ebd \u0111\u01b0\u1ee3c t\u1eadn h\u01b0\u1edfng kh\u00f4ng gian t\u0129nh l\u1eb7ng d\u01b0\u1edbi b\u00f3ng tre xanh hi\u1ec1n h\u00f2a c\u0169ng nh\u01b0 \u0111\u01b0\u1ee3c \u0111\u00f3n ti\u1ebfp n\u1ed3ng h\u1eadu b\u1edfi b\u1ed1n ch\u00e0ng trai Sui, Tokitaka, Tsubaki v\u00e0 Gure.<\/p>\n<p>V\u1eeba \u0111\u01b0\u1ee3c nh\u1ea5m nh\u00e1p tr\u00e0 b\u00e1nh ngon l\u00e0nh, l\u1ea1i v\u1eeba \u0111\u01b0\u1ee3c gi\u00e3i b\u00e0y nh\u1eefng \u01b0u t\u01b0 trong l\u00f2ng&#8230; r\u1eddi kh\u1ecfi L\u1ed9c Phong Qu\u00e1n, m\u1ed7i kh\u00e1ch h\u00e0ng \u0111\u1ec1u nh\u01b0 \u0111\u01b0\u1ee3c v\u1ef1c l\u1ea1i tinh th\u1ea7n \u0111\u1ec3 ti\u1ebfp t\u1ee5c \u0111\u01b0\u01a1ng \u0111\u1ea7u v\u1edbi nh\u1eefng kh\u00f3 kh\u0103n trong cu\u1ed9c s\u1ed1ng th\u01b0\u1eddng nh\u1eadt. B\u1eb1ng n\u00e9t v\u1ebd m\u01b0\u1ee3t m\u00e0 v\u00e0 chau chu\u1ed1t, c\u00e1ch d\u1eabn truy\u1ec7n kh\u00e9o l\u00e9o v\u00e0 nh\u1eb9 nh\u00e0ng, t\u00e1c gi\u1ea3 Shimizu Yuu \u0111\u00e3 bi\u1ebfn Nh\u1eefng ch\u00e0ng trai \u1edf L\u1ed9c Phong Qu\u00e1n th\u00e0nh m\u1ed9t b\u1ed9 truy\u1ec7n c\u00f3 s\u1ee9c m\u1ea1nh ch\u1eefa tr\u1ecb cho t\u00e2m h\u1ed3n.<\/p>\n<p>Trong t\u1eadp th\u1ee9 hai c\u1ee7a b\u1ed9 truy\u1ec7n, b\u1ed1n ch\u00e0ng trai t\u00e0i gi\u1ecfi c\u1ee7a ch\u00fang ta v\u1eabn ti\u1ebfp t\u1ee5c chinh ph\u1ee5c \u0111\u1ed9c gi\u1ea3 b\u1eb1ng nh\u1eefng k\u0129 n\u0103ng xu\u1ea5t s\u1eafc nh\u1ea5t c\u1ee7a m\u00ecnh: ch\u1ebf bi\u1ebfn nh\u1eefng m\u00f3n \u0103n c\u00f3 s\u1ee9c m\u1ea1nh xoa d\u1ecbu nh\u1eefng chi\u1ebfc d\u1ea1 d\u00e0y s\u00f4i r\u00e9o, v\u00e0 \u201cqu\u00e2n s\u01b0 t\u01b0 v\u1ea5n tu\u1ed5i h\u1ed3ng\u201d cho nh\u1eefng t\u00e2m h\u1ed3n th\u1ed5n th\u1ee9c. Nh\u1eefng v\u1ecb kh\u00e1ch \u0111\u1ebfn v\u1edbi L\u1ed9c Phong Qu\u00e1n l\u1ea7n n\u00e0y bao g\u1ed3m m\u1ed9t \u00f4ng ch\u00fa ph\u00f3ng vi\u00ean h\u1ea3o ng\u1ecdt v\u1edbi m\u1eb7c c\u1ea3m tu\u1ed5i trung ni\u00ean, m\u1ed9t thi\u1ebfu n\u1eef \u0111ang g\u1eb7p r\u1eafc r\u1ed1i trong chuy\u1ec7n t\u00ecnh c\u1ea3m, m\u1ed9t anh ch\u00e0ng nh\u00e2n vi\u00ean v\u0103n ph\u00f2ng kh\u00f4ng c\u00f2n mong mu\u1ed1n g\u00ec h\u01a1n l\u00e0 \u0111\u01b0\u1ee3c \u0103n m\u1ed9t t\u00f4 udon \u00fa \u1ee5 v\u00e0 m\u1ed9t g\u00e3 h\u00e0nh tung b\u00ed \u1ea9n n\u1eafm trong tay nh\u1eefng b\u00ed m\u1eadt v\u1ec1 qu\u00e1 kh\u1ee9 c\u1ee7a Sui\u2026<\/p>\n<p>Nh\u1eb9 nh\u00e0ng nh\u1eefng kh\u00f4ng k\u00e9m ph\u1ea7n s\u00e2u s\u1eafc, Nh\u1eefng ch\u00e0ng trai \u1edf L\u1ed9c Phong Qu\u00e1n d\u1ecbu d\u00e0ng v\u1ed7 v\u1ec1 tr\u00e1i tim \u0111\u1ed9c gi\u1ea3 b\u1eb1ng c\u00e2u chuy\u1ec7n c\u1ee7a nh\u1eefng con ng\u01b0\u1eddi \u0111ang l\u1ea1c l\u1ed1i trong cu\u1ed9c s\u1ed1ng c\u1ee7a ch\u00ednh m\u00ecnh.<\/p>\n<p>Gi\u1eefa ti\u1ebft tr\u1eddi n\u1eafng nh\u01b0 \u0111\u1ed5 l\u1eeda, t\u1ef1 chi\u00eau \u0111\u00e3i b\u1ea3n th\u00e2n m\u1ed9t \u201cch\u1ea7u\u201d m\u0129 th\u1ef1c v\u00e0 m\u0129 nam th\u00ec c\u00f2n g\u00ec th\u00fa b\u1eb1ng, \u0111\u00fang kh\u00f4ng n\u00e0o?<\/p>\n","protected":false},"excerpt":{"rendered":"<p>Nh\u1eefng ch\u00e0ng trai \u1edf L\u1ed9c Phong Qu\u00e1n \u2013 g\u00f3c nh\u1ecf th\u01b0 th\u00e1i gi\u1eefa l\u00f2ng Tokyo b\u1eadn r\u1ed9n<\/p>\n<p>L\u1ed9c Phong Qu\u00e1n l\u00e0 ti\u1ec7m c\u00e0 ph\u00ea theo phong c\u00e1ch truy\u1ec1n th\u1ed1ng n\u00e9p m\u00ecnh tr\u00ean m\u1ed9t con ph\u1ed1 nh\u1ecf \u1edf ngo\u1ea1i th\u00e0nh Tokyo. Kh\u00e1ch t\u1edbi c\u1eeda ti\u1ec7m u\u1ed1ng tr\u00e0 s\u1ebd \u0111\u01b0\u1ee3c t\u1eadn h\u01b0\u1edfng kh\u00f4ng gian t\u0129nh l\u1eb7ng d\u01b0\u1edbi b\u00f3ng tre xanh hi\u1ec1n h\u00f2a c\u0169ng nh\u01b0 \u0111\u01b0\u1ee3c \u0111\u00f3n ti\u1ebfp n\u1ed3ng h\u1eadu b\u1edfi b\u1ed1n ch\u00e0ng trai Sui, Tokitaka, Tsubaki v\u00e0 Gure.<\/p>\n<p>V\u1eeba \u0111\u01b0\u1ee3c nh\u1ea5m nh\u00e1p tr\u00e0 b\u00e1nh ngon l\u00e0nh, l\u1ea1i v\u1eeba \u0111\u01b0\u1ee3c gi\u00e3i b\u00e0y nh\u1eefng \u01b0u t\u01b0 trong l\u00f2ng&#8230; r\u1eddi kh\u1ecfi L\u1ed9c Phong Qu\u00e1n, m\u1ed7i kh\u00e1ch h\u00e0ng \u0111\u1ec1u nh\u01b0 \u0111\u01b0\u1ee3c v\u1ef1c l\u1ea1i tinh th\u1ea7n \u0111\u1ec3 ti\u1ebfp t\u1ee5c \u0111\u01b0\u01a1ng \u0111\u1ea7u v\u1edbi nh\u1eefng kh\u00f3 kh\u0103n trong cu\u1ed9c s\u1ed1ng th\u01b0\u1eddng nh\u1eadt. B\u1eb1ng n\u00e9t v\u1ebd m\u01b0\u1ee3t m\u00e0 v\u00e0 chau chu\u1ed1t, c\u00e1ch d\u1eabn truy\u1ec7n kh\u00e9o l\u00e9o v\u00e0 nh\u1eb9 nh\u00e0ng, t\u00e1c gi\u1ea3 Shimizu Yuu \u0111\u00e3 bi\u1ebfn Nh\u1eefng ch\u00e0ng trai \u1edf L\u1ed9c Phong Qu\u00e1n th\u00e0nh m\u1ed9t b\u1ed9 truy\u1ec7n c\u00f3 s\u1ee9c m\u1ea1nh ch\u1eefa tr\u1ecb cho t\u00e2m h\u1ed3n.<\/p>\n<p>Trong t\u1eadp th\u1ee9 hai c\u1ee7a b\u1ed9 truy\u1ec7n, b\u1ed1n ch\u00e0ng trai t\u00e0i gi\u1ecfi c\u1ee7a ch\u00fang ta v\u1eabn ti\u1ebfp t\u1ee5c chinh ph\u1ee5c \u0111\u1ed9c gi\u1ea3 b\u1eb1ng nh\u1eefng k\u0129 n\u0103ng xu\u1ea5t s\u1eafc nh\u1ea5t c\u1ee7a m\u00ecnh: ch\u1ebf bi\u1ebfn nh\u1eefng m\u00f3n \u0103n c\u00f3 s\u1ee9c m\u1ea1nh xoa d\u1ecbu nh\u1eefng chi\u1ebfc d\u1ea1 d\u00e0y s\u00f4i r\u00e9o, v\u00e0 \u201cqu\u00e2n s\u01b0 t\u01b0 v\u1ea5n tu\u1ed5i h\u1ed3ng\u201d cho nh\u1eefng t\u00e2m h\u1ed3n th\u1ed5n th\u1ee9c. Nh\u1eefng v\u1ecb kh\u00e1ch \u0111\u1ebfn v\u1edbi L\u1ed9c Phong Qu\u00e1n l\u1ea7n n\u00e0y bao g\u1ed3m m\u1ed9t \u00f4ng ch\u00fa ph\u00f3ng vi\u00ean h\u1ea3o ng\u1ecdt v\u1edbi m\u1eb7c c\u1ea3m tu\u1ed5i trung ni\u00ean, m\u1ed9t thi\u1ebfu n\u1eef \u0111ang g\u1eb7p r\u1eafc r\u1ed1i trong chuy\u1ec7n t\u00ecnh c\u1ea3m, m\u1ed9t anh ch\u00e0ng nh\u00e2n vi\u00ean v\u0103n ph\u00f2ng kh\u00f4ng c\u00f2n mong mu\u1ed1n g\u00ec h\u01a1n l\u00e0 \u0111\u01b0\u1ee3c \u0103n m\u1ed9t t\u00f4 udon \u00fa \u1ee5 v\u00e0 m\u1ed9t g\u00e3 h\u00e0nh tung b\u00ed \u1ea9n n\u1eafm trong tay nh\u1eefng b\u00ed m\u1eadt v\u1ec1 qu\u00e1 kh\u1ee9 c\u1ee7a Sui\u2026<\/p>\n<p>Nh\u1eb9 nh\u00e0ng nh\u1eefng kh\u00f4ng k\u00e9m ph\u1ea7n s\u00e2u s\u1eafc, Nh\u1eefng ch\u00e0ng trai \u1edf L\u1ed9c Phong Qu\u00e1n d\u1ecbu d\u00e0ng v\u1ed7 v\u1ec1 tr\u00e1i tim \u0111\u1ed9c gi\u1ea3 b\u1eb1ng c\u00e2u chuy\u1ec7n c\u1ee7a nh\u1eefng con ng\u01b0\u1eddi \u0111ang l\u1ea1c l\u1ed1i trong cu\u1ed9c s\u1ed1ng c\u1ee7a ch\u00ednh m\u00ecnh.<\/p>\n<p>Gi\u1eefa ti\u1ebft tr\u1eddi n\u1eafng nh\u01b0 \u0111\u1ed5 l\u1eeda, t\u1ef1 chi\u00eau \u0111\u00e3i b\u1ea3n th\u00e2n m\u1ed9t \u201cch\u1ea7u\u201d m\u0129 th\u1ef1c v\u00e0 m\u0129 nam th\u00ec c\u00f2n g\u00ec th\u00fa b\u1eb1ng, \u0111\u00fang kh\u00f4ng n\u00e0o?<\/p>\n","protected":false},"featured_media":15076,"template":"","meta":{"_acf_changed":false},"product_brand":[],"product_cat":[29],"product_tag":[],"class_list":{"0":"post-15077","1":"product","2":"type-product","3":"status-publish","4":"has-post-thumbnail","6":"product_cat-manga-comics","8":"first","9":"outofstock","10":"taxable","11":"shipping-taxable","12":"purchasable","13":"product-type-simple"},"supplier_id":null,"supplier_sku":"","barcode":null,"atum_controlled":true,"out_stock_date":"2024-08-25 19:41:45","out_stock_threshold":null,"inheritable":false,"inbound_stock":0,"stock_on_hold":0,"sold_today":0,"sales_last_days":0,"reserved_stock":0,"customer_returns":0,"warehouse_damage":0,"lost_in_post":0,"other_logs":0,"out_stock_days":521,"lost_sales":371,"has_location":false,"update_date":"2026-01-28T23:11:23","atum_locations":[],"atum_stock_status":"outofstock","restock_status":false,"low_stock_amount":"","sales_update_date":"2026-01-28T23:11:23","calc_backorders":null,"acf":{"publisher":{"ID":15071,"post_author":"1","post_date":"2021-08-04 14:50:26","post_date_gmt":"2021-08-04 11:50:26","post_content":"","post_title":"SkyComics","post_excerpt":"","post_status":"publish","comment_status":"closed","ping_status":"closed","post_password":"","post_name":"skycomics","to_ping":"","pinged":"","post_modified":"2021-08-04 14:50:26","post_modified_gmt":"2021-08-04 11:50:26","post_content_filtered":"","post_parent":0,"guid":"https:\/\/sachviet.eu\/nha-phat-hanh\/skycomics\/","menu_order":0,"post_type":"publisher","post_mime_type":"","comment_count":"0","filter":"raw"}},"_links":{"self":[{"href":"https:\/\/sachviet.eu\/en\/wp-json\/wp\/v2\/product\/15077","targetHints":{"allow":["GET"]}}],"collection":[{"href":"https:\/\/sachviet.eu\/en\/wp-json\/wp\/v2\/product"}],"about":[{"href":"https:\/\/sachviet.eu\/en\/wp-json\/wp\/v2\/types\/product"}],"wp:featuredmedia":[{"embeddable":true,"href":"https:\/\/sachviet.eu\/en\/wp-json\/wp\/v2\/media\/15076"}],"wp:attachment":[{"href":"https:\/\/sachviet.eu\/en\/wp-json\/wp\/v2\/media?parent=15077"}],"wp:term":[{"taxonomy":"product_brand","embeddable":true,"href":"https:\/\/sachviet.eu\/en\/wp-json\/wp\/v2\/product_brand?post=15077"},{"taxonomy":"product_cat","embeddable":true,"href":"https:\/\/sachviet.eu\/en\/wp-json\/wp\/v2\/product_cat?post=15077"},{"taxonomy":"product_tag","embeddable":true,"href":"https:\/\/sachviet.eu\/en\/wp-json\/wp\/v2\/product_tag?post=15077"}],"curies":[{"name":"wp","href":"https:\/\/api.w.org\/{rel}","templated":true}]}}