{"id":15075,"date":"2021-08-04T14:50:39","date_gmt":"2021-08-04T11:50:39","guid":{"rendered":"https:\/\/sachviet.eu\/shop\/nhung-chang-trai-o-loc-phong-quan-tap-1\/"},"modified":"2024-08-25T22:41:45","modified_gmt":"2024-08-25T19:41:45","slug":"nhung-chang-trai-o-loc-phong-quan-tap-1","status":"publish","type":"product","link":"https:\/\/sachviet.eu\/en\/shop\/nhung-chang-trai-o-loc-phong-quan-tap-1\/","title":{"rendered":"Nh\u1eefng Ch\u00e0ng Trai \u1ede L\u1ed9c Phong Qu\u00e1n \u2013 T\u1eadp 1"},"content":{"rendered":"<p>Nh\u1eefng ch\u00e0ng trai \u1edf L\u1ed9c Phong Qu\u00e1n \u2013 b\u1ed1n d\u1ea3i m\u00e0u c\u1ee7a ph\u00fac l\u00e0nh v\u00e0 m\u0129 th\u1ef1c<\/p>\n<p>L\u1ed9c Phong Qu\u00e1n l\u00e0 m\u1ed9t ti\u1ec7m c\u00e0 ph\u00ea ki\u1ec3u truy\u1ec1n th\u1ed1ng n\u1eb1m trong m\u1ed9t khu ph\u1ed1 th\u01b0a th\u1edbt b\u00f3ng ng\u01b0\u1eddi qua l\u1ea1i, kh\u00f4ng k\u00e8n tr\u1ed1ng bi\u1ec3n hi\u1ec7u r\u00ecnh rang. Nh\u01b0ng ti\u1ec7m l\u00fac n\u00e0o c\u0169ng \u0111\u00f4ng kh\u00e1ch ra v\u00e0o. V\u00e0 th\u1ef1c kh\u00e1ch m\u1ed9t khi \u0111\u00e3 b\u01b0\u1edbc ch\u00e2n v\u00e0o ti\u1ec7m, th\u00ec s\u1ebd mu\u1ed1n quay tr\u1edf l\u1ea1i th\u00eam nhi\u1ec1u l\u1ea7n. Kh\u00e1ch t\u1edbi ti\u1ec7m truy\u1ec1n tai nhau c\u1eeda ti\u1ec7m c\u00f3 b\u1ed1n \u201cb\u00e1u v\u1eadt\u201d:<\/p>\n<p>Sui, l\u00e0 ng\u01b0\u1eddi s\u1edf h\u1eefu L\u1ed9c Phong Qu\u00e1n, \u0111i\u1ec1m \u0111\u1ea1m v\u00e0 kh\u00f3 \u0111o\u00e1n, chuy\u00ean gia v\u1ec1 tr\u00e0 v\u00e0 l\u00e0 m\u1ed9t ng\u01b0\u1eddi cu\u1ed3ng m\u00e8o \u0111\u00edch th\u1ef1c. Gure, k\u1ebb ru\u1ed9t \u0111\u1ec3 ngo\u00e0i da, l\u00fac n\u00e0o c\u0169ng gi\u1eef v\u1ebb t\u01b0\u01a1i s\u00e1ng r\u1ea1ng ng\u1eddi, l\u00e0 chuy\u00ean gia pha ch\u1ebf \u0111\u1ed3 u\u1ed1ng v\u00e0 c\u00f3 ni\u1ec1m \u0111am m\u00ea b\u1ea5t t\u1eadn v\u1edbi latte art. Tsubaki mi\u1ec7ng l\u01b0\u1ee1i s\u1eafc l\u1ebbm, th\u1ea5p b\u00e9 nh\u1eb9 c\u00e2n nh\u1ea5t nh\u00f3m, c\u00f3 s\u1edf tr\u01b0\u1eddng l\u00e0m \u0111\u1ed3 ng\u1ecdt. V\u00e0 Nagae Tokitaka, ch\u00e0ng \u0111\u1ea7u b\u1ebfp tr\u1ea7m t\u00ednh, r\u1ea5t \u0111\u01b0\u1ee3c l\u00f2ng c\u00e1c \u00f4ng gi\u00e0 b\u00e0 c\u1ea3. B\u1ed1n ch\u00e0ng trai \u201c\u0111\u1eb9p ng\u01b0\u1eddi, t\u1ed1t n\u1ebft\u201d n\u00e0y ch\u00ednh l\u00e0 nh\u1eefng ng\u01b0\u1eddi \u0111\u00e3 chung tay l\u00e0m n\u00ean linh h\u1ed3n c\u1ee7a ti\u1ec7m c\u00e0 ph\u00ea l\u00e2u \u0111\u1eddi n\u00e0y.<\/p>\n<p>Trong t\u1eadp \u0111\u1ea7u ti\u00ean c\u1ee7a b\u1ed9 truy\u1ec7n, b\u1ed1n ch\u00e0ng trai kh\u00f4ng ch\u1ec9 ph\u00f4 di\u1ec5n cho \u0111\u1ed9c gi\u1ea3 nh\u1eefng k\u0129 n\u0103ng b\u1ebfp n\u00fac si\u00eau h\u1ea1ng c\u1ee7a m\u00ecnh, h\u1ecd c\u00f2n \u0111\u1ea3m nhi\u1ec7m xu\u1ea5t s\u1eafc vai tr\u00f2 \u201cqu\u00e2n s\u01b0 t\u01b0 v\u1ea5n tu\u1ed5i h\u1ed3ng\u201d cho nh\u1eefng ng\u01b0\u1eddi kh\u00e1ch h\u00e0ng b\u01b0\u1edbc ch\u00e2n t\u1edbi ti\u1ec7m: m\u1ed9t c\u00f4 nh\u00e2n vi\u00ean v\u0103n ph\u00f2ng qu\u00e1 m\u1ea3i m\u00ea v\u1edbi c\u00f4ng vi\u1ec7c m\u00e0 l\u01a1i l\u00e0 \u0111\u1eddi t\u01b0, m\u1ed9t \u00f4ng l\u00e3o ch\u1ee7 ti\u1ec7m tr\u00e0 ba m\u00e1u s\u00e1u c\u01a1n v\u1edbi s\u1edf th\u00edch n\u00e9m \u1ea5m n\u01b0\u1edbc v\u00e0o kh\u00e1ch h\u00e0ng, m\u1ed9t \u201canh gi\u00e0 Noel\u201d l\u1ea1nh run c\u1ea7m c\u1eadp \u0111\u1ebfn ti\u1ec7m v\u00e0o t\u1ed1i ng\u00e0y Gi\u00e1ng sinh mong \u0111\u01b0\u1ee3c s\u01b0\u1edfi \u1ea5m&#8230;<\/p>\n<p>\u201cNh\u1eefng ch\u00e0ng trai \u1edf L\u1ed9c Phong Qu\u00e1n\u201d l\u00e0 m\u1ed9t l\u1ef1a ch\u1ecdn ho\u00e0n h\u1ea3o cho nh\u1eefng \u0111\u1ed9c gi\u1ea3 v\u1eeba mu\u1ed1n ng\u1eafm \u0111\u1ed3 \u0103n ngon l\u1ea1i v\u1eeba mu\u1ed1n nh\u00ecn trai \u0111\u1eb9p \u0111\u1ed3ng th\u1eddi c\u00f2n c\u00f3 th\u1ec3 kh\u00e1m ph\u00e1 th\u00eam n\u1ec1n v\u0103n h\u00f3a \u1ea9m th\u1ef1c c\u1ee7a Nh\u1eadt B\u1ea3n v\u00e0 c\u00e1c n\u01b0\u1edbc kh\u00e1c. H\u00e3y \u0111\u1ebfn v\u1edbi L\u1ed9c Phong Qu\u00e1n, bi\u1ebft \u0111\u00e2u v\u1ea5n \u0111\u1ec1 l\u00e0m b\u1ea1n phi\u1ec1n l\u00f2ng b\u1ea5y l\u00e2u nay c\u0169ng s\u1ebd xu\u1ea5t hi\u1ec7n trong \u0111\u00e2y, v\u00e0 b\u00e1n c\u0169ng s\u1ebd t\u00ecm \u0111\u01b0\u1ee3c l\u1eddi gi\u1ea3i \u0111\u00e1p cho v\u1ea5n \u0111\u1ec1 c\u1ee7a m\u00ecnh nh\u01b0 nh\u1eefng v\u1ecb kh\u00e1ch t\u1ea1i \u0111\u00e2y ch\u0103ng. Skycomics ch\u00fac b\u1ea1n s\u1ebd c\u00f3 nh\u1eefng gi\u00e2y ph\u00fat th\u01b0 gi\u00e3n vui v\u1ebb v\u1edbi \u201cNh\u1eefng Ch\u00e0ng trai \u1edf L\u1ed9c Phong Qu\u00e1n\u201d.<\/p>\n","protected":false},"excerpt":{"rendered":"<p>Nh\u1eefng ch\u00e0ng trai \u1edf L\u1ed9c Phong Qu\u00e1n \u2013 b\u1ed1n d\u1ea3i m\u00e0u c\u1ee7a ph\u00fac l\u00e0nh v\u00e0 m\u0129 th\u1ef1c<\/p>\n<p>L\u1ed9c Phong Qu\u00e1n l\u00e0 m\u1ed9t ti\u1ec7m c\u00e0 ph\u00ea ki\u1ec3u truy\u1ec1n th\u1ed1ng n\u1eb1m trong m\u1ed9t khu ph\u1ed1 th\u01b0a th\u1edbt b\u00f3ng ng\u01b0\u1eddi qua l\u1ea1i, kh\u00f4ng k\u00e8n tr\u1ed1ng bi\u1ec3n hi\u1ec7u r\u00ecnh rang. Nh\u01b0ng ti\u1ec7m l\u00fac n\u00e0o c\u0169ng \u0111\u00f4ng kh\u00e1ch ra v\u00e0o. V\u00e0 th\u1ef1c kh\u00e1ch m\u1ed9t khi \u0111\u00e3 b\u01b0\u1edbc ch\u00e2n v\u00e0o ti\u1ec7m, th\u00ec s\u1ebd mu\u1ed1n quay tr\u1edf l\u1ea1i th\u00eam nhi\u1ec1u l\u1ea7n. Kh\u00e1ch t\u1edbi ti\u1ec7m truy\u1ec1n tai nhau c\u1eeda ti\u1ec7m c\u00f3 b\u1ed1n \u201cb\u00e1u v\u1eadt\u201d:<\/p>\n<p>Sui, l\u00e0 ng\u01b0\u1eddi s\u1edf h\u1eefu L\u1ed9c Phong Qu\u00e1n, \u0111i\u1ec1m \u0111\u1ea1m v\u00e0 kh\u00f3 \u0111o\u00e1n, chuy\u00ean gia v\u1ec1 tr\u00e0 v\u00e0 l\u00e0 m\u1ed9t ng\u01b0\u1eddi cu\u1ed3ng m\u00e8o \u0111\u00edch th\u1ef1c. Gure, k\u1ebb ru\u1ed9t \u0111\u1ec3 ngo\u00e0i da, l\u00fac n\u00e0o c\u0169ng gi\u1eef v\u1ebb t\u01b0\u01a1i s\u00e1ng r\u1ea1ng ng\u1eddi, l\u00e0 chuy\u00ean gia pha ch\u1ebf \u0111\u1ed3 u\u1ed1ng v\u00e0 c\u00f3 ni\u1ec1m \u0111am m\u00ea b\u1ea5t t\u1eadn v\u1edbi latte art. Tsubaki mi\u1ec7ng l\u01b0\u1ee1i s\u1eafc l\u1ebbm, th\u1ea5p b\u00e9 nh\u1eb9 c\u00e2n nh\u1ea5t nh\u00f3m, c\u00f3 s\u1edf tr\u01b0\u1eddng l\u00e0m \u0111\u1ed3 ng\u1ecdt. V\u00e0 Nagae Tokitaka, ch\u00e0ng \u0111\u1ea7u b\u1ebfp tr\u1ea7m t\u00ednh, r\u1ea5t \u0111\u01b0\u1ee3c l\u00f2ng c\u00e1c \u00f4ng gi\u00e0 b\u00e0 c\u1ea3. B\u1ed1n ch\u00e0ng trai \u201c\u0111\u1eb9p ng\u01b0\u1eddi, t\u1ed1t n\u1ebft\u201d n\u00e0y ch\u00ednh l\u00e0 nh\u1eefng ng\u01b0\u1eddi \u0111\u00e3 chung tay l\u00e0m n\u00ean linh h\u1ed3n c\u1ee7a ti\u1ec7m c\u00e0 ph\u00ea l\u00e2u \u0111\u1eddi n\u00e0y.<\/p>\n<p>Trong t\u1eadp \u0111\u1ea7u ti\u00ean c\u1ee7a b\u1ed9 truy\u1ec7n, b\u1ed1n ch\u00e0ng trai kh\u00f4ng ch\u1ec9 ph\u00f4 di\u1ec5n cho \u0111\u1ed9c gi\u1ea3 nh\u1eefng k\u0129 n\u0103ng b\u1ebfp n\u00fac si\u00eau h\u1ea1ng c\u1ee7a m\u00ecnh, h\u1ecd c\u00f2n \u0111\u1ea3m nhi\u1ec7m xu\u1ea5t s\u1eafc vai tr\u00f2 \u201cqu\u00e2n s\u01b0 t\u01b0 v\u1ea5n tu\u1ed5i h\u1ed3ng\u201d cho nh\u1eefng ng\u01b0\u1eddi kh\u00e1ch h\u00e0ng b\u01b0\u1edbc ch\u00e2n t\u1edbi ti\u1ec7m: m\u1ed9t c\u00f4 nh\u00e2n vi\u00ean v\u0103n ph\u00f2ng qu\u00e1 m\u1ea3i m\u00ea v\u1edbi c\u00f4ng vi\u1ec7c m\u00e0 l\u01a1i l\u00e0 \u0111\u1eddi t\u01b0, m\u1ed9t \u00f4ng l\u00e3o ch\u1ee7 ti\u1ec7m tr\u00e0 ba m\u00e1u s\u00e1u c\u01a1n v\u1edbi s\u1edf th\u00edch n\u00e9m \u1ea5m n\u01b0\u1edbc v\u00e0o kh\u00e1ch h\u00e0ng, m\u1ed9t \u201canh gi\u00e0 Noel\u201d l\u1ea1nh run c\u1ea7m c\u1eadp \u0111\u1ebfn ti\u1ec7m v\u00e0o t\u1ed1i ng\u00e0y Gi\u00e1ng sinh mong \u0111\u01b0\u1ee3c s\u01b0\u1edfi \u1ea5m&#8230;<\/p>\n<p>\u201cNh\u1eefng ch\u00e0ng trai \u1edf L\u1ed9c Phong Qu\u00e1n\u201d l\u00e0 m\u1ed9t l\u1ef1a ch\u1ecdn ho\u00e0n h\u1ea3o cho nh\u1eefng \u0111\u1ed9c gi\u1ea3 v\u1eeba mu\u1ed1n ng\u1eafm \u0111\u1ed3 \u0103n ngon l\u1ea1i v\u1eeba mu\u1ed1n nh\u00ecn trai \u0111\u1eb9p \u0111\u1ed3ng th\u1eddi c\u00f2n c\u00f3 th\u1ec3 kh\u00e1m ph\u00e1 th\u00eam n\u1ec1n v\u0103n h\u00f3a \u1ea9m th\u1ef1c c\u1ee7a Nh\u1eadt B\u1ea3n v\u00e0 c\u00e1c n\u01b0\u1edbc kh\u00e1c. H\u00e3y \u0111\u1ebfn v\u1edbi L\u1ed9c Phong Qu\u00e1n, bi\u1ebft \u0111\u00e2u v\u1ea5n \u0111\u1ec1 l\u00e0m b\u1ea1n phi\u1ec1n l\u00f2ng b\u1ea5y l\u00e2u nay c\u0169ng s\u1ebd xu\u1ea5t hi\u1ec7n trong \u0111\u00e2y, v\u00e0 b\u00e1n c\u0169ng s\u1ebd t\u00ecm \u0111\u01b0\u1ee3c l\u1eddi gi\u1ea3i \u0111\u00e1p cho v\u1ea5n \u0111\u1ec1 c\u1ee7a m\u00ecnh nh\u01b0 nh\u1eefng v\u1ecb kh\u00e1ch t\u1ea1i \u0111\u00e2y ch\u0103ng. Skycomics ch\u00fac b\u1ea1n s\u1ebd c\u00f3 nh\u1eefng gi\u00e2y ph\u00fat th\u01b0 gi\u00e3n vui v\u1ebb v\u1edbi \u201cNh\u1eefng Ch\u00e0ng trai \u1edf L\u1ed9c Phong Qu\u00e1n\u201d.<\/p>\n","protected":false},"featured_media":15072,"template":"","meta":{"_acf_changed":false},"product_brand":[],"product_cat":[29],"product_tag":[],"class_list":{"0":"post-15075","1":"product","2":"type-product","3":"status-publish","4":"has-post-thumbnail","6":"product_cat-manga-comics","8":"first","9":"outofstock","10":"taxable","11":"shipping-taxable","12":"purchasable","13":"product-type-simple"},"supplier_id":null,"supplier_sku":"","barcode":null,"atum_controlled":true,"out_stock_date":"2024-08-25 19:41:45","out_stock_threshold":null,"inheritable":false,"inbound_stock":0,"stock_on_hold":0,"sold_today":0,"sales_last_days":0,"reserved_stock":0,"customer_returns":0,"warehouse_damage":0,"lost_in_post":0,"other_logs":0,"out_stock_days":521,"lost_sales":371,"has_location":false,"update_date":"2026-01-28T23:11:23","atum_locations":[],"atum_stock_status":"outofstock","restock_status":false,"low_stock_amount":"","sales_update_date":"2026-01-28T23:11:23","calc_backorders":null,"acf":{"publisher":{"ID":15071,"post_author":"1","post_date":"2021-08-04 14:50:26","post_date_gmt":"2021-08-04 11:50:26","post_content":"","post_title":"SkyComics","post_excerpt":"","post_status":"publish","comment_status":"closed","ping_status":"closed","post_password":"","post_name":"skycomics","to_ping":"","pinged":"","post_modified":"2021-08-04 14:50:26","post_modified_gmt":"2021-08-04 11:50:26","post_content_filtered":"","post_parent":0,"guid":"https:\/\/sachviet.eu\/nha-phat-hanh\/skycomics\/","menu_order":0,"post_type":"publisher","post_mime_type":"","comment_count":"0","filter":"raw"}},"_links":{"self":[{"href":"https:\/\/sachviet.eu\/en\/wp-json\/wp\/v2\/product\/15075","targetHints":{"allow":["GET"]}}],"collection":[{"href":"https:\/\/sachviet.eu\/en\/wp-json\/wp\/v2\/product"}],"about":[{"href":"https:\/\/sachviet.eu\/en\/wp-json\/wp\/v2\/types\/product"}],"wp:featuredmedia":[{"embeddable":true,"href":"https:\/\/sachviet.eu\/en\/wp-json\/wp\/v2\/media\/15072"}],"wp:attachment":[{"href":"https:\/\/sachviet.eu\/en\/wp-json\/wp\/v2\/media?parent=15075"}],"wp:term":[{"taxonomy":"product_brand","embeddable":true,"href":"https:\/\/sachviet.eu\/en\/wp-json\/wp\/v2\/product_brand?post=15075"},{"taxonomy":"product_cat","embeddable":true,"href":"https:\/\/sachviet.eu\/en\/wp-json\/wp\/v2\/product_cat?post=15075"},{"taxonomy":"product_tag","embeddable":true,"href":"https:\/\/sachviet.eu\/en\/wp-json\/wp\/v2\/product_tag?post=15075"}],"curies":[{"name":"wp","href":"https:\/\/api.w.org\/{rel}","templated":true}]}}