{"id":15070,"date":"2021-08-04T14:50:23","date_gmt":"2021-08-04T11:50:23","guid":{"rendered":"https:\/\/sachviet.eu\/shop\/999-la-thu-gui-cho-chinh-minh-an-ban-ky-niem-nam-2021-bia-cung\/"},"modified":"2022-01-29T15:18:19","modified_gmt":"2022-01-29T13:18:19","slug":"999-la-thu-gui-cho-chinh-minh-an-ban-ky-niem-nam-2021-bia-cung","status":"publish","type":"product","link":"https:\/\/sachviet.eu\/en\/shop\/999-la-thu-gui-cho-chinh-minh-an-ban-ky-niem-nam-2021-bia-cung\/","title":{"rendered":"999 L\u00e1 Th\u01b0 G\u1eedi Cho Ch\u00ednh M\u00ecnh &#8211; \u1ea4n B\u1ea3n K\u1ef7 Ni\u1ec7m N\u0103m 2021 (B\u00eca C\u1ee9ng)"},"content":{"rendered":"<p>\u201c999 L\u00e1 Th\u01b0 G\u1eedi Cho Ch\u00ednh M\u00ecnh\u201d c\u1ee7a t\u00e1c gi\u1ea3 Mi\u00eau C\u00f4ng T\u1eed l\u00e0 m\u1ed9t trong nh\u1eefng t\u00e1c ph\u1ea9m lu\u00f4n n\u1eb1m trong TOP#1 Nh\u1eefng cu\u1ed1n s\u00e1ch b\u00e1n ch\u1ea1y nh\u1ea5t k\u1ec3 t\u1eeb khi ra m\u1eaft t\u1ea1i Vi\u1ec7t Nam \u2013 tr\u00ean ph\u01b0\u01a1ng di\u1ec7n truy\u1ec1n c\u1ea3m h\u1ee9ng s\u1ed1ng v\u00e0 tinh th\u1ea7n t\u00edch c\u1ef1c, nhi\u1ec7t huy\u1ebft, l\u1ea1c quan. V\u1edbi n\u1ed9i dung g\u1ed3m nh\u1eefng ng\u00f4n t\u1eeb s\u00e2u s\u1eafc v\u00e0 l\u1eafng \u0111\u1ecdng, t\u00e1c ph\u1ea9m \u0111\u00e3 \u0111\u01b0\u1ee3c r\u1ea5t nhi\u1ec1u \u0111\u1ed9c gi\u1ea3 tr\u1ebb t\u1ea1i Vi\u1ec7t Nam \u1ee7ng h\u1ed9 b\u1edfi \u00fd ngh\u0129a truy\u1ec1n c\u1ea3m h\u1ee9ng b\u00ean trong, ti\u1ebfp s\u1ee9c gi\u00fap m\u1ecdi ng\u01b0\u1eddi ng\u00e0y m\u1ed9t n\u1ed7 l\u1ef1c h\u01a1n \u0111\u1ec3 c\u00f3 th\u1ec3 v\u1eefng b\u01b0\u1edbc tr\u00ean con \u0111\u01b0\u1eddng th\u00e0nh c\u00f4ng v\u00e0 kh\u1eb3ng \u0111\u1ecbnh b\u1ea3n th\u00e2n.<\/p>\n<p>\u0110\u1ec3 k\u1ef7 ni\u1ec7m ba n\u0103m xu\u1ea5t b\u1ea3n v\u00e0 thay l\u1eddi tri \u00e2n g\u1eedi \u0111\u1ebfn c\u00e1c qu\u00fd v\u1ecb \u0111\u1ed9c gi\u1ea3 \u0111\u00e3 \u1ee7ng h\u1ed9, V\u0103n Vi\u1ec7t Books \u0111\u00e3 cho ra \u0111\u1eddi \u201c999 L\u00e1 Th\u01b0 G\u1eedi Cho Ch\u00ednh M\u00ecnh\u201d phi\u00ean b\u1ea3n B\u00eca c\u1ee9ng n\u0103m 2021 \u2013 nh\u1eb1m m\u1ee5c \u0111\u00edch s\u01b0u t\u1ea7m v\u00e0 k\u1ef7 ni\u1ec7m, v\u1edbi 352 trang in m\u00e0u to\u00e0n b\u1ed9 v\u00e0 t\u1ed5ng h\u1ee3p \u0111\u1ea7y \u0111\u1ee7 999 l\u00e1 th\u01b0 v\u1edbi nh\u1eefng tri\u1ebft l\u00fd v\u1ec1 nh\u00e2n sinh, nh\u1eefng chi\u00eam nghi\u1ec7m v\u1ec1 cu\u1ed9c s\u1ed1ng, t\u00ecnh y\u00eau, s\u1ef1 tr\u01b0\u1edfng th\u00e0nh quen thu\u1ed9c\u2026 v.v\u2026<\/p>\n<p>Hy v\u1ecdng \u0111\u00e2y s\u1ebd l\u00e0 cu\u1ed1n s\u00e1ch g\u1ed1i \u0111\u1ea7u gi\u01b0\u1eddng v\u00e0 tr\u1edf th\u00e0nh m\u1ed9t ng\u01b0\u1eddi b\u1ea1n h\u1eefu \u00edch \u0111\u1ed3ng h\u00e0nh c\u00f9ng c\u00e1c b\u1ea1n tr\u00ean con \u0111\u01b0\u1eddng kh\u1eb3ng \u0111\u1ecbnh ch\u00ednh m\u00ecnh!<\/p>\n","protected":false},"excerpt":{"rendered":"<p>\u201c999 L\u00e1 Th\u01b0 G\u1eedi Cho Ch\u00ednh M\u00ecnh\u201d c\u1ee7a t\u00e1c gi\u1ea3 Mi\u00eau C\u00f4ng T\u1eed l\u00e0 m\u1ed9t trong nh\u1eefng t\u00e1c ph\u1ea9m lu\u00f4n n\u1eb1m trong TOP#1 Nh\u1eefng cu\u1ed1n s\u00e1ch b\u00e1n ch\u1ea1y nh\u1ea5t k\u1ec3 t\u1eeb khi ra m\u1eaft t\u1ea1i Vi\u1ec7t Nam \u2013 tr\u00ean ph\u01b0\u01a1ng di\u1ec7n truy\u1ec1n c\u1ea3m h\u1ee9ng s\u1ed1ng v\u00e0 tinh th\u1ea7n t\u00edch c\u1ef1c, nhi\u1ec7t huy\u1ebft, l\u1ea1c quan. V\u1edbi n\u1ed9i dung g\u1ed3m nh\u1eefng ng\u00f4n t\u1eeb s\u00e2u s\u1eafc v\u00e0 l\u1eafng \u0111\u1ecdng, t\u00e1c ph\u1ea9m \u0111\u00e3 \u0111\u01b0\u1ee3c r\u1ea5t nhi\u1ec1u \u0111\u1ed9c gi\u1ea3 tr\u1ebb t\u1ea1i Vi\u1ec7t Nam \u1ee7ng h\u1ed9 b\u1edfi \u00fd ngh\u0129a truy\u1ec1n c\u1ea3m h\u1ee9ng b\u00ean trong, ti\u1ebfp s\u1ee9c gi\u00fap m\u1ecdi ng\u01b0\u1eddi ng\u00e0y m\u1ed9t n\u1ed7 l\u1ef1c h\u01a1n \u0111\u1ec3 c\u00f3 th\u1ec3 v\u1eefng b\u01b0\u1edbc tr\u00ean con \u0111\u01b0\u1eddng th\u00e0nh c\u00f4ng v\u00e0 kh\u1eb3ng \u0111\u1ecbnh b\u1ea3n th\u00e2n.<\/p>\n<p>\u0110\u1ec3 k\u1ef7 ni\u1ec7m ba n\u0103m xu\u1ea5t b\u1ea3n v\u00e0 thay l\u1eddi tri \u00e2n g\u1eedi \u0111\u1ebfn c\u00e1c qu\u00fd v\u1ecb \u0111\u1ed9c gi\u1ea3 \u0111\u00e3 \u1ee7ng h\u1ed9, V\u0103n Vi\u1ec7t Books \u0111\u00e3 cho ra \u0111\u1eddi \u201c999 L\u00e1 Th\u01b0 G\u1eedi Cho Ch\u00ednh M\u00ecnh\u201d phi\u00ean b\u1ea3n B\u00eca c\u1ee9ng n\u0103m 2021 \u2013 nh\u1eb1m m\u1ee5c \u0111\u00edch s\u01b0u t\u1ea7m v\u00e0 k\u1ef7 ni\u1ec7m, v\u1edbi 352 trang in m\u00e0u to\u00e0n b\u1ed9 v\u00e0 t\u1ed5ng h\u1ee3p \u0111\u1ea7y \u0111\u1ee7 999 l\u00e1 th\u01b0 v\u1edbi nh\u1eefng tri\u1ebft l\u00fd v\u1ec1 nh\u00e2n sinh, nh\u1eefng chi\u00eam nghi\u1ec7m v\u1ec1 cu\u1ed9c s\u1ed1ng, t\u00ecnh y\u00eau, s\u1ef1 tr\u01b0\u1edfng th\u00e0nh quen thu\u1ed9c\u2026 v.v\u2026<\/p>\n<p>Hy v\u1ecdng \u0111\u00e2y s\u1ebd l\u00e0 cu\u1ed1n s\u00e1ch g\u1ed1i \u0111\u1ea7u gi\u01b0\u1eddng v\u00e0 tr\u1edf th\u00e0nh m\u1ed9t ng\u01b0\u1eddi b\u1ea1n h\u1eefu \u00edch \u0111\u1ed3ng h\u00e0nh c\u00f9ng c\u00e1c b\u1ea1n tr\u00ean con \u0111\u01b0\u1eddng kh\u1eb3ng \u0111\u1ecbnh ch\u00ednh m\u00ecnh!<\/p>\n","protected":false},"featured_media":15067,"template":"","meta":{"_acf_changed":false},"product_brand":[],"product_cat":[15,47],"product_tag":[],"class_list":{"0":"post-15070","1":"product","2":"type-product","3":"status-publish","4":"has-post-thumbnail","6":"product_cat-sach-danh-cho-nguoi-lon","7":"product_cat-truyen-ngan-tan-van","9":"first","10":"outofstock","11":"taxable","12":"shipping-taxable","13":"purchasable","14":"product-type-simple"},"supplier_id":null,"supplier_sku":"","barcode":null,"atum_controlled":true,"out_stock_date":"2022-01-29 13:18:19","out_stock_threshold":null,"inheritable":false,"inbound_stock":0,"stock_on_hold":0,"sold_today":0,"sales_last_days":0,"reserved_stock":0,"customer_returns":0,"warehouse_damage":0,"lost_in_post":0,"other_logs":0,"out_stock_days":1460,"lost_sales":0,"has_location":false,"update_date":"2026-01-28T23:10:56","atum_locations":[],"atum_stock_status":"outofstock","restock_status":false,"low_stock_amount":"","sales_update_date":"2026-01-28T23:10:55","calc_backorders":null,"acf":{"publisher":{"ID":15066,"post_author":"1","post_date":"2021-08-04 14:50:13","post_date_gmt":"2021-08-04 11:50:13","post_content":"","post_title":"VanVietBooks","post_excerpt":"","post_status":"publish","comment_status":"closed","ping_status":"closed","post_password":"","post_name":"vanvietbooks","to_ping":"","pinged":"","post_modified":"2021-08-04 14:50:13","post_modified_gmt":"2021-08-04 11:50:13","post_content_filtered":"","post_parent":0,"guid":"https:\/\/sachviet.eu\/nha-phat-hanh\/vanvietbooks\/","menu_order":0,"post_type":"publisher","post_mime_type":"","comment_count":"0","filter":"raw"}},"_links":{"self":[{"href":"https:\/\/sachviet.eu\/en\/wp-json\/wp\/v2\/product\/15070","targetHints":{"allow":["GET"]}}],"collection":[{"href":"https:\/\/sachviet.eu\/en\/wp-json\/wp\/v2\/product"}],"about":[{"href":"https:\/\/sachviet.eu\/en\/wp-json\/wp\/v2\/types\/product"}],"wp:featuredmedia":[{"embeddable":true,"href":"https:\/\/sachviet.eu\/en\/wp-json\/wp\/v2\/media\/15067"}],"wp:attachment":[{"href":"https:\/\/sachviet.eu\/en\/wp-json\/wp\/v2\/media?parent=15070"}],"wp:term":[{"taxonomy":"product_brand","embeddable":true,"href":"https:\/\/sachviet.eu\/en\/wp-json\/wp\/v2\/product_brand?post=15070"},{"taxonomy":"product_cat","embeddable":true,"href":"https:\/\/sachviet.eu\/en\/wp-json\/wp\/v2\/product_cat?post=15070"},{"taxonomy":"product_tag","embeddable":true,"href":"https:\/\/sachviet.eu\/en\/wp-json\/wp\/v2\/product_tag?post=15070"}],"curies":[{"name":"wp","href":"https:\/\/api.w.org\/{rel}","templated":true}]}}