{"id":15058,"date":"2021-08-04T14:49:51","date_gmt":"2021-08-04T11:49:51","guid":{"rendered":"https:\/\/sachviet.eu\/shop\/luong-hoang-sam-bia-da\/"},"modified":"2024-08-12T15:43:32","modified_gmt":"2024-08-12T12:43:32","slug":"luong-hoang-sam-bia-da","status":"publish","type":"product","link":"https:\/\/sachviet.eu\/en\/shop\/luong-hoang-sam-bia-da\/","title":{"rendered":"L\u01b0\u01a1ng Ho\u00e0ng S\u00e1m &#8211; B\u00eca Da"},"content":{"rendered":"<p>Theo l\u1eddi t\u1ef1a trong ch\u00e1nh v\u0103n th\u00ec b\u1ed9 L\u01af\u01a0NG HO\u00c0NG S\u00c1M n\u00e0y do H\u00f2a th\u01b0\u1ee3ng Ch\u00ed C\u00f4ng bi\u00ean t\u1eadp t\u1eeb \u0111\u1eddi Vua L\u01b0\u01a1ng V\u00f5 \u0110\u1ebfb\u00ean T\u1ea7u.<\/p>\n<p>Nguy\u00ean Vua L\u01b0\u01a1ng V\u00f5 \u0110\u1ebf, c\u00f3 m\u1ed9t b\u00e0 Ho\u00e0ng h\u1eadu y\u00eau qu\u00fd nh\u1ea5t t\u00ean l\u00e0 Hy Th\u1ecb. V\u00ec \u0111\u01b0\u1ee3c vua y\u00eau qu\u00fd n\u00ean l\u00f2ng \u0111\u1ed1 k\u1ef5 c\u1ee7a b\u00e0 ng\u00e0y c\u00e0ng l\u00ean cao; Hy Th\u1ecb ganh t\u1ecb c\u00e1c cung phi, \u0111\u1ed9c \u00e1c v\u1edbi m\u1ecdi ng\u01b0\u1eddi v\u00e0 h\u1ee7y b\u00e1ng Tam B\u1ea3o. Trong Tri\u1ec1u ngo\u00e0i Qu\u1eadn ai c\u0169ng bi\u1ebft B\u00e0 Hy Th\u1ecb l\u00e0 m\u1ed9t \u201cqu\u00e1i phi\u201d.<\/p>\n<p>Sau b\u00e0 nhu\u1ed1m b\u1ec7nh n\u1eb7ng, c\u00e1c l\u01b0\u01a1ng y \u0111\u1ec1u th\u00fac th\u1ee7, b\u00e0 ph\u1ea3i t\u1eeb tr\u1ea7n. M\u1ed9t h\u00f4m v\u00e0o l\u00fac \u0111\u00eam khuya, \u0111ang ng\u1ed3i trong cung t\u1ecbch m\u1ecbch. Vua L\u01b0\u01a1ng V\u00f5 \u0110\u1ebf nghe ti\u1ebfng ng\u01b0\u1eddi k\u00eau van th\u1ea3m thi\u1ebft.<\/p>\n<p>D\u01b0\u1edbi \u00e1nh \u0111\u00e8n m\u1edd, Vua L\u01b0\u01a1ng V\u00f5 \u0110\u1ebf l\u1ea1nh c\u1ea3 ng\u01b0\u1eddi, mu\u1ed1n ch\u1ea1y tr\u1ed1n, nh\u01b0ng kh\u00f4ng \u0111\u01b0\u1ee3c. Vua b\u00e8n l\u00ean ti\u1ebfng h\u1ecfi: \u201cNg\u01b0\u01a1i l\u00e0 ai m\u00e0 \u0111\u00eam khuya thanh v\u1eafng nghi\u00eam m\u1eadt th\u1ebf n\u00e0y l\u1ea1i v\u00e0o \u0111\u00e2y \u0111\u01b0\u1ee3c?\u201d \u2013 Ho\u00e0ng \u0111\u1ebf \u01a1i! Thi\u1ebfp \u0111\u00e2y ch\u00ednh l\u00e0 Hy Th\u1ecb. V\u00ec qu\u00e1 \u0111\u1ed9c \u00e1c n\u00ean ch\u1ebft r\u1ed3i thi\u1ebfp ph\u1ea3i \u0111\u1ecda l\u00e0m r\u1eafn m\u00e3n x\u00e0. Ng\u00e0y \u0111\u00eam \u0111au kh\u1ed5, th\u00e2n th\u1ec3 tanh h\u00f4i, vi v\u1ea9y \u0111\u1ec1u b\u1ecb s\u00e2u tr\u00f9ng r\u00fac r\u1ec9a nh\u1ee9c nh\u1ed1i kh\u00f4ng th\u1ec3 ch\u1ecbu \u0111\u01b0\u1ee3c.<\/p>\n<p>Nh\u1edb l\u1ea1i t\u00ecnh c\u1ea7m s\u1eafc x\u01b0a kia n\u00ean thi\u1ebfp \u0111\u1ebfn \u0111\u00e2y mong nh\u1edd Ho\u00e0ng \u0111\u1ebf t\u00ecm ph\u01b0\u01a1ng c\u1ee9u thi\u1ebfp. N\u00f3i r\u1ed3i bi\u1ebfn m\u1ea5t. Nghe xong, Vua L\u01b0\u01a1ng V\u00f5 \u0110\u1ebf nh\u01b0 tho\u00e1t c\u01a1n \u00e1c m\u1ed9ng v\u00e0 l\u00f2ng \u0111au nh\u01b0 dao c\u1eaft! Ng\u00e0y mai khi l\u00e2m Tri\u1ec1u, Vua k\u1ec3 l\u1ea1i chuy\u1ec7n \u1ea5y cho b\u00e1 quan nghe \u0111\u1ec3 t\u00ecm ph\u01b0\u01a1ng c\u1ee9u v\u1edbt Hy Th\u1ecb.<\/p>\n<p>Trong s\u1ed1 c\u00e1c quan c\u00f3 ng\u01b0\u1eddi \u0111\u1ec1 ngh\u1ecb: Xin cung th\u1ec9nh H\u00f2a th\u01b0\u1ee3ng Ch\u00ed C\u00f4ng lo vi\u1ec7c n\u00e0y. Vua l\u01b0\u01a1ng V\u00f5 \u0110\u1ebf ch\u1ea5p thu\u1eadn.H\u00f2a th\u01b0\u1ee3ng Ch\u00ed C\u00f4ng l\u00e0 m\u1ed9t cao t\u0103ng \u0111\u1eafc \u0111\u1ea1o \u0111\u01b0\u01a1ng th\u1eddi. Th\u1ec3 theo l\u1eddi th\u1ec9nh c\u1ea7u c\u1ee7a nh\u00e0 Vua, ng\u00e0i li\u1ec1n tri\u1ec7u t\u1eadp c\u00e1cdanh t\u0103ng so\u1ea1n ra S\u00e1m Ph\u00e1p n\u00e0y v\u00e0 l\u1eadp \u0110\u00e0n tr\u00e0ng l\u00e0m l\u1ec5 s\u00e1m h\u1ed1i cho Ho\u00e0ng h\u1eadu Hy Th\u1ecb.<\/p>\n<p>Nh\u00e0 Vua ch\u00ed t\u00e2m, th\u00e2n h\u00e0nh l\u1ec5 b\u00e1i. V\u00e0i h\u00f4m \u0111\u1ea7u, ng\u01b0\u1eddi ta nghe c\u00f3 m\u00f9i h\u01b0\u01a1ng l\u1ea1 th\u01a1m n\u1ee9c, ng\u00e0o ng\u1ea1t kh\u1eafp c\u1ea3 \u0111\u1ea1o tr\u00e0ng.<\/p>\n<p>L\u1ec5 t\u1ee5ng \u0111\u1ebfn quy\u1ec3n th\u1ee9 n\u0103m, ngay t\u1ea1i ch\u1ed7, tr\u00ean kh\u00f4ng trung, Vua L\u01b0\u01a1ng V\u00f5 \u0110\u1ebf nghe c\u00f3 ti\u1ebfng c\u1ee7a Hy Th\u1ecb. B\u00e0 hi\u1ec7n th\u00e2nthi\u00ean n\u1eef \u0111\u1eb9p \u0111\u1ebd, n\u00f3i ti\u1ebfng ng\u01b0\u1edfi, t\u1ecf l\u00f2ng c\u00e1m \u01a1n H\u00f2a th\u01b0\u1ee3ng Ho\u00e0ng \u0111\u1ebf.<\/p>\n<p>Hy Th\u1ecb cho bi\u1ebft b\u00e0 \u0111\u00e3 tho\u00e1t n\u1ea1n v\u00e0 \u0111\u00e3 sanh l\u00ean \u0110ao L\u1ee3i Thi\u00ean Cung, nh\u1edd c\u00f4ng \u0111\u1ee9c s\u00e1m h\u1ed1i.<\/p>\n<p>T\u1eeb \u0111\u00f3 S\u00e1m Ph\u00e1p n\u00e0y \u0111\u01b0\u1ee3c truy\u1ec1n t\u1ee5ng kh\u1eafp n\u01a1i, r\u1ea5t th\u1ea1nh h\u00e0nh.<\/p>\n<p>B\u1ea3n ch\u00e1nh b\u1eb1ng H\u00e1n v\u0103n tr\u1ecdn b\u1ed9 10 quy\u1ec3n. Danh hi\u1ec7u Ph\u1eadt v\u00e0 l\u1eddi s\u00e1m \u0111\u1ec1u r\u00fat trong Tam T\u1ea1ng Th\u00e1nh gi\u00e1o \u0110\u1ea1i th\u1eeba.<\/p>\n<p>N\u0103m 1948 \u2013 1950, B\u1ed3 t\u00e1t gi\u1edbi Tu\u1ec7 Nhu\u1eadn v\u00e0 m\u1ed9t s\u1ed1 \u0111\u1ea1o h\u1eefu kh\u00e1 \u0111\u00f4ng \u1edf B\u1eafc vi\u1ec7t \u0111\u00e3 d\u1ecbch \u00e2m ra Vi\u1ec7t v\u0103n, th\u00e0nh 2 t\u1eadp.<\/p>\n<p>N\u0103m 1952, l\u00fac c\u00f2n tu h\u1ecdc \u1edf Ph\u1eadt h\u1ecdc vi\u1ec7n B\u00e1o qu\u1ed1c Hu\u1ebf, t\u00f4i b\u1eaft \u0111\u1ea7u d\u1ecbch ngh\u0129a b\u1ed9 n\u00e0y ra ti\u1ebfng Vi\u1ec7t, \u0111\u1ebfn nay m\u1edbi \u0111\u1ee7 c\u01a1 duy\u00ean xu\u1ea5t b\u1ea3n.<\/p>\n<p>T\u00f4i nguy\u1ec7n xin nh\u1edd c\u00f4ng \u0111\u1ee9c phi\u00ean d\u1ecbch n\u00e0y, h\u1ea7u mong \u0111\u1ec1n \u0111\u00e1p l\u1ea1i b\u1ed1n \u01a1n mu\u00f4n m\u1ed9t v\u00e0 c\u1ee9u gi\u00fap mu\u00f4n lo\u00e0i ph\u1ea7n n\u00e0o.<\/p>\n<p>T\u00f4i nguy\u1ec7n xin nh\u1edd c\u00f4ng \u0111\u1ee9c phi\u00ean d\u1ecbch n\u00e0y, h\u1ea7u mong gi\u00fap h\u00e0ng s\u01a1 c\u01a1 m\u1ed9t ph\u01b0\u01a1ng ph\u00e1p tu h\u00e0nh gi\u1ea3n d\u1ecb \u0111\u1ec3 c\u1ea3i \u00e1c t\u00f9ng thi\u1ec7n, \u0111\u1ec3 \u0111i T\u00e2y ph\u01b0\u01a1ng v\u1ec1 L\u1ea1c Qu\u1ed1c.<\/p>\n<p>T\u00f4i nguy\u1ec7n xin nh\u1edd c\u00f4ng \u0111\u1ee9c phi\u00ean d\u1ecbch n\u00e0y l\u00e0m cho ng\u01b0\u1eddi tu h\u00e0nh ng\u00e0y c\u00e0ng tinh ti\u1ebfn, nghi\u1ec7p ch\u01b0\u1edbng ch\u00f3ng ti\u00eau tr\u1eeb,th\u00e2n t\u00e2m th\u01b0\u1eddng an l\u1ea1c v\u00e0 s\u1edf c\u1ea7u \u0111\u01b0\u1ee3c nh\u01b0 nguy\u1ec7n.<\/p>\n<p>T\u00f4i c\u0169ng xin c\u1ea7u nguy\u1ec7n cho t\u1ea5t c\u1ea3 ng\u01b0\u1eddi th\u1ea5y, ng\u01b0\u1eddi nghe, ng\u01b0\u1eddi h\u1ee7y b\u00e1ng, ng\u01b0\u1eddi t\u00f9y h\u1ef7, \u0111\u1ec1u \u0111\u01b0\u1ee3c l\u1ee3i l\u1ea1c, tho\u00e1t kh\u1ed5 n\u00e3o, v\u00e0 nguy\u1ec7n xin cho t\u1ea5t c\u1ea3 ch\u00fang sanh x\u1ea3 ly t\u00e0 ki\u1ebfn, bi\u1ebft s\u00e1m h\u1ed1i.<\/p>\n","protected":false},"excerpt":{"rendered":"<p>Theo l\u1eddi t\u1ef1a trong ch\u00e1nh v\u0103n th\u00ec b\u1ed9 L\u01af\u01a0NG HO\u00c0NG S\u00c1M n\u00e0y do H\u00f2a th\u01b0\u1ee3ng Ch\u00ed C\u00f4ng bi\u00ean t\u1eadp t\u1eeb \u0111\u1eddi Vua L\u01b0\u01a1ng V\u00f5 \u0110\u1ebfb\u00ean T\u1ea7u.<\/p>\n<p>Nguy\u00ean Vua L\u01b0\u01a1ng V\u00f5 \u0110\u1ebf, c\u00f3 m\u1ed9t b\u00e0 Ho\u00e0ng h\u1eadu y\u00eau qu\u00fd nh\u1ea5t t\u00ean l\u00e0 Hy Th\u1ecb. V\u00ec \u0111\u01b0\u1ee3c vua y\u00eau qu\u00fd n\u00ean l\u00f2ng \u0111\u1ed1 k\u1ef5 c\u1ee7a b\u00e0 ng\u00e0y c\u00e0ng l\u00ean cao; Hy Th\u1ecb ganh t\u1ecb c\u00e1c cung phi, \u0111\u1ed9c \u00e1c v\u1edbi m\u1ecdi ng\u01b0\u1eddi v\u00e0 h\u1ee7y b\u00e1ng Tam B\u1ea3o. Trong Tri\u1ec1u ngo\u00e0i Qu\u1eadn ai c\u0169ng bi\u1ebft B\u00e0 Hy Th\u1ecb l\u00e0 m\u1ed9t \u201cqu\u00e1i phi\u201d.<\/p>\n<p>Sau b\u00e0 nhu\u1ed1m b\u1ec7nh n\u1eb7ng, c\u00e1c l\u01b0\u01a1ng y \u0111\u1ec1u th\u00fac th\u1ee7, b\u00e0 ph\u1ea3i t\u1eeb tr\u1ea7n. M\u1ed9t h\u00f4m v\u00e0o l\u00fac \u0111\u00eam khuya, \u0111ang ng\u1ed3i trong cung t\u1ecbch m\u1ecbch. Vua L\u01b0\u01a1ng V\u00f5 \u0110\u1ebf nghe ti\u1ebfng ng\u01b0\u1eddi k\u00eau van th\u1ea3m thi\u1ebft.<\/p>\n<p>D\u01b0\u1edbi \u00e1nh \u0111\u00e8n m\u1edd, Vua L\u01b0\u01a1ng V\u00f5 \u0110\u1ebf l\u1ea1nh c\u1ea3 ng\u01b0\u1eddi, mu\u1ed1n ch\u1ea1y tr\u1ed1n, nh\u01b0ng kh\u00f4ng \u0111\u01b0\u1ee3c. Vua b\u00e8n l\u00ean ti\u1ebfng h\u1ecfi: \u201cNg\u01b0\u01a1i l\u00e0 ai m\u00e0 \u0111\u00eam khuya thanh v\u1eafng nghi\u00eam m\u1eadt th\u1ebf n\u00e0y l\u1ea1i v\u00e0o \u0111\u00e2y \u0111\u01b0\u1ee3c?\u201d \u2013 Ho\u00e0ng \u0111\u1ebf \u01a1i! Thi\u1ebfp \u0111\u00e2y ch\u00ednh l\u00e0 Hy Th\u1ecb. V\u00ec qu\u00e1 \u0111\u1ed9c \u00e1c n\u00ean ch\u1ebft r\u1ed3i thi\u1ebfp ph\u1ea3i \u0111\u1ecda l\u00e0m r\u1eafn m\u00e3n x\u00e0. Ng\u00e0y \u0111\u00eam \u0111au kh\u1ed5, th\u00e2n th\u1ec3 tanh h\u00f4i, vi v\u1ea9y \u0111\u1ec1u b\u1ecb s\u00e2u tr\u00f9ng r\u00fac r\u1ec9a nh\u1ee9c nh\u1ed1i kh\u00f4ng th\u1ec3 ch\u1ecbu \u0111\u01b0\u1ee3c.<\/p>\n<p>Nh\u1edb l\u1ea1i t\u00ecnh c\u1ea7m s\u1eafc x\u01b0a kia n\u00ean thi\u1ebfp \u0111\u1ebfn \u0111\u00e2y mong nh\u1edd Ho\u00e0ng \u0111\u1ebf t\u00ecm ph\u01b0\u01a1ng c\u1ee9u thi\u1ebfp. N\u00f3i r\u1ed3i bi\u1ebfn m\u1ea5t. Nghe xong, Vua L\u01b0\u01a1ng V\u00f5 \u0110\u1ebf nh\u01b0 tho\u00e1t c\u01a1n \u00e1c m\u1ed9ng v\u00e0 l\u00f2ng \u0111au nh\u01b0 dao c\u1eaft! Ng\u00e0y mai khi l\u00e2m Tri\u1ec1u, Vua k\u1ec3 l\u1ea1i chuy\u1ec7n \u1ea5y cho b\u00e1 quan nghe \u0111\u1ec3 t\u00ecm ph\u01b0\u01a1ng c\u1ee9u v\u1edbt Hy Th\u1ecb.<\/p>\n<p>Trong s\u1ed1 c\u00e1c quan c\u00f3 ng\u01b0\u1eddi \u0111\u1ec1 ngh\u1ecb: Xin cung th\u1ec9nh H\u00f2a th\u01b0\u1ee3ng Ch\u00ed C\u00f4ng lo vi\u1ec7c n\u00e0y. Vua l\u01b0\u01a1ng V\u00f5 \u0110\u1ebf ch\u1ea5p thu\u1eadn.H\u00f2a th\u01b0\u1ee3ng Ch\u00ed C\u00f4ng l\u00e0 m\u1ed9t cao t\u0103ng \u0111\u1eafc \u0111\u1ea1o \u0111\u01b0\u01a1ng th\u1eddi. Th\u1ec3 theo l\u1eddi th\u1ec9nh c\u1ea7u c\u1ee7a nh\u00e0 Vua, ng\u00e0i li\u1ec1n tri\u1ec7u t\u1eadp c\u00e1cdanh t\u0103ng so\u1ea1n ra S\u00e1m Ph\u00e1p n\u00e0y v\u00e0 l\u1eadp \u0110\u00e0n tr\u00e0ng l\u00e0m l\u1ec5 s\u00e1m h\u1ed1i cho Ho\u00e0ng h\u1eadu Hy Th\u1ecb.<\/p>\n<p>Nh\u00e0 Vua ch\u00ed t\u00e2m, th\u00e2n h\u00e0nh l\u1ec5 b\u00e1i. V\u00e0i h\u00f4m \u0111\u1ea7u, ng\u01b0\u1eddi ta nghe c\u00f3 m\u00f9i h\u01b0\u01a1ng l\u1ea1 th\u01a1m n\u1ee9c, ng\u00e0o ng\u1ea1t kh\u1eafp c\u1ea3 \u0111\u1ea1o tr\u00e0ng.<\/p>\n<p>L\u1ec5 t\u1ee5ng \u0111\u1ebfn quy\u1ec3n th\u1ee9 n\u0103m, ngay t\u1ea1i ch\u1ed7, tr\u00ean kh\u00f4ng trung, Vua L\u01b0\u01a1ng V\u00f5 \u0110\u1ebf nghe c\u00f3 ti\u1ebfng c\u1ee7a Hy Th\u1ecb. B\u00e0 hi\u1ec7n th\u00e2nthi\u00ean n\u1eef \u0111\u1eb9p \u0111\u1ebd, n\u00f3i ti\u1ebfng ng\u01b0\u1edfi, t\u1ecf l\u00f2ng c\u00e1m \u01a1n H\u00f2a th\u01b0\u1ee3ng Ho\u00e0ng \u0111\u1ebf.<\/p>\n<p>Hy Th\u1ecb cho bi\u1ebft b\u00e0 \u0111\u00e3 tho\u00e1t n\u1ea1n v\u00e0 \u0111\u00e3 sanh l\u00ean \u0110ao L\u1ee3i Thi\u00ean Cung, nh\u1edd c\u00f4ng \u0111\u1ee9c s\u00e1m h\u1ed1i.<\/p>\n<p>T\u1eeb \u0111\u00f3 S\u00e1m Ph\u00e1p n\u00e0y \u0111\u01b0\u1ee3c truy\u1ec1n t\u1ee5ng kh\u1eafp n\u01a1i, r\u1ea5t th\u1ea1nh h\u00e0nh.<\/p>\n<p>B\u1ea3n ch\u00e1nh b\u1eb1ng H\u00e1n v\u0103n tr\u1ecdn b\u1ed9 10 quy\u1ec3n. Danh hi\u1ec7u Ph\u1eadt v\u00e0 l\u1eddi s\u00e1m \u0111\u1ec1u r\u00fat trong Tam T\u1ea1ng Th\u00e1nh gi\u00e1o \u0110\u1ea1i th\u1eeba.<\/p>\n<p>N\u0103m 1948 \u2013 1950, B\u1ed3 t\u00e1t gi\u1edbi Tu\u1ec7 Nhu\u1eadn v\u00e0 m\u1ed9t s\u1ed1 \u0111\u1ea1o h\u1eefu kh\u00e1 \u0111\u00f4ng \u1edf B\u1eafc vi\u1ec7t \u0111\u00e3 d\u1ecbch \u00e2m ra Vi\u1ec7t v\u0103n, th\u00e0nh 2 t\u1eadp.<\/p>\n<p>N\u0103m 1952, l\u00fac c\u00f2n tu h\u1ecdc \u1edf Ph\u1eadt h\u1ecdc vi\u1ec7n B\u00e1o qu\u1ed1c Hu\u1ebf, t\u00f4i b\u1eaft \u0111\u1ea7u d\u1ecbch ngh\u0129a b\u1ed9 n\u00e0y ra ti\u1ebfng Vi\u1ec7t, \u0111\u1ebfn nay m\u1edbi \u0111\u1ee7 c\u01a1 duy\u00ean xu\u1ea5t b\u1ea3n.<\/p>\n<p>T\u00f4i nguy\u1ec7n xin nh\u1edd c\u00f4ng \u0111\u1ee9c phi\u00ean d\u1ecbch n\u00e0y, h\u1ea7u mong \u0111\u1ec1n \u0111\u00e1p l\u1ea1i b\u1ed1n \u01a1n mu\u00f4n m\u1ed9t v\u00e0 c\u1ee9u gi\u00fap mu\u00f4n lo\u00e0i ph\u1ea7n n\u00e0o.<\/p>\n<p>T\u00f4i nguy\u1ec7n xin nh\u1edd c\u00f4ng \u0111\u1ee9c phi\u00ean d\u1ecbch n\u00e0y, h\u1ea7u mong gi\u00fap h\u00e0ng s\u01a1 c\u01a1 m\u1ed9t ph\u01b0\u01a1ng ph\u00e1p tu h\u00e0nh gi\u1ea3n d\u1ecb \u0111\u1ec3 c\u1ea3i \u00e1c t\u00f9ng thi\u1ec7n, \u0111\u1ec3 \u0111i T\u00e2y ph\u01b0\u01a1ng v\u1ec1 L\u1ea1c Qu\u1ed1c.<\/p>\n<p>T\u00f4i nguy\u1ec7n xin nh\u1edd c\u00f4ng \u0111\u1ee9c phi\u00ean d\u1ecbch n\u00e0y l\u00e0m cho ng\u01b0\u1eddi tu h\u00e0nh ng\u00e0y c\u00e0ng tinh ti\u1ebfn, nghi\u1ec7p ch\u01b0\u1edbng ch\u00f3ng ti\u00eau tr\u1eeb,th\u00e2n t\u00e2m th\u01b0\u1eddng an l\u1ea1c v\u00e0 s\u1edf c\u1ea7u \u0111\u01b0\u1ee3c nh\u01b0 nguy\u1ec7n.<\/p>\n<p>T\u00f4i c\u0169ng xin c\u1ea7u nguy\u1ec7n cho t\u1ea5t c\u1ea3 ng\u01b0\u1eddi th\u1ea5y, ng\u01b0\u1eddi nghe, ng\u01b0\u1eddi h\u1ee7y b\u00e1ng, ng\u01b0\u1eddi t\u00f9y h\u1ef7, \u0111\u1ec1u \u0111\u01b0\u1ee3c l\u1ee3i l\u1ea1c, tho\u00e1t kh\u1ed5 n\u00e3o, v\u00e0 nguy\u1ec7n xin cho t\u1ea5t c\u1ea3 ch\u00fang sanh x\u1ea3 ly t\u00e0 ki\u1ebfn, bi\u1ebft s\u00e1m h\u1ed1i.<\/p>\n","protected":false},"featured_media":15057,"template":"","meta":{"_acf_changed":false},"product_brand":[],"product_cat":[15,76],"product_tag":[],"class_list":{"0":"post-15058","1":"product","2":"type-product","3":"status-publish","4":"has-post-thumbnail","6":"product_cat-sach-danh-cho-nguoi-lon","7":"product_cat-ton-giao-tam-linh","9":"first","10":"outofstock","11":"taxable","12":"shipping-taxable","13":"purchasable","14":"product-type-simple"},"supplier_id":null,"supplier_sku":"","barcode":null,"atum_controlled":true,"out_stock_date":"2024-08-12 12:43:32","out_stock_threshold":null,"inheritable":false,"inbound_stock":0,"stock_on_hold":0,"sold_today":0,"sales_last_days":0,"reserved_stock":0,"customer_returns":0,"warehouse_damage":0,"lost_in_post":0,"other_logs":0,"out_stock_days":534,"lost_sales":0,"has_location":false,"update_date":"2026-01-28T23:11:21","atum_locations":[],"atum_stock_status":"outofstock","restock_status":false,"low_stock_amount":"","sales_update_date":"2026-01-28T23:11:21","calc_backorders":null,"acf":{"publisher":{"ID":15056,"post_author":"1","post_date":"2021-08-04 14:49:48","post_date_gmt":"2021-08-04 11:49:48","post_content":"","post_title":"H\u01b0\u01a1ng Trang","post_excerpt":"","post_status":"publish","comment_status":"closed","ping_status":"closed","post_password":"","post_name":"huong-trang","to_ping":"","pinged":"","post_modified":"2021-08-04 14:49:48","post_modified_gmt":"2021-08-04 11:49:48","post_content_filtered":"","post_parent":0,"guid":"https:\/\/sachviet.eu\/nha-phat-hanh\/huong-trang\/","menu_order":0,"post_type":"publisher","post_mime_type":"","comment_count":"0","filter":"raw"}},"_links":{"self":[{"href":"https:\/\/sachviet.eu\/en\/wp-json\/wp\/v2\/product\/15058","targetHints":{"allow":["GET"]}}],"collection":[{"href":"https:\/\/sachviet.eu\/en\/wp-json\/wp\/v2\/product"}],"about":[{"href":"https:\/\/sachviet.eu\/en\/wp-json\/wp\/v2\/types\/product"}],"wp:featuredmedia":[{"embeddable":true,"href":"https:\/\/sachviet.eu\/en\/wp-json\/wp\/v2\/media\/15057"}],"wp:attachment":[{"href":"https:\/\/sachviet.eu\/en\/wp-json\/wp\/v2\/media?parent=15058"}],"wp:term":[{"taxonomy":"product_brand","embeddable":true,"href":"https:\/\/sachviet.eu\/en\/wp-json\/wp\/v2\/product_brand?post=15058"},{"taxonomy":"product_cat","embeddable":true,"href":"https:\/\/sachviet.eu\/en\/wp-json\/wp\/v2\/product_cat?post=15058"},{"taxonomy":"product_tag","embeddable":true,"href":"https:\/\/sachviet.eu\/en\/wp-json\/wp\/v2\/product_tag?post=15058"}],"curies":[{"name":"wp","href":"https:\/\/api.w.org\/{rel}","templated":true}]}}