{"id":15055,"date":"2021-08-04T14:49:44","date_gmt":"2021-08-04T11:49:44","guid":{"rendered":"https:\/\/sachviet.eu\/shop\/cam-nang-sinh-hoat-bang-tranh-cho-be-tron-bo-4-quyen\/"},"modified":"2021-08-25T00:15:20","modified_gmt":"2021-08-24T21:15:20","slug":"cam-nang-sinh-hoat-bang-tranh-cho-be-tron-bo-4-quyen","status":"publish","type":"product","link":"https:\/\/sachviet.eu\/en\/shop\/cam-nang-sinh-hoat-bang-tranh-cho-be-tron-bo-4-quyen\/","title":{"rendered":"C\u1ea9m Nang Sinh Ho\u1ea1t B\u1eb1ng Tranh Cho B\u00e9 &#8211; Tr\u1ecdn b\u1ed9 4 quy\u1ec3n"},"content":{"rendered":"<p>\u201cC\u1ea9m nang sinh ho\u1ea1t b\u1eb1ng tranh cho b\u00e9\u201d l\u00e0 b\u1ed9 s\u00e1ch gi\u00e1o d\u1ee5c b\u1eb1ng tranh, kh\u1ed5 to, g\u1ed3m 4 cu\u1ed1n l\u00e0 nh\u1eefng ch\u1ec9 d\u1eabn c\u1ee5 th\u1ec3 b\u1eb1ng tranh v\u1ec1 c\u00e1c qui t\u1eafc, c\u00e1ch th\u1ee9c \u1ee9ng x\u1eed, ho\u1ea1t \u0111\u1ed9ng trong cu\u1ed9c s\u1ed1ng h\u00e0ng ng\u00e0y cho tr\u1ebb t\u1eeb kho\u1ea3ng 3 tu\u1ed5i \u0111\u1ebfn khi v\u00e0o l\u1edbp 1.<\/p>\n<p>C\u00e1c h\u01b0\u1edbng d\u1eabn trong s\u00e1ch tuy \u0111\u01a1n gi\u1ea3n, g\u1ea7n g\u0169i nh\u01b0ng r\u1ea5t quan tr\u1ecdng trong qu\u00e1 tr\u00ecnh ph\u00e1t tri\u1ec3n c\u1ee7a tr\u1ebb, gi\u00fap tr\u1ebb c\u00f3 t\u00ednh t\u1ef1 l\u1eadp, bi\u1ebft gi\u00fap \u0111\u1ee1 \u00f4ng b\u00e0 b\u1ed1 m\u1eb9, \u0111\u1ed1i x\u1eed t\u1ed1t v\u1edbi m\u1ecdi ng\u01b0\u1eddi xung quanh.<\/p>\n<p>Cu\u1ed1n \u201cK\u0129 n\u0103ng trong sinh ho\u1ea1t th\u01b0\u1eddng ng\u00e0y\u201d h\u01b0\u1edbng d\u1eabn cho c\u00e1c em t\u1ef1 l\u00e0m nh\u1eefng vi\u1ec7c \u0111\u01a1n gi\u1ea3n nh\u01b0 g\u1ea5p ch\u0103n m\u00e0n, qu\u1ea7n \u00e1o, \u0111\u00e1nh r\u0103ng, r\u1eeda m\u1eb7t, t\u1ef1 d\u1ecdn \u0111\u1ed3 ch\u01a1i sau khi ch\u01a1i xong, t\u1ef1 m\u1eb7c qu\u1ea7n \u00e1o, \u0111i ng\u1ee7 \u0111\u00fang gi\u1edd\u2026<\/p>\n<p>Cu\u1ed1n \u201cK\u0129 n\u0103ng khi \u0103n u\u1ed1ng\u201d h\u01b0\u1edbng d\u1eabn c\u00e1c em t\u1eeb c\u00e1ch c\u1ea7m th\u00eca, \u0111\u0169a sao cho \u0111\u00fang c\u00e1ch, r\u1eeda tay tr\u01b0\u1edbc khi \u0103n, l\u1ea5y l\u01b0\u1ee3ng th\u1ee9c \u0103n v\u1eeba \u0111\u1ee7 \u0103n, \u0103n h\u1ebft ph\u1ea7n c\u1ee7a m\u00ecnh\u2026<\/p>\n<p>V\u00e0 c\u00f2n r\u1ea5t nhi\u1ec1u nh\u1eefng b\u00e0i h\u1ecdc th\u00fa v\u1ecb kh\u00e1c \u0111ang ch\u1edd \u0111\u00f3n c\u00e1c em!<\/p>\n<p>1. C\u1ea9m Nang Sinh Ho\u1ea1t B\u1eb1ng Tranh Cho B\u00e9 T\u1eadp 1: K\u0129 N\u0103ng Sinh Ho\u1ea1t Th\u01b0\u1eddng Ng\u00e0y (T\u00e1i B\u1ea3n 2019)<\/p>\n<p>2. C\u1ea9m Nang Sinh Ho\u1ea1t B\u1eb1ng Tranh Cho B\u00e9 T\u1eadp 2: K\u0129 N\u0103ng Khi \u0102n U\u1ed1ng (T\u00e1i B\u1ea3n 2019)<\/p>\n<p>3. C\u1ea9m Nang Sinh Ho\u1ea1t B\u1eb1ng Tranh Cho B\u00e9 T\u1eadp 3: K\u0129 N\u0103ng \u0110i Ra Ngo\u00e0i (T\u00e1i B\u1ea3n 2019)<\/p>\n<p>4. C\u1ea9m Nang Sinh Ho\u1ea1t B\u1eb1ng Tranh Cho B\u00e9 T\u1eadp 4: K\u0129 N\u0103ng Giao Ti\u1ebfp (T\u00e1i B\u1ea3n 2019)<\/p>\n","protected":false},"excerpt":{"rendered":"<p>\u201cC\u1ea9m nang sinh ho\u1ea1t b\u1eb1ng tranh cho b\u00e9\u201d l\u00e0 b\u1ed9 s\u00e1ch gi\u00e1o d\u1ee5c b\u1eb1ng tranh, kh\u1ed5 to, g\u1ed3m 4 cu\u1ed1n l\u00e0 nh\u1eefng ch\u1ec9 d\u1eabn c\u1ee5 th\u1ec3 b\u1eb1ng tranh v\u1ec1 c\u00e1c qui t\u1eafc, c\u00e1ch th\u1ee9c \u1ee9ng x\u1eed, ho\u1ea1t \u0111\u1ed9ng trong cu\u1ed9c s\u1ed1ng h\u00e0ng ng\u00e0y cho tr\u1ebb t\u1eeb kho\u1ea3ng 3 tu\u1ed5i \u0111\u1ebfn khi v\u00e0o l\u1edbp 1.<\/p>\n<p>C\u00e1c h\u01b0\u1edbng d\u1eabn trong s\u00e1ch tuy \u0111\u01a1n gi\u1ea3n, g\u1ea7n g\u0169i nh\u01b0ng r\u1ea5t quan tr\u1ecdng trong qu\u00e1 tr\u00ecnh ph\u00e1t tri\u1ec3n c\u1ee7a tr\u1ebb, gi\u00fap tr\u1ebb c\u00f3 t\u00ednh t\u1ef1 l\u1eadp, bi\u1ebft gi\u00fap \u0111\u1ee1 \u00f4ng b\u00e0 b\u1ed1 m\u1eb9, \u0111\u1ed1i x\u1eed t\u1ed1t v\u1edbi m\u1ecdi ng\u01b0\u1eddi xung quanh.<\/p>\n<p>Cu\u1ed1n \u201cK\u0129 n\u0103ng trong sinh ho\u1ea1t th\u01b0\u1eddng ng\u00e0y\u201d h\u01b0\u1edbng d\u1eabn cho c\u00e1c em t\u1ef1 l\u00e0m nh\u1eefng vi\u1ec7c \u0111\u01a1n gi\u1ea3n nh\u01b0 g\u1ea5p ch\u0103n m\u00e0n, qu\u1ea7n \u00e1o, \u0111\u00e1nh r\u0103ng, r\u1eeda m\u1eb7t, t\u1ef1 d\u1ecdn \u0111\u1ed3 ch\u01a1i sau khi ch\u01a1i xong, t\u1ef1 m\u1eb7c qu\u1ea7n \u00e1o, \u0111i ng\u1ee7 \u0111\u00fang gi\u1edd\u2026<\/p>\n<p>Cu\u1ed1n \u201cK\u0129 n\u0103ng khi \u0103n u\u1ed1ng\u201d h\u01b0\u1edbng d\u1eabn c\u00e1c em t\u1eeb c\u00e1ch c\u1ea7m th\u00eca, \u0111\u0169a sao cho \u0111\u00fang c\u00e1ch, r\u1eeda tay tr\u01b0\u1edbc khi \u0103n, l\u1ea5y l\u01b0\u1ee3ng th\u1ee9c \u0103n v\u1eeba \u0111\u1ee7 \u0103n, \u0103n h\u1ebft ph\u1ea7n c\u1ee7a m\u00ecnh\u2026<\/p>\n<p>V\u00e0 c\u00f2n r\u1ea5t nhi\u1ec1u nh\u1eefng b\u00e0i h\u1ecdc th\u00fa v\u1ecb kh\u00e1c \u0111ang ch\u1edd \u0111\u00f3n c\u00e1c em!<\/p>\n<p>1. C\u1ea9m Nang Sinh Ho\u1ea1t B\u1eb1ng Tranh Cho B\u00e9 T\u1eadp 1: K\u0129 N\u0103ng Sinh Ho\u1ea1t Th\u01b0\u1eddng Ng\u00e0y (T\u00e1i B\u1ea3n 2019)<\/p>\n<p>2. C\u1ea9m Nang Sinh Ho\u1ea1t B\u1eb1ng Tranh Cho B\u00e9 T\u1eadp 2: K\u0129 N\u0103ng Khi \u0102n U\u1ed1ng (T\u00e1i B\u1ea3n 2019)<\/p>\n<p>3. C\u1ea9m Nang Sinh Ho\u1ea1t B\u1eb1ng Tranh Cho B\u00e9 T\u1eadp 3: K\u0129 N\u0103ng \u0110i Ra Ngo\u00e0i (T\u00e1i B\u1ea3n 2019)<\/p>\n<p>4. C\u1ea9m Nang Sinh Ho\u1ea1t B\u1eb1ng Tranh Cho B\u00e9 T\u1eadp 4: K\u0129 N\u0103ng Giao Ti\u1ebfp (T\u00e1i B\u1ea3n 2019)<\/p>\n","protected":false},"featured_media":15054,"template":"","meta":{"_acf_changed":false},"product_brand":[],"product_cat":[24,25,17,26],"product_tag":[],"class_list":{"0":"post-15055","1":"product","2":"type-product","3":"status-publish","4":"has-post-thumbnail","6":"product_cat-nha-tre-mau-giao-0-tuoi-6-tuoi","7":"product_cat-nhi-dong-6-tuoi-12-tuoi","8":"product_cat-sach-danh-cho-cac-be","9":"product_cat-thieu-nien-11-tuoi-18-tuoi","11":"first","12":"outofstock","13":"taxable","14":"shipping-taxable","15":"purchasable","16":"product-type-simple"},"supplier_id":null,"supplier_sku":"","barcode":null,"atum_controlled":true,"out_stock_date":"2021-08-24 21:15:20","out_stock_threshold":null,"inheritable":false,"inbound_stock":0,"stock_on_hold":0,"sold_today":0,"sales_last_days":0,"reserved_stock":0,"customer_returns":0,"warehouse_damage":0,"lost_in_post":0,"other_logs":0,"out_stock_days":1618,"lost_sales":3464,"has_location":false,"update_date":"2026-01-28T23:10:55","atum_locations":[],"atum_stock_status":"outofstock","restock_status":false,"low_stock_amount":"","sales_update_date":"2026-01-28T23:10:55","calc_backorders":null,"acf":{"publisher":{"ID":1454,"post_author":"1","post_date":"2021-02-17 01:11:34","post_date_gmt":"2021-02-16 23:11:34","post_content":"<!-- wp:flatsome\/uxbuilder -->\n<h1 style=\"text-align: center;\"><strong>Kim \u0110\u1ed3ng<\/strong><\/h1>\n[row]\n\n[col span=\"3\" span__sm=\"12\"]\n\n[ux_image id=\"1534\" image_size=\"medium\"]\n\n\n[\/col]\n[col span=\"9\" span__sm=\"12\"]\n\n<p>Nh\u00e0 xu\u1ea5t b\u1ea3n Kim \u0110\u1ed3ng tr\u1ef1c thu\u1ed9c Trung \u01b0\u01a1ng \u0110o\u00e0n TNCS H\u1ed3 Ch\u00ed Minh l\u00e0 Nh\u00e0 xu\u1ea5t b\u1ea3n t\u1ed5ng h\u1ee3p c\u00f3 ch\u1ee9c n\u0103ng xu\u1ea5t b\u1ea3n s\u00e1ch v\u00e0 v\u0103n h\u00f3a ph\u1ea9m ph\u1ee5c v\u1ee5 thi\u1ebfu nhi v\u00e0 c\u00e1c b\u1eadc ph\u1ee5 huynh trong c\u1ea3 n\u01b0\u1edbc, qu\u1ea3ng b\u00e1 v\u00e0 gi\u1edbi thi\u1ec7u v\u0103n h\u00f3a Vi\u1ec7t Nam ra th\u1ebf gi\u1edbi.<br \/>Nh\u00e0 xu\u1ea5t b\u1ea3n c\u00f3 nhi\u1ec7m v\u1ee5 t\u1ed5 ch\u1ee9c b\u1ea3n th\u1ea3o, bi\u00ean so\u1ea1n, bi\u00ean d\u1ecbch, xu\u1ea5t b\u1ea3n v\u00e0 ph\u00e1t h\u00e0nh c\u00e1c xu\u1ea5t b\u1ea3n ph\u1ea9m c\u00f3 n\u1ed9i dung: gi\u00e1o d\u1ee5c truy\u1ec1n th\u1ed1ng d\u00e2n t\u1ed9c, gi\u00e1o d\u1ee5c v\u1ec1 tri th\u1ee9c, ki\u1ebfn th\u1ee9c\u2026 tr\u00ean c\u00e1c l\u0129nh v\u1ef1c v\u0103n h\u1ecdc, ngh\u1ec7 thu\u1eadt, khoa h\u1ecdc k\u1ef9 thu\u1eadt nh\u1eb1m cung c\u1ea5p cho c\u00e1c em thi\u1ebfu nhi c\u0169ng nh\u01b0 c\u00e1c b\u1eadc ph\u1ee5 huynh c\u00e1c ki\u1ebfn th\u1ee9c c\u1ea7n thi\u1ebft trong cu\u1ed9c s\u1ed1ng, nh\u1eefng tinh hoa c\u1ee7a tri th\u1ee9c nh\u00e2n lo\u1ea1i nh\u1eb1m g\u00f3p ph\u1ea7n gi\u00e1o d\u1ee5c v\u00e0 h\u00ecnh th\u00e0nh nh\u00e2n c\u00e1ch th\u1ebf h\u1ec7 tr\u1ebb.<br \/>\u0110\u1ed1i t\u01b0\u1ee3ng ph\u1ee5c v\u1ee5 c\u1ee7a Nh\u00e0 xu\u1ea5t b\u1ea3n l\u00e0 c\u00e1c em t\u1eeb tu\u1ed5i nh\u00e0 tr\u1ebb m\u1eabu gi\u00e1o (1 \u0111\u1ebfn 5 tu\u1ed5i), nhi \u0111\u1ed3ng (6 \u0111\u1ebfn 9 tu\u1ed5i), thi\u1ebfu ni\u00ean (10 \u0111\u1ebfn 15 tu\u1ed5i) \u0111\u1ebfn c\u00e1c em tu\u1ed5i m\u1edbi l\u1edbn (16 \u0111\u1ebfn 18 tu\u1ed5i) v\u00e0 c\u00e1c b\u1eadc ph\u1ee5 huynh.<\/p>\n\n[\/col]\n\n[\/row]\n\n<!-- \/wp:flatsome\/uxbuilder -->","post_title":"Kim \u0110\u1ed3ng","post_excerpt":"","post_status":"publish","comment_status":"closed","ping_status":"closed","post_password":"","post_name":"kim-dong","to_ping":"","pinged":"","post_modified":"2021-02-17 01:31:56","post_modified_gmt":"2021-02-16 23:31:56","post_content_filtered":"","post_parent":0,"guid":"https:\/\/sachviet.eu\/nha-phat-hanh\/kim-dong\/","menu_order":0,"post_type":"publisher","post_mime_type":"","comment_count":"0","filter":"raw"}},"_links":{"self":[{"href":"https:\/\/sachviet.eu\/en\/wp-json\/wp\/v2\/product\/15055","targetHints":{"allow":["GET"]}}],"collection":[{"href":"https:\/\/sachviet.eu\/en\/wp-json\/wp\/v2\/product"}],"about":[{"href":"https:\/\/sachviet.eu\/en\/wp-json\/wp\/v2\/types\/product"}],"wp:featuredmedia":[{"embeddable":true,"href":"https:\/\/sachviet.eu\/en\/wp-json\/wp\/v2\/media\/15054"}],"wp:attachment":[{"href":"https:\/\/sachviet.eu\/en\/wp-json\/wp\/v2\/media?parent=15055"}],"wp:term":[{"taxonomy":"product_brand","embeddable":true,"href":"https:\/\/sachviet.eu\/en\/wp-json\/wp\/v2\/product_brand?post=15055"},{"taxonomy":"product_cat","embeddable":true,"href":"https:\/\/sachviet.eu\/en\/wp-json\/wp\/v2\/product_cat?post=15055"},{"taxonomy":"product_tag","embeddable":true,"href":"https:\/\/sachviet.eu\/en\/wp-json\/wp\/v2\/product_tag?post=15055"}],"curies":[{"name":"wp","href":"https:\/\/api.w.org\/{rel}","templated":true}]}}