{"id":15053,"date":"2021-08-04T14:49:38","date_gmt":"2021-08-04T11:49:38","guid":{"rendered":"https:\/\/sachviet.eu\/shop\/boy-meets-maria\/"},"modified":"2021-09-03T08:48:31","modified_gmt":"2021-09-03T05:48:31","slug":"boy-meets-maria","status":"publish","type":"product","link":"https:\/\/sachviet.eu\/en\/shop\/boy-meets-maria\/","title":{"rendered":"Boy Meets Maria"},"content":{"rendered":"<p>Boy Meets Maria<\/p>\n<p>Taiga lu\u00f4n m\u01a1 \u01b0\u1edbc \u0111\u01b0\u1ee3c tr\u1edf th\u00e0nh ANH H\u00d9NG t\u1eeb khi c\u00f2n nh\u1ecf, v\u00e0 c\u1eadu \u0111\u00e3 g\u1eb7p \u0111\u01b0\u1ee3c c\u00f4 g\u00e1i c\u1ee7a \u0111\u1eddi m\u00ecnh sau khi thi \u0111\u1ed7 v\u00e0o c\u1ea5p 3. Ng\u01b0\u1eddi \u0111\u00f3 l\u00e0 Madonna c\u1ee7a c\u00e2u l\u1ea1c b\u1ed9 k\u1ecbch ngh\u1ec7, hay c\u00f2n \u0111\u01b0\u1ee3c g\u1ecdi l\u00e0 \u201cMaria\u201d.<\/p>\n<p>Taiga \u0111\u00e3 y\u00eau n\u00e0ng Maria n\u1ed5i b\u1eadt gi\u1eefa s\u00e2n kh\u1ea5u \u1ea5y t\u1eeb \u00e1nh m\u1eaft \u0111\u1ea7u ti\u00ean.<\/p>\n<p>Ngay trong ng\u00e0y \u0111\u1ea7u g\u1eb7p g\u1ee1, c\u1eadu b\u00e0y t\u1ecf hy v\u1ecdng mu\u1ed1n Maria tr\u1edf th\u00e0nh N\u1eee CH\u00cdNH C\u1ee6A \u0110\u1edcI M\u00ccNH v\u00e0 \u0111\u00e3 hy sinh v\u00f4 c\u00f9ng anh d\u0169ng.<\/p>\n<p>Nh\u01b0ng m\u1ef9 nh\u00e2n n\u1ed5i ti\u1ebfng \u0111\u00f3 h\u00f3a ra l\u1ea1i l\u00e0 XXX XXXX.<\/p>\n<p>\u0110\u00f3n \u0111\u1ecdc BOY MEETS MARIA, cu\u1ed1n manga BL n\u1eb1m trong Top 10 B\u1ea3ng x\u1ebfp h\u1ea1ng MANGA M\u1edaI c\u1ee7a BL AWARD 2019.<\/p>\n","protected":false},"excerpt":{"rendered":"<p>Boy Meets Maria<\/p>\n<p>Taiga lu\u00f4n m\u01a1 \u01b0\u1edbc \u0111\u01b0\u1ee3c tr\u1edf th\u00e0nh ANH H\u00d9NG t\u1eeb khi c\u00f2n nh\u1ecf, v\u00e0 c\u1eadu \u0111\u00e3 g\u1eb7p \u0111\u01b0\u1ee3c c\u00f4 g\u00e1i c\u1ee7a \u0111\u1eddi m\u00ecnh sau khi thi \u0111\u1ed7 v\u00e0o c\u1ea5p 3. Ng\u01b0\u1eddi \u0111\u00f3 l\u00e0 Madonna c\u1ee7a c\u00e2u l\u1ea1c b\u1ed9 k\u1ecbch ngh\u1ec7, hay c\u00f2n \u0111\u01b0\u1ee3c g\u1ecdi l\u00e0 \u201cMaria\u201d.<\/p>\n<p>Taiga \u0111\u00e3 y\u00eau n\u00e0ng Maria n\u1ed5i b\u1eadt gi\u1eefa s\u00e2n kh\u1ea5u \u1ea5y t\u1eeb \u00e1nh m\u1eaft \u0111\u1ea7u ti\u00ean.<\/p>\n<p>Ngay trong ng\u00e0y \u0111\u1ea7u g\u1eb7p g\u1ee1, c\u1eadu b\u00e0y t\u1ecf hy v\u1ecdng mu\u1ed1n Maria tr\u1edf th\u00e0nh N\u1eee CH\u00cdNH C\u1ee6A \u0110\u1edcI M\u00ccNH v\u00e0 \u0111\u00e3 hy sinh v\u00f4 c\u00f9ng anh d\u0169ng.<\/p>\n<p>Nh\u01b0ng m\u1ef9 nh\u00e2n n\u1ed5i ti\u1ebfng \u0111\u00f3 h\u00f3a ra l\u1ea1i l\u00e0 XXX XXXX.<\/p>\n<p>\u0110\u00f3n \u0111\u1ecdc BOY MEETS MARIA, cu\u1ed1n manga BL n\u1eb1m trong Top 10 B\u1ea3ng x\u1ebfp h\u1ea1ng MANGA M\u1edaI c\u1ee7a BL AWARD 2019.<\/p>\n","protected":false},"featured_media":15051,"template":"","meta":{"_acf_changed":false},"product_brand":[],"product_cat":[73,29,15],"product_tag":[],"class_list":{"0":"post-15053","1":"product","2":"type-product","3":"status-publish","4":"has-post-thumbnail","6":"product_cat-dam-my-ngon-tinh","7":"product_cat-manga-comics","8":"product_cat-sach-danh-cho-nguoi-lon","10":"first","11":"outofstock","12":"taxable","13":"shipping-taxable","14":"purchasable","15":"product-type-simple"},"supplier_id":null,"supplier_sku":"","barcode":null,"atum_controlled":true,"out_stock_date":"2021-09-03 05:48:31","out_stock_threshold":null,"inheritable":false,"inbound_stock":0,"stock_on_hold":0,"sold_today":0,"sales_last_days":0,"reserved_stock":0,"customer_returns":0,"warehouse_damage":0,"lost_in_post":0,"other_logs":0,"out_stock_days":1608,"lost_sales":0,"has_location":false,"update_date":"2026-01-28T23:10:55","atum_locations":[],"atum_stock_status":"outofstock","restock_status":false,"low_stock_amount":"","sales_update_date":"2026-01-28T23:10:55","calc_backorders":null,"acf":{"publisher":{"ID":12651,"post_author":"1","post_date":"2021-06-11 23:19:20","post_date_gmt":"2021-06-11 20:19:20","post_content":"","post_title":"XYZ","post_excerpt":"","post_status":"publish","comment_status":"closed","ping_status":"closed","post_password":"","post_name":"xyz","to_ping":"","pinged":"","post_modified":"2021-06-11 23:19:20","post_modified_gmt":"2021-06-11 20:19:20","post_content_filtered":"","post_parent":0,"guid":"https:\/\/sachviet.eu\/nha-phat-hanh\/xyz\/","menu_order":0,"post_type":"publisher","post_mime_type":"","comment_count":"0","filter":"raw"}},"_links":{"self":[{"href":"https:\/\/sachviet.eu\/en\/wp-json\/wp\/v2\/product\/15053","targetHints":{"allow":["GET"]}}],"collection":[{"href":"https:\/\/sachviet.eu\/en\/wp-json\/wp\/v2\/product"}],"about":[{"href":"https:\/\/sachviet.eu\/en\/wp-json\/wp\/v2\/types\/product"}],"wp:featuredmedia":[{"embeddable":true,"href":"https:\/\/sachviet.eu\/en\/wp-json\/wp\/v2\/media\/15051"}],"wp:attachment":[{"href":"https:\/\/sachviet.eu\/en\/wp-json\/wp\/v2\/media?parent=15053"}],"wp:term":[{"taxonomy":"product_brand","embeddable":true,"href":"https:\/\/sachviet.eu\/en\/wp-json\/wp\/v2\/product_brand?post=15053"},{"taxonomy":"product_cat","embeddable":true,"href":"https:\/\/sachviet.eu\/en\/wp-json\/wp\/v2\/product_cat?post=15053"},{"taxonomy":"product_tag","embeddable":true,"href":"https:\/\/sachviet.eu\/en\/wp-json\/wp\/v2\/product_tag?post=15053"}],"curies":[{"name":"wp","href":"https:\/\/api.w.org\/{rel}","templated":true}]}}