{"id":1505,"date":"2021-02-17T01:14:18","date_gmt":"2021-02-16T23:14:18","guid":{"rendered":"https:\/\/sachviet.eu\/shop\/doraemon-chu-meo-may-den-tu-tuong-lai-tap-0\/"},"modified":"2022-05-31T10:49:49","modified_gmt":"2022-05-31T07:49:49","slug":"doraemon-chu-meo-may-den-tu-tuong-lai-tap-0","status":"publish","type":"product","link":"https:\/\/sachviet.eu\/en\/shop\/doraemon-chu-meo-may-den-tu-tuong-lai-tap-0\/","title":{"rendered":"Doraemon &#8211; Ch\u00fa M\u00e8o M\u00e1y \u0110\u1ebfn T\u1eeb T\u01b0\u01a1ng Lai T\u1eadp 0"},"content":{"rendered":"<p>Doraemon l\u00e0 m\u1ed9t trong nh\u1eefng nh\u00e2n v\u1eadt truy\u1ec7n tranh n\u1ed5i ti\u1ebfng nh\u1ea5t th\u1ebf gi\u1edbi, t\u1ea1i Vi\u1ec7t Nam, t\u00e1c ph\u1ea9m c\u0169ng \u0111\u00e3 c\u00f3 g\u1ea7n 30 n\u0103m \u0111\u1ed3ng h\u00e0nh c\u00f9ng nhi\u1ec1u th\u1ebf h\u1ec7 \u0111\u1ed9c gi\u1ea3.<\/p>\n<p>D\u1eabu v\u1eady, r\u1ea5t \u00edt ng\u01b0\u1eddi bi\u1ebft r\u1eb1ng kh\u1edfi \u0111\u1ea7u c\u1ee7a t\u00e1c ph\u1ea9m Doraemon n\u0103m 1970 c\u00f3 \u0111\u1ebfn 6 ch\u01b0\u01a1ng m\u1edf \u0111\u1ea7u kh\u00e1c nhau v\u1edbi n\u1ed9i dung xoay quanh ch\u1ee7 \u0111\u1ec1 &#8220;Doraemon \u0111\u00e3 \u0111\u1ebfn v\u1edbi Nobita nh\u01b0 th\u1ebf n\u00e0o?&#8221;. \u0110\u00e2y l\u00e0 c\u00e1c ch\u01b0\u01a1ng truy\u1ec7n \u0111\u01b0\u1ee3c t\u00e1c gi\u1ea3 Fujiko F Fujio s\u00e1ng t\u00e1c d\u00e0nh cho c\u00e1c t\u1ea1p ch\u00ed kh\u00e1c nhau v\u1edbi c\u00e1c \u0111\u1ed1i t\u01b0\u1ee3ng \u0111\u1ed9c gi\u1ea3 ti\u1ec3u h\u1ecdc Nh\u1eadt B\u1ea3n th\u1eddi b\u1ea5y gi\u1edd.<\/p>\n<p>Nh\u00e2n k\u1ec9 ni\u1ec7m 50 n\u0103m ra \u0111\u1eddi Doraemon, Nh\u00e0 xu\u1ea5t b\u1ea3n Kim \u0110\u1ed3ng xin tr\u00e2n tr\u1ecdng gi\u1edbi thi\u1ec7u \u0111\u1ebfn b\u1ea1n \u0111\u1ecdc \u1ea5n ph\u1ea9m \u0111\u1eb7c bi\u1ec7t: Doraemon Vol.0 &#8211; \u1ea4n ph\u1ea9m t\u1eadp h\u1ee3p 6 ch\u01b0\u01a1ng truy\u1ec7n kh\u1edfi \u0111\u1ea7u k\u1ec3 tr\u00ean, \u0111\u01b0\u1ee3c gi\u1eef nguy\u00ean tranh m\u00e0u g\u1ed1c, k\u00e8m theo \u0111\u00f3 l\u00e0 k\u00ed s\u1ef1 v\u1ec1 qu\u00e1 tr\u00ecnh t\u1ea1o ra Doraemon \u0111\u01b0\u1ee3c ch\u00ednh t\u00e1c gi\u1ea3 t\u00e2m s\u1ef1 v\u00e0 chia s\u1ebb. C\u00f9ng r\u1ea5t nhi\u1ec1u t\u01b0 li\u1ec7u v\u00e0 nh\u1eefng c\u00e2u chuy\u1ec7n t\u1eeb khi b\u1ed9 truy\u1ec7n \u0111\u01b0\u1ee3c ph\u00e1t h\u00e0nh d\u00e0i k\u00ec kh\u00e1c. \u1ea4n ph\u1ea9m ch\u1eafc ch\u1eafn s\u1ebd l\u00e0m h\u00e0i l\u00f2ng nh\u1eefng \u0111\u1ed9c gi\u1ea3 y\u00eau m\u1ebfn ch\u00fa m\u00e8o \u00fa Doraemon su\u1ed1t 50 n\u0103m qua.Doraemon \u0111\u01b0\u1ee3c ch\u00ednh t\u00e1c gi\u1ea3 t\u00e2m s\u1ef1 v\u00e0 chia s\u1ebb. C\u00f9ng r\u1ea5t nhi\u1ec1u t\u01b0 li\u1ec7u v\u00e0 nh\u1eefng c\u00e2u chuy\u1ec7n t\u1eeb khi b\u1ed9 truy\u1ec7n \u0111\u01b0\u1ee3c ph\u00e1t h\u00e0nh d\u00e0i k\u00ec kh\u00e1c. \u1ea4n ph\u1ea9m ch\u1eafc ch\u1eafn s\u1ebd l\u00e0m h\u00e0i l\u00f2ng nh\u1eefng \u0111\u1ed9c gi\u1ea3 y\u00eau m\u1ebfn ch\u00fa m\u00e8o \u00fa Doraemon su\u1ed1t 50 n\u0103m qua.  <div class=\"banner-grid-wrapper\">\n  <div id=\"banner-grid-658641180\" class=\"banner-grid row row-grid row-small\" data-packery-options=\"\">\n                      <div class=\"col grid-col large-6 grid-col-1\" ><div class=\"col-inner\">\t<div class=\"img has-hover x md-x lg-x y md-y lg-y\" id=\"image_1659283026\">\n\t\t\t\t\t\t\t\t<div class=\"img-inner dark\" >\n\t\t\t<img loading=\"lazy\" decoding=\"async\" width=\"1020\" height=\"574\" src=\"https:\/\/sachviet.eu\/wp-content\/uploads\/2021\/02\/Doraemon-Wallpapers-1024x576.jpg\" class=\"attachment-large size-large\" alt=\"\" srcset=\"https:\/\/sachviet.eu\/wp-content\/uploads\/2021\/02\/Doraemon-Wallpapers-1024x576.jpg 1024w, https:\/\/sachviet.eu\/wp-content\/uploads\/2021\/02\/Doraemon-Wallpapers-300x169.jpg 300w, https:\/\/sachviet.eu\/wp-content\/uploads\/2021\/02\/Doraemon-Wallpapers-768x432.jpg 768w, https:\/\/sachviet.eu\/wp-content\/uploads\/2021\/02\/Doraemon-Wallpapers-1536x864.jpg 1536w, https:\/\/sachviet.eu\/wp-content\/uploads\/2021\/02\/Doraemon-Wallpapers-600x338.jpg 600w, https:\/\/sachviet.eu\/wp-content\/uploads\/2021\/02\/Doraemon-Wallpapers.jpg 1600w\" sizes=\"auto, (max-width: 1020px) 100vw, 1020px\" \/>\t\t\t\t\t\t\n\t\t\t\t\t<\/div>\n\t\t\t\t\t\t\t\t\n<style>\n#image_1659283026 {\n  width: 100%;\n}\n<\/style>\n\t<\/div>\n\t<\/div><\/div><div class=\"col grid-col large-6 grid-col-1\" ><div class=\"col-inner\">\t<div class=\"img has-hover x md-x lg-x y md-y lg-y\" id=\"image_2131737886\">\n\t\t\t\t\t\t\t\t<div class=\"img-inner dark\" >\n\t\t\t<img loading=\"lazy\" decoding=\"async\" width=\"900\" height=\"900\" src=\"https:\/\/sachviet.eu\/wp-content\/uploads\/2021\/02\/19875341_1218687674920276_6958406811729851261_n.jpg\" class=\"attachment-large size-large\" alt=\"\" srcset=\"https:\/\/sachviet.eu\/wp-content\/uploads\/2021\/02\/19875341_1218687674920276_6958406811729851261_n.jpg 900w, https:\/\/sachviet.eu\/wp-content\/uploads\/2021\/02\/19875341_1218687674920276_6958406811729851261_n-300x300.jpg 300w, https:\/\/sachviet.eu\/wp-content\/uploads\/2021\/02\/19875341_1218687674920276_6958406811729851261_n-150x150.jpg 150w, https:\/\/sachviet.eu\/wp-content\/uploads\/2021\/02\/19875341_1218687674920276_6958406811729851261_n-768x768.jpg 768w, https:\/\/sachviet.eu\/wp-content\/uploads\/2021\/02\/19875341_1218687674920276_6958406811729851261_n-600x600.jpg 600w, https:\/\/sachviet.eu\/wp-content\/uploads\/2021\/02\/19875341_1218687674920276_6958406811729851261_n-100x100.jpg 100w\" sizes=\"auto, (max-width: 900px) 100vw, 900px\" \/>\t\t\t\t\t\t\n\t\t\t\t\t<\/div>\n\t\t\t\t\t\t\t\t\n<style>\n#image_2131737886 {\n  width: 100%;\n}\n<\/style>\n\t<\/div>\n\t<\/div><\/div>            <\/div>\n    <style>\n    #banner-grid-658641180 .grid-col-1{height: 600px}\n    #banner-grid-658641180 .grid-col-1-2{height: 300px}\n    #banner-grid-658641180 .grid-col-1-3{height:200px}\n    #banner-grid-658641180 .grid-col-2-3{height: 400px}\n    #banner-grid-658641180 .grid-col-1-4{height: 150px}\n    #banner-grid-658641180 .grid-col-3-4{height: 450px}\n\n\n    \n    \n\n  <\/style>\n    <\/div>\n  \n","protected":false},"excerpt":{"rendered":"<p>Doraemon l\u00e0 m\u1ed9t trong nh\u1eefng nh\u00e2n v\u1eadt truy\u1ec7n tranh n\u1ed5i ti\u1ebfng nh\u1ea5t th\u1ebf gi\u1edbi, t\u1ea1i Vi\u1ec7t Nam, t\u00e1c ph\u1ea9m c\u0169ng \u0111\u00e3 c\u00f3 g\u1ea7n 30 n\u0103m \u0111\u1ed3ng h\u00e0nh c\u00f9ng nhi\u1ec1u th\u1ebf h\u1ec7 \u0111\u1ed9c gi\u1ea3.<\/p>\n<p>D\u1eabu v\u1eady, r\u1ea5t \u00edt ng\u01b0\u1eddi bi\u1ebft r\u1eb1ng kh\u1edfi \u0111\u1ea7u c\u1ee7a t\u00e1c ph\u1ea9m Doraemon n\u0103m 1970 c\u00f3 \u0111\u1ebfn 6 ch\u01b0\u01a1ng m\u1edf \u0111\u1ea7u kh\u00e1c nhau v\u1edbi n\u1ed9i dung xoay quanh ch\u1ee7 \u0111\u1ec1 &#8220;Doraemon \u0111\u00e3 \u0111\u1ebfn v\u1edbi Nobita nh\u01b0 th\u1ebf n\u00e0o?&#8221;. \u0110\u00e2y l\u00e0 c\u00e1c ch\u01b0\u01a1ng truy\u1ec7n \u0111\u01b0\u1ee3c t\u00e1c gi\u1ea3 Fujiko F Fujio s\u00e1ng t\u00e1c d\u00e0nh cho c\u00e1c t\u1ea1p ch\u00ed kh\u00e1c nhau v\u1edbi c\u00e1c \u0111\u1ed1i t\u01b0\u1ee3ng \u0111\u1ed9c gi\u1ea3 ti\u1ec3u h\u1ecdc Nh\u1eadt B\u1ea3n th\u1eddi b\u1ea5y gi\u1edd.<\/p>\n<p>Nh\u00e2n k\u1ec9 ni\u1ec7m 50 n\u0103m ra \u0111\u1eddi Doraemon, Nh\u00e0 xu\u1ea5t b\u1ea3n Kim \u0110\u1ed3ng xin tr\u00e2n tr\u1ecdng gi\u1edbi thi\u1ec7u \u0111\u1ebfn b\u1ea1n \u0111\u1ecdc \u1ea5n ph\u1ea9m \u0111\u1eb7c bi\u1ec7t:<\/p>\n<p>Doraemon Vol.0 &#8211; \u1ea4n ph\u1ea9m t\u1eadp h\u1ee3p 6 ch\u01b0\u01a1ng truy\u1ec7n kh\u1edfi \u0111\u1ea7u k\u1ec3 tr\u00ean, \u0111\u01b0\u1ee3c gi\u1eef nguy\u00ean tranh m\u00e0u g\u1ed1c, k\u00e8m theo \u0111\u00f3 l\u00e0 k\u00ed s\u1ef1 v\u1ec1 qu\u00e1 tr\u00ecnh t\u1ea1o ra Doraemon \u0111\u01b0\u1ee3c ch\u00ednh t\u00e1c gi\u1ea3 t\u00e2m s\u1ef1 v\u00e0 chia s\u1ebb. C\u00f9ng r\u1ea5t nhi\u1ec1u t\u01b0 li\u1ec7u v\u00e0 nh\u1eefng c\u00e2u chuy\u1ec7n t\u1eeb khi b\u1ed9 truy\u1ec7n \u0111\u01b0\u1ee3c ph\u00e1t h\u00e0nh d\u00e0i k\u00ec kh\u00e1c. \u1ea4n ph\u1ea9m ch\u1eafc ch\u1eafn s\u1ebd l\u00e0m h\u00e0i l\u00f2ng nh\u1eefng \u0111\u1ed9c gi\u1ea3 y\u00eau m\u1ebfn ch\u00fa m\u00e8o \u00fa Doraemon su\u1ed1t 50 n\u0103m qua.<\/p>\n","protected":false},"featured_media":1500,"template":"","meta":{"_acf_changed":false},"product_brand":[],"product_cat":[29],"product_tag":[],"class_list":{"0":"post-1505","1":"product","2":"type-product","3":"status-publish","4":"has-post-thumbnail","6":"product_cat-manga-comics","8":"first","9":"outofstock","10":"taxable","11":"shipping-taxable","12":"purchasable","13":"product-type-simple"},"supplier_id":null,"supplier_sku":"","barcode":null,"atum_controlled":true,"out_stock_date":"2022-05-31 04:49:49","out_stock_threshold":null,"inheritable":false,"inbound_stock":0,"stock_on_hold":0,"sold_today":0,"sales_last_days":0,"reserved_stock":0,"customer_returns":0,"warehouse_damage":0,"lost_in_post":0,"other_logs":0,"out_stock_days":1338,"lost_sales":0,"has_location":false,"update_date":"2026-01-28T23:10:29","atum_locations":[],"atum_stock_status":"outofstock","restock_status":false,"low_stock_amount":"","sales_update_date":"2026-01-28T23:10:29","calc_backorders":null,"acf":{"publisher":{"ID":1454,"post_author":"1","post_date":"2021-02-17 01:11:34","post_date_gmt":"2021-02-16 23:11:34","post_content":"<!-- wp:flatsome\/uxbuilder -->\n<h1 style=\"text-align: center;\"><strong>Kim \u0110\u1ed3ng<\/strong><\/h1>\n[row]\n\n[col span=\"3\" span__sm=\"12\"]\n\n[ux_image id=\"1534\" image_size=\"medium\"]\n\n\n[\/col]\n[col span=\"9\" span__sm=\"12\"]\n\n<p>Nh\u00e0 xu\u1ea5t b\u1ea3n Kim \u0110\u1ed3ng tr\u1ef1c thu\u1ed9c Trung \u01b0\u01a1ng \u0110o\u00e0n TNCS H\u1ed3 Ch\u00ed Minh l\u00e0 Nh\u00e0 xu\u1ea5t b\u1ea3n t\u1ed5ng h\u1ee3p c\u00f3 ch\u1ee9c n\u0103ng xu\u1ea5t b\u1ea3n s\u00e1ch v\u00e0 v\u0103n h\u00f3a ph\u1ea9m ph\u1ee5c v\u1ee5 thi\u1ebfu nhi v\u00e0 c\u00e1c b\u1eadc ph\u1ee5 huynh trong c\u1ea3 n\u01b0\u1edbc, qu\u1ea3ng b\u00e1 v\u00e0 gi\u1edbi thi\u1ec7u v\u0103n h\u00f3a Vi\u1ec7t Nam ra th\u1ebf gi\u1edbi.<br \/>Nh\u00e0 xu\u1ea5t b\u1ea3n c\u00f3 nhi\u1ec7m v\u1ee5 t\u1ed5 ch\u1ee9c b\u1ea3n th\u1ea3o, bi\u00ean so\u1ea1n, bi\u00ean d\u1ecbch, xu\u1ea5t b\u1ea3n v\u00e0 ph\u00e1t h\u00e0nh c\u00e1c xu\u1ea5t b\u1ea3n ph\u1ea9m c\u00f3 n\u1ed9i dung: gi\u00e1o d\u1ee5c truy\u1ec1n th\u1ed1ng d\u00e2n t\u1ed9c, gi\u00e1o d\u1ee5c v\u1ec1 tri th\u1ee9c, ki\u1ebfn th\u1ee9c\u2026 tr\u00ean c\u00e1c l\u0129nh v\u1ef1c v\u0103n h\u1ecdc, ngh\u1ec7 thu\u1eadt, khoa h\u1ecdc k\u1ef9 thu\u1eadt nh\u1eb1m cung c\u1ea5p cho c\u00e1c em thi\u1ebfu nhi c\u0169ng nh\u01b0 c\u00e1c b\u1eadc ph\u1ee5 huynh c\u00e1c ki\u1ebfn th\u1ee9c c\u1ea7n thi\u1ebft trong cu\u1ed9c s\u1ed1ng, nh\u1eefng tinh hoa c\u1ee7a tri th\u1ee9c nh\u00e2n lo\u1ea1i nh\u1eb1m g\u00f3p ph\u1ea7n gi\u00e1o d\u1ee5c v\u00e0 h\u00ecnh th\u00e0nh nh\u00e2n c\u00e1ch th\u1ebf h\u1ec7 tr\u1ebb.<br \/>\u0110\u1ed1i t\u01b0\u1ee3ng ph\u1ee5c v\u1ee5 c\u1ee7a Nh\u00e0 xu\u1ea5t b\u1ea3n l\u00e0 c\u00e1c em t\u1eeb tu\u1ed5i nh\u00e0 tr\u1ebb m\u1eabu gi\u00e1o (1 \u0111\u1ebfn 5 tu\u1ed5i), nhi \u0111\u1ed3ng (6 \u0111\u1ebfn 9 tu\u1ed5i), thi\u1ebfu ni\u00ean (10 \u0111\u1ebfn 15 tu\u1ed5i) \u0111\u1ebfn c\u00e1c em tu\u1ed5i m\u1edbi l\u1edbn (16 \u0111\u1ebfn 18 tu\u1ed5i) v\u00e0 c\u00e1c b\u1eadc ph\u1ee5 huynh.<\/p>\n\n[\/col]\n\n[\/row]\n\n<!-- \/wp:flatsome\/uxbuilder -->","post_title":"Kim \u0110\u1ed3ng","post_excerpt":"","post_status":"publish","comment_status":"closed","ping_status":"closed","post_password":"","post_name":"kim-dong","to_ping":"","pinged":"","post_modified":"2021-02-17 01:31:56","post_modified_gmt":"2021-02-16 23:31:56","post_content_filtered":"","post_parent":0,"guid":"https:\/\/sachviet.eu\/nha-phat-hanh\/kim-dong\/","menu_order":0,"post_type":"publisher","post_mime_type":"","comment_count":"0","filter":"raw"}},"_links":{"self":[{"href":"https:\/\/sachviet.eu\/en\/wp-json\/wp\/v2\/product\/1505","targetHints":{"allow":["GET"]}}],"collection":[{"href":"https:\/\/sachviet.eu\/en\/wp-json\/wp\/v2\/product"}],"about":[{"href":"https:\/\/sachviet.eu\/en\/wp-json\/wp\/v2\/types\/product"}],"wp:featuredmedia":[{"embeddable":true,"href":"https:\/\/sachviet.eu\/en\/wp-json\/wp\/v2\/media\/1500"}],"wp:attachment":[{"href":"https:\/\/sachviet.eu\/en\/wp-json\/wp\/v2\/media?parent=1505"}],"wp:term":[{"taxonomy":"product_brand","embeddable":true,"href":"https:\/\/sachviet.eu\/en\/wp-json\/wp\/v2\/product_brand?post=1505"},{"taxonomy":"product_cat","embeddable":true,"href":"https:\/\/sachviet.eu\/en\/wp-json\/wp\/v2\/product_cat?post=1505"},{"taxonomy":"product_tag","embeddable":true,"href":"https:\/\/sachviet.eu\/en\/wp-json\/wp\/v2\/product_tag?post=1505"}],"curies":[{"name":"wp","href":"https:\/\/api.w.org\/{rel}","templated":true}]}}