{"id":150,"date":"2021-02-11T20:14:24","date_gmt":"2021-02-11T18:14:24","guid":{"rendered":"https:\/\/sachviet.eu\/?post_type=product&#038;p=150"},"modified":"2024-05-28T22:47:42","modified_gmt":"2024-05-28T19:47:42","slug":"dau-chan-tren-cat","status":"publish","type":"product","link":"https:\/\/sachviet.eu\/en\/shop\/dau-chan-tren-cat\/","title":{"rendered":"D\u1ea5u ch\u00e2n tr\u00ean c\u00e1t (Kh\u1ed5 to)"},"content":{"rendered":"<p>\u201cD\u1ea5u ch\u00e2n tr\u00ean c\u00e1t\u201d l\u00e0 t\u00e1c ph\u1ea9m \u0111\u01b0\u1ee3c d\u1ecbch gi\u1ea3 Nguy\u00ean Phong ph\u00f3ng t\u00e1c k\u1ec3 v\u1ec1 x\u00e3 h\u1ed9i Ai C\u1eadp th\u1ebf k\u1ef7 th\u1ee9 XIV tr\u01b0\u1edbc CN, qua l\u01a1\u0300i k\u00ea\u0309 c\u1ee7a nh\u00e2n v\u1eadt ch\u00ednh &#8211; Sinuhe.<\/p>\n<p>C\u00e1c s\u1eed gia ng\u00e0y nay \u0111\u00e3 \u0111\u01b0a ra nhi\u1ec1u gi\u1ea3 thuy\u1ebft v\u1ec1 nh\u00e2n v\u1eadt Sinuhe n\u00e0y. C\u00f3 ng\u01b0\u1eddi cho r\u1eb1ng \u00f4ng l\u00e0 m\u1ed9t l\u00e1i bu\u00f4n \u0111\u1ebfn Hy L\u1ea1p l\u1eadp nghi\u1ec7p, nh\u01b0ng l\u00e0m sao l\u00e1i bu\u00f4n l\u1ea1i m\u1edf tr\u01b0\u1eddng d\u1ea1y h\u1ecdc v\u00e0 \u0111\u1ec3 l\u1ea1i nhi\u1ec1u t\u00e0i li\u1ec7u qu\u00fd gi\u00e1 nh\u01b0 th\u1ebf \u0111\u01b0\u1ee3c? T\u1eeb ng\u00e0n x\u01b0a, ch\u1ec9 ri\u00eang giai c\u1ea5p vua ch\u00faa l\u00e0 gi\u00e1o s\u0129 m\u1edbi \u0111\u01b0\u1ee3c h\u01b0\u1edfng quy ch\u1ebf gi\u00e1o d\u1ee5c to\u00e0n v\u1eb9n nh\u01b0 v\u1eady m\u00e0 th\u00f4i.<\/p>\n<p>Do \u0111\u00f3, m\u1ed9t s\u1ed1 ng\u01b0\u1eddi cho r\u1eb1ng \u00f4ng thu\u1ed9c giai c\u1ea5p gi\u00e1o s\u0129, nh\u01b0ng vi\u1ec7c m\u1ed9t gi\u00e1o s\u0129 Ai C\u1eadp \u0111\u1ebfn m\u1edf tr\u01b0\u1eddng d\u1ea1y h\u1ecdc t\u1ea1i Hy L\u1ea1p c\u0169ng l\u00e0 \u0111i\u1ec1u kh\u00f3 ch\u1ea5p nh\u1eadn. M\u1eb7c d\u00f9 khi \u0111\u00f3 v\u0103n minh Hy L\u1ea1p ch\u01b0a ti\u1ebfn b\u1ed9 nh\u01b0 Ai C\u1eadp nh\u01b0ng gi\u00e1o x\u1ee9 n\u00e0y ph\u00e1t tri\u1ec3n r\u1ea5t m\u1ea1nh, hi\u1ec3n nhi\u00ean c\u00e1c gi\u00e1o s\u0129 Hy L\u1ea1p kh\u00f4ng th\u1ec3 ch\u1ea5p nh\u1eadn cho m\u1ed9t gi\u00e1o s\u0129 ngo\u1ea1i qu\u1ed1c \u0111\u1ebfn m\u1edf tr\u01b0\u1eddng d\u1ea1y h\u1ecdc t\u1ea1i th\u00e1nh \u0111\u1ecba Olympia c\u1ee7a h\u1ecd \u0111\u01b0\u1ee3c.<\/p>\n<p>N\u1ebfu th\u1ebf th\u00ec ph\u1ea3i ch\u0103ng Sinuhe thu\u1ed9c giai c\u1ea5p ho\u00e0ng t\u1ed9c? \u0110i\u1ec1u n\u00e0y x\u00e9t ra c\u0169ng kh\u00f4ng c\u00f3 l\u00fd v\u00ec m\u1ed9t ng\u01b0\u1eddi thu\u1ed9c giai c\u1ea5p ho\u00e0ng t\u1ed9c kh\u00f4ng th\u1ec3 b\u1ecb \u0111\u00e0y bi\u1ec7t x\u1ee9. Lu\u1eadt ph\u00e1p Ai C\u1eadp ch\u1ee7 tr\u01b0\u01a1ng x\u1eed t\u1eed nh\u1eefng k\u1ebb trong ho\u00e0ng t\u1ed9c n\u1ebfu h\u1ecd vi ph\u1ea1m m\u1ed9t t\u1ed9i tr\u1ecdng n\u00e0o \u0111\u00f3 ch\u1ee9 kh\u00f4ng c\u00f3 l\u1ec7 b\u1ecb \u0111\u00e0y bi\u1ec7t x\u1ee9, v\u00ec c\u00e1c vua Pharaoh r\u1ea5t s\u1ee3 nh\u1eefng ng\u01b0\u1eddi trong b\u1ecdn h\u1ecd chi\u00eau binh m\u00e3i m\u00e3 l\u00e0m ph\u1ea3n.<\/p>\n<p>Vi\u1ec7c m\u1ed9t ng\u01b0\u1eddi Ai C\u1eadp, th\u00e2n th\u1ebf m\u01a1 h\u1ed3, b\u1ecb \u0111\u00e0y bi\u1ec7t x\u1ee9, \u0111\u1ebfn m\u1edf tr\u01b0\u1eddng d\u1ea1y h\u1ecdc t\u1ea1i Athens, trung t\u00e2m v\u0103n h\u00f3a c\u1ee7a Hy L\u1ea1p, v\u1eabn l\u00e0 m\u1ed9t b\u00ed m\u1eadt \u0111\u1ebfn nay c\u00e1c nh\u00e0 kh\u1ea3o c\u1ed5 ch\u01b0a t\u00ecm ra \u0111\u01b0\u1ee3c c\u00e2u tr\u1ea3 l\u1eddi.<\/p>\n<p>M\u1eb7c d\u00f9 l\u00e0 ti\u1ec3u thuy\u1ebft l\u1ecbch s\u1eed v\u1ec1 x\u00e3 h\u1ed9i Ai C\u1eadp c\u1ed5 \u0111\u1ea1i, song nhi\u1ec1u v\u1ea5n \u0111\u1ec1 \u0111\u01b0\u1ee3c n\u00eau ra trong t\u00e1c ph\u1ea9m v\u1eabn c\u00f3 \u00fd ngh\u0129a th\u1eddi s\u1ef1 trong th\u1ebf gi\u1edbi ng\u00e0y nay. \u0110\u00f3 l\u00e0 l\u00fd do khi\u1ebfn cho t\u00e1c ph\u1ea9m kh\u00f4ng ch\u1ec9 gi\u1eef \u0111\u01b0\u1ee3c s\u1ef1 cu\u1ed1n h\u00fat \u0111\u1ed1i v\u1edbi b\u1ea1n \u0111\u1ecdc Vi\u1ec7t Nam v\u00e0 r\u1ea5t nhi\u1ec1u n\u01a1i tr\u00ean th\u1ebf gi\u1edbi trong h\u01a1n n\u1eeda th\u1ebf k\u1ef7 qua.<\/p>\n<p>B\u1ea1n s\u1ebd kh\u00f4ng th\u1ec3 r\u1eddi m\u1eaft kh\u1ecfi nh\u1eefng d\u00f2ng v\u0103n vi\u1ebft v\u1edbi \u00fd t\u1ee9 s\u00e2u s\u1eafc c\u1ee7a m\u1ed9t ng\u01b0\u1eddi con xa qu\u00ea h\u01b0\u01a1ng: &#8220;Ng\u01b0\u1eddi Ai C\u1eadp c\u00f3 th\u00e0nh ng\u1eef: &#8220;K\u1ebb n\u00e0o \u0111\u00e3 u\u1ed1ng n\u01b0\u1edbc s\u00f4ng Nile th\u00ec kh\u00f4ng th\u1ec3 n\u00e0o u\u1ed1ng n\u01b0\u1edbc \u1edf \u0111\u00e2u \u0111\u01b0\u1ee3c n\u1eefa&#8221;. Qu\u1ea3 th\u1ebf tuy s\u1ed1ng t\u1ea1i Hy L\u1ea1p nh\u01b0ng kh\u00f4ng bao gi\u1edd t\u00f4i c\u00f3 th\u1ec3 qu\u00ean \u0111\u01b0\u1ee3c Ai C\u1eadp qu\u00ea h\u01b0\u01a1ng th\u00e2n y\u00eau c\u1ee7a t\u00f4i.<\/p>\n<p>D\u01b0\u1eddng nh\u01b0 nh\u1eefng mi\u1ec1n n\u00e0o x\u00e2y d\u1ef1ng tr\u00ean m\u1eb7t c\u00e1t, ch\u1ec9 huy ho\u00e0ng trong m\u1ed9t th\u1eddi gian r\u1ea5t ng\u1eafn r\u1ed3i t\u00e0n l\u1ee5i, nh\u01b0ng m\u1ea5y ai ch\u1ecbu \u0111\u1ec3 \u00fd \u0111\u1ebfn \u0111i\u1ec1u \u1ea5y. C\u0169ng nh\u01b0 nh\u1eefng v\u1ebft d\u1ea5u ch\u00e2n tr\u00ean c\u00e1t ch\u1ec9 t\u1ed3n t\u1ea1i m\u1ed9t tho\u00e1ng gi\u00e2y r\u1ed3i phai m\u1edd, huy\u1ec1n tho\u1ea1i v\u1ec1 m\u1ed9t ng\u01b0\u1eddi Ai C\u1eadp qua Hy L\u1ea1p m\u1edf tr\u01b0\u1eddng d\u1ea1y h\u1ecdc, \u0111\u00e0o t\u1ea1o nhi\u1ec1u th\u1ebf h\u1ec7 h\u1ecdc tr\u00f2 xu\u1ea5t s\u1eafc ch\u1ec9 c\u00f2n l\u00e0 m\u1ed9t c\u00e2u chuy\u1ec7n m\u01a1 h\u1ed3 trong cu\u1ed9c s\u1ed1ng \u1ed3n \u00e0o, n\u00e1o nhi\u1ec7t ng\u00e0y nay.<\/p>\n<h3><strong>Nguy\u1ec5n Phong l\u00e0 ai?<\/strong><\/h3>\n<p>D\u1ecbch gi\u1ea3 Nguy\u00ean Phong t\u00ean th\u1eadt l\u00e0 V\u0169 V\u0103n Du, sinh n\u0103m 1950 t\u1ea1i H\u00e0 N\u1ed9i. \u00d4ng r\u1eddi Vi\u1ec7t Nam du h\u1ecdc \u1edf Hoa K\u1ef3 t\u1eeb n\u0103m 1968 v\u00e0 t\u1ed1t nghi\u1ec7p cao h\u1ecdc \u1edf hai ng\u00e0nh Sinh v\u1eadt h\u1ecdc v\u00e0 \u0110i\u1ec7n to\u00e1n. Ngo\u00e0i c\u00f4ng vi\u1ec7c ch\u00ednh l\u00e0 m\u1ed9t k\u1ef9 s\u01b0 cao c\u1ea5p t\u1ea1i Boeing trong h\u01a1n 20 n\u0103m, \u00f4ng v\u1eabn ti\u1ebfp t\u1ee5c nghi\u00ean c\u1ee9u trong vai tr\u00f2 nh\u00e0 khoa h\u1ecdc t\u1ea1i \u0110\u1ea1i h\u1ecdc Carnergie Mellon v\u00e0 \u0110\u1ea1i h\u1ecdc Seattle. \u00d4ng c\u00f2n gi\u1ea3ng d\u1ea1y t\u1ea1i m\u1ed9t s\u1ed1 tr\u01b0\u1eddng \u0111\u1ea1i h\u1ecdc qu\u1ed1c t\u1ebf t\u1ea1i Trung Hoa, H\u00e0n Qu\u1ed1c, Nh\u1eadt B\u1ea3n&#8230; v\u1ec1 l\u0129nh v\u1ef1c c\u00f4ng ngh\u1ec7 ph\u1ea7n m\u1ec1m.<\/p>\n<p>Song song v\u1edbi vai tr\u00f2 m\u1ed9t nh\u00e0 khoa h\u1ecdc, Nguy\u00ean Phong c\u00f2n l\u00e0 d\u1ecbch gi\u1ea3 n\u1ed5i ti\u1ebfng c\u1ee7a lo\u1ea1t s\u00e1ch v\u1ec1 v\u0103n h\u00f3a v\u00e0 t\u00e2m linh ph\u01b0\u01a1ng \u0110\u00f4ng, chuy\u1ec3n th\u1ec3 t\u1eeb nhi\u1ec1u t\u00e1c ph\u1ea9m c\u1ee7a c\u00e1c h\u1ecdc gi\u1ea3 ph\u01b0\u01a1ng T\u00e2y sau qu\u00e1 tr\u00ecnh t\u00ecm hi\u1ec3u v\u00e0 kh\u00e1m ph\u00e1 c\u00e1c gi\u00e1 tr\u1ecb tinh th\u1ea7n t\u1eeb ph\u01b0\u01a1ng \u0110\u00f4ng. Trong s\u1ed1 \u0111\u00f3, c\u00f3 th\u1ec3 k\u1ec3: H\u00e0nh Tr\u00ecnh v\u1ec1 ph\u01b0\u01a1ng \u0110\u00f4ng, Ng\u1ecdc s\u00e1ng trong hoa sen, B\u00ean r\u1eb7ng Tuy\u1ebft s\u01a1n, Hoa sen tr\u00ean tuy\u1ebft, Huy\u1ec1n thu\u1eadt v\u00e0 \u0111\u1ea1o s\u0129 T\u00e2y T\u1ea1ng, Minh Tri\u1ebft trong \u0111\u1eddi s\u1ed1ng, \u0110\u01b0\u1eddng m\u00e2y qua x\u1ee9 tuy\u1ebft\u2026<\/p>\n<p>\u0110am m\u00ea thi\u1ec1n h\u1ecdc, nghi\u00ean c\u1ee9u s\u00e2u s\u1eafc c\u00e1c v\u1ea5n \u0111\u1ec1 t\u00e2m linh d\u01b0\u1edbi g\u00f3c nh\u00ecn c\u1ee7a khoa h\u1ecdc, nh\u1eefng t\u00e1c ph\u1ea9m c\u1ee7a \u00f4ng, ph\u1ea7n l\u1edbn l\u00e0 ph\u00f3ng t\u00e1c, gi\u00fap ng\u01b0\u1eddi \u0111\u1ecdc ti\u1ebfp c\u1eadn c\u00e1c t\u00e1c ph\u1ea9m g\u1ed1c thu\u1eadn l\u1ee3i h\u01a1n, l\u00fd gi\u1ea3i \u0111\u01b0\u1ee3c nh\u1eefng v\u1ea5n \u0111\u1ec1 c\u00f2n nhi\u1ec1u \u1ea9n s\u1ed1 b\u1eb1ng c\u00e1i nh\u00ecn minh tri\u1ebft.<\/p>\n\t<div class=\"img has-hover x md-x lg-x y md-y lg-y\" id=\"image_1360366676\">\n\t\t\t\t\t\t\t\t<div class=\"img-inner dark\" >\n\t\t\t<img loading=\"lazy\" decoding=\"async\" width=\"700\" height=\"500\" src=\"https:\/\/sachviet.eu\/wp-content\/uploads\/2021\/02\/bia-2.jpg\" class=\"attachment-large size-large\" alt=\"\" srcset=\"https:\/\/sachviet.eu\/wp-content\/uploads\/2021\/02\/bia-2.jpg 700w, https:\/\/sachviet.eu\/wp-content\/uploads\/2021\/02\/bia-2-300x214.jpg 300w, https:\/\/sachviet.eu\/wp-content\/uploads\/2021\/02\/bia-2-600x429.jpg 600w\" sizes=\"auto, (max-width: 700px) 100vw, 700px\" \/>\t\t\t\t\t\t\n\t\t\t\t\t<\/div>\n\t\t\t\t\t\t\t\t\n<style>\n#image_1360366676 {\n  width: 100%;\n}\n<\/style>\n\t<\/div>\n\t\n","protected":false},"excerpt":{"rendered":"<p>\u201cD\u1ea5u ch\u00e2n tr\u00ean c\u00e1t\u201d l\u00e0 t\u00e1c ph\u1ea9m \u0111\u01b0\u1ee3c d\u1ecbch gi\u1ea3 Nguy\u00ean Phong ph\u00f3ng t\u00e1c k\u1ec3 v\u1ec1 x\u00e3 h\u1ed9i Ai C\u1eadp th\u1ebf k\u1ef7 th\u1ee9 XIV tr\u01b0\u1edbc CN, qua l\u01a1\u0300i k\u00ea\u0309 c\u1ee7a nh\u00e2n v\u1eadt ch\u00ednh &#8211; Sinuhe.<\/p>\n<p>Ng\u00e0y nay, ng\u01b0\u1eddi ta bi\u1ebft \u0111\u1ebfn tri\u1ec1u \u0111\u1ea1i c\u00e1c vua ch\u00faa Ai C\u1eadp th\u1eddi c\u1ed5 qua s\u00e1ch v\u1edf c\u1ee7a ng\u01b0\u1eddi Hy L\u1ea1p. S\u1edf d\u0129 c\u00e1c s\u1eed gia Hy L\u1ea1p bi\u1ebft \u0111\u01b0\u1ee3c c\u00e1c chi ti\u1ebft n\u00e0y v\u00ec h\u1ecd \u0111\u00e3 h\u1ecdc h\u1ecfi t\u1eeb ng\u01b0\u1eddi Ai C\u1eadp b\u1ecb \u0111\u00e0y bi\u1ec7t x\u1ee9 t\u00ean l\u00e0 Sinuhe. \u0110\u00e2y l\u00e0 m\u1ed9t nh\u00e2n v\u1eadt l\u1ea1 l\u00f9ng, \u0111\u00e3 c\u00f3 c\u00f4ng mang v\u0103n minh Ai C\u1eadp truy\u1ec1n v\u00e0o Hy L\u1ea1p khi qu\u1ed1c gia n\u00e0y c\u00f2n \u1edf t\u00ecnh tr\u1ea1ng k\u00e9m m\u1edf mang so v\u1edbi Ai C\u1eadp l\u00fac \u0111\u00f3.<\/p>\n<p><strong>T\u00e1c gi\u1ea3: Nguy\u00ean Phong<\/strong><\/p>\n<p>C\u00f4ng ty ph\u00e1t h\u00e0nh: First News &#8211; Tr\u00ed Vi\u1ec7t<\/p>\n","protected":false},"featured_media":317,"template":"","meta":{"_acf_changed":false},"product_brand":[],"product_cat":[15,76],"product_tag":[],"class_list":{"0":"post-150","1":"product","2":"type-product","3":"status-publish","4":"has-post-thumbnail","6":"product_cat-sach-danh-cho-nguoi-lon","7":"product_cat-ton-giao-tam-linh","9":"first","10":"outofstock","11":"taxable","12":"shipping-taxable","13":"purchasable","14":"product-type-simple"},"supplier_id":null,"supplier_sku":"","barcode":null,"atum_controlled":true,"out_stock_date":"2024-05-28 19:47:42","out_stock_threshold":null,"inheritable":false,"inbound_stock":0,"stock_on_hold":0,"sold_today":0,"sales_last_days":0,"reserved_stock":0,"customer_returns":0,"warehouse_damage":0,"lost_in_post":0,"other_logs":0,"out_stock_days":610,"lost_sales":0,"has_location":false,"update_date":"2026-01-28T23:10:29","atum_locations":[],"atum_stock_status":"outofstock","restock_status":false,"low_stock_amount":"","sales_update_date":"2026-01-28T23:10:29","calc_backorders":null,"acf":{"publisher":{"ID":1457,"post_author":"1","post_date":"2021-02-17 01:12:22","post_date_gmt":"2021-02-16 23:12:22","post_content":"<!-- wp:flatsome\/uxbuilder -->\n<h1 style=\"text-align: center;\"><strong>First News Tr\u00ed Vi\u1ec7t<\/strong><\/h1>\n[row]\n\n[col span=\"10\" span__sm=\"12\"]\n\n<p>\u0110\u01b0\u1ee3c th\u00e0nh l\u1eadp v\u00e0o ng\u00e0y 10\/12\/1994 v\u1edbi t\u00ean g\u1ecdi ban \u0111\u1ea7u l\u00e0 \u201cBan Bi\u00ean D\u1ecbch First News\u201d, tr\u1ea3i qua 25 n\u0103m lu\u00f4n n\u1ed7 l\u1ef1c v\u00e0 s\u00e1ng t\u1ea1o, \u0111\u1ebfn nay First News \u2013 Tr\u00ed Vi\u1ec7t \u0111\u00e3 kh\u1eb3ng \u0111\u1ecbnh \u0111\u01b0\u1ee3c v\u1ecb th\u1ebf c\u0169ng nh\u01b0 uy t\u00edn c\u1ee7a m\u00ecnh trong l\u00f2ng b\u1ea1n \u0111\u1ecdc, kh\u00f4ng nh\u1eefng b\u1edfi s\u1ef1 phong ph\u00fa c\u1ee7a nh\u1eefng d\u00f2ng s\u00e1ch gi\u00e1 tr\u1ecb tr\u00ean th\u1ebf gi\u1edbi m\u00e0 First News \u0111\u00e3 nh\u1ea1y b\u00e9n chuy\u1ec3n ng\u1eef ph\u1ee5c v\u1ee5 ng\u01b0\u1eddi Vi\u1ec7t Nam, m\u00e0 c\u00f2n v\u00ec ch\u1ea5t l\u01b0\u1ee3ng c\u0169ng nh\u01b0 s\u1ef1 ch\u1ec9n chu trong t\u1eebng quy\u1ec3n s\u00e1ch m\u00e0 First News mong mu\u1ed1n mang \u0111\u1ebfn cho b\u1ea1n \u0111\u1ecdc.<\/p>\n\n[\/col]\n[col span=\"2\" span__sm=\"12\"]\n\n[ux_image id=\"1696\" image_size=\"medium\"]\n\n\n[\/col]\n\n[\/row]\n\n<!-- \/wp:flatsome\/uxbuilder -->","post_title":"First News - Tr\u00ed Vi\u1ec7t","post_excerpt":"","post_status":"publish","comment_status":"closed","ping_status":"closed","post_password":"","post_name":"first-news-tri-viet","to_ping":"","pinged":"","post_modified":"2021-02-17 01:46:54","post_modified_gmt":"2021-02-16 23:46:54","post_content_filtered":"","post_parent":0,"guid":"https:\/\/sachviet.eu\/nha-phat-hanh\/first-news-tri-viet\/","menu_order":0,"post_type":"publisher","post_mime_type":"","comment_count":"0","filter":"raw"}},"_links":{"self":[{"href":"https:\/\/sachviet.eu\/en\/wp-json\/wp\/v2\/product\/150","targetHints":{"allow":["GET"]}}],"collection":[{"href":"https:\/\/sachviet.eu\/en\/wp-json\/wp\/v2\/product"}],"about":[{"href":"https:\/\/sachviet.eu\/en\/wp-json\/wp\/v2\/types\/product"}],"wp:featuredmedia":[{"embeddable":true,"href":"https:\/\/sachviet.eu\/en\/wp-json\/wp\/v2\/media\/317"}],"wp:attachment":[{"href":"https:\/\/sachviet.eu\/en\/wp-json\/wp\/v2\/media?parent=150"}],"wp:term":[{"taxonomy":"product_brand","embeddable":true,"href":"https:\/\/sachviet.eu\/en\/wp-json\/wp\/v2\/product_brand?post=150"},{"taxonomy":"product_cat","embeddable":true,"href":"https:\/\/sachviet.eu\/en\/wp-json\/wp\/v2\/product_cat?post=150"},{"taxonomy":"product_tag","embeddable":true,"href":"https:\/\/sachviet.eu\/en\/wp-json\/wp\/v2\/product_tag?post=150"}],"curies":[{"name":"wp","href":"https:\/\/api.w.org\/{rel}","templated":true}]}}