{"id":1499,"date":"2021-02-17T01:14:03","date_gmt":"2021-02-16T23:14:03","guid":{"rendered":"https:\/\/sachviet.eu\/shop\/combo-doraemon-truyen-dai-tron-bo-24-cuon\/"},"modified":"2024-08-12T11:35:31","modified_gmt":"2024-08-12T08:35:31","slug":"combo-doraemon-truyen-dai-tron-bo-24-cuon","status":"publish","type":"product","link":"https:\/\/sachviet.eu\/en\/shop\/combo-doraemon-truyen-dai-tron-bo-24-cuon\/","title":{"rendered":"Combo Doraemon &#8211; Truy\u1ec7n D\u00e0i (Tr\u1ecdn B\u1ed9 24 Cu\u1ed1n)"},"content":{"rendered":"<p>Nguy\u00ean m\u1eabu Doraemon g\u1ed3m 826 truy\u1ec7n ng\u1eafn do ch\u00ednh t\u00e1c gi\u1ea3 Fujiko.F.Fujio ch\u1ecdn l\u1ecdc. B\u1ed9 truy\u1ec7n \u0111\u00e3 mang \u0111\u1ebfn ti\u1ebfng c\u01b0\u1eddi v\u00e0 g\u1eafn li\u1ec1n v\u1edbi k\u1ef7 ni\u1ec7m th\u1eddi th\u01a1 \u1ea5u c\u1ee7a bi\u1ebft bao th\u1ebf h\u1ec7 \u0111\u1ed9c gi\u1ea3. Cu\u1ed1n s\u00e1ch n\u00e0y t\u1eadp h\u1ee3p nh\u1eefng c\u00e2u chuy\u1ec7n v\u00f4 c\u00f9ng th\u00fa v\u1ecb v\u1ec1 ch\u00fa m\u00e8o m\u00e1y Doraemon.<\/p>\n<p>Trong b\u1ed9 truy\u1ec7n Doraemon, ta th\u1ea5y c\u00f3 kh\u00f4ng \u00edt nh\u1eefng m\u1ea9u truy\u1ec7n khi\u1ebfn cho ta c\u1ea3m \u0111\u1ed9ng v\u00e0 nh\u1eadn ra r\u1eb1ng thi\u00ean nhi\u00ean, sinh m\u1ec7nh m\u1ed9t con ng\u01b0\u1eddi hay b\u1ea1n b\u00e8 \u0111\u1ec1u l\u00e0 nh\u1eefng \u0111i\u1ec1u ta \u0111\u00e1ng ph\u1ea3i tr\u00e2n tr\u1ecdng. Ch\u00ednh nh\u1eefng th\u00f4ng \u0111i\u1ec7p \u0111\u1ea7y \u00fd ngh\u0129a t\u1eeb ch\u00fa m\u00e8o m\u00e1y Doraemon hi\u1ec1n l\u00e0nh, t\u1ed1t b\u1ee5ng v\u00e0 c\u00e1c b\u1ea1n \u0111\u00e3 ch\u1ea1m t\u1edbi tr\u00e1i tim c\u1ee7a c\u00e1c b\u1ea1n \u0111\u1ed9c gi\u1ea3 m\u1ed9t c\u00e1ch nh\u1eb9 nh\u00e0ng, tinh t\u1ebf.  <div class=\"banner-grid-wrapper\">\n  <div id=\"banner-grid-1560561713\" class=\"banner-grid row row-grid row-small\" data-packery-options=\"\">\n                      <div class=\"col grid-col large-6 grid-col-1\" ><div class=\"col-inner\">\t<div class=\"img has-hover x md-x lg-x y md-y lg-y\" id=\"image_466804977\">\n\t\t\t\t\t\t\t\t<div class=\"img-inner dark\" >\n\t\t\t<img loading=\"lazy\" decoding=\"async\" width=\"1020\" height=\"1020\" src=\"https:\/\/sachviet.eu\/wp-content\/uploads\/2021\/02\/a5e2d426d94abbc1e732acf0357059ac-1-1024x1024.jpg\" class=\"attachment-large size-large\" alt=\"\" srcset=\"https:\/\/sachviet.eu\/wp-content\/uploads\/2021\/02\/a5e2d426d94abbc1e732acf0357059ac-1-1024x1024.jpg 1024w, https:\/\/sachviet.eu\/wp-content\/uploads\/2021\/02\/a5e2d426d94abbc1e732acf0357059ac-1-300x300.jpg 300w, https:\/\/sachviet.eu\/wp-content\/uploads\/2021\/02\/a5e2d426d94abbc1e732acf0357059ac-1-150x150.jpg 150w, https:\/\/sachviet.eu\/wp-content\/uploads\/2021\/02\/a5e2d426d94abbc1e732acf0357059ac-1-768x768.jpg 768w, https:\/\/sachviet.eu\/wp-content\/uploads\/2021\/02\/a5e2d426d94abbc1e732acf0357059ac-1-600x600.jpg 600w, https:\/\/sachviet.eu\/wp-content\/uploads\/2021\/02\/a5e2d426d94abbc1e732acf0357059ac-1-100x100.jpg 100w, https:\/\/sachviet.eu\/wp-content\/uploads\/2021\/02\/a5e2d426d94abbc1e732acf0357059ac-1.jpg 1200w\" sizes=\"auto, (max-width: 1020px) 100vw, 1020px\" \/>\t\t\t\t\t\t\n\t\t\t\t\t<\/div>\n\t\t\t\t\t\t\t\t\n<style>\n#image_466804977 {\n  width: 100%;\n}\n<\/style>\n\t<\/div>\n\t<\/div><\/div><div class=\"col grid-col large-6 grid-col-1\" ><div class=\"col-inner\">\t<div class=\"img has-hover x md-x lg-x y md-y lg-y\" id=\"image_332212835\">\n\t\t\t\t\t\t\t\t<div class=\"img-inner dark\" >\n\t\t\t<img loading=\"lazy\" decoding=\"async\" width=\"768\" height=\"1024\" src=\"https:\/\/sachviet.eu\/wp-content\/uploads\/2021\/02\/zfM0ls-768x1024.jpg\" class=\"attachment-large size-large\" alt=\"\" srcset=\"https:\/\/sachviet.eu\/wp-content\/uploads\/2021\/02\/zfM0ls-768x1024.jpg 768w, https:\/\/sachviet.eu\/wp-content\/uploads\/2021\/02\/zfM0ls-225x300.jpg 225w, https:\/\/sachviet.eu\/wp-content\/uploads\/2021\/02\/zfM0ls-600x800.jpg 600w, https:\/\/sachviet.eu\/wp-content\/uploads\/2021\/02\/zfM0ls.jpg 960w\" sizes=\"auto, (max-width: 768px) 100vw, 768px\" \/>\t\t\t\t\t\t\n\t\t\t\t\t<\/div>\n\t\t\t\t\t\t\t\t\n<style>\n#image_332212835 {\n  width: 100%;\n}\n<\/style>\n\t<\/div>\n\t<\/div><\/div>            <\/div>\n    <style>\n    #banner-grid-1560561713 .grid-col-1{height: 600px}\n    #banner-grid-1560561713 .grid-col-1-2{height: 300px}\n    #banner-grid-1560561713 .grid-col-1-3{height:200px}\n    #banner-grid-1560561713 .grid-col-2-3{height: 400px}\n    #banner-grid-1560561713 .grid-col-1-4{height: 150px}\n    #banner-grid-1560561713 .grid-col-3-4{height: 450px}\n\n\n    \n    \n\n  <\/style>\n    <\/div>\n  \n","protected":false},"excerpt":{"rendered":"<p>Nguy\u00ean m\u1eabu Doraemon g\u1ed3m 826 truy\u1ec7n ng\u1eafn do ch\u00ednh t\u00e1c gi\u1ea3 Fujiko.F.Fujio ch\u1ecdn l\u1ecdc. B\u1ed9 truy\u1ec7n \u0111\u00e3 mang \u0111\u1ebfn ti\u1ebfng c\u01b0\u1eddi v\u00e0 g\u1eafn li\u1ec1n v\u1edbi k\u1ef7 ni\u1ec7m th\u1eddi th\u01a1 \u1ea5u c\u1ee7a bi\u1ebft bao th\u1ebf h\u1ec7 \u0111\u1ed9c gi\u1ea3. Cu\u1ed1n s\u00e1ch n\u00e0y t\u1eadp h\u1ee3p nh\u1eefng c\u00e2u chuy\u1ec7n v\u00f4 c\u00f9ng th\u00fa v\u1ecb v\u1ec1 ch\u00fa m\u00e8o m\u00e1y Doraemon.<\/p>\n<p>Trong b\u1ed9 truy\u1ec7n Doraemon, ta th\u1ea5y c\u00f3 kh\u00f4ng \u00edt nh\u1eefng m\u1ea9u truy\u1ec7n khi\u1ebfn cho ta c\u1ea3m \u0111\u1ed9ng v\u00e0 nh\u1eadn ra r\u1eb1ng thi\u00ean nhi\u00ean, sinh m\u1ec7nh m\u1ed9t con ng\u01b0\u1eddi hay b\u1ea1n b\u00e8 \u0111\u1ec1u l\u00e0 nh\u1eefng \u0111i\u1ec1u ta \u0111\u00e1ng ph\u1ea3i tr\u00e2n tr\u1ecdng. Ch\u00ednh nh\u1eefng th\u00f4ng \u0111i\u1ec7p \u0111\u1ea7y \u00fd ngh\u0129a t\u1eeb ch\u00fa m\u00e8o m\u00e1y Doraemon hi\u1ec1n l\u00e0nh, t\u1ed1t b\u1ee5ng v\u00e0 c\u00e1c b\u1ea1n \u0111\u00e3 ch\u1ea1m t\u1edbi tr\u00e1i tim c\u1ee7a c\u00e1c b\u1ea1n \u0111\u1ed9c gi\u1ea3 m\u1ed9t c\u00e1ch nh\u1eb9 nh\u00e0ng, tinh t\u1ebf.<\/p>\n","protected":false},"featured_media":1486,"template":"","meta":{"_acf_changed":false},"product_brand":[],"product_cat":[29],"product_tag":[81],"class_list":{"0":"post-1499","1":"product","2":"type-product","3":"status-publish","4":"has-post-thumbnail","6":"product_cat-manga-comics","7":"product_tag-sach-gia-uu-dai","9":"first","10":"outofstock","11":"sale","12":"taxable","13":"shipping-taxable","14":"purchasable","15":"product-type-simple"},"supplier_id":null,"supplier_sku":"","barcode":null,"atum_controlled":true,"out_stock_date":"2024-08-12 08:35:31","out_stock_threshold":null,"inheritable":false,"inbound_stock":0,"stock_on_hold":0,"sold_today":0,"sales_last_days":0,"reserved_stock":0,"customer_returns":0,"warehouse_damage":0,"lost_in_post":0,"other_logs":0,"out_stock_days":534,"lost_sales":0,"has_location":false,"update_date":"2026-01-28T23:11:21","atum_locations":[],"atum_stock_status":"outofstock","restock_status":false,"low_stock_amount":"","sales_update_date":"2026-01-28T23:11:21","calc_backorders":null,"acf":{"publisher":{"ID":1454,"post_author":"1","post_date":"2021-02-17 01:11:34","post_date_gmt":"2021-02-16 23:11:34","post_content":"<!-- wp:flatsome\/uxbuilder -->\n<h1 style=\"text-align: center;\"><strong>Kim \u0110\u1ed3ng<\/strong><\/h1>\n[row]\n\n[col span=\"3\" span__sm=\"12\"]\n\n[ux_image id=\"1534\" image_size=\"medium\"]\n\n\n[\/col]\n[col span=\"9\" span__sm=\"12\"]\n\n<p>Nh\u00e0 xu\u1ea5t b\u1ea3n Kim \u0110\u1ed3ng tr\u1ef1c thu\u1ed9c Trung \u01b0\u01a1ng \u0110o\u00e0n TNCS H\u1ed3 Ch\u00ed Minh l\u00e0 Nh\u00e0 xu\u1ea5t b\u1ea3n t\u1ed5ng h\u1ee3p c\u00f3 ch\u1ee9c n\u0103ng xu\u1ea5t b\u1ea3n s\u00e1ch v\u00e0 v\u0103n h\u00f3a ph\u1ea9m ph\u1ee5c v\u1ee5 thi\u1ebfu nhi v\u00e0 c\u00e1c b\u1eadc ph\u1ee5 huynh trong c\u1ea3 n\u01b0\u1edbc, qu\u1ea3ng b\u00e1 v\u00e0 gi\u1edbi thi\u1ec7u v\u0103n h\u00f3a Vi\u1ec7t Nam ra th\u1ebf gi\u1edbi.<br \/>Nh\u00e0 xu\u1ea5t b\u1ea3n c\u00f3 nhi\u1ec7m v\u1ee5 t\u1ed5 ch\u1ee9c b\u1ea3n th\u1ea3o, bi\u00ean so\u1ea1n, bi\u00ean d\u1ecbch, xu\u1ea5t b\u1ea3n v\u00e0 ph\u00e1t h\u00e0nh c\u00e1c xu\u1ea5t b\u1ea3n ph\u1ea9m c\u00f3 n\u1ed9i dung: gi\u00e1o d\u1ee5c truy\u1ec1n th\u1ed1ng d\u00e2n t\u1ed9c, gi\u00e1o d\u1ee5c v\u1ec1 tri th\u1ee9c, ki\u1ebfn th\u1ee9c\u2026 tr\u00ean c\u00e1c l\u0129nh v\u1ef1c v\u0103n h\u1ecdc, ngh\u1ec7 thu\u1eadt, khoa h\u1ecdc k\u1ef9 thu\u1eadt nh\u1eb1m cung c\u1ea5p cho c\u00e1c em thi\u1ebfu nhi c\u0169ng nh\u01b0 c\u00e1c b\u1eadc ph\u1ee5 huynh c\u00e1c ki\u1ebfn th\u1ee9c c\u1ea7n thi\u1ebft trong cu\u1ed9c s\u1ed1ng, nh\u1eefng tinh hoa c\u1ee7a tri th\u1ee9c nh\u00e2n lo\u1ea1i nh\u1eb1m g\u00f3p ph\u1ea7n gi\u00e1o d\u1ee5c v\u00e0 h\u00ecnh th\u00e0nh nh\u00e2n c\u00e1ch th\u1ebf h\u1ec7 tr\u1ebb.<br \/>\u0110\u1ed1i t\u01b0\u1ee3ng ph\u1ee5c v\u1ee5 c\u1ee7a Nh\u00e0 xu\u1ea5t b\u1ea3n l\u00e0 c\u00e1c em t\u1eeb tu\u1ed5i nh\u00e0 tr\u1ebb m\u1eabu gi\u00e1o (1 \u0111\u1ebfn 5 tu\u1ed5i), nhi \u0111\u1ed3ng (6 \u0111\u1ebfn 9 tu\u1ed5i), thi\u1ebfu ni\u00ean (10 \u0111\u1ebfn 15 tu\u1ed5i) \u0111\u1ebfn c\u00e1c em tu\u1ed5i m\u1edbi l\u1edbn (16 \u0111\u1ebfn 18 tu\u1ed5i) v\u00e0 c\u00e1c b\u1eadc ph\u1ee5 huynh.<\/p>\n\n[\/col]\n\n[\/row]\n\n<!-- \/wp:flatsome\/uxbuilder -->","post_title":"Kim \u0110\u1ed3ng","post_excerpt":"","post_status":"publish","comment_status":"closed","ping_status":"closed","post_password":"","post_name":"kim-dong","to_ping":"","pinged":"","post_modified":"2021-02-17 01:31:56","post_modified_gmt":"2021-02-16 23:31:56","post_content_filtered":"","post_parent":0,"guid":"https:\/\/sachviet.eu\/nha-phat-hanh\/kim-dong\/","menu_order":0,"post_type":"publisher","post_mime_type":"","comment_count":"0","filter":"raw"}},"_links":{"self":[{"href":"https:\/\/sachviet.eu\/en\/wp-json\/wp\/v2\/product\/1499","targetHints":{"allow":["GET"]}}],"collection":[{"href":"https:\/\/sachviet.eu\/en\/wp-json\/wp\/v2\/product"}],"about":[{"href":"https:\/\/sachviet.eu\/en\/wp-json\/wp\/v2\/types\/product"}],"wp:featuredmedia":[{"embeddable":true,"href":"https:\/\/sachviet.eu\/en\/wp-json\/wp\/v2\/media\/1486"}],"wp:attachment":[{"href":"https:\/\/sachviet.eu\/en\/wp-json\/wp\/v2\/media?parent=1499"}],"wp:term":[{"taxonomy":"product_brand","embeddable":true,"href":"https:\/\/sachviet.eu\/en\/wp-json\/wp\/v2\/product_brand?post=1499"},{"taxonomy":"product_cat","embeddable":true,"href":"https:\/\/sachviet.eu\/en\/wp-json\/wp\/v2\/product_cat?post=1499"},{"taxonomy":"product_tag","embeddable":true,"href":"https:\/\/sachviet.eu\/en\/wp-json\/wp\/v2\/product_tag?post=1499"}],"curies":[{"name":"wp","href":"https:\/\/api.w.org\/{rel}","templated":true}]}}