{"id":1485,"date":"2021-02-17T01:13:30","date_gmt":"2021-02-16T23:13:30","guid":{"rendered":"https:\/\/sachviet.eu\/shop\/box-set-doraemon-tuyen-tap-nhung-nguoi-than-yeu-6-tap\/"},"modified":"2022-11-30T14:14:07","modified_gmt":"2022-11-30T12:14:07","slug":"box-set-doraemon-tuyen-tap-nhung-nguoi-than-yeu-6-tap","status":"publish","type":"product","link":"https:\/\/sachviet.eu\/en\/shop\/box-set-doraemon-tuyen-tap-nhung-nguoi-than-yeu-6-tap\/","title":{"rendered":"Box Set Doraemon: Tuy\u1ec3n T\u1eadp Nh\u1eefng Ng\u01b0\u1eddi Th\u00e2n Y\u00eau (6 T\u1eadp)"},"content":{"rendered":"<p>Tuy\u1ec3n t\u1eadp Doraemon &#8211; Nh\u1eefng ng\u01b0\u1eddi th\u00e2n y\u00eau l\u00e0 m\u1ed9t series g\u1ed3m nh\u1eefng cu\u1ed1n s\u00e1ch nh\u1ecf, l\u1ea5y ch\u1ee7 \u0111\u1ec1 xoay quanh nh\u1eefng ng\u01b0\u1eddi th\u00e2n y\u00eau c\u1ee7a ch\u00fa m\u00e8o m\u00e1y Doraemon. \u0110\u00f3 l\u00e0 Nobita v\u00e0 b\u1ee9c tranh tr\u01b0\u1edfng th\u00e0nh c\u1ee7a c\u1eadu, l\u00e0 b\u1ed1 v\u00e0 m\u1eb9 Nobita, l\u00e0 c\u00f4 em g\u00e1i Dorami th\u00e1o v\u00e1t, ch\u00e0ng Suneo lanh l\u1ee3i, Jaian m\u1ea1nh m\u1ebd hay c\u00f4 b\u1ea1n Shizuka d\u1ec5 th\u01b0\u01a1ng. Qua nh\u1eefng tuy\u1ec3n t\u1eadp nh\u1ecf xinh n\u00e0y, c\u00e1c b\u1ea1n \u0111\u1ed9c gi\u1ea3 s\u1ebd c\u00f3 \u0111\u01b0\u1ee3c m\u1ed9t c\u00e1i nh\u00ecn to\u00e0n di\u1ec7n v\u1ec1 t\u1eebng nh\u00e2n v\u1eadt r\u1ea5t \u0111\u01b0\u1ee3c y\u00eau th\u00edch trong Doraemon.<\/p>\n<p>B\u1ed9 6 cu\u1ed1n tuy\u1ec3n t\u1eadp \u0111\u01b0\u1ee3c \u0111\u00f3ng trong m\u1ed9t chi\u1ebfc h\u1ed9p k\u1ec9 ni\u1ec7m \u0111\u01b0\u1ee3c thi\u1ebft k\u1ebf v\u00f4 c\u00f9ng xinh x\u1eafn, ch\u1eafc ch\u1eafn s\u1ebd l\u00e0 m\u1ed9t \u1ea5n ph\u1ea9m s\u01b0u t\u1eadp kh\u00f4ng th\u1ec3 thi\u1ebfu cho nh\u1eefng ai y\u00eau m\u1ebfn M\u00e8o m\u00e1y Doraemon, nh\u1ea5t l\u00e0 trong d\u1ecbp t\u00e1c ph\u1ea9m \u0111\u00e3 b\u01b0\u1edbc sang n\u0103m th\u1ee9 50 n\u00e0y! NXB Kim \u0110\u1ed3ng xin \u0111\u01b0\u1ee3c tr\u00e2n tr\u1ecdng gi\u1edbi thi\u1ec7u c\u00f9ng b\u1ea1n \u0111\u1ecdc.<\/p>\n<p>M\u1ed9 b\u1ed9 s\u00e1ch l\u00e0m say \u0111\u1eafm bi\u1ebft bao t\u00e2m h\u1ed3n th\u01a1 d\u1ea1i c\u1ee7a tr\u1ebb em Vi\u1ec7t nam. L\u1ea7n \u0111\u1ea7u ti\u00ean xu\u1ea5t hi\u1ec7n &#8211; Nh\u01b0 m\u1ed9t Ni\u1ec1m say m\u00ea v\u00e0 m\u00ea \u0111\u1eafm c\u00e1c con tim \u0110\u1ed9c gi\u1ea3 Nh\u00ed Vi\u1ec7t  <div class=\"banner-grid-wrapper\">\n  <div id=\"banner-grid-1913251885\" class=\"banner-grid row row-grid row-small\" data-packery-options=\"\">\n                      <div class=\"col grid-col large-6 grid-col-1\" ><div class=\"col-inner\">\t<div class=\"img has-hover x md-x lg-x y md-y lg-y\" id=\"image_1077458981\">\n\t\t\t\t\t\t\t\t<div class=\"img-inner dark\" >\n\t\t\t<img loading=\"lazy\" decoding=\"async\" width=\"1020\" height=\"680\" src=\"https:\/\/sachviet.eu\/wp-content\/uploads\/2021\/02\/doraemon-nhung-nguoi-ban-than-yeu-3-1024x683.jpg\" class=\"attachment-large size-large\" alt=\"\" srcset=\"https:\/\/sachviet.eu\/wp-content\/uploads\/2021\/02\/doraemon-nhung-nguoi-ban-than-yeu-3-1024x683.jpg 1024w, https:\/\/sachviet.eu\/wp-content\/uploads\/2021\/02\/doraemon-nhung-nguoi-ban-than-yeu-3-300x200.jpg 300w, https:\/\/sachviet.eu\/wp-content\/uploads\/2021\/02\/doraemon-nhung-nguoi-ban-than-yeu-3-768x512.jpg 768w, https:\/\/sachviet.eu\/wp-content\/uploads\/2021\/02\/doraemon-nhung-nguoi-ban-than-yeu-3-600x400.jpg 600w, https:\/\/sachviet.eu\/wp-content\/uploads\/2021\/02\/doraemon-nhung-nguoi-ban-than-yeu-3.jpg 1080w\" sizes=\"auto, (max-width: 1020px) 100vw, 1020px\" \/>\t\t\t\t\t\t\n\t\t\t\t\t<\/div>\n\t\t\t\t\t\t\t\t\n<style>\n#image_1077458981 {\n  width: 100%;\n}\n<\/style>\n\t<\/div>\n\t<\/div><\/div><div class=\"col grid-col large-6 grid-col-1\" ><div class=\"col-inner\">\t<div class=\"img has-hover x md-x lg-x y md-y lg-y\" id=\"image_84309462\">\n\t\t\t\t\t\t\t\t<div class=\"img-inner dark\" >\n\t\t\t<img loading=\"lazy\" decoding=\"async\" width=\"1020\" height=\"680\" src=\"https:\/\/sachviet.eu\/wp-content\/uploads\/2021\/02\/doraemon-nhung-nguoi-ban-than-yeu-2-1024x683.jpg\" class=\"attachment-large size-large\" alt=\"\" srcset=\"https:\/\/sachviet.eu\/wp-content\/uploads\/2021\/02\/doraemon-nhung-nguoi-ban-than-yeu-2-1024x683.jpg 1024w, https:\/\/sachviet.eu\/wp-content\/uploads\/2021\/02\/doraemon-nhung-nguoi-ban-than-yeu-2-300x200.jpg 300w, https:\/\/sachviet.eu\/wp-content\/uploads\/2021\/02\/doraemon-nhung-nguoi-ban-than-yeu-2-768x512.jpg 768w, https:\/\/sachviet.eu\/wp-content\/uploads\/2021\/02\/doraemon-nhung-nguoi-ban-than-yeu-2-600x400.jpg 600w, https:\/\/sachviet.eu\/wp-content\/uploads\/2021\/02\/doraemon-nhung-nguoi-ban-than-yeu-2.jpg 1079w\" sizes=\"auto, (max-width: 1020px) 100vw, 1020px\" \/>\t\t\t\t\t\t\n\t\t\t\t\t<\/div>\n\t\t\t\t\t\t\t\t\n<style>\n#image_84309462 {\n  width: 100%;\n}\n<\/style>\n\t<\/div>\n\t<\/div><\/div>            <\/div>\n    <style>\n    #banner-grid-1913251885 .grid-col-1{height: 600px}\n    #banner-grid-1913251885 .grid-col-1-2{height: 300px}\n    #banner-grid-1913251885 .grid-col-1-3{height:200px}\n    #banner-grid-1913251885 .grid-col-2-3{height: 400px}\n    #banner-grid-1913251885 .grid-col-1-4{height: 150px}\n    #banner-grid-1913251885 .grid-col-3-4{height: 450px}\n\n\n    \n    \n\n  <\/style>\n    <\/div>\n  \n","protected":false},"excerpt":{"rendered":"<p>Box Set Doraemon: Tuy\u1ec3n T\u1eadp Nh\u1eefng Ng\u01b0\u1eddi Th\u00e2n Y\u00eau<\/p>\n<p>Tuy\u1ec3n t\u1eadp Doraemon &#8211; Nh\u1eefng ng\u01b0\u1eddi th\u00e2n y\u00eau l\u00e0 m\u1ed9t series g\u1ed3m nh\u1eefng cu\u1ed1n s\u00e1ch nh\u1ecf, l\u1ea5y ch\u1ee7 \u0111\u1ec1 xoay quanh nh\u1eefng ng\u01b0\u1eddi th\u00e2n y\u00eau c\u1ee7a ch\u00fa m\u00e8o m\u00e1y Doraemon. \u0110\u00f3 l\u00e0 Nobita v\u00e0 b\u1ee9c tranh tr\u01b0\u1edfng th\u00e0nh c\u1ee7a c\u1eadu, l\u00e0 b\u1ed1 v\u00e0 m\u1eb9 Nobita, l\u00e0 c\u00f4 em g\u00e1i Dorami th\u00e1o v\u00e1t, ch\u00e0ng Suneo lanh l\u1ee3i, Jaian m\u1ea1nh m\u1ebd hay c\u00f4 b\u1ea1n Shizuka d\u1ec5 th\u01b0\u01a1ng. Qua nh\u1eefng tuy\u1ec3n t\u1eadp nh\u1ecf xinh n\u00e0y, c\u00e1c b\u1ea1n \u0111\u1ed9c gi\u1ea3 s\u1ebd c\u00f3 \u0111\u01b0\u1ee3c m\u1ed9t c\u00e1i nh\u00ecn to\u00e0n di\u1ec7n v\u1ec1 t\u1eebng nh\u00e2n v\u1eadt r\u1ea5t \u0111\u01b0\u1ee3c y\u00eau th\u00edch trong Doraemon.<\/p>\n<p>B\u1ed9 6 cu\u1ed1n tuy\u1ec3n t\u1eadp \u0111\u01b0\u1ee3c \u0111\u00f3ng trong m\u1ed9t chi\u1ebfc h\u1ed9p k\u1ec9 ni\u1ec7m \u0111\u01b0\u1ee3c thi\u1ebft k\u1ebf v\u00f4 c\u00f9ng xinh x\u1eafn, ch\u1eafc ch\u1eafn s\u1ebd l\u00e0 m\u1ed9t \u1ea5n ph\u1ea9m s\u01b0u t\u1eadp kh\u00f4ng th\u1ec3 thi\u1ebfu cho nh\u1eefng ai y\u00eau m\u1ebfn M\u00e8o m\u00e1y Doraemon, nh\u1ea5t l\u00e0 trong d\u1ecbp t\u00e1c ph\u1ea9m \u0111\u00e3 b\u01b0\u1edbc sang n\u0103m th\u1ee9 50 n\u00e0y!<\/p>\n","protected":false},"featured_media":1475,"template":"","meta":{"_acf_changed":false},"product_brand":[],"product_cat":[29],"product_tag":[],"class_list":{"0":"post-1485","1":"product","2":"type-product","3":"status-publish","4":"has-post-thumbnail","6":"product_cat-manga-comics","8":"first","9":"outofstock","10":"sale","11":"featured","12":"taxable","13":"shipping-taxable","14":"purchasable","15":"product-type-simple"},"supplier_id":null,"supplier_sku":"","barcode":null,"atum_controlled":true,"out_stock_date":"2022-11-30 12:14:07","out_stock_threshold":null,"inheritable":false,"inbound_stock":0,"stock_on_hold":0,"sold_today":0,"sales_last_days":0,"reserved_stock":0,"customer_returns":0,"warehouse_damage":0,"lost_in_post":0,"other_logs":0,"out_stock_days":1155,"lost_sales":0,"has_location":false,"update_date":"2026-01-28T23:10:29","atum_locations":[],"atum_stock_status":"outofstock","restock_status":false,"low_stock_amount":"","sales_update_date":"2026-01-28T23:10:29","calc_backorders":null,"acf":{"publisher":{"ID":1454,"post_author":"1","post_date":"2021-02-17 01:11:34","post_date_gmt":"2021-02-16 23:11:34","post_content":"<!-- wp:flatsome\/uxbuilder -->\n<h1 style=\"text-align: center;\"><strong>Kim \u0110\u1ed3ng<\/strong><\/h1>\n[row]\n\n[col span=\"3\" span__sm=\"12\"]\n\n[ux_image id=\"1534\" image_size=\"medium\"]\n\n\n[\/col]\n[col span=\"9\" span__sm=\"12\"]\n\n<p>Nh\u00e0 xu\u1ea5t b\u1ea3n Kim \u0110\u1ed3ng tr\u1ef1c thu\u1ed9c Trung \u01b0\u01a1ng \u0110o\u00e0n TNCS H\u1ed3 Ch\u00ed Minh l\u00e0 Nh\u00e0 xu\u1ea5t b\u1ea3n t\u1ed5ng h\u1ee3p c\u00f3 ch\u1ee9c n\u0103ng xu\u1ea5t b\u1ea3n s\u00e1ch v\u00e0 v\u0103n h\u00f3a ph\u1ea9m ph\u1ee5c v\u1ee5 thi\u1ebfu nhi v\u00e0 c\u00e1c b\u1eadc ph\u1ee5 huynh trong c\u1ea3 n\u01b0\u1edbc, qu\u1ea3ng b\u00e1 v\u00e0 gi\u1edbi thi\u1ec7u v\u0103n h\u00f3a Vi\u1ec7t Nam ra th\u1ebf gi\u1edbi.<br \/>Nh\u00e0 xu\u1ea5t b\u1ea3n c\u00f3 nhi\u1ec7m v\u1ee5 t\u1ed5 ch\u1ee9c b\u1ea3n th\u1ea3o, bi\u00ean so\u1ea1n, bi\u00ean d\u1ecbch, xu\u1ea5t b\u1ea3n v\u00e0 ph\u00e1t h\u00e0nh c\u00e1c xu\u1ea5t b\u1ea3n ph\u1ea9m c\u00f3 n\u1ed9i dung: gi\u00e1o d\u1ee5c truy\u1ec1n th\u1ed1ng d\u00e2n t\u1ed9c, gi\u00e1o d\u1ee5c v\u1ec1 tri th\u1ee9c, ki\u1ebfn th\u1ee9c\u2026 tr\u00ean c\u00e1c l\u0129nh v\u1ef1c v\u0103n h\u1ecdc, ngh\u1ec7 thu\u1eadt, khoa h\u1ecdc k\u1ef9 thu\u1eadt nh\u1eb1m cung c\u1ea5p cho c\u00e1c em thi\u1ebfu nhi c\u0169ng nh\u01b0 c\u00e1c b\u1eadc ph\u1ee5 huynh c\u00e1c ki\u1ebfn th\u1ee9c c\u1ea7n thi\u1ebft trong cu\u1ed9c s\u1ed1ng, nh\u1eefng tinh hoa c\u1ee7a tri th\u1ee9c nh\u00e2n lo\u1ea1i nh\u1eb1m g\u00f3p ph\u1ea7n gi\u00e1o d\u1ee5c v\u00e0 h\u00ecnh th\u00e0nh nh\u00e2n c\u00e1ch th\u1ebf h\u1ec7 tr\u1ebb.<br \/>\u0110\u1ed1i t\u01b0\u1ee3ng ph\u1ee5c v\u1ee5 c\u1ee7a Nh\u00e0 xu\u1ea5t b\u1ea3n l\u00e0 c\u00e1c em t\u1eeb tu\u1ed5i nh\u00e0 tr\u1ebb m\u1eabu gi\u00e1o (1 \u0111\u1ebfn 5 tu\u1ed5i), nhi \u0111\u1ed3ng (6 \u0111\u1ebfn 9 tu\u1ed5i), thi\u1ebfu ni\u00ean (10 \u0111\u1ebfn 15 tu\u1ed5i) \u0111\u1ebfn c\u00e1c em tu\u1ed5i m\u1edbi l\u1edbn (16 \u0111\u1ebfn 18 tu\u1ed5i) v\u00e0 c\u00e1c b\u1eadc ph\u1ee5 huynh.<\/p>\n\n[\/col]\n\n[\/row]\n\n<!-- \/wp:flatsome\/uxbuilder -->","post_title":"Kim \u0110\u1ed3ng","post_excerpt":"","post_status":"publish","comment_status":"closed","ping_status":"closed","post_password":"","post_name":"kim-dong","to_ping":"","pinged":"","post_modified":"2021-02-17 01:31:56","post_modified_gmt":"2021-02-16 23:31:56","post_content_filtered":"","post_parent":0,"guid":"https:\/\/sachviet.eu\/nha-phat-hanh\/kim-dong\/","menu_order":0,"post_type":"publisher","post_mime_type":"","comment_count":"0","filter":"raw"}},"_links":{"self":[{"href":"https:\/\/sachviet.eu\/en\/wp-json\/wp\/v2\/product\/1485","targetHints":{"allow":["GET"]}}],"collection":[{"href":"https:\/\/sachviet.eu\/en\/wp-json\/wp\/v2\/product"}],"about":[{"href":"https:\/\/sachviet.eu\/en\/wp-json\/wp\/v2\/types\/product"}],"wp:featuredmedia":[{"embeddable":true,"href":"https:\/\/sachviet.eu\/en\/wp-json\/wp\/v2\/media\/1475"}],"wp:attachment":[{"href":"https:\/\/sachviet.eu\/en\/wp-json\/wp\/v2\/media?parent=1485"}],"wp:term":[{"taxonomy":"product_brand","embeddable":true,"href":"https:\/\/sachviet.eu\/en\/wp-json\/wp\/v2\/product_brand?post=1485"},{"taxonomy":"product_cat","embeddable":true,"href":"https:\/\/sachviet.eu\/en\/wp-json\/wp\/v2\/product_cat?post=1485"},{"taxonomy":"product_tag","embeddable":true,"href":"https:\/\/sachviet.eu\/en\/wp-json\/wp\/v2\/product_tag?post=1485"}],"curies":[{"name":"wp","href":"https:\/\/api.w.org\/{rel}","templated":true}]}}