{"id":147,"date":"2021-02-11T20:14:24","date_gmt":"2021-02-11T18:14:24","guid":{"rendered":"https:\/\/sachviet.eu\/?post_type=product&#038;p=147"},"modified":"2024-06-17T07:00:55","modified_gmt":"2024-06-17T04:00:55","slug":"hoang-tu-be","status":"publish","type":"product","link":"https:\/\/sachviet.eu\/en\/shop\/hoang-tu-be\/","title":{"rendered":"Ho\u00e0ng T\u1eed B\u00e9 &#8211; B\u1ea3n minh ho\u1ea1 m\u00e0u k\u1ef7 ni\u1ec7m 70 n\u0103m c\u1ee7a Nh\u00e3 Nam"},"content":{"rendered":"<p>\u1ede Vi\u1ec7t Nam, Ho\u00e0ng t\u1eed b\u00e9 \u0111\u01b0\u1ee3c d\u1ecbch v\u00e0 xu\u1ea5t b\u1ea3n kh\u00e1 s\u1edbm. T\u1eeb n\u0103m 1966 \u0111\u00e3 c\u00f3 \u0111\u1ed3ng th\u1eddi hai b\u1ea3n d\u1ecbch: Ho\u00e0ng t\u1eed b\u00e9 c\u1ee7a B\u00f9i Gi\u00e1ng do An Ti\u00eam xu\u1ea5t b\u1ea3n v\u00e0 C\u1eadu ho\u00e0ng con c\u1ee7a Tr\u1ea7n Thi\u1ec7n \u0110\u1ea1o do Khai Tr\u00ed xu\u1ea5t b\u1ea3n. T\u1eeb \u0111\u00f3 \u0111\u1ebfn nay \u0111\u00e3 c\u00f3 th\u00eam nhi\u1ec1u b\u1ea3n d\u1ecbch Ho\u00e0ng t\u1eed b\u00e9 m\u1edbi c\u1ee7a c\u00e1c d\u1ecbch gi\u1ea3 kh\u00e1c nhau. B\u1ea3n d\u1ecbch Ho\u00e0ng t\u1eed b\u00e9 l\u1ea7n n\u00e0y, xu\u1ea5t b\u1ea3n nh\u00e2n d\u1ecbp k\u1ef7 ni\u1ec7m 70 n\u0103m Ho\u00e0ng t\u1eed b\u00e9 ra \u0111\u1eddi, c\u0169ng l\u00e0 \u1ea5n b\u1ea3n \u0111\u1ea7u ti\u00ean \u0111\u01b0\u1ee3c Gallimard ch\u00ednh th\u1ee9c chuy\u1ec3n nh\u01b0\u1ee3ng b\u1ea3n quy\u1ec1n t\u1ea1i Vi\u1ec7t Nam, hy v\u1ecdng s\u1ebd g\u00f3p ph\u1ea7n l\u00e0m phong ph\u00fa th\u00eam vi\u1ec7c d\u1ecbch v\u00e0 ti\u1ebfp nh\u1eadn t\u00e1c ph\u1ea9m quan tr\u1ecdng n\u00e0y v\u1edbi c\u00e1c th\u1ebf h\u1ec7 \u0111\u1ed9c gi\u1ea3.<\/p>\n<p>T\u00f4i c\u1ee9 s\u1ed1ng c\u00f4 \u0111\u1ed9c nh\u01b0 v\u1eady, ch\u1eb3ng c\u00f3 m\u1ed9t ai \u0111\u1ec3 chuy\u1ec7n tr\u00f2 th\u1eadt s\u1ef1, cho t\u1edbi m\u1ed9t l\u1ea7n g\u1eb7p n\u1ea1n \u1edf sa m\u1ea1c Sahara c\u00e1ch \u0111\u00e2y s\u00e1u n\u0103m. C\u00f3 th\u1ee9 g\u00ec \u0111\u00f3 b\u1ecb v\u1ee1 trong \u0111\u1ed9ng c\u01a1 m\u00e1y bay. V\u00e0 v\u00ec \u1edf b\u00ean c\u1ea1nh ch\u1eb3ng c\u00f3 th\u1ee3 m\u00e1y c\u0169ng nh\u01b0 h\u00e0nh kh\u00e1ch n\u00e0o n\u00ean m\u1ed9t m\u00ecnh t\u00f4i s\u1ebd ph\u1ea3i c\u1ed1 m\u00e0 s\u1eeda cho b\u1eb1ng \u0111\u01b0\u1ee3c v\u1ee5 h\u1ecfng h\u00f3c nan gi\u1ea3i n\u00e0y. V\u1edbi t\u00f4i \u0111\u00f3 th\u1eadt l\u00e0 m\u1ed9t vi\u1ec7c s\u1ed1ng c\u00f2n. T\u00f4i ch\u1ec9 c\u00f3 v\u1eeba \u0111\u1ee7 n\u01b0\u1edbc \u0111\u1ec3 u\u1ed1ng trong t\u00e1m ng\u00e0y.<\/p>\n<p>Th\u1ebf l\u00e0 \u0111\u00eam \u0111\u1ea7u ti\u00ean t\u00f4i ng\u1ee7 tr\u00ean c\u00e1t, c\u00e1ch m\u1ecdi ch\u1ed1n c\u00f3 ng\u01b0\u1eddi \u1edf c\u1ea3 ngh\u00ecn d\u1eb7m xa. T\u00f4i c\u00f4 \u0111\u01a1n h\u01a1n c\u1ea3 m\u1ed9t k\u1ebb \u0111\u1eafm t\u00e0u s\u1ed1ng s\u00f3t tr\u00ean b\u00e8 gi\u1eefa \u0111\u1ea1i d\u01b0\u01a1ng. Th\u1ebf n\u00ean c\u00e1c b\u1ea1n c\u1ee9 t\u01b0\u1edfng t\u01b0\u1ee3ng t\u00f4i \u0111\u00e3 ng\u1ea1c nhi\u00ean l\u00e0m sao, khi \u00e1nh ng\u00e0y v\u1eeba r\u1ea1ng, th\u00ec m\u1ed9t gi\u1ecdng n\u00f3i nh\u1ecf nh\u1eb9 l\u1ea1 l\u00f9ng \u0111\u00e3 \u0111\u00e1nh th\u1ee9c t\u00f4i. Gi\u1ecdng \u1ea5y n\u00f3i:<\/p>\n<p><strong>\u201c\u00d4ng l\u00e0m \u01a1n\u2026 v\u1ebd cho t\u00f4i m\u1ed9t con c\u1eebu!\u201d<\/strong><\/p>\n<p>&#8211; Tr\u00edch &#8220;Ho\u00e0ng t\u1eed b\u00e9&#8221;<\/p>\n  <div class=\"banner-grid-wrapper\">\n  <div id=\"banner-grid-633540210\" class=\"banner-grid row row-grid row-small\" data-packery-options=\"\">\n                      \n<div class=\"col grid-col large-6 grid-col-1\" ><div class=\"col-inner\">\n\t<div class=\"img has-hover x md-x lg-x y md-y lg-y\" id=\"image_1154008618\">\n\t\t\t\t\t\t\t\t<div class=\"img-inner dark\" >\n\t\t\t<img loading=\"lazy\" decoding=\"async\" width=\"819\" height=\"1024\" src=\"https:\/\/sachviet.eu\/wp-content\/uploads\/2021\/02\/Review-Hoang-tu-be-boi-Reviewsachnet-819x1024.jpg\" class=\"attachment-large size-large\" alt=\"\" srcset=\"https:\/\/sachviet.eu\/wp-content\/uploads\/2021\/02\/Review-Hoang-tu-be-boi-Reviewsachnet-819x1024.jpg 819w, https:\/\/sachviet.eu\/wp-content\/uploads\/2021\/02\/Review-Hoang-tu-be-boi-Reviewsachnet-240x300.jpg 240w, https:\/\/sachviet.eu\/wp-content\/uploads\/2021\/02\/Review-Hoang-tu-be-boi-Reviewsachnet-768x960.jpg 768w, https:\/\/sachviet.eu\/wp-content\/uploads\/2021\/02\/Review-Hoang-tu-be-boi-Reviewsachnet-600x750.jpg 600w, https:\/\/sachviet.eu\/wp-content\/uploads\/2021\/02\/Review-Hoang-tu-be-boi-Reviewsachnet.jpg 1080w\" sizes=\"auto, (max-width: 819px) 100vw, 819px\" \/>\t\t\t\t\t\t\n\t\t\t\t\t<\/div>\n\t\t\t\t\t\t\t\t\n<style>\n#image_1154008618 {\n  width: 100%;\n}\n<\/style>\n\t<\/div>\n\t\n<\/div><\/div>\n<div class=\"col grid-col large-6 grid-col-1-2\" ><div class=\"col-inner\">\n\t<div class=\"img has-hover x md-x lg-x y md-y lg-y\" id=\"image_1072958339\">\n\t\t\t\t\t\t\t\t<div class=\"img-inner dark\" >\n\t\t\t<img loading=\"lazy\" decoding=\"async\" width=\"1020\" height=\"574\" src=\"https:\/\/sachviet.eu\/wp-content\/uploads\/2021\/02\/152925-1024x576.jpg\" class=\"attachment-large size-large\" alt=\"\" srcset=\"https:\/\/sachviet.eu\/wp-content\/uploads\/2021\/02\/152925-1024x576.jpg 1024w, https:\/\/sachviet.eu\/wp-content\/uploads\/2021\/02\/152925-300x169.jpg 300w, https:\/\/sachviet.eu\/wp-content\/uploads\/2021\/02\/152925-768x432.jpg 768w, https:\/\/sachviet.eu\/wp-content\/uploads\/2021\/02\/152925-600x338.jpg 600w, https:\/\/sachviet.eu\/wp-content\/uploads\/2021\/02\/152925.jpg 1365w\" sizes=\"auto, (max-width: 1020px) 100vw, 1020px\" \/>\t\t\t\t\t\t\n\t\t\t\t\t<\/div>\n\t\t\t\t\t\t\t\t\n<style>\n#image_1072958339 {\n  width: 100%;\n}\n<\/style>\n\t<\/div>\n\t\n<\/div><\/div>\n<div class=\"col grid-col large-6 grid-col-1-2\" ><div class=\"col-inner\">\n\t<div class=\"img has-hover x md-x lg-x y md-y lg-y\" id=\"image_1097136986\">\n\t\t\t\t\t\t\t\t<div class=\"img-inner dark\" >\n\t\t\t<img loading=\"lazy\" decoding=\"async\" width=\"700\" height=\"525\" src=\"https:\/\/sachviet.eu\/wp-content\/uploads\/2021\/02\/hoang-tu-be-3.jpg\" class=\"attachment-large size-large\" alt=\"\" srcset=\"https:\/\/sachviet.eu\/wp-content\/uploads\/2021\/02\/hoang-tu-be-3.jpg 700w, https:\/\/sachviet.eu\/wp-content\/uploads\/2021\/02\/hoang-tu-be-3-300x225.jpg 300w, https:\/\/sachviet.eu\/wp-content\/uploads\/2021\/02\/hoang-tu-be-3-600x450.jpg 600w\" sizes=\"auto, (max-width: 700px) 100vw, 700px\" \/>\t\t\t\t\t\t\n\t\t\t\t\t<\/div>\n\t\t\t\t\t\t\t\t\n<style>\n#image_1097136986 {\n  width: 100%;\n}\n<\/style>\n\t<\/div>\n\t\n<\/div><\/div>\n            <\/div>\n    <style>\n    #banner-grid-633540210 .grid-col-1{height: 600px}\n    #banner-grid-633540210 .grid-col-1-2{height: 300px}\n    #banner-grid-633540210 .grid-col-1-3{height:200px}\n    #banner-grid-633540210 .grid-col-2-3{height: 400px}\n    #banner-grid-633540210 .grid-col-1-4{height: 150px}\n    #banner-grid-633540210 .grid-col-3-4{height: 450px}\n\n\n    \n    \n\n  <\/style>\n    <\/div>\n  \n","protected":false},"excerpt":{"rendered":"<p>Ho\u00e0ng t\u1eed b\u00e9 \u0111\u01b0\u1ee3c vi\u1ebft \u1edf New York trong nh\u1eefng ng\u00e0y t\u00e1c gi\u1ea3 s\u1ed1ng l\u01b0u vong v\u00e0 \u0111\u01b0\u1ee3c xu\u1ea5t b\u1ea3n l\u1ea7n \u0111\u1ea7u ti\u00ean t\u1ea1i New York v\u00e0o n\u0103m 1943, r\u1ed3i \u0111\u1ebfn n\u0103m 1946 m\u1edbi \u0111\u01b0\u1ee3c xu\u1ea5t b\u1ea3n t\u1ea1i Ph\u00e1p. Kh\u00f4ng nghi ng\u1edd g\u00ec, \u0111\u00e2y l\u00e0 t\u00e1c ph\u1ea9m n\u1ed5i ti\u1ebfng nh\u1ea5t, \u0111\u01b0\u1ee3c \u0111\u1ecdc nhi\u1ec1u nh\u1ea5t v\u00e0 c\u0169ng \u0111\u01b0\u1ee3c y\u00eau m\u1ebfn nh\u1ea5t c\u1ee7a Saint-Exup\u00e9ry. Cu\u1ed1n s\u00e1ch \u0111\u01b0\u1ee3c b\u00ecnh ch\u1ecdn l\u00e0 t\u00e1c ph\u1ea9m hay nh\u1ea5t th\u1ebf k\u1ec9 20 \u1edf Ph\u00e1p, \u0111\u1ed3ng th\u1eddi c\u0169ng l\u00e0 cu\u1ed1n s\u00e1ch Ph\u00e1p \u0111\u01b0\u1ee3c d\u1ecbch v\u00e0 \u0111\u01b0\u1ee3c \u0111\u1ecdc nhi\u1ec1u nh\u1ea5t tr\u00ean th\u1ebf gi\u1edbi. V\u1edbi 250 ng\u00f4n ng\u1eef d\u1ecbch kh\u00e1c nhau k\u1ec3 c\u1ea3 ph\u01b0\u01a1ng ng\u1eef c\u00f9ng h\u01a1n 200 tri\u1ec7u b\u1ea3n in tr\u00ean to\u00e0n th\u1ebf gi\u1edbi, Ho\u00e0ng t\u1eed b\u00e9 \u0111\u01b0\u1ee3c coi l\u00e0 m\u1ed9t trong nh\u1eefng t\u00e1c ph\u1ea9m b\u00e1n ch\u1ea1y nh\u1ea5t c\u1ee7a nh\u00e2n lo\u1ea1i.<\/p>\n<p><strong>T\u00e1c gi\u1ea3:Antoine De Saint-Exup\u00e9ry<\/strong><\/p>\n<p>C\u00f4ng ty ph\u00e1t h\u00e0nh: Nh\u00e3 Nam<\/p>\n","protected":false},"featured_media":308,"template":"","meta":{"_acf_changed":false},"product_brand":[],"product_cat":[17,15,26,45],"product_tag":[],"class_list":{"0":"post-147","1":"product","2":"type-product","3":"status-publish","4":"has-post-thumbnail","6":"product_cat-sach-danh-cho-cac-be","7":"product_cat-sach-danh-cho-nguoi-lon","8":"product_cat-thieu-nien-11-tuoi-18-tuoi","9":"product_cat-tieu-thuyet","11":"first","12":"outofstock","13":"taxable","14":"shipping-taxable","15":"purchasable","16":"product-type-simple"},"supplier_id":null,"supplier_sku":"","barcode":null,"atum_controlled":true,"out_stock_date":"2024-06-17 04:00:55","out_stock_threshold":null,"inheritable":false,"inbound_stock":0,"stock_on_hold":0,"sold_today":0,"sales_last_days":0,"reserved_stock":0,"customer_returns":0,"warehouse_damage":0,"lost_in_post":0,"other_logs":0,"out_stock_days":590,"lost_sales":0,"has_location":false,"update_date":"2026-01-28T23:11:18","atum_locations":[],"atum_stock_status":"outofstock","restock_status":false,"low_stock_amount":"","sales_update_date":"2026-01-28T23:11:18","calc_backorders":null,"acf":{"publisher":{"ID":1424,"post_author":"1","post_date":"2021-02-17 00:02:29","post_date_gmt":"2021-02-16 22:02:29","post_content":"<!-- wp:flatsome\/uxbuilder -->\n<h1 style=\"text-align: center\"><strong>Nh\u00e3 Nam<\/strong><\/h1>\n[row]\n\n[col span=\"6\" span__sm=\"12\"]\n\n[ux_image id=\"1438\" image_size=\"medium\"]\n\n\n[\/col]\n[col span=\"6\" span__sm=\"12\"]\n\n<p><strong>C\u00f4ng ty c\u1ed5 ph\u1ea7n V\u0103n h\u00f3a v\u00e0 Truy\u1ec1n th\u00f4ng Nh\u00e3 Nam<\/strong><\/p>\n<p>Th\u00e1ng 2 n\u0103m 2005, Nh\u00e3 Nam, t\u00ean \u0111\u1ea7y \u0111\u1ee7 l\u00e0 C\u00f4ng ty C\u1ed5 ph\u1ea7n V\u0103n h\u00f3a v\u00e0 Truy\u1ec1n th\u00f4ng Nh\u00e3 Nam \u0111\u00e3 gia nh\u1eadp th\u1ecb tr\u01b0\u1eddng s\u00e1ch. T\u00e1c ph\u1ea9m \"Balzac v\u00e0 c\u00f4 b\u00e9 th\u1ee3 may Trung hoa\" c\u1ee7a \u0110\u1edbi T\u01b0 Ki\u1ec7t l\u00e0 cu\u1ed1n s\u00e1ch \u0111\u1ea7u ti\u00ean \u0111\u01b0\u1ee3c nh\u1eefng ng\u01b0\u1eddi s\u00e1ng l\u1eadp Nh\u00e3 Nam xu\u1ea5t b\u1ea3n c\u1ea3 tr\u01b0\u1edbc khi c\u00f4ng ty ra \u0111\u1eddi. Ngay l\u1eadp t\u1ee9c t\u1eeb cu\u1ed1n s\u00e1ch \u0111\u1ea7u ti\u00ean, \u0111\u1ed9c gi\u1ea3 \u0111\u00e3 d\u00e0nh s\u1ef1 quan t\u00e2m v\u00e0 y\u00eau m\u1ebfn cho m\u1ed9t th\u01b0\u01a1ng hi\u1ec7u s\u00e1ch m\u1edbi m\u1ebb mang trong m\u00ecnh kh\u00e1t v\u1ecdng g\u00f3p ph\u1ea7n t\u1ea1o l\u1eadp di\u1ec7n m\u1ea1o m\u1edbi cho xu\u1ea5t b\u1ea3n v\u0103n h\u1ecdc t\u1ea1i Vi\u1ec7t Nam.<\/p>\n<p>L\u00f2ng say m\u00ea c\u1ee7a \u0111\u1ed9i ng\u0169 l\u00e0 vi\u00ean \u0111\u00e1 \u0111\u1ea7u ti\u00ean. Tr\u1ea3i qua m\u1ea5y n\u0103m ph\u00e1t tri\u1ec3n, Nh\u00e3 Nam \u0111\u00e3 \u0111\u01b0\u1ee3c x\u00e2y d\u1ef1ng d\u1ea7n l\u00ean trong di\u1ec7n m\u1ea1o m\u1ed9t nh\u00e0 xu\u1ea5t b\u1ea3n v\u1eefng ch\u00e3i v\u00e0 chuy\u00ean nghi\u1ec7p. S\u00e1u th\u00e1ng sau khi th\u00e0nh l\u1eadp c\u00f4ng ty, Nh\u1eadt k\u00fd \u0110\u1eb7ng Th\u00f9y Tr\u00e2m ra \u0111\u1eddi, t\u1ea1o n\u00ean m\u1ed9t c\u01a1n s\u1ed1t trong x\u00e3 h\u1ed9i, v\u1edbi g\u1ea7n 500,000 b\u1ea3n s\u00e1ch \u0111\u01b0\u1ee3c ph\u00e1t h\u00e0nh, ph\u00e1 m\u1ecdi k\u1ef7 l\u1ee5c v\u1ec1 xu\u1ea5t b\u1ea3n tr\u01b0\u1edbc \u0111\u00f3, k\u00e9o theo m\u1ed9t lo\u1ea1t nh\u1eefng hi\u1ec7u \u1ee9ng x\u00e3 h\u1ed9i v\u00e0 d\u01b0 lu\u1eadn c\u00f3 \u00fd ngh\u0129a. T\u1eeb \u0111\u00f3 tr\u1edf \u0111i, th\u00f4ng qua Nh\u00e3 Nam, c\u00e1c cu\u1ed1n s\u00e1ch v\u0103n h\u1ecdc n\u01b0\u1edbc ngo\u00e0i c\u00f3 gi\u00e1 tr\u1ecb \u0111\u01b0\u1ee3c li\u00ean t\u1ee5c mua b\u1ea3n quy\u1ec1n v\u00e0 xu\u1ea5t b\u1ea3n t\u1ea1i Vi\u1ec7t Nam, thu h\u00fat nhi\u1ec1u t\u1ea7ng l\u1edbp \u0111\u1ed9c gi\u1ea3. S\u00e1ch c\u1ee7a Nh\u00e3 Nam n\u1ed5i b\u1eadt b\u1edfi n\u1ed9i dung v\u0103n h\u1ecdc tinh t\u1ebf, b\u1edfi v\u1ebb \u0111\u1eb9p c\u1ee7a thi\u1ebft k\u1ebf hi\u1ec7n \u0111\u1ea1i \u1edf h\u00ecnh th\u1ee9c, b\u1edfi s\u1ef1 ch\u0103m ch\u00fat k\u1ef9 l\u01b0\u1ee1ng cho m\u1ed7i cu\u1ed1n s\u00e1ch nh\u01b0 m\u1ed9t con thuy\u1ec1n mang t\u1edbi ni\u1ec1m vui, tri th\u1ee9c, ng\u1ea1c nhi\u00ean, v\u00e0 \u0111\u1ed3ng c\u1ea3m.<\/p>\n\n[\/col]\n\n[\/row]\n<p style=\"text-align: left\">Hi\u1ec3u th\u1eddi \u0111\u1ea1i \u0111ang s\u1ed1ng th\u00f4ng qua s\u00e1ch, song h\u00e0nh v\u1edbi nh\u1eefng bi\u1ebfn chuy\u1ec3n s\u00e2u s\u1eafc trong l\u00f2ng x\u00e3 h\u1ed9i b\u1eb1ng nh\u1eefng ho\u1ea1t \u0111\u1ed9ng xu\u1ea5t b\u1ea3n mi\u1ec7t m\u00e0i v\u00e0 qu\u1ea3 c\u1ea3m, con \u0111\u01b0\u1eddng Nh\u00e3 Nam \u0111\u00e3 ch\u1ecdn \u0111\u1ec3 \u0111i s\u1ebd c\u00f2n d\u00e0i. Nhi\u1ec1u kh\u00f3 kh\u0103n, th\u1eed th\u00e1ch \u0111ang \u1edf ph\u00eda tr\u01b0\u1edbc. B\u01b0\u1edbc qua th\u1eddi k\u1ef3 s\u01a1 khai v\u1edbi nh\u1eefng b\u00e0i h\u1ecdc v\u00e0 nh\u1eefng kinh nghi\u1ec7m \u0111\u1ea7u ti\u00ean, Nh\u00e3 Nam gi\u1edd \u0111\u00e3 s\u1eb5n s\u00e0ng cho m\u1ed9t ch\u1eb7ng \u0111\u01b0\u1eddng ph\u00e1t tri\u1ec3n m\u1edbi. V\u00e0 ch\u00fang t\u00f4i mu\u1ed1n ho\u00e0n thi\u1ec7n m\u00ecnh trong s\u1ef1 c\u1ea7u th\u1ecb v\u00e0 c\u1ea9n tr\u1ecdng. T\u1ea5t c\u1ea3 v\u00ec m\u1ed9t gia s\u1ea3n s\u00e1ch to l\u1edbn, c\u00f3 s\u1ee9c s\u1ed1ng d\u00e0i l\u00e2u, c\u00f3 \u00fd ngh\u0129a v\u1edbi nhi\u1ec1u th\u1ebf h\u1ec7 b\u1ea1n \u0111\u1ecdc.<br \/>B\u1edfi v\u00ec s\u00e1ch l\u00e0 th\u1ebf gi\u1edbi.<\/p>\n<p><strong>\u0110\u00e2y l\u00e0 m\u1ed9t nh\u00e0 ph\u00e1t h\u00e0nh s\u00e1ch m\u00e0 SACHVIET.EU r\u1ea5t y\u00eau th\u00edch v\u00e0 tin t\u01b0\u1edfng. Nh\u00ecn \u0111\u01b0\u1ee3c t\u1ea7m \u1ea3nh h\u01b0\u1edfng c\u1ee7a Nh\u00e3 Nam qua t\u1eebng cu\u1ed1n s\u00e1ch, SACHVIET.EU li\u00ean h\u1ec7 h\u1ee3p t\u00e1c ngay v\u1edbi Nh\u00e3 Nam \u0111\u1ec3 \u0111em to\u00e0n b\u1ed9 nh\u1eefng t\u00e1c ph\u1ea9m m\u1edbi, hay nh\u1ea5t m\u00e0 Nh\u00e3 Nam c\u00f3 sang Ch\u00e2u \u00c2u, \u0111\u01b0a \u0111\u1ebfn cho \u0111\u1ed9c gi\u1ea3 c\u00f3 nhi\u1ec1u s\u1ef1 l\u1ef1a ch\u1ecdn phong ph\u00fa h\u01a1n c\u1ea3 s\u00e1ch cho tr\u1ebb em l\u1eabn ng\u01b0\u1eddi l\u1edbn.\u00a0<\/strong><\/p>\n\n<!-- \/wp:flatsome\/uxbuilder -->","post_title":"Nh\u00e3 Nam","post_excerpt":"","post_status":"publish","comment_status":"closed","ping_status":"closed","post_password":"","post_name":"nha-nam","to_ping":"","pinged":"","post_modified":"2022-12-19 23:15:33","post_modified_gmt":"2022-12-19 21:15:33","post_content_filtered":"","post_parent":0,"guid":"https:\/\/sachviet.eu\/?post_type=publisher&#038;p=1424","menu_order":0,"post_type":"publisher","post_mime_type":"","comment_count":"0","filter":"raw"}},"_links":{"self":[{"href":"https:\/\/sachviet.eu\/en\/wp-json\/wp\/v2\/product\/147","targetHints":{"allow":["GET"]}}],"collection":[{"href":"https:\/\/sachviet.eu\/en\/wp-json\/wp\/v2\/product"}],"about":[{"href":"https:\/\/sachviet.eu\/en\/wp-json\/wp\/v2\/types\/product"}],"wp:featuredmedia":[{"embeddable":true,"href":"https:\/\/sachviet.eu\/en\/wp-json\/wp\/v2\/media\/308"}],"wp:attachment":[{"href":"https:\/\/sachviet.eu\/en\/wp-json\/wp\/v2\/media?parent=147"}],"wp:term":[{"taxonomy":"product_brand","embeddable":true,"href":"https:\/\/sachviet.eu\/en\/wp-json\/wp\/v2\/product_brand?post=147"},{"taxonomy":"product_cat","embeddable":true,"href":"https:\/\/sachviet.eu\/en\/wp-json\/wp\/v2\/product_cat?post=147"},{"taxonomy":"product_tag","embeddable":true,"href":"https:\/\/sachviet.eu\/en\/wp-json\/wp\/v2\/product_tag?post=147"}],"curies":[{"name":"wp","href":"https:\/\/api.w.org\/{rel}","templated":true}]}}