{"id":14524,"date":"2021-07-03T16:09:19","date_gmt":"2021-07-03T13:09:19","guid":{"rendered":"https:\/\/sachviet.eu\/shop\/ban-co-nam-cho-ngoi-tai-ban\/"},"modified":"2022-12-23T12:00:11","modified_gmt":"2022-12-23T10:00:11","slug":"ban-co-nam-cho-ngoi-tai-ban","status":"publish","type":"product","link":"https:\/\/sachviet.eu\/en\/shop\/ban-co-nam-cho-ngoi-tai-ban\/","title":{"rendered":"B\u00e0n C\u00f3 N\u0103m Ch\u1ed7 Ng\u1ed3i (T\u00e1i B\u1ea3n)"},"content":{"rendered":"<p>T\u00e1c gi\u1ea3 quen thu\u1ed9c c\u1ee7a thi\u1ebfu nhi, c\u1ee7a tu\u1ed5i \u00f4 mai. Nh\u1eefng t\u1eadp truy\u1ec7n c\u1ee7a anh lu\u00f4n d\u00ed d\u1ecfm, h\u00e0i h\u01b0\u1edbc, \u0111em l\u1ea1i nhi\u1ec1u c\u1ea3m x\u00fac, nhi\u1ec1u b\u00e0i h\u1ecdc nh\u1eb9 nh\u00e0ng cho l\u1ee9a tu\u1ed5i h\u1ecdc tr\u00f2. H\u00e3y \u0111\u1ecdc \u0111\u1ec3 c\u00f9ng g\u1eb7p nh\u1eefng nh\u00e2n v\u1eadt r\u1ea5t d\u1ec5 th\u01b0\u01a1ng, ho\u1eb7c ph\u1ea3i v\u01b0\u1ee3t qua nh\u1eefng ho\u00e0n c\u1ea3nh kh\u00f3 kh\u0103n, ho\u1eb7c s\u1eb5n l\u00f2ng chia s\u1ebb v\u1edbi b\u1ea1n b\u00e8, ng\u01b0\u1eddi th\u00e2n\u2026 Th\u1eadm ch\u00ed c\u1ea3 nh\u1eefng nh\u00e2n v\u1eadt t\u1ea1m g\u1ecdi l\u00e0 \u201cphe x\u1ea5u\u201d v\u1edbi nhi\u1ec1u tr\u00f2 \u0111\u00f9a ngh\u1ecbch\u2026 c\u0169ng mang d\u00e1ng d\u1ea5p h\u1ed3n nhi\u00ean. T\u1ea5t c\u1ea3 h\u01b0\u1edbng v\u1ec1 CH\u00c2N \u2013 THI\u1ec6N \u2013 M\u1ef8. H\u1ecd l\u00e0 n\u0103m ng\u01b0\u1eddi b\u1ea1n v\u1edbi n\u0103m c\u00e1 t\u00ednh v\u00e0 ho\u00e0n c\u1ea3nh kh\u00e1c nhau c\u00f9ng chung trong m\u1ed9t l\u1edbp h\u1ecdc. Nh\u1eefng tr\u00f2 ngh\u1ecbch ng\u1ee3m tr\u1ebb con \u0111\u00f4i khi g\u00e2y ra m\u00e2u thu\u1eabn, nh\u01b0ng tr\u00ean t\u1ea5t c\u1ea3 \u0111\u00f3 l\u00e0 nh\u1eefng \u0111\u1ee9a tr\u1ebb ham h\u1ecdc, gi\u00e0u l\u00f2ng nh\u00e2n \u00e1i v\u00e0 bi\u1ebft quan t\u00e2m \u0111\u1ebfn b\u1ea1n b\u00e8. C\u1ea3m th\u00f4ng v\u1edbi ho\u00e0n c\u1ea3nh c\u1ee7a nhau, t\u1eebng b\u1ea1n ngh\u0129 ra c\u00e1ch gi\u00fap \u0111\u1ee1 b\u1ea1n m\u00ecnh theo kh\u1ea3 n\u0103ng \u0111\u1ec3 t\u00ecnh b\u1ea1n \u1ea5y l\u1edbn d\u1ea7n theo n\u0103m th\u00e1ng.<\/p>\n","protected":false},"excerpt":{"rendered":"<p>T\u00e1c gi\u1ea3 quen thu\u1ed9c c\u1ee7a thi\u1ebfu nhi, c\u1ee7a tu\u1ed5i \u00f4 mai. Nh\u1eefng t\u1eadp truy\u1ec7n c\u1ee7a anh lu\u00f4n d\u00ed d\u1ecfm, h\u00e0i h\u01b0\u1edbc, \u0111em l\u1ea1i nhi\u1ec1u c\u1ea3m x\u00fac, nhi\u1ec1u b\u00e0i h\u1ecdc nh\u1eb9 nh\u00e0ng cho l\u1ee9a tu\u1ed5i h\u1ecdc tr\u00f2. H\u00e3y \u0111\u1ecdc \u0111\u1ec3 c\u00f9ng g\u1eb7p nh\u1eefng nh\u00e2n v\u1eadt r\u1ea5t d\u1ec5 th\u01b0\u01a1ng, ho\u1eb7c ph\u1ea3i v\u01b0\u1ee3t qua nh\u1eefng ho\u00e0n c\u1ea3nh kh\u00f3 kh\u0103n, ho\u1eb7c s\u1eb5n l\u00f2ng chia s\u1ebb v\u1edbi b\u1ea1n b\u00e8, ng\u01b0\u1eddi th\u00e2n\u2026 Th\u1eadm ch\u00ed c\u1ea3 nh\u1eefng nh\u00e2n v\u1eadt t\u1ea1m g\u1ecdi l\u00e0 \u201cphe x\u1ea5u\u201d v\u1edbi nhi\u1ec1u tr\u00f2 \u0111\u00f9a ngh\u1ecbch\u2026 c\u0169ng mang d\u00e1ng d\u1ea5p h\u1ed3n nhi\u00ean. T\u1ea5t c\u1ea3 h\u01b0\u1edbng v\u1ec1 CH\u00c2N \u2013 THI\u1ec6N \u2013 M\u1ef8. H\u1ecd l\u00e0 n\u0103m ng\u01b0\u1eddi b\u1ea1n v\u1edbi n\u0103m c\u00e1 t\u00ednh v\u00e0 ho\u00e0n c\u1ea3nh kh\u00e1c nhau c\u00f9ng chung trong m\u1ed9t l\u1edbp h\u1ecdc. Nh\u1eefng tr\u00f2 ngh\u1ecbch ng\u1ee3m tr\u1ebb con \u0111\u00f4i khi g\u00e2y ra m\u00e2u thu\u1eabn, nh\u01b0ng tr\u00ean t\u1ea5t c\u1ea3 \u0111\u00f3 l\u00e0 nh\u1eefng \u0111\u1ee9a tr\u1ebb ham h\u1ecdc, gi\u00e0u l\u00f2ng nh\u00e2n \u00e1i v\u00e0 bi\u1ebft quan t\u00e2m \u0111\u1ebfn b\u1ea1n b\u00e8. C\u1ea3m th\u00f4ng v\u1edbi ho\u00e0n c\u1ea3nh c\u1ee7a nhau, t\u1eebng b\u1ea1n ngh\u0129 ra c\u00e1ch gi\u00fap \u0111\u1ee1 b\u1ea1n m\u00ecnh theo kh\u1ea3 n\u0103ng \u0111\u1ec3 t\u00ecnh b\u1ea1n \u1ea5y l\u1edbn d\u1ea7n theo n\u0103m th\u00e1ng.<\/p>\n","protected":false},"featured_media":14515,"template":"","meta":{"_acf_changed":false},"product_brand":[],"product_cat":[15,45],"product_tag":[81],"class_list":{"0":"post-14524","1":"product","2":"type-product","3":"status-publish","4":"has-post-thumbnail","6":"product_cat-sach-danh-cho-nguoi-lon","7":"product_cat-tieu-thuyet","8":"product_tag-sach-gia-uu-dai","10":"first","11":"outofstock","12":"sale","13":"taxable","14":"shipping-taxable","15":"purchasable","16":"product-type-simple"},"supplier_id":null,"supplier_sku":"","barcode":null,"atum_controlled":true,"out_stock_date":"2022-12-23 10:00:11","out_stock_threshold":null,"inheritable":false,"inbound_stock":0,"stock_on_hold":0,"sold_today":0,"sales_last_days":0,"reserved_stock":0,"customer_returns":0,"warehouse_damage":0,"lost_in_post":0,"other_logs":0,"out_stock_days":1132,"lost_sales":0,"has_location":false,"update_date":"2026-01-28T23:10:55","atum_locations":[],"atum_stock_status":"outofstock","restock_status":false,"low_stock_amount":"","sales_update_date":"2026-01-28T23:10:55","calc_backorders":null,"acf":{"publisher":{"ID":1517,"post_author":"1","post_date":"2021-02-17 01:14:41","post_date_gmt":"2021-02-16 23:14:41","post_content":"","post_title":"NXB Tr\u1ebb","post_excerpt":"","post_status":"publish","comment_status":"closed","ping_status":"closed","post_password":"","post_name":"nxb-tre","to_ping":"","pinged":"","post_modified":"2021-02-17 01:14:41","post_modified_gmt":"2021-02-16 23:14:41","post_content_filtered":"","post_parent":0,"guid":"https:\/\/sachviet.eu\/nha-phat-hanh\/nxb-tre\/","menu_order":0,"post_type":"publisher","post_mime_type":"","comment_count":"0","filter":"raw"}},"_links":{"self":[{"href":"https:\/\/sachviet.eu\/en\/wp-json\/wp\/v2\/product\/14524","targetHints":{"allow":["GET"]}}],"collection":[{"href":"https:\/\/sachviet.eu\/en\/wp-json\/wp\/v2\/product"}],"about":[{"href":"https:\/\/sachviet.eu\/en\/wp-json\/wp\/v2\/types\/product"}],"wp:featuredmedia":[{"embeddable":true,"href":"https:\/\/sachviet.eu\/en\/wp-json\/wp\/v2\/media\/14515"}],"wp:attachment":[{"href":"https:\/\/sachviet.eu\/en\/wp-json\/wp\/v2\/media?parent=14524"}],"wp:term":[{"taxonomy":"product_brand","embeddable":true,"href":"https:\/\/sachviet.eu\/en\/wp-json\/wp\/v2\/product_brand?post=14524"},{"taxonomy":"product_cat","embeddable":true,"href":"https:\/\/sachviet.eu\/en\/wp-json\/wp\/v2\/product_cat?post=14524"},{"taxonomy":"product_tag","embeddable":true,"href":"https:\/\/sachviet.eu\/en\/wp-json\/wp\/v2\/product_tag?post=14524"}],"curies":[{"name":"wp","href":"https:\/\/api.w.org\/{rel}","templated":true}]}}