{"id":145,"date":"2021-02-11T20:14:24","date_gmt":"2021-02-11T18:14:24","guid":{"rendered":"https:\/\/sachviet.eu\/?post_type=product&#038;p=145"},"modified":"2024-08-14T06:43:41","modified_gmt":"2024-08-14T03:43:41","slug":"199-may-hoi-ay-lam-gi","status":"publish","type":"product","link":"https:\/\/sachviet.eu\/en\/shop\/199-may-hoi-ay-lam-gi\/","title":{"rendered":"199 m\u1ea5y h\u1ed3i \u1ea5y l\u00e0m g\u00ec?"},"content":{"rendered":"<p>Gi\u1ecdng v\u0103n c\u1ee7a t\u00e1c gi\u1ea3 Trang Neko b\u00ecnh d\u1ecb k\u1ebft h\u1ee3p v\u1edbi tranh minh h\u1ecda c\u1ee7a h\u1ecda s\u0129 X.Lan y\u00eau d\u00e3 man lu\u00f4n.<br \/>\nH\u1ed3i x\u01b0a ch\u1eb3ng c\u00f3 \u0111i\u1ec7n tho\u1ea1i hay \u0111\u1ed3 d\u00f9ng \u0111i\u1ec7n t\u1eed th\u00f4ng minh nh\u01b0 b\u00e2y gi\u1edd, th\u1ebf m\u00e0 m\u1ed7i khi nh\u1edb l\u1ea1i, t\u1edb \u0111\u00e3 th\u1ea7m c\u1ea3m \u01a1n r\u1eb1ng m\u00ecnh \u0111\u01b0\u1ee3c sinh ra h\u1ed3i \u1ea5y. T\u1edb hay \u0111i tr\u00eau ch\u00f3 nh\u00e0 h\u00e0ng x\u00f3m, tr\u1ed9m ng\u00f4 \u1edf c\u00e1nh \u0111\u1ed3ng g\u1ea7n nh\u00e0, ch\u01a1i \u00f4 \u0103n quan, ch\u01a1i x\u00e2y nh\u00e0 tr\u00ean c\u00e2y c\u00f9ng anh ch\u1ecb em. Nh\u1edb l\u1ea1i c\u00f2n gi\u1ea3 v\u1edd l\u00e0m gia \u0111\u00ecnh v\u00e0 th\u1eb1ng anh t\u1edb su\u1ed1t ng\u00e0y b\u1eaft t\u1edb l\u00e0m n\u00f4 t\u1ef3 sai b\u1ea3o. \u00c0 kh\u00f4ng th\u1ec3 kh\u00f4ng nh\u1eafc \u0111\u1ebfn c\u00e1c m\u00f3n \u0111\u1ed3 \u0103n v\u1eb7t nh\u01b0 \u00f4 mai, bim bim s\u1ed1ng, vi\u00ean c h\u00ecnh tim. T\u1edb c\u00f3 l\u1ea7n \u0103n tr\u1ed9m c\u1ee7a m\u1eb9 500 \u0111\u1ed3ng \u0111i mua \u0111\u1ed3 \u0103n v\u1eb7t, eo \u01a1i ngu l\u1eafm lu\u00f4n xong v\u1ec1 b\u1ecb m\u1eb9 \u0111\u00e1nh n\u00e1t \u0111\u00edt lu\u00f4n \u00fd. H\u1ed3i x\u01b0a m\u1ed7i l\u1ea7n h\u00e8 \u0111\u1ebfn khu nh\u00e0 t\u1edb c\u00f3 sinh ho\u1ea1t h\u00e8, m\u1ecdi ng\u01b0\u1eddi t\u1ee5 t\u1eadp ch\u01a1i vui \u01a1i l\u00e0 vui.<br \/>\n199 m\u1ea5y h\u1ed3i \u1ea5y l\u00e0m g\u00ec \u0111\u00fang chu\u1ea9n cu\u1ed1n s\u00e1ch g\u00e2y th\u01b0\u01a1ng nh\u1edb cho \u0111\u1ed9c gi\u1ea3, x\u00fac \u0111\u1ed9ng gh\u00ea g\u1edbm. N\u00f3 nh\u01b0 m\u1ed9t c\u1ed7 m\u00e1y th\u1eddi gian l\u00e0m s\u1ed1ng l\u1ea1i nh\u1eefng th\u1eddi kh\u1eafc tr\u1ebb tr\u00e2u \u0111\u1ec3 \u0111\u1eddi lu\u00f4n \u00fd.<br \/>\nT\u00f3m l\u1ea1i, 199 m\u1ea5y \u2013 H\u1ed3i \u1ea5y l\u00e0m g\u00ec ch\u1eb3ng ph\u1ea3i nh\u1eefng \u00e1ng v\u0103n hay xu\u1ea5t s\u1eafc m\u00e0 ch\u1ec9 \u0111\u01a1n gi\u1ea3n l\u00e0 gi\u1ecdng k\u1ec3 b\u00ecnh d\u1ecb nh\u01b0ng \u0111\u1ee7 kh\u1ea3 n\u0103ng l\u00e0m lay \u0111\u1ed9ng tr\u00e1i tim \u0111\u1ed9c gi\u1ea3, kh\u01a1i g\u1ee3i nh\u1eefng k\u00fd \u1ee9c \u1ea5u th\u01a1 tr\u00e2n qu\u00fd \u2013 qu\u00e3ng th\u1eddi gian m\u00e0 ai ai c\u0169ng d\u00e0nh tr\u1ecdn m\u1ed9t g\u00f3c trong t\u00e2m tr\u00ed m\u00ecnh \u0111\u1ec3 nh\u1edb v\u1ec1. Y\u00eau v\u00f4 c\u00f9ng cu\u1ed1n s\u00e1ch nh\u1ecf b\u00e9 n\u00e0y<\/p>\n  <div class=\"banner-grid-wrapper\">\n  <div id=\"banner-grid-1933923566\" class=\"banner-grid row row-grid row-small\" data-packery-options=\"\">\n                      \n<div class=\"col grid-col large-6 grid-col-1-2\" ><div class=\"col-inner\">\n\t<div class=\"img has-hover x md-x lg-x y md-y lg-y\" id=\"image_1266463140\">\n\t\t\t\t\t\t\t\t<div class=\"img-inner dark\" >\n\t\t\t<img loading=\"lazy\" decoding=\"async\" width=\"700\" height=\"475\" src=\"https:\/\/sachviet.eu\/wp-content\/uploads\/2021\/02\/199-may-hoi-ay-lam-gi-anh-thuc-te-01.jpg\" class=\"attachment-large size-large\" alt=\"\" srcset=\"https:\/\/sachviet.eu\/wp-content\/uploads\/2021\/02\/199-may-hoi-ay-lam-gi-anh-thuc-te-01.jpg 700w, https:\/\/sachviet.eu\/wp-content\/uploads\/2021\/02\/199-may-hoi-ay-lam-gi-anh-thuc-te-01-300x204.jpg 300w, https:\/\/sachviet.eu\/wp-content\/uploads\/2021\/02\/199-may-hoi-ay-lam-gi-anh-thuc-te-01-600x407.jpg 600w\" sizes=\"auto, (max-width: 700px) 100vw, 700px\" \/>\t\t\t\t\t\t\n\t\t\t\t\t<\/div>\n\t\t\t\t\t\t\t\t\n<style>\n#image_1266463140 {\n  width: 100%;\n}\n<\/style>\n\t<\/div>\n\t\n<\/div><\/div>\n<div class=\"col grid-col large-6 grid-col-1\" ><div class=\"col-inner\">\n\t<div class=\"img has-hover x md-x lg-x y md-y lg-y\" id=\"image_1042054530\">\n\t\t\t\t\t\t\t\t<div class=\"img-inner dark\" >\n\t\t\t<img loading=\"lazy\" decoding=\"async\" width=\"700\" height=\"700\" src=\"https:\/\/sachviet.eu\/wp-content\/uploads\/2021\/02\/199-may-hoi-ay-lam-gi-doc-thu-04.jpg\" class=\"attachment-large size-large\" alt=\"\" srcset=\"https:\/\/sachviet.eu\/wp-content\/uploads\/2021\/02\/199-may-hoi-ay-lam-gi-doc-thu-04.jpg 700w, https:\/\/sachviet.eu\/wp-content\/uploads\/2021\/02\/199-may-hoi-ay-lam-gi-doc-thu-04-300x300.jpg 300w, https:\/\/sachviet.eu\/wp-content\/uploads\/2021\/02\/199-may-hoi-ay-lam-gi-doc-thu-04-150x150.jpg 150w, https:\/\/sachviet.eu\/wp-content\/uploads\/2021\/02\/199-may-hoi-ay-lam-gi-doc-thu-04-600x600.jpg 600w, https:\/\/sachviet.eu\/wp-content\/uploads\/2021\/02\/199-may-hoi-ay-lam-gi-doc-thu-04-100x100.jpg 100w\" sizes=\"auto, (max-width: 700px) 100vw, 700px\" \/>\t\t\t\t\t\t\n\t\t\t\t\t<\/div>\n\t\t\t\t\t\t\t\t\n<style>\n#image_1042054530 {\n  width: 100%;\n}\n<\/style>\n\t<\/div>\n\t\n<\/div><\/div>\n<div class=\"col grid-col large-3 grid-col-1-2\" ><div class=\"col-inner\">\n\t<div class=\"img has-hover x md-x lg-x y md-y lg-y\" id=\"image_801377500\">\n\t\t\t\t\t\t\t\t<div class=\"img-inner dark\" >\n\t\t\t<img loading=\"lazy\" decoding=\"async\" width=\"700\" height=\"700\" src=\"https:\/\/sachviet.eu\/wp-content\/uploads\/2021\/02\/199-may-hoi-ay-lam-gi-doc-thu-06.jpg\" class=\"attachment-large size-large\" alt=\"\" srcset=\"https:\/\/sachviet.eu\/wp-content\/uploads\/2021\/02\/199-may-hoi-ay-lam-gi-doc-thu-06.jpg 700w, https:\/\/sachviet.eu\/wp-content\/uploads\/2021\/02\/199-may-hoi-ay-lam-gi-doc-thu-06-300x300.jpg 300w, https:\/\/sachviet.eu\/wp-content\/uploads\/2021\/02\/199-may-hoi-ay-lam-gi-doc-thu-06-150x150.jpg 150w, https:\/\/sachviet.eu\/wp-content\/uploads\/2021\/02\/199-may-hoi-ay-lam-gi-doc-thu-06-600x600.jpg 600w, https:\/\/sachviet.eu\/wp-content\/uploads\/2021\/02\/199-may-hoi-ay-lam-gi-doc-thu-06-100x100.jpg 100w\" sizes=\"auto, (max-width: 700px) 100vw, 700px\" \/>\t\t\t\t\t\t\n\t\t\t\t\t<\/div>\n\t\t\t\t\t\t\t\t\n<style>\n#image_801377500 {\n  width: 100%;\n}\n<\/style>\n\t<\/div>\n\t\n<\/div><\/div>\n<div class=\"col grid-col large-3 grid-col-1-2\" ><div class=\"col-inner\">\n\t<div class=\"img has-hover x md-x lg-x y md-y lg-y\" id=\"image_927394838\">\n\t\t\t\t\t\t\t\t<div class=\"img-inner dark\" >\n\t\t\t<img loading=\"lazy\" decoding=\"async\" width=\"1014\" height=\"1024\" src=\"https:\/\/sachviet.eu\/wp-content\/uploads\/2021\/02\/199_may_hoi_ay_lam_gi_-_ruot_2-1014x1024.jpg\" class=\"attachment-large size-large\" alt=\"\" srcset=\"https:\/\/sachviet.eu\/wp-content\/uploads\/2021\/02\/199_may_hoi_ay_lam_gi_-_ruot_2-1014x1024.jpg 1014w, https:\/\/sachviet.eu\/wp-content\/uploads\/2021\/02\/199_may_hoi_ay_lam_gi_-_ruot_2-297x300.jpg 297w, https:\/\/sachviet.eu\/wp-content\/uploads\/2021\/02\/199_may_hoi_ay_lam_gi_-_ruot_2-150x150.jpg 150w, https:\/\/sachviet.eu\/wp-content\/uploads\/2021\/02\/199_may_hoi_ay_lam_gi_-_ruot_2-768x776.jpg 768w, https:\/\/sachviet.eu\/wp-content\/uploads\/2021\/02\/199_may_hoi_ay_lam_gi_-_ruot_2-1521x1536.jpg 1521w, https:\/\/sachviet.eu\/wp-content\/uploads\/2021\/02\/199_may_hoi_ay_lam_gi_-_ruot_2-2028x2048.jpg 2028w, https:\/\/sachviet.eu\/wp-content\/uploads\/2021\/02\/199_may_hoi_ay_lam_gi_-_ruot_2-600x606.jpg 600w, https:\/\/sachviet.eu\/wp-content\/uploads\/2021\/02\/199_may_hoi_ay_lam_gi_-_ruot_2-100x100.jpg 100w\" sizes=\"auto, (max-width: 1014px) 100vw, 1014px\" \/>\t\t\t\t\t\t\n\t\t\t\t\t<\/div>\n\t\t\t\t\t\t\t\t\n<style>\n#image_927394838 {\n  width: 100%;\n}\n<\/style>\n\t<\/div>\n\t\n<\/div><\/div>\n            <\/div>\n    <style>\n    #banner-grid-1933923566 .grid-col-1{height: 600px}\n    #banner-grid-1933923566 .grid-col-1-2{height: 300px}\n    #banner-grid-1933923566 .grid-col-1-3{height:200px}\n    #banner-grid-1933923566 .grid-col-2-3{height: 400px}\n    #banner-grid-1933923566 .grid-col-1-4{height: 150px}\n    #banner-grid-1933923566 .grid-col-3-4{height: 450px}\n\n\n    \n    \n\n  <\/style>\n    <\/div>\n  \n","protected":false},"excerpt":{"rendered":"<p>N\u1ebfu nh\u1eafc chuy\u1ec7n \u201cng\u00e0y x\u01b0a\u201d, ch\u1eafc h\u1eb3n ai c\u0169ng c\u00f3 c\u1ea3 t\u00e1 chuy\u1ec7n \u0111\u1ec3 k\u1ec3, \u0111\u1ec3 vui v\u00e0 \u0111\u1ec3 nh\u1edb. \u0110\u00f3 l\u00e0 l\u00ed do cu\u1ed1n s\u00e1ch \u201c199 m\u1ea5y H\u1ed3i \u1ea5y l\u00e0m g\u00ec?\u201d n\u1eb1m tr\u00ean tay b\u1ea1n.<\/p>\n<p>Hi v\u1ecdng \u201cc\u1ed7 m\u00e1y th\u1eddi gian\u201d nh\u1ecf b\u00e9 n\u00e0y s\u1ebd gi\u00fap \u0111\u1ed9c gi\u1ea3 s\u1ed1ng l\u1ea1i m\u1ed9t s\u1ebd gi\u00fap \u0111\u1ed9c gi\u1ea3 s\u1ed1ng l\u1ea1i m\u1ed9t v\u00e0i kho\u1ea3nh kh\u1eafc \u0111\u00e3 qua \u0111i trong ch\u1ed1c l\u00e1t, \u0111\u1ec3 nh\u1edb v\u1ec1 th\u1eddi \u201chuy ho\u00e0ng\u201d c\u1ee7a m\u1ed7i ng\u01b0\u1eddi l\u1edbn \u0111\u00e3 t\u1eebng m\u1ed9t th\u1eddi l\u00e0 tr\u1ebb con\u2026<\/p>\n<p>T\u00e1c gi\u1ea3 l\u1eddi: Trang Neko &#8211; T\u1ed5ng h\u00f2a t\u00ednh c\u00e1ch c\u1ee7a cung Ma K\u1ebft c\u1ee9ng \u0111\u1ea7u v\u00e0 nh\u00f3m m\u00e1u A b\u1ea3o th\u1ee7. S\u00e1ch \u0111\u00e3 xu\u1ea5t b\u1ea3n: \u201cN\u1eafng v\u1ec1 ph\u00eda \u00e2y\u201d.<\/p>\n<p>H\u1ecda s\u0129 minh h\u1ecda: X.Lan &#8211; D\u1ed1t v\u0103n n\u00ean hay v\u1ebd. \u0110\u1ed3ng t\u00e1c gi\u1ea3 cu\u1ed1n \u201cM\u1eb9 Y\u00eau Ai Nh\u1ea5t?\u201d.<\/p>\n<p><strong>T\u00e1c gi\u1ea3: Trang Neko, X Lan<\/strong><\/p>\n","protected":false},"featured_media":289,"template":"","meta":{"_acf_changed":false},"product_brand":[],"product_cat":[17,71,26],"product_tag":[81],"class_list":{"0":"post-145","1":"product","2":"type-product","3":"status-publish","4":"has-post-thumbnail","6":"product_cat-sach-danh-cho-cac-be","7":"product_cat-sach-tre-em-thuan-viet","8":"product_cat-thieu-nien-11-tuoi-18-tuoi","9":"product_tag-sach-gia-uu-dai","11":"first","12":"outofstock","13":"sale","14":"taxable","15":"shipping-taxable","16":"purchasable","17":"product-type-simple"},"supplier_id":null,"supplier_sku":"","barcode":null,"atum_controlled":true,"out_stock_date":"2024-08-14 03:43:41","out_stock_threshold":null,"inheritable":false,"inbound_stock":0,"stock_on_hold":0,"sold_today":0,"sales_last_days":0,"reserved_stock":0,"customer_returns":0,"warehouse_damage":0,"lost_in_post":0,"other_logs":0,"out_stock_days":532,"lost_sales":0,"has_location":false,"update_date":"2026-01-28T23:11:21","atum_locations":[],"atum_stock_status":"outofstock","restock_status":false,"low_stock_amount":"","sales_update_date":"2026-01-28T23:11:21","calc_backorders":null,"acf":{"publisher":{"ID":1857,"post_author":"1","post_date":"2021-02-17 22:13:44","post_date_gmt":"2021-02-17 20:13:44","post_content":"","post_title":"Wings Books","post_excerpt":"","post_status":"publish","comment_status":"closed","ping_status":"closed","post_password":"","post_name":"wings-books","to_ping":"","pinged":"","post_modified":"2021-02-17 22:13:44","post_modified_gmt":"2021-02-17 20:13:44","post_content_filtered":"","post_parent":0,"guid":"https:\/\/sachviet.eu\/nha-phat-hanh\/wings-books\/","menu_order":0,"post_type":"publisher","post_mime_type":"","comment_count":"0","filter":"raw"}},"_links":{"self":[{"href":"https:\/\/sachviet.eu\/en\/wp-json\/wp\/v2\/product\/145","targetHints":{"allow":["GET"]}}],"collection":[{"href":"https:\/\/sachviet.eu\/en\/wp-json\/wp\/v2\/product"}],"about":[{"href":"https:\/\/sachviet.eu\/en\/wp-json\/wp\/v2\/types\/product"}],"wp:featuredmedia":[{"embeddable":true,"href":"https:\/\/sachviet.eu\/en\/wp-json\/wp\/v2\/media\/289"}],"wp:attachment":[{"href":"https:\/\/sachviet.eu\/en\/wp-json\/wp\/v2\/media?parent=145"}],"wp:term":[{"taxonomy":"product_brand","embeddable":true,"href":"https:\/\/sachviet.eu\/en\/wp-json\/wp\/v2\/product_brand?post=145"},{"taxonomy":"product_cat","embeddable":true,"href":"https:\/\/sachviet.eu\/en\/wp-json\/wp\/v2\/product_cat?post=145"},{"taxonomy":"product_tag","embeddable":true,"href":"https:\/\/sachviet.eu\/en\/wp-json\/wp\/v2\/product_tag?post=145"}],"curies":[{"name":"wp","href":"https:\/\/api.w.org\/{rel}","templated":true}]}}