{"id":14471,"date":"2021-07-03T00:21:52","date_gmt":"2021-07-02T21:21:52","guid":{"rendered":"https:\/\/sachviet.eu\/shop\/yeu-minh-truoc-da-yeu-doi-de-sau\/"},"modified":"2022-11-26T17:33:22","modified_gmt":"2022-11-26T15:33:22","slug":"yeu-minh-truoc-da-yeu-doi-de-sau","status":"publish","type":"product","link":"https:\/\/sachviet.eu\/en\/shop\/yeu-minh-truoc-da-yeu-doi-de-sau\/","title":{"rendered":"Y\u00eau M\u00ecnh Tr\u01b0\u1edbc \u0110\u00e3, Y\u00eau \u0110\u1eddi \u0110\u1ec3 Sau"},"content":{"rendered":"<p>Y\u00eau M\u00ecnh Tr\u01b0\u1edbc \u0110\u00e3, Y\u00eau \u0110\u1eddi \u0110\u1ec3 Sau<\/p>\n<p>T\u00ecnh y\u00eau b\u1ea3n th\u00e2n l\u00e0 s\u1ef1 c\u00e2n b\u1eb1ng gi\u1eefa vi\u1ec7c ch\u1ea5p nh\u1eadn con ng\u01b0\u1eddi th\u1eadt c\u1ee7a ch\u00ednh m\u00ecnh, song song v\u1edbi vi\u1ec7c bi\u1ebft r\u1eb1ng m\u00ecnh x\u1ee9ng \u0111\u00e1ng v\u1edbi nh\u1eefng \u0111i\u1ec1u t\u1ed1t \u0111\u1eb9p hon, v\u00e0 h\u00e0nh \u0111\u1ed9ng theo kim ch\u1ec9 nam \u0111\u00f3.<\/p>\n<p>T\u00e1c gi\u1ea3 truy\u1ec1n c\u1ea3m h\u1ee9ng<\/p>\n<p>\u00ab Y\u00eau m\u00ecnh tr\u01b0\u1edbc \u0111\u00e3, y\u00eau \u0111\u1eddi \u0111\u1ec3 sau \u00bb \u0111\u01b0\u1ee3c ch\u1ea5p b\u00fat b\u1edfi Vex King &#8211; m\u1ed9t nh\u00e0 v\u0103n, m\u1ed9t hu\u1ea5n luy\u1ec7n vi\u00ean tinh th\u1ea7n v\u00e0 m\u1ed9t doanh nh\u00e2n \u2013 ng\u01b0\u1eddi \u0111\u00e3 tr\u1ea3i qua v\u00f4 v\u00e0n th\u1eed th\u00e1ch trong qu\u00e1 tr\u00ecnh tr\u01b0\u1edfng th\u00e0nh. Anh t\u1eebng s\u1ed1ng d\u01b0\u1edbi \u0111\u00e1y c\u1ee7a cu\u1ed9c \u0111\u1eddi khi cha anh qua \u0111\u1eddi t\u1eeb khi anh c\u00f2n l\u00e0 m\u1ed9t \u0111\u1ee9a tr\u1ebb, t\u1eebng tr\u1ea3i qua th\u1eddi gian s\u1ed1ng v\u00f4 gia c\u01b0 v\u00e0 l\u1edbn l\u00ean trong m\u1ed9t khu ph\u1ed1 nhi\u1ec1u t\u1ec7 n\u1ea1n. Anh c\u0169ng th\u01b0\u1eddng xuy\u00ean b\u1ecb b\u1eaft n\u1ea1t do n\u1ea1n ph\u00e2n bi\u1ec7t ch\u1ee7ng t\u1ed9c.<\/p>\n<p>Tuy nhi\u00ean, Vex v\u1eabn v\u01b0\u01a1n l\u00ean m\u1ea1nh m\u1ebd v\u00e0 th\u00e0nh c\u00f4ng trong cu\u1ed9c s\u1ed1ng. T\u00e0i kho\u1ea3n Instagram c\u00e1 nh\u00e2n c\u1ee7a anh (@vexking) \u0111\u00e3 tr\u1edf th\u00e0nh ngu\u1ed3n c\u1ea3m h\u1ee9ng c\u1ee7a h\u00e0ng ng\u00e0n ng\u01b0\u1eddi tr\u1ebb. Anh l\u00e0 ng\u01b0\u1eddi b\u1eaft \u0111\u1ea7u phong tr\u00e0o \u00ab Good Vibes Only #GVO \u00bb \u0111\u1ec3 gi\u00fap ng\u01b0\u1eddi kh\u00e1c s\u1eed d\u1ee5ng s\u1ee9c m\u1ea1nh c\u1ee7a s\u1ef1 t\u00edch c\u1ef1c \u0111\u1ec3 bi\u1ebfn \u0111\u1ed5i b\u1ea3n th\u00e2n v\u00e0 cu\u1ed9c s\u1ed1ng c\u1ee7a h\u1ecd th\u00e0nh m\u1ed9t \u0111i\u1ec1u g\u00ec \u0111\u00f3 v\u0129 \u0111\u1ea1i h\u01a1n.<\/p>\n<p>Cu\u1ed1n s\u00e1ch c\u1ea7n m\u1ed9t s\u1ef1 k\u1ebft h\u1ee3p qua l\u1ea1i gi\u1eefa n\u1ed9i dung cu\u1ed1n s\u00e1ch v\u00e0 cam k\u1ebft c\u1ee7a ng\u01b0\u1eddi \u0111\u1ecdc<\/p>\n<p>\u00ab Y\u00eau m\u00ecnh tr\u01b0\u1edbc \u0111\u00e3, y\u00eau \u0111\u1eddi \u0111\u1ec3 sau \u00bb \u0111\u00f2i h\u1ecfi b\u1ea1n ph\u1ea3i cam k\u1ebft ngay b\u00e2y gi\u1edd \u0111\u1ec3 tr\u1edf th\u00e0nh phi\u00ean b\u1ea3n t\u1ed1t h\u01a1n, v\u0129 \u0111\u1ea1i h\u01a1n c\u1ee7a ch\u00ednh m\u00ecnh. M\u1ee5c ti\u00eau c\u1ee7a n\u00f3 l\u00e0 gi\u00fap b\u1ea1n tr\u1edf n\u00ean t\u1ed1t h\u01a1n so v\u1edbi ch\u00ednh b\u1ea1n ng\u00e0y h\u00f4m qua, m\u1ed7i ng\u00e0y, trong m\u1ecdi l\u0129nh v\u1ef1c, v\u00e0 trong su\u1ed1t ph\u1ea7n \u0111\u1eddi c\u00f2n l\u1ea1i c\u1ee7a b\u1ea1n.<\/p>\n<p>S\u1ef1 v\u0129 \u0111\u1ea1i kh\u00f4ng ph\u1ea3i l\u00e0 kh\u00e1i ni\u1ec7m m\u1ed9t chi\u1ec1u. M\u1eb7c d\u00f9 x\u00e9t v\u1ec1 m\u1eb7t ch\u1ee7 quan, h\u1ea7u h\u1ebft m\u1ecdi ng\u01b0\u1eddi s\u1ebd li\u00ean t\u01b0\u1edfng kh\u00e1i ni\u1ec7m n\u00e0y v\u1edbi vi\u1ec7c c\u00f3 m\u1ed9t kh\u1ea3 n\u0103ng \u0111\u1eb7c bi\u1ec7t, c\u00f3 nhi\u1ec1u ti\u1ec1n ho\u1eb7c c\u1ee7a c\u1ea3i v\u1eadt ch\u1ea5t, quy\u1ec1n l\u1ef1c ho\u1eb7c \u0111\u1ecba v\u1ecb, v\u00e0 nh\u1eefng th\u00e0nh t\u1ef1u to l\u1edbn m\u00e0 h\u1ecd \u0111\u00e3 \u0111\u1ea1t \u0111\u01b0\u1ee3c qua nhi\u1ec1u qu\u00e1 tr\u00ecnh n\u1ed7 l\u1ef1c, \u0111\u1ea5u tranh. Nh\u01b0ng s\u1ef1 v\u0129 \u0111\u1ea1i th\u1ef1c s\u1ef1 s\u00e2u s\u1eafc h\u01a1n nh\u01b0 v\u1eady r\u1ea5t nhi\u1ec1u. S\u1ef1 v\u0129 \u0111\u1ea1i kh\u00f4ng th\u1ec3 t\u1ed3n t\u1ea1i n\u1ebfu thi\u1ebfu \u0111i m\u1ee5c \u0111\u00edch, t\u00ecnh y\u00eau, l\u00f2ng v\u1ecb tha, s\u1ef1 khi\u00eam t\u1ed1n, s\u1ef1 tr\u00e2n tr\u1ecdng, l\u00f2ng nh\u00e2n h\u1eadu, v\u00e0 t\u1ea5t nhi\u00ean \u2013 \u0111\u1eb7c \u00e2n l\u1edbn nh\u1ea5t m\u00e0 con ng\u01b0\u1eddi \u0111\u01b0\u1ee3c ban t\u1eb7ng \u2013 ni\u1ec1m h\u1ea1nh ph\u00fac.<\/p>\n<p>B\u1ea1n x\u1ee9ng \u0111\u00e1ng v\u1edbi m\u1ed9t cu\u1ed9c s\u1ed1ng t\u1ed1t \u0111\u1eb9p h\u01a1n v\u00e0 cu\u1ed1n s\u00e1ch n\u00e0y s\u1ebd gi\u00fap b\u1ea1n t\u1ea1o ra cu\u1ed9c s\u1ed1ng \u0111\u00f3 !<\/p>\n","protected":false},"excerpt":{"rendered":"<p>Y\u00eau M\u00ecnh Tr\u01b0\u1edbc \u0110\u00e3, Y\u00eau \u0110\u1eddi \u0110\u1ec3 Sau<\/p>\n<p>T\u00ecnh y\u00eau b\u1ea3n th\u00e2n l\u00e0 s\u1ef1 c\u00e2n b\u1eb1ng gi\u1eefa vi\u1ec7c ch\u1ea5p nh\u1eadn con ng\u01b0\u1eddi th\u1eadt c\u1ee7a ch\u00ednh m\u00ecnh, song song v\u1edbi vi\u1ec7c bi\u1ebft r\u1eb1ng m\u00ecnh x\u1ee9ng \u0111\u00e1ng v\u1edbi nh\u1eefng \u0111i\u1ec1u t\u1ed1t \u0111\u1eb9p hon, v\u00e0 h\u00e0nh \u0111\u1ed9ng theo kim ch\u1ec9 nam \u0111\u00f3.<\/p>\n<p>T\u00e1c gi\u1ea3 truy\u1ec1n c\u1ea3m h\u1ee9ng<\/p>\n<p>\u00ab Y\u00eau m\u00ecnh tr\u01b0\u1edbc \u0111\u00e3, y\u00eau \u0111\u1eddi \u0111\u1ec3 sau \u00bb \u0111\u01b0\u1ee3c ch\u1ea5p b\u00fat b\u1edfi Vex King &#8211; m\u1ed9t nh\u00e0 v\u0103n, m\u1ed9t hu\u1ea5n luy\u1ec7n vi\u00ean tinh th\u1ea7n v\u00e0 m\u1ed9t doanh nh\u00e2n \u2013 ng\u01b0\u1eddi \u0111\u00e3 tr\u1ea3i qua v\u00f4 v\u00e0n th\u1eed th\u00e1ch trong qu\u00e1 tr\u00ecnh tr\u01b0\u1edfng th\u00e0nh. Anh t\u1eebng s\u1ed1ng d\u01b0\u1edbi \u0111\u00e1y c\u1ee7a cu\u1ed9c \u0111\u1eddi khi cha anh qua \u0111\u1eddi t\u1eeb khi anh c\u00f2n l\u00e0 m\u1ed9t \u0111\u1ee9a tr\u1ebb, t\u1eebng tr\u1ea3i qua th\u1eddi gian s\u1ed1ng v\u00f4 gia c\u01b0 v\u00e0 l\u1edbn l\u00ean trong m\u1ed9t khu ph\u1ed1 nhi\u1ec1u t\u1ec7 n\u1ea1n. Anh c\u0169ng th\u01b0\u1eddng xuy\u00ean b\u1ecb b\u1eaft n\u1ea1t do n\u1ea1n ph\u00e2n bi\u1ec7t ch\u1ee7ng t\u1ed9c.<\/p>\n<p>Tuy nhi\u00ean, Vex v\u1eabn v\u01b0\u01a1n l\u00ean m\u1ea1nh m\u1ebd v\u00e0 th\u00e0nh c\u00f4ng trong cu\u1ed9c s\u1ed1ng. T\u00e0i kho\u1ea3n Instagram c\u00e1 nh\u00e2n c\u1ee7a anh (@vexking) \u0111\u00e3 tr\u1edf th\u00e0nh ngu\u1ed3n c\u1ea3m h\u1ee9ng c\u1ee7a h\u00e0ng ng\u00e0n ng\u01b0\u1eddi tr\u1ebb. Anh l\u00e0 ng\u01b0\u1eddi b\u1eaft \u0111\u1ea7u phong tr\u00e0o \u00ab Good Vibes Only #GVO \u00bb \u0111\u1ec3 gi\u00fap ng\u01b0\u1eddi kh\u00e1c s\u1eed d\u1ee5ng s\u1ee9c m\u1ea1nh c\u1ee7a s\u1ef1 t\u00edch c\u1ef1c \u0111\u1ec3 bi\u1ebfn \u0111\u1ed5i b\u1ea3n th\u00e2n v\u00e0 cu\u1ed9c s\u1ed1ng c\u1ee7a h\u1ecd th\u00e0nh m\u1ed9t \u0111i\u1ec1u g\u00ec \u0111\u00f3 v\u0129 \u0111\u1ea1i h\u01a1n.<\/p>\n<p>Cu\u1ed1n s\u00e1ch c\u1ea7n m\u1ed9t s\u1ef1 k\u1ebft h\u1ee3p qua l\u1ea1i gi\u1eefa n\u1ed9i dung cu\u1ed1n s\u00e1ch v\u00e0 cam k\u1ebft c\u1ee7a ng\u01b0\u1eddi \u0111\u1ecdc<\/p>\n<p>\u00ab Y\u00eau m\u00ecnh tr\u01b0\u1edbc \u0111\u00e3, y\u00eau \u0111\u1eddi \u0111\u1ec3 sau \u00bb \u0111\u00f2i h\u1ecfi b\u1ea1n ph\u1ea3i cam k\u1ebft ngay b\u00e2y gi\u1edd \u0111\u1ec3 tr\u1edf th\u00e0nh phi\u00ean b\u1ea3n t\u1ed1t h\u01a1n, v\u0129 \u0111\u1ea1i h\u01a1n c\u1ee7a ch\u00ednh m\u00ecnh. M\u1ee5c ti\u00eau c\u1ee7a n\u00f3 l\u00e0 gi\u00fap b\u1ea1n tr\u1edf n\u00ean t\u1ed1t h\u01a1n so v\u1edbi ch\u00ednh b\u1ea1n ng\u00e0y h\u00f4m qua, m\u1ed7i ng\u00e0y, trong m\u1ecdi l\u0129nh v\u1ef1c, v\u00e0 trong su\u1ed1t ph\u1ea7n \u0111\u1eddi c\u00f2n l\u1ea1i c\u1ee7a b\u1ea1n.<\/p>\n<p>S\u1ef1 v\u0129 \u0111\u1ea1i kh\u00f4ng ph\u1ea3i l\u00e0 kh\u00e1i ni\u1ec7m m\u1ed9t chi\u1ec1u. M\u1eb7c d\u00f9 x\u00e9t v\u1ec1 m\u1eb7t ch\u1ee7 quan, h\u1ea7u h\u1ebft m\u1ecdi ng\u01b0\u1eddi s\u1ebd li\u00ean t\u01b0\u1edfng kh\u00e1i ni\u1ec7m n\u00e0y v\u1edbi vi\u1ec7c c\u00f3 m\u1ed9t kh\u1ea3 n\u0103ng \u0111\u1eb7c bi\u1ec7t, c\u00f3 nhi\u1ec1u ti\u1ec1n ho\u1eb7c c\u1ee7a c\u1ea3i v\u1eadt ch\u1ea5t, quy\u1ec1n l\u1ef1c ho\u1eb7c \u0111\u1ecba v\u1ecb, v\u00e0 nh\u1eefng th\u00e0nh t\u1ef1u to l\u1edbn m\u00e0 h\u1ecd \u0111\u00e3 \u0111\u1ea1t \u0111\u01b0\u1ee3c qua nhi\u1ec1u qu\u00e1 tr\u00ecnh n\u1ed7 l\u1ef1c, \u0111\u1ea5u tranh. Nh\u01b0ng s\u1ef1 v\u0129 \u0111\u1ea1i th\u1ef1c s\u1ef1 s\u00e2u s\u1eafc h\u01a1n nh\u01b0 v\u1eady r\u1ea5t nhi\u1ec1u. S\u1ef1 v\u0129 \u0111\u1ea1i kh\u00f4ng th\u1ec3 t\u1ed3n t\u1ea1i n\u1ebfu thi\u1ebfu \u0111i m\u1ee5c \u0111\u00edch, t\u00ecnh y\u00eau, l\u00f2ng v\u1ecb tha, s\u1ef1 khi\u00eam t\u1ed1n, s\u1ef1 tr\u00e2n tr\u1ecdng, l\u00f2ng nh\u00e2n h\u1eadu, v\u00e0 t\u1ea5t nhi\u00ean \u2013 \u0111\u1eb7c \u00e2n l\u1edbn nh\u1ea5t m\u00e0 con ng\u01b0\u1eddi \u0111\u01b0\u1ee3c ban t\u1eb7ng \u2013 ni\u1ec1m h\u1ea1nh ph\u00fac.<\/p>\n<p>B\u1ea1n x\u1ee9ng \u0111\u00e1ng v\u1edbi m\u1ed9t cu\u1ed9c s\u1ed1ng t\u1ed1t \u0111\u1eb9p h\u01a1n v\u00e0 cu\u1ed1n s\u00e1ch n\u00e0y s\u1ebd gi\u00fap b\u1ea1n t\u1ea1o ra cu\u1ed9c s\u1ed1ng \u0111\u00f3 !<\/p>\n","protected":false},"featured_media":14459,"template":"","meta":{"_acf_changed":false},"product_brand":[],"product_cat":[15,47],"product_tag":[],"class_list":{"0":"post-14471","1":"product","2":"type-product","3":"status-publish","4":"has-post-thumbnail","6":"product_cat-sach-danh-cho-nguoi-lon","7":"product_cat-truyen-ngan-tan-van","9":"first","10":"outofstock","11":"taxable","12":"shipping-taxable","13":"purchasable","14":"product-type-simple"},"supplier_id":null,"supplier_sku":"","barcode":null,"atum_controlled":true,"out_stock_date":"2022-11-26 15:33:22","out_stock_threshold":null,"inheritable":false,"inbound_stock":0,"stock_on_hold":0,"sold_today":0,"sales_last_days":0,"reserved_stock":0,"customer_returns":0,"warehouse_damage":0,"lost_in_post":0,"other_logs":0,"out_stock_days":1159,"lost_sales":0,"has_location":false,"update_date":"2026-01-28T23:10:55","atum_locations":[],"atum_stock_status":"outofstock","restock_status":false,"low_stock_amount":"","sales_update_date":"2026-01-28T23:10:55","calc_backorders":null,"acf":{"publisher":{"ID":1785,"post_author":"1","post_date":"2021-02-17 01:54:46","post_date_gmt":"2021-02-16 23:54:46","post_content":"<!-- wp:flatsome\/uxbuilder -->\n<h1 style=\"text-align: center;\"><strong>AZ VIETNAM<\/strong><\/h1>\n[row]\n\n[col span=\"8\" span__sm=\"12\"]\n\n<p>Th\u00e0nh l\u1eadp n\u0103m: 2015<br \/>V\u1ed1n \u0111\u1ea7u t\u01b0: 4,000,000,000 \u0111\u1ed3ng<br \/><strong>L\u0129nh v\u1ef1c:<\/strong><br \/>- Xu\u1ea5t b\u1ea3n v\u00e0 ph\u00e1t h\u00e0nh v\u0103n h\u00f3a ph\u1ea9m<br \/>- Cung c\u1ea5p v\u0103n h\u00f3a ph\u1ea9m, c\u00e1c s\u1ea3n ph\u1ea9m cho in \u1ea5n, trang thi\u1ebft b\u1ecb cho c\u00e1c th\u01b0 vi\u1ec7n v\u00e0 trung t\u00e2m s\u00e1ch tr\u00ean c\u1ea3 n\u01b0\u1edbc.<br \/>- Th\u1eddi trang v\u00e0 c\u00e1c s\u1ea3n ph\u1ea9m li\u00ean quan \u0111\u1ebfn l\u0129nh v\u1ef1c th\u1eddi trang<br \/>- Xu\u1ea5t nh\u1eadp kh\u1ea9u c\u00e1c s\u1ea3n ph\u1ea9m v\u0103n h\u00f3a<\/p>\n<p><strong>Quy m\u00f4:<\/strong> 60 nh\u00e2n vi\u00ean<br \/>Kh\u1edfi ngu\u1ed3n c\u1ee7a AZ Vi\u1ec7t Nam ng\u00e0y nay l\u00e0 C\u00f4ng ty TNHH Trung t\u00e2m S\u00e1ch v\u00e0 Thi\u1ebft b\u1ecb Th\u01b0 vi\u1ec7n, v\u1edbi ho\u1ea1t \u0111\u1ed9ng \u0111\u1ea7u ti\u00ean l\u00e0 cung c\u1ea5p s\u00e1ch, trang thi\u1ebft b\u1ecb, v\u0103n h\u00f3a ph\u1ea9m cho c\u00e1c th\u01b0 vi\u1ec7n v\u00e0 trung t\u00e2m s\u00e1ch tr\u00ean c\u1ea3 n\u01b0\u1edbc. T\u1eeb cu\u1ed1i n\u0103m 2010 \u0111\u1ebfn nay, ch\u00fang t\u00f4i \u0111\u00e3 kh\u00f4ng ng\u1eebng n\u1ed7 l\u1ef1c khai ph\u00e1 v\u00e0 ph\u00e1t tri\u1ec3n c\u00e1c d\u00f2ng s\u1ea3n ph\u1ea9m m\u1edbi v\u1edbi 8 th\u01b0\u01a1ng hi\u1ec7u uy t\u00edn. \u0110\u1ec3 \u0111\u00e1p \u1ee9ng nhu c\u1ea7u ph\u00e1t tri\u1ec3n ng\u00e0y m\u1ed9t l\u1edbn m\u1ea1nh v\u00e0 t\u1eadp h\u1ee3p c\u00e1c th\u01b0\u01a1ng hi\u1ec7u \u0111\u00e3 \u0111\u01b0\u1ee3c ch\u00fang t\u00f4i x\u00e2y d\u1ef1ng, 2015 C\u00f4ng ty TNHH AZ Vi\u1ec7t Nam \u0111\u00e3 ra \u0111\u1eddi v\u1edbi s\u1ee9 m\u1ec7nh mang \u0111\u1ebfn nhi\u1ec1u h\u01a1n n\u1eefa nh\u1eefng gi\u00e1 tr\u1ecb tinh th\u1ea7n, tri th\u1ee9c ti\u00ean ti\u1ebfn cho ng\u01b0\u1eddi ti\u00eau d\u00f9ng b\u1eb1ng vi\u1ec7c cung c\u1ea5p nh\u1eefng s\u1ea3n ph\u1ea9m c\u00f3 ch\u1ea5t l\u01b0\u1ee3ng.<\/p>\n\n[\/col]\n[col span=\"4\" span__sm=\"12\"]\n\n[ux_image id=\"1836\" image_size=\"medium\"]\n\n\n[\/col]\n\n[\/row]\n\n<!-- \/wp:flatsome\/uxbuilder -->","post_title":"AZ Vi\u1ec7t Nam","post_excerpt":"","post_status":"publish","comment_status":"closed","ping_status":"closed","post_password":"","post_name":"az-viet-nam","to_ping":"","pinged":"","post_modified":"2021-02-17 22:07:10","post_modified_gmt":"2021-02-17 20:07:10","post_content_filtered":"","post_parent":0,"guid":"https:\/\/sachviet.eu\/nha-phat-hanh\/az-viet-nam\/","menu_order":0,"post_type":"publisher","post_mime_type":"","comment_count":"0","filter":"raw"}},"_links":{"self":[{"href":"https:\/\/sachviet.eu\/en\/wp-json\/wp\/v2\/product\/14471","targetHints":{"allow":["GET"]}}],"collection":[{"href":"https:\/\/sachviet.eu\/en\/wp-json\/wp\/v2\/product"}],"about":[{"href":"https:\/\/sachviet.eu\/en\/wp-json\/wp\/v2\/types\/product"}],"wp:featuredmedia":[{"embeddable":true,"href":"https:\/\/sachviet.eu\/en\/wp-json\/wp\/v2\/media\/14459"}],"wp:attachment":[{"href":"https:\/\/sachviet.eu\/en\/wp-json\/wp\/v2\/media?parent=14471"}],"wp:term":[{"taxonomy":"product_brand","embeddable":true,"href":"https:\/\/sachviet.eu\/en\/wp-json\/wp\/v2\/product_brand?post=14471"},{"taxonomy":"product_cat","embeddable":true,"href":"https:\/\/sachviet.eu\/en\/wp-json\/wp\/v2\/product_cat?post=14471"},{"taxonomy":"product_tag","embeddable":true,"href":"https:\/\/sachviet.eu\/en\/wp-json\/wp\/v2\/product_tag?post=14471"}],"curies":[{"name":"wp","href":"https:\/\/api.w.org\/{rel}","templated":true}]}}