{"id":14458,"date":"2021-07-03T00:19:46","date_gmt":"2021-07-02T21:19:46","guid":{"rendered":"https:\/\/sachviet.eu\/shop\/combo-sci-tap-6-7-8-9\/"},"modified":"2021-07-03T16:19:15","modified_gmt":"2021-07-03T13:19:15","slug":"combo-sci-tap-6-7-8-9","status":"publish","type":"product","link":"https:\/\/sachviet.eu\/en\/shop\/combo-sci-tap-6-7-8-9\/","title":{"rendered":"Combo SCI &#8211; T\u1eadp 6.7.8.9"},"content":{"rendered":"<p>T\u1eacP 6: HUNG TH\u1ee6 V\u00d4 T\u1ed8I<\/p>\n<p>B\u1eaft \u0111\u1ea7u t\u1eeb m\u1ed9t v\u1ee5 \u00e1n ch\u1eb7t x\u00e1c gh\u00ea r\u1ee3n, m\u1ed9t t\u1ed9i \u00e1c ph\u1ee9c t\u1ea1p r\u1ed1i r\u1eafm \u0111ang l\u1eb7ng l\u1ebd th\u00e0nh h\u00ecnh trong th\u00e0nh ph\u1ed1 S!<\/p>\n<p>Nh\u1eefng m\u1ea3nh x\u00e1c \u0111\u01b0\u1ee3c x\u1ebfp th\u00e0nh ch\u1eef \u201cI LOVE YOU\u201d, \u201cCatch Me\u201d \u0111\u01b0\u1ee3c kh\u1eafc v\u00e0o t\u1ea5m l\u01b0ng tr\u1eafng mu\u1ed1t c\u1ee7a ng\u01b0\u1eddi ph\u1ee5 n\u1eef, \u00e1m th\u1ecb \u201cBODY\u201d trong d\u00e3y s\u1ed1 \u0111i\u1ec7n tho\u1ea1i, \u0111\u1ee7 m\u1ecdi l\u1eddi \u0111\u1ed3n qu\u1ef7 d\u1ecb, m\u00e0 t\u1ea5t c\u1ea3 m\u1ee5c ti\u00eau \u0111\u1ec1u ch\u1ec9 v\u1ec1 m\u1ed9t ng\u01b0\u1eddi: Tri\u1ec3n Chi\u00eau, ng\u01b0\u1eddi v\u1eeba xu\u1ea5t b\u1ea3n s\u00e1ch \u0111\u1ed3ng th\u1eddi c\u00f3 m\u1ed9t l\u01b0\u1ee3ng l\u1edbn fan h\u00e2m m\u1ed9 T\u00e2m l\u00fd h\u1ecdc!<\/p>\n<p>T\u00e2m l\u00fd h\u1ecdc c\u00f3 th\u1ec3 gi\u1ebft ng\u01b0\u1eddi kh\u00f4ng?<\/p>\n<p>Thu\u1eadt th\u00f4i mi\u00ean l\u00e0 k\u1ef9 thu\u1eadt m\u00e0 k\u1ebb ngo\u00e0i ngh\u1ec1 c\u0169ng c\u00f3 th\u1ec3 l\u00e0m \u0111\u01b0\u1ee3c sao?<\/p>\n<p>\u0110\u1ed1i di\u1ec7n v\u1edbi uy hi\u1ebfp \u0111ang nh\u1eafm th\u1eb3ng v\u00e0o m\u00ecnh, \u0111\u01b0\u01a1ng nhi\u00ean Tri\u1ec3n Chi\u00eau kh\u00f4ng h\u1ec1 s\u1ee3 h\u00e3i.<\/p>\n<p>Anh l\u00e0 thi\u00ean t\u00e0i duy nh\u1ea5t c\u00f3 th\u1ec3 \u0111\u1ee9ng ngang h\u00e0ng v\u1edbi Tri\u1ec7u T\u01b0\u1edbc, c\u1ea1nh anh kh\u00f4ng ch\u1ec9 c\u00f3 B\u1ea1ch Ng\u1ecdc \u0110\u01b0\u1eddng v\u0103n v\u00f5 song to\u00e0n, m\u00e0 c\u00f2n c\u00f3 c\u1ea3 S.C.I l\u00e0m h\u1eadu thu\u1eabn!<\/p>\n<p>T\u1eacP 7: HUNG TH\u1ee6 Vs HUNG TH\u1ee6<\/p>\n<p>M\u1ed9t v\u1ee5 \u00e1n t\u1ea7m qu\u1ed1c t\u1ebf, th\u00fac gi\u1ee5c to\u00e0n \u0111\u1ed9i S.C.I v\u00e0 c\u1ea3 c\u00e1c \u201cgia quy\u1ebfn\u201d B\u1ea1ch C\u1ea9m \u0110\u01b0\u1eddng, Tri\u1ec7u Trinh c\u00f9ng \u0111\u1ebfn ch\u00e2u \u00c2u ph\u00e1 \u00e1n.<\/p>\n<p>\u0110\u1ec3 \u0111i\u1ec1u tra ra ch\u00e2n t\u01b0\u1edbng t\u1ed5 ch\u1ee9c \u201cNg\u01b0\u1eddi S\u00f3i\u201d WOLF, S.C.I t\u1ea1m th\u1eddi g\u00e1c l\u1ea1i quan h\u1ec7 gi\u1eefa c\u1ea3nh s\u00e1t v\u00e0 t\u1ed9i ph\u1ea1m, h\u1ee3p t\u00e1c v\u1edbi nh\u00f3m Karula, chu\u1ea9n b\u1ecb b\u1eaft gi\u1eef k\u1ebb \u0111\u1ea7u s\u1ecf th\u1ef1c hi\u1ec7n th\u00ed nghi\u1ec7m tr\u00ean con ng\u01b0\u1eddi!<\/p>\n<p>Kh\u00f4ng ng\u1edd B\u1ea1ch Ng\u1ecdc \u0110\u01b0\u1eddng c\u00f3 th\u1ef1c l\u1ef1c \u0111\u1ee7 ki\u00ean c\u01b0\u1eddng, ch\u01b0a t\u1eebng khi\u1ebfn ng\u01b0\u1eddi kh\u00e1c lo l\u1eafng l\u1ea1i b\u1ecb b\u1eaft c\u00f3c gi\u1eefa l\u00fac n\u00e0y!?<\/p>\n<p>\u0110\u1ec3 gi\u1ea3i c\u1ee9u B\u1ea1ch Ng\u1ecdc \u0110\u01b0\u1eddng, Tri\u1ec3n Chi\u00eau \u0111\u00e3 d\u00f9ng \u0111\u1ebfn kh\u1ea3 n\u0103ng th\u00f4i mi\u00ean \u0111\u00e1ng s\u1ee3n c\u1ee7a m\u00ecnh, nh\u01b0ng \u0111i\u1ec1u g\u00ec s\u1ebd x\u1ea3y ra n\u1ebfu vi\u1ec7c n\u00e0y \u0111\u1ebfn tai nh\u1eefng t\u1ed5 ch\u1ee9c ph\u1ea3n di\u1ec7n?<\/p>\n<p>\u0110\u1ed9i SCI l\u1ea1i c\u00f9ng nhau tr\u1ea3i qua m\u1ed9t chi\u1ebfn d\u1ecbch gay c\u1ea5n!<\/p>\n<p>T\u1eacP 8: HUNG TH\u1ee6 M\u1eacT M\u00c3<\/p>\n<p>S\u1ed1 ng\u01b0\u1eddi t\u1ef1 s\u00e1t trong th\u00e0nh ph\u1ed1 t\u0103ng cao \u0111\u1ed9t bi\u1ebfn, nh\u00e2n ch\u1ee9ng xui x\u1ebbo su\u00fdt b\u1ecb ng\u01b0\u1eddi nh\u1ea3y l\u1ea7u r\u01a1i tr\u00fang d\u01b0\u1eddng nh\u01b0 kh\u00f4ng ch\u1ec9 \u0111\u01a1n gi\u1ea3n l\u00e0 xui x\u1ebbo, v\u1eady nh\u1eefng v\u1ee5 t\u1ef1 s\u00e1t h\u00e0ng lo\u1ea1t kia c\u00f3 th\u1eadt ch\u1ec9 l\u00e0 n\u1ed7i \u0111au ngo\u00e0i \u00fd mu\u1ed1n.<\/p>\n<p>N\u1eef sinh L\u01b0u Mai ch\u1ebft \u0111u\u1ed1i, d\u1eabn \u0111\u1ebfn v\u1ee5 \u00e1n tang th\u01b0\u01a1ng n\u0103m nam sinh ch\u1ebft ch\u00e1y trong m\u1ed9t ph\u00f2ng k\u00fd t\u00fac x\u00e1 \u0110\u1ea1i h\u1ecdc S\u01b0 Ph\u1ea1m nhi\u1ec1u n\u0103m tr\u01b0\u1edbc, s\u1ef1 k\u1ef3 l\u1ea1 c\u1ee7a c\u1ef1u b\u00e1c s\u0129 ph\u00e1p y Ki\u1ec1u V\u0129 Minh v\u00e0 th\u00e1i \u0111\u1ed9 qu\u00e1i d\u1ecb c\u1ee7a b\u1ea3o v\u1ec7 Ch\u00fa C\u00e2m, t\u1ea5t c\u1ea3 nh\u01b0 \u0111\u1ec1u c\u00f3 li\u00ean quan, l\u1ea1i nh\u01b0 ch\u1eb3ng h\u1ec1 can h\u1ec7.<\/p>\n<p>\u0110\u1ed9i S.C.I l\u1eebng danh s\u1ebd l\u00e0m c\u00e1ch n\u00e0o \u0111\u1ec3 x\u00e2u chu\u1ed7i m\u1ecdi ch\u1ee9ng c\u1ee9, t\u00ecm ra ch\u00e2n t\u01b0\u1edbng sau c\u00f9ng?<\/p>\n<p>Qu\u00e1 kh\u1ee9 \u0111au th\u01b0\u01a1ng li\u1ec7u c\u00f3 l\u1eb7p l\u1ea1i, l\u1ed1i tho\u00e1t n\u00e0o cho nh\u1eefng con ng\u01b0\u1eddi khao kh\u00e1t y\u00eau th\u01b0\u01a1ng?<\/p>\n<p>T\u1eacP 9: S\u00c1T TH\u1ee6 T\u00ccNH Y\u00caU<\/p>\n<p>M\u1ed9t v\u1ee5 \u00e1n gi\u1ebft ng\u01b0\u1eddi h\u00e0ng lo\u1ea1t chuy\u00ean nh\u1eafm v\u00e0o nh\u1eefng k\u1ebb b\u1ed9i t\u00ecnh b\u1ea1c ngh\u0129a, hung th\u1ee7 c\u00f3 v\u1ebb nh\u01b0 l\u00e0 m\u1ed9t c\u00f4 g\u00e1i \u00e1o \u0111\u1ecf xinh \u0111\u1eb9p, m\u1ed7i l\u1ea7n g\u00e2y \u00e1n \u0111\u1ec1u \u0111\u1ec3 l\u1ea1i d\u1ea5u son \u0111\u1ecf th\u1eafm khi\u1ebfn ng\u01b0\u1eddi ta nh\u1edb nhung.<\/p>\n<p>M\u00e0 t\u1ed1c \u0111\u1ed9 ph\u00e1t sinh nhanh ch\u00f3ng c\u1ee7a m\u1ed7i v\u1ee5 \u00e1n khi\u1ebfn ng\u01b0\u1eddi ta kh\u00f4ng th\u1ec3 kh\u00f4ng nghi ng\u1edd c\u00f3 h\u01a1n m\u1ed9t hung th\u1ee7.<\/p>\n<p>S.C.I nh\u1eadn v\u1ee5 \u00e1n v\u1eeba b\u00ed \u1ea9n v\u1eeba m\u1edd \u00e1m n\u00e0y, c\u1ee9 ngh\u0129 sau khi Tr\u01b0\u01a1ng D\u0129nh, m\u1ed9t nghi ph\u1ea1m trong \u0111\u00f3 t\u1ef1 th\u00fa th\u00ec s\u1ebd \u0111\u1ea1t \u0111\u01b0\u1ee3c b\u01b0\u1edbc \u0111\u1ed9t ph\u00e1 c\u1ee5 th\u1ec3, kh\u00f4ng ng\u1edd t\u1edd danh s\u00e1ch m\u00e0 Tr\u01b0\u01a1ng D\u0129nh giao cho b\u1ecdn h\u1ecd l\u1ea1i d\u00ednh l\u00edu \u0111\u1ebfn m\u1ed9t v\u1ee5 \u00e1n kh\u00e1c, v\u1ee5 \u00e1n ma c\u00e0 r\u1ed3ng h\u00fat m\u00e1u!<\/p>\n<p>Kh\u00f4ng ch\u1ec9 c\u00f3 v\u1eady, Tri\u1ec7u T\u01b0\u1edbc tr\u01b0\u1edbc nay v\u1eabn kh\u00f3 l\u1ea7n theo tung t\u00edch l\u1ea1i xu\u1ea5t hi\u1ec7n tr\u01b0\u1edbc m\u1eaft m\u1ecdi ng\u01b0\u1eddi.<\/p>\n<p>L\u1ea7n n\u00e0y, y kh\u00f4ng mang \u0111\u1ebfn m\u00e0n so t\u00e0i T\u00e2m l\u00fd h\u1ecdc v\u1edbi Tri\u1ec3n Chi\u00eau, m\u00e0 l\u00e0 qu\u00e1 kh\u1ee9 th\u1ea7n b\u00ed c\u1ee7a b\u1eadc cha ch\u00fa khi c\u00f2n tr\u1ebb\u2026<\/p>\n<p>Th\u00f4ng tin t\u00e1c gi\u1ea3<\/p>\n<p>B\u00fat danh: Nh\u0129 Nh\u00e3<\/p>\n<p>T\u00ean th\u1eadt: Kh\u00f4ng r\u00f5<\/p>\n<p>Tu\u1ed5i: Kh\u00f4ng r\u00f5<\/p>\n<p>Cung: Thi\u00ean B\u00ecnh<\/p>\n<p>Gi\u1edbi t\u00ednh: N\u1eef<\/p>\n<p>Qu\u00ea qu\u00e1n: H\u00e0ng Ch\u00e2u &#8211; Chi\u1ebft Giang, hi\u1ec7n \u0111ang s\u1ed1ng c\u00f9ng b\u1ed1 m\u1eb9.<\/p>\n<p>Th\u00edch s\u00e1ng t\u00e1c, ch\u1ee5p \u1ea3nh, xem ho\u1ea1t h\u00ecnh, v\u1ebd tranh, th\u01b0\u1eddng hay up h\u00ecnh c\u1ee7a c\u00e1c nh\u00e2n v\u1eadt trong truy\u1ec7n m\u00ecnh vi\u1ebft l\u00ean weibo.<\/p>\n<p>R\u1ea5t y\u00eau \u0111\u1ed9ng v\u1eadt, \u0111\u1eb7c bi\u1ec7t l\u00e0 m\u00e8o.<\/p>\n<p>C\u00f3 m\u1ed9t con m\u00e8o gi\u1ed1ng Chinchilla t\u00ean Lulu th\u00edch \u0103n ng\u1ecdt n\u0103m nay 3 tu\u1ed5i v\u00e0 m\u1ed9t con ch\u00f3 gi\u1ed1ng Pomeranian t\u00ean Nono, c\u00f3 v\u1ebb kh\u00e1 b\u00e9o v\u00e0 kh\u00e1 ng\u1ed1c.<\/p>\n","protected":false},"excerpt":{"rendered":"<p>L\u1ea1i m\u1ed9t tr\u1ecdng \u00e1n n\u1eefa \u0111\u01b0\u1ee3c chuy\u1ec3n \u0111\u1ebfn v\u1edbi S.C.I. N\u0103m v\u1ee5 \u00e1n m\u1ea1ng x\u1ea3y ra \u0111\u1ec1u h\u01b0\u1edbng \u0111\u1ebfn m\u1ed9t hung th\u1ee7 duy nh\u1ea5t \u201cKiller Training Camp \u2013 Tr\u1ea1i Hu\u1ea5n Luy\u1ec7n S\u00e1t Th\u1ee7\u201d. Nh\u01b0ng s\u1ef1 th\u1eadt li\u1ec7u c\u00f3 ph\u1ea3i nh\u01b0 nh\u1eefng g\u00ec ta th\u1ea5y? \u0110\u1ec3 \u0111\u1ea1t \u0111\u01b0\u1ee3c th\u00e0nh c\u00f4ng, nh\u1eefng k\u1ebb \u1ea9n m\u00ecnh trong b\u00f3ng t\u1ed1i \u0111\u00e3 \u00e2m th\u1ea7m thao t\u00fang \u201cnh\u1eefng \u0111\u1ee9a con c\u1ee7a Th\u1ea7n\u201d.<br \/>\nLi\u1ec7u \u201ccon c\u1ee7a Th\u1ea7n\u201d c\u00f3 th\u1ef1c s\u1ef1 tr\u1edf th\u00e0nh \u201ccon c\u1ee7a Th\u1ea7n\u201d hay l\u1ea1i l\u00e0 \u201ccon c\u1ee7a \u00c1c Qu\u1ef7\u201d?<\/p>\n","protected":false},"featured_media":14457,"template":"","meta":{"_acf_changed":false},"product_brand":[],"product_cat":[73,15],"product_tag":[],"class_list":{"0":"post-14458","1":"product","2":"type-product","3":"status-publish","4":"has-post-thumbnail","6":"product_cat-dam-my-ngon-tinh","7":"product_cat-sach-danh-cho-nguoi-lon","9":"first","10":"outofstock","11":"taxable","12":"shipping-taxable","13":"purchasable","14":"product-type-simple"},"supplier_id":null,"supplier_sku":"","barcode":null,"atum_controlled":true,"out_stock_date":"2021-07-03 13:19:15","out_stock_threshold":null,"inheritable":false,"inbound_stock":0,"stock_on_hold":0,"sold_today":0,"sales_last_days":0,"reserved_stock":0,"customer_returns":0,"warehouse_damage":0,"lost_in_post":0,"other_logs":0,"out_stock_days":1670,"lost_sales":0,"has_location":false,"update_date":"2026-01-28T23:10:55","atum_locations":[],"atum_stock_status":"outofstock","restock_status":false,"low_stock_amount":"","sales_update_date":"2026-01-28T23:10:55","calc_backorders":null,"acf":{"publisher":{"ID":14456,"post_author":"1","post_date":"2021-07-03 00:19:43","post_date_gmt":"2021-07-02 21:19:43","post_content":"","post_title":"Owlbooks","post_excerpt":"","post_status":"publish","comment_status":"closed","ping_status":"closed","post_password":"","post_name":"owlbooks","to_ping":"","pinged":"","post_modified":"2021-07-03 00:19:43","post_modified_gmt":"2021-07-02 21:19:43","post_content_filtered":"","post_parent":0,"guid":"https:\/\/sachviet.eu\/nha-phat-hanh\/owlbooks\/","menu_order":0,"post_type":"publisher","post_mime_type":"","comment_count":"0","filter":"raw"}},"_links":{"self":[{"href":"https:\/\/sachviet.eu\/en\/wp-json\/wp\/v2\/product\/14458","targetHints":{"allow":["GET"]}}],"collection":[{"href":"https:\/\/sachviet.eu\/en\/wp-json\/wp\/v2\/product"}],"about":[{"href":"https:\/\/sachviet.eu\/en\/wp-json\/wp\/v2\/types\/product"}],"wp:featuredmedia":[{"embeddable":true,"href":"https:\/\/sachviet.eu\/en\/wp-json\/wp\/v2\/media\/14457"}],"wp:attachment":[{"href":"https:\/\/sachviet.eu\/en\/wp-json\/wp\/v2\/media?parent=14458"}],"wp:term":[{"taxonomy":"product_brand","embeddable":true,"href":"https:\/\/sachviet.eu\/en\/wp-json\/wp\/v2\/product_brand?post=14458"},{"taxonomy":"product_cat","embeddable":true,"href":"https:\/\/sachviet.eu\/en\/wp-json\/wp\/v2\/product_cat?post=14458"},{"taxonomy":"product_tag","embeddable":true,"href":"https:\/\/sachviet.eu\/en\/wp-json\/wp\/v2\/product_tag?post=14458"}],"curies":[{"name":"wp","href":"https:\/\/api.w.org\/{rel}","templated":true}]}}