{"id":14453,"date":"2021-07-03T00:19:34","date_gmt":"2021-07-02T21:19:34","guid":{"rendered":"https:\/\/sachviet.eu\/shop\/bong-bong-len-troi\/"},"modified":"2021-07-04T18:02:35","modified_gmt":"2021-07-04T15:02:35","slug":"bong-bong-len-troi","status":"publish","type":"product","link":"https:\/\/sachviet.eu\/en\/shop\/bong-bong-len-troi\/","title":{"rendered":"Bong B\u00f3ng L\u00ean Tr\u1eddi"},"content":{"rendered":"<p>V\u00ec ho\u00e0n c\u1ea3nh, Th\u01b0\u1eddng ph\u1ea3i gi\u00fap m\u1eb9 b\u1eb1ng ngh\u1ec1 b\u00e1n k\u1eb9o k\u00e9o ngo\u00e0i gi\u1edd h\u1ecdc v\u00e0 l\u00e0m quen v\u1edbi cu\u1ed9c s\u1ed1ng tr\u00ean \u0111\u01b0\u1eddng ph\u1ed1. \u1ede \u0111\u00f3 c\u1eadu \u0111\u00e1nh b\u1ea1n v\u1edbi nh\u1eefng ng\u01b0\u1eddi ngh\u00e8o v\u00e0 hi\u1ec3u th\u00eam nhi\u1ec1u \u0111i\u1ec1u kh\u00f4ng c\u00f3 trong s\u00e1chv\u00e0 nh\u00e0 tr\u01b0\u1eddng. C\u00f4 b\u00e9 b\u00e1n bong b\u00f3ng T\u00e0i Kh\u00f4n h\u1ed3n nhi\u00ean v\u00e0 nhi\u1ec1u \u01b0\u1edbc m\u01a1 c\u0169ng th\u01b0\u1eddng gi\u00fap \u0111\u1ee1 Th\u01b0\u1eddng tho\u00e1t kh\u1ecfi m\u1eb7c c\u1ea3m nh\u00e0 ngh\u00e8o v\u00e0 s\u1ed1ng t\u1ef1 tin.<\/p>\n","protected":false},"excerpt":{"rendered":"<p>V\u00ec ho\u00e0n c\u1ea3nh, Th\u01b0\u1eddng ph\u1ea3i gi\u00fap m\u1eb9 b\u1eb1ng ngh\u1ec1 b\u00e1n k\u1eb9o k\u00e9o ngo\u00e0i gi\u1edd h\u1ecdc v\u00e0 l\u00e0m quen v\u1edbi cu\u1ed9c s\u1ed1ng tr\u00ean \u0111\u01b0\u1eddng ph\u1ed1. \u1ede \u0111\u00f3 c\u1eadu \u0111\u00e1nh b\u1ea1n v\u1edbi nh\u1eefng ng\u01b0\u1eddi ngh\u00e8o v\u00e0 hi\u1ec3u th\u00eam nhi\u1ec1u \u0111i\u1ec1u kh\u00f4ng c\u00f3 trong s\u00e1chv\u00e0 nh\u00e0 tr\u01b0\u1eddng. C\u00f4 b\u00e9 b\u00e1n bong b\u00f3ng T\u00e0i Kh\u00f4n h\u1ed3n nhi\u00ean v\u00e0 nhi\u1ec1u \u01b0\u1edbc m\u01a1 c\u0169ng th\u01b0\u1eddng gi\u00fap \u0111\u1ee1 Th\u01b0\u1eddng tho\u00e1t kh\u1ecfi m\u1eb7c c\u1ea3m nh\u00e0 ngh\u00e8o v\u00e0 s\u1ed1ng t\u1ef1 tin.<\/p>\n","protected":false},"featured_media":14447,"template":"","meta":{"_acf_changed":false},"product_brand":[],"product_cat":[15,45],"product_tag":[],"class_list":{"0":"post-14453","1":"product","2":"type-product","3":"status-publish","4":"has-post-thumbnail","6":"product_cat-sach-danh-cho-nguoi-lon","7":"product_cat-tieu-thuyet","9":"first","10":"outofstock","11":"taxable","12":"shipping-taxable","13":"purchasable","14":"product-type-simple"},"supplier_id":null,"supplier_sku":"","barcode":null,"atum_controlled":true,"out_stock_date":"2021-07-04 15:02:35","out_stock_threshold":null,"inheritable":false,"inbound_stock":0,"stock_on_hold":0,"sold_today":0,"sales_last_days":0,"reserved_stock":0,"customer_returns":0,"warehouse_damage":0,"lost_in_post":0,"other_logs":0,"out_stock_days":1669,"lost_sales":0,"has_location":false,"update_date":"2026-01-28T23:10:55","atum_locations":[],"atum_stock_status":"outofstock","restock_status":false,"low_stock_amount":"","sales_update_date":"2026-01-28T23:10:55","calc_backorders":null,"acf":{"publisher":{"ID":1517,"post_author":"1","post_date":"2021-02-17 01:14:41","post_date_gmt":"2021-02-16 23:14:41","post_content":"","post_title":"NXB Tr\u1ebb","post_excerpt":"","post_status":"publish","comment_status":"closed","ping_status":"closed","post_password":"","post_name":"nxb-tre","to_ping":"","pinged":"","post_modified":"2021-02-17 01:14:41","post_modified_gmt":"2021-02-16 23:14:41","post_content_filtered":"","post_parent":0,"guid":"https:\/\/sachviet.eu\/nha-phat-hanh\/nxb-tre\/","menu_order":0,"post_type":"publisher","post_mime_type":"","comment_count":"0","filter":"raw"}},"_links":{"self":[{"href":"https:\/\/sachviet.eu\/en\/wp-json\/wp\/v2\/product\/14453","targetHints":{"allow":["GET"]}}],"collection":[{"href":"https:\/\/sachviet.eu\/en\/wp-json\/wp\/v2\/product"}],"about":[{"href":"https:\/\/sachviet.eu\/en\/wp-json\/wp\/v2\/types\/product"}],"wp:featuredmedia":[{"embeddable":true,"href":"https:\/\/sachviet.eu\/en\/wp-json\/wp\/v2\/media\/14447"}],"wp:attachment":[{"href":"https:\/\/sachviet.eu\/en\/wp-json\/wp\/v2\/media?parent=14453"}],"wp:term":[{"taxonomy":"product_brand","embeddable":true,"href":"https:\/\/sachviet.eu\/en\/wp-json\/wp\/v2\/product_brand?post=14453"},{"taxonomy":"product_cat","embeddable":true,"href":"https:\/\/sachviet.eu\/en\/wp-json\/wp\/v2\/product_cat?post=14453"},{"taxonomy":"product_tag","embeddable":true,"href":"https:\/\/sachviet.eu\/en\/wp-json\/wp\/v2\/product_tag?post=14453"}],"curies":[{"name":"wp","href":"https:\/\/api.w.org\/{rel}","templated":true}]}}