{"id":14446,"date":"2021-07-03T00:19:11","date_gmt":"2021-07-02T21:19:11","guid":{"rendered":"https:\/\/sachviet.eu\/shop\/chu-be-rac-roi\/"},"modified":"2021-07-04T18:02:35","modified_gmt":"2021-07-04T15:02:35","slug":"chu-be-rac-roi","status":"publish","type":"product","link":"https:\/\/sachviet.eu\/en\/shop\/chu-be-rac-roi\/","title":{"rendered":"Ch\u00fa B\u00e9 R\u1eafc R\u1ed1i"},"content":{"rendered":"<p>Kh\u00f4ng bi\u1ebft c\u00e1c b\u1ea1n nh\u01b0 th\u1ebf n\u00e0o, ch\u1ee9 t\u00f4i th\u00ec t\u00f4i ch\u01b0a t\u1eebng lo cho ai bao gi\u1edd. T\u00f4i lo cho ch\u00ednh t\u00f4i c\u00f2n ch\u01b0a xong n\u1eefa l\u00e0. (m\u1edbi m\u1edf \u0111\u1ea7u truy\u1ec7n th\u00ec nh\u00e2n v\u1eadt ch\u00ednh \u0111\u00e3 t\u00e2m s\u1ef1 nh\u01b0 v\u1eady r\u1ed3i, nghe th\u1ea5y R\u1eaeC R\u1ed0I). Th\u1ef1c s\u1ef1 th\u00ec l\u00e0m sao, v\u1eabn l\u00e0 gi\u1ecdng v\u0103n \u201c\u0111\u1ecdc t\u1ee9c c\u01b0\u1eddi\u201d, c\u00e1ch th\u1eaft n\u00fat, m\u1edf n\u00fat \u0111\u1ea7y b\u1ea5t ng\u1edd c\u1ee7a t\u00e1c gi\u1ea3 d\u1eabn ta \u0111i h\u1ebft r\u1eafc r\u1ed1i n\u00e0y \u0111\u1ebfn r\u1eafc r\u1ed1i kh\u00e1c. \u0110\u1ecdc r\u1eafc r\u1ed1i nh\u01b0ng m\u00e0 th\u1ea5y th\u00fa v\u1ecb.<\/p>\n","protected":false},"excerpt":{"rendered":"<p>Kh\u00f4ng bi\u1ebft c\u00e1c b\u1ea1n nh\u01b0 th\u1ebf n\u00e0o, ch\u1ee9 t\u00f4i th\u00ec t\u00f4i ch\u01b0a t\u1eebng lo cho ai bao gi\u1edd. T\u00f4i lo cho ch\u00ednh t\u00f4i c\u00f2n ch\u01b0a xong n\u1eefa l\u00e0. (m\u1edbi m\u1edf \u0111\u1ea7u truy\u1ec7n th\u00ec nh\u00e2n v\u1eadt ch\u00ednh \u0111\u00e3 t\u00e2m s\u1ef1 nh\u01b0 v\u1eady r\u1ed3i, nghe th\u1ea5y R\u1eaeC R\u1ed0I). Th\u1ef1c s\u1ef1 th\u00ec l\u00e0m sao, v\u1eabn l\u00e0 gi\u1ecdng v\u0103n \u201c\u0111\u1ecdc t\u1ee9c c\u01b0\u1eddi\u201d, c\u00e1ch th\u1eaft n\u00fat, m\u1edf n\u00fat \u0111\u1ea7y b\u1ea5t ng\u1edd c\u1ee7a t\u00e1c gi\u1ea3 d\u1eabn ta \u0111i h\u1ebft r\u1eafc r\u1ed1i n\u00e0y \u0111\u1ebfn r\u1eafc r\u1ed1i kh\u00e1c. \u0110\u1ecdc r\u1eafc r\u1ed1i nh\u01b0ng m\u00e0 th\u1ea5y th\u00fa v\u1ecb.<\/p>\n","protected":false},"featured_media":14444,"template":"","meta":{"_acf_changed":false},"product_brand":[],"product_cat":[15,45],"product_tag":[],"class_list":{"0":"post-14446","1":"product","2":"type-product","3":"status-publish","4":"has-post-thumbnail","6":"product_cat-sach-danh-cho-nguoi-lon","7":"product_cat-tieu-thuyet","9":"first","10":"outofstock","11":"taxable","12":"shipping-taxable","13":"purchasable","14":"product-type-simple"},"supplier_id":null,"supplier_sku":"","barcode":null,"atum_controlled":true,"out_stock_date":"2021-07-04 15:02:35","out_stock_threshold":null,"inheritable":false,"inbound_stock":0,"stock_on_hold":0,"sold_today":0,"sales_last_days":0,"reserved_stock":0,"customer_returns":0,"warehouse_damage":0,"lost_in_post":0,"other_logs":0,"out_stock_days":1669,"lost_sales":0,"has_location":false,"update_date":"2026-01-28T23:10:55","atum_locations":[],"atum_stock_status":"outofstock","restock_status":false,"low_stock_amount":"","sales_update_date":"2026-01-28T23:10:55","calc_backorders":null,"acf":{"publisher":{"ID":1517,"post_author":"1","post_date":"2021-02-17 01:14:41","post_date_gmt":"2021-02-16 23:14:41","post_content":"","post_title":"NXB Tr\u1ebb","post_excerpt":"","post_status":"publish","comment_status":"closed","ping_status":"closed","post_password":"","post_name":"nxb-tre","to_ping":"","pinged":"","post_modified":"2021-02-17 01:14:41","post_modified_gmt":"2021-02-16 23:14:41","post_content_filtered":"","post_parent":0,"guid":"https:\/\/sachviet.eu\/nha-phat-hanh\/nxb-tre\/","menu_order":0,"post_type":"publisher","post_mime_type":"","comment_count":"0","filter":"raw"}},"_links":{"self":[{"href":"https:\/\/sachviet.eu\/en\/wp-json\/wp\/v2\/product\/14446","targetHints":{"allow":["GET"]}}],"collection":[{"href":"https:\/\/sachviet.eu\/en\/wp-json\/wp\/v2\/product"}],"about":[{"href":"https:\/\/sachviet.eu\/en\/wp-json\/wp\/v2\/types\/product"}],"wp:featuredmedia":[{"embeddable":true,"href":"https:\/\/sachviet.eu\/en\/wp-json\/wp\/v2\/media\/14444"}],"wp:attachment":[{"href":"https:\/\/sachviet.eu\/en\/wp-json\/wp\/v2\/media?parent=14446"}],"wp:term":[{"taxonomy":"product_brand","embeddable":true,"href":"https:\/\/sachviet.eu\/en\/wp-json\/wp\/v2\/product_brand?post=14446"},{"taxonomy":"product_cat","embeddable":true,"href":"https:\/\/sachviet.eu\/en\/wp-json\/wp\/v2\/product_cat?post=14446"},{"taxonomy":"product_tag","embeddable":true,"href":"https:\/\/sachviet.eu\/en\/wp-json\/wp\/v2\/product_tag?post=14446"}],"curies":[{"name":"wp","href":"https:\/\/api.w.org\/{rel}","templated":true}]}}