{"id":14443,"date":"2021-07-03T00:18:58","date_gmt":"2021-07-02T21:18:58","guid":{"rendered":"https:\/\/sachviet.eu\/shop\/phong-tro-ba-nguoi\/"},"modified":"2021-07-04T18:02:35","modified_gmt":"2021-07-04T15:02:35","slug":"phong-tro-ba-nguoi","status":"publish","type":"product","link":"https:\/\/sachviet.eu\/en\/shop\/phong-tro-ba-nguoi\/","title":{"rendered":"Ph\u00f2ng Tr\u1ecd Ba Ng\u01b0\u1eddi"},"content":{"rendered":"<p>Ph\u00f2ng tr\u1ecd ba ng\u01b0\u1eddi l\u00e0 n\u01a1i d\u00e0nh cho ba ch\u00e0ng sinh vi\u00ean Chuy\u00ean, Nhi\u1ec7m, v\u00e0 M\u1eabn tr\u00fa ng\u1ee5, l\u00e0 n\u01a1i h\u1ecd chia s\u1ebb vi\u1ec7c h\u1ecdc h\u00e0nh, nh\u1eefng tr\u00f2 ngh\u1ecbch ng\u1ee3m v\u00e0 chia s\u1ebb c\u1ea3 nh\u1eefng bu\u1ed3n vui trong \u0111\u1eddi s\u1ed1ng t\u00ecnh c\u1ea3m. M\u1eabn, ch\u00e0ng trai nh\u00fat nh\u00e1t v\u1ed1n quan ni\u1ec7m t\u00ecnh y\u00eau l\u00e0 th\u1ee9 \u201c xa x\u1ec9 ph\u1ea9m\u201d, \u0111\u1ebfn l\u00fac ph\u1ea3i d\u1ef1ng l\u00ean v\u1edf k\u1ecbch t\u00ecnh y\u00eau v\u1edbi s\u1ef1 tr\u1ee3 s\u1ee9c c\u1ee7a Thu Th\u1ea3o, c\u00f4 h\u1ecdc tr\u00f2 tinh ngh\u1ecbch c\u1ee7a anh. Tr\u00f2 ch\u01a1i t\u01b0\u1edfng ch\u1ec9 \u0111\u1ec3 g\u00f3p v\u00e0o kh\u00f4ng kh\u00ed s\u00f4i \u0111\u1ed9ng c\u1ee7a c\u0103n g\u00e1c tr\u1ecd \u1ea5y, kh\u00f4ng ng\u1edd \u0111\u00e3 th\u1ef1c s\u1ef1 cu\u1ed1n h\u00fat ch\u00e0ng trai chuy\u00ean \u201cd\u1ecb \u1ee9ng v\u1edbi ph\u1ee5 n\u1eef\u201d \u1ea5y. Khi bu\u1ed9c l\u00f2ng ph\u1ea3i ch\u1ea5m d\u1ee9t v\u1edbi tr\u00f2 ch\u01a1i, c\u0169ng l\u00e0 l\u00fac M\u1eabn c\u1ea3m th\u1ea5y b\u00e2ng khu\u00e2ng nh\u01b0 ph\u1ea3i chia tay v\u1edbi t\u00ecnh c\u1ea3m th\u1ef1c s\u1ef1.<\/p>\n","protected":false},"excerpt":{"rendered":"<p>Ph\u00f2ng tr\u1ecd ba ng\u01b0\u1eddi l\u00e0 n\u01a1i d\u00e0nh cho ba ch\u00e0ng sinh vi\u00ean Chuy\u00ean, Nhi\u1ec7m, v\u00e0 M\u1eabn tr\u00fa ng\u1ee5, l\u00e0 n\u01a1i h\u1ecd chia s\u1ebb vi\u1ec7c h\u1ecdc h\u00e0nh, nh\u1eefng tr\u00f2 ngh\u1ecbch ng\u1ee3m v\u00e0 chia s\u1ebb c\u1ea3 nh\u1eefng bu\u1ed3n vui trong \u0111\u1eddi s\u1ed1ng t\u00ecnh c\u1ea3m. M\u1eabn, ch\u00e0ng trai nh\u00fat nh\u00e1t v\u1ed1n quan ni\u1ec7m t\u00ecnh y\u00eau l\u00e0 th\u1ee9 \u201c xa x\u1ec9 ph\u1ea9m\u201d, \u0111\u1ebfn l\u00fac ph\u1ea3i d\u1ef1ng l\u00ean v\u1edf k\u1ecbch t\u00ecnh y\u00eau v\u1edbi s\u1ef1 tr\u1ee3 s\u1ee9c c\u1ee7a Thu Th\u1ea3o, c\u00f4 h\u1ecdc tr\u00f2 tinh ngh\u1ecbch c\u1ee7a anh. Tr\u00f2 ch\u01a1i t\u01b0\u1edfng ch\u1ec9 \u0111\u1ec3 g\u00f3p v\u00e0o kh\u00f4ng kh\u00ed s\u00f4i \u0111\u1ed9ng c\u1ee7a c\u0103n g\u00e1c tr\u1ecd \u1ea5y, kh\u00f4ng ng\u1edd \u0111\u00e3 th\u1ef1c s\u1ef1 cu\u1ed1n h\u00fat ch\u00e0ng trai chuy\u00ean \u201cd\u1ecb \u1ee9ng v\u1edbi ph\u1ee5 n\u1eef\u201d \u1ea5y. Khi bu\u1ed9c l\u00f2ng ph\u1ea3i ch\u1ea5m d\u1ee9t v\u1edbi tr\u00f2 ch\u01a1i, c\u0169ng l\u00e0 l\u00fac M\u1eabn c\u1ea3m th\u1ea5y b\u00e2ng khu\u00e2ng nh\u01b0 ph\u1ea3i chia tay v\u1edbi t\u00ecnh c\u1ea3m th\u1ef1c s\u1ef1.<\/p>\n","protected":false},"featured_media":14441,"template":"","meta":{"_acf_changed":false},"product_brand":[],"product_cat":[15,45],"product_tag":[],"class_list":{"0":"post-14443","1":"product","2":"type-product","3":"status-publish","4":"has-post-thumbnail","6":"product_cat-sach-danh-cho-nguoi-lon","7":"product_cat-tieu-thuyet","9":"first","10":"outofstock","11":"taxable","12":"shipping-taxable","13":"purchasable","14":"product-type-simple"},"supplier_id":null,"supplier_sku":"","barcode":null,"atum_controlled":true,"out_stock_date":"2021-07-04 15:02:35","out_stock_threshold":null,"inheritable":false,"inbound_stock":0,"stock_on_hold":0,"sold_today":0,"sales_last_days":0,"reserved_stock":0,"customer_returns":0,"warehouse_damage":0,"lost_in_post":0,"other_logs":0,"out_stock_days":1669,"lost_sales":0,"has_location":false,"update_date":"2026-01-28T23:10:55","atum_locations":[],"atum_stock_status":"outofstock","restock_status":false,"low_stock_amount":"","sales_update_date":"2026-01-28T23:10:55","calc_backorders":null,"acf":{"publisher":{"ID":1517,"post_author":"1","post_date":"2021-02-17 01:14:41","post_date_gmt":"2021-02-16 23:14:41","post_content":"","post_title":"NXB Tr\u1ebb","post_excerpt":"","post_status":"publish","comment_status":"closed","ping_status":"closed","post_password":"","post_name":"nxb-tre","to_ping":"","pinged":"","post_modified":"2021-02-17 01:14:41","post_modified_gmt":"2021-02-16 23:14:41","post_content_filtered":"","post_parent":0,"guid":"https:\/\/sachviet.eu\/nha-phat-hanh\/nxb-tre\/","menu_order":0,"post_type":"publisher","post_mime_type":"","comment_count":"0","filter":"raw"}},"_links":{"self":[{"href":"https:\/\/sachviet.eu\/en\/wp-json\/wp\/v2\/product\/14443","targetHints":{"allow":["GET"]}}],"collection":[{"href":"https:\/\/sachviet.eu\/en\/wp-json\/wp\/v2\/product"}],"about":[{"href":"https:\/\/sachviet.eu\/en\/wp-json\/wp\/v2\/types\/product"}],"wp:featuredmedia":[{"embeddable":true,"href":"https:\/\/sachviet.eu\/en\/wp-json\/wp\/v2\/media\/14441"}],"wp:attachment":[{"href":"https:\/\/sachviet.eu\/en\/wp-json\/wp\/v2\/media?parent=14443"}],"wp:term":[{"taxonomy":"product_brand","embeddable":true,"href":"https:\/\/sachviet.eu\/en\/wp-json\/wp\/v2\/product_brand?post=14443"},{"taxonomy":"product_cat","embeddable":true,"href":"https:\/\/sachviet.eu\/en\/wp-json\/wp\/v2\/product_cat?post=14443"},{"taxonomy":"product_tag","embeddable":true,"href":"https:\/\/sachviet.eu\/en\/wp-json\/wp\/v2\/product_tag?post=14443"}],"curies":[{"name":"wp","href":"https:\/\/api.w.org\/{rel}","templated":true}]}}