{"id":14440,"date":"2021-07-03T00:18:47","date_gmt":"2021-07-02T21:18:47","guid":{"rendered":"https:\/\/sachviet.eu\/shop\/thang-quy-nho\/"},"modified":"2021-07-04T18:02:35","modified_gmt":"2021-07-04T15:02:35","slug":"thang-quy-nho","status":"publish","type":"product","link":"https:\/\/sachviet.eu\/en\/shop\/thang-quy-nho\/","title":{"rendered":"Th\u1eb1ng Qu\u1ef7 Nh\u1ecf"},"content":{"rendered":"<p>Truy\u1ec7n d\u00e0i \u0111\u1eb7c s\u1eafc nh\u1ea5t c\u1ee7a Nguy\u1ec5n Nh\u1eadt \u00c1nh. T\u1eadp truy\u1ec7n \u0111\u01b0\u1ee3c sinh vi\u00ean h\u1ecdc sinh r\u1ea5t \u0111\u1ed7i say m\u00ea. B\u1edfi s\u1ef1 d\u00ed d\u1ecfm, b\u1edfi t\u00ecnh ng\u01b0\u1eddi, b\u1edfi nh\u1eefng h\u00ecnh \u1ea3nh r\u1ea5t h\u1ecdc sinh, r\u1ea5t \u00e1o tr\u1eafng. H\u00e3y l\u00e0m quen v\u1edbi Th\u1eb1ng qu\u1ef7 nh\u1ecf v\u1ea9y tai l\u1eeba c\u00f3 c\u00e1i t\u00ean con g\u00e1i l\u00e0 Qu\u1ef3nh\u2026 c\u00f9ng nh\u1eefng ng\u01b0\u1eddi b\u1ea1n d\u1ec5 th\u01b0\u01a1ng kh\u00e1c nh\u01b0 H\u1ea1nh, Nga\u2026.<\/p>\n","protected":false},"excerpt":{"rendered":"<p>Truy\u1ec7n d\u00e0i \u0111\u1eb7c s\u1eafc nh\u1ea5t c\u1ee7a Nguy\u1ec5n Nh\u1eadt \u00c1nh. T\u1eadp truy\u1ec7n \u0111\u01b0\u1ee3c sinh vi\u00ean h\u1ecdc sinh r\u1ea5t \u0111\u1ed7i say m\u00ea. B\u1edfi s\u1ef1 d\u00ed d\u1ecfm, b\u1edfi t\u00ecnh ng\u01b0\u1eddi, b\u1edfi nh\u1eefng h\u00ecnh \u1ea3nh r\u1ea5t h\u1ecdc sinh, r\u1ea5t \u00e1o tr\u1eafng. H\u00e3y l\u00e0m quen v\u1edbi Th\u1eb1ng qu\u1ef7 nh\u1ecf v\u1ea9y tai l\u1eeba c\u00f3 c\u00e1i t\u00ean con g\u00e1i l\u00e0 Qu\u1ef3nh\u2026 c\u00f9ng nh\u1eefng ng\u01b0\u1eddi b\u1ea1n d\u1ec5 th\u01b0\u01a1ng kh\u00e1c nh\u01b0 H\u1ea1nh, Nga\u2026.<\/p>\n","protected":false},"featured_media":14432,"template":"","meta":{"_acf_changed":false},"product_brand":[],"product_cat":[15,45],"product_tag":[],"class_list":{"0":"post-14440","1":"product","2":"type-product","3":"status-publish","4":"has-post-thumbnail","6":"product_cat-sach-danh-cho-nguoi-lon","7":"product_cat-tieu-thuyet","9":"first","10":"outofstock","11":"taxable","12":"shipping-taxable","13":"purchasable","14":"product-type-simple"},"supplier_id":null,"supplier_sku":"","barcode":null,"atum_controlled":true,"out_stock_date":"2021-07-04 15:02:35","out_stock_threshold":null,"inheritable":false,"inbound_stock":0,"stock_on_hold":0,"sold_today":0,"sales_last_days":0,"reserved_stock":0,"customer_returns":0,"warehouse_damage":0,"lost_in_post":0,"other_logs":0,"out_stock_days":1669,"lost_sales":0,"has_location":false,"update_date":"2026-01-28T23:10:55","atum_locations":[],"atum_stock_status":"outofstock","restock_status":false,"low_stock_amount":"","sales_update_date":"2026-01-28T23:10:55","calc_backorders":null,"acf":{"publisher":{"ID":1517,"post_author":"1","post_date":"2021-02-17 01:14:41","post_date_gmt":"2021-02-16 23:14:41","post_content":"","post_title":"NXB Tr\u1ebb","post_excerpt":"","post_status":"publish","comment_status":"closed","ping_status":"closed","post_password":"","post_name":"nxb-tre","to_ping":"","pinged":"","post_modified":"2021-02-17 01:14:41","post_modified_gmt":"2021-02-16 23:14:41","post_content_filtered":"","post_parent":0,"guid":"https:\/\/sachviet.eu\/nha-phat-hanh\/nxb-tre\/","menu_order":0,"post_type":"publisher","post_mime_type":"","comment_count":"0","filter":"raw"}},"_links":{"self":[{"href":"https:\/\/sachviet.eu\/en\/wp-json\/wp\/v2\/product\/14440","targetHints":{"allow":["GET"]}}],"collection":[{"href":"https:\/\/sachviet.eu\/en\/wp-json\/wp\/v2\/product"}],"about":[{"href":"https:\/\/sachviet.eu\/en\/wp-json\/wp\/v2\/types\/product"}],"wp:featuredmedia":[{"embeddable":true,"href":"https:\/\/sachviet.eu\/en\/wp-json\/wp\/v2\/media\/14432"}],"wp:attachment":[{"href":"https:\/\/sachviet.eu\/en\/wp-json\/wp\/v2\/media?parent=14440"}],"wp:term":[{"taxonomy":"product_brand","embeddable":true,"href":"https:\/\/sachviet.eu\/en\/wp-json\/wp\/v2\/product_brand?post=14440"},{"taxonomy":"product_cat","embeddable":true,"href":"https:\/\/sachviet.eu\/en\/wp-json\/wp\/v2\/product_cat?post=14440"},{"taxonomy":"product_tag","embeddable":true,"href":"https:\/\/sachviet.eu\/en\/wp-json\/wp\/v2\/product_tag?post=14440"}],"curies":[{"name":"wp","href":"https:\/\/api.w.org\/{rel}","templated":true}]}}