{"id":14431,"date":"2021-07-03T00:18:15","date_gmt":"2021-07-02T21:18:15","guid":{"rendered":"https:\/\/sachviet.eu\/shop\/la-nam-trong-la\/"},"modified":"2021-07-04T18:02:34","modified_gmt":"2021-07-04T15:02:34","slug":"la-nam-trong-la","status":"publish","type":"product","link":"https:\/\/sachviet.eu\/en\/shop\/la-nam-trong-la\/","title":{"rendered":"L\u00e1 N\u1eb1m Trong L\u00e1"},"content":{"rendered":"<p>M\u1edf cu\u1ed1n s\u00e1ch m\u1edbi c\u1ee7a t\u00e1c gi\u1ea3 Nguy\u1ec5n Nh\u1eadt \u00c1nh, b\u1ea1n s\u1ebd g\u1eb7p nh\u1eefng c\u00e1i t\u00ean quen thu\u1ed9c c\u1ee7a nh\u1eefng ng\u01b0\u1eddi n\u1ed5i ti\u1ebfng ngay trang 5 trang tr\u1ecdng \u0111\u1ec1 t\u1eb7ng \u201cc\u00e1c b\u1ea1n v\u0103n h\u1eefu\u201d: nh\u00e0 th\u01a1 B\u00f9i Ch\u00ed Vinh, Ph\u1ea1m S\u1ef9 S\u00e1u, L\u00ea Minh Qu\u1ed1c, nh\u00e0 v\u0103n Nguy\u1ec5n \u0110\u00f4ng Th\u1ee9c, nh\u00e0 ph\u00ea b\u00ecnh Hu\u1ef3nh Nh\u01b0 Ph\u01b0\u01a1ng, nh\u00e0 b\u00e1o Nguy\u1ec5n C\u00f4ng Kh\u1ebf, Kim H\u1ea1nh, \u2026 Tu\u1ed5i ni\u00ean thi\u1ebfu c\u1ee7a \u201cnh\u1eefng th\u1eb1ng qu\u1ef7 nh\u1ecf\u201d trong truy\u1ec7n c\u00f3 g\u1eafn g\u00ec v\u1edbi h\u1ecd kh\u00f4ng, c\u00f3 ph\u1ea3i l\u00e0 h\u1ecd kh\u00f4ng, ch\u1ec9 h\u1ecd v\u00e0 t\u00e1c gi\u1ea3 m\u1edbi bi\u1ebft, nh\u01b0ng b\u1ea1n \u0111\u1ecdc th\u00ec c\u00f3 th\u1ec3 t\u01b0\u1edfng t\u01b0\u1ee3ng ra m\u1ed9t nh\u00f3m \u201cth\u1eb1ng\u201d th\u00e2n thi\u1ebft, b\u1eaft \u0111\u1ea7u l\u1edbn, bi\u1ebft thinh th\u00edch con g\u00e1i v\u00e0 ng\u1eadp m\u1ed9ng v\u0103n ch\u01b0\u01a1ng.<\/p>\n<p>Chuy\u1ec7n c\u1ee7a b\u00fat nh\u00f3m h\u1ecdc tr\u00f2, truy\u1ec7n n\u1eb1m trong truy\u1ec7n, nh\u1eefng c\u01a1n gi\u1eadn d\u1ed7i ghen tu\u00f4ng b\u1ea1n g\u00e1i b\u1ea1n trai v\u1edbi nhau, nhi\u1ec1u nh\u1ea5t v\u1eabn l\u00e0 chuy\u1ec7n nh\u00e0 tr\u01b0\u1eddng c\u00f3 c\u00e1c c\u00f4 gi\u00e1o h\u01a1n tr\u00f2 v\u00e0i tu\u1ed5i coi tr\u00f2 nh\u01b0 b\u1ea1n, c\u00f3 th\u1ea7y hi\u1ec7u tr\u01b0\u1edfng t\u00e2m l\u00fd v\u00e0 y\u00eau th\u01b0\u01a1ng h\u1ecdc tr\u00f2 coi tr\u00f2 nh\u01b0 con\u2026Tr\u1edf l\u1ea1i v\u1edbi \u0111\u1ec1 t\u00e0i h\u1ecdc tr\u00f2, h\u00f3m h\u1ec9nh v\u00e0 g\u1ea7n g\u0169i nh\u01b0 ch\u00ednh c\u00e1c em, Nguy\u1ec5n Nh\u1eadt \u00c1nh ch\u1eafc ch\u1eafn s\u1ebd \u0111\u01b0\u1ee3c c\u00e1c b\u1ea1n tr\u1ebb vui m\u1eebng \u0111\u00f3n nh\u1eadn. C\u1ee9 l\u1eadt \u0111\u1eb1ng cu\u1ed1i s\u00e1ch, \u0111\u1ecdc b\u00e0i th\u01a1 t\u00ecnh trong veo l\u00e0 c\u00f3 th\u1ec3 th\u1ea5y \u0111i\u1ec1u \u0111\u00f3 \u201c\u2026Khi m\u00f9a xu\u00e2n \u0111\u1ebfn \/ T\u00ecnh anh l\u1ea1i \u0111\u1ea7y \/ L\u00e1 n\u1eb1m trong l\u00e1 \/ Tay n\u1eb1m trong tay\u201d.<\/p>\n<p>\u201cVi\u1ebft cho tr\u1ebb con gi\u1edd kh\u00f3 h\u01a1n x\u01b0a. C\u00f3 h\u00e0ng bao nhi\u00eau l\u00e0 m\u00f3n gi\u1ea3i tr\u00ed r\u1ea7m r\u1ed9, ho\u00e0nh tr\u00e1ng v\u00e0 l\u1ed9ng l\u1eaby d\u1ecdn s\u1eb5n, mu\u1ed1n thu ph\u1ee5c \u201cl\u0169 ti\u1ec3u y\u00eau\u201d th\u1ebf k\u1ef7 21 n\u00e0y, nh\u00e0 v\u0103n kh\u00f4ng ch\u1ec9 th\u00f4ng thu\u1ed9c m\u1eb7t b\u1eb1ng hi\u1ec3u bi\u1ebft c\u1ee7a ch\u00fang, m\u00e0 c\u00f2n ph\u1ea3i t\u00e2m t\u00ecnh \u0111\u01b0\u1ee3c v\u1edbi ch\u00fang b\u1eb1ng t\u1ed1c \u0111\u1ed9 c\u1ee7a ch\u00fang. C\u00f3 th\u1ec3 n\u00f3i Nguy\u1ec5n Nh\u1eadt \u00c1nh l\u00e0 m\u1ed9t ng\u01b0\u1eddi l\u1edbn ch\u1ea5p nh\u1eadn tham d\u1ef1 m\u00f3n du h\u00e0nh t\u1ed1c \u0111\u1ed9 cao c\u00f9ng l\u0169 tr\u1ebb. Th\u1eddi thong th\u1ea3 \u0111\u1ea1p xe, t\u1eeb t\u1ed1n khuy\u00ean b\u1ea3o \u0111\u00e3 qua r\u1ed3i. Th\u1ef1c ra Nguy\u1ec5n Nh\u1eadt \u00c1nh \u0111\u00e3 bi\u1ebft \u0111i t\u00e0u t\u1ed1c h\u00e0nh t\u1eeb hai th\u1eadp ni\u00ean tr\u01b0\u1edbc, khi nh\u1eefngK\u00ednh v\u1ea1n hoa, Th\u1eb1ng qu\u1ef7 nh\u1ecf, B\u00e0n c\u00f3 n\u0103m ch\u1ed7 ng\u1ed3i\u2026 \u0111em l\u1ea1i cho v\u0103n h\u1ecdc thi\u1ebfu nhi m\u1ed9t di\u1ec7n m\u1ea1o m\u1edbi m\u1ebb, nh\u1eefng c\u00e2u chuy\u1ec7n t\u01b0\u1edfng nh\u01b0 \u1ea5m \u1edb ng\u00e0y n\u00e0y qua th\u00e1ng kh\u00e1c nh\u01b0ng sao h\u00f4m nay nh\u00ecn l\u1ea1i, nh\u1eefng ng\u01b0\u1eddi \u0111\u00e3 t\u1eebng l\u00e0 tr\u1ebb con th\u1ea5y nh\u1edb qu\u00e1..\u201d (VI\u1ec6T TRUNG, b\u00e1o Thanh Ni\u00ean).<\/p>\n<p>\u201cB\u01b0\u1edbc v\u00e0o kho\u1ea3ng tr\u1eddi c\u1ee7a tu\u1ed5i bi\u1ebft bu\u1ed3n, Nguy\u1ec5n Nh\u1eadt \u00c1nh \u0111\u00e3 ghi l\u1ea1i nh\u1eefng b\u00e2ng khu\u00e2ng rung c\u1ea3m \u0111\u1ea7u \u0111\u1eddi. Trong t\u00e2m t\u01b0\u1edfng c\u1ee7a c\u00e1c em, b\u00e2y gi\u1edd kh\u00f4ng ch\u1ec9 ngh\u0129 v\u1ec1 c\u00e1i g\u00ec m\u00e0 c\u00f2n ngh\u0129 v\u1ec1 ai, v\u1ec1 m\u1ed9t ng\u01b0\u1eddi kh\u00e1c gi\u1edbi c\u1ee5 th\u1ec3 n\u00e0o, v\u00e0 v\u1ec1 c\u1ea3 b\u1ea3n th\u00e2n, th\u1ebf gi\u1edbi \u1ea5y tr\u00e0n ng\u1eadp nh\u1eefng c\u00e2u h\u1ecfi x\u00f4n xao v\u1ec1 c\u00e1i-g\u1ecdi-l\u00e0-t\u00ecnh-y\u00eau. Truy\u1ec7n c\u1ee7a Nguy\u1ec5n Nh\u1eadt \u00c1nh \u0111\u00e3 \u0111\u01b0a v\u00e0o nh\u1eefng c\u00e2u h\u1ecfi l\u1edbn, mu\u00f4n thu\u1edf, quen thu\u1ed9c &#8211; nh\u1eefng c\u00e2u h\u1ecfi m\u00e0 d\u01b0\u1eddng nh\u01b0 trong \u0111\u1eddi ai c\u0169ng t\u1eebng \u0111\u1ed1i di\u1ec7n \u00edt nh\u1ea5t m\u1ed9t l\u1ea7n. V\u00ec th\u1ebf, trong khi \u0111\u1ed9c gi\u1ea3 thi\u1ebfu ni\u00ean ph\u1ee5c l\u0103n v\u00ec nh\u00e0 v\u0103n \u0111i gu\u1ed1c v\u00e0o b\u1ee5ng h\u1ecd, th\u00ec \u0111\u1ed9c gi\u1ea3 ng\u01b0\u1eddi l\u1edbn m\u1ec9m c\u01b0\u1eddi m\u01a1 m\u00e0ng nh\u1edb l\u1ea1i m\u1ed9t th\u1eddi th\u01a1 d\u1ea1i&#8230;&#8217; (TS. NGUY\u1ec4N TH\u1eca THANH XU\u00c2N, nh\u00e0 nghi\u00ean c\u1ee9u v\u0103n h\u1ecdc).<\/p>\n","protected":false},"excerpt":{"rendered":"<p>M\u1edf cu\u1ed1n s\u00e1ch m\u1edbi c\u1ee7a t\u00e1c gi\u1ea3 Nguy\u1ec5n Nh\u1eadt \u00c1nh, b\u1ea1n s\u1ebd g\u1eb7p nh\u1eefng c\u00e1i t\u00ean quen thu\u1ed9c c\u1ee7a nh\u1eefng ng\u01b0\u1eddi n\u1ed5i ti\u1ebfng ngay trang 5 trang tr\u1ecdng \u0111\u1ec1 t\u1eb7ng \u201cc\u00e1c b\u1ea1n v\u0103n h\u1eefu\u201d: nh\u00e0 th\u01a1 B\u00f9i Ch\u00ed Vinh, Ph\u1ea1m S\u1ef9 S\u00e1u, L\u00ea Minh Qu\u1ed1c, nh\u00e0 v\u0103n Nguy\u1ec5n \u0110\u00f4ng Th\u1ee9c, nh\u00e0 ph\u00ea b\u00ecnh Hu\u1ef3nh Nh\u01b0 Ph\u01b0\u01a1ng, nh\u00e0 b\u00e1o Nguy\u1ec5n C\u00f4ng Kh\u1ebf, Kim H\u1ea1nh, \u2026 Tu\u1ed5i ni\u00ean thi\u1ebfu c\u1ee7a \u201cnh\u1eefng th\u1eb1ng qu\u1ef7 nh\u1ecf\u201d trong truy\u1ec7n c\u00f3 g\u1eafn g\u00ec v\u1edbi h\u1ecd kh\u00f4ng, c\u00f3 ph\u1ea3i l\u00e0 h\u1ecd kh\u00f4ng, ch\u1ec9 h\u1ecd v\u00e0 t\u00e1c gi\u1ea3 m\u1edbi bi\u1ebft, nh\u01b0ng b\u1ea1n \u0111\u1ecdc th\u00ec c\u00f3 th\u1ec3 t\u01b0\u1edfng t\u01b0\u1ee3ng ra m\u1ed9t nh\u00f3m \u201cth\u1eb1ng\u201d th\u00e2n thi\u1ebft, b\u1eaft \u0111\u1ea7u l\u1edbn, bi\u1ebft thinh th\u00edch con g\u00e1i v\u00e0 ng\u1eadp m\u1ed9ng v\u0103n ch\u01b0\u01a1ng.<\/p>\n<p>Chuy\u1ec7n c\u1ee7a b\u00fat nh\u00f3m h\u1ecdc tr\u00f2, truy\u1ec7n n\u1eb1m trong truy\u1ec7n, nh\u1eefng c\u01a1n gi\u1eadn d\u1ed7i ghen tu\u00f4ng b\u1ea1n g\u00e1i b\u1ea1n trai v\u1edbi nhau, nhi\u1ec1u nh\u1ea5t v\u1eabn l\u00e0 chuy\u1ec7n nh\u00e0 tr\u01b0\u1eddng c\u00f3 c\u00e1c c\u00f4 gi\u00e1o h\u01a1n tr\u00f2 v\u00e0i tu\u1ed5i coi tr\u00f2 nh\u01b0 b\u1ea1n, c\u00f3 th\u1ea7y hi\u1ec7u tr\u01b0\u1edfng t\u00e2m l\u00fd v\u00e0 y\u00eau th\u01b0\u01a1ng h\u1ecdc tr\u00f2 coi tr\u00f2 nh\u01b0 con\u2026Tr\u1edf l\u1ea1i v\u1edbi \u0111\u1ec1 t\u00e0i h\u1ecdc tr\u00f2, h\u00f3m h\u1ec9nh v\u00e0 g\u1ea7n g\u0169i nh\u01b0 ch\u00ednh c\u00e1c em, Nguy\u1ec5n Nh\u1eadt \u00c1nh ch\u1eafc ch\u1eafn s\u1ebd \u0111\u01b0\u1ee3c c\u00e1c b\u1ea1n tr\u1ebb vui m\u1eebng \u0111\u00f3n nh\u1eadn. C\u1ee9 l\u1eadt \u0111\u1eb1ng cu\u1ed1i s\u00e1ch, \u0111\u1ecdc b\u00e0i th\u01a1 t\u00ecnh trong veo l\u00e0 c\u00f3 th\u1ec3 th\u1ea5y \u0111i\u1ec1u \u0111\u00f3 \u201c\u2026Khi m\u00f9a xu\u00e2n \u0111\u1ebfn \/ T\u00ecnh anh l\u1ea1i \u0111\u1ea7y \/ L\u00e1 n\u1eb1m trong l\u00e1 \/ Tay n\u1eb1m trong tay\u201d.<\/p>\n<p>\u201cVi\u1ebft cho tr\u1ebb con gi\u1edd kh\u00f3 h\u01a1n x\u01b0a. C\u00f3 h\u00e0ng bao nhi\u00eau l\u00e0 m\u00f3n gi\u1ea3i tr\u00ed r\u1ea7m r\u1ed9, ho\u00e0nh tr\u00e1ng v\u00e0 l\u1ed9ng l\u1eaby d\u1ecdn s\u1eb5n, mu\u1ed1n thu ph\u1ee5c \u201cl\u0169 ti\u1ec3u y\u00eau\u201d th\u1ebf k\u1ef7 21 n\u00e0y, nh\u00e0 v\u0103n kh\u00f4ng ch\u1ec9 th\u00f4ng thu\u1ed9c m\u1eb7t b\u1eb1ng hi\u1ec3u bi\u1ebft c\u1ee7a ch\u00fang, m\u00e0 c\u00f2n ph\u1ea3i t\u00e2m t\u00ecnh \u0111\u01b0\u1ee3c v\u1edbi ch\u00fang b\u1eb1ng t\u1ed1c \u0111\u1ed9 c\u1ee7a ch\u00fang. C\u00f3 th\u1ec3 n\u00f3i Nguy\u1ec5n Nh\u1eadt \u00c1nh l\u00e0 m\u1ed9t ng\u01b0\u1eddi l\u1edbn ch\u1ea5p nh\u1eadn tham d\u1ef1 m\u00f3n du h\u00e0nh t\u1ed1c \u0111\u1ed9 cao c\u00f9ng l\u0169 tr\u1ebb. Th\u1eddi thong th\u1ea3 \u0111\u1ea1p xe, t\u1eeb t\u1ed1n khuy\u00ean b\u1ea3o \u0111\u00e3 qua r\u1ed3i. Th\u1ef1c ra Nguy\u1ec5n Nh\u1eadt \u00c1nh \u0111\u00e3 bi\u1ebft \u0111i t\u00e0u t\u1ed1c h\u00e0nh t\u1eeb hai th\u1eadp ni\u00ean tr\u01b0\u1edbc, khi nh\u1eefngK\u00ednh v\u1ea1n hoa, Th\u1eb1ng qu\u1ef7 nh\u1ecf, B\u00e0n c\u00f3 n\u0103m ch\u1ed7 ng\u1ed3i\u2026 \u0111em l\u1ea1i cho v\u0103n h\u1ecdc thi\u1ebfu nhi m\u1ed9t di\u1ec7n m\u1ea1o m\u1edbi m\u1ebb, nh\u1eefng c\u00e2u chuy\u1ec7n t\u01b0\u1edfng nh\u01b0 \u1ea5m \u1edb ng\u00e0y n\u00e0y qua th\u00e1ng kh\u00e1c nh\u01b0ng sao h\u00f4m nay nh\u00ecn l\u1ea1i, nh\u1eefng ng\u01b0\u1eddi \u0111\u00e3 t\u1eebng l\u00e0 tr\u1ebb con th\u1ea5y nh\u1edb qu\u00e1..\u201d (VI\u1ec6T TRUNG, b\u00e1o Thanh Ni\u00ean).<\/p>\n<p>\u201cB\u01b0\u1edbc v\u00e0o kho\u1ea3ng tr\u1eddi c\u1ee7a tu\u1ed5i bi\u1ebft bu\u1ed3n, Nguy\u1ec5n Nh\u1eadt \u00c1nh \u0111\u00e3 ghi l\u1ea1i nh\u1eefng b\u00e2ng khu\u00e2ng rung c\u1ea3m \u0111\u1ea7u \u0111\u1eddi. Trong t\u00e2m t\u01b0\u1edfng c\u1ee7a c\u00e1c em, b\u00e2y gi\u1edd kh\u00f4ng ch\u1ec9 ngh\u0129 v\u1ec1 c\u00e1i g\u00ec m\u00e0 c\u00f2n ngh\u0129 v\u1ec1 ai, v\u1ec1 m\u1ed9t ng\u01b0\u1eddi kh\u00e1c gi\u1edbi c\u1ee5 th\u1ec3 n\u00e0o, v\u00e0 v\u1ec1 c\u1ea3 b\u1ea3n th\u00e2n, th\u1ebf gi\u1edbi \u1ea5y tr\u00e0n ng\u1eadp nh\u1eefng c\u00e2u h\u1ecfi x\u00f4n xao v\u1ec1 c\u00e1i-g\u1ecdi-l\u00e0-t\u00ecnh-y\u00eau. Truy\u1ec7n c\u1ee7a Nguy\u1ec5n Nh\u1eadt \u00c1nh \u0111\u00e3 \u0111\u01b0a v\u00e0o nh\u1eefng c\u00e2u h\u1ecfi l\u1edbn, mu\u00f4n thu\u1edf, quen thu\u1ed9c &#8211; nh\u1eefng c\u00e2u h\u1ecfi m\u00e0 d\u01b0\u1eddng nh\u01b0 trong \u0111\u1eddi ai c\u0169ng t\u1eebng \u0111\u1ed1i di\u1ec7n \u00edt nh\u1ea5t m\u1ed9t l\u1ea7n. V\u00ec th\u1ebf, trong khi \u0111\u1ed9c gi\u1ea3 thi\u1ebfu ni\u00ean ph\u1ee5c l\u0103n v\u00ec nh\u00e0 v\u0103n \u0111i gu\u1ed1c v\u00e0o b\u1ee5ng h\u1ecd, th\u00ec \u0111\u1ed9c gi\u1ea3 ng\u01b0\u1eddi l\u1edbn m\u1ec9m c\u01b0\u1eddi m\u01a1 m\u00e0ng nh\u1edb l\u1ea1i m\u1ed9t th\u1eddi th\u01a1 d\u1ea1i&#8230;&#8217; (TS. NGUY\u1ec4N TH\u1eca THANH XU\u00c2N, nh\u00e0 nghi\u00ean c\u1ee9u v\u0103n h\u1ecdc).<\/p>\n","protected":false},"featured_media":14420,"template":"","meta":{"_acf_changed":false},"product_brand":[],"product_cat":[15,45],"product_tag":[],"class_list":{"0":"post-14431","1":"product","2":"type-product","3":"status-publish","4":"has-post-thumbnail","6":"product_cat-sach-danh-cho-nguoi-lon","7":"product_cat-tieu-thuyet","9":"first","10":"outofstock","11":"taxable","12":"shipping-taxable","13":"purchasable","14":"product-type-simple"},"supplier_id":null,"supplier_sku":"","barcode":null,"atum_controlled":true,"out_stock_date":"2021-07-04 15:02:35","out_stock_threshold":null,"inheritable":false,"inbound_stock":0,"stock_on_hold":0,"sold_today":0,"sales_last_days":0,"reserved_stock":0,"customer_returns":0,"warehouse_damage":0,"lost_in_post":0,"other_logs":0,"out_stock_days":1669,"lost_sales":0,"has_location":false,"update_date":"2026-01-28T23:10:55","atum_locations":[],"atum_stock_status":"outofstock","restock_status":false,"low_stock_amount":"","sales_update_date":"2026-01-28T23:10:55","calc_backorders":null,"acf":{"publisher":{"ID":1517,"post_author":"1","post_date":"2021-02-17 01:14:41","post_date_gmt":"2021-02-16 23:14:41","post_content":"","post_title":"NXB Tr\u1ebb","post_excerpt":"","post_status":"publish","comment_status":"closed","ping_status":"closed","post_password":"","post_name":"nxb-tre","to_ping":"","pinged":"","post_modified":"2021-02-17 01:14:41","post_modified_gmt":"2021-02-16 23:14:41","post_content_filtered":"","post_parent":0,"guid":"https:\/\/sachviet.eu\/nha-phat-hanh\/nxb-tre\/","menu_order":0,"post_type":"publisher","post_mime_type":"","comment_count":"0","filter":"raw"}},"_links":{"self":[{"href":"https:\/\/sachviet.eu\/en\/wp-json\/wp\/v2\/product\/14431","targetHints":{"allow":["GET"]}}],"collection":[{"href":"https:\/\/sachviet.eu\/en\/wp-json\/wp\/v2\/product"}],"about":[{"href":"https:\/\/sachviet.eu\/en\/wp-json\/wp\/v2\/types\/product"}],"wp:featuredmedia":[{"embeddable":true,"href":"https:\/\/sachviet.eu\/en\/wp-json\/wp\/v2\/media\/14420"}],"wp:attachment":[{"href":"https:\/\/sachviet.eu\/en\/wp-json\/wp\/v2\/media?parent=14431"}],"wp:term":[{"taxonomy":"product_brand","embeddable":true,"href":"https:\/\/sachviet.eu\/en\/wp-json\/wp\/v2\/product_brand?post=14431"},{"taxonomy":"product_cat","embeddable":true,"href":"https:\/\/sachviet.eu\/en\/wp-json\/wp\/v2\/product_cat?post=14431"},{"taxonomy":"product_tag","embeddable":true,"href":"https:\/\/sachviet.eu\/en\/wp-json\/wp\/v2\/product_tag?post=14431"}],"curies":[{"name":"wp","href":"https:\/\/api.w.org\/{rel}","templated":true}]}}