{"id":14419,"date":"2021-07-03T00:17:38","date_gmt":"2021-07-02T21:17:38","guid":{"rendered":"https:\/\/sachviet.eu\/shop\/phuong-phap-day-con-khong-don-roi\/"},"modified":"2022-02-08T21:40:16","modified_gmt":"2022-02-08T19:40:16","slug":"phuong-phap-day-con-khong-don-roi","status":"publish","type":"product","link":"https:\/\/sachviet.eu\/en\/shop\/phuong-phap-day-con-khong-don-roi\/","title":{"rendered":"Ph\u01b0\u01a1ng Ph\u00e1p D\u1ea1y Con Kh\u00f4ng \u0110\u00f2n Roi"},"content":{"rendered":"<p>Ph\u01b0\u01a1ng Ph\u00e1p D\u1ea1y Con Kh\u00f4ng \u0110\u00f2n Roi<\/p>\n<p>T\u00f3m t\u1eaft n\u1ed9i dung:<\/p>\n<p>C\u00f3 bao gi\u1edd b\u1ea1n t\u1ef1 h\u1ecfi m\u00ecnh, \u0111\u1eb7c bi\u1ec7t l\u00e0 sau m\u1ed7i cu\u1ed9c \u0111\u1ed1i tho\u1ea1i tuy\u1ec7t v\u1ecdng v\u1edbi b\u1ecdn tr\u1ebb, \u201cM\u00ecnh kh\u00f4ng th\u1ec3 l\u00e0m t\u1ed1t h\u01a1n \u0111\u01b0\u1ee3c sao? M\u00ecnh kh\u00f4ng th\u1ec3 c\u01b0 x\u1eed \u0111\u00fang m\u1ef1c h\u01a1n v\u00e0 l\u00e0 m\u1ed9t ng\u01b0\u1eddi cha m\u1eb9 c\u00f3 s\u1ee9c \u1ea3nh h\u01b0\u1edfng h\u01a1n \u01b0? M\u00ecnh kh\u00f4ng th\u1ec3 k\u1ef7 lu\u1eadt ch\u00fang theo h\u01b0\u1edbng l\u00e0m d\u1ecbu t\u00ecnh h\u00ecnh \u0111i thay v\u00ec l\u00e0m r\u1ed1i l\u00ean?\u201d B\u1ea1n mu\u1ed1n lo\u1ea1i b\u1ecf nh\u1eefng h\u00e0nh vi kh\u00f4ng t\u1ed1t, nh\u01b0ng b\u1ea1n mu\u1ed1n ph\u1ea3n \u1ee9ng theo c\u00e1ch s\u1ebd n\u00e2ng gi\u00e1 tr\u1ecb v\u00e0 th\u1eaft ch\u1eb7t t\u00ecnh c\u1ea3m v\u1edbi b\u1ecdn tr\u1ebb ch\u1ee9 kh\u00f4ng ph\u1ea3i \u0111i\u1ec1u ng\u01b0\u1ee3c l\u1ea1i. B\u1ea1n mu\u1ed1n \u00edt r\u1eafc r\u1ed1i \u0111i, ch\u1ee9 kh\u00f4ng nhi\u1ec1u h\u01a1n. Cu\u1ed1n s\u00e1ch n\u00e0y s\u1ebd gi\u00fap b\u1ea1n c\u00f3 th\u1ec3 k\u1ef7 lu\u1eadt tr\u1ebb theo h\u01b0\u1edbng \u0111\u1ec1 cao m\u1ed1i quan h\u1ec7 v\u00e0 s\u1ef1 t\u00f4n tr\u1ecdng, b\u1edbt r\u1eafc r\u1ed1i v\u00e0 tranh c\u00e3i \u2013 v\u00e0 trong qu\u00e1 tr\u00ecnh, b\u1ea1n c\u00f3 th\u1ec3 b\u1ed3i d\u01b0\u1ee1ng nh\u1eefng k\u1ef9 n\u0103ng x\u00e2y d\u1ef1ng m\u1ed1i quan h\u1ec7 t\u1ed1t v\u00e0 c\u1ea3i thi\u1ec7n kh\u1ea3 n\u0103ng \u0111\u01b0a ra quy\u1ebft \u0111\u1ecbnh \u0111\u00fang \u0111\u1eafn c\u1ee7a b\u1ecdn tr\u1ebb, bi\u1ebft suy ngh\u0129 \u0111\u1ebfn ng\u01b0\u1eddi kh\u00e1c, v\u00e0 chu\u1ea9n b\u1ecb h\u00e0nh trang cho ch\u00fang \u0111\u01b0\u1ee3c h\u1ea1nh ph\u00fac v\u00e0 th\u00e0nh c\u00f4ng su\u1ed1t cu\u1ed9c \u0111\u1eddi.<\/p>\n<p>Tr\u00edch d\u1eabn hay trong s\u00e1ch:<\/p>\n<p>M\u1ed1i quan h\u1ec7 v\u1edbi con c\u00e1i lu\u00f4n l\u00e0 trung t\u00e2m cho m\u1ecdi th\u1ee9 ch\u00fang ta l\u00e0m. B\u1ea5t k\u1ec3 ta \u0111ang ch\u01a1i v\u1edbi ch\u00fang, n\u00f3i chuy\u1ec7n hay c\u01b0\u1eddi c\u00f9ng v\u1edbi ch\u00fang, ho\u1eb7c th\u1eadm ch\u00ed k\u1ef7 lu\u1eadt ch\u00fang, ta c\u0169ng mu\u1ed1n b\u1ecdn tr\u1ebb c\u1ea3m nh\u1eadn \u0111\u01b0\u1ee3c m\u1ee9c \u0111\u1ed9 s\u00e2u s\u1eafc c\u1ee7a to\u00e0n b\u1ed9 t\u00ecnh y\u00eau th\u01b0\u01a1ng v\u00e0 thi\u1ec7n \u00fd c\u1ee7a ch\u00fang ta, d\u00f9 ch\u00fang ta \u0111ang c\u00f4ng nh\u1eadn m\u1ed9t h\u00e0nh \u0111\u1ed9ng t\u1eed t\u1ebf hay ch\u1ec9 ra h\u00e0nh vi sai tr\u00e1i.<\/p>\n","protected":false},"excerpt":{"rendered":"<p>C\u00f3 bao gi\u1edd b\u1ea1n t\u1ef1 h\u1ecfi m\u00ecnh, \u0111\u1eb7c bi\u1ec7t l\u00e0 sau m\u1ed7i cu\u1ed9c \u0111\u1ed1i tho\u1ea1i tuy\u1ec7t v\u1ecdng v\u1edbi b\u1ecdn tr\u1ebb, \u201cM\u00ecnh kh\u00f4ng th\u1ec3 l\u00e0m t\u1ed1t h\u01a1n \u0111\u01b0\u1ee3c sao? M\u00ecnh kh\u00f4ng th\u1ec3 c\u01b0 x\u1eed \u0111\u00fang m\u1ef1c h\u01a1n v\u00e0 l\u00e0 m\u1ed9t ng\u01b0\u1eddi cha m\u1eb9 c\u00f3 s\u1ee9c \u1ea3nh h\u01b0\u1edfng h\u01a1n \u01b0? M\u00ecnh kh\u00f4ng th\u1ec3 k\u1ef7 lu\u1eadt ch\u00fang theo h\u01b0\u1edbng l\u00e0m d\u1ecbu t\u00ecnh h\u00ecnh \u0111i thay v\u00ec l\u00e0m r\u1ed1i l\u00ean?\u201d B\u1ea1n mu\u1ed1n lo\u1ea1i b\u1ecf nh\u1eefng h\u00e0nh vi kh\u00f4ng t\u1ed1t, nh\u01b0ng b\u1ea1n mu\u1ed1n ph\u1ea3n \u1ee9ng theo c\u00e1ch s\u1ebd n\u00e2ng gi\u00e1 tr\u1ecb v\u00e0 th\u1eaft ch\u1eb7t t\u00ecnh c\u1ea3m v\u1edbi b\u1ecdn tr\u1ebb ch\u1ee9 kh\u00f4ng ph\u1ea3i \u0111i\u1ec1u ng\u01b0\u1ee3c l\u1ea1i. B\u1ea1n mu\u1ed1n \u00edt r\u1eafc r\u1ed1i \u0111i, ch\u1ee9 kh\u00f4ng nhi\u1ec1u h\u01a1n. Cu\u1ed1n s\u00e1ch n\u00e0y s\u1ebd gi\u00fap b\u1ea1n c\u00f3 th\u1ec3 k\u1ef7 lu\u1eadt tr\u1ebb theo h\u01b0\u1edbng \u0111\u1ec1 cao m\u1ed1i quan h\u1ec7 v\u00e0 s\u1ef1 t\u00f4n tr\u1ecdng, b\u1edbt r\u1eafc r\u1ed1i v\u00e0 tranh c\u00e3i \u2013 v\u00e0 trong qu\u00e1 tr\u00ecnh, b\u1ea1n c\u00f3 th\u1ec3 b\u1ed3i d\u01b0\u1ee1ng nh\u1eefng k\u1ef9 n\u0103ng x\u00e2y d\u1ef1ng m\u1ed1i quan h\u1ec7 t\u1ed1t v\u00e0 c\u1ea3i thi\u1ec7n kh\u1ea3 n\u0103ng \u0111\u01b0a ra quy\u1ebft \u0111\u1ecbnh \u0111\u00fang \u0111\u1eafn c\u1ee7a b\u1ecdn tr\u1ebb, bi\u1ebft suy ngh\u0129 \u0111\u1ebfn ng\u01b0\u1eddi kh\u00e1c, v\u00e0 chu\u1ea9n b\u1ecb h\u00e0nh trang cho ch\u00fang \u0111\u01b0\u1ee3c h\u1ea1nh ph\u00fac v\u00e0 th\u00e0nh c\u00f4ng su\u1ed1t cu\u1ed9c \u0111\u1eddi.<\/p>\n","protected":false},"featured_media":14413,"template":"","meta":{"_acf_changed":false},"product_brand":[],"product_cat":[19],"product_tag":[],"class_list":{"0":"post-14419","1":"product","2":"type-product","3":"status-publish","4":"has-post-thumbnail","6":"product_cat-nuoi-day-con","8":"first","9":"instock","10":"taxable","11":"shipping-taxable","12":"purchasable","13":"product-type-simple"},"supplier_id":null,"supplier_sku":"","barcode":null,"atum_controlled":true,"out_stock_date":null,"out_stock_threshold":null,"inheritable":false,"inbound_stock":0,"stock_on_hold":0,"sold_today":0,"sales_last_days":0,"reserved_stock":0,"customer_returns":0,"warehouse_damage":0,"lost_in_post":0,"other_logs":0,"out_stock_days":0,"lost_sales":0,"has_location":false,"update_date":"2026-01-28T23:10:55","atum_locations":[],"atum_stock_status":"instock","restock_status":false,"low_stock_amount":"","sales_update_date":"2026-01-28T23:10:55","calc_backorders":null,"acf":{"publisher":{"ID":4030,"post_author":"1","post_date":"2021-03-02 03:51:27","post_date_gmt":"2021-03-02 01:51:27","post_content":"","post_title":"1980 Books","post_excerpt":"","post_status":"publish","comment_status":"closed","ping_status":"closed","post_password":"","post_name":"1980-books","to_ping":"","pinged":"","post_modified":"2021-03-02 03:51:27","post_modified_gmt":"2021-03-02 01:51:27","post_content_filtered":"","post_parent":0,"guid":"https:\/\/sachviet.eu\/nha-phat-hanh\/1980-books\/","menu_order":0,"post_type":"publisher","post_mime_type":"","comment_count":"0","filter":"raw"}},"_links":{"self":[{"href":"https:\/\/sachviet.eu\/en\/wp-json\/wp\/v2\/product\/14419","targetHints":{"allow":["GET"]}}],"collection":[{"href":"https:\/\/sachviet.eu\/en\/wp-json\/wp\/v2\/product"}],"about":[{"href":"https:\/\/sachviet.eu\/en\/wp-json\/wp\/v2\/types\/product"}],"wp:featuredmedia":[{"embeddable":true,"href":"https:\/\/sachviet.eu\/en\/wp-json\/wp\/v2\/media\/14413"}],"wp:attachment":[{"href":"https:\/\/sachviet.eu\/en\/wp-json\/wp\/v2\/media?parent=14419"}],"wp:term":[{"taxonomy":"product_brand","embeddable":true,"href":"https:\/\/sachviet.eu\/en\/wp-json\/wp\/v2\/product_brand?post=14419"},{"taxonomy":"product_cat","embeddable":true,"href":"https:\/\/sachviet.eu\/en\/wp-json\/wp\/v2\/product_cat?post=14419"},{"taxonomy":"product_tag","embeddable":true,"href":"https:\/\/sachviet.eu\/en\/wp-json\/wp\/v2\/product_tag?post=14419"}],"curies":[{"name":"wp","href":"https:\/\/api.w.org\/{rel}","templated":true}]}}