{"id":14400,"date":"2021-07-03T00:16:23","date_gmt":"2021-07-02T21:16:23","guid":{"rendered":"https:\/\/sachviet.eu\/shop\/tu-sach-be-vao-lop-1-vo-tap-viet-chu-cai-viet-thuong-tron-bo-2-quyen\/"},"modified":"2021-07-22T23:25:20","modified_gmt":"2021-07-22T20:25:20","slug":"tu-sach-be-vao-lop-1-vo-tap-viet-chu-cai-viet-thuong-tron-bo-2-quyen","status":"publish","type":"product","link":"https:\/\/sachviet.eu\/en\/shop\/tu-sach-be-vao-lop-1-vo-tap-viet-chu-cai-viet-thuong-tron-bo-2-quyen\/","title":{"rendered":"T\u1ee7 S\u00e1ch B\u00e9 V\u00e0o L\u1edbp 1 &#8211; V\u1edf T\u1eadp Vi\u1ebft Ch\u1eef C\u00e1i Vi\u1ebft Th\u01b0\u1eddng &#8211; Tr\u1ecdn b\u1ed9 2 quy\u1ec3n"},"content":{"rendered":"<p>B\u00e9 T\u1eadp T\u00f4 N\u00e9t C\u01a1 B\u1ea3n &#8211; D\u00e0nh Cho B\u00e9 4-5 Tu\u1ed5i<br \/>\nGi\u00fap c\u00e1c b\u00e9 chu\u1ea9n b\u1ecb v\u00e0o l\u1edbp 1 l\u00e0m quen v\u1edbi ch\u01b0\u01a1ng tr\u00ecnh h\u1ecdc ti\u1ec3u h\u1ecdc.<\/p>\n<p>N\u1ed9i dung g\u1ea7n g\u0169i v\u1edbi ch\u01b0\u01a1ng tr\u00ecnh gi\u00e1o khoa v\u00e0 h\u00ecnh minh h\u1ecda sinh \u0111\u1ed9ng, b\u1ed9 s\u00e1ch s\u1ebd gi\u00fap c\u00e1c b\u1eadc cha m\u1eb9 r\u00e8n luy\u1ec7n cho con tr\u1ebb nh\u1eefng n\u00e9t ch\u1eef \u0111\u1ea7u ti\u00ean m\u1ed9t c\u00e1ch hi\u1ec7u qu\u1ea3. \u0110\u1ec3 chu\u1ea9n b\u1ecb v\u00e0o l\u1edbp m\u1ed9t, c\u00e1c em c\u1ea7n l\u00e0m quen v\u00e0 s\u1eed d\u1ee5ng th\u00e0nh th\u1ee5c v\u1edbi c\u00e1c ch\u1eef c\u00e1i, c\u00e1c con s\u1ed1 t\u1eeb 1 \u0111\u1ebfn 10, v\u00e0 b\u01b0\u1edbc \u0111\u1ea7u bi\u1ebft vi\u1ebft v\u00e0 gh\u00e9p v\u1ea7n nh\u1eefng ch\u1eef c\u01a1 b\u1ea3n.<\/p>\n","protected":false},"excerpt":{"rendered":"<p>B\u00e9 T\u1eadp T\u00f4 N\u00e9t C\u01a1 B\u1ea3n &#8211; D\u00e0nh Cho B\u00e9 4-5 Tu\u1ed5i<br \/>\nGi\u00fap c\u00e1c b\u00e9 chu\u1ea9n b\u1ecb v\u00e0o l\u1edbp 1 l\u00e0m quen v\u1edbi ch\u01b0\u01a1ng tr\u00ecnh h\u1ecdc ti\u1ec3u h\u1ecdc.<\/p>\n<p>N\u1ed9i dung g\u1ea7n g\u0169i v\u1edbi ch\u01b0\u01a1ng tr\u00ecnh gi\u00e1o khoa v\u00e0 h\u00ecnh minh h\u1ecda sinh \u0111\u1ed9ng, b\u1ed9 s\u00e1ch s\u1ebd gi\u00fap c\u00e1c b\u1eadc cha m\u1eb9 r\u00e8n luy\u1ec7n cho con tr\u1ebb nh\u1eefng n\u00e9t ch\u1eef \u0111\u1ea7u ti\u00ean m\u1ed9t c\u00e1ch hi\u1ec7u qu\u1ea3. \u0110\u1ec3 chu\u1ea9n b\u1ecb v\u00e0o l\u1edbp m\u1ed9t, c\u00e1c em c\u1ea7n l\u00e0m quen v\u00e0 s\u1eed d\u1ee5ng th\u00e0nh th\u1ee5c v\u1edbi c\u00e1c ch\u1eef c\u00e1i, c\u00e1c con s\u1ed1 t\u1eeb 1 \u0111\u1ebfn 10, v\u00e0 b\u01b0\u1edbc \u0111\u1ea7u bi\u1ebft vi\u1ebft v\u00e0 gh\u00e9p v\u1ea7n nh\u1eefng ch\u1eef c\u01a1 b\u1ea3n.<\/p>\n","protected":false},"featured_media":14398,"template":"","meta":{"_acf_changed":false},"product_brand":[],"product_cat":[20],"product_tag":[],"class_list":{"0":"post-14400","1":"product","2":"type-product","3":"status-publish","4":"has-post-thumbnail","6":"product_cat-be-vua-hoc-vua-choi","8":"first","9":"outofstock","10":"taxable","11":"shipping-taxable","12":"purchasable","13":"product-type-simple"},"supplier_id":null,"supplier_sku":"","barcode":null,"atum_controlled":true,"out_stock_date":"2021-07-22 20:25:20","out_stock_threshold":null,"inheritable":false,"inbound_stock":0,"stock_on_hold":0,"sold_today":0,"sales_last_days":0,"reserved_stock":0,"customer_returns":0,"warehouse_damage":0,"lost_in_post":0,"other_logs":0,"out_stock_days":1651,"lost_sales":941,"has_location":false,"update_date":"2026-01-28T23:10:55","atum_locations":[],"atum_stock_status":"outofstock","restock_status":false,"low_stock_amount":"","sales_update_date":"2026-01-28T23:10:55","calc_backorders":null,"acf":{"publisher":{"ID":9667,"post_author":"1","post_date":"2021-06-02 01:30:53","post_date_gmt":"2021-06-01 22:30:53","post_content":"","post_title":"Minh Long","post_excerpt":"","post_status":"publish","comment_status":"closed","ping_status":"closed","post_password":"","post_name":"minh-long","to_ping":"","pinged":"","post_modified":"2021-06-02 01:30:53","post_modified_gmt":"2021-06-01 22:30:53","post_content_filtered":"","post_parent":0,"guid":"https:\/\/sachviet.eu\/nha-phat-hanh\/minh-long\/","menu_order":0,"post_type":"publisher","post_mime_type":"","comment_count":"0","filter":"raw"}},"_links":{"self":[{"href":"https:\/\/sachviet.eu\/en\/wp-json\/wp\/v2\/product\/14400","targetHints":{"allow":["GET"]}}],"collection":[{"href":"https:\/\/sachviet.eu\/en\/wp-json\/wp\/v2\/product"}],"about":[{"href":"https:\/\/sachviet.eu\/en\/wp-json\/wp\/v2\/types\/product"}],"wp:featuredmedia":[{"embeddable":true,"href":"https:\/\/sachviet.eu\/en\/wp-json\/wp\/v2\/media\/14398"}],"wp:attachment":[{"href":"https:\/\/sachviet.eu\/en\/wp-json\/wp\/v2\/media?parent=14400"}],"wp:term":[{"taxonomy":"product_brand","embeddable":true,"href":"https:\/\/sachviet.eu\/en\/wp-json\/wp\/v2\/product_brand?post=14400"},{"taxonomy":"product_cat","embeddable":true,"href":"https:\/\/sachviet.eu\/en\/wp-json\/wp\/v2\/product_cat?post=14400"},{"taxonomy":"product_tag","embeddable":true,"href":"https:\/\/sachviet.eu\/en\/wp-json\/wp\/v2\/product_tag?post=14400"}],"curies":[{"name":"wp","href":"https:\/\/api.w.org\/{rel}","templated":true}]}}