{"id":144,"date":"2021-02-11T20:14:24","date_gmt":"2021-02-11T18:14:24","guid":{"rendered":"https:\/\/sachviet.eu\/?post_type=product&#038;p=144"},"modified":"2023-07-28T21:03:27","modified_gmt":"2023-07-28T18:03:27","slug":"buoc-cham-lai-giua-the-gian-voi-va","status":"publish","type":"product","link":"https:\/\/sachviet.eu\/en\/shop\/buoc-cham-lai-giua-the-gian-voi-va\/","title":{"rendered":"B\u01b0\u1edbc ch\u1eadm l\u1ea1i gi\u1eefa th\u1ebf gian v\u1ed9i v\u00e3"},"content":{"rendered":"<div class=\"row\"  id=\"row-606553005\">\n\n\t<div id=\"col-1466812897\" class=\"col small-12 large-12\"  >\n\t\t<div class=\"col-inner\"  >\n\t\t\t\n\t\t\t\n<p><strong>B\u01b0\u1edbc ch\u1eadm l\u1ea1i gi\u1eefa th\u1ebf gian v\u1ed9i v\u00e3<\/strong> l\u00e0 m\u1ed9t cu\u1ed1n s\u00e1ch \u0111\u1ea7y t\u00ecnh nh\u00e2n v\u0103n n\u00f3i v\u1ec1 c\u00e1i nh\u00ecn v\u00e0 c\u1ea3m nh\u1eadn c\u1ee7a \u0111\u1ea1i \u0111\u1ee9c Hae Min (m\u1ed9t trong nh\u1eefng ng\u01b0\u1eddi c\u00f3 \u1ea3nh h\u01b0\u1edfng r\u1ea5t l\u1edbn \u0111\u1ebfn gi\u1edbi tr\u1ebb H\u00e0n Qu\u1ed1c) n\u00f3i v\u1ec1 nh\u1eefng \u0111i\u1ec1u trong cu\u1ed9c s\u1ed1ng nh\u01b0 l\u00e0 t\u01b0\u01a1ng lai, t\u00ecnh y\u00eau, nh\u1eefng m\u1ed1i quan h\u1ec7, nhi\u1ec7t huy\u1ebft, &#8230; Quy\u1ec3n s\u00e1ch n\u00e0y l\u1ea7n \u0111\u1ea7u ti\u00ean xu\u1ea5t b\u1ea3n v\u00e0o n\u0103m 2012 v\u00e0 nhanh ch\u00f3ng tr\u1edf th\u00e0nh m\u1ed9t trong nh\u1eefng quy\u1ec3n s\u00e1ch \u0111\u01b0\u1ee3c nhi\u1ec1u ng\u01b0\u1eddi y\u00eau th\u00edch v\u00e0 b\u00e1n ch\u1ea1y nh\u1ea5t \u1edf H\u00e0n Qu\u1ed1c.<br \/>\n\u0110\u00e2y l\u00e0 cu\u1ed1n s\u00e1ch th\u1ef1c s\u1ef1 th\u00edch h\u1ee3p v\u1edbi nh\u1eefng ng\u01b0\u1eddi lu\u00f4n t\u1ea5t b\u1eadt, v\u1ed9i v\u1ea3 tr\u00ean d\u00f2ng \u0111\u1eddi, ch\u1ea1y \u0111ua v\u1edbi c\u00f4ng vi\u1ec7c, v\u1edbi th\u1eddi gian m\u00e0 qu\u00ean m\u1ea5t \u0111i b\u1ea3n th\u00e2n, nh\u1eefng m\u1ed7i quan h\u1ec7 xung quanh v\u00e0 nh\u1eefng \u0111i\u1ec1u t\u1ed1t \u0111\u1eb9p trong cu\u1ed9c s\u1ed1ng.<\/p>\n<p>\u201cChen vai th\u00edch c\u00e1nh \u0111\u1ec3 c\u00f3 m\u1ed9t ch\u1ed7 b\u00e1m tr\u00ean xe bu\u00fdt gi\u1edd \u0111i l\u00e0m, nh\u00edch t\u1eebng xentim\u00e9t b\u00e1nh xe tr\u00ean \u0111\u01b0\u1eddng l\u00fac tan s\u1edf, quay cu\u1ed3ng v\u1edbi thi c\u1eed v\u00e0 ti\u1ebfn \u0111\u1ed9 c\u00f4ng vi\u1ec7c, lu b\u00f9 v\u01b0\u1edbng m\u1eafc trong nh\u1eefng m\u1ed1i quan h\u1ec7 c\u1ea3 th\u00e2n l\u1eabn s\u01a1\u2026 b\u1ea1n c\u00f3 lu\u00f4n c\u1ea3m th\u1ea5y th\u1ebf gian xung quanh m\u00ecnh \u0111ang xoay chuy\u1ec3n qu\u00e1 v\u1ed9i v\u00e0ng?<br \/>\nN\u1ebfu c\u00f3 th\u1ec3, h\u00e3y t\u1ea1m d\u1eebng m\u1ed9t b\u01b0\u1edbc.\u201d<\/p>\n<p>Ngay t\u1eeb nh\u1eefng d\u00f2ng \u0111\u1ea7u ti\u00ean c\u1ee7a cu\u1ed1n s\u00e1ch \u0111\u00e3 mang \u0111\u1ebfn cho ng\u01b0\u1eddi \u0111\u1ecdc s\u1ef1 \u1ea5n t\u01b0\u1ee3ng v\u1ec1 t\u1eebng c\u00e2u, t\u1eebng ch\u1eef, n\u00f3 \u0111\u01a1n gi\u1ea3n, b\u00ecnh d\u1ecb nh\u01b0ng l\u1ea1i \u0111\u1ea7y s\u00e2u s\u1eafc l\u00e0m cho ng\u01b0\u1eddi \u0111\u1ecdc c\u1ea3m gi\u00e1c mu\u1ed1n \u0111\u01b0\u1ee3c ngh\u1ec9 ng\u01a1i v\u00e0 t\u00ecm ngay cho m\u00ecnh m\u1ed9t \u0111i\u1ec3m t\u1ef1a an y\u00ean.<\/p>\n<p>B\u01b0\u1edbc ch\u1eadm l\u1ea1i gi\u1eefa th\u1ebf gian v\u00f4i v\u00e3 \u0111\u01b0\u1ee3c chia th\u00e0nh 8 ch\u01b0\u01a1ng v\u1edbi 8 ch\u1ee7 \u0111\u1ec1 r\u1ea5t g\u1ea7n g\u0169i v\u00e0 quen thu\u1ed9c \u0111\u1ed1i v\u1edbi m\u1ed7i ng\u01b0\u1eddi ch\u00fang ta trong cu\u1ed9c s\u1ed1ng, \u0111\u00f3 l\u00e0:<\/p>\n<p>Ch\u01b0\u01a1ng 1: Ngh\u1ec9 ng\u01a1i<br \/>\nCh\u01b0\u01a1ng 2: Nh\u1eefng m\u1ed1i quan h\u1ec7<br \/>\nCh\u01b0\u01a1ng 3: T\u01b0\u01a1ng lai<br \/>\nCh\u01b0\u01a1ng 4: Cu\u1ed9c s\u1ed1ng<br \/>\nCh\u01b0\u01a1ng 5: T\u00ecnh y\u00eau<br \/>\nCh\u01b0\u01a1ng 6: Tu h\u00e0nh<br \/>\nCh\u01b0\u01a1ng 7: Nhi\u1ec7t huy\u1ebft<br \/>\nCh\u01b0\u01a1ng 8: T\u00f4n gi\u00e1o<\/p>\n<p>T\u1ea5t c\u1ea3 8 ch\u01b0\u01a1ng n\u00e0y \u0111\u1ec1u mang \u0111\u1ebfn cho ng\u01b0\u1eddi \u0111\u1ecdc nh\u1eefng b\u00e0i h\u1ecdc \u00fd ngh\u0129a s\u00e2u s\u1eafc v\u1ec1 cu\u1ed9c s\u1ed1ng. T\u1eebng c\u00e2u, t\u1eebng ch\u1eef ch\u00e2n th\u1eadt m\u00e0 t\u00e1c gi\u1ea3 vi\u1ebft ra \u0111\u1ec1u nh\u01b0 l\u00e0 l\u1eddi t\u00e2m s\u1ef1, l\u1eddi chia s\u1ebd ch\u00e2n th\u00e0nh v\u00e0 l\u00e0 l\u1eddi khuy\u00ean \u0111\u00fang \u0111\u1eafn gi\u00fap ch\u00fang ta c\u00f3 th\u1ec3 t\u1ef1 v\u01b0\u1ee3t qua \u0111\u01b0\u1ee3c nh\u1eefng kh\u00f3 kh\u0103n v\u00e0 th\u1eed th\u00e1ch trong cu\u1ed9c s\u1ed1ng.<\/p>\n\t\t<\/div>\n\t\t\t<\/div>\n\n\t\n<\/div>\n  <div class=\"banner-grid-wrapper\">\n  <div id=\"banner-grid-93657750\" class=\"banner-grid row row-grid row-small\" data-packery-options=\"\">\n                      \n<div class=\"col grid-col large-8 grid-col-1\" ><div class=\"col-inner\">\n\t<div class=\"img has-hover x md-x lg-x y md-y lg-y\" id=\"image_1428094406\">\n\t\t\t\t\t\t\t\t<div class=\"img-inner dark\" >\n\t\t\t<img loading=\"lazy\" decoding=\"async\" width=\"600\" height=\"400\" src=\"https:\/\/sachviet.eu\/wp-content\/uploads\/2021\/02\/Buoc_cham_lai-giua-the-gian-voi-va-1_600x400.jpg\" class=\"attachment-large size-large\" alt=\"\" srcset=\"https:\/\/sachviet.eu\/wp-content\/uploads\/2021\/02\/Buoc_cham_lai-giua-the-gian-voi-va-1_600x400.jpg 600w, https:\/\/sachviet.eu\/wp-content\/uploads\/2021\/02\/Buoc_cham_lai-giua-the-gian-voi-va-1_600x400-300x200.jpg 300w\" sizes=\"auto, (max-width: 600px) 100vw, 600px\" \/>\t\t\t\t\t\t\n\t\t\t\t\t<\/div>\n\t\t\t\t\t\t\t\t\n<style>\n#image_1428094406 {\n  width: 100%;\n}\n<\/style>\n\t<\/div>\n\t\n<\/div><\/div>\n<div class=\"col grid-col large-4 grid-col-1-2\" ><div class=\"col-inner\">\n\t<div class=\"img has-hover x md-x lg-x y md-y lg-y\" id=\"image_977257727\">\n\t\t\t\t\t\t\t\t<div class=\"img-inner dark\" >\n\t\t\t<img loading=\"lazy\" decoding=\"async\" width=\"768\" height=\"1024\" src=\"https:\/\/sachviet.eu\/wp-content\/uploads\/2021\/02\/124bf82c991546e8acc6376749791cc2-768x1024.jpg\" class=\"attachment-large size-large\" alt=\"\" srcset=\"https:\/\/sachviet.eu\/wp-content\/uploads\/2021\/02\/124bf82c991546e8acc6376749791cc2-768x1024.jpg 768w, https:\/\/sachviet.eu\/wp-content\/uploads\/2021\/02\/124bf82c991546e8acc6376749791cc2-225x300.jpg 225w, https:\/\/sachviet.eu\/wp-content\/uploads\/2021\/02\/124bf82c991546e8acc6376749791cc2-600x800.jpg 600w, https:\/\/sachviet.eu\/wp-content\/uploads\/2021\/02\/124bf82c991546e8acc6376749791cc2.jpg 1080w\" sizes=\"auto, (max-width: 768px) 100vw, 768px\" \/>\t\t\t\t\t\t\n\t\t\t\t\t<\/div>\n\t\t\t\t\t\t\t\t\n<style>\n#image_977257727 {\n  width: 100%;\n}\n<\/style>\n\t<\/div>\n\t\n<\/div><\/div>\n<div class=\"col grid-col large-4 grid-col-1-2\" ><div class=\"col-inner\">\n\t<div class=\"img has-hover x md-x lg-x y md-y lg-y\" id=\"image_664889211\">\n\t\t\t\t\t\t\t\t<div class=\"img-inner dark\" >\n\t\t\t<img loading=\"lazy\" decoding=\"async\" width=\"1020\" height=\"1020\" src=\"https:\/\/sachviet.eu\/wp-content\/uploads\/2021\/02\/buoc-cham-lai-giua-the-gian-voi-va-3-1024x1024.jpg\" class=\"attachment-large size-large\" alt=\"\" srcset=\"https:\/\/sachviet.eu\/wp-content\/uploads\/2021\/02\/buoc-cham-lai-giua-the-gian-voi-va-3-1024x1024.jpg 1024w, https:\/\/sachviet.eu\/wp-content\/uploads\/2021\/02\/buoc-cham-lai-giua-the-gian-voi-va-3-300x300.jpg 300w, https:\/\/sachviet.eu\/wp-content\/uploads\/2021\/02\/buoc-cham-lai-giua-the-gian-voi-va-3-150x150.jpg 150w, https:\/\/sachviet.eu\/wp-content\/uploads\/2021\/02\/buoc-cham-lai-giua-the-gian-voi-va-3-768x768.jpg 768w, https:\/\/sachviet.eu\/wp-content\/uploads\/2021\/02\/buoc-cham-lai-giua-the-gian-voi-va-3-1536x1536.jpg 1536w, https:\/\/sachviet.eu\/wp-content\/uploads\/2021\/02\/buoc-cham-lai-giua-the-gian-voi-va-3-2048x2048.jpg 2048w, https:\/\/sachviet.eu\/wp-content\/uploads\/2021\/02\/buoc-cham-lai-giua-the-gian-voi-va-3-600x600.jpg 600w, https:\/\/sachviet.eu\/wp-content\/uploads\/2021\/02\/buoc-cham-lai-giua-the-gian-voi-va-3-100x100.jpg 100w\" sizes=\"auto, (max-width: 1020px) 100vw, 1020px\" \/>\t\t\t\t\t\t\n\t\t\t\t\t<\/div>\n\t\t\t\t\t\t\t\t\n<style>\n#image_664889211 {\n  width: 100%;\n}\n<\/style>\n\t<\/div>\n\t\n<\/div><\/div>\n            <\/div>\n    <style>\n    #banner-grid-93657750 .grid-col-1{height: 600px}\n    #banner-grid-93657750 .grid-col-1-2{height: 300px}\n    #banner-grid-93657750 .grid-col-1-3{height:200px}\n    #banner-grid-93657750 .grid-col-2-3{height: 400px}\n    #banner-grid-93657750 .grid-col-1-4{height: 150px}\n    #banner-grid-93657750 .grid-col-3-4{height: 450px}\n\n\n    \n    \n\n  <\/style>\n    <\/div>\n  \n","protected":false},"excerpt":{"rendered":"<p>Cu\u1ed9c s\u1ed1ng ng\u00e0y c\u00e0ng v\u1ed9i v\u00e3, con ng\u01b0\u1eddi quay cu\u1ed3ng v\u1edbi ti\u1ebfn \u0111\u1ed9 c\u00f4ng vi\u1ec7c, v\u1edbi nh\u1eefng n\u1ed7i lo toan trong cu\u1ed9c s\u1ed1ng khi\u1ebfn h\u1ecd qu\u00ean \u0111i th\u1eddi gian ngh\u1ec9 ng\u01a1i va ch\u0103m s\u00f3c cho b\u1ea3n th\u00e2n m\u00ecnh. \u201cB\u01b0\u1edbc ch\u1eadm l\u1ea1i gi\u1eefa th\u1ebf gian v\u00f4i v\u00e3\u201d l\u00e0 cu\u1ed1n s\u00e1ch c\u1ee7a t\u00e1c gi\u1ea3 Hae Min s\u1ebd khi\u1ebfn nh\u1eefng ng\u01b0\u1eddi lu\u00f4n t\u1ea5t b\u1eadt v\u1edbi nh\u1ecbp s\u1ed1ng hi\u1ec7n \u0111\u1ea1i h\u1ed1i h\u1ea3 c\u1ea3m th\u1ea5y t\u00e2m tr\u00ed m\u00ecnh c\u1ea7n \u0111\u01b0\u1ee3c ngh\u1ec9 ng\u01a1i l\u1ea1i m\u1ed9t ch\u00fat gi\u01b0\u00e3 nh\u1eefng c\u0103ng th\u1eb1ng, m\u1ec7t m\u1ecfi v\u00e0 b\u1ed9n b\u1ec1 lo toan c\u1ee7a cu\u1ed9c s\u1ed1ng.<\/p>\n<p><strong>T\u00e1c gi\u1ea3: Hae Min<\/strong><\/p>\n<p>C\u00f4ng ty ph\u00e1t h\u00e0nh: Nh\u00e3 Nam<\/p>\n","protected":false},"featured_media":254,"template":"","meta":{"_acf_changed":false},"product_brand":[],"product_cat":[15,46],"product_tag":[],"class_list":{"0":"post-144","1":"product","2":"type-product","3":"status-publish","4":"has-post-thumbnail","6":"product_cat-sach-danh-cho-nguoi-lon","7":"product_cat-ky-nang-song","9":"first","10":"outofstock","11":"taxable","12":"shipping-taxable","13":"purchasable","14":"product-type-simple"},"supplier_id":null,"supplier_sku":"","barcode":null,"atum_controlled":true,"out_stock_date":"2023-07-28 18:03:27","out_stock_threshold":null,"inheritable":false,"inbound_stock":0,"stock_on_hold":0,"sold_today":0,"sales_last_days":0,"reserved_stock":0,"customer_returns":0,"warehouse_damage":0,"lost_in_post":0,"other_logs":0,"out_stock_days":915,"lost_sales":0,"has_location":false,"update_date":"2026-01-28T23:10:29","atum_locations":[],"atum_stock_status":"outofstock","restock_status":false,"low_stock_amount":"","sales_update_date":"2026-01-28T23:10:29","calc_backorders":null,"acf":{"publisher":{"ID":1424,"post_author":"1","post_date":"2021-02-17 00:02:29","post_date_gmt":"2021-02-16 22:02:29","post_content":"<!-- wp:flatsome\/uxbuilder -->\n<h1 style=\"text-align: center\"><strong>Nh\u00e3 Nam<\/strong><\/h1>\n[row]\n\n[col span=\"6\" span__sm=\"12\"]\n\n[ux_image id=\"1438\" image_size=\"medium\"]\n\n\n[\/col]\n[col span=\"6\" span__sm=\"12\"]\n\n<p><strong>C\u00f4ng ty c\u1ed5 ph\u1ea7n V\u0103n h\u00f3a v\u00e0 Truy\u1ec1n th\u00f4ng Nh\u00e3 Nam<\/strong><\/p>\n<p>Th\u00e1ng 2 n\u0103m 2005, Nh\u00e3 Nam, t\u00ean \u0111\u1ea7y \u0111\u1ee7 l\u00e0 C\u00f4ng ty C\u1ed5 ph\u1ea7n V\u0103n h\u00f3a v\u00e0 Truy\u1ec1n th\u00f4ng Nh\u00e3 Nam \u0111\u00e3 gia nh\u1eadp th\u1ecb tr\u01b0\u1eddng s\u00e1ch. T\u00e1c ph\u1ea9m \"Balzac v\u00e0 c\u00f4 b\u00e9 th\u1ee3 may Trung hoa\" c\u1ee7a \u0110\u1edbi T\u01b0 Ki\u1ec7t l\u00e0 cu\u1ed1n s\u00e1ch \u0111\u1ea7u ti\u00ean \u0111\u01b0\u1ee3c nh\u1eefng ng\u01b0\u1eddi s\u00e1ng l\u1eadp Nh\u00e3 Nam xu\u1ea5t b\u1ea3n c\u1ea3 tr\u01b0\u1edbc khi c\u00f4ng ty ra \u0111\u1eddi. Ngay l\u1eadp t\u1ee9c t\u1eeb cu\u1ed1n s\u00e1ch \u0111\u1ea7u ti\u00ean, \u0111\u1ed9c gi\u1ea3 \u0111\u00e3 d\u00e0nh s\u1ef1 quan t\u00e2m v\u00e0 y\u00eau m\u1ebfn cho m\u1ed9t th\u01b0\u01a1ng hi\u1ec7u s\u00e1ch m\u1edbi m\u1ebb mang trong m\u00ecnh kh\u00e1t v\u1ecdng g\u00f3p ph\u1ea7n t\u1ea1o l\u1eadp di\u1ec7n m\u1ea1o m\u1edbi cho xu\u1ea5t b\u1ea3n v\u0103n h\u1ecdc t\u1ea1i Vi\u1ec7t Nam.<\/p>\n<p>L\u00f2ng say m\u00ea c\u1ee7a \u0111\u1ed9i ng\u0169 l\u00e0 vi\u00ean \u0111\u00e1 \u0111\u1ea7u ti\u00ean. Tr\u1ea3i qua m\u1ea5y n\u0103m ph\u00e1t tri\u1ec3n, Nh\u00e3 Nam \u0111\u00e3 \u0111\u01b0\u1ee3c x\u00e2y d\u1ef1ng d\u1ea7n l\u00ean trong di\u1ec7n m\u1ea1o m\u1ed9t nh\u00e0 xu\u1ea5t b\u1ea3n v\u1eefng ch\u00e3i v\u00e0 chuy\u00ean nghi\u1ec7p. S\u00e1u th\u00e1ng sau khi th\u00e0nh l\u1eadp c\u00f4ng ty, Nh\u1eadt k\u00fd \u0110\u1eb7ng Th\u00f9y Tr\u00e2m ra \u0111\u1eddi, t\u1ea1o n\u00ean m\u1ed9t c\u01a1n s\u1ed1t trong x\u00e3 h\u1ed9i, v\u1edbi g\u1ea7n 500,000 b\u1ea3n s\u00e1ch \u0111\u01b0\u1ee3c ph\u00e1t h\u00e0nh, ph\u00e1 m\u1ecdi k\u1ef7 l\u1ee5c v\u1ec1 xu\u1ea5t b\u1ea3n tr\u01b0\u1edbc \u0111\u00f3, k\u00e9o theo m\u1ed9t lo\u1ea1t nh\u1eefng hi\u1ec7u \u1ee9ng x\u00e3 h\u1ed9i v\u00e0 d\u01b0 lu\u1eadn c\u00f3 \u00fd ngh\u0129a. T\u1eeb \u0111\u00f3 tr\u1edf \u0111i, th\u00f4ng qua Nh\u00e3 Nam, c\u00e1c cu\u1ed1n s\u00e1ch v\u0103n h\u1ecdc n\u01b0\u1edbc ngo\u00e0i c\u00f3 gi\u00e1 tr\u1ecb \u0111\u01b0\u1ee3c li\u00ean t\u1ee5c mua b\u1ea3n quy\u1ec1n v\u00e0 xu\u1ea5t b\u1ea3n t\u1ea1i Vi\u1ec7t Nam, thu h\u00fat nhi\u1ec1u t\u1ea7ng l\u1edbp \u0111\u1ed9c gi\u1ea3. S\u00e1ch c\u1ee7a Nh\u00e3 Nam n\u1ed5i b\u1eadt b\u1edfi n\u1ed9i dung v\u0103n h\u1ecdc tinh t\u1ebf, b\u1edfi v\u1ebb \u0111\u1eb9p c\u1ee7a thi\u1ebft k\u1ebf hi\u1ec7n \u0111\u1ea1i \u1edf h\u00ecnh th\u1ee9c, b\u1edfi s\u1ef1 ch\u0103m ch\u00fat k\u1ef9 l\u01b0\u1ee1ng cho m\u1ed7i cu\u1ed1n s\u00e1ch nh\u01b0 m\u1ed9t con thuy\u1ec1n mang t\u1edbi ni\u1ec1m vui, tri th\u1ee9c, ng\u1ea1c nhi\u00ean, v\u00e0 \u0111\u1ed3ng c\u1ea3m.<\/p>\n\n[\/col]\n\n[\/row]\n<p style=\"text-align: left\">Hi\u1ec3u th\u1eddi \u0111\u1ea1i \u0111ang s\u1ed1ng th\u00f4ng qua s\u00e1ch, song h\u00e0nh v\u1edbi nh\u1eefng bi\u1ebfn chuy\u1ec3n s\u00e2u s\u1eafc trong l\u00f2ng x\u00e3 h\u1ed9i b\u1eb1ng nh\u1eefng ho\u1ea1t \u0111\u1ed9ng xu\u1ea5t b\u1ea3n mi\u1ec7t m\u00e0i v\u00e0 qu\u1ea3 c\u1ea3m, con \u0111\u01b0\u1eddng Nh\u00e3 Nam \u0111\u00e3 ch\u1ecdn \u0111\u1ec3 \u0111i s\u1ebd c\u00f2n d\u00e0i. Nhi\u1ec1u kh\u00f3 kh\u0103n, th\u1eed th\u00e1ch \u0111ang \u1edf ph\u00eda tr\u01b0\u1edbc. B\u01b0\u1edbc qua th\u1eddi k\u1ef3 s\u01a1 khai v\u1edbi nh\u1eefng b\u00e0i h\u1ecdc v\u00e0 nh\u1eefng kinh nghi\u1ec7m \u0111\u1ea7u ti\u00ean, Nh\u00e3 Nam gi\u1edd \u0111\u00e3 s\u1eb5n s\u00e0ng cho m\u1ed9t ch\u1eb7ng \u0111\u01b0\u1eddng ph\u00e1t tri\u1ec3n m\u1edbi. V\u00e0 ch\u00fang t\u00f4i mu\u1ed1n ho\u00e0n thi\u1ec7n m\u00ecnh trong s\u1ef1 c\u1ea7u th\u1ecb v\u00e0 c\u1ea9n tr\u1ecdng. T\u1ea5t c\u1ea3 v\u00ec m\u1ed9t gia s\u1ea3n s\u00e1ch to l\u1edbn, c\u00f3 s\u1ee9c s\u1ed1ng d\u00e0i l\u00e2u, c\u00f3 \u00fd ngh\u0129a v\u1edbi nhi\u1ec1u th\u1ebf h\u1ec7 b\u1ea1n \u0111\u1ecdc.<br \/>B\u1edfi v\u00ec s\u00e1ch l\u00e0 th\u1ebf gi\u1edbi.<\/p>\n<p><strong>\u0110\u00e2y l\u00e0 m\u1ed9t nh\u00e0 ph\u00e1t h\u00e0nh s\u00e1ch m\u00e0 SACHVIET.EU r\u1ea5t y\u00eau th\u00edch v\u00e0 tin t\u01b0\u1edfng. Nh\u00ecn \u0111\u01b0\u1ee3c t\u1ea7m \u1ea3nh h\u01b0\u1edfng c\u1ee7a Nh\u00e3 Nam qua t\u1eebng cu\u1ed1n s\u00e1ch, SACHVIET.EU li\u00ean h\u1ec7 h\u1ee3p t\u00e1c ngay v\u1edbi Nh\u00e3 Nam \u0111\u1ec3 \u0111em to\u00e0n b\u1ed9 nh\u1eefng t\u00e1c ph\u1ea9m m\u1edbi, hay nh\u1ea5t m\u00e0 Nh\u00e3 Nam c\u00f3 sang Ch\u00e2u \u00c2u, \u0111\u01b0a \u0111\u1ebfn cho \u0111\u1ed9c gi\u1ea3 c\u00f3 nhi\u1ec1u s\u1ef1 l\u1ef1a ch\u1ecdn phong ph\u00fa h\u01a1n c\u1ea3 s\u00e1ch cho tr\u1ebb em l\u1eabn ng\u01b0\u1eddi l\u1edbn.\u00a0<\/strong><\/p>\n\n<!-- \/wp:flatsome\/uxbuilder -->","post_title":"Nh\u00e3 Nam","post_excerpt":"","post_status":"publish","comment_status":"closed","ping_status":"closed","post_password":"","post_name":"nha-nam","to_ping":"","pinged":"","post_modified":"2022-12-19 23:15:33","post_modified_gmt":"2022-12-19 21:15:33","post_content_filtered":"","post_parent":0,"guid":"https:\/\/sachviet.eu\/?post_type=publisher&#038;p=1424","menu_order":0,"post_type":"publisher","post_mime_type":"","comment_count":"0","filter":"raw"}},"_links":{"self":[{"href":"https:\/\/sachviet.eu\/en\/wp-json\/wp\/v2\/product\/144","targetHints":{"allow":["GET"]}}],"collection":[{"href":"https:\/\/sachviet.eu\/en\/wp-json\/wp\/v2\/product"}],"about":[{"href":"https:\/\/sachviet.eu\/en\/wp-json\/wp\/v2\/types\/product"}],"wp:featuredmedia":[{"embeddable":true,"href":"https:\/\/sachviet.eu\/en\/wp-json\/wp\/v2\/media\/254"}],"wp:attachment":[{"href":"https:\/\/sachviet.eu\/en\/wp-json\/wp\/v2\/media?parent=144"}],"wp:term":[{"taxonomy":"product_brand","embeddable":true,"href":"https:\/\/sachviet.eu\/en\/wp-json\/wp\/v2\/product_brand?post=144"},{"taxonomy":"product_cat","embeddable":true,"href":"https:\/\/sachviet.eu\/en\/wp-json\/wp\/v2\/product_cat?post=144"},{"taxonomy":"product_tag","embeddable":true,"href":"https:\/\/sachviet.eu\/en\/wp-json\/wp\/v2\/product_tag?post=144"}],"curies":[{"name":"wp","href":"https:\/\/api.w.org\/{rel}","templated":true}]}}