{"id":14397,"date":"2021-07-03T00:16:16","date_gmt":"2021-07-02T21:16:16","guid":{"rendered":"https:\/\/sachviet.eu\/shop\/tinh-hien-dai-va-su-chuyen-bien-van-hoa-viet-nam-thoi-ky-can-dai\/"},"modified":"2021-07-03T22:01:05","modified_gmt":"2021-07-03T19:01:05","slug":"tinh-hien-dai-va-su-chuyen-bien-van-hoa-viet-nam-thoi-ky-can-dai","status":"publish","type":"product","link":"https:\/\/sachviet.eu\/en\/shop\/tinh-hien-dai-va-su-chuyen-bien-van-hoa-viet-nam-thoi-ky-can-dai\/","title":{"rendered":"T\u00ednh Hi\u1ec7n \u0110\u1ea1i V\u00e0 S\u1ef1 Chuy\u1ec3n Bi\u1ebfn V\u0103n H\u00f3a Vi\u1ec7t Nam Th\u1eddi K\u1ef3 C\u1eadn \u0110\u1ea1i"},"content":{"rendered":"<p>T\u00ednh hi\u1ec7n \u0111\u1ea1i trong quan h\u1ec7 v\u1edbi v\u0103n h\u00f3a Vi\u1ec7t Nam c\u1eadn \u0111\u1ea1i, s\u1ef1 chuy\u1ec3n bi\u1ebfn trong m\u1ed9t s\u1ed1 l\u0129nh v\u1ef1c v\u0103n h\u00f3a Vi\u1ec7t Nam c\u1eadn \u0111\u1ea1i, s\u1ef1 xu\u1ea5t hi\u1ec7n nh\u1eefng lo\u1ea1i h\u00ecnh v\u0103n h\u00f3a m\u1edbi, ti\u1ebfp bi\u1ebfn v\u0103n h\u00f3a ph\u01b0\u01a1ng T\u00e2y trong m\u1ed9t s\u1ed1 lo\u1ea1i h\u00ecnh v\u0103n h\u00f3a truy\u1ec1n th\u1ed1ng.<\/p>\n","protected":false},"excerpt":{"rendered":"<p>T\u00ednh hi\u1ec7n \u0111\u1ea1i trong quan h\u1ec7 v\u1edbi v\u0103n h\u00f3a Vi\u1ec7t Nam c\u1eadn \u0111\u1ea1i, s\u1ef1 chuy\u1ec3n bi\u1ebfn trong m\u1ed9t s\u1ed1 l\u0129nh v\u1ef1c v\u0103n h\u00f3a Vi\u1ec7t Nam c\u1eadn \u0111\u1ea1i, s\u1ef1 xu\u1ea5t hi\u1ec7n nh\u1eefng lo\u1ea1i h\u00ecnh v\u0103n h\u00f3a m\u1edbi, ti\u1ebfp bi\u1ebfn v\u0103n h\u00f3a ph\u01b0\u01a1ng T\u00e2y trong m\u1ed9t s\u1ed1 lo\u1ea1i h\u00ecnh v\u0103n h\u00f3a truy\u1ec1n th\u1ed1ng.<\/p>\n","protected":false},"featured_media":14386,"template":"","meta":{"_acf_changed":false},"product_brand":[],"product_cat":[18],"product_tag":[],"class_list":{"0":"post-14397","1":"product","2":"type-product","3":"status-publish","4":"has-post-thumbnail","6":"product_cat-kinh-te","8":"first","9":"outofstock","10":"taxable","11":"shipping-taxable","12":"purchasable","13":"product-type-simple"},"supplier_id":null,"supplier_sku":"","barcode":null,"atum_controlled":true,"out_stock_date":null,"out_stock_threshold":null,"inheritable":false,"inbound_stock":0,"stock_on_hold":0,"sold_today":0,"sales_last_days":0,"reserved_stock":0,"customer_returns":0,"warehouse_damage":0,"lost_in_post":0,"other_logs":0,"out_stock_days":0,"lost_sales":0,"has_location":false,"update_date":"2026-01-28T23:10:55","atum_locations":[],"atum_stock_status":"outofstock","restock_status":false,"low_stock_amount":"","sales_update_date":"2026-01-28T23:10:55","calc_backorders":null,"acf":{"publisher":{"ID":14385,"post_author":"1","post_date":"2021-07-03 00:15:40","post_date_gmt":"2021-07-02 21:15:40","post_content":"","post_title":"Tri Th\u1ee9c V\u0103n H\u00f3a S\u00e1ch VN","post_excerpt":"","post_status":"publish","comment_status":"closed","ping_status":"closed","post_password":"","post_name":"tri-thuc-van-hoa-sach-vn","to_ping":"","pinged":"","post_modified":"2021-07-03 00:15:40","post_modified_gmt":"2021-07-02 21:15:40","post_content_filtered":"","post_parent":0,"guid":"https:\/\/sachviet.eu\/nha-phat-hanh\/tri-thuc-van-hoa-sach-vn\/","menu_order":0,"post_type":"publisher","post_mime_type":"","comment_count":"0","filter":"raw"}},"_links":{"self":[{"href":"https:\/\/sachviet.eu\/en\/wp-json\/wp\/v2\/product\/14397","targetHints":{"allow":["GET"]}}],"collection":[{"href":"https:\/\/sachviet.eu\/en\/wp-json\/wp\/v2\/product"}],"about":[{"href":"https:\/\/sachviet.eu\/en\/wp-json\/wp\/v2\/types\/product"}],"wp:featuredmedia":[{"embeddable":true,"href":"https:\/\/sachviet.eu\/en\/wp-json\/wp\/v2\/media\/14386"}],"wp:attachment":[{"href":"https:\/\/sachviet.eu\/en\/wp-json\/wp\/v2\/media?parent=14397"}],"wp:term":[{"taxonomy":"product_brand","embeddable":true,"href":"https:\/\/sachviet.eu\/en\/wp-json\/wp\/v2\/product_brand?post=14397"},{"taxonomy":"product_cat","embeddable":true,"href":"https:\/\/sachviet.eu\/en\/wp-json\/wp\/v2\/product_cat?post=14397"},{"taxonomy":"product_tag","embeddable":true,"href":"https:\/\/sachviet.eu\/en\/wp-json\/wp\/v2\/product_tag?post=14397"}],"curies":[{"name":"wp","href":"https:\/\/api.w.org\/{rel}","templated":true}]}}