{"id":14377,"date":"2021-07-03T00:15:17","date_gmt":"2021-07-02T21:15:17","guid":{"rendered":"https:\/\/sachviet.eu\/shop\/cham-sach-tam-ly-hoc-ung-dung\/"},"modified":"2021-07-08T11:43:01","modified_gmt":"2021-07-08T08:43:01","slug":"cham-sach-tam-ly-hoc-ung-dung","status":"publish","type":"product","link":"https:\/\/sachviet.eu\/en\/shop\/cham-sach-tam-ly-hoc-ung-dung\/","title":{"rendered":"Ch\u1ea1m (S\u00e1ch T\u00e2m L\u00fd H\u1ecdc \u1ee8ng D\u1ee5ng)"},"content":{"rendered":"<p>N\u00f3i \u0111\u1ebfn s\u1ef1 \u0111\u1ee5ng ch\u1ea1m, h\u1ea7u h\u1ebft m\u1ecdi ng\u01b0\u1eddi s\u1ebd c\u1ea3m th\u1ea5y kh\u00f3 ch\u1ecbu v\u00e0 ngh\u0129 r\u1eb1ng \u0111\u00f3 l\u00e0 h\u00e0nh \u0111\u1ed9ng b\u1ea5t th\u01b0\u1eddng l\u00e0m ph\u00e1 v\u1ee1 m\u1ecdi gi\u1edbi h\u1ea1n kho\u1ea3ng c\u00e1ch. T\u00f9y v\u00e0o n\u1ec1n v\u0103n h\u00f3a c\u1ee7a t\u1eebng n\u01b0\u1edbc, v\u00ed d\u1ee5 nh\u01b0 \u1edf ch\u00e2u \u00c2u th\u00ec \u0111\u00f3 l\u00e0 m\u1ed9t h\u00e0nh \u0111\u1ed9ng h\u1ebft s\u1ee9c th\u00e2n m\u1eadt v\u00e0 th\u1ec3 hi\u1ec7n s\u1ef1 th\u00e2n thi\u1ec7n, l\u1ecbch s\u1ef1 \u0111\u1ed1i v\u1edbi ng\u01b0\u1eddi kh\u00e1c khi g\u1eb7p g\u1ee1 ch\u00e0o h\u1ecfi nhau; nh\u01b0ng v\u1edbi v\u0103n h\u00f3a ph\u01b0\u01a1ng \u0110\u00f4ng th\u00ec h\u1ecd cho r\u1eb1ng s\u1ef1 \u0111\u1ee5ng ch\u1ea1m l\u00e0 \u0111i\u1ec1u ki\u00eang k\u1ef5 v\u00e0 c\u00f3 th\u1ec3 khi\u1ebfn \u0111\u1ed1i ph\u01b0\u01a1ng c\u1ea3m th\u1ea5y gh\u00ea t\u1edfm, x\u1ea5u h\u1ed5 ho\u1eb7c t\u1ed5n th\u01b0\u01a1ng.<\/p>\n<p>Th\u1ebf nh\u01b0ng, v\u1edbi cu\u1ed1n s\u00e1ch Ch\u1ea1m, nh\u1eefng \u0111\u1ecbnh ki\u1ebfn v\u1ec1 vi\u1ec7c \u201cch\u1ea1m\u201d v\u00e0 \u201c\u0111\u01b0\u1ee3c ch\u1ea1m\u201d t\u1eeb tr\u01b0\u1edbc \u0111\u1ebfn gi\u1edd s\u1ebd \u0111\u01b0\u1ee3c nh\u00ecn nh\u1eadn theo g\u00f3c \u0111\u1ed9 khoa h\u1ecdc, \u0111\u01b0\u1ee3c c\u00e1c nh\u00e0 nghi\u00ean c\u1ee9u ch\u1ec9 ra b\u1eb1ng nh\u1eefng v\u00ed d\u1ee5 ch\u00e2n th\u1ef1c v\u00e0 r\u00f5 r\u00e0ng. \u201cTi\u1ebfp x\u00fac v\u1eadt l\u00fd l\u00e0 ng\u00f4n ng\u1eef \u0111\u1ea7u ti\u00ean ch\u00fang ta s\u1eed d\u1ee5ng, nh\u01b0ng c\u00f3 qu\u00e1 \u00edt ng\u01b0\u1eddi bi\u1ebft \u0111i\u1ec1u n\u00e0y.\u201d Ng\u00e0y nay, nhi\u1ec1u c\u00f4ng tr\u00ecnh nghi\u00ean c\u1ee9u khoa h\u1ecdc v\u1ec1 x\u00fac gi\u00e1c \u0111\u00e3 ch\u1ec9 ra r\u1eb1ng vi\u1ec7c ti\u1ebfp x\u00fac th\u00e2n th\u1ec3 c\u00f3 th\u1ec3 k\u00edch ho\u1ea1t t\u1ea5t c\u1ea3 nh\u1eefng g\u00ec v\u00e0 m\u1ee9c \u0111\u1ed9 h\u1eefu \u00edch, qu\u00fd gi\u00e1 m\u00e0 ch\u00fang \u0111em l\u1ea1i &#8211; d\u00f9 trong l\u0129nh v\u1ef1c y h\u1ecdc hay trong t\u00ecnh y\u00eau &#8211; h\u00f4n nh\u00e2n, c\u00f4ng vi\u1ec7c v\u00e0 \u0111\u01b0\u01a1ng nhi\u00ean \u0111\u1ed1i v\u1edbi c\u1ea3 \u0111\u1eddi s\u1ed1ng gi\u1ea3i tr\u00ed, th\u1ec3 thao, v\u0103n h\u00f3a,\u2026 Th\u1eadm ch\u00ed trong nhi\u1ec1u ng\u00f4n ng\u1eef, kh\u00f4ng ph\u1ea3i ng\u1eabu nhi\u00ean m\u00e0 \u201c\u0111\u01b0\u1ee3c ch\u1ea1m\u201d l\u1ea1i mang hai \u00fd ngh\u0129a tuy\u1ec7t v\u1eddi. Ngh\u0129a \u0111en ch\u00ednh l\u00e0 vi\u1ec7c \u0111\u01b0\u1ee3c ti\u1ebfp x\u00fac th\u00e2n th\u1ec3, c\u00f2n ngh\u0129a \u1ea9n l\u00e0 vi\u1ec7c \u201cch\u1ea1m\u201d \u0111\u1ebfn t\u00e2m h\u1ed3n, khi con ng\u01b0\u1eddi ta b\u1ecb cho\u00e1ng ng\u1ee3p b\u1edfi c\u1ea3m x\u00fac, th\u1ea5y c\u1ea3m \u0111\u1ed9ng b\u1edfi m\u1ed9t kho\u1ea3nh kh\u1eafc hay \u0111\u01b0\u1ee3c th\u1ea5u hi\u1ec3u trong m\u1ed9t cu\u1ed9c tr\u00f2 chuy\u1ec7n.<\/p>\n<p>T\u1ea5t c\u1ea3 nh\u1eefng s\u1ef1 \u201cch\u1ea1m\u201d n\u00e0y kh\u00f4ng ch\u1ec9 v\u1ec1 m\u1eb7t v\u1eadt l\u00fd m\u00e0 c\u00f2n ch\u1ea1m t\u1edbi c\u1ea3m x\u00fac, tr\u00e1i tim b\u1ea1n. V\u00e0 m\u1ed9t khi \u0111\u01b0\u1ee3c s\u1eed d\u1ee5ng ch\u00ednh x\u00e1c, \u0111\u00fang ho\u00e0n c\u1ea3nh v\u00e0 th\u1eddi \u0111i\u1ec3m, ch\u00fang s\u1ebd gi\u00fap b\u1ea1n s\u1ebd nh\u1eadn ra \u0111i\u1ec1u g\u00ec t\u1ed1t v\u00e0 th\u1ef1c s\u1ef1 quan tr\u1ecdng \u0111\u1ed1i v\u1edbi b\u1ea3n th\u00e2n.<\/p>\n","protected":false},"excerpt":{"rendered":"<p>N\u00f3i \u0111\u1ebfn s\u1ef1 \u0111\u1ee5ng ch\u1ea1m, h\u1ea7u h\u1ebft m\u1ecdi ng\u01b0\u1eddi s\u1ebd c\u1ea3m th\u1ea5y kh\u00f3 ch\u1ecbu v\u00e0 ngh\u0129 r\u1eb1ng \u0111\u00f3 l\u00e0 h\u00e0nh \u0111\u1ed9ng b\u1ea5t th\u01b0\u1eddng l\u00e0m ph\u00e1 v\u1ee1 m\u1ecdi gi\u1edbi h\u1ea1n kho\u1ea3ng c\u00e1ch. T\u00f9y v\u00e0o n\u1ec1n v\u0103n h\u00f3a c\u1ee7a t\u1eebng n\u01b0\u1edbc, v\u00ed d\u1ee5 nh\u01b0 \u1edf ch\u00e2u \u00c2u th\u00ec \u0111\u00f3 l\u00e0 m\u1ed9t h\u00e0nh \u0111\u1ed9ng h\u1ebft s\u1ee9c th\u00e2n m\u1eadt v\u00e0 th\u1ec3 hi\u1ec7n s\u1ef1 th\u00e2n thi\u1ec7n, l\u1ecbch s\u1ef1 \u0111\u1ed1i v\u1edbi ng\u01b0\u1eddi kh\u00e1c khi g\u1eb7p g\u1ee1 ch\u00e0o h\u1ecfi nhau; nh\u01b0ng v\u1edbi v\u0103n h\u00f3a ph\u01b0\u01a1ng \u0110\u00f4ng th\u00ec h\u1ecd cho r\u1eb1ng s\u1ef1 \u0111\u1ee5ng ch\u1ea1m l\u00e0 \u0111i\u1ec1u ki\u00eang k\u1ef5 v\u00e0 c\u00f3 th\u1ec3 khi\u1ebfn \u0111\u1ed1i ph\u01b0\u01a1ng c\u1ea3m th\u1ea5y gh\u00ea t\u1edfm, x\u1ea5u h\u1ed5 ho\u1eb7c t\u1ed5n th\u01b0\u01a1ng.<\/p>\n<p>Th\u1ebf nh\u01b0ng, v\u1edbi cu\u1ed1n s\u00e1ch Ch\u1ea1m, nh\u1eefng \u0111\u1ecbnh ki\u1ebfn v\u1ec1 vi\u1ec7c \u201cch\u1ea1m\u201d v\u00e0 \u201c\u0111\u01b0\u1ee3c ch\u1ea1m\u201d t\u1eeb tr\u01b0\u1edbc \u0111\u1ebfn gi\u1edd s\u1ebd \u0111\u01b0\u1ee3c nh\u00ecn nh\u1eadn theo g\u00f3c \u0111\u1ed9 khoa h\u1ecdc, \u0111\u01b0\u1ee3c c\u00e1c nh\u00e0 nghi\u00ean c\u1ee9u ch\u1ec9 ra b\u1eb1ng nh\u1eefng v\u00ed d\u1ee5 ch\u00e2n th\u1ef1c v\u00e0 r\u00f5 r\u00e0ng. \u201cTi\u1ebfp x\u00fac v\u1eadt l\u00fd l\u00e0 ng\u00f4n ng\u1eef \u0111\u1ea7u ti\u00ean ch\u00fang ta s\u1eed d\u1ee5ng, nh\u01b0ng c\u00f3 qu\u00e1 \u00edt ng\u01b0\u1eddi bi\u1ebft \u0111i\u1ec1u n\u00e0y.\u201d Ng\u00e0y nay, nhi\u1ec1u c\u00f4ng tr\u00ecnh nghi\u00ean c\u1ee9u khoa h\u1ecdc v\u1ec1 x\u00fac gi\u00e1c \u0111\u00e3 ch\u1ec9 ra r\u1eb1ng vi\u1ec7c ti\u1ebfp x\u00fac th\u00e2n th\u1ec3 c\u00f3 th\u1ec3 k\u00edch ho\u1ea1t t\u1ea5t c\u1ea3 nh\u1eefng g\u00ec v\u00e0 m\u1ee9c \u0111\u1ed9 h\u1eefu \u00edch, qu\u00fd gi\u00e1 m\u00e0 ch\u00fang \u0111em l\u1ea1i &#8211; d\u00f9 trong l\u0129nh v\u1ef1c y h\u1ecdc hay trong t\u00ecnh y\u00eau &#8211; h\u00f4n nh\u00e2n, c\u00f4ng vi\u1ec7c v\u00e0 \u0111\u01b0\u01a1ng nhi\u00ean \u0111\u1ed1i v\u1edbi c\u1ea3 \u0111\u1eddi s\u1ed1ng gi\u1ea3i tr\u00ed, th\u1ec3 thao, v\u0103n h\u00f3a,\u2026 Th\u1eadm ch\u00ed trong nhi\u1ec1u ng\u00f4n ng\u1eef, kh\u00f4ng ph\u1ea3i ng\u1eabu nhi\u00ean m\u00e0 \u201c\u0111\u01b0\u1ee3c ch\u1ea1m\u201d l\u1ea1i mang hai \u00fd ngh\u0129a tuy\u1ec7t v\u1eddi. Ngh\u0129a \u0111en ch\u00ednh l\u00e0 vi\u1ec7c \u0111\u01b0\u1ee3c ti\u1ebfp x\u00fac th\u00e2n th\u1ec3, c\u00f2n ngh\u0129a \u1ea9n l\u00e0 vi\u1ec7c \u201cch\u1ea1m\u201d \u0111\u1ebfn t\u00e2m h\u1ed3n, khi con ng\u01b0\u1eddi ta b\u1ecb cho\u00e1ng ng\u1ee3p b\u1edfi c\u1ea3m x\u00fac, th\u1ea5y c\u1ea3m \u0111\u1ed9ng b\u1edfi m\u1ed9t kho\u1ea3nh kh\u1eafc hay \u0111\u01b0\u1ee3c th\u1ea5u hi\u1ec3u trong m\u1ed9t cu\u1ed9c tr\u00f2 chuy\u1ec7n.<\/p>\n<p>T\u1ea5t c\u1ea3 nh\u1eefng s\u1ef1 \u201cch\u1ea1m\u201d n\u00e0y kh\u00f4ng ch\u1ec9 v\u1ec1 m\u1eb7t v\u1eadt l\u00fd m\u00e0 c\u00f2n ch\u1ea1m t\u1edbi c\u1ea3m x\u00fac, tr\u00e1i tim b\u1ea1n. V\u00e0 m\u1ed9t khi \u0111\u01b0\u1ee3c s\u1eed d\u1ee5ng ch\u00ednh x\u00e1c, \u0111\u00fang ho\u00e0n c\u1ea3nh v\u00e0 th\u1eddi \u0111i\u1ec3m, ch\u00fang s\u1ebd gi\u00fap b\u1ea1n s\u1ebd nh\u1eadn ra \u0111i\u1ec1u g\u00ec t\u1ed1t v\u00e0 th\u1ef1c s\u1ef1 quan tr\u1ecdng \u0111\u1ed1i v\u1edbi b\u1ea3n th\u00e2n.<\/p>\n","protected":false},"featured_media":14374,"template":"","meta":{"_acf_changed":false},"product_brand":[],"product_cat":[15,46],"product_tag":[],"class_list":{"0":"post-14377","1":"product","2":"type-product","3":"status-publish","4":"has-post-thumbnail","6":"product_cat-sach-danh-cho-nguoi-lon","7":"product_cat-ky-nang-song","9":"first","10":"outofstock","11":"taxable","12":"shipping-taxable","13":"purchasable","14":"product-type-simple"},"supplier_id":null,"supplier_sku":"","barcode":null,"atum_controlled":true,"out_stock_date":"2021-07-08 08:43:01","out_stock_threshold":null,"inheritable":false,"inbound_stock":0,"stock_on_hold":0,"sold_today":0,"sales_last_days":0,"reserved_stock":0,"customer_returns":0,"warehouse_damage":0,"lost_in_post":0,"other_logs":0,"out_stock_days":1665,"lost_sales":0,"has_location":false,"update_date":"2026-01-28T23:10:55","atum_locations":[],"atum_stock_status":"outofstock","restock_status":false,"low_stock_amount":"","sales_update_date":"2026-01-28T23:10:55","calc_backorders":null,"acf":{"publisher":{"ID":1785,"post_author":"1","post_date":"2021-02-17 01:54:46","post_date_gmt":"2021-02-16 23:54:46","post_content":"<!-- wp:flatsome\/uxbuilder -->\n<h1 style=\"text-align: center;\"><strong>AZ VIETNAM<\/strong><\/h1>\n[row]\n\n[col span=\"8\" span__sm=\"12\"]\n\n<p>Th\u00e0nh l\u1eadp n\u0103m: 2015<br \/>V\u1ed1n \u0111\u1ea7u t\u01b0: 4,000,000,000 \u0111\u1ed3ng<br \/><strong>L\u0129nh v\u1ef1c:<\/strong><br \/>- Xu\u1ea5t b\u1ea3n v\u00e0 ph\u00e1t h\u00e0nh v\u0103n h\u00f3a ph\u1ea9m<br \/>- Cung c\u1ea5p v\u0103n h\u00f3a ph\u1ea9m, c\u00e1c s\u1ea3n ph\u1ea9m cho in \u1ea5n, trang thi\u1ebft b\u1ecb cho c\u00e1c th\u01b0 vi\u1ec7n v\u00e0 trung t\u00e2m s\u00e1ch tr\u00ean c\u1ea3 n\u01b0\u1edbc.<br \/>- Th\u1eddi trang v\u00e0 c\u00e1c s\u1ea3n ph\u1ea9m li\u00ean quan \u0111\u1ebfn l\u0129nh v\u1ef1c th\u1eddi trang<br \/>- Xu\u1ea5t nh\u1eadp kh\u1ea9u c\u00e1c s\u1ea3n ph\u1ea9m v\u0103n h\u00f3a<\/p>\n<p><strong>Quy m\u00f4:<\/strong> 60 nh\u00e2n vi\u00ean<br \/>Kh\u1edfi ngu\u1ed3n c\u1ee7a AZ Vi\u1ec7t Nam ng\u00e0y nay l\u00e0 C\u00f4ng ty TNHH Trung t\u00e2m S\u00e1ch v\u00e0 Thi\u1ebft b\u1ecb Th\u01b0 vi\u1ec7n, v\u1edbi ho\u1ea1t \u0111\u1ed9ng \u0111\u1ea7u ti\u00ean l\u00e0 cung c\u1ea5p s\u00e1ch, trang thi\u1ebft b\u1ecb, v\u0103n h\u00f3a ph\u1ea9m cho c\u00e1c th\u01b0 vi\u1ec7n v\u00e0 trung t\u00e2m s\u00e1ch tr\u00ean c\u1ea3 n\u01b0\u1edbc. T\u1eeb cu\u1ed1i n\u0103m 2010 \u0111\u1ebfn nay, ch\u00fang t\u00f4i \u0111\u00e3 kh\u00f4ng ng\u1eebng n\u1ed7 l\u1ef1c khai ph\u00e1 v\u00e0 ph\u00e1t tri\u1ec3n c\u00e1c d\u00f2ng s\u1ea3n ph\u1ea9m m\u1edbi v\u1edbi 8 th\u01b0\u01a1ng hi\u1ec7u uy t\u00edn. \u0110\u1ec3 \u0111\u00e1p \u1ee9ng nhu c\u1ea7u ph\u00e1t tri\u1ec3n ng\u00e0y m\u1ed9t l\u1edbn m\u1ea1nh v\u00e0 t\u1eadp h\u1ee3p c\u00e1c th\u01b0\u01a1ng hi\u1ec7u \u0111\u00e3 \u0111\u01b0\u1ee3c ch\u00fang t\u00f4i x\u00e2y d\u1ef1ng, 2015 C\u00f4ng ty TNHH AZ Vi\u1ec7t Nam \u0111\u00e3 ra \u0111\u1eddi v\u1edbi s\u1ee9 m\u1ec7nh mang \u0111\u1ebfn nhi\u1ec1u h\u01a1n n\u1eefa nh\u1eefng gi\u00e1 tr\u1ecb tinh th\u1ea7n, tri th\u1ee9c ti\u00ean ti\u1ebfn cho ng\u01b0\u1eddi ti\u00eau d\u00f9ng b\u1eb1ng vi\u1ec7c cung c\u1ea5p nh\u1eefng s\u1ea3n ph\u1ea9m c\u00f3 ch\u1ea5t l\u01b0\u1ee3ng.<\/p>\n\n[\/col]\n[col span=\"4\" span__sm=\"12\"]\n\n[ux_image id=\"1836\" image_size=\"medium\"]\n\n\n[\/col]\n\n[\/row]\n\n<!-- \/wp:flatsome\/uxbuilder -->","post_title":"AZ Vi\u1ec7t Nam","post_excerpt":"","post_status":"publish","comment_status":"closed","ping_status":"closed","post_password":"","post_name":"az-viet-nam","to_ping":"","pinged":"","post_modified":"2021-02-17 22:07:10","post_modified_gmt":"2021-02-17 20:07:10","post_content_filtered":"","post_parent":0,"guid":"https:\/\/sachviet.eu\/nha-phat-hanh\/az-viet-nam\/","menu_order":0,"post_type":"publisher","post_mime_type":"","comment_count":"0","filter":"raw"}},"_links":{"self":[{"href":"https:\/\/sachviet.eu\/en\/wp-json\/wp\/v2\/product\/14377","targetHints":{"allow":["GET"]}}],"collection":[{"href":"https:\/\/sachviet.eu\/en\/wp-json\/wp\/v2\/product"}],"about":[{"href":"https:\/\/sachviet.eu\/en\/wp-json\/wp\/v2\/types\/product"}],"wp:featuredmedia":[{"embeddable":true,"href":"https:\/\/sachviet.eu\/en\/wp-json\/wp\/v2\/media\/14374"}],"wp:attachment":[{"href":"https:\/\/sachviet.eu\/en\/wp-json\/wp\/v2\/media?parent=14377"}],"wp:term":[{"taxonomy":"product_brand","embeddable":true,"href":"https:\/\/sachviet.eu\/en\/wp-json\/wp\/v2\/product_brand?post=14377"},{"taxonomy":"product_cat","embeddable":true,"href":"https:\/\/sachviet.eu\/en\/wp-json\/wp\/v2\/product_cat?post=14377"},{"taxonomy":"product_tag","embeddable":true,"href":"https:\/\/sachviet.eu\/en\/wp-json\/wp\/v2\/product_tag?post=14377"}],"curies":[{"name":"wp","href":"https:\/\/api.w.org\/{rel}","templated":true}]}}