{"id":14373,"date":"2021-07-03T00:14:57","date_gmt":"2021-07-02T21:14:57","guid":{"rendered":"https:\/\/sachviet.eu\/shop\/eat-clean-an-sach-song-khoe\/"},"modified":"2021-07-18T21:24:57","modified_gmt":"2021-07-18T18:24:57","slug":"eat-clean-an-sach-song-khoe","status":"publish","type":"product","link":"https:\/\/sachviet.eu\/en\/shop\/eat-clean-an-sach-song-khoe\/","title":{"rendered":"Eat Clean &#8211; \u0102n S\u1ea1ch S\u1ed1ng Kh\u1ecfe"},"content":{"rendered":"<p>Eat Clean &#8211; \u0102n S\u1ea1ch S\u1ed1ng Kh\u1ecfe<\/p>\n<p>Ti\u1ebfp n\u1ed1i th\u00e0nh c\u00f4ng c\u1ee7a cu\u1ed1n s\u00e1ch \u0111\u1ea7u tay Green Smoothies \u2013 cu\u1ed1n s\u00e1ch t\u1eebng \u0111\u1ee9ng \u0111\u1ea7u c\u00e1c b\u1ea3ng x\u1ebfp h\u1ea1ng s\u00e1ch b\u00e1n ch\u1ea1y, top 1 s\u00e1ch l\u00e0m \u0111\u1eb9p \u0111\u01b0\u1ee3c y\u00eau th\u00edch nh\u1ea5t v\u00e0 \u0111\u01b0\u1ee3c t\u00e1i b\u1ea3n ch\u1ec9 sau 1 tu\u1ea7n ph\u00e1t h\u00e0nh, cu\u1ed1n s\u00e1ch ti\u1ebfp theo c\u1ee7a t\u00e1c gi\u1ea3 Emma Ph\u1ea1m s\u1ebd mang \u0111\u1ebfn cho \u0111\u1ed9c gi\u1ea3 nh\u1eefng h\u01b0\u1edbng d\u1eabn thi\u1ebft l\u1eadp ch\u1ebf \u0111\u1ed9 \u0103n Eat Clean \u2013 \u0102n s\u1ea1ch s\u1ed1ng kh\u1ecfe cho ng\u01b0\u1eddi m\u1edbi b\u1eaft \u0111\u1ea7u.<\/p>\n<p>Eat Clean l\u00e0 ph\u01b0\u01a1ng ph\u00e1p \u0103n u\u1ed1ng l\u00e0nh m\u1ea1nh, \u0103n c\u00e1c th\u1ef1c ph\u1ea9m \u00edt qua ch\u1ebf bi\u1ebfn v\u00e0 c\u00e1c th\u1ef1c ph\u1ea9m gi\u00e0u gi\u00e1 tr\u1ecb dinh d\u01b0\u1ee1ng, h\u1ecd bi\u1ebft c\u00e2n b\u1eb1ng l\u1ef1a ch\u1ecdn th\u1ef1c ph\u1ea9m v\u00e0 \u0103n theo m\u1ee5c \u0111\u00edch c\u1ee7a m\u00ecnh. V\u00ec th\u1ebf, ph\u01b0\u01a1ng ph\u00e1p n\u00e0y ch\u00ednh l\u00e0 l\u1ed1i s\u1ed1ng \u0111\u1ec3 ch\u00fang ta duy tr\u00ec ch\u1ee9 kh\u00f4ng ph\u1ea3i ph\u01b0\u01a1ng ph\u00e1p \u0103n ki\u00eang.<\/p>\n<p>Khi b\u1eaft \u0111\u1ea7u t\u00ecm hi\u1ec3u v\u1ec1 Eat clean, b\u1ea1n s\u1ebd g\u1eb7p ph\u1ea3i v\u00f4 s\u1ed1 c\u00e2u h\u1ecfi: \u201cEat Clean l\u00e0 g\u00ec? C\u00f3 ph\u1ea3i \u0103n \u0111\u1ec3 gi\u1ea3m c\u00e2n kh\u00f4ng? Eat Clean l\u00e0 m\u1ed9t ch\u1ebf \u0111\u1ed9 \u0103n ki\u00eang? C\u00f3 ph\u1ea3i ch\u1ec9 \u0111\u01b0\u1ee3c \u0103n \u0111\u1ed3 h\u1ea5p lu\u1ed9c v\u00e0 ki\u00eang gia v\u1ecb? \u0110\u00e2y c\u00f3 ph\u1ea3i l\u00e0 ph\u01b0\u01a1ng ph\u00e1p \u0111\u1eaft \u0111\u1ecf kh\u00f4ng? Eat Clean c\u00f3 d\u00e0nh cho m\u1eb9 nu\u00f4i con nh\u1ecf, m\u1eb9 b\u1ea7u kh\u00f4ng? Ng\u01b0\u1eddi cao tu\u1ed5i th\u00ec c\u00f3 theo ch\u1ebf \u0111\u1ed9 n\u00e0y \u0111\u01b0\u1ee3c kh\u00f4ng?\u201d&#8230; Cu\u1ed1n s\u00e1ch n\u00e0y s\u1ebd gi\u1ea3i \u0111\u00e1p m\u1ecdi c\u00e2u h\u1ecfi th\u1eafc m\u1eafc c\u1ee7a b\u1ea1n v\u1ec1 ch\u1ebf \u0111\u1ed9 \u0103n n\u00e0y v\u00e0 \u0111\u1ed3ng h\u00e0nh c\u00f9ng b\u1ea1n chinh ph\u1ee5c l\u1ed1i s\u1ed1ng \u0103n s\u1ea1ch s\u1ed1ng kh\u1ecfe trong t\u01b0\u01a1ng lai. \u0110i\u1ec1u tuy\u1ec7t v\u1eddi nh\u1ea5t c\u1ee7a ph\u01b0\u01a1ng ph\u00e1p Eat Clean l\u00e0 gi\u00fap r\u1ea5t nhi\u1ec1u ng\u01b0\u1eddi c\u1ea3i thi\u1ec7n t\u00ecnh tr\u1ea1ng b\u1ec7nh l\u00fd, ch\u1eb3ng h\u1ea1n b\u1ec7nh gan nhi\u1ec5m m\u1ee1, b\u1ec7nh d\u1ea1 d\u00e0y, gout, ti\u1ec3u \u0111\u01b0\u1eddng, ung th\u01b0\u2026<\/p>\n<p>V\u1edbi 3 ch\u01b0\u01a1ng, 22 \u0111\u1ec1 m\u1ee5c, cu\u1ed1n s\u00e1ch n\u00e0y s\u1ebd mang \u0111\u1ebfn nh\u1eefng h\u01b0\u1edbng d\u1eabn thi\u1ebft l\u1eadp ch\u1ebf \u0111\u1ed9 \u0103n u\u1ed1ng l\u00e0nh m\u1ea1nh cho ng\u01b0\u1eddi m\u1edbi b\u1eaft \u0111\u1ea7u. Ngo\u00e0i ra, b\u1ea1n s\u1ebd t\u00ecm th\u1ea5y \u1edf cu\u1ed1n s\u00e1ch n\u00e0y: \u0102n g\u00ec trong ng\u00e0y \u0111\u01b0\u1ee3c g\u1ecdi l\u00e0 Eat Clean, H\u01b0\u1edbng d\u1eabn Eat Clean cho c\u1ea3 gia \u0111\u00ecnh, H\u01b0\u1edbng d\u1eabn Eat Clean cho ng\u01b0\u1eddi \u0111i h\u1ecdc \u0111i l\u00e0m, 8 g\u1ee3i \u00fd Eat Clean cho m\u00e2m c\u01a1m nh\u00e0,\u2026<\/p>\n<p>N\u1ebfu cu\u1ed1n s\u00e1ch \u201cGreen Smoothies\u201d l\u00e0 nh\u1eefng chia s\u1ebb n\u0103ng \u0111\u1ed9ng v\u00e0 tr\u1ebb trung v\u1ec1 th\u1ee9c u\u1ed1ng v\u1ea1n ng\u01b0\u1eddi m\u00ea c\u1ee7a c\u1ed9ng \u0111\u1ed3ng Eat Clean &#8211; Sinh t\u1ed1 xanh th\u00ec cu\u1ed1n s\u00e1ch m\u1edbi EAT CLEAN \u2013 \u0102n s\u1ea1ch S\u1ed1ng kh\u1ecfe s\u1ebd l\u00e0 m\u1ed9t phi\u00ean b\u1ea3n ho\u00e0n to\u00e0n kh\u00e1c l\u1ea1 v\u00e0 m\u1edbi m\u1ebb. Cu\u1ed1n s\u00e1ch n\u00e0y \u0111\u00e3 \u0111\u01b0\u1ee3c nghi\u00ean c\u1ee9u v\u00e0 l\u00ean \u00fd t\u01b0\u1edfng \u0111\u1ec3 tr\u1edf th\u00e0nh m\u1ed9t cu\u1ed1n c\u1ea9m nang \u0111\u1ea7y \u0111\u1ee7 nh\u1ea5t v\u1ec1 ph\u01b0\u01a1ng ph\u00e1p \u0103n u\u1ed1ng l\u00e0nh m\u1ea1nh \u0111\u01b0\u1ee3c y\u00eau th\u00edch nh\u1ea5t, g\u1eafn li\u1ec1n v\u1edbi t\u00ean tu\u1ed5i c\u1ee7a Health coach Emma Ph\u1ea1m.<\/p>\n<p>Th\u00f4ng tin b\u1ed5 sung:<\/p>\n<p>v  TH\u00d4NG TIN V\u1ec0 ILOVECOOKBOOK:<\/p>\n<p>I love Cookbook l\u00e0 \u0111\u01a1n v\u1ecb xu\u1ea5t b\u1ea3n s\u00e1ch Cookbook cao c\u1ea5p \u0111\u1ea7u ti\u00ean t\u1ea1i Vi\u1ec7t Nam. Ra \u0111\u1eddi v\u00e0o th\u00e1ng 7\/2013, I love Cookbook mang s\u1ee9 m\u1ec7nh truy\u1ec1n t\u1ea3i tinh hoa v\u1ec1 \u1ea9m th\u1ef1c qua t\u1eebng trang s\u00e1ch. Qua h\u01a1n 7 n\u0103m n\u1ed7 l\u1ef1c tr\u01b0\u1edfng th\u00e0nh, I love Cookbook d\u1ea7n \u0111\u1ecbnh v\u1ecb phong c\u00e1ch chuy\u00ean nghi\u1ec7p v\u00e0 nh\u1eadn \u0111\u01b0\u1ee3c \u1ee7ng h\u1ed9 nhi\u1ec7t th\u00e0nh t\u1eeb \u0111\u1ed9c gi\u1ea3 c\u0169ng nh\u01b0 c\u00e1c t\u00e1c gi\u1ea3 c\u1ee7a d\u00f2ng s\u00e1ch cookbook.<\/p>\n<p>v  TH\u00d4NG TIN V\u1ec0 T\u00c1C GI\u1ea2<\/p>\n<p>Emma Pha\u0323m hi\u00ea\u0323n \u0111ang la\u0300 m\u00f4\u0323t chuy\u00ean gia t\u01b0 v\u00e2\u0301n dinh d\u01b0\u01a1\u0303ng s\u01b0\u0301c kho\u0309e, \u0111a\u0303 tham gia giu\u0301p \u0111\u01a1\u0303 r\u00e2\u0301t nhi\u00ea\u0300u ng\u01b0\u01a1\u0300i l\u00e2\u0301y la\u0323i vo\u0301c da\u0301ng kho\u0309e ma\u0323nh, t\u01b0\u0323 tin, xinh \u0111e\u0323p nh\u01a1\u0300 ph\u01b0\u01a1ng pha\u0301p \u0103n u\u00f4\u0301ng la\u0300nh ma\u0323nh. Chi\u0323 co\u0301 k\u00eanh Youtube \u0111a\u0303 l\u00e2\u0323p \u0111\u01b0\u01a1\u0323c 6 n\u0103m (Emma Pham Kitchen) va\u0300 ta\u0323o \u0111\u01b0\u01a1\u0323c ch\u00f4\u0303 \u0111\u01b0\u0301ng nh\u00e2\u0301t \u0111i\u0323nh trong gi\u01a1\u0301i Food Blogger. Chi\u0323 co\u0300n ta\u0323o d\u01b0\u0323ng n\u00ean m\u00f4\u0323t group h\u01a1n 300,000 tha\u0300nh vi\u00ean tham gia co\u0301 t\u00ean \u201cEat Clean \u2013 C\u00f4\u0323ng \u0111\u00f4\u0300ng \u0103n sa\u0323ch s\u00f4\u0301ng kho\u0309e Vi\u00ea\u0323t Nam\u201d, m\u00f4\u0323t s\u00e2n ch\u01a1i va\u0300 la\u0300 n\u01a1i trao \u0111\u00f4\u0309i, chia se\u0309 nh\u01b0\u0303ng th\u00f4ng tin va\u0300 ki\u00ea\u0301n th\u01b0\u0301c v\u00ea\u0300 ch\u00ea\u0301 \u0111\u00f4\u0323 \u0103n Eat clean va\u0300 th\u01b0\u0323c ph\u00e2\u0309m t\u00f4\u0301t cho s\u01b0\u0301c kho\u0309e.<\/p>\n<p>N\u0103m 2019, chi\u0323 \u0111a\u0303 hoa\u0300n tha\u0300nh kho\u0301a ho\u0323c tr\u01a1\u0309 tha\u0300nh m\u00f4\u0323t Healthy Coach chuy\u00ean nghi\u00ea\u0323p ta\u0323i tr\u01b0\u01a1\u0300ng Institute for Integrative of Nutrition \u01a1\u0309 New York, My\u0303. Hi\u00ea\u0323n ta\u0323i, Emma la\u0300 chuy\u00ean vi\u00ean t\u01b0 v\u00e2\u0301n dinh d\u01b0\u01a1\u0303ng \u0111\u00f4\u0323c quy\u00ea\u0300n cho c\u00f4ng ty TNHH ROLIE Vi\u00ea\u0323t Nam. Th\u01b0\u01a1\u0300ng xuy\u00ean la\u0300m vi\u00ea\u0323c va\u0300 l\u0103\u0301ng nghe nhi\u00ea\u0300u chia se\u0309, cu\u0300ng v\u01a1\u0301i ki\u00ea\u0301n th\u01b0\u0301c chuy\u00ean m\u00f4n v\u00ea\u0300 dinh d\u01b0\u01a1\u0303ng, Emma Pha\u0323m lu\u00f4n co\u0301 nh\u01b0\u0303ng ba\u0300i vi\u00ea\u0301t, nh\u01b0\u0303ng video, vlog chia se\u0309 \u0111\u01b0\u01a1\u0323c ng\u01b0\u01a1\u0300i \u0111o\u0323c, ng\u01b0\u01a1\u0300i nghe \u0111o\u0301n nh\u00e2\u0323n b\u01a1\u0309i n\u00f4\u0323i dung g\u00e2\u0300n gu\u0303i, d\u00ea\u0303 hi\u00ea\u0309u, truy\u00ea\u0300n ca\u0309m h\u01b0\u0301ng va\u0300 \u0111\u00f4\u0323ng l\u01b0\u0323c \u0111\u00ea\u0309 th\u01b0\u0323c hi\u00ea\u0323n nh\u01b0\u0303ng th\u01b0\u0309 tha\u0301ch, nh\u01b0\u0303ng chi\u00ea\u0301n di\u0323ch vi\u0300 s\u01b0\u0301c kho\u0309e. Ca\u0301ch truy\u00ea\u0300n \u0111a\u0323t cu\u0309a Emma Pha\u0323m v\u01b0\u0300a duy\u00ean da\u0301ng, v\u01b0\u0300a khe\u0301o le\u0301o v\u01a1\u0301i nh\u01b0\u0303ng th\u00f4ng tin \u0111\u00e2\u0300y \u0111u\u0309, d\u01b0\u0323a tr\u00ean c\u01a1 s\u01a1\u0309 khoa ho\u0323c v\u00ea\u0300 dinh d\u01b0\u01a1\u0303ng, \u0111\u01b0\u01a1\u0323c di\u00ea\u0303n gia\u0309i theo ca\u0301ch d\u00ea\u0303 hi\u00ea\u0309u, gia\u0309i thi\u0301ch kha\u0301ch quan va\u0300 ch\u00e2n th\u00e2\u0323t. N\u00f4\u0323i dung tr\u00ean ca\u0301c trang fanpage, group tha\u0309o lu\u00e2\u0323n va\u0300 k\u00eanh Youtube cu\u0309a Emma Pha\u0323m \u0111\u00ea\u0300u \u0111\u01b0\u01a1\u0323c \u0111\u00e2\u0300u t\u01b0 ki\u0303 l\u01b0\u01a1\u0303ng v\u00ea\u0300 n\u00f4\u0323i dung, hi\u0300nh th\u01b0\u0301c va\u0300 \u0111\u01b0\u01a1\u0323c nhi\u00ea\u0300u ng\u01b0\u01a1\u0300i y\u00eau thi\u0301ch va\u0300 tin t\u01b0\u01a1\u0309ng a\u0301p du\u0323ng.<\/p>\n","protected":false},"excerpt":{"rendered":"<p>Ti\u1ebfp n\u1ed1i th\u00e0nh c\u00f4ng c\u1ee7a cu\u1ed1n s\u00e1ch \u0111\u1ea7u tay Green Smoothies \u2013 cu\u1ed1n s\u00e1ch t\u1eebng \u0111\u1ee9ng \u0111\u1ea7u c\u00e1c b\u1ea3ng x\u1ebfp h\u1ea1ng s\u00e1ch b\u00e1n ch\u1ea1y, top 1 s\u00e1ch l\u00e0m \u0111\u1eb9p \u0111\u01b0\u1ee3c y\u00eau th\u00edch nh\u1ea5t v\u00e0 \u0111\u01b0\u1ee3c t\u00e1i b\u1ea3n ch\u1ec9 sau 1 tu\u1ea7n ph\u00e1t h\u00e0nh, cu\u1ed1n s\u00e1ch ti\u1ebfp theo c\u1ee7a t\u00e1c gi\u1ea3 Emma Ph\u1ea1m s\u1ebd mang \u0111\u1ebfn cho \u0111\u1ed9c gi\u1ea3 nh\u1eefng h\u01b0\u1edbng d\u1eabn thi\u1ebft l\u1eadp ch\u1ebf \u0111\u1ed9 \u0103n Eat Clean \u2013 \u0102n s\u1ea1ch s\u1ed1ng kh\u1ecfe cho ng\u01b0\u1eddi m\u1edbi b\u1eaft \u0111\u1ea7u.<\/p>\n<p>Eat Clean l\u00e0 ph\u01b0\u01a1ng ph\u00e1p \u0103n u\u1ed1ng l\u00e0nh m\u1ea1nh, \u0103n c\u00e1c th\u1ef1c ph\u1ea9m \u00edt qua ch\u1ebf bi\u1ebfn v\u00e0 c\u00e1c th\u1ef1c ph\u1ea9m gi\u00e0u gi\u00e1 tr\u1ecb dinh d\u01b0\u1ee1ng, h\u1ecd bi\u1ebft c\u00e2n b\u1eb1ng l\u1ef1a ch\u1ecdn th\u1ef1c ph\u1ea9m v\u00e0 \u0103n theo m\u1ee5c \u0111\u00edch c\u1ee7a m\u00ecnh. V\u00ec th\u1ebf, ph\u01b0\u01a1ng ph\u00e1p n\u00e0y ch\u00ednh l\u00e0 l\u1ed1i s\u1ed1ng \u0111\u1ec3 ch\u00fang ta duy tr\u00ec ch\u1ee9 kh\u00f4ng ph\u1ea3i ph\u01b0\u01a1ng ph\u00e1p \u0103n ki\u00eang.<\/p>\n<p>Khi b\u1eaft \u0111\u1ea7u t\u00ecm hi\u1ec3u v\u1ec1 Eat clean, b\u1ea1n s\u1ebd g\u1eb7p ph\u1ea3i v\u00f4 s\u1ed1 c\u00e2u h\u1ecfi: \u201cEat Clean l\u00e0 g\u00ec? C\u00f3 ph\u1ea3i \u0103n \u0111\u1ec3 gi\u1ea3m c\u00e2n kh\u00f4ng? Eat Clean l\u00e0 m\u1ed9t ch\u1ebf \u0111\u1ed9 \u0103n ki\u00eang? C\u00f3 ph\u1ea3i ch\u1ec9 \u0111\u01b0\u1ee3c \u0103n \u0111\u1ed3 h\u1ea5p lu\u1ed9c v\u00e0 ki\u00eang gia v\u1ecb? \u0110\u00e2y c\u00f3 ph\u1ea3i l\u00e0 ph\u01b0\u01a1ng ph\u00e1p \u0111\u1eaft \u0111\u1ecf kh\u00f4ng? Eat Clean c\u00f3 d\u00e0nh cho m\u1eb9 nu\u00f4i con nh\u1ecf, m\u1eb9 b\u1ea7u kh\u00f4ng? Ng\u01b0\u1eddi cao tu\u1ed5i th\u00ec c\u00f3 theo ch\u1ebf \u0111\u1ed9 n\u00e0y \u0111\u01b0\u1ee3c kh\u00f4ng?\u201d&#8230; Cu\u1ed1n s\u00e1ch n\u00e0y s\u1ebd gi\u1ea3i \u0111\u00e1p m\u1ecdi c\u00e2u h\u1ecfi th\u1eafc m\u1eafc c\u1ee7a b\u1ea1n v\u1ec1 ch\u1ebf \u0111\u1ed9 \u0103n n\u00e0y v\u00e0 \u0111\u1ed3ng h\u00e0nh c\u00f9ng b\u1ea1n chinh ph\u1ee5c l\u1ed1i s\u1ed1ng \u0103n s\u1ea1ch s\u1ed1ng kh\u1ecfe trong t\u01b0\u01a1ng lai. \u0110i\u1ec1u tuy\u1ec7t v\u1eddi nh\u1ea5t c\u1ee7a ph\u01b0\u01a1ng ph\u00e1p Eat Clean l\u00e0 gi\u00fap r\u1ea5t nhi\u1ec1u ng\u01b0\u1eddi c\u1ea3i thi\u1ec7n t\u00ecnh tr\u1ea1ng b\u1ec7nh l\u00fd, ch\u1eb3ng h\u1ea1n b\u1ec7nh gan nhi\u1ec5m m\u1ee1, b\u1ec7nh d\u1ea1 d\u00e0y, gout, ti\u1ec3u \u0111\u01b0\u1eddng, ung th\u01b0\u2026<\/p>\n<p>V\u1edbi 3 ch\u01b0\u01a1ng, 22 \u0111\u1ec1 m\u1ee5c, cu\u1ed1n s\u00e1ch n\u00e0y s\u1ebd mang \u0111\u1ebfn nh\u1eefng h\u01b0\u1edbng d\u1eabn thi\u1ebft l\u1eadp ch\u1ebf \u0111\u1ed9 \u0103n u\u1ed1ng l\u00e0nh m\u1ea1nh cho ng\u01b0\u1eddi m\u1edbi b\u1eaft \u0111\u1ea7u. Ngo\u00e0i ra, b\u1ea1n s\u1ebd t\u00ecm th\u1ea5y \u1edf cu\u1ed1n s\u00e1ch n\u00e0y: \u0102n g\u00ec trong ng\u00e0y \u0111\u01b0\u1ee3c g\u1ecdi l\u00e0 Eat Clean, H\u01b0\u1edbng d\u1eabn Eat Clean cho c\u1ea3 gia \u0111\u00ecnh, H\u01b0\u1edbng d\u1eabn Eat Clean cho ng\u01b0\u1eddi \u0111i h\u1ecdc \u0111i l\u00e0m, 8 g\u1ee3i \u00fd Eat Clean cho m\u00e2m c\u01a1m nh\u00e0,\u2026<\/p>\n<p>N\u1ebfu cu\u1ed1n s\u00e1ch \u201cGreen Smoothies\u201d l\u00e0 nh\u1eefng chia s\u1ebb n\u0103ng \u0111\u1ed9ng v\u00e0 tr\u1ebb trung v\u1ec1 th\u1ee9c u\u1ed1ng v\u1ea1n ng\u01b0\u1eddi m\u00ea c\u1ee7a c\u1ed9ng \u0111\u1ed3ng Eat Clean &#8211; Sinh t\u1ed1 xanh th\u00ec cu\u1ed1n s\u00e1ch m\u1edbi EAT CLEAN \u2013 \u0102n s\u1ea1ch S\u1ed1ng kh\u1ecfe s\u1ebd l\u00e0 m\u1ed9t phi\u00ean b\u1ea3n ho\u00e0n to\u00e0n kh\u00e1c l\u1ea1 v\u00e0 m\u1edbi m\u1ebb. Cu\u1ed1n s\u00e1ch n\u00e0y \u0111\u00e3 \u0111\u01b0\u1ee3c nghi\u00ean c\u1ee9u v\u00e0 l\u00ean \u00fd t\u01b0\u1edfng \u0111\u1ec3 tr\u1edf th\u00e0nh m\u1ed9t cu\u1ed1n c\u1ea9m nang \u0111\u1ea7y \u0111\u1ee7 nh\u1ea5t v\u1ec1 ph\u01b0\u01a1ng ph\u00e1p \u0103n u\u1ed1ng l\u00e0nh m\u1ea1nh \u0111\u01b0\u1ee3c y\u00eau th\u00edch nh\u1ea5t, g\u1eafn li\u1ec1n v\u1edbi t\u00ean tu\u1ed5i c\u1ee7a Health coach Emma Ph\u1ea1m.<\/p>\n","protected":false},"featured_media":14361,"template":"","meta":{"_acf_changed":false},"product_brand":[],"product_cat":[42],"product_tag":[],"class_list":{"0":"post-14373","1":"product","2":"type-product","3":"status-publish","4":"has-post-thumbnail","6":"product_cat-sach-nau-an-am-thuc","8":"first","9":"outofstock","10":"taxable","11":"shipping-taxable","12":"purchasable","13":"product-type-simple"},"supplier_id":null,"supplier_sku":"","barcode":null,"atum_controlled":true,"out_stock_date":"2021-07-18 18:24:57","out_stock_threshold":null,"inheritable":false,"inbound_stock":0,"stock_on_hold":0,"sold_today":0,"sales_last_days":0,"reserved_stock":0,"customer_returns":0,"warehouse_damage":0,"lost_in_post":0,"other_logs":0,"out_stock_days":1655,"lost_sales":0,"has_location":false,"update_date":"2026-01-28T23:10:55","atum_locations":[],"atum_stock_status":"outofstock","restock_status":false,"low_stock_amount":"","sales_update_date":"2026-01-28T23:10:55","calc_backorders":null,"acf":{"publisher":{"ID":1785,"post_author":"1","post_date":"2021-02-17 01:54:46","post_date_gmt":"2021-02-16 23:54:46","post_content":"<!-- wp:flatsome\/uxbuilder -->\n<h1 style=\"text-align: center;\"><strong>AZ VIETNAM<\/strong><\/h1>\n[row]\n\n[col span=\"8\" span__sm=\"12\"]\n\n<p>Th\u00e0nh l\u1eadp n\u0103m: 2015<br \/>V\u1ed1n \u0111\u1ea7u t\u01b0: 4,000,000,000 \u0111\u1ed3ng<br \/><strong>L\u0129nh v\u1ef1c:<\/strong><br \/>- Xu\u1ea5t b\u1ea3n v\u00e0 ph\u00e1t h\u00e0nh v\u0103n h\u00f3a ph\u1ea9m<br \/>- Cung c\u1ea5p v\u0103n h\u00f3a ph\u1ea9m, c\u00e1c s\u1ea3n ph\u1ea9m cho in \u1ea5n, trang thi\u1ebft b\u1ecb cho c\u00e1c th\u01b0 vi\u1ec7n v\u00e0 trung t\u00e2m s\u00e1ch tr\u00ean c\u1ea3 n\u01b0\u1edbc.<br \/>- Th\u1eddi trang v\u00e0 c\u00e1c s\u1ea3n ph\u1ea9m li\u00ean quan \u0111\u1ebfn l\u0129nh v\u1ef1c th\u1eddi trang<br \/>- Xu\u1ea5t nh\u1eadp kh\u1ea9u c\u00e1c s\u1ea3n ph\u1ea9m v\u0103n h\u00f3a<\/p>\n<p><strong>Quy m\u00f4:<\/strong> 60 nh\u00e2n vi\u00ean<br \/>Kh\u1edfi ngu\u1ed3n c\u1ee7a AZ Vi\u1ec7t Nam ng\u00e0y nay l\u00e0 C\u00f4ng ty TNHH Trung t\u00e2m S\u00e1ch v\u00e0 Thi\u1ebft b\u1ecb Th\u01b0 vi\u1ec7n, v\u1edbi ho\u1ea1t \u0111\u1ed9ng \u0111\u1ea7u ti\u00ean l\u00e0 cung c\u1ea5p s\u00e1ch, trang thi\u1ebft b\u1ecb, v\u0103n h\u00f3a ph\u1ea9m cho c\u00e1c th\u01b0 vi\u1ec7n v\u00e0 trung t\u00e2m s\u00e1ch tr\u00ean c\u1ea3 n\u01b0\u1edbc. T\u1eeb cu\u1ed1i n\u0103m 2010 \u0111\u1ebfn nay, ch\u00fang t\u00f4i \u0111\u00e3 kh\u00f4ng ng\u1eebng n\u1ed7 l\u1ef1c khai ph\u00e1 v\u00e0 ph\u00e1t tri\u1ec3n c\u00e1c d\u00f2ng s\u1ea3n ph\u1ea9m m\u1edbi v\u1edbi 8 th\u01b0\u01a1ng hi\u1ec7u uy t\u00edn. \u0110\u1ec3 \u0111\u00e1p \u1ee9ng nhu c\u1ea7u ph\u00e1t tri\u1ec3n ng\u00e0y m\u1ed9t l\u1edbn m\u1ea1nh v\u00e0 t\u1eadp h\u1ee3p c\u00e1c th\u01b0\u01a1ng hi\u1ec7u \u0111\u00e3 \u0111\u01b0\u1ee3c ch\u00fang t\u00f4i x\u00e2y d\u1ef1ng, 2015 C\u00f4ng ty TNHH AZ Vi\u1ec7t Nam \u0111\u00e3 ra \u0111\u1eddi v\u1edbi s\u1ee9 m\u1ec7nh mang \u0111\u1ebfn nhi\u1ec1u h\u01a1n n\u1eefa nh\u1eefng gi\u00e1 tr\u1ecb tinh th\u1ea7n, tri th\u1ee9c ti\u00ean ti\u1ebfn cho ng\u01b0\u1eddi ti\u00eau d\u00f9ng b\u1eb1ng vi\u1ec7c cung c\u1ea5p nh\u1eefng s\u1ea3n ph\u1ea9m c\u00f3 ch\u1ea5t l\u01b0\u1ee3ng.<\/p>\n\n[\/col]\n[col span=\"4\" span__sm=\"12\"]\n\n[ux_image id=\"1836\" image_size=\"medium\"]\n\n\n[\/col]\n\n[\/row]\n\n<!-- \/wp:flatsome\/uxbuilder -->","post_title":"AZ Vi\u1ec7t Nam","post_excerpt":"","post_status":"publish","comment_status":"closed","ping_status":"closed","post_password":"","post_name":"az-viet-nam","to_ping":"","pinged":"","post_modified":"2021-02-17 22:07:10","post_modified_gmt":"2021-02-17 20:07:10","post_content_filtered":"","post_parent":0,"guid":"https:\/\/sachviet.eu\/nha-phat-hanh\/az-viet-nam\/","menu_order":0,"post_type":"publisher","post_mime_type":"","comment_count":"0","filter":"raw"}},"_links":{"self":[{"href":"https:\/\/sachviet.eu\/en\/wp-json\/wp\/v2\/product\/14373","targetHints":{"allow":["GET"]}}],"collection":[{"href":"https:\/\/sachviet.eu\/en\/wp-json\/wp\/v2\/product"}],"about":[{"href":"https:\/\/sachviet.eu\/en\/wp-json\/wp\/v2\/types\/product"}],"wp:featuredmedia":[{"embeddable":true,"href":"https:\/\/sachviet.eu\/en\/wp-json\/wp\/v2\/media\/14361"}],"wp:attachment":[{"href":"https:\/\/sachviet.eu\/en\/wp-json\/wp\/v2\/media?parent=14373"}],"wp:term":[{"taxonomy":"product_brand","embeddable":true,"href":"https:\/\/sachviet.eu\/en\/wp-json\/wp\/v2\/product_brand?post=14373"},{"taxonomy":"product_cat","embeddable":true,"href":"https:\/\/sachviet.eu\/en\/wp-json\/wp\/v2\/product_cat?post=14373"},{"taxonomy":"product_tag","embeddable":true,"href":"https:\/\/sachviet.eu\/en\/wp-json\/wp\/v2\/product_tag?post=14373"}],"curies":[{"name":"wp","href":"https:\/\/api.w.org\/{rel}","templated":true}]}}