{"id":14360,"date":"2021-07-03T00:14:07","date_gmt":"2021-07-02T21:14:07","guid":{"rendered":"https:\/\/sachviet.eu\/shop\/hoi-uc-chien-tranh-vi-xuyen\/"},"modified":"2022-06-20T00:35:11","modified_gmt":"2022-06-19T21:35:11","slug":"hoi-uc-chien-tranh-vi-xuyen","status":"publish","type":"product","link":"https:\/\/sachviet.eu\/en\/shop\/hoi-uc-chien-tranh-vi-xuyen\/","title":{"rendered":"H\u1ed3i \u1ee9c chi\u1ebfn tranh V\u1ecb Xuy\u00ean"},"content":{"rendered":"<p>Cu\u1ed9c chi\u1ebfn tranh x\u00e2m l\u01b0\u1ee3c Vi\u1ec7t Nam c\u1ee7a Trung Qu\u1ed1c \u0111\u00e3 \u0111\u1ec3 l\u1ea1i nhi\u1ec1u h\u1eadu qu\u1ea3 n\u1eb7ng n\u1ec1 v\u1ec1 v\u1eadt ch\u1ea5t v\u00e0 tinh th\u1ea7n, kh\u1eafc s\u00e2u m\u1ed9t v\u1ebft h\u1eb1n, \u201cm\u1ed9t kh\u00fac quanh\u201d trong l\u1ecbch s\u1eed quan h\u1ec7 l\u00e2u \u0111\u1eddi gi\u1eefa hai n\u01b0\u1edbc l\u00e1ng gi\u1ec1ng \u201cn\u00fai li\u1ec1n n\u00fai, s\u00f4ng li\u1ec1n s\u00f4ng\u201d. N\u1ed7i \u0111au kh\u1ed5 m\u00e0 nh\u00e2n d\u00e2n hai n\u01b0\u1edbc ph\u1ea3i g\u00e1nh ch\u1ecbu trong chi\u1ebfn tranh l\u00e0 b\u00e0i h\u1ecdc x\u01b0\u01a1ng m\u00e1u ph\u1ea3i \u0111\u01b0\u1ee3c nh\u1eadn th\u1ee9c \u0111\u1ea7y \u0111\u1ee7. Trong cu\u1ed9c chi\u1ebfn tranh n\u00e0y, Trung Qu\u1ed1c \u0111\u00e3 g\u00e2y cho nh\u00e2n d\u00e2n Vi\u1ec7t Nam nhi\u1ec1u t\u1ed5n th\u1ea5t v\u1ec1 sinh m\u1ea1ng, t\u00e0i s\u1ea3n v\u00e0 l\u00e0m t\u1ed5n th\u01b0\u01a1ng nghi\u00eam tr\u1ecdng t\u00ecnh h\u1eefu ngh\u1ecb Vi\u1ec7t &#8211; Trung.<\/p>\n<p>C\u00f3 ng\u01b0\u1eddi n\u00f3i r\u1eb1ng: Cu\u1ed9c chi\u1ebfn tranh ph\u00eda B\u1eafc Vi\u1ec7t Nam l\u00e0 m\u1ed9t c\u00e2u chuy\u1ec7n bu\u1ed3n trong l\u1ecbch s\u1eed, m\u1ed9t c\u00e2u chuy\u1ec7n bu\u1ed3n trong quan h\u1ec7 Vi\u1ec7t Nam &#8211; Trung Qu\u1ed1c. D\u1eabu v\u1eady n\u00f3 v\u1eabn l\u00e0 l\u1ecbch s\u1eed. T\u00f4n tr\u1ecdng l\u1ecbch s\u1eed, trung th\u1ef1c v\u1edbi l\u1ecbch s\u1eed kh\u00f4ng c\u00f3 ngh\u0129a l\u00e0 k\u00edch \u0111\u1ed9ng h\u1eadn th\u00f9. L\u1ecbch s\u1eed kh\u00f4ng th\u1ec3 b\u1ecb l\u00e3ng qu\u00ean. Con em ch\u00fang ta c\u1ea7n bi\u1ebft v\u00e0 c\u00f3 quy\u1ec1n bi\u1ebft l\u1ecbch s\u1eed, bi\u1ebft g\u00ec m\u00e0 cha \u00f4ng \u0111\u00e3 l\u00e0m, \u0111\u1ec3 t\u1ef1 h\u00e0o v\u00e0 ti\u1ebfp n\u1ed1i truy\u1ec1n th\u1ed1ng y\u00eau n\u01b0\u1edbc, ch\u1ed1ng ngo\u1ea1i x\u00e2m c\u1ee7a d\u00e2n t\u1ed9c.<\/p>\n<p>Ch\u00fang ta g\u00e1c l\u1ea1i qu\u00e1 kh\u1ee9, h\u01b0\u1edbng t\u1edbi t\u01b0\u01a1ng lai, nh\u01b0ng kh\u00f4ng \u0111\u01b0\u1ee3c qu\u00ean qu\u00e1 kh\u1ee9. Qu\u00ean qu\u00e1 kh\u1ee9 l\u00e0 c\u00f3 t\u1ed9i v\u1edbi l\u1ecbch s\u1eed, c\u00f3 t\u1ed9i v\u1edbi nh\u1eefng ng\u01b0\u1eddi \u0111\u00e3 \u0111\u1ed5 m\u00e1u hy sinh \u0111\u1ec3 b\u1ea3o v\u1ec7 t\u1eebng t\u1ea5c \u0111\u1ea5t thi\u00eang li\u00eang c\u1ee7a T\u1ed5 qu\u1ed1c.<\/p>\n<p>\u0110\u00e2y c\u0169ng l\u00e0 t\u00e2m nguy\u1ec7n c\u1ee7a t\u00e1c gi\u1ea3 \u201cH\u1ed3i \u1ee9c chi\u1ebfn tranh V\u1ecb Xuy\u00ean\u201d. Hy v\u1ecdng cu\u1ed1n s\u00e1ch s\u1ebd mang \u0111\u1ebfn cho b\u1ea1n \u0111\u1ecdc nh\u1eefng t\u01b0 li\u1ec7u, nh\u1eefng th\u00f4ng tin ch\u00e2n th\u1ef1c, b\u1ed5 \u00edch v\u00e0 c\u1ea7n thi\u1ebft.<\/p>\n","protected":false},"excerpt":{"rendered":"<p>Cu\u1ed9c chi\u1ebfn tranh x\u00e2m l\u01b0\u1ee3c Vi\u1ec7t Nam c\u1ee7a Trung Qu\u1ed1c \u0111\u00e3 \u0111\u1ec3 l\u1ea1i nhi\u1ec1u h\u1eadu qu\u1ea3 n\u1eb7ng n\u1ec1 v\u1ec1 v\u1eadt ch\u1ea5t v\u00e0 tinh th\u1ea7n, kh\u1eafc s\u00e2u m\u1ed9t v\u1ebft h\u1eb1n, \u201cm\u1ed9t kh\u00fac quanh\u201d trong l\u1ecbch s\u1eed quan h\u1ec7 l\u00e2u \u0111\u1eddi gi\u1eefa hai n\u01b0\u1edbc l\u00e1ng gi\u1ec1ng \u201cn\u00fai li\u1ec1n n\u00fai, s\u00f4ng li\u1ec1n s\u00f4ng\u201d. N\u1ed7i \u0111au kh\u1ed5 m\u00e0 nh\u00e2n d\u00e2n hai n\u01b0\u1edbc ph\u1ea3i g\u00e1nh ch\u1ecbu trong chi\u1ebfn tranh l\u00e0 b\u00e0i h\u1ecdc x\u01b0\u01a1ng m\u00e1u ph\u1ea3i \u0111\u01b0\u1ee3c nh\u1eadn th\u1ee9c \u0111\u1ea7y \u0111\u1ee7. Trong cu\u1ed9c chi\u1ebfn tranh n\u00e0y, Trung Qu\u1ed1c \u0111\u00e3 g\u00e2y cho nh\u00e2n d\u00e2n Vi\u1ec7t Nam nhi\u1ec1u t\u1ed5n th\u1ea5t v\u1ec1 sinh m\u1ea1ng, t\u00e0i s\u1ea3n v\u00e0 l\u00e0m t\u1ed5n th\u01b0\u01a1ng nghi\u00eam tr\u1ecdng t\u00ecnh h\u1eefu ngh\u1ecb Vi\u1ec7t &#8211; Trung.<\/p>\n<p>C\u00f3 ng\u01b0\u1eddi n\u00f3i r\u1eb1ng: Cu\u1ed9c chi\u1ebfn tranh ph\u00eda B\u1eafc Vi\u1ec7t Nam l\u00e0 m\u1ed9t c\u00e2u chuy\u1ec7n bu\u1ed3n trong l\u1ecbch s\u1eed, m\u1ed9t c\u00e2u chuy\u1ec7n bu\u1ed3n trong quan h\u1ec7 Vi\u1ec7t Nam &#8211; Trung Qu\u1ed1c. D\u1eabu v\u1eady n\u00f3 v\u1eabn l\u00e0 l\u1ecbch s\u1eed. T\u00f4n tr\u1ecdng l\u1ecbch s\u1eed, trung th\u1ef1c v\u1edbi l\u1ecbch s\u1eed kh\u00f4ng c\u00f3 ngh\u0129a l\u00e0 k\u00edch \u0111\u1ed9ng h\u1eadn th\u00f9. L\u1ecbch s\u1eed kh\u00f4ng th\u1ec3 b\u1ecb l\u00e3ng qu\u00ean. Con em ch\u00fang ta c\u1ea7n bi\u1ebft v\u00e0 c\u00f3 quy\u1ec1n bi\u1ebft l\u1ecbch s\u1eed, bi\u1ebft g\u00ec m\u00e0 cha \u00f4ng \u0111\u00e3 l\u00e0m, \u0111\u1ec3 t\u1ef1 h\u00e0o v\u00e0 ti\u1ebfp n\u1ed1i truy\u1ec1n th\u1ed1ng y\u00eau n\u01b0\u1edbc, ch\u1ed1ng ngo\u1ea1i x\u00e2m c\u1ee7a d\u00e2n t\u1ed9c.<\/p>\n<p>Ch\u00fang ta g\u00e1c l\u1ea1i qu\u00e1 kh\u1ee9, h\u01b0\u1edbng t\u1edbi t\u01b0\u01a1ng lai, nh\u01b0ng kh\u00f4ng \u0111\u01b0\u1ee3c qu\u00ean qu\u00e1 kh\u1ee9. Qu\u00ean qu\u00e1 kh\u1ee9 l\u00e0 c\u00f3 t\u1ed9i v\u1edbi l\u1ecbch s\u1eed, c\u00f3 t\u1ed9i v\u1edbi nh\u1eefng ng\u01b0\u1eddi \u0111\u00e3 \u0111\u1ed5 m\u00e1u hy sinh \u0111\u1ec3 b\u1ea3o v\u1ec7 t\u1eebng t\u1ea5c \u0111\u1ea5t thi\u00eang li\u00eang c\u1ee7a T\u1ed5 qu\u1ed1c.<\/p>\n<p>\u0110\u00e2y c\u0169ng l\u00e0 t\u00e2m nguy\u1ec7n c\u1ee7a t\u00e1c gi\u1ea3 \u201cH\u1ed3i \u1ee9c chi\u1ebfn tranh V\u1ecb Xuy\u00ean\u201d. Hy v\u1ecdng cu\u1ed1n s\u00e1ch s\u1ebd mang \u0111\u1ebfn cho b\u1ea1n \u0111\u1ecdc nh\u1eefng t\u01b0 li\u1ec7u, nh\u1eefng th\u00f4ng tin ch\u00e2n th\u1ef1c, b\u1ed5 \u00edch v\u00e0 c\u1ea7n thi\u1ebft.<\/p>\n","protected":false},"featured_media":14358,"template":"","meta":{"_acf_changed":false},"product_brand":[],"product_cat":[18],"product_tag":[],"class_list":{"0":"post-14360","1":"product","2":"type-product","3":"status-publish","4":"has-post-thumbnail","6":"product_cat-kinh-te","8":"first","9":"outofstock","10":"taxable","11":"shipping-taxable","12":"purchasable","13":"product-type-simple"},"supplier_id":null,"supplier_sku":"","barcode":null,"atum_controlled":true,"out_stock_date":"2022-06-19 18:35:11","out_stock_threshold":null,"inheritable":false,"inbound_stock":0,"stock_on_hold":0,"sold_today":0,"sales_last_days":0,"reserved_stock":0,"customer_returns":0,"warehouse_damage":0,"lost_in_post":0,"other_logs":0,"out_stock_days":1319,"lost_sales":0,"has_location":false,"update_date":"2026-01-28T23:10:55","atum_locations":[],"atum_stock_status":"outofstock","restock_status":false,"low_stock_amount":"","sales_update_date":"2026-01-28T23:10:55","calc_backorders":null,"acf":{"publisher":{"ID":14357,"post_author":"1","post_date":"2021-07-03 00:14:01","post_date_gmt":"2021-07-02 21:14:01","post_content":"","post_title":"Th\u00f4ng tin v\u00e0 Truy\u1ec1n th\u00f4ng","post_excerpt":"","post_status":"publish","comment_status":"closed","ping_status":"closed","post_password":"","post_name":"thong-tin-va-truyen-thong","to_ping":"","pinged":"","post_modified":"2021-07-03 00:14:01","post_modified_gmt":"2021-07-02 21:14:01","post_content_filtered":"","post_parent":0,"guid":"https:\/\/sachviet.eu\/nha-phat-hanh\/thong-tin-va-truyen-thong\/","menu_order":0,"post_type":"publisher","post_mime_type":"","comment_count":"0","filter":"raw"}},"_links":{"self":[{"href":"https:\/\/sachviet.eu\/en\/wp-json\/wp\/v2\/product\/14360","targetHints":{"allow":["GET"]}}],"collection":[{"href":"https:\/\/sachviet.eu\/en\/wp-json\/wp\/v2\/product"}],"about":[{"href":"https:\/\/sachviet.eu\/en\/wp-json\/wp\/v2\/types\/product"}],"wp:featuredmedia":[{"embeddable":true,"href":"https:\/\/sachviet.eu\/en\/wp-json\/wp\/v2\/media\/14358"}],"wp:attachment":[{"href":"https:\/\/sachviet.eu\/en\/wp-json\/wp\/v2\/media?parent=14360"}],"wp:term":[{"taxonomy":"product_brand","embeddable":true,"href":"https:\/\/sachviet.eu\/en\/wp-json\/wp\/v2\/product_brand?post=14360"},{"taxonomy":"product_cat","embeddable":true,"href":"https:\/\/sachviet.eu\/en\/wp-json\/wp\/v2\/product_cat?post=14360"},{"taxonomy":"product_tag","embeddable":true,"href":"https:\/\/sachviet.eu\/en\/wp-json\/wp\/v2\/product_tag?post=14360"}],"curies":[{"name":"wp","href":"https:\/\/api.w.org\/{rel}","templated":true}]}}