{"id":14356,"date":"2021-07-03T00:13:58","date_gmt":"2021-07-02T21:13:58","guid":{"rendered":"https:\/\/sachviet.eu\/shop\/plato-va-con-thu-mo-vit-buoc-vao-quan-bar-tai-ban-2018\/"},"modified":"2023-04-15T19:52:21","modified_gmt":"2023-04-15T16:52:21","slug":"plato-va-con-thu-mo-vit-buoc-vao-quan-bar-tai-ban-2018","status":"publish","type":"product","link":"https:\/\/sachviet.eu\/en\/shop\/plato-va-con-thu-mo-vit-buoc-vao-quan-bar-tai-ban-2018\/","title":{"rendered":"Plato V\u00e0 Con Th\u00fa M\u1ecf V\u1ecbt B\u01b0\u1edbc V\u00e0o Qu\u00e1n Bar (T\u00e1i B\u1ea3n 2018 )"},"content":{"rendered":"<p>S\u00e1ng t\u1ea1o th\u00eam b\u00ean c\u1ea1nh TRI\u1ebeT H\u1eccC m\u1ed9t kh\u00e1i ni\u1ec7m m\u1edbi: TI\u1ebeU H\u1eccC, Thomas Cathcart v\u00e0 Daniel Klein \u0111\u00e3 m\u1edf r\u1ed9ng c\u00e1nh c\u1eeda \u0111\u1ec3 \u00e1nh s\u00e1ng c\u1ee7a r\u1eebng c\u01b0\u1eddi tr\u00e0n v\u00e0o ng\u00f4i \u0111\u1ec1n tri\u1ebft h\u1ecdc. PLATO V\u00c0 CON TH\u00da M\u1ece V\u1ecaT B\u01af\u1edaC V\u00c0O QU\u00c1N BAR&#8230; d\u1eabn d\u1eaft ng\u01b0\u1eddi \u0111\u1ecdc v\u00e0o cu\u1ed9c du h\u00e0nh vui v\u1ebb v\u00e0 h\u00e0i h\u01b0\u1edbc, qua truy\u1ec7n c\u01b0\u1eddi \u0111\u1ec3 hi\u1ec3u l\u1ecbch s\u1eed tri\u1ebft h\u1ecdc c\u1ed5 kim, \u0111\u01b0a ra nh\u1eefng c\u00e2u tr\u1ea3 l\u1eddi \u0111\u01a1n gi\u1ea3n \u0111\u1ebfn b\u1ea5t ng\u1edd cho nh\u1eefng ai mu\u1ed1n \u0111i s\u00e2u v\u00e0o b\u1ea3n ch\u1ea5t C\u00e1c C\u00e2u H\u1ecfi L\u1edbn m\u00e0 kh\u00f4ng b\u1ecb ch\u00ecm ngh\u1ec9m trong l\u00fd lu\u1eadn h\u00e0n l\u00e2m.<\/p>\n<p>T\u1eeb \u0111\u00e2y, c\u00e1c nh\u00e0 t\u01b0 t\u01b0\u1edfng l\u1edbn t\u1eeb c\u1ed5 ch\u00ed kim nh\u01b0 Aristotle, Plato, Descartes Kant, Hegel, Wittgenstein, Sartre&#8230; v\u1edbi ta kh\u00f4ng c\u00f2n qu\u00e1 xa c\u00e1ch; si\u00eau h\u00ecnh h\u1ecdc, si\u00eau tri\u1ebft h\u1ecdc, nh\u1eadn th\u1ee9c lu\u1eadn, tri\u1ebft h\u1ecdc t\u00f4n gi\u00e1o hay \u0111\u1ea1o \u0111\u1ee9c h\u1ecdc\u2026 v\u1edbi ta kh\u00f4ng c\u00f2n n\u1eb1m ngo\u00e0i t\u1ea7m hi\u1ec3u.<\/p>\n<p>Nh\u1eadn \u0111\u1ecbnh:<\/p>\n<p>\u201cKh\u00f4ng d\u1ec5 t\u00ecm \u0111\u01b0\u1ee3c m\u00f3n qu\u00e0 ho\u00e0n h\u1ea3o cho nh\u1eefng ng\u01b0\u1eddi m\u00e0 ch\u00fang ta y\u00eau m\u1ebfn\u2026Th\u1eadt t\u00ecnh c\u1edd v\u00ec t\u00f4i c\u00f3 tr\u00ean tay Plato v\u00e0 con r\u00e1i m\u1ecf v\u1ecbt b\u01b0\u1edbc v\u00e0o qu\u00e1n bar\u2026 S\u1ebd x\u1ea3y \u0111i\u1ec1u g\u00ec, n\u1ebfu pha tr\u1ed9n truy\u1ec7n c\u01b0\u1eddi, nh\u1eefng ch\u00e2m bi\u1ebfm s\u00e2u s\u1eafc v\u00e0 h\u00e0i h\u01b0\u1edbc v\u00e0o c\u00e1c b\u00e0i h\u1ecdc l\u1edbn c\u1ee7a \u0111\u1eddi s\u1ed1ng? B\u1ea1n \u0111\u01b0\u1ee3c \u0111\u1ecdc m\u1ed9t cu\u1ed1n s\u00e1ch th\u1eadt hay v\u00e0 b\u1ea1n mu\u1ed1n chia s\u1ebb n\u00f3 v\u1edbi c\u00e0ng nhi\u1ec1u ng\u01b0\u1eddi c\u00e0ng t\u1ed1t. Khi n\u00f3 kh\u00f4ng thu\u1ea7n t\u00fay l\u00e0 truy\u1ec7n c\u01b0\u1eddi!\u201d- Orlando Stinel<\/p>\n<p>&#8220;Th\u1ebf gi\u1edbi n\u00e0y d\u00f9 tuy\u1ec7t di\u1ec7u \u0111\u1ebfn \u0111\u00e2u,ch\u00fang ta c\u0169ng ch\u1ec9 gh\u00e9 qua trong chuy\u1ebfn th\u0103m ng\u1eafn ng\u1ee7i.Nh\u01b0ng ng\u1eafn ng\u1ee7i so v\u1edbi g\u00ec? V\u1edbi v\u0129nh h\u1eb1ng \u01b0?&#8221;- Thomas Cathcart v\u00e0 Daniel Klein (V\u1ec1 V\u00f4 T\u1eadn v\u00e0 V\u0129nh H\u1eb1ng)<\/p>\n<p>\u201cPlato v\u00e0 con r\u00e1i m\u1ecf v\u1ecbt b\u01b0\u1edbc v\u00e0o m\u1ed9t qu\u00e1n bar\u2026 L\u0129nh h\u1ed9i tri\u1ebft h\u1ecdc th\u00f4ng qua truy\u1ec7n c\u01b0\u1eddi, c\u1ee7a Thomas Cathcart v\u00e0 Daniel Klein l\u00e0 cu\u1ed1n s\u00e1ch th\u1eadt sinh \u0111\u1ed9ng.\u201d &#8211; Chicago Sun-Times<\/p>\n","protected":false},"excerpt":{"rendered":"<p>S\u00e1ng t\u1ea1o th\u00eam b\u00ean c\u1ea1nh TRI\u1ebeT H\u1eccC m\u1ed9t kh\u00e1i ni\u1ec7m m\u1edbi: TI\u1ebeU H\u1eccC, Thomas Cathcart v\u00e0 Daniel Klein \u0111\u00e3 m\u1edf r\u1ed9ng c\u00e1nh c\u1eeda \u0111\u1ec3 \u00e1nh s\u00e1ng c\u1ee7a r\u1eebng c\u01b0\u1eddi tr\u00e0n v\u00e0o ng\u00f4i \u0111\u1ec1n tri\u1ebft h\u1ecdc. PLATO V\u00c0 CON TH\u00da M\u1ece V\u1ecaT B\u01af\u1edaC V\u00c0O QU\u00c1N BAR&#8230; d\u1eabn d\u1eaft ng\u01b0\u1eddi \u0111\u1ecdc v\u00e0o cu\u1ed9c du h\u00e0nh vui v\u1ebb v\u00e0 h\u00e0i h\u01b0\u1edbc, qua truy\u1ec7n c\u01b0\u1eddi \u0111\u1ec3 hi\u1ec3u l\u1ecbch s\u1eed tri\u1ebft h\u1ecdc c\u1ed5 kim, \u0111\u01b0a ra nh\u1eefng c\u00e2u tr\u1ea3 l\u1eddi \u0111\u01a1n gi\u1ea3n \u0111\u1ebfn b\u1ea5t ng\u1edd cho nh\u1eefng ai mu\u1ed1n \u0111i s\u00e2u v\u00e0o b\u1ea3n ch\u1ea5t C\u00e1c C\u00e2u H\u1ecfi L\u1edbn m\u00e0 kh\u00f4ng b\u1ecb ch\u00ecm ngh\u1ec9m trong l\u00fd lu\u1eadn h\u00e0n l\u00e2m.<\/p>\n<p>T\u1eeb \u0111\u00e2y, c\u00e1c nh\u00e0 t\u01b0 t\u01b0\u1edfng l\u1edbn t\u1eeb c\u1ed5 ch\u00ed kim nh\u01b0 Aristotle, Plato, Descartes Kant, Hegel, Wittgenstein, Sartre&#8230; v\u1edbi ta kh\u00f4ng c\u00f2n qu\u00e1 xa c\u00e1ch; si\u00eau h\u00ecnh h\u1ecdc, si\u00eau tri\u1ebft h\u1ecdc, nh\u1eadn th\u1ee9c lu\u1eadn, tri\u1ebft h\u1ecdc t\u00f4n gi\u00e1o hay \u0111\u1ea1o \u0111\u1ee9c h\u1ecdc\u2026 v\u1edbi ta kh\u00f4ng c\u00f2n n\u1eb1m ngo\u00e0i t\u1ea7m hi\u1ec3u.<\/p>\n<p>Nh\u1eadn \u0111\u1ecbnh:<\/p>\n<p>\u201cKh\u00f4ng d\u1ec5 t\u00ecm \u0111\u01b0\u1ee3c m\u00f3n qu\u00e0 ho\u00e0n h\u1ea3o cho nh\u1eefng ng\u01b0\u1eddi m\u00e0 ch\u00fang ta y\u00eau m\u1ebfn\u2026Th\u1eadt t\u00ecnh c\u1edd v\u00ec t\u00f4i c\u00f3 tr\u00ean tay Plato v\u00e0 con r\u00e1i m\u1ecf v\u1ecbt b\u01b0\u1edbc v\u00e0o qu\u00e1n bar\u2026 S\u1ebd x\u1ea3y \u0111i\u1ec1u g\u00ec, n\u1ebfu pha tr\u1ed9n truy\u1ec7n c\u01b0\u1eddi, nh\u1eefng ch\u00e2m bi\u1ebfm s\u00e2u s\u1eafc v\u00e0 h\u00e0i h\u01b0\u1edbc v\u00e0o c\u00e1c b\u00e0i h\u1ecdc l\u1edbn c\u1ee7a \u0111\u1eddi s\u1ed1ng? B\u1ea1n \u0111\u01b0\u1ee3c \u0111\u1ecdc m\u1ed9t cu\u1ed1n s\u00e1ch th\u1eadt hay v\u00e0 b\u1ea1n mu\u1ed1n chia s\u1ebb n\u00f3 v\u1edbi c\u00e0ng nhi\u1ec1u ng\u01b0\u1eddi c\u00e0ng t\u1ed1t. Khi n\u00f3 kh\u00f4ng thu\u1ea7n t\u00fay l\u00e0 truy\u1ec7n c\u01b0\u1eddi!\u201d- Orlando Stinel<\/p>\n<p>&#8220;Th\u1ebf gi\u1edbi n\u00e0y d\u00f9 tuy\u1ec7t di\u1ec7u \u0111\u1ebfn \u0111\u00e2u,ch\u00fang ta c\u0169ng ch\u1ec9 gh\u00e9 qua trong chuy\u1ebfn th\u0103m ng\u1eafn ng\u1ee7i.Nh\u01b0ng ng\u1eafn ng\u1ee7i so v\u1edbi g\u00ec? V\u1edbi v\u0129nh h\u1eb1ng \u01b0?&#8221;- Thomas Cathcart v\u00e0 Daniel Klein (V\u1ec1 V\u00f4 T\u1eadn v\u00e0 V\u0129nh H\u1eb1ng)<\/p>\n<p>\u201cPlato v\u00e0 con r\u00e1i m\u1ecf v\u1ecbt b\u01b0\u1edbc v\u00e0o m\u1ed9t qu\u00e1n bar\u2026 L\u0129nh h\u1ed9i tri\u1ebft h\u1ecdc th\u00f4ng qua truy\u1ec7n c\u01b0\u1eddi, c\u1ee7a Thomas Cathcart v\u00e0 Daniel Klein l\u00e0 cu\u1ed1n s\u00e1ch th\u1eadt sinh \u0111\u1ed9ng.\u201d &#8211; Chicago Sun-Times<\/p>\n","protected":false},"featured_media":14346,"template":"","meta":{"_acf_changed":false},"product_brand":[],"product_cat":[15,47],"product_tag":[],"class_list":{"0":"post-14356","1":"product","2":"type-product","3":"status-publish","4":"has-post-thumbnail","6":"product_cat-sach-danh-cho-nguoi-lon","7":"product_cat-truyen-ngan-tan-van","9":"first","10":"outofstock","11":"taxable","12":"shipping-taxable","13":"purchasable","14":"product-type-simple"},"supplier_id":null,"supplier_sku":"","barcode":null,"atum_controlled":true,"out_stock_date":"2023-04-15 16:52:21","out_stock_threshold":null,"inheritable":false,"inbound_stock":0,"stock_on_hold":0,"sold_today":0,"sales_last_days":0,"reserved_stock":0,"customer_returns":0,"warehouse_damage":0,"lost_in_post":0,"other_logs":0,"out_stock_days":1019,"lost_sales":0,"has_location":false,"update_date":"2026-01-28T23:10:55","atum_locations":[],"atum_stock_status":"outofstock","restock_status":false,"low_stock_amount":"","sales_update_date":"2026-01-28T23:10:55","calc_backorders":null,"acf":{"publisher":{"ID":1424,"post_author":"1","post_date":"2021-02-17 00:02:29","post_date_gmt":"2021-02-16 22:02:29","post_content":"<!-- wp:flatsome\/uxbuilder -->\n<h1 style=\"text-align: center\"><strong>Nh\u00e3 Nam<\/strong><\/h1>\n[row]\n\n[col span=\"6\" span__sm=\"12\"]\n\n[ux_image id=\"1438\" image_size=\"medium\"]\n\n\n[\/col]\n[col span=\"6\" span__sm=\"12\"]\n\n<p><strong>C\u00f4ng ty c\u1ed5 ph\u1ea7n V\u0103n h\u00f3a v\u00e0 Truy\u1ec1n th\u00f4ng Nh\u00e3 Nam<\/strong><\/p>\n<p>Th\u00e1ng 2 n\u0103m 2005, Nh\u00e3 Nam, t\u00ean \u0111\u1ea7y \u0111\u1ee7 l\u00e0 C\u00f4ng ty C\u1ed5 ph\u1ea7n V\u0103n h\u00f3a v\u00e0 Truy\u1ec1n th\u00f4ng Nh\u00e3 Nam \u0111\u00e3 gia nh\u1eadp th\u1ecb tr\u01b0\u1eddng s\u00e1ch. T\u00e1c ph\u1ea9m \"Balzac v\u00e0 c\u00f4 b\u00e9 th\u1ee3 may Trung hoa\" c\u1ee7a \u0110\u1edbi T\u01b0 Ki\u1ec7t l\u00e0 cu\u1ed1n s\u00e1ch \u0111\u1ea7u ti\u00ean \u0111\u01b0\u1ee3c nh\u1eefng ng\u01b0\u1eddi s\u00e1ng l\u1eadp Nh\u00e3 Nam xu\u1ea5t b\u1ea3n c\u1ea3 tr\u01b0\u1edbc khi c\u00f4ng ty ra \u0111\u1eddi. Ngay l\u1eadp t\u1ee9c t\u1eeb cu\u1ed1n s\u00e1ch \u0111\u1ea7u ti\u00ean, \u0111\u1ed9c gi\u1ea3 \u0111\u00e3 d\u00e0nh s\u1ef1 quan t\u00e2m v\u00e0 y\u00eau m\u1ebfn cho m\u1ed9t th\u01b0\u01a1ng hi\u1ec7u s\u00e1ch m\u1edbi m\u1ebb mang trong m\u00ecnh kh\u00e1t v\u1ecdng g\u00f3p ph\u1ea7n t\u1ea1o l\u1eadp di\u1ec7n m\u1ea1o m\u1edbi cho xu\u1ea5t b\u1ea3n v\u0103n h\u1ecdc t\u1ea1i Vi\u1ec7t Nam.<\/p>\n<p>L\u00f2ng say m\u00ea c\u1ee7a \u0111\u1ed9i ng\u0169 l\u00e0 vi\u00ean \u0111\u00e1 \u0111\u1ea7u ti\u00ean. Tr\u1ea3i qua m\u1ea5y n\u0103m ph\u00e1t tri\u1ec3n, Nh\u00e3 Nam \u0111\u00e3 \u0111\u01b0\u1ee3c x\u00e2y d\u1ef1ng d\u1ea7n l\u00ean trong di\u1ec7n m\u1ea1o m\u1ed9t nh\u00e0 xu\u1ea5t b\u1ea3n v\u1eefng ch\u00e3i v\u00e0 chuy\u00ean nghi\u1ec7p. S\u00e1u th\u00e1ng sau khi th\u00e0nh l\u1eadp c\u00f4ng ty, Nh\u1eadt k\u00fd \u0110\u1eb7ng Th\u00f9y Tr\u00e2m ra \u0111\u1eddi, t\u1ea1o n\u00ean m\u1ed9t c\u01a1n s\u1ed1t trong x\u00e3 h\u1ed9i, v\u1edbi g\u1ea7n 500,000 b\u1ea3n s\u00e1ch \u0111\u01b0\u1ee3c ph\u00e1t h\u00e0nh, ph\u00e1 m\u1ecdi k\u1ef7 l\u1ee5c v\u1ec1 xu\u1ea5t b\u1ea3n tr\u01b0\u1edbc \u0111\u00f3, k\u00e9o theo m\u1ed9t lo\u1ea1t nh\u1eefng hi\u1ec7u \u1ee9ng x\u00e3 h\u1ed9i v\u00e0 d\u01b0 lu\u1eadn c\u00f3 \u00fd ngh\u0129a. T\u1eeb \u0111\u00f3 tr\u1edf \u0111i, th\u00f4ng qua Nh\u00e3 Nam, c\u00e1c cu\u1ed1n s\u00e1ch v\u0103n h\u1ecdc n\u01b0\u1edbc ngo\u00e0i c\u00f3 gi\u00e1 tr\u1ecb \u0111\u01b0\u1ee3c li\u00ean t\u1ee5c mua b\u1ea3n quy\u1ec1n v\u00e0 xu\u1ea5t b\u1ea3n t\u1ea1i Vi\u1ec7t Nam, thu h\u00fat nhi\u1ec1u t\u1ea7ng l\u1edbp \u0111\u1ed9c gi\u1ea3. S\u00e1ch c\u1ee7a Nh\u00e3 Nam n\u1ed5i b\u1eadt b\u1edfi n\u1ed9i dung v\u0103n h\u1ecdc tinh t\u1ebf, b\u1edfi v\u1ebb \u0111\u1eb9p c\u1ee7a thi\u1ebft k\u1ebf hi\u1ec7n \u0111\u1ea1i \u1edf h\u00ecnh th\u1ee9c, b\u1edfi s\u1ef1 ch\u0103m ch\u00fat k\u1ef9 l\u01b0\u1ee1ng cho m\u1ed7i cu\u1ed1n s\u00e1ch nh\u01b0 m\u1ed9t con thuy\u1ec1n mang t\u1edbi ni\u1ec1m vui, tri th\u1ee9c, ng\u1ea1c nhi\u00ean, v\u00e0 \u0111\u1ed3ng c\u1ea3m.<\/p>\n\n[\/col]\n\n[\/row]\n<p style=\"text-align: left\">Hi\u1ec3u th\u1eddi \u0111\u1ea1i \u0111ang s\u1ed1ng th\u00f4ng qua s\u00e1ch, song h\u00e0nh v\u1edbi nh\u1eefng bi\u1ebfn chuy\u1ec3n s\u00e2u s\u1eafc trong l\u00f2ng x\u00e3 h\u1ed9i b\u1eb1ng nh\u1eefng ho\u1ea1t \u0111\u1ed9ng xu\u1ea5t b\u1ea3n mi\u1ec7t m\u00e0i v\u00e0 qu\u1ea3 c\u1ea3m, con \u0111\u01b0\u1eddng Nh\u00e3 Nam \u0111\u00e3 ch\u1ecdn \u0111\u1ec3 \u0111i s\u1ebd c\u00f2n d\u00e0i. Nhi\u1ec1u kh\u00f3 kh\u0103n, th\u1eed th\u00e1ch \u0111ang \u1edf ph\u00eda tr\u01b0\u1edbc. B\u01b0\u1edbc qua th\u1eddi k\u1ef3 s\u01a1 khai v\u1edbi nh\u1eefng b\u00e0i h\u1ecdc v\u00e0 nh\u1eefng kinh nghi\u1ec7m \u0111\u1ea7u ti\u00ean, Nh\u00e3 Nam gi\u1edd \u0111\u00e3 s\u1eb5n s\u00e0ng cho m\u1ed9t ch\u1eb7ng \u0111\u01b0\u1eddng ph\u00e1t tri\u1ec3n m\u1edbi. V\u00e0 ch\u00fang t\u00f4i mu\u1ed1n ho\u00e0n thi\u1ec7n m\u00ecnh trong s\u1ef1 c\u1ea7u th\u1ecb v\u00e0 c\u1ea9n tr\u1ecdng. T\u1ea5t c\u1ea3 v\u00ec m\u1ed9t gia s\u1ea3n s\u00e1ch to l\u1edbn, c\u00f3 s\u1ee9c s\u1ed1ng d\u00e0i l\u00e2u, c\u00f3 \u00fd ngh\u0129a v\u1edbi nhi\u1ec1u th\u1ebf h\u1ec7 b\u1ea1n \u0111\u1ecdc.<br \/>B\u1edfi v\u00ec s\u00e1ch l\u00e0 th\u1ebf gi\u1edbi.<\/p>\n<p><strong>\u0110\u00e2y l\u00e0 m\u1ed9t nh\u00e0 ph\u00e1t h\u00e0nh s\u00e1ch m\u00e0 SACHVIET.EU r\u1ea5t y\u00eau th\u00edch v\u00e0 tin t\u01b0\u1edfng. Nh\u00ecn \u0111\u01b0\u1ee3c t\u1ea7m \u1ea3nh h\u01b0\u1edfng c\u1ee7a Nh\u00e3 Nam qua t\u1eebng cu\u1ed1n s\u00e1ch, SACHVIET.EU li\u00ean h\u1ec7 h\u1ee3p t\u00e1c ngay v\u1edbi Nh\u00e3 Nam \u0111\u1ec3 \u0111em to\u00e0n b\u1ed9 nh\u1eefng t\u00e1c ph\u1ea9m m\u1edbi, hay nh\u1ea5t m\u00e0 Nh\u00e3 Nam c\u00f3 sang Ch\u00e2u \u00c2u, \u0111\u01b0a \u0111\u1ebfn cho \u0111\u1ed9c gi\u1ea3 c\u00f3 nhi\u1ec1u s\u1ef1 l\u1ef1a ch\u1ecdn phong ph\u00fa h\u01a1n c\u1ea3 s\u00e1ch cho tr\u1ebb em l\u1eabn ng\u01b0\u1eddi l\u1edbn.\u00a0<\/strong><\/p>\n\n<!-- \/wp:flatsome\/uxbuilder -->","post_title":"Nh\u00e3 Nam","post_excerpt":"","post_status":"publish","comment_status":"closed","ping_status":"closed","post_password":"","post_name":"nha-nam","to_ping":"","pinged":"","post_modified":"2022-12-19 23:15:33","post_modified_gmt":"2022-12-19 21:15:33","post_content_filtered":"","post_parent":0,"guid":"https:\/\/sachviet.eu\/?post_type=publisher&#038;p=1424","menu_order":0,"post_type":"publisher","post_mime_type":"","comment_count":"0","filter":"raw"}},"_links":{"self":[{"href":"https:\/\/sachviet.eu\/en\/wp-json\/wp\/v2\/product\/14356","targetHints":{"allow":["GET"]}}],"collection":[{"href":"https:\/\/sachviet.eu\/en\/wp-json\/wp\/v2\/product"}],"about":[{"href":"https:\/\/sachviet.eu\/en\/wp-json\/wp\/v2\/types\/product"}],"wp:featuredmedia":[{"embeddable":true,"href":"https:\/\/sachviet.eu\/en\/wp-json\/wp\/v2\/media\/14346"}],"wp:attachment":[{"href":"https:\/\/sachviet.eu\/en\/wp-json\/wp\/v2\/media?parent=14356"}],"wp:term":[{"taxonomy":"product_brand","embeddable":true,"href":"https:\/\/sachviet.eu\/en\/wp-json\/wp\/v2\/product_brand?post=14356"},{"taxonomy":"product_cat","embeddable":true,"href":"https:\/\/sachviet.eu\/en\/wp-json\/wp\/v2\/product_cat?post=14356"},{"taxonomy":"product_tag","embeddable":true,"href":"https:\/\/sachviet.eu\/en\/wp-json\/wp\/v2\/product_tag?post=14356"}],"curies":[{"name":"wp","href":"https:\/\/api.w.org\/{rel}","templated":true}]}}